{"id":1259,"date":"2025-11-21T14:54:33","date_gmt":"2025-11-21T13:54:33","guid":{"rendered":"https:\/\/herbow.eu\/?post_type=product&#038;p=1259"},"modified":"2026-03-17T10:58:47","modified_gmt":"2026-03-17T09:58:47","slug":"herbow-3-u-1-parfem-za-rublje-shining-sun-200-ml","status":"publish","type":"product","link":"https:\/\/herbow.eu\/hr\/product\/herbow-3in1-mosoparfum-ragyogo-nap-200-ml\/","title":{"rendered":"Herbow 3u1 parfem za pranje rublja Bright Sun"},"content":{"rendered":"<div>Miris 'Ragyog\u00f3 Nap' priziva toplinu ljetnog sunca i svje\u017einu prirode. Slatka, vo\u0107na aroma manga i prirodni miris svje\u017ee poko\u0161ene trave skladno se stapaju s nje\u017enom cvjetnom bazom. Ovaj miris je istovremeno veseli, topao i svje\u017e, ba\u0161 poput sun\u010danog jutra kada se svaki pokret \u010dini lak\u0161im. Herbow 3in1 parfemi za rublje nova su generacija proizvoda za njegu tkanina koji u jednoj formuli kombiniraju snagu prirode s modernom tehnologijom. Njihova inovativna HerbTech 3in1 formula kombinira u\u010dinke mirisa za rublje, osvje\u017eiva\u010da i omek\u0161iva\u010da tkanine, tako da odje\u0107a ne samo da du\u017ee ostaje mirisna, ve\u0107 ostaje i mekana, laka za rukovanje i ugodna na dodir.<\/div>\n<div><\/div>\n<div><\/div>\n<div>Nje\u017eni sastojci biljnog podrijetla brinu o va\u0161im tkaninama i istovremeno \u010duvaju njihovu prirodnu sposobnost upijanja. Nakon svakog pranja odje\u0107a ostaje svje\u017eeg, prirodnog mirisa i trajne meko\u0107e \u2013 bez o\u0161te\u0107enja ko\u017ee ili okoli\u0161a. Herbow 3in1 parfem za rublje jednostavno je, promi\u0161ljeno i u\u010dinkovito rje\u0161enje za one koji tra\u017ee prirodnu \u010disto\u0107u bez kompromisa.<\/div>\n<div><\/div>\n<div><\/div>\n<div>Miris 'Ragyog\u00f3 Nap' ostaje u tkaninama, a sa svakim pranjem donosi skladnu mje\u0161avinu sun\u010deve svjetlosti, svje\u017eeg zraka i topline prirode \u2013 da\u0161ak ljeta za svaki dan.<\/div>","protected":false},"excerpt":{"rendered":"<p>Miris 'Zra\u010dnog sunca' hvata svje\u017einu sun\u010deve svjetlosti i prirodnu slatko\u0107u manga u bo\u010dici. Nje\u017ena toplina sijena upotpunjuje ovu skladnu, ljetnu aromu koja priziva \u010disto\u0107u sun\u010deve svjetlosti nakon svakog pranja. Njezina inovativna HerbTech 3-u-1 formula istovremeno parfizira, omek\u0161ava i osvje\u017eava odje\u0107u, ostavljaju\u0107i je mekanom i mirisnom du\u017ee.<\/p>","protected":false},"featured_media":1150,"comment_status":"open","ping_status":"closed","template":"","meta":[],"product_brand":[1397],"product_cat":[1491],"product_tag":[1496,1493,1501,1409,1492,1495,1506,1504,1502,1507,1511,1510,1414,1499,1500,1505,1508,1509,1494,1497,1498,1503],"class_list":{"0":"post-1259","1":"product","2":"type-product","3":"status-publish","4":"has-post-thumbnail","6":"product_brand-herbow","7":"product_cat-3in1-mosoparfum-oblito-koncentratum","8":"product_tag-3in1-formula","9":"product_tag-3in1-mosoparfum","10":"product_tag-oko-oblito-alternativa","11":"product_tag-herbow","12":"product_tag-herbow-3in1","13":"product_tag-herbtech-3in1","14":"product_tag-hosszan-tarto-illat","15":"product_tag-illatos-ruhak","16":"product_tag-kornyezetbarat-mosas","17":"product_tag-koncentralt-mosoparfum","18":"product_tag-mosodio-melle-kiegeszito","19":"product_tag-mosogel-melle-kiegeszito","20":"product_tag-mosoparfum","21":"product_tag-novenyi-alapu-textilapolo","22":"product_tag-novenyi-eredetu-osszetevok","23":"product_tag-puha-ruhak","24":"product_tag-ruhaillatosito","25":"product_tag-szines-es-feher-ruhakhoz","26":"product_tag-textiloblito-koncentratum","27":"product_tag-textilfrissito","28":"product_tag-textillagyito","29":"product_tag-tudatos-haztartas","31":"first","32":"instock","33":"taxable","34":"shipping-taxable","35":"product-type-variable"},"yoast_head":"<!-- This site is optimized with the Yoast SEO plugin v27.4 - https:\/\/yoast.com\/product\/yoast-seo-wordpress\/ -->\n<title>Herbow 3in1 Mos\u00f3parf\u00fcm Ragyog\u00f3 Nap - Herbow | International<\/title>\n<meta name=\"description\" content=\"A Ragyog\u00f3 Nap illata a napf\u00e9ny frissess\u00e9g\u00e9t \u00e9s a mang\u00f3 term\u00e9szetes \u00e9dess\u00e9g\u00e9t z\u00e1rja palackba. A sz\u00e9na finom melege teszi teljess\u00e9 ezt a harmonikus, ny\u00e1ri illatot, amely minden mos\u00e1s ut\u00e1n a napf\u00e9ny tisztas\u00e1g\u00e1t id\u00e9zi.Innovat\u00edv HerbTech 3in1 formul\u00e1ja egyszerre illatos\u00edt, puh\u00edt \u00e9s felfriss\u00edti a ruh\u00e1kat, hogy azok l\u00e1gyak \u00e9s hosszan illatosak maradjanak.\" \/>\n<meta name=\"robots\" content=\"index, follow, max-snippet:-1, max-image-preview:large, max-video-preview:-1\" \/>\n<link rel=\"canonical\" href=\"https:\/\/herbow.eu\/hr\/product\/herbow-3-u-1-parfem-za-rublje-shining-sun-200-ml\/\" \/>\n<meta property=\"og:locale\" content=\"hr_HR\" \/>\n<meta property=\"og:type\" content=\"article\" \/>\n<meta property=\"og:title\" content=\"Herbow 3in1 Mos\u00f3parf\u00fcm Ragyog\u00f3 Nap - Herbow | International\" \/>\n<meta property=\"og:description\" content=\"A Ragyog\u00f3 Nap illata a napf\u00e9ny frissess\u00e9g\u00e9t \u00e9s a mang\u00f3 term\u00e9szetes \u00e9dess\u00e9g\u00e9t z\u00e1rja palackba. A sz\u00e9na finom melege teszi teljess\u00e9 ezt a harmonikus, ny\u00e1ri illatot, amely minden mos\u00e1s ut\u00e1n a napf\u00e9ny tisztas\u00e1g\u00e1t id\u00e9zi.Innovat\u00edv HerbTech 3in1 formul\u00e1ja egyszerre illatos\u00edt, puh\u00edt \u00e9s felfriss\u00edti a ruh\u00e1kat, hogy azok l\u00e1gyak \u00e9s hosszan illatosak maradjanak.\" \/>\n<meta property=\"og:url\" content=\"https:\/\/herbow.eu\/hr\/product\/herbow-3-u-1-parfem-za-rublje-shining-sun-200-ml\/\" \/>\n<meta property=\"og:site_name\" content=\"Herbow | International\" \/>\n<meta property=\"article:publisher\" content=\"https:\/\/www.facebook.com\/herbowmosodioslabda\/\" \/>\n<meta property=\"article:modified_time\" content=\"2026-03-17T09:58:47+00:00\" \/>\n<meta property=\"og:image\" content=\"https:\/\/herbow.eu\/wp-content\/uploads\/2025\/11\/Woo_base_2000x2000_47432_3in1_Radiant_Sun_200ml.png\" \/>\n\t<meta property=\"og:image:width\" content=\"2000\" \/>\n\t<meta property=\"og:image:height\" content=\"2000\" \/>\n\t<meta property=\"og:image:type\" content=\"image\/png\" \/>\n<meta name=\"twitter:card\" content=\"summary_large_image\" \/>\n<meta name=\"twitter:label1\" content=\"Procijenjeno vrijeme \u010ditanja\" \/>\n\t<meta name=\"twitter:data1\" content=\"2 minute\" \/>\n<script type=\"application\/ld+json\" class=\"yoast-schema-graph\">{\"@context\":\"https:\\\/\\\/schema.org\",\"@graph\":[{\"@type\":\"WebPage\",\"@id\":\"https:\\\/\\\/herbow.eu\\\/product\\\/herbow-3in1-mosoparfum-ragyogo-nap-200-ml\\\/\",\"url\":\"https:\\\/\\\/herbow.eu\\\/product\\\/herbow-3in1-mosoparfum-ragyogo-nap-200-ml\\\/\",\"name\":\"Herbow 3in1 Mos\u00f3parf\u00fcm Ragyog\u00f3 Nap - Herbow | International\",\"isPartOf\":{\"@id\":\"https:\\\/\\\/herbow.eu\\\/#website\"},\"primaryImageOfPage\":{\"@id\":\"https:\\\/\\\/herbow.eu\\\/product\\\/herbow-3in1-mosoparfum-ragyogo-nap-200-ml\\\/#primaryimage\"},\"image\":{\"@id\":\"https:\\\/\\\/herbow.eu\\\/product\\\/herbow-3in1-mosoparfum-ragyogo-nap-200-ml\\\/#primaryimage\"},\"thumbnailUrl\":\"https:\\\/\\\/herbow.eu\\\/wp-content\\\/uploads\\\/2025\\\/11\\\/Woo_base_2000x2000_47432_3in1_Radiant_Sun_200ml.png\",\"datePublished\":\"2025-11-21T13:54:33+00:00\",\"dateModified\":\"2026-03-17T09:58:47+00:00\",\"description\":\"A Ragyog\u00f3 Nap illata a napf\u00e9ny frissess\u00e9g\u00e9t \u00e9s a mang\u00f3 term\u00e9szetes \u00e9dess\u00e9g\u00e9t z\u00e1rja palackba. A sz\u00e9na finom melege teszi teljess\u00e9 ezt a harmonikus, ny\u00e1ri illatot, amely minden mos\u00e1s ut\u00e1n a napf\u00e9ny tisztas\u00e1g\u00e1t id\u00e9zi.Innovat\u00edv HerbTech 3in1 formul\u00e1ja egyszerre illatos\u00edt, puh\u00edt \u00e9s felfriss\u00edti a ruh\u00e1kat, hogy azok l\u00e1gyak \u00e9s hosszan illatosak maradjanak.\",\"breadcrumb\":{\"@id\":\"https:\\\/\\\/herbow.eu\\\/product\\\/herbow-3in1-mosoparfum-ragyogo-nap-200-ml\\\/#breadcrumb\"},\"inLanguage\":\"hr\",\"potentialAction\":[{\"@type\":\"ReadAction\",\"target\":[\"https:\\\/\\\/herbow.eu\\\/product\\\/herbow-3in1-mosoparfum-ragyogo-nap-200-ml\\\/\"]}]},{\"@type\":\"ImageObject\",\"inLanguage\":\"hr\",\"@id\":\"https:\\\/\\\/herbow.eu\\\/product\\\/herbow-3in1-mosoparfum-ragyogo-nap-200-ml\\\/#primaryimage\",\"url\":\"https:\\\/\\\/herbow.eu\\\/wp-content\\\/uploads\\\/2025\\\/11\\\/Woo_base_2000x2000_47432_3in1_Radiant_Sun_200ml.png\",\"contentUrl\":\"https:\\\/\\\/herbow.eu\\\/wp-content\\\/uploads\\\/2025\\\/11\\\/Woo_base_2000x2000_47432_3in1_Radiant_Sun_200ml.png\",\"width\":2000,\"height\":2000},{\"@type\":\"BreadcrumbList\",\"@id\":\"https:\\\/\\\/herbow.eu\\\/product\\\/herbow-3in1-mosoparfum-ragyogo-nap-200-ml\\\/#breadcrumb\",\"itemListElement\":[{\"@type\":\"ListItem\",\"position\":1,\"name\":\"Kezd\u0151lap\",\"item\":\"https:\\\/\\\/herbow.eu\\\/\"},{\"@type\":\"ListItem\",\"position\":2,\"name\":\"Shop\",\"item\":\"https:\\\/\\\/herbow.eu\\\/shop\\\/\"},{\"@type\":\"ListItem\",\"position\":3,\"name\":\"Herbow 3in1 Mos\u00f3parf\u00fcm Ragyog\u00f3 Nap\"}]},{\"@type\":\"WebSite\",\"@id\":\"https:\\\/\\\/herbow.eu\\\/#website\",\"url\":\"https:\\\/\\\/herbow.eu\\\/\",\"name\":\"Herbow | Herbal Organic World\",\"description\":\"Herbal Organic World\",\"publisher\":{\"@id\":\"https:\\\/\\\/herbow.eu\\\/#organization\"},\"potentialAction\":[{\"@type\":\"SearchAction\",\"target\":{\"@type\":\"EntryPoint\",\"urlTemplate\":\"https:\\\/\\\/herbow.eu\\\/?s={search_term_string}\"},\"query-input\":{\"@type\":\"PropertyValueSpecification\",\"valueRequired\":true,\"valueName\":\"search_term_string\"}}],\"inLanguage\":\"hr\"},{\"@type\":\"Organization\",\"@id\":\"https:\\\/\\\/herbow.eu\\\/#organization\",\"name\":\"Herbow International Zrt.\",\"url\":\"https:\\\/\\\/herbow.eu\\\/\",\"logo\":{\"@type\":\"ImageObject\",\"inLanguage\":\"hr\",\"@id\":\"https:\\\/\\\/herbow.eu\\\/#\\\/schema\\\/logo\\\/image\\\/\",\"url\":\"https:\\\/\\\/herbow.eu\\\/wp-content\\\/uploads\\\/2025\\\/07\\\/herbow_logo_hun_2021-01_w-slogan_no-background.png\",\"contentUrl\":\"https:\\\/\\\/herbow.eu\\\/wp-content\\\/uploads\\\/2025\\\/07\\\/herbow_logo_hun_2021-01_w-slogan_no-background.png\",\"width\":2366,\"height\":1732,\"caption\":\"Herbow International Zrt.\"},\"image\":{\"@id\":\"https:\\\/\\\/herbow.eu\\\/#\\\/schema\\\/logo\\\/image\\\/\"},\"sameAs\":[\"https:\\\/\\\/www.facebook.com\\\/herbowmosodioslabda\\\/\",\"https:\\\/\\\/www.instagram.com\\\/herbowmosodioslabda\\\/\"]}]}<\/script>\n<!-- \/ Yoast SEO plugin. -->","yoast_head_json":{"title":"Herbow 3-u-1 miris za rublje: Sjajno sunce - Herbow | International","description":"Miris 'Zra\u010dnog sunca' hvata svje\u017einu sun\u010deve svjetlosti i prirodnu slatko\u0107u manga u bo\u010dici. Nje\u017ena toplina sijena upotpunjuje ovu skladnu, ljetnu aromu koja priziva \u010disto\u0107u sun\u010deve svjetlosti nakon svakog pranja. Njezina inovativna HerbTech 3-u-1 formula istovremeno parfizira, omek\u0161ava i osvje\u017eava odje\u0107u, ostavljaju\u0107i je mekanom i mirisnom du\u017ee.","robots":{"index":"index","follow":"follow","max-snippet":"max-snippet:-1","max-image-preview":"max-image-preview:large","max-video-preview":"max-video-preview:-1"},"canonical":"https:\/\/herbow.eu\/hr\/product\/herbow-3-u-1-parfem-za-rublje-shining-sun-200-ml\/","og_locale":"hr_HR","og_type":"article","og_title":"Herbow 3in1 Mos\u00f3parf\u00fcm Ragyog\u00f3 Nap - Herbow | International","og_description":"A Ragyog\u00f3 Nap illata a napf\u00e9ny frissess\u00e9g\u00e9t \u00e9s a mang\u00f3 term\u00e9szetes \u00e9dess\u00e9g\u00e9t z\u00e1rja palackba. A sz\u00e9na finom melege teszi teljess\u00e9 ezt a harmonikus, ny\u00e1ri illatot, amely minden mos\u00e1s ut\u00e1n a napf\u00e9ny tisztas\u00e1g\u00e1t id\u00e9zi.Innovat\u00edv HerbTech 3in1 formul\u00e1ja egyszerre illatos\u00edt, puh\u00edt \u00e9s felfriss\u00edti a ruh\u00e1kat, hogy azok l\u00e1gyak \u00e9s hosszan illatosak maradjanak.","og_url":"https:\/\/herbow.eu\/hr\/product\/herbow-3-u-1-parfem-za-rublje-shining-sun-200-ml\/","og_site_name":"Herbow | International","article_publisher":"https:\/\/www.facebook.com\/herbowmosodioslabda\/","article_modified_time":"2026-03-17T09:58:47+00:00","og_image":[{"width":2000,"height":2000,"url":"https:\/\/herbow.eu\/wp-content\/uploads\/2025\/11\/Woo_base_2000x2000_47432_3in1_Radiant_Sun_200ml.png","type":"image\/png"}],"twitter_card":"summary_large_image","twitter_misc":{"Procijenjeno vrijeme \u010ditanja":"2 minute"},"schema":{"@context":"https:\/\/schema.org","@graph":[{"@type":"WebPage","@id":"https:\/\/herbow.eu\/product\/herbow-3in1-mosoparfum-ragyogo-nap-200-ml\/","url":"https:\/\/herbow.eu\/product\/herbow-3in1-mosoparfum-ragyogo-nap-200-ml\/","name":"Herbow 3-u-1 miris za rublje: Sjajno sunce - Herbow | International","isPartOf":{"@id":"https:\/\/herbow.eu\/#website"},"primaryImageOfPage":{"@id":"https:\/\/herbow.eu\/product\/herbow-3in1-mosoparfum-ragyogo-nap-200-ml\/#primaryimage"},"image":{"@id":"https:\/\/herbow.eu\/product\/herbow-3in1-mosoparfum-ragyogo-nap-200-ml\/#primaryimage"},"thumbnailUrl":"https:\/\/herbow.eu\/wp-content\/uploads\/2025\/11\/Woo_base_2000x2000_47432_3in1_Radiant_Sun_200ml.png","datePublished":"2025-11-21T13:54:33+00:00","dateModified":"2026-03-17T09:58:47+00:00","description":"Miris 'Zra\u010dnog sunca' hvata svje\u017einu sun\u010deve svjetlosti i prirodnu slatko\u0107u manga u bo\u010dici. Nje\u017ena toplina sijena upotpunjuje ovu skladnu, ljetnu aromu koja priziva \u010disto\u0107u sun\u010deve svjetlosti nakon svakog pranja. Njezina inovativna HerbTech 3-u-1 formula istovremeno parfizira, omek\u0161ava i osvje\u017eava odje\u0107u, ostavljaju\u0107i je mekanom i mirisnom du\u017ee.","breadcrumb":{"@id":"https:\/\/herbow.eu\/product\/herbow-3in1-mosoparfum-ragyogo-nap-200-ml\/#breadcrumb"},"inLanguage":"hr","potentialAction":[{"@type":"ReadAction","target":["https:\/\/herbow.eu\/product\/herbow-3in1-mosoparfum-ragyogo-nap-200-ml\/"]}]},{"@type":"ImageObject","inLanguage":"hr","@id":"https:\/\/herbow.eu\/product\/herbow-3in1-mosoparfum-ragyogo-nap-200-ml\/#primaryimage","url":"https:\/\/herbow.eu\/wp-content\/uploads\/2025\/11\/Woo_base_2000x2000_47432_3in1_Radiant_Sun_200ml.png","contentUrl":"https:\/\/herbow.eu\/wp-content\/uploads\/2025\/11\/Woo_base_2000x2000_47432_3in1_Radiant_Sun_200ml.png","width":2000,"height":2000},{"@type":"BreadcrumbList","@id":"https:\/\/herbow.eu\/product\/herbow-3in1-mosoparfum-ragyogo-nap-200-ml\/#breadcrumb","itemListElement":[{"@type":"ListItem","position":1,"name":"Kezd\u0151lap","item":"https:\/\/herbow.eu\/"},{"@type":"ListItem","position":2,"name":"Shop","item":"https:\/\/herbow.eu\/shop\/"},{"@type":"ListItem","position":3,"name":"Herbow 3in1 Mos\u00f3parf\u00fcm Ragyog\u00f3 Nap"}]},{"@type":"WebSite","@id":"https:\/\/herbow.eu\/#website","url":"https:\/\/herbow.eu\/","name":"Herbow | Herbal Organic World","description":"Biljni organski svijet","publisher":{"@id":"https:\/\/herbow.eu\/#organization"},"potentialAction":[{"@type":"SearchAction","target":{"@type":"EntryPoint","urlTemplate":"https:\/\/herbow.eu\/?s={search_term_string}"},"query-input":{"@type":"PropertyValueSpecification","valueRequired":true,"valueName":"search_term_string"}}],"inLanguage":"hr"},{"@type":"Organization","@id":"https:\/\/herbow.eu\/#organization","name":"Herbow International d.o.o.","url":"https:\/\/herbow.eu\/","logo":{"@type":"ImageObject","inLanguage":"hr","@id":"https:\/\/herbow.eu\/#\/schema\/logo\/image\/","url":"https:\/\/herbow.eu\/wp-content\/uploads\/2025\/07\/herbow_logo_hun_2021-01_w-slogan_no-background.png","contentUrl":"https:\/\/herbow.eu\/wp-content\/uploads\/2025\/07\/herbow_logo_hun_2021-01_w-slogan_no-background.png","width":2366,"height":1732,"caption":"Herbow International Zrt."},"image":{"@id":"https:\/\/herbow.eu\/#\/schema\/logo\/image\/"},"sameAs":["https:\/\/www.facebook.com\/herbowmosodioslabda\/","https:\/\/www.instagram.com\/herbowmosodioslabda\/"]}]}},"jetpack_likes_enabled":true,"jetpack_sharing_enabled":true,"_links":{"self":[{"href":"https:\/\/herbow.eu\/hr\/wp-json\/wp\/v2\/product\/1259","targetHints":{"allow":["GET"]}}],"collection":[{"href":"https:\/\/herbow.eu\/hr\/wp-json\/wp\/v2\/product"}],"about":[{"href":"https:\/\/herbow.eu\/hr\/wp-json\/wp\/v2\/types\/product"}],"replies":[{"embeddable":true,"href":"https:\/\/herbow.eu\/hr\/wp-json\/wp\/v2\/comments?post=1259"}],"wp:featuredmedia":[{"embeddable":true,"href":"https:\/\/herbow.eu\/hr\/wp-json\/wp\/v2\/media\/1150"}],"wp:attachment":[{"href":"https:\/\/herbow.eu\/hr\/wp-json\/wp\/v2\/media?parent=1259"}],"wp:term":[{"taxonomy":"product_brand","embeddable":true,"href":"https:\/\/herbow.eu\/hr\/wp-json\/wp\/v2\/product_brand?post=1259"},{"taxonomy":"product_cat","embeddable":true,"href":"https:\/\/herbow.eu\/hr\/wp-json\/wp\/v2\/product_cat?post=1259"},{"taxonomy":"product_tag","embeddable":true,"href":"https:\/\/herbow.eu\/hr\/wp-json\/wp\/v2\/product_tag?post=1259"}],"curies":[{"name":"wp","href":"https:\/\/api.w.org\/{rel}","templated":true}]}}