{"id":1040,"date":"2025-08-18T11:05:59","date_gmt":"2025-08-18T09:05:59","guid":{"rendered":"https:\/\/herbow.eu\/product\/herbow-bambino-folyekony-mososzer-koncentratum-univerzalis-illat-es-allergenmentes\/"},"modified":"2026-03-17T10:58:04","modified_gmt":"2026-03-17T09:58:04","slug":"herbow-koncentrat-tekuceg-deterdzenta-za-pranje-rublja-za-bebe","status":"publish","type":"product","link":"https:\/\/herbow.eu\/hr\/product\/herbow-bambino-folyekony-mososzer-koncentratum\/","title":{"rendered":"Herbow Bambino teku\u0107i deterd\u017eent koncentrat univerzalni miris i bez alergena 1000 ml"},"content":{"rendered":"<p>Herbow Bambino teku\u0107i koncentrat za pranje rublja ne sadr\u017ei mirise i alergene, te stavlja u prvi plan prirodnu \u010disto\u0107u i za\u0161titu ko\u017ee. Sadr\u017ei ekstrakt sapunice, dobiven nje\u017enim postupkom, koji u\u010dinkovito otapa prljav\u0161tinu zahvaljuju\u0107i sadr\u017eaju prirodnog saponina, a istovremeno je nje\u017ean prema ko\u017ei i tkaninama. Bioenzimi i surfaktanti biljnog podrijetla poma\u017eu ukloniti svakodnevne mrlje \u010dak i na niskim temperaturama, ostavljaju\u0107i odje\u0107u \u010distom, mekanom i svje\u017eom, a sve bez umjetnih mirisa. Posebno se preporu\u010duje za bebe, djecu i odrasle s osjetljivom ko\u017eom. Ne sadr\u017ei umjetna bojila, mirise, opti\u010dka posvjetljiva\u010da, klor ni fosfate, \u0161to ga \u010dini sigurnim izborom \u010dak i za najosjetljiviju ko\u017eu. Idealan je za obojenu i bijelu odje\u0107u te pogodan za sve vrste perilica rublja, kao i za ru\u010dno pranje. Vegan, biorazgradiva i ekolo\u0161ki prihvatljiva formula koja posti\u017ee \u010disto\u0107u jednostavno\u0161\u0107u prirode.<\/p>\n<p>Veli\u010dina pakiranja: 1000 ml = dovoljno za otprilike 40 pranja<\/p>\n<p>Koristite Herbow Bambino koncentrat bez mirisa i alergena kao omek\u0161iva\u010d za tkaninu.<\/p>","protected":false},"excerpt":{"rendered":"<p>A <strong>Herbow Bambino teku\u0107i deterd\u017eent bez mirisa i alergena<\/strong> Najnje\u017enije rje\u0161enje za za\u0161titu osjetljive ko\u017ee. S prirodnim ekstraktom indijskog oraha i bioenzimima, u\u010dinkovito \u010disti odje\u0107u \u010dak i na niskim temperaturama, bez ikakvih mirisa, ostavljaju\u0107i je s prirodnim, svje\u017eim osje\u0107ajem.<\/p>\n<p>Veli\u010dina pakiranja: 1000 ml<\/p>","protected":false},"featured_media":896,"comment_status":"open","ping_status":"closed","template":"","meta":[],"product_brand":[1397],"product_cat":[1408],"product_tag":[1431,1527,1517,1531,1521,1529,1518,1522,1515,1516,1514,1513,1523,1524,1519,1532,1409,1512,1430,1520,1502,1530,1441,1525,1526,1445,1528],"class_list":{"0":"post-1040","1":"product","2":"type-product","3":"status-publish","4":"has-post-thumbnail","6":"product_brand-herbow","7":"product_cat-herbow-baby-bambino-termekcsalad","8":"product_tag-allergenmentes","9":"product_tag-allatkiserletmentes","10":"product_tag-erzekeny-borre","11":"product_tag-erzekeny-textiliakhoz","12":"product_tag-oko-haztartas","13":"product_tag-okocimkes-termek","14":"product_tag-ujszulott-borere","15":"product_tag-bababarat-tisztitas","16":"product_tag-babamosas","17":"product_tag-babaruhakhoz","18":"product_tag-babatermek","19":"product_tag-bambino","20":"product_tag-biztonsagos-osszetevok","21":"product_tag-borbarat-formula","22":"product_tag-dermatologiailag-tesztelt","23":"product_tag-feher-es-szines-ruhakhoz","24":"product_tag-herbow","25":"product_tag-herbow-bambino","26":"product_tag-hipoallergen","27":"product_tag-illatmentes-termek","28":"product_tag-kornyezetbarat-mosas","29":"product_tag-koncentratum","30":"product_tag-novenyi-alapu","31":"product_tag-parabenmentes","32":"product_tag-szinezekmentes","33":"product_tag-termeszetes-osszetevok","34":"product_tag-vegan","36":"first","37":"instock","38":"taxable","39":"shipping-taxable","40":"product-type-simple"},"yoast_head":"<!-- This site is optimized with the Yoast SEO plugin v27.4 - https:\/\/yoast.com\/product\/yoast-seo-wordpress\/ -->\n<title>Herbow Bambino Foly\u00e9kony mos\u00f3szer koncentr\u00e1tum univerz\u00e1lis illat- \u00e9s allerg\u00e9nmentes 1000ml - Herbow | International<\/title>\n<meta name=\"description\" content=\"A Herbow Bambino Illat- \u00e9s Allerg\u00e9nmentes foly\u00e9kony mos\u00f3szer a leggyeng\u00e9debb megold\u00e1s az \u00e9rz\u00e9keny b\u0151r v\u00e9delm\u00e9re.Term\u00e9szetes mos\u00f3di\u00f3-kivonattal \u00e9s bioenzimekkel hat\u00e9konyan tiszt\u00edtja a ruh\u00e1kat m\u00e1r alacsony h\u0151fokon is, illatanyagok n\u00e9lk\u00fcl, a tisztas\u00e1g term\u00e9szetes \u00e9rz\u00e9s\u00e9vel.\" \/>\n<meta name=\"robots\" content=\"index, follow, max-snippet:-1, max-image-preview:large, max-video-preview:-1\" \/>\n<link rel=\"canonical\" href=\"https:\/\/herbow.eu\/hr\/product\/herbow-koncentrat-tekuceg-deterdzenta-za-pranje-rublja-za-bebe\/\" \/>\n<meta property=\"og:locale\" content=\"hr_HR\" \/>\n<meta property=\"og:type\" content=\"article\" \/>\n<meta property=\"og:title\" content=\"Herbow Bambino Foly\u00e9kony mos\u00f3szer koncentr\u00e1tum univerz\u00e1lis illat- \u00e9s allerg\u00e9nmentes 1000ml - Herbow | International\" \/>\n<meta property=\"og:description\" content=\"A Herbow Bambino Illat- \u00e9s Allerg\u00e9nmentes foly\u00e9kony mos\u00f3szer a leggyeng\u00e9debb megold\u00e1s az \u00e9rz\u00e9keny b\u0151r v\u00e9delm\u00e9re.Term\u00e9szetes mos\u00f3di\u00f3-kivonattal \u00e9s bioenzimekkel hat\u00e9konyan tiszt\u00edtja a ruh\u00e1kat m\u00e1r alacsony h\u0151fokon is, illatanyagok n\u00e9lk\u00fcl, a tisztas\u00e1g term\u00e9szetes \u00e9rz\u00e9s\u00e9vel.\" \/>\n<meta property=\"og:url\" content=\"https:\/\/herbow.eu\/hr\/product\/herbow-koncentrat-tekuceg-deterdzenta-za-pranje-rublja-za-bebe\/\" \/>\n<meta property=\"og:site_name\" content=\"Herbow | International\" \/>\n<meta property=\"article:publisher\" content=\"https:\/\/www.facebook.com\/herbowmosodioslabda\/\" \/>\n<meta property=\"article:modified_time\" content=\"2026-03-17T09:58:04+00:00\" \/>\n<meta property=\"og:image\" content=\"https:\/\/herbow.eu\/wp-content\/uploads\/2025\/08\/Herbow-bambino_14042_folyekony_mososzer_1000ml_245x156mm_illatmentes_v11_redesign2024.png\" \/>\n\t<meta property=\"og:image:width\" content=\"2000\" \/>\n\t<meta property=\"og:image:height\" content=\"2000\" \/>\n\t<meta property=\"og:image:type\" content=\"image\/png\" \/>\n<meta name=\"twitter:card\" content=\"summary_large_image\" \/>\n<meta name=\"twitter:label1\" content=\"Procijenjeno vrijeme \u010ditanja\" \/>\n\t<meta name=\"twitter:data1\" content=\"1 minuta\" \/>\n<script type=\"application\/ld+json\" class=\"yoast-schema-graph\">{\"@context\":\"https:\\\/\\\/schema.org\",\"@graph\":[{\"@type\":\"WebPage\",\"@id\":\"https:\\\/\\\/herbow.eu\\\/product\\\/herbow-bambino-folyekony-mososzer-koncentratum\\\/\",\"url\":\"https:\\\/\\\/herbow.eu\\\/product\\\/herbow-bambino-folyekony-mososzer-koncentratum\\\/\",\"name\":\"Herbow Bambino Foly\u00e9kony mos\u00f3szer koncentr\u00e1tum univerz\u00e1lis illat- \u00e9s allerg\u00e9nmentes 1000ml - Herbow | International\",\"isPartOf\":{\"@id\":\"https:\\\/\\\/herbow.eu\\\/#website\"},\"primaryImageOfPage\":{\"@id\":\"https:\\\/\\\/herbow.eu\\\/product\\\/herbow-bambino-folyekony-mososzer-koncentratum\\\/#primaryimage\"},\"image\":{\"@id\":\"https:\\\/\\\/herbow.eu\\\/product\\\/herbow-bambino-folyekony-mososzer-koncentratum\\\/#primaryimage\"},\"thumbnailUrl\":\"https:\\\/\\\/herbow.eu\\\/wp-content\\\/uploads\\\/2025\\\/08\\\/Herbow-bambino_14042_folyekony_mososzer_1000ml_245x156mm_illatmentes_v11_redesign2024.png\",\"datePublished\":\"2025-08-18T09:05:59+00:00\",\"dateModified\":\"2026-03-17T09:58:04+00:00\",\"description\":\"A Herbow Bambino Illat- \u00e9s Allerg\u00e9nmentes foly\u00e9kony mos\u00f3szer a leggyeng\u00e9debb megold\u00e1s az \u00e9rz\u00e9keny b\u0151r v\u00e9delm\u00e9re.Term\u00e9szetes mos\u00f3di\u00f3-kivonattal \u00e9s bioenzimekkel hat\u00e9konyan tiszt\u00edtja a ruh\u00e1kat m\u00e1r alacsony h\u0151fokon is, illatanyagok n\u00e9lk\u00fcl, a tisztas\u00e1g term\u00e9szetes \u00e9rz\u00e9s\u00e9vel.\",\"breadcrumb\":{\"@id\":\"https:\\\/\\\/herbow.eu\\\/product\\\/herbow-bambino-folyekony-mososzer-koncentratum\\\/#breadcrumb\"},\"inLanguage\":\"hr\",\"potentialAction\":[{\"@type\":\"ReadAction\",\"target\":[\"https:\\\/\\\/herbow.eu\\\/product\\\/herbow-bambino-folyekony-mososzer-koncentratum\\\/\"]}]},{\"@type\":\"ImageObject\",\"inLanguage\":\"hr\",\"@id\":\"https:\\\/\\\/herbow.eu\\\/product\\\/herbow-bambino-folyekony-mososzer-koncentratum\\\/#primaryimage\",\"url\":\"https:\\\/\\\/herbow.eu\\\/wp-content\\\/uploads\\\/2025\\\/08\\\/Herbow-bambino_14042_folyekony_mososzer_1000ml_245x156mm_illatmentes_v11_redesign2024.png\",\"contentUrl\":\"https:\\\/\\\/herbow.eu\\\/wp-content\\\/uploads\\\/2025\\\/08\\\/Herbow-bambino_14042_folyekony_mososzer_1000ml_245x156mm_illatmentes_v11_redesign2024.png\",\"width\":2000,\"height\":2000},{\"@type\":\"BreadcrumbList\",\"@id\":\"https:\\\/\\\/herbow.eu\\\/product\\\/herbow-bambino-folyekony-mososzer-koncentratum\\\/#breadcrumb\",\"itemListElement\":[{\"@type\":\"ListItem\",\"position\":1,\"name\":\"Kezd\u0151lap\",\"item\":\"https:\\\/\\\/herbow.eu\\\/\"},{\"@type\":\"ListItem\",\"position\":2,\"name\":\"Shop\",\"item\":\"https:\\\/\\\/herbow.eu\\\/shop\\\/\"},{\"@type\":\"ListItem\",\"position\":3,\"name\":\"Herbow Bambino Foly\u00e9kony mos\u00f3szer koncentr\u00e1tum univerz\u00e1lis illat- \u00e9s allerg\u00e9nmentes 1000ml\"}]},{\"@type\":\"WebSite\",\"@id\":\"https:\\\/\\\/herbow.eu\\\/#website\",\"url\":\"https:\\\/\\\/herbow.eu\\\/\",\"name\":\"Herbow | Herbal Organic World\",\"description\":\"Herbal Organic World\",\"publisher\":{\"@id\":\"https:\\\/\\\/herbow.eu\\\/#organization\"},\"potentialAction\":[{\"@type\":\"SearchAction\",\"target\":{\"@type\":\"EntryPoint\",\"urlTemplate\":\"https:\\\/\\\/herbow.eu\\\/?s={search_term_string}\"},\"query-input\":{\"@type\":\"PropertyValueSpecification\",\"valueRequired\":true,\"valueName\":\"search_term_string\"}}],\"inLanguage\":\"hr\"},{\"@type\":\"Organization\",\"@id\":\"https:\\\/\\\/herbow.eu\\\/#organization\",\"name\":\"Herbow International Zrt.\",\"url\":\"https:\\\/\\\/herbow.eu\\\/\",\"logo\":{\"@type\":\"ImageObject\",\"inLanguage\":\"hr\",\"@id\":\"https:\\\/\\\/herbow.eu\\\/#\\\/schema\\\/logo\\\/image\\\/\",\"url\":\"https:\\\/\\\/herbow.eu\\\/wp-content\\\/uploads\\\/2025\\\/07\\\/herbow_logo_hun_2021-01_w-slogan_no-background.png\",\"contentUrl\":\"https:\\\/\\\/herbow.eu\\\/wp-content\\\/uploads\\\/2025\\\/07\\\/herbow_logo_hun_2021-01_w-slogan_no-background.png\",\"width\":2366,\"height\":1732,\"caption\":\"Herbow International Zrt.\"},\"image\":{\"@id\":\"https:\\\/\\\/herbow.eu\\\/#\\\/schema\\\/logo\\\/image\\\/\"},\"sameAs\":[\"https:\\\/\\\/www.facebook.com\\\/herbowmosodioslabda\\\/\",\"https:\\\/\\\/www.instagram.com\\\/herbowmosodioslabda\\\/\"]}]}<\/script>\n<!-- \/ Yoast SEO plugin. -->","yoast_head_json":{"title":"Herbow Bambino koncentrat teku\u0107eg deterd\u017eenta za pranje rublja, bez mirisa i alergena, 1000 ml - Herbow | International","description":"Herbow Bambino teku\u0107i deterd\u017eent bez mirisa i alergena najnje\u017enije je rje\u0161enje za za\u0161titu osjetljive ko\u017ee. S prirodnim ekstraktom sapunice i bioenzimima u\u010dinkovito \u010disti odje\u0107u \u010dak i na niskim temperaturama, bez dodatnih mirisa, ostavljaju\u0107i je s prirodnim osje\u0107ajem \u010disto\u0107e.","robots":{"index":"index","follow":"follow","max-snippet":"max-snippet:-1","max-image-preview":"max-image-preview:large","max-video-preview":"max-video-preview:-1"},"canonical":"https:\/\/herbow.eu\/hr\/product\/herbow-koncentrat-tekuceg-deterdzenta-za-pranje-rublja-za-bebe\/","og_locale":"hr_HR","og_type":"article","og_title":"Herbow Bambino Foly\u00e9kony mos\u00f3szer koncentr\u00e1tum univerz\u00e1lis illat- \u00e9s allerg\u00e9nmentes 1000ml - Herbow | International","og_description":"A Herbow Bambino Illat- \u00e9s Allerg\u00e9nmentes foly\u00e9kony mos\u00f3szer a leggyeng\u00e9debb megold\u00e1s az \u00e9rz\u00e9keny b\u0151r v\u00e9delm\u00e9re.Term\u00e9szetes mos\u00f3di\u00f3-kivonattal \u00e9s bioenzimekkel hat\u00e9konyan tiszt\u00edtja a ruh\u00e1kat m\u00e1r alacsony h\u0151fokon is, illatanyagok n\u00e9lk\u00fcl, a tisztas\u00e1g term\u00e9szetes \u00e9rz\u00e9s\u00e9vel.","og_url":"https:\/\/herbow.eu\/hr\/product\/herbow-koncentrat-tekuceg-deterdzenta-za-pranje-rublja-za-bebe\/","og_site_name":"Herbow | International","article_publisher":"https:\/\/www.facebook.com\/herbowmosodioslabda\/","article_modified_time":"2026-03-17T09:58:04+00:00","og_image":[{"width":2000,"height":2000,"url":"https:\/\/herbow.eu\/wp-content\/uploads\/2025\/08\/Herbow-bambino_14042_folyekony_mososzer_1000ml_245x156mm_illatmentes_v11_redesign2024.png","type":"image\/png"}],"twitter_card":"summary_large_image","twitter_misc":{"Procijenjeno vrijeme \u010ditanja":"1 minuta"},"schema":{"@context":"https:\/\/schema.org","@graph":[{"@type":"WebPage","@id":"https:\/\/herbow.eu\/product\/herbow-bambino-folyekony-mososzer-koncentratum\/","url":"https:\/\/herbow.eu\/product\/herbow-bambino-folyekony-mososzer-koncentratum\/","name":"Herbow Bambino koncentrat teku\u0107eg deterd\u017eenta za pranje rublja, bez mirisa i alergena, 1000 ml - Herbow | International","isPartOf":{"@id":"https:\/\/herbow.eu\/#website"},"primaryImageOfPage":{"@id":"https:\/\/herbow.eu\/product\/herbow-bambino-folyekony-mososzer-koncentratum\/#primaryimage"},"image":{"@id":"https:\/\/herbow.eu\/product\/herbow-bambino-folyekony-mososzer-koncentratum\/#primaryimage"},"thumbnailUrl":"https:\/\/herbow.eu\/wp-content\/uploads\/2025\/08\/Herbow-bambino_14042_folyekony_mososzer_1000ml_245x156mm_illatmentes_v11_redesign2024.png","datePublished":"2025-08-18T09:05:59+00:00","dateModified":"2026-03-17T09:58:04+00:00","description":"Herbow Bambino teku\u0107i deterd\u017eent bez mirisa i alergena najnje\u017enije je rje\u0161enje za za\u0161titu osjetljive ko\u017ee. S prirodnim ekstraktom sapunice i bioenzimima u\u010dinkovito \u010disti odje\u0107u \u010dak i na niskim temperaturama, bez dodatnih mirisa, ostavljaju\u0107i je s prirodnim osje\u0107ajem \u010disto\u0107e.","breadcrumb":{"@id":"https:\/\/herbow.eu\/product\/herbow-bambino-folyekony-mososzer-koncentratum\/#breadcrumb"},"inLanguage":"hr","potentialAction":[{"@type":"ReadAction","target":["https:\/\/herbow.eu\/product\/herbow-bambino-folyekony-mososzer-koncentratum\/"]}]},{"@type":"ImageObject","inLanguage":"hr","@id":"https:\/\/herbow.eu\/product\/herbow-bambino-folyekony-mososzer-koncentratum\/#primaryimage","url":"https:\/\/herbow.eu\/wp-content\/uploads\/2025\/08\/Herbow-bambino_14042_folyekony_mososzer_1000ml_245x156mm_illatmentes_v11_redesign2024.png","contentUrl":"https:\/\/herbow.eu\/wp-content\/uploads\/2025\/08\/Herbow-bambino_14042_folyekony_mososzer_1000ml_245x156mm_illatmentes_v11_redesign2024.png","width":2000,"height":2000},{"@type":"BreadcrumbList","@id":"https:\/\/herbow.eu\/product\/herbow-bambino-folyekony-mososzer-koncentratum\/#breadcrumb","itemListElement":[{"@type":"ListItem","position":1,"name":"Kezd\u0151lap","item":"https:\/\/herbow.eu\/"},{"@type":"ListItem","position":2,"name":"Shop","item":"https:\/\/herbow.eu\/shop\/"},{"@type":"ListItem","position":3,"name":"Herbow Bambino Foly\u00e9kony mos\u00f3szer koncentr\u00e1tum univerz\u00e1lis illat- \u00e9s allerg\u00e9nmentes 1000ml"}]},{"@type":"WebSite","@id":"https:\/\/herbow.eu\/#website","url":"https:\/\/herbow.eu\/","name":"Herbow | Herbal Organic World","description":"Biljni organski svijet","publisher":{"@id":"https:\/\/herbow.eu\/#organization"},"potentialAction":[{"@type":"SearchAction","target":{"@type":"EntryPoint","urlTemplate":"https:\/\/herbow.eu\/?s={search_term_string}"},"query-input":{"@type":"PropertyValueSpecification","valueRequired":true,"valueName":"search_term_string"}}],"inLanguage":"hr"},{"@type":"Organization","@id":"https:\/\/herbow.eu\/#organization","name":"Herbow International d.o.o.","url":"https:\/\/herbow.eu\/","logo":{"@type":"ImageObject","inLanguage":"hr","@id":"https:\/\/herbow.eu\/#\/schema\/logo\/image\/","url":"https:\/\/herbow.eu\/wp-content\/uploads\/2025\/07\/herbow_logo_hun_2021-01_w-slogan_no-background.png","contentUrl":"https:\/\/herbow.eu\/wp-content\/uploads\/2025\/07\/herbow_logo_hun_2021-01_w-slogan_no-background.png","width":2366,"height":1732,"caption":"Herbow International Zrt."},"image":{"@id":"https:\/\/herbow.eu\/#\/schema\/logo\/image\/"},"sameAs":["https:\/\/www.facebook.com\/herbowmosodioslabda\/","https:\/\/www.instagram.com\/herbowmosodioslabda\/"]}]}},"jetpack_likes_enabled":true,"jetpack_sharing_enabled":true,"_links":{"self":[{"href":"https:\/\/herbow.eu\/hr\/wp-json\/wp\/v2\/product\/1040","targetHints":{"allow":["GET"]}}],"collection":[{"href":"https:\/\/herbow.eu\/hr\/wp-json\/wp\/v2\/product"}],"about":[{"href":"https:\/\/herbow.eu\/hr\/wp-json\/wp\/v2\/types\/product"}],"replies":[{"embeddable":true,"href":"https:\/\/herbow.eu\/hr\/wp-json\/wp\/v2\/comments?post=1040"}],"wp:featuredmedia":[{"embeddable":true,"href":"https:\/\/herbow.eu\/hr\/wp-json\/wp\/v2\/media\/896"}],"wp:attachment":[{"href":"https:\/\/herbow.eu\/hr\/wp-json\/wp\/v2\/media?parent=1040"}],"wp:term":[{"taxonomy":"product_brand","embeddable":true,"href":"https:\/\/herbow.eu\/hr\/wp-json\/wp\/v2\/product_brand?post=1040"},{"taxonomy":"product_cat","embeddable":true,"href":"https:\/\/herbow.eu\/hr\/wp-json\/wp\/v2\/product_cat?post=1040"},{"taxonomy":"product_tag","embeddable":true,"href":"https:\/\/herbow.eu\/hr\/wp-json\/wp\/v2\/product_tag?post=1040"}],"curies":[{"name":"wp","href":"https:\/\/api.w.org\/{rel}","templated":true}]}}