{"id":1029,"date":"2025-08-18T11:05:57","date_gmt":"2025-08-18T09:05:57","guid":{"rendered":"https:\/\/herbow.eu\/product\/herbow-altalanos-felulettisztito-probiotikus-spray-wipe-zold-alma-illattal\/"},"modified":"2026-03-17T10:58:14","modified_gmt":"2026-03-17T09:58:14","slug":"herbow-svrsishodni-cistac-povrsina-probioticki-sprej-maramica-s-mirisom-zelenog-jabuka","status":"publish","type":"product","link":"https:\/\/herbow.eu\/hr\/product\/herbow-altalanos-felulettisztito-probiotikus-spray-wipe-zold-alma-illattal\/","title":{"rendered":"Herbow probioti\u010dki sprej i maramica za \u010di\u0161\u0107enje povr\u0161ina s mirisom zelene jabuke 500 ml"},"content":{"rendered":"<p>Herbow Probiotic Spray &amp; Wipe \u2013 miris zelene jabuke je inovativno, ekolo\u0161ko sredstvo za \u010di\u0161\u0107enje povr\u0161ina koje kombinira biljnu mo\u0107 \u010di\u0161\u0107enja s prirodnim mikrobiolo\u0161kim u\u010dinkom probiotika. Sastojci na biljnoj bazi brzo uklanjaju pra\u0161inu, masno\u0107u i ostalu prljav\u0161tinu, dok korisne bakterijske spore nastavljaju djelovati i nakon \u010di\u0161\u0107enja, odr\u017eavaju\u0107i higijensko stanje povr\u0161ina. Proizvod je pogodan za \u010di\u0161\u0107enje svih vrsta vodootpornih povr\u0161ina \u2013 kao \u0161to su staklo, porculan, mramor, granit, metal, plastika ili lakirano drvo. Su\u0161i se bez ostavljanja tragova bez ispiranja, a njegov antistati\u010dki u\u010dinak sprje\u010dava talo\u017eenje pra\u0161ine i dodatne prljav\u0161tine. Svje\u017ei miris zelene jabuke donosi svje\u017eu, \u010distu atmosferu u va\u0161 dom.<\/p>\n<p>Herbowove probioti\u010dke formule napravljene su od biljnih sastojaka koji nose ekolo\u0161ki certifikat EU i sigurne su za cijelu obitelj.<br \/>\nRedovitom upotrebom povr\u0161ine ostaju ne samo \u010diste nego i dugoro\u010dno higijenske.<\/p>\n<p>Upute za uporabu:<\/p>\n<ul>\n<li>Poprskajte izravno na povr\u0161inu, zatim obri\u0161ite mikrovlaknastom krpom.<\/li>\n<li>Ne treba ispirati; brzo se su\u0161i i ne ostavlja pruge.<\/li>\n<\/ul>","protected":false},"excerpt":{"rendered":"<p>A <strong>Herbow Probioti\u010dki sprej i maramice<\/strong> Sa mirisom zelenog jabuka u\u010dinkovito \u010disti vodootporne povr\u0161ine. Njegovi sastojci biljnog podrijetla i korisni mikroorganizmi osiguravaju dugotrajnu prirodnu \u010disto\u0107u bez potrebe za ispiranjem.<\/p>\n<p>Veli\u010dina pakiranja: 500 ml<\/p>","protected":false},"featured_media":894,"comment_status":"open","ping_status":"closed","template":"","meta":[],"product_brand":[1397],"product_cat":[1459],"product_tag":[1568,1431,1567,1555,1570,1559,1557,1572,1467,1564,1565,1571,1561,1409,1422,1573,1563,1562,1412,1558,1560,1554,1553,1574,1569,1556,1566],"class_list":{"0":"post-1029","1":"product","2":"type-product","3":"status-publish","4":"has-post-thumbnail","6":"product_brand-herbow","7":"product_cat-herbow-probiotikus-tisztitoszerek","8":"product_tag-aktiv-probiotikumok","9":"product_tag-allergenmentes","10":"product_tag-allatkiserlet-mentes","11":"product_tag-elo-probiotikumok","12":"product_tag-oko-haztartasi-tisztitoszer","13":"product_tag-oko-tisztitas","14":"product_tag-biofilm-eltavolitas","15":"product_tag-biofilm-bonto-technologia","16":"product_tag-biologiailag-lebomlo","17":"product_tag-biztonsagos-tisztitas","18":"product_tag-borbarat-tisztitoszer","19":"product_tag-egeszseges-otthon","20":"product_tag-fenntarthato-haztartas","21":"product_tag-herbow","22":"product_tag-herbow-probiotikus","23":"product_tag-herbtech-probiotikus","24":"product_tag-hosszan-tarto-frissesseg","25":"product_tag-illatmentes-opcio","26":"product_tag-kornyezetbarat-tisztitoszer","27":"product_tag-melytisztito-hatas","28":"product_tag-novenyi-alapu-tisztitoszer","29":"product_tag-probiotikus-formula","30":"product_tag-probiotikus-tisztitoszer","31":"product_tag-tartos-mikrobialis-vedelem","32":"product_tag-termeszetes-higienia","33":"product_tag-termeszetes-tisztitas","34":"product_tag-vegan-tisztitoszer","36":"first","37":"instock","38":"taxable","39":"shipping-taxable","40":"product-type-simple"},"yoast_head":"<!-- This site is optimized with the Yoast SEO plugin v27.5 - https:\/\/yoast.com\/product\/yoast-seo-wordpress\/ -->\n<title>Herbow \u00c1ltal\u00e1nos fel\u00fclettiszt\u00edt\u00f3 Probiotikus Spray &amp; Wipe z\u00f6ld alma illattal 500 ml - Herbow | International<\/title>\n<meta name=\"description\" content=\"A Herbow Probiotikus Spray &amp; Wipe z\u00f6ldalma illattal hat\u00e9konyan tiszt\u00edtja a v\u00edz\u00e1ll\u00f3 fel\u00fcleteket. N\u00f6v\u00e9nyi \u00f6sszetev\u0151i \u00e9s j\u00f3t\u00e9kony mikroorganizmusai hosszan gondoskodnak a term\u00e9szetes tisztas\u00e1gr\u00f3l, \u00f6bl\u00edt\u00e9s n\u00e9lk\u00fcl.\" \/>\n<meta name=\"robots\" content=\"index, follow, max-snippet:-1, max-image-preview:large, max-video-preview:-1\" \/>\n<link rel=\"canonical\" href=\"https:\/\/herbow.eu\/hr\/product\/herbow-svrsishodni-cistac-povrsina-probioticki-sprej-maramica-s-mirisom-zelenog-jabuka\/\" \/>\n<meta property=\"og:locale\" content=\"hr_HR\" \/>\n<meta property=\"og:type\" content=\"article\" \/>\n<meta property=\"og:title\" content=\"Herbow \u00c1ltal\u00e1nos fel\u00fclettiszt\u00edt\u00f3 Probiotikus Spray &amp; Wipe z\u00f6ld alma illattal 500 ml - Herbow | International\" \/>\n<meta property=\"og:description\" content=\"A Herbow Probiotikus Spray &amp; Wipe z\u00f6ldalma illattal hat\u00e9konyan tiszt\u00edtja a v\u00edz\u00e1ll\u00f3 fel\u00fcleteket. N\u00f6v\u00e9nyi \u00f6sszetev\u0151i \u00e9s j\u00f3t\u00e9kony mikroorganizmusai hosszan gondoskodnak a term\u00e9szetes tisztas\u00e1gr\u00f3l, \u00f6bl\u00edt\u00e9s n\u00e9lk\u00fcl.\" \/>\n<meta property=\"og:url\" content=\"https:\/\/herbow.eu\/hr\/product\/herbow-svrsishodni-cistac-povrsina-probioticki-sprej-maramica-s-mirisom-zelenog-jabuka\/\" \/>\n<meta property=\"og:site_name\" content=\"Herbow | International\" \/>\n<meta property=\"article:publisher\" content=\"https:\/\/www.facebook.com\/herbowmosodioslabda\/\" \/>\n<meta property=\"article:modified_time\" content=\"2026-03-17T09:58:14+00:00\" \/>\n<meta property=\"og:image\" content=\"https:\/\/herbow.eu\/wp-content\/uploads\/2025\/08\/Herbow-Altalanos-felulettisztito-Probiotikus-Spray-Wipe-zold-alma-illattal-500-ml.png\" \/>\n\t<meta property=\"og:image:width\" content=\"2000\" \/>\n\t<meta property=\"og:image:height\" content=\"2000\" \/>\n\t<meta property=\"og:image:type\" content=\"image\/png\" \/>\n<meta name=\"twitter:card\" content=\"summary_large_image\" \/>\n<meta name=\"twitter:label1\" content=\"Procijenjeno vrijeme \u010ditanja\" \/>\n\t<meta name=\"twitter:data1\" content=\"1 minuta\" \/>\n<script type=\"application\/ld+json\" class=\"yoast-schema-graph\">{\"@context\":\"https:\\\/\\\/schema.org\",\"@graph\":[{\"@type\":\"WebPage\",\"@id\":\"https:\\\/\\\/herbow.eu\\\/product\\\/herbow-altalanos-felulettisztito-probiotikus-spray-wipe-zold-alma-illattal\\\/\",\"url\":\"https:\\\/\\\/herbow.eu\\\/product\\\/herbow-altalanos-felulettisztito-probiotikus-spray-wipe-zold-alma-illattal\\\/\",\"name\":\"Herbow \u00c1ltal\u00e1nos fel\u00fclettiszt\u00edt\u00f3 Probiotikus Spray & Wipe z\u00f6ld alma illattal 500 ml - Herbow | International\",\"isPartOf\":{\"@id\":\"https:\\\/\\\/herbow.eu\\\/#website\"},\"primaryImageOfPage\":{\"@id\":\"https:\\\/\\\/herbow.eu\\\/product\\\/herbow-altalanos-felulettisztito-probiotikus-spray-wipe-zold-alma-illattal\\\/#primaryimage\"},\"image\":{\"@id\":\"https:\\\/\\\/herbow.eu\\\/product\\\/herbow-altalanos-felulettisztito-probiotikus-spray-wipe-zold-alma-illattal\\\/#primaryimage\"},\"thumbnailUrl\":\"https:\\\/\\\/herbow.eu\\\/wp-content\\\/uploads\\\/2025\\\/08\\\/Herbow-Altalanos-felulettisztito-Probiotikus-Spray-Wipe-zold-alma-illattal-500-ml.png\",\"datePublished\":\"2025-08-18T09:05:57+00:00\",\"dateModified\":\"2026-03-17T09:58:14+00:00\",\"description\":\"A Herbow Probiotikus Spray & Wipe z\u00f6ldalma illattal hat\u00e9konyan tiszt\u00edtja a v\u00edz\u00e1ll\u00f3 fel\u00fcleteket. N\u00f6v\u00e9nyi \u00f6sszetev\u0151i \u00e9s j\u00f3t\u00e9kony mikroorganizmusai hosszan gondoskodnak a term\u00e9szetes tisztas\u00e1gr\u00f3l, \u00f6bl\u00edt\u00e9s n\u00e9lk\u00fcl.\",\"breadcrumb\":{\"@id\":\"https:\\\/\\\/herbow.eu\\\/product\\\/herbow-altalanos-felulettisztito-probiotikus-spray-wipe-zold-alma-illattal\\\/#breadcrumb\"},\"inLanguage\":\"hr\",\"potentialAction\":[{\"@type\":\"ReadAction\",\"target\":[\"https:\\\/\\\/herbow.eu\\\/product\\\/herbow-altalanos-felulettisztito-probiotikus-spray-wipe-zold-alma-illattal\\\/\"]}]},{\"@type\":\"ImageObject\",\"inLanguage\":\"hr\",\"@id\":\"https:\\\/\\\/herbow.eu\\\/product\\\/herbow-altalanos-felulettisztito-probiotikus-spray-wipe-zold-alma-illattal\\\/#primaryimage\",\"url\":\"https:\\\/\\\/herbow.eu\\\/wp-content\\\/uploads\\\/2025\\\/08\\\/Herbow-Altalanos-felulettisztito-Probiotikus-Spray-Wipe-zold-alma-illattal-500-ml.png\",\"contentUrl\":\"https:\\\/\\\/herbow.eu\\\/wp-content\\\/uploads\\\/2025\\\/08\\\/Herbow-Altalanos-felulettisztito-Probiotikus-Spray-Wipe-zold-alma-illattal-500-ml.png\",\"width\":2000,\"height\":2000},{\"@type\":\"BreadcrumbList\",\"@id\":\"https:\\\/\\\/herbow.eu\\\/product\\\/herbow-altalanos-felulettisztito-probiotikus-spray-wipe-zold-alma-illattal\\\/#breadcrumb\",\"itemListElement\":[{\"@type\":\"ListItem\",\"position\":1,\"name\":\"Kezd\u0151lap\",\"item\":\"https:\\\/\\\/herbow.eu\\\/\"},{\"@type\":\"ListItem\",\"position\":2,\"name\":\"Shop\",\"item\":\"https:\\\/\\\/herbow.eu\\\/shop\\\/\"},{\"@type\":\"ListItem\",\"position\":3,\"name\":\"Herbow \u00c1ltal\u00e1nos fel\u00fclettiszt\u00edt\u00f3 Probiotikus Spray &#038; Wipe z\u00f6ld alma illattal 500 ml\"}]},{\"@type\":\"WebSite\",\"@id\":\"https:\\\/\\\/herbow.eu\\\/#website\",\"url\":\"https:\\\/\\\/herbow.eu\\\/\",\"name\":\"Herbow | Herbal Organic World\",\"description\":\"Herbal Organic World\",\"publisher\":{\"@id\":\"https:\\\/\\\/herbow.eu\\\/#organization\"},\"potentialAction\":[{\"@type\":\"SearchAction\",\"target\":{\"@type\":\"EntryPoint\",\"urlTemplate\":\"https:\\\/\\\/herbow.eu\\\/?s={search_term_string}\"},\"query-input\":{\"@type\":\"PropertyValueSpecification\",\"valueRequired\":true,\"valueName\":\"search_term_string\"}}],\"inLanguage\":\"hr\"},{\"@type\":\"Organization\",\"@id\":\"https:\\\/\\\/herbow.eu\\\/#organization\",\"name\":\"Herbow International Zrt.\",\"url\":\"https:\\\/\\\/herbow.eu\\\/\",\"logo\":{\"@type\":\"ImageObject\",\"inLanguage\":\"hr\",\"@id\":\"https:\\\/\\\/herbow.eu\\\/#\\\/schema\\\/logo\\\/image\\\/\",\"url\":\"https:\\\/\\\/herbow.eu\\\/wp-content\\\/uploads\\\/2025\\\/07\\\/herbow_logo_hun_2021-01_w-slogan_no-background.png\",\"contentUrl\":\"https:\\\/\\\/herbow.eu\\\/wp-content\\\/uploads\\\/2025\\\/07\\\/herbow_logo_hun_2021-01_w-slogan_no-background.png\",\"width\":2366,\"height\":1732,\"caption\":\"Herbow International Zrt.\"},\"image\":{\"@id\":\"https:\\\/\\\/herbow.eu\\\/#\\\/schema\\\/logo\\\/image\\\/\"},\"sameAs\":[\"https:\\\/\\\/www.facebook.com\\\/herbowmosodioslabda\\\/\",\"https:\\\/\\\/www.instagram.com\\\/herbowmosodioslabda\\\/\"]}]}<\/script>\n<!-- \/ Yoast SEO plugin. -->","yoast_head_json":{"title":"Herbow svestrani \u010dista\u010d povr\u0161ina Probiotic sprej i brisanje s mirisom zelenog jabuka 500 ml - Herbow | International","description":"Herbow Probiotic Spray &amp; Wipe, sa svojim mirisom zelenog jabuka, u\u010dinkovito \u010disti vodootporne povr\u0161ine. Njegovi biljni sastojci i korisni mikroorganizmi osiguravaju dugotrajnu prirodnu \u010disto\u0107u, bez potrebe za ispiranjem.","robots":{"index":"index","follow":"follow","max-snippet":"max-snippet:-1","max-image-preview":"max-image-preview:large","max-video-preview":"max-video-preview:-1"},"canonical":"https:\/\/herbow.eu\/hr\/product\/herbow-svrsishodni-cistac-povrsina-probioticki-sprej-maramica-s-mirisom-zelenog-jabuka\/","og_locale":"hr_HR","og_type":"article","og_title":"Herbow \u00c1ltal\u00e1nos fel\u00fclettiszt\u00edt\u00f3 Probiotikus Spray & Wipe z\u00f6ld alma illattal 500 ml - Herbow | International","og_description":"A Herbow Probiotikus Spray & Wipe z\u00f6ldalma illattal hat\u00e9konyan tiszt\u00edtja a v\u00edz\u00e1ll\u00f3 fel\u00fcleteket. N\u00f6v\u00e9nyi \u00f6sszetev\u0151i \u00e9s j\u00f3t\u00e9kony mikroorganizmusai hosszan gondoskodnak a term\u00e9szetes tisztas\u00e1gr\u00f3l, \u00f6bl\u00edt\u00e9s n\u00e9lk\u00fcl.","og_url":"https:\/\/herbow.eu\/hr\/product\/herbow-svrsishodni-cistac-povrsina-probioticki-sprej-maramica-s-mirisom-zelenog-jabuka\/","og_site_name":"Herbow | International","article_publisher":"https:\/\/www.facebook.com\/herbowmosodioslabda\/","article_modified_time":"2026-03-17T09:58:14+00:00","og_image":[{"width":2000,"height":2000,"url":"https:\/\/herbow.eu\/wp-content\/uploads\/2025\/08\/Herbow-Altalanos-felulettisztito-Probiotikus-Spray-Wipe-zold-alma-illattal-500-ml.png","type":"image\/png"}],"twitter_card":"summary_large_image","twitter_misc":{"Procijenjeno vrijeme \u010ditanja":"1 minuta"},"schema":{"@context":"https:\/\/schema.org","@graph":[{"@type":"WebPage","@id":"https:\/\/herbow.eu\/product\/herbow-altalanos-felulettisztito-probiotikus-spray-wipe-zold-alma-illattal\/","url":"https:\/\/herbow.eu\/product\/herbow-altalanos-felulettisztito-probiotikus-spray-wipe-zold-alma-illattal\/","name":"Herbow svestrani \u010dista\u010d povr\u0161ina Probiotic sprej i brisanje s mirisom zelenog jabuka 500 ml - Herbow | International","isPartOf":{"@id":"https:\/\/herbow.eu\/#website"},"primaryImageOfPage":{"@id":"https:\/\/herbow.eu\/product\/herbow-altalanos-felulettisztito-probiotikus-spray-wipe-zold-alma-illattal\/#primaryimage"},"image":{"@id":"https:\/\/herbow.eu\/product\/herbow-altalanos-felulettisztito-probiotikus-spray-wipe-zold-alma-illattal\/#primaryimage"},"thumbnailUrl":"https:\/\/herbow.eu\/wp-content\/uploads\/2025\/08\/Herbow-Altalanos-felulettisztito-Probiotikus-Spray-Wipe-zold-alma-illattal-500-ml.png","datePublished":"2025-08-18T09:05:57+00:00","dateModified":"2026-03-17T09:58:14+00:00","description":"Herbow Probiotic Spray &amp; Wipe, sa svojim mirisom zelenog jabuka, u\u010dinkovito \u010disti vodootporne povr\u0161ine. Njegovi biljni sastojci i korisni mikroorganizmi osiguravaju dugotrajnu prirodnu \u010disto\u0107u, bez potrebe za ispiranjem.","breadcrumb":{"@id":"https:\/\/herbow.eu\/product\/herbow-altalanos-felulettisztito-probiotikus-spray-wipe-zold-alma-illattal\/#breadcrumb"},"inLanguage":"hr","potentialAction":[{"@type":"ReadAction","target":["https:\/\/herbow.eu\/product\/herbow-altalanos-felulettisztito-probiotikus-spray-wipe-zold-alma-illattal\/"]}]},{"@type":"ImageObject","inLanguage":"hr","@id":"https:\/\/herbow.eu\/product\/herbow-altalanos-felulettisztito-probiotikus-spray-wipe-zold-alma-illattal\/#primaryimage","url":"https:\/\/herbow.eu\/wp-content\/uploads\/2025\/08\/Herbow-Altalanos-felulettisztito-Probiotikus-Spray-Wipe-zold-alma-illattal-500-ml.png","contentUrl":"https:\/\/herbow.eu\/wp-content\/uploads\/2025\/08\/Herbow-Altalanos-felulettisztito-Probiotikus-Spray-Wipe-zold-alma-illattal-500-ml.png","width":2000,"height":2000},{"@type":"BreadcrumbList","@id":"https:\/\/herbow.eu\/product\/herbow-altalanos-felulettisztito-probiotikus-spray-wipe-zold-alma-illattal\/#breadcrumb","itemListElement":[{"@type":"ListItem","position":1,"name":"Kezd\u0151lap","item":"https:\/\/herbow.eu\/"},{"@type":"ListItem","position":2,"name":"Shop","item":"https:\/\/herbow.eu\/shop\/"},{"@type":"ListItem","position":3,"name":"Herbow \u00c1ltal\u00e1nos fel\u00fclettiszt\u00edt\u00f3 Probiotikus Spray &#038; Wipe z\u00f6ld alma illattal 500 ml"}]},{"@type":"WebSite","@id":"https:\/\/herbow.eu\/#website","url":"https:\/\/herbow.eu\/","name":"Herbow | Herbal Organic World","description":"Biljni organski svijet","publisher":{"@id":"https:\/\/herbow.eu\/#organization"},"potentialAction":[{"@type":"SearchAction","target":{"@type":"EntryPoint","urlTemplate":"https:\/\/herbow.eu\/?s={search_term_string}"},"query-input":{"@type":"PropertyValueSpecification","valueRequired":true,"valueName":"search_term_string"}}],"inLanguage":"hr"},{"@type":"Organization","@id":"https:\/\/herbow.eu\/#organization","name":"Herbow International d.o.o.","url":"https:\/\/herbow.eu\/","logo":{"@type":"ImageObject","inLanguage":"hr","@id":"https:\/\/herbow.eu\/#\/schema\/logo\/image\/","url":"https:\/\/herbow.eu\/wp-content\/uploads\/2025\/07\/herbow_logo_hun_2021-01_w-slogan_no-background.png","contentUrl":"https:\/\/herbow.eu\/wp-content\/uploads\/2025\/07\/herbow_logo_hun_2021-01_w-slogan_no-background.png","width":2366,"height":1732,"caption":"Herbow International Zrt."},"image":{"@id":"https:\/\/herbow.eu\/#\/schema\/logo\/image\/"},"sameAs":["https:\/\/www.facebook.com\/herbowmosodioslabda\/","https:\/\/www.instagram.com\/herbowmosodioslabda\/"]}]}},"jetpack_likes_enabled":true,"jetpack_sharing_enabled":true,"_links":{"self":[{"href":"https:\/\/herbow.eu\/hr\/wp-json\/wp\/v2\/product\/1029","targetHints":{"allow":["GET"]}}],"collection":[{"href":"https:\/\/herbow.eu\/hr\/wp-json\/wp\/v2\/product"}],"about":[{"href":"https:\/\/herbow.eu\/hr\/wp-json\/wp\/v2\/types\/product"}],"replies":[{"embeddable":true,"href":"https:\/\/herbow.eu\/hr\/wp-json\/wp\/v2\/comments?post=1029"}],"wp:featuredmedia":[{"embeddable":true,"href":"https:\/\/herbow.eu\/hr\/wp-json\/wp\/v2\/media\/894"}],"wp:attachment":[{"href":"https:\/\/herbow.eu\/hr\/wp-json\/wp\/v2\/media?parent=1029"}],"wp:term":[{"taxonomy":"product_brand","embeddable":true,"href":"https:\/\/herbow.eu\/hr\/wp-json\/wp\/v2\/product_brand?post=1029"},{"taxonomy":"product_cat","embeddable":true,"href":"https:\/\/herbow.eu\/hr\/wp-json\/wp\/v2\/product_cat?post=1029"},{"taxonomy":"product_tag","embeddable":true,"href":"https:\/\/herbow.eu\/hr\/wp-json\/wp\/v2\/product_tag?post=1029"}],"curies":[{"name":"wp","href":"https:\/\/api.w.org\/{rel}","templated":true}]}}