{"id":1025,"date":"2025-08-18T11:05:56","date_gmt":"2025-08-18T09:05:56","guid":{"rendered":"https:\/\/herbow.eu\/product\/herbow-gepi-mosogatoszer-natur-illattal-750ml\/"},"modified":"2026-03-17T10:58:19","modified_gmt":"2026-03-17T09:58:19","slug":"herbow-gepi-mosogatoszer-natur-illattal-750ml","status":"publish","type":"product","link":"https:\/\/herbow.eu\/hr\/product\/herbow-gepi-mosogatoszer-natur-illattal-750ml\/","title":{"rendered":"Herbow superkoncentrirani teku\u0107i deterd\u017eent za pranje posu\u0111a s prirodnim mirisom, 750 ml"},"content":{"rendered":"<p>A Herbow G\u00e9pi Mosogat\u00f3szer Nat\u00far illattal egy szuper koncentr\u00e1lt, n\u00f6v\u00e9nyi alap\u00fa formula, amely term\u00e9szetes mos\u00f3di\u00f3-extraktumot \u00e9s n\u00f6v\u00e9nyi enzimeket tartalmaz a hat\u00e9kony zs\u00edrtalan\u00edt\u00e1s \u00e9s \u00e9telmaradv\u00e1nyok elt\u00e1vol\u00edt\u00e1sa \u00e9rdek\u00e9ben. Term\u00e9szetes \u00f6sszetev\u0151i k\u00edm\u00e9letesek a g\u00e9phez \u00e9s a k\u00f6rnyezethez, mik\u00f6zben kompromisszummentes tisztas\u00e1got biztos\u00edtanak. F\u00e9kezett habz\u00e1s\u00fa \u00f6sszet\u00e9tele minden v\u00edzkem\u00e9nys\u00e9ghez alkalmazkodik, ez\u00e9rt v\u00edzl\u00e1gy\u00edt\u00f3 berendez\u00e9ssel rendelkez\u0151 g\u00e9pekben is biztons\u00e1gosan haszn\u00e1lhat\u00f3. A foly\u00e9kony formula gyorsan felold\u00f3dik, m\u00e1r a mosogat\u00e1si ciklus elej\u00e9n hat, \u00e9s nem hagy marad\u00e9kot az ed\u00e9nyeken vagy a g\u00e9p belsej\u00e9ben. A nat\u00far illat a friss, semleges tisztas\u00e1g \u00e9rzet\u00e9t adja \u2013 nem tolakod\u00f3, m\u00e9gis kellemesen friss, \u00edgy az illatra \u00e9rz\u00e9kenyek sz\u00e1m\u00e1ra is megfelel\u0151 v\u00e1laszt\u00e1s. Formul\u00e1nk foszf\u00e1t-, EDTA- \u00e9s kl\u00f3rmentes, nem tartalmaz mesters\u00e9ges sz\u00ednez\u00e9ket, \u00e9s biol\u00f3giailag leboml\u00f3. Veg\u00e1n \u00f6sszet\u00e9tele \u00e9s pr\u00e9mium habadagol\u00f3s csomagol\u00e1sa pontos adagol\u00e1st \u00e9s gazdas\u00e1gos felhaszn\u00e1l\u00e1st tesz lehet\u0151v\u00e9. A Herbow nat\u00far g\u00e9pi mosogat\u00f3szer a term\u00e9szetes tisztas\u00e1g, a hat\u00e9konys\u00e1g \u00e9s a k\u00f6rnyezettudatoss\u00e1g t\u00f6k\u00e9letes harm\u00f3ni\u00e1j\u00e1t k\u00edn\u00e1lja \u2013 kompromisszumok n\u00e9lk\u00fcl.<\/p>\n<p>Preporu\u010dena doza:<\/p>\n<ul>\n<li>Za sve vrste perilica posu\u0111a (za 9\u201312\u201315 kompleta posu\u0111a, uklju\u010duju\u0107i modele opremljene omek\u0161iva\u010dem vode), preporu\u010dena doza je 10\u201320 ml, ovisno o stupnju zaprljanosti.<\/li>\n<li>Ne koristite vi\u0161e od preporu\u010dene koli\u010dine, jer prekomjerna upotreba mo\u017ee uzrokovati pjenjenje u ku\u0107nim omek\u0161iva\u010dima vode.<\/li>\n<li>Kako biste osigurali najbolje rezultate \u010di\u0161\u0107enja, provjerite je li stroj napunjen sredstvom za pranje posu\u0111a.<\/li>\n<li>Kada koristite Herbow tabletu za perilicu posu\u0111a, nije potrebno sredstvo za odkalcifikaciju.<\/li>\n<\/ul>\n<p>Savjet: Za dugoro\u010dnu u\u010dinkovitost operite perilicu posu\u0111a jednom mjese\u010dno u skladu s uputama proizvo\u0111a\u010da. Za dugoro\u010dnu u\u010dinkovitost operite perilicu posu\u0111a jednom mjese\u010dno u skladu s uputama proizvo\u0111a\u010da.<\/p>","protected":false},"excerpt":{"rendered":"<p>A term\u00e9szetes tisztas\u00e1g illata, amely frissess\u00e9get \u00e9s ragyog\u00f3 ed\u00e9nyeket hagy maga ut\u00e1n. Mos\u00f3di\u00f3-extraktummal \u00e9s n\u00f6v\u00e9nyi enzimekkel k\u00e9sz\u00fclt szuper koncentr\u00e1lt formula, amely hat\u00e9konyan elt\u00e1vol\u00edtja a zs\u00edrt, mik\u00f6zben k\u00edm\u00e9letes a k\u00f6rnyezethez.<\/p>\n<p>Veli\u010dina pakiranja: 750 ml<\/p>","protected":false},"featured_media":907,"comment_status":"open","ping_status":"closed","template":"","meta":[],"product_brand":[1397],"product_cat":[1490,1400],"product_tag":[1591,1583,1521,1578,1584,1581,1467,1532,1593,1576,1409,1575,1582,1586,1589,1502,1585,1588,1577,1579,1525,1526,1590,1587,1580,1594,1592],"class_list":{"0":"post-1025","1":"product","2":"type-product","3":"status-publish","4":"has-post-thumbnail","6":"product_brand-herbow","7":"product_cat-gepi-mosogatoszer","8":"product_cat-folyekony-mosogatoszer","9":"product_tag-alacsony-hofokon-is-hatekony","10":"product_tag-erzekeny-borueknek-is","11":"product_tag-oko-haztartas","12":"product_tag-oko-mososzer","13":"product_tag-babaruhakhoz-alkalmas","14":"product_tag-bio-mososzer","15":"product_tag-biologiailag-lebomlo","16":"product_tag-feher-es-szines-ruhakhoz","17":"product_tag-foszfatmentes","18":"product_tag-gepi-mososzer","19":"product_tag-herbow","20":"product_tag-herbow-gepi-mososzer","21":"product_tag-hipoallergen-mososzer","22":"product_tag-illatmentes-mososzer","23":"product_tag-kimeletes-tisztitas","24":"product_tag-kornyezetbarat-mosas","25":"product_tag-koncentralt-mososzer","26":"product_tag-melytisztito-mosas","27":"product_tag-mosogel","28":"product_tag-novenyi-alapu-mososzer","29":"product_tag-parabenmentes","30":"product_tag-szinezekmentes","31":"product_tag-szinkimelo-mosas","32":"product_tag-termeszetes-illat","33":"product_tag-termeszetes-mosogel","34":"product_tag-textilkimelo-formula","35":"product_tag-vegan-mososzer","37":"first","38":"instock","39":"taxable","40":"shipping-taxable","41":"product-type-simple"},"yoast_head":"<!-- This site is optimized with the Yoast SEO plugin v27.4 - https:\/\/yoast.com\/product\/yoast-seo-wordpress\/ -->\n<title>Herbow G\u00e9pi Mosogat\u00f3szer Szuper Koncentr\u00e1tum Nat\u00far illattal 750 ml - Herbow | International<\/title>\n<meta name=\"description\" content=\"A term\u00e9szetes tisztas\u00e1g illata, amely frissess\u00e9get \u00e9s ragyog\u00f3 ed\u00e9nyeket hagy maga ut\u00e1n. Mos\u00f3di\u00f3-extraktummal \u00e9s n\u00f6v\u00e9nyi enzimekkel k\u00e9sz\u00fclt szuper koncentr\u00e1lt formula, amely hat\u00e9konyan elt\u00e1vol\u00edtja a zs\u00edrt, mik\u00f6zben k\u00edm\u00e9letes a k\u00f6rnyezethez.\" \/>\n<meta name=\"robots\" content=\"index, follow, max-snippet:-1, max-image-preview:large, max-video-preview:-1\" \/>\n<link rel=\"canonical\" href=\"https:\/\/herbow.eu\/hr\/product\/herbow-gepi-mosogatoszer-natur-illattal-750ml\/\" \/>\n<meta property=\"og:locale\" content=\"hr_HR\" \/>\n<meta property=\"og:type\" content=\"article\" \/>\n<meta property=\"og:title\" content=\"Herbow G\u00e9pi Mosogat\u00f3szer Szuper Koncentr\u00e1tum Nat\u00far illattal 750 ml - Herbow | International\" \/>\n<meta property=\"og:description\" content=\"A term\u00e9szetes tisztas\u00e1g illata, amely frissess\u00e9get \u00e9s ragyog\u00f3 ed\u00e9nyeket hagy maga ut\u00e1n. Mos\u00f3di\u00f3-extraktummal \u00e9s n\u00f6v\u00e9nyi enzimekkel k\u00e9sz\u00fclt szuper koncentr\u00e1lt formula, amely hat\u00e9konyan elt\u00e1vol\u00edtja a zs\u00edrt, mik\u00f6zben k\u00edm\u00e9letes a k\u00f6rnyezethez.\" \/>\n<meta property=\"og:url\" content=\"https:\/\/herbow.eu\/hr\/product\/herbow-gepi-mosogatoszer-natur-illattal-750ml\/\" \/>\n<meta property=\"og:site_name\" content=\"Herbow | International\" \/>\n<meta property=\"article:publisher\" content=\"https:\/\/www.facebook.com\/herbowmosodioslabda\/\" \/>\n<meta property=\"article:modified_time\" content=\"2026-03-17T09:58:19+00:00\" \/>\n<meta property=\"og:image\" content=\"https:\/\/herbow.eu\/wp-content\/uploads\/2025\/08\/Herbow-Gepi-Mosogatoszer.png\" \/>\n\t<meta property=\"og:image:width\" content=\"2000\" \/>\n\t<meta property=\"og:image:height\" content=\"2000\" \/>\n\t<meta property=\"og:image:type\" content=\"image\/png\" \/>\n<meta name=\"twitter:card\" content=\"summary_large_image\" \/>\n<meta name=\"twitter:label1\" content=\"Procijenjeno vrijeme \u010ditanja\" \/>\n\t<meta name=\"twitter:data1\" content=\"2 minute\" \/>\n<script type=\"application\/ld+json\" class=\"yoast-schema-graph\">{\"@context\":\"https:\\\/\\\/schema.org\",\"@graph\":[{\"@type\":\"WebPage\",\"@id\":\"https:\\\/\\\/herbow.eu\\\/product\\\/herbow-gepi-mosogatoszer-natur-illattal-750ml\\\/\",\"url\":\"https:\\\/\\\/herbow.eu\\\/product\\\/herbow-gepi-mosogatoszer-natur-illattal-750ml\\\/\",\"name\":\"Herbow G\u00e9pi Mosogat\u00f3szer Szuper Koncentr\u00e1tum Nat\u00far illattal 750 ml - Herbow | International\",\"isPartOf\":{\"@id\":\"https:\\\/\\\/herbow.eu\\\/#website\"},\"primaryImageOfPage\":{\"@id\":\"https:\\\/\\\/herbow.eu\\\/product\\\/herbow-gepi-mosogatoszer-natur-illattal-750ml\\\/#primaryimage\"},\"image\":{\"@id\":\"https:\\\/\\\/herbow.eu\\\/product\\\/herbow-gepi-mosogatoszer-natur-illattal-750ml\\\/#primaryimage\"},\"thumbnailUrl\":\"https:\\\/\\\/herbow.eu\\\/wp-content\\\/uploads\\\/2025\\\/08\\\/Herbow-Gepi-Mosogatoszer.png\",\"datePublished\":\"2025-08-18T09:05:56+00:00\",\"dateModified\":\"2026-03-17T09:58:19+00:00\",\"description\":\"A term\u00e9szetes tisztas\u00e1g illata, amely frissess\u00e9get \u00e9s ragyog\u00f3 ed\u00e9nyeket hagy maga ut\u00e1n. Mos\u00f3di\u00f3-extraktummal \u00e9s n\u00f6v\u00e9nyi enzimekkel k\u00e9sz\u00fclt szuper koncentr\u00e1lt formula, amely hat\u00e9konyan elt\u00e1vol\u00edtja a zs\u00edrt, mik\u00f6zben k\u00edm\u00e9letes a k\u00f6rnyezethez.\",\"breadcrumb\":{\"@id\":\"https:\\\/\\\/herbow.eu\\\/product\\\/herbow-gepi-mosogatoszer-natur-illattal-750ml\\\/#breadcrumb\"},\"inLanguage\":\"hr\",\"potentialAction\":[{\"@type\":\"ReadAction\",\"target\":[\"https:\\\/\\\/herbow.eu\\\/product\\\/herbow-gepi-mosogatoszer-natur-illattal-750ml\\\/\"]}]},{\"@type\":\"ImageObject\",\"inLanguage\":\"hr\",\"@id\":\"https:\\\/\\\/herbow.eu\\\/product\\\/herbow-gepi-mosogatoszer-natur-illattal-750ml\\\/#primaryimage\",\"url\":\"https:\\\/\\\/herbow.eu\\\/wp-content\\\/uploads\\\/2025\\\/08\\\/Herbow-Gepi-Mosogatoszer.png\",\"contentUrl\":\"https:\\\/\\\/herbow.eu\\\/wp-content\\\/uploads\\\/2025\\\/08\\\/Herbow-Gepi-Mosogatoszer.png\",\"width\":2000,\"height\":2000},{\"@type\":\"BreadcrumbList\",\"@id\":\"https:\\\/\\\/herbow.eu\\\/product\\\/herbow-gepi-mosogatoszer-natur-illattal-750ml\\\/#breadcrumb\",\"itemListElement\":[{\"@type\":\"ListItem\",\"position\":1,\"name\":\"Kezd\u0151lap\",\"item\":\"https:\\\/\\\/herbow.eu\\\/\"},{\"@type\":\"ListItem\",\"position\":2,\"name\":\"Shop\",\"item\":\"https:\\\/\\\/herbow.eu\\\/shop\\\/\"},{\"@type\":\"ListItem\",\"position\":3,\"name\":\"Herbow G\u00e9pi Mosogat\u00f3szer Szuper Koncentr\u00e1tum Nat\u00far illattal 750 ml\"}]},{\"@type\":\"WebSite\",\"@id\":\"https:\\\/\\\/herbow.eu\\\/#website\",\"url\":\"https:\\\/\\\/herbow.eu\\\/\",\"name\":\"Herbow | Herbal Organic World\",\"description\":\"Herbal Organic World\",\"publisher\":{\"@id\":\"https:\\\/\\\/herbow.eu\\\/#organization\"},\"potentialAction\":[{\"@type\":\"SearchAction\",\"target\":{\"@type\":\"EntryPoint\",\"urlTemplate\":\"https:\\\/\\\/herbow.eu\\\/?s={search_term_string}\"},\"query-input\":{\"@type\":\"PropertyValueSpecification\",\"valueRequired\":true,\"valueName\":\"search_term_string\"}}],\"inLanguage\":\"hr\"},{\"@type\":\"Organization\",\"@id\":\"https:\\\/\\\/herbow.eu\\\/#organization\",\"name\":\"Herbow International Zrt.\",\"url\":\"https:\\\/\\\/herbow.eu\\\/\",\"logo\":{\"@type\":\"ImageObject\",\"inLanguage\":\"hr\",\"@id\":\"https:\\\/\\\/herbow.eu\\\/#\\\/schema\\\/logo\\\/image\\\/\",\"url\":\"https:\\\/\\\/herbow.eu\\\/wp-content\\\/uploads\\\/2025\\\/07\\\/herbow_logo_hun_2021-01_w-slogan_no-background.png\",\"contentUrl\":\"https:\\\/\\\/herbow.eu\\\/wp-content\\\/uploads\\\/2025\\\/07\\\/herbow_logo_hun_2021-01_w-slogan_no-background.png\",\"width\":2366,\"height\":1732,\"caption\":\"Herbow International Zrt.\"},\"image\":{\"@id\":\"https:\\\/\\\/herbow.eu\\\/#\\\/schema\\\/logo\\\/image\\\/\"},\"sameAs\":[\"https:\\\/\\\/www.facebook.com\\\/herbowmosodioslabda\\\/\",\"https:\\\/\\\/www.instagram.com\\\/herbowmosodioslabda\\\/\"]}]}<\/script>\n<!-- \/ Yoast SEO plugin. -->","yoast_head_json":{"title":"Herbow G\u00e9pi Mosogat\u00f3szer Szuper Koncentr\u00e1tum Nat\u00far illattal 750 ml - Herbow | International","description":"A term\u00e9szetes tisztas\u00e1g illata, amely frissess\u00e9get \u00e9s ragyog\u00f3 ed\u00e9nyeket hagy maga ut\u00e1n. Mos\u00f3di\u00f3-extraktummal \u00e9s n\u00f6v\u00e9nyi enzimekkel k\u00e9sz\u00fclt szuper koncentr\u00e1lt formula, amely hat\u00e9konyan elt\u00e1vol\u00edtja a zs\u00edrt, mik\u00f6zben k\u00edm\u00e9letes a k\u00f6rnyezethez.","robots":{"index":"index","follow":"follow","max-snippet":"max-snippet:-1","max-image-preview":"max-image-preview:large","max-video-preview":"max-video-preview:-1"},"canonical":"https:\/\/herbow.eu\/hr\/product\/herbow-gepi-mosogatoszer-natur-illattal-750ml\/","og_locale":"hr_HR","og_type":"article","og_title":"Herbow G\u00e9pi Mosogat\u00f3szer Szuper Koncentr\u00e1tum Nat\u00far illattal 750 ml - Herbow | International","og_description":"A term\u00e9szetes tisztas\u00e1g illata, amely frissess\u00e9get \u00e9s ragyog\u00f3 ed\u00e9nyeket hagy maga ut\u00e1n. Mos\u00f3di\u00f3-extraktummal \u00e9s n\u00f6v\u00e9nyi enzimekkel k\u00e9sz\u00fclt szuper koncentr\u00e1lt formula, amely hat\u00e9konyan elt\u00e1vol\u00edtja a zs\u00edrt, mik\u00f6zben k\u00edm\u00e9letes a k\u00f6rnyezethez.","og_url":"https:\/\/herbow.eu\/hr\/product\/herbow-gepi-mosogatoszer-natur-illattal-750ml\/","og_site_name":"Herbow | International","article_publisher":"https:\/\/www.facebook.com\/herbowmosodioslabda\/","article_modified_time":"2026-03-17T09:58:19+00:00","og_image":[{"width":2000,"height":2000,"url":"https:\/\/herbow.eu\/wp-content\/uploads\/2025\/08\/Herbow-Gepi-Mosogatoszer.png","type":"image\/png"}],"twitter_card":"summary_large_image","twitter_misc":{"Procijenjeno vrijeme \u010ditanja":"2 minute"},"schema":{"@context":"https:\/\/schema.org","@graph":[{"@type":"WebPage","@id":"https:\/\/herbow.eu\/product\/herbow-gepi-mosogatoszer-natur-illattal-750ml\/","url":"https:\/\/herbow.eu\/product\/herbow-gepi-mosogatoszer-natur-illattal-750ml\/","name":"Herbow G\u00e9pi Mosogat\u00f3szer Szuper Koncentr\u00e1tum Nat\u00far illattal 750 ml - Herbow | International","isPartOf":{"@id":"https:\/\/herbow.eu\/#website"},"primaryImageOfPage":{"@id":"https:\/\/herbow.eu\/product\/herbow-gepi-mosogatoszer-natur-illattal-750ml\/#primaryimage"},"image":{"@id":"https:\/\/herbow.eu\/product\/herbow-gepi-mosogatoszer-natur-illattal-750ml\/#primaryimage"},"thumbnailUrl":"https:\/\/herbow.eu\/wp-content\/uploads\/2025\/08\/Herbow-Gepi-Mosogatoszer.png","datePublished":"2025-08-18T09:05:56+00:00","dateModified":"2026-03-17T09:58:19+00:00","description":"A term\u00e9szetes tisztas\u00e1g illata, amely frissess\u00e9get \u00e9s ragyog\u00f3 ed\u00e9nyeket hagy maga ut\u00e1n. Mos\u00f3di\u00f3-extraktummal \u00e9s n\u00f6v\u00e9nyi enzimekkel k\u00e9sz\u00fclt szuper koncentr\u00e1lt formula, amely hat\u00e9konyan elt\u00e1vol\u00edtja a zs\u00edrt, mik\u00f6zben k\u00edm\u00e9letes a k\u00f6rnyezethez.","breadcrumb":{"@id":"https:\/\/herbow.eu\/product\/herbow-gepi-mosogatoszer-natur-illattal-750ml\/#breadcrumb"},"inLanguage":"hr","potentialAction":[{"@type":"ReadAction","target":["https:\/\/herbow.eu\/product\/herbow-gepi-mosogatoszer-natur-illattal-750ml\/"]}]},{"@type":"ImageObject","inLanguage":"hr","@id":"https:\/\/herbow.eu\/product\/herbow-gepi-mosogatoszer-natur-illattal-750ml\/#primaryimage","url":"https:\/\/herbow.eu\/wp-content\/uploads\/2025\/08\/Herbow-Gepi-Mosogatoszer.png","contentUrl":"https:\/\/herbow.eu\/wp-content\/uploads\/2025\/08\/Herbow-Gepi-Mosogatoszer.png","width":2000,"height":2000},{"@type":"BreadcrumbList","@id":"https:\/\/herbow.eu\/product\/herbow-gepi-mosogatoszer-natur-illattal-750ml\/#breadcrumb","itemListElement":[{"@type":"ListItem","position":1,"name":"Kezd\u0151lap","item":"https:\/\/herbow.eu\/"},{"@type":"ListItem","position":2,"name":"Shop","item":"https:\/\/herbow.eu\/shop\/"},{"@type":"ListItem","position":3,"name":"Herbow G\u00e9pi Mosogat\u00f3szer Szuper Koncentr\u00e1tum Nat\u00far illattal 750 ml"}]},{"@type":"WebSite","@id":"https:\/\/herbow.eu\/#website","url":"https:\/\/herbow.eu\/","name":"Herbow | Herbal Organic World","description":"Biljni organski svijet","publisher":{"@id":"https:\/\/herbow.eu\/#organization"},"potentialAction":[{"@type":"SearchAction","target":{"@type":"EntryPoint","urlTemplate":"https:\/\/herbow.eu\/?s={search_term_string}"},"query-input":{"@type":"PropertyValueSpecification","valueRequired":true,"valueName":"search_term_string"}}],"inLanguage":"hr"},{"@type":"Organization","@id":"https:\/\/herbow.eu\/#organization","name":"Herbow International d.o.o.","url":"https:\/\/herbow.eu\/","logo":{"@type":"ImageObject","inLanguage":"hr","@id":"https:\/\/herbow.eu\/#\/schema\/logo\/image\/","url":"https:\/\/herbow.eu\/wp-content\/uploads\/2025\/07\/herbow_logo_hun_2021-01_w-slogan_no-background.png","contentUrl":"https:\/\/herbow.eu\/wp-content\/uploads\/2025\/07\/herbow_logo_hun_2021-01_w-slogan_no-background.png","width":2366,"height":1732,"caption":"Herbow International Zrt."},"image":{"@id":"https:\/\/herbow.eu\/#\/schema\/logo\/image\/"},"sameAs":["https:\/\/www.facebook.com\/herbowmosodioslabda\/","https:\/\/www.instagram.com\/herbowmosodioslabda\/"]}]}},"jetpack_likes_enabled":true,"jetpack_sharing_enabled":true,"_links":{"self":[{"href":"https:\/\/herbow.eu\/hr\/wp-json\/wp\/v2\/product\/1025","targetHints":{"allow":["GET"]}}],"collection":[{"href":"https:\/\/herbow.eu\/hr\/wp-json\/wp\/v2\/product"}],"about":[{"href":"https:\/\/herbow.eu\/hr\/wp-json\/wp\/v2\/types\/product"}],"replies":[{"embeddable":true,"href":"https:\/\/herbow.eu\/hr\/wp-json\/wp\/v2\/comments?post=1025"}],"wp:featuredmedia":[{"embeddable":true,"href":"https:\/\/herbow.eu\/hr\/wp-json\/wp\/v2\/media\/907"}],"wp:attachment":[{"href":"https:\/\/herbow.eu\/hr\/wp-json\/wp\/v2\/media?parent=1025"}],"wp:term":[{"taxonomy":"product_brand","embeddable":true,"href":"https:\/\/herbow.eu\/hr\/wp-json\/wp\/v2\/product_brand?post=1025"},{"taxonomy":"product_cat","embeddable":true,"href":"https:\/\/herbow.eu\/hr\/wp-json\/wp\/v2\/product_cat?post=1025"},{"taxonomy":"product_tag","embeddable":true,"href":"https:\/\/herbow.eu\/hr\/wp-json\/wp\/v2\/product_tag?post=1025"}],"curies":[{"name":"wp","href":"https:\/\/api.w.org\/{rel}","templated":true}]}}