{"id":983,"date":"2025-08-18T11:05:48","date_gmt":"2025-08-18T09:05:48","guid":{"rendered":"https:\/\/herbow.eu\/product\/herbow-mosodios-labda-color-1db-5-mosas\/"},"modified":"2026-03-17T10:58:46","modified_gmt":"2026-03-17T09:58:46","slug":"herbow-mosodios-ball-color-1db-5-mosas","status":"publish","type":"product","link":"https:\/\/herbow.eu\/fr\/product\/herbow-mosodios-labda-color-1db-5-mosas\/","title":{"rendered":"Boule de lavage Herbow COLOR 1pcs \/ 5 lavages"},"content":{"rendered":"<div>La boule de lavage Herbow r\u00e9volutionne le lavage naturel \u00e0 la lessive : elle offre le pouvoir naturel du lavage traditionnel sous une forme pratique, commode et parfum\u00e9e.<\/div>\n<div>La saponine naturelle contenue dans la noix de lavage \u00e9limine en douceur mais efficacement la salet\u00e9 des tissus sans irriter la peau ni nuire \u00e0 l'environnement. Recommand\u00e9 pour le lavage des v\u00eatements de couleur mod\u00e9r\u00e9ment sales.<\/div>\n<div><\/div>\n<div>Les noix de lavage Herbow sont trait\u00e9es avec une culture naturelle de micro-organismes et d'extrait de camomille, de sorte qu'elles assurent non seulement la propret\u00e9, mais aussi un parfum d\u00e9licatement frais et naturel.<\/div>\n<div>Les moustiquaires biod\u00e9gradables et les d\u00e9tergents textiles compostables offrent une solution durable pour tous les m\u00e9nages.<\/div>\n<div>Une balle peut \u00eatre utilis\u00e9e 5 fois et dispose d'une bande m\u00e9moire pratique pour vous aider \u00e0 suivre le nombre de lavages.<\/div>\n<div>Particuli\u00e8rement recommand\u00e9 pour les personnes \u00e0 la peau sensible, pour le lavage des enfants en bas \u00e2ge et des v\u00eatements de b\u00e9b\u00e9.<\/div>\n<div><\/div>\n<div>Sans conservateurs ni produits chimiques, v\u00e9g\u00e9talien et test\u00e9 par le T\u00dcV.<\/div>\n<div><\/div>\n<div>Emballage : 1 pi\u00e8ce (53 g) = suffisant pour environ 5 lavages.<\/div>\n<div>Utilisation :<\/div>\n<div>1) Placer la balle dans le tambour de la machine \u00e0 laver avec le linge, comme une capsule de lavage.<\/div>\n<div>2. lancer le programme de lavage. La balle reste dans le lave-linge jusqu'\u00e0 la fin du lavage.<\/div>\n<div>3) Apr\u00e8s le lavage, retirer de la machine et conserver dans un endroit sec, ou r\u00e9utiliser imm\u00e9diatement pour le prochain lavage.<\/div>\n<div><\/div>\n<div>D\u00e9conseill\u00e9 pour le lavage des produits en laine et en soie.<\/div>","protected":false},"excerpt":{"rendered":"<p>La boule de lavage Herbow est l'harmonie parfaite entre la propret\u00e9 naturelle et le confort. Riche en saponines v\u00e9g\u00e9tales, la lessive nettoie efficacement et en douceur tout en respectant la peau et l'environnement. Une boule suffit pour 5 lavages, enrichie en camomille parfum\u00e9e et en microculture respectueuse de la peau.<\/p>\n<p>Taille de l'emballage : 1 pi\u00e8ce<\/p>","protected":false},"featured_media":892,"comment_status":"open","ping_status":"closed","template":"","meta":[],"product_brand":[1397],"product_cat":[1461],"product_tag":[1620,1617,1626,1621,1467,1630,1629,1409,1613,1619,1625,1618,1624,1623,1502,1614,1413,1616,1590,1631,1622,1615,1627,1628],"class_list":{"0":"post-983","1":"product","2":"type-product","3":"status-publish","4":"has-post-thumbnail","6":"product_brand-herbow","7":"product_cat-mosodio","8":"product_tag-erzekeny-borueknek","9":"product_tag-oko-mososzer-alternativa","10":"product_tag-ujrahasznosithato","11":"product_tag-babaruhakhoz-ajanlott","12":"product_tag-biologiailag-lebomlo","13":"product_tag-fenntarthato-tisztitas","14":"product_tag-gazdasagos-mosasi-megoldas","15":"product_tag-herbow","16":"product_tag-herbow-mosodios-labda","17":"product_tag-hipoallergen-mosas","18":"product_tag-hulladekcsokkento-megoldas","19":"product_tag-illatmentes-mosas","20":"product_tag-kenyes-ruhakhoz","21":"product_tag-kimeletes-textilapolas","22":"product_tag-kornyezetbarat-mosas","23":"product_tag-mosodio","24":"product_tag-mosodios-labda","25":"product_tag-novenyi-alapu-tisztitas","26":"product_tag-szinkimelo-mosas","27":"product_tag-termeszetbarat-alternativa","28":"product_tag-termeszetes-folteltavolitas","29":"product_tag-termeszetes-mosas","30":"product_tag-vegyszermentes-mosas","31":"product_tag-zero-waste-mosas","33":"first","34":"instock","35":"taxable","36":"shipping-taxable","37":"product-type-simple"},"yoast_head":"<!-- This site is optimized with the Yoast SEO plugin v27.5 - https:\/\/yoast.com\/product\/yoast-seo-wordpress\/ -->\n<title>Herbow Mos\u00f3di\u00f3s Labda COLOR 1db \/ 5 mos\u00e1s - Herbow | International<\/title>\n<meta name=\"robots\" content=\"index, follow, max-snippet:-1, max-image-preview:large, max-video-preview:-1\" \/>\n<link rel=\"canonical\" href=\"https:\/\/herbow.eu\/fr\/product\/herbow-mosodios-ball-color-1db-5-mosas\/\" \/>\n<meta property=\"og:locale\" content=\"fr_FR\" \/>\n<meta property=\"og:type\" content=\"article\" \/>\n<meta property=\"og:title\" content=\"Herbow Mos\u00f3di\u00f3s Labda COLOR 1db \/ 5 mos\u00e1s - Herbow | International\" \/>\n<meta property=\"og:description\" content=\"A Herbow mos\u00f3di\u00f3s labda a term\u00e9szetes tisztas\u00e1g \u00e9s a k\u00e9nyelem t\u00f6k\u00e9letes harm\u00f3ni\u00e1ja. A n\u00f6v\u00e9nyi szaponinokban gazdag mos\u00f3di\u00f3 gyeng\u00e9den, m\u00e9gis hat\u00e9konyan tiszt\u00edt, mik\u00f6zben k\u00edm\u00e9li a b\u0151rt \u00e9s a k\u00f6rnyezetet. Egy labda ak\u00e1r 5 mos\u00e1sra elegend\u0151, illatos kamill\u00e1val \u00e9s b\u0151rk\u00edm\u00e9l\u0151 mikrokult\u00far\u00e1val gazdag\u00edtva.  Kiszerel\u00e9s: 1db\" \/>\n<meta property=\"og:url\" content=\"https:\/\/herbow.eu\/fr\/product\/herbow-mosodios-ball-color-1db-5-mosas\/\" \/>\n<meta property=\"og:site_name\" content=\"Herbow | International\" \/>\n<meta property=\"article:publisher\" content=\"https:\/\/www.facebook.com\/herbowmosodioslabda\/\" \/>\n<meta property=\"article:modified_time\" content=\"2026-03-17T09:58:46+00:00\" \/>\n<meta property=\"og:image\" content=\"https:\/\/herbow.eu\/wp-content\/uploads\/2025\/08\/Herbow-_mosodio_egyes_redesign_v5.png\" \/>\n\t<meta property=\"og:image:width\" content=\"2000\" \/>\n\t<meta property=\"og:image:height\" content=\"2000\" \/>\n\t<meta property=\"og:image:type\" content=\"image\/png\" \/>\n<meta name=\"twitter:card\" content=\"summary_large_image\" \/>\n<meta name=\"twitter:label1\" content=\"Dur\u00e9e de lecture estim\u00e9e\" \/>\n\t<meta name=\"twitter:data1\" content=\"2 minutes\" \/>\n<script type=\"application\/ld+json\" class=\"yoast-schema-graph\">{\"@context\":\"https:\\\/\\\/schema.org\",\"@graph\":[{\"@type\":\"WebPage\",\"@id\":\"https:\\\/\\\/herbow.eu\\\/product\\\/herbow-mosodios-labda-color-1db-5-mosas\\\/\",\"url\":\"https:\\\/\\\/herbow.eu\\\/product\\\/herbow-mosodios-labda-color-1db-5-mosas\\\/\",\"name\":\"Herbow Mos\u00f3di\u00f3s Labda COLOR 1db \\\/ 5 mos\u00e1s - Herbow | International\",\"isPartOf\":{\"@id\":\"https:\\\/\\\/herbow.eu\\\/#website\"},\"primaryImageOfPage\":{\"@id\":\"https:\\\/\\\/herbow.eu\\\/product\\\/herbow-mosodios-labda-color-1db-5-mosas\\\/#primaryimage\"},\"image\":{\"@id\":\"https:\\\/\\\/herbow.eu\\\/product\\\/herbow-mosodios-labda-color-1db-5-mosas\\\/#primaryimage\"},\"thumbnailUrl\":\"https:\\\/\\\/herbow.eu\\\/wp-content\\\/uploads\\\/2025\\\/08\\\/Herbow-_mosodio_egyes_redesign_v5.png\",\"datePublished\":\"2025-08-18T09:05:48+00:00\",\"dateModified\":\"2026-03-17T09:58:46+00:00\",\"breadcrumb\":{\"@id\":\"https:\\\/\\\/herbow.eu\\\/product\\\/herbow-mosodios-labda-color-1db-5-mosas\\\/#breadcrumb\"},\"inLanguage\":\"fr-FR\",\"potentialAction\":[{\"@type\":\"ReadAction\",\"target\":[\"https:\\\/\\\/herbow.eu\\\/product\\\/herbow-mosodios-labda-color-1db-5-mosas\\\/\"]}]},{\"@type\":\"ImageObject\",\"inLanguage\":\"fr-FR\",\"@id\":\"https:\\\/\\\/herbow.eu\\\/product\\\/herbow-mosodios-labda-color-1db-5-mosas\\\/#primaryimage\",\"url\":\"https:\\\/\\\/herbow.eu\\\/wp-content\\\/uploads\\\/2025\\\/08\\\/Herbow-_mosodio_egyes_redesign_v5.png\",\"contentUrl\":\"https:\\\/\\\/herbow.eu\\\/wp-content\\\/uploads\\\/2025\\\/08\\\/Herbow-_mosodio_egyes_redesign_v5.png\",\"width\":2000,\"height\":2000},{\"@type\":\"BreadcrumbList\",\"@id\":\"https:\\\/\\\/herbow.eu\\\/product\\\/herbow-mosodios-labda-color-1db-5-mosas\\\/#breadcrumb\",\"itemListElement\":[{\"@type\":\"ListItem\",\"position\":1,\"name\":\"Kezd\u0151lap\",\"item\":\"https:\\\/\\\/herbow.eu\\\/\"},{\"@type\":\"ListItem\",\"position\":2,\"name\":\"Shop\",\"item\":\"https:\\\/\\\/herbow.eu\\\/shop\\\/\"},{\"@type\":\"ListItem\",\"position\":3,\"name\":\"Herbow Mos\u00f3di\u00f3s Labda COLOR 1db \\\/ 5 mos\u00e1s\"}]},{\"@type\":\"WebSite\",\"@id\":\"https:\\\/\\\/herbow.eu\\\/#website\",\"url\":\"https:\\\/\\\/herbow.eu\\\/\",\"name\":\"Herbow | Herbal Organic World\",\"description\":\"Herbal Organic World\",\"publisher\":{\"@id\":\"https:\\\/\\\/herbow.eu\\\/#organization\"},\"potentialAction\":[{\"@type\":\"SearchAction\",\"target\":{\"@type\":\"EntryPoint\",\"urlTemplate\":\"https:\\\/\\\/herbow.eu\\\/?s={search_term_string}\"},\"query-input\":{\"@type\":\"PropertyValueSpecification\",\"valueRequired\":true,\"valueName\":\"search_term_string\"}}],\"inLanguage\":\"fr-FR\"},{\"@type\":\"Organization\",\"@id\":\"https:\\\/\\\/herbow.eu\\\/#organization\",\"name\":\"Herbow International Zrt.\",\"url\":\"https:\\\/\\\/herbow.eu\\\/\",\"logo\":{\"@type\":\"ImageObject\",\"inLanguage\":\"fr-FR\",\"@id\":\"https:\\\/\\\/herbow.eu\\\/#\\\/schema\\\/logo\\\/image\\\/\",\"url\":\"https:\\\/\\\/herbow.eu\\\/wp-content\\\/uploads\\\/2025\\\/07\\\/herbow_logo_hun_2021-01_w-slogan_no-background.png\",\"contentUrl\":\"https:\\\/\\\/herbow.eu\\\/wp-content\\\/uploads\\\/2025\\\/07\\\/herbow_logo_hun_2021-01_w-slogan_no-background.png\",\"width\":2366,\"height\":1732,\"caption\":\"Herbow International Zrt.\"},\"image\":{\"@id\":\"https:\\\/\\\/herbow.eu\\\/#\\\/schema\\\/logo\\\/image\\\/\"},\"sameAs\":[\"https:\\\/\\\/www.facebook.com\\\/herbowmosodioslabda\\\/\",\"https:\\\/\\\/www.instagram.com\\\/herbowmosodioslabda\\\/\"]}]}<\/script>\n<!-- \/ Yoast SEO plugin. -->","yoast_head_json":{"title":"Herbow Boule de lavage COLOR 1pcs \/ 5 lavages - Herbow | International","robots":{"index":"index","follow":"follow","max-snippet":"max-snippet:-1","max-image-preview":"max-image-preview:large","max-video-preview":"max-video-preview:-1"},"canonical":"https:\/\/herbow.eu\/fr\/product\/herbow-mosodios-ball-color-1db-5-mosas\/","og_locale":"fr_FR","og_type":"article","og_title":"Herbow Mos\u00f3di\u00f3s Labda COLOR 1db \/ 5 mos\u00e1s - Herbow | International","og_description":"A Herbow mos\u00f3di\u00f3s labda a term\u00e9szetes tisztas\u00e1g \u00e9s a k\u00e9nyelem t\u00f6k\u00e9letes harm\u00f3ni\u00e1ja. A n\u00f6v\u00e9nyi szaponinokban gazdag mos\u00f3di\u00f3 gyeng\u00e9den, m\u00e9gis hat\u00e9konyan tiszt\u00edt, mik\u00f6zben k\u00edm\u00e9li a b\u0151rt \u00e9s a k\u00f6rnyezetet. Egy labda ak\u00e1r 5 mos\u00e1sra elegend\u0151, illatos kamill\u00e1val \u00e9s b\u0151rk\u00edm\u00e9l\u0151 mikrokult\u00far\u00e1val gazdag\u00edtva.  Kiszerel\u00e9s: 1db","og_url":"https:\/\/herbow.eu\/fr\/product\/herbow-mosodios-ball-color-1db-5-mosas\/","og_site_name":"Herbow | International","article_publisher":"https:\/\/www.facebook.com\/herbowmosodioslabda\/","article_modified_time":"2026-03-17T09:58:46+00:00","og_image":[{"width":2000,"height":2000,"url":"https:\/\/herbow.eu\/wp-content\/uploads\/2025\/08\/Herbow-_mosodio_egyes_redesign_v5.png","type":"image\/png"}],"twitter_card":"summary_large_image","twitter_misc":{"Dur\u00e9e de lecture estim\u00e9e":"2 minutes"},"schema":{"@context":"https:\/\/schema.org","@graph":[{"@type":"WebPage","@id":"https:\/\/herbow.eu\/product\/herbow-mosodios-labda-color-1db-5-mosas\/","url":"https:\/\/herbow.eu\/product\/herbow-mosodios-labda-color-1db-5-mosas\/","name":"Herbow Boule de lavage COLOR 1pcs \/ 5 lavages - Herbow | International","isPartOf":{"@id":"https:\/\/herbow.eu\/#website"},"primaryImageOfPage":{"@id":"https:\/\/herbow.eu\/product\/herbow-mosodios-labda-color-1db-5-mosas\/#primaryimage"},"image":{"@id":"https:\/\/herbow.eu\/product\/herbow-mosodios-labda-color-1db-5-mosas\/#primaryimage"},"thumbnailUrl":"https:\/\/herbow.eu\/wp-content\/uploads\/2025\/08\/Herbow-_mosodio_egyes_redesign_v5.png","datePublished":"2025-08-18T09:05:48+00:00","dateModified":"2026-03-17T09:58:46+00:00","breadcrumb":{"@id":"https:\/\/herbow.eu\/product\/herbow-mosodios-labda-color-1db-5-mosas\/#breadcrumb"},"inLanguage":"fr-FR","potentialAction":[{"@type":"ReadAction","target":["https:\/\/herbow.eu\/product\/herbow-mosodios-labda-color-1db-5-mosas\/"]}]},{"@type":"ImageObject","inLanguage":"fr-FR","@id":"https:\/\/herbow.eu\/product\/herbow-mosodios-labda-color-1db-5-mosas\/#primaryimage","url":"https:\/\/herbow.eu\/wp-content\/uploads\/2025\/08\/Herbow-_mosodio_egyes_redesign_v5.png","contentUrl":"https:\/\/herbow.eu\/wp-content\/uploads\/2025\/08\/Herbow-_mosodio_egyes_redesign_v5.png","width":2000,"height":2000},{"@type":"BreadcrumbList","@id":"https:\/\/herbow.eu\/product\/herbow-mosodios-labda-color-1db-5-mosas\/#breadcrumb","itemListElement":[{"@type":"ListItem","position":1,"name":"Kezd\u0151lap","item":"https:\/\/herbow.eu\/"},{"@type":"ListItem","position":2,"name":"Shop","item":"https:\/\/herbow.eu\/shop\/"},{"@type":"ListItem","position":3,"name":"Herbow Mos\u00f3di\u00f3s Labda COLOR 1db \/ 5 mos\u00e1s"}]},{"@type":"WebSite","@id":"https:\/\/herbow.eu\/#website","url":"https:\/\/herbow.eu\/","name":"Herbow | Herbal Organic World","description":"Herbal Organic World","publisher":{"@id":"https:\/\/herbow.eu\/#organization"},"potentialAction":[{"@type":"SearchAction","target":{"@type":"EntryPoint","urlTemplate":"https:\/\/herbow.eu\/?s={search_term_string}"},"query-input":{"@type":"PropertyValueSpecification","valueRequired":true,"valueName":"search_term_string"}}],"inLanguage":"fr-FR"},{"@type":"Organization","@id":"https:\/\/herbow.eu\/#organization","name":"Herbow International Zrt.","url":"https:\/\/herbow.eu\/","logo":{"@type":"ImageObject","inLanguage":"fr-FR","@id":"https:\/\/herbow.eu\/#\/schema\/logo\/image\/","url":"https:\/\/herbow.eu\/wp-content\/uploads\/2025\/07\/herbow_logo_hun_2021-01_w-slogan_no-background.png","contentUrl":"https:\/\/herbow.eu\/wp-content\/uploads\/2025\/07\/herbow_logo_hun_2021-01_w-slogan_no-background.png","width":2366,"height":1732,"caption":"Herbow International Zrt."},"image":{"@id":"https:\/\/herbow.eu\/#\/schema\/logo\/image\/"},"sameAs":["https:\/\/www.facebook.com\/herbowmosodioslabda\/","https:\/\/www.instagram.com\/herbowmosodioslabda\/"]}]}},"jetpack_likes_enabled":true,"jetpack_sharing_enabled":true,"_links":{"self":[{"href":"https:\/\/herbow.eu\/fr\/wp-json\/wp\/v2\/product\/983","targetHints":{"allow":["GET"]}}],"collection":[{"href":"https:\/\/herbow.eu\/fr\/wp-json\/wp\/v2\/product"}],"about":[{"href":"https:\/\/herbow.eu\/fr\/wp-json\/wp\/v2\/types\/product"}],"replies":[{"embeddable":true,"href":"https:\/\/herbow.eu\/fr\/wp-json\/wp\/v2\/comments?post=983"}],"wp:featuredmedia":[{"embeddable":true,"href":"https:\/\/herbow.eu\/fr\/wp-json\/wp\/v2\/media\/892"}],"wp:attachment":[{"href":"https:\/\/herbow.eu\/fr\/wp-json\/wp\/v2\/media?parent=983"}],"wp:term":[{"taxonomy":"product_brand","embeddable":true,"href":"https:\/\/herbow.eu\/fr\/wp-json\/wp\/v2\/product_brand?post=983"},{"taxonomy":"product_cat","embeddable":true,"href":"https:\/\/herbow.eu\/fr\/wp-json\/wp\/v2\/product_cat?post=983"},{"taxonomy":"product_tag","embeddable":true,"href":"https:\/\/herbow.eu\/fr\/wp-json\/wp\/v2\/product_tag?post=983"}],"curies":[{"name":"wp","href":"https:\/\/api.w.org\/{rel}","templated":true}]}}