{"id":2112,"date":"2025-12-15T11:00:51","date_gmt":"2025-12-15T10:00:51","guid":{"rendered":"https:\/\/herbow.eu\/?post_type=product&#038;p=2112"},"modified":"2026-03-17T10:58:47","modified_gmt":"2026-03-17T09:58:47","slug":"herbow-3in1-parfum-de-lessive-white-love","status":"publish","type":"product","link":"https:\/\/herbow.eu\/fr\/product\/herbow-3in1-mosoparfum-feher-szerelem\/","title":{"rendered":"Herbow 3in1 Wash Perfume White Love"},"content":{"rendered":"<p>La lessive liquide Herbow parfum\u00e9e au th\u00e9 vert associe le pouvoir de la nature \u00e0 la technologie moderne de la blanchisserie pour que vos v\u00eatements color\u00e9s restent \u00e9clatants, doux et frais plus longtemps.<\/p>\n<p><strong>Nettoyage naturel, entretien en douceur<\/strong><br \/>\nLe d\u00e9tergent contient des extraits de noix de lavage et des bioenzymes qui d\u00e9composent efficacement la salet\u00e9 tout en respectant les fibres textiles. Il aide \u00e0 pr\u00e9venir la d\u00e9coloration des couleurs, de sorte que vos v\u00eatements conservent leur aspect d'origine plus longtemps.<\/p>\n<p><strong>Parfum frais et naturel de th\u00e9 vert<\/strong><br \/>\nLe d\u00e9licat parfum de th\u00e9 vert laisse une agr\u00e9able sensation de fra\u00eecheur apr\u00e8s le lavage, sans \u00eatre envahissant. Id\u00e9al pour les v\u00eatements de tous les jours, les v\u00eatements de travail et les textiles familiaux.<\/p>\n<p><strong>Pourquoi choisir le d\u00e9tergent au th\u00e9 vert Herbow ?<\/strong><\/p>\n<ul>\n<li>D\u00e9velopp\u00e9 pour les v\u00eatements de couleur<\/li>\n<li>Avec de l'extrait de mosodi et des bioenzymes<\/li>\n<li>Doux pour les fibres textiles<\/li>\n<li>Aide \u00e0 pr\u00e9server l'\u00e9clat des couleurs<\/li>\n<li>Parfum frais et naturel de th\u00e9 vert<\/li>\n<li>Convient \u00e0 un usage quotidienLa lessive liquide parfum\u00e9e au th\u00e9 vert Herbow est le choix id\u00e9al pour ceux qui recherchent un moyen efficace, mais plus naturel, de nettoyer des v\u00eatements color\u00e9s - sans compromis.<\/li>\n<\/ul>","protected":false},"excerpt":{"rendered":"<p>A <strong data-start=\"333\" data-end=\"378\">Lessive liquide parfum\u00e9e au th\u00e9 vert Herbow<\/strong> apporte une puret\u00e9 et une fra\u00eecheur naturelles \u00e0 la <strong data-start=\"430\" data-end=\"446\">v\u00eatements color\u00e9s<\/strong> pour. Il nettoie efficacement avec des extraits de noix de lavage et des bio-enzymes, tout en pr\u00e9servant l'\u00e9clat des couleurs et la douceur des tissus. Un parfum d\u00e9licat et frais de th\u00e9 vert persiste longtemps sur les v\u00eatements.<\/p>","protected":false},"featured_media":2120,"comment_status":"open","ping_status":"closed","template":"","meta":[],"product_brand":[1397],"product_cat":[1491],"product_tag":[1496,1493,1501,1409,1492,1495,1506,1504,1502,1507,1511,1510,1414,1499,1500,1505,1508,1509,1494,1497,1498,1503],"class_list":{"0":"post-2112","1":"product","2":"type-product","3":"status-publish","4":"has-post-thumbnail","6":"product_brand-herbow","7":"product_cat-3in1-mosoparfum-oblito-koncentratum","8":"product_tag-3in1-formula","9":"product_tag-3in1-mosoparfum","10":"product_tag-oko-oblito-alternativa","11":"product_tag-herbow","12":"product_tag-herbow-3in1","13":"product_tag-herbtech-3in1","14":"product_tag-hosszan-tarto-illat","15":"product_tag-illatos-ruhak","16":"product_tag-kornyezetbarat-mosas","17":"product_tag-koncentralt-mosoparfum","18":"product_tag-mosodio-melle-kiegeszito","19":"product_tag-mosogel-melle-kiegeszito","20":"product_tag-mosoparfum","21":"product_tag-novenyi-alapu-textilapolo","22":"product_tag-novenyi-eredetu-osszetevok","23":"product_tag-puha-ruhak","24":"product_tag-ruhaillatosito","25":"product_tag-szines-es-feher-ruhakhoz","26":"product_tag-textiloblito-koncentratum","27":"product_tag-textilfrissito","28":"product_tag-textillagyito","29":"product_tag-tudatos-haztartas","31":"first","32":"instock","33":"taxable","34":"shipping-taxable","35":"product-type-variable"},"yoast_head":"<!-- This site is optimized with the Yoast SEO plugin v27.4 - https:\/\/yoast.com\/product\/yoast-seo-wordpress\/ -->\n<title>Herbow 3in1 Mos\u00f3parf\u00fcm Feh\u00e9r szerelem - Herbow | International<\/title>\n<meta name=\"description\" content=\"A Herbow Z\u00f6ld Tea illat\u00fa foly\u00e9kony mos\u00f3szer term\u00e9szetes tisztas\u00e1got \u00e9s frissess\u00e9get biztos\u00edt a sz\u00ednes ruh\u00e1k sz\u00e1m\u00e1ra. Mos\u00f3di\u00f3-extraktummal \u00e9s bioenzimekkel hat\u00e9konyan tiszt\u00edt, mik\u00f6zben meg\u0151rzi a sz\u00ednek \u00e9l\u00e9nks\u00e9g\u00e9t \u00e9s a text\u00edli\u00e1k puhas\u00e1g\u00e1t. Finom, friss z\u00f6ld tea illata hosszan megmarad a ruh\u00e1kon.\" \/>\n<meta name=\"robots\" content=\"index, follow, max-snippet:-1, max-image-preview:large, max-video-preview:-1\" \/>\n<link rel=\"canonical\" href=\"https:\/\/herbow.eu\/fr\/product\/herbow-3in1-parfum-de-lessive-white-love\/\" \/>\n<meta property=\"og:locale\" content=\"fr_FR\" \/>\n<meta property=\"og:type\" content=\"article\" \/>\n<meta property=\"og:title\" content=\"Herbow 3in1 Mos\u00f3parf\u00fcm Feh\u00e9r szerelem - Herbow | International\" \/>\n<meta property=\"og:description\" content=\"A Herbow Z\u00f6ld Tea illat\u00fa foly\u00e9kony mos\u00f3szer term\u00e9szetes tisztas\u00e1got \u00e9s frissess\u00e9get biztos\u00edt a sz\u00ednes ruh\u00e1k sz\u00e1m\u00e1ra. Mos\u00f3di\u00f3-extraktummal \u00e9s bioenzimekkel hat\u00e9konyan tiszt\u00edt, mik\u00f6zben meg\u0151rzi a sz\u00ednek \u00e9l\u00e9nks\u00e9g\u00e9t \u00e9s a text\u00edli\u00e1k puhas\u00e1g\u00e1t. Finom, friss z\u00f6ld tea illata hosszan megmarad a ruh\u00e1kon.\" \/>\n<meta property=\"og:url\" content=\"https:\/\/herbow.eu\/fr\/product\/herbow-3in1-parfum-de-lessive-white-love\/\" \/>\n<meta property=\"og:site_name\" content=\"Herbow | International\" \/>\n<meta property=\"article:publisher\" content=\"https:\/\/www.facebook.com\/herbowmosodioslabda\/\" \/>\n<meta property=\"article:modified_time\" content=\"2026-03-17T09:58:47+00:00\" \/>\n<meta property=\"og:image\" content=\"https:\/\/herbow.eu\/wp-content\/uploads\/2025\/12\/Woo_base_2000x2000_47432_3in1_white_love_200ml.png\" \/>\n\t<meta property=\"og:image:width\" content=\"2000\" \/>\n\t<meta property=\"og:image:height\" content=\"2000\" \/>\n\t<meta property=\"og:image:type\" content=\"image\/png\" \/>\n<meta name=\"twitter:card\" content=\"summary_large_image\" \/>\n<meta name=\"twitter:label1\" content=\"Dur\u00e9e de lecture estim\u00e9e\" \/>\n\t<meta name=\"twitter:data1\" content=\"1 minute\" \/>\n<script type=\"application\/ld+json\" class=\"yoast-schema-graph\">{\"@context\":\"https:\\\/\\\/schema.org\",\"@graph\":[{\"@type\":\"WebPage\",\"@id\":\"https:\\\/\\\/herbow.eu\\\/product\\\/herbow-3in1-mosoparfum-feher-szerelem\\\/\",\"url\":\"https:\\\/\\\/herbow.eu\\\/product\\\/herbow-3in1-mosoparfum-feher-szerelem\\\/\",\"name\":\"Herbow 3in1 Mos\u00f3parf\u00fcm Feh\u00e9r szerelem - Herbow | International\",\"isPartOf\":{\"@id\":\"https:\\\/\\\/herbow.eu\\\/#website\"},\"primaryImageOfPage\":{\"@id\":\"https:\\\/\\\/herbow.eu\\\/product\\\/herbow-3in1-mosoparfum-feher-szerelem\\\/#primaryimage\"},\"image\":{\"@id\":\"https:\\\/\\\/herbow.eu\\\/product\\\/herbow-3in1-mosoparfum-feher-szerelem\\\/#primaryimage\"},\"thumbnailUrl\":\"https:\\\/\\\/herbow.eu\\\/wp-content\\\/uploads\\\/2025\\\/12\\\/Woo_base_2000x2000_47432_3in1_white_love_200ml.png\",\"datePublished\":\"2025-12-15T10:00:51+00:00\",\"dateModified\":\"2026-03-17T09:58:47+00:00\",\"description\":\"A Herbow Z\u00f6ld Tea illat\u00fa foly\u00e9kony mos\u00f3szer term\u00e9szetes tisztas\u00e1got \u00e9s frissess\u00e9get biztos\u00edt a sz\u00ednes ruh\u00e1k sz\u00e1m\u00e1ra. Mos\u00f3di\u00f3-extraktummal \u00e9s bioenzimekkel hat\u00e9konyan tiszt\u00edt, mik\u00f6zben meg\u0151rzi a sz\u00ednek \u00e9l\u00e9nks\u00e9g\u00e9t \u00e9s a text\u00edli\u00e1k puhas\u00e1g\u00e1t. Finom, friss z\u00f6ld tea illata hosszan megmarad a ruh\u00e1kon.\",\"breadcrumb\":{\"@id\":\"https:\\\/\\\/herbow.eu\\\/product\\\/herbow-3in1-mosoparfum-feher-szerelem\\\/#breadcrumb\"},\"inLanguage\":\"fr-FR\",\"potentialAction\":[{\"@type\":\"ReadAction\",\"target\":[\"https:\\\/\\\/herbow.eu\\\/product\\\/herbow-3in1-mosoparfum-feher-szerelem\\\/\"]}]},{\"@type\":\"ImageObject\",\"inLanguage\":\"fr-FR\",\"@id\":\"https:\\\/\\\/herbow.eu\\\/product\\\/herbow-3in1-mosoparfum-feher-szerelem\\\/#primaryimage\",\"url\":\"https:\\\/\\\/herbow.eu\\\/wp-content\\\/uploads\\\/2025\\\/12\\\/Woo_base_2000x2000_47432_3in1_white_love_200ml.png\",\"contentUrl\":\"https:\\\/\\\/herbow.eu\\\/wp-content\\\/uploads\\\/2025\\\/12\\\/Woo_base_2000x2000_47432_3in1_white_love_200ml.png\",\"width\":2000,\"height\":2000},{\"@type\":\"BreadcrumbList\",\"@id\":\"https:\\\/\\\/herbow.eu\\\/product\\\/herbow-3in1-mosoparfum-feher-szerelem\\\/#breadcrumb\",\"itemListElement\":[{\"@type\":\"ListItem\",\"position\":1,\"name\":\"Kezd\u0151lap\",\"item\":\"https:\\\/\\\/herbow.eu\\\/\"},{\"@type\":\"ListItem\",\"position\":2,\"name\":\"Shop\",\"item\":\"https:\\\/\\\/herbow.eu\\\/shop\\\/\"},{\"@type\":\"ListItem\",\"position\":3,\"name\":\"Herbow 3in1 Mos\u00f3parf\u00fcm Feh\u00e9r szerelem\"}]},{\"@type\":\"WebSite\",\"@id\":\"https:\\\/\\\/herbow.eu\\\/#website\",\"url\":\"https:\\\/\\\/herbow.eu\\\/\",\"name\":\"Herbow | Herbal Organic World\",\"description\":\"Herbal Organic World\",\"publisher\":{\"@id\":\"https:\\\/\\\/herbow.eu\\\/#organization\"},\"potentialAction\":[{\"@type\":\"SearchAction\",\"target\":{\"@type\":\"EntryPoint\",\"urlTemplate\":\"https:\\\/\\\/herbow.eu\\\/?s={search_term_string}\"},\"query-input\":{\"@type\":\"PropertyValueSpecification\",\"valueRequired\":true,\"valueName\":\"search_term_string\"}}],\"inLanguage\":\"fr-FR\"},{\"@type\":\"Organization\",\"@id\":\"https:\\\/\\\/herbow.eu\\\/#organization\",\"name\":\"Herbow International Zrt.\",\"url\":\"https:\\\/\\\/herbow.eu\\\/\",\"logo\":{\"@type\":\"ImageObject\",\"inLanguage\":\"fr-FR\",\"@id\":\"https:\\\/\\\/herbow.eu\\\/#\\\/schema\\\/logo\\\/image\\\/\",\"url\":\"https:\\\/\\\/herbow.eu\\\/wp-content\\\/uploads\\\/2025\\\/07\\\/herbow_logo_hun_2021-01_w-slogan_no-background.png\",\"contentUrl\":\"https:\\\/\\\/herbow.eu\\\/wp-content\\\/uploads\\\/2025\\\/07\\\/herbow_logo_hun_2021-01_w-slogan_no-background.png\",\"width\":2366,\"height\":1732,\"caption\":\"Herbow International Zrt.\"},\"image\":{\"@id\":\"https:\\\/\\\/herbow.eu\\\/#\\\/schema\\\/logo\\\/image\\\/\"},\"sameAs\":[\"https:\\\/\\\/www.facebook.com\\\/herbowmosodioslabda\\\/\",\"https:\\\/\\\/www.instagram.com\\\/herbowmosodioslabda\\\/\"]}]}<\/script>\n<!-- \/ Yoast SEO plugin. -->","yoast_head_json":{"title":"Herbow 3in1 Wash Perfume White Love - Herbow | International","description":"La lessive liquide Herbow, parfum\u00e9e au th\u00e9 vert, apporte une propret\u00e9 et une fra\u00eecheur naturelles aux v\u00eatements color\u00e9s. Il nettoie efficacement gr\u00e2ce \u00e0 l'extrait de wasodi et aux bioenzymes, tout en pr\u00e9servant l'\u00e9clat des couleurs et la douceur des tissus. Un parfum d\u00e9licat et frais de th\u00e9 vert persiste longtemps sur les v\u00eatements.","robots":{"index":"index","follow":"follow","max-snippet":"max-snippet:-1","max-image-preview":"max-image-preview:large","max-video-preview":"max-video-preview:-1"},"canonical":"https:\/\/herbow.eu\/fr\/product\/herbow-3in1-parfum-de-lessive-white-love\/","og_locale":"fr_FR","og_type":"article","og_title":"Herbow 3in1 Mos\u00f3parf\u00fcm Feh\u00e9r szerelem - Herbow | International","og_description":"A Herbow Z\u00f6ld Tea illat\u00fa foly\u00e9kony mos\u00f3szer term\u00e9szetes tisztas\u00e1got \u00e9s frissess\u00e9get biztos\u00edt a sz\u00ednes ruh\u00e1k sz\u00e1m\u00e1ra. Mos\u00f3di\u00f3-extraktummal \u00e9s bioenzimekkel hat\u00e9konyan tiszt\u00edt, mik\u00f6zben meg\u0151rzi a sz\u00ednek \u00e9l\u00e9nks\u00e9g\u00e9t \u00e9s a text\u00edli\u00e1k puhas\u00e1g\u00e1t. Finom, friss z\u00f6ld tea illata hosszan megmarad a ruh\u00e1kon.","og_url":"https:\/\/herbow.eu\/fr\/product\/herbow-3in1-parfum-de-lessive-white-love\/","og_site_name":"Herbow | International","article_publisher":"https:\/\/www.facebook.com\/herbowmosodioslabda\/","article_modified_time":"2026-03-17T09:58:47+00:00","og_image":[{"width":2000,"height":2000,"url":"https:\/\/herbow.eu\/wp-content\/uploads\/2025\/12\/Woo_base_2000x2000_47432_3in1_white_love_200ml.png","type":"image\/png"}],"twitter_card":"summary_large_image","twitter_misc":{"Dur\u00e9e de lecture estim\u00e9e":"1 minute"},"schema":{"@context":"https:\/\/schema.org","@graph":[{"@type":"WebPage","@id":"https:\/\/herbow.eu\/product\/herbow-3in1-mosoparfum-feher-szerelem\/","url":"https:\/\/herbow.eu\/product\/herbow-3in1-mosoparfum-feher-szerelem\/","name":"Herbow 3in1 Wash Perfume White Love - Herbow | International","isPartOf":{"@id":"https:\/\/herbow.eu\/#website"},"primaryImageOfPage":{"@id":"https:\/\/herbow.eu\/product\/herbow-3in1-mosoparfum-feher-szerelem\/#primaryimage"},"image":{"@id":"https:\/\/herbow.eu\/product\/herbow-3in1-mosoparfum-feher-szerelem\/#primaryimage"},"thumbnailUrl":"https:\/\/herbow.eu\/wp-content\/uploads\/2025\/12\/Woo_base_2000x2000_47432_3in1_white_love_200ml.png","datePublished":"2025-12-15T10:00:51+00:00","dateModified":"2026-03-17T09:58:47+00:00","description":"La lessive liquide Herbow, parfum\u00e9e au th\u00e9 vert, apporte une propret\u00e9 et une fra\u00eecheur naturelles aux v\u00eatements color\u00e9s. Il nettoie efficacement gr\u00e2ce \u00e0 l'extrait de wasodi et aux bioenzymes, tout en pr\u00e9servant l'\u00e9clat des couleurs et la douceur des tissus. Un parfum d\u00e9licat et frais de th\u00e9 vert persiste longtemps sur les v\u00eatements.","breadcrumb":{"@id":"https:\/\/herbow.eu\/product\/herbow-3in1-mosoparfum-feher-szerelem\/#breadcrumb"},"inLanguage":"fr-FR","potentialAction":[{"@type":"ReadAction","target":["https:\/\/herbow.eu\/product\/herbow-3in1-mosoparfum-feher-szerelem\/"]}]},{"@type":"ImageObject","inLanguage":"fr-FR","@id":"https:\/\/herbow.eu\/product\/herbow-3in1-mosoparfum-feher-szerelem\/#primaryimage","url":"https:\/\/herbow.eu\/wp-content\/uploads\/2025\/12\/Woo_base_2000x2000_47432_3in1_white_love_200ml.png","contentUrl":"https:\/\/herbow.eu\/wp-content\/uploads\/2025\/12\/Woo_base_2000x2000_47432_3in1_white_love_200ml.png","width":2000,"height":2000},{"@type":"BreadcrumbList","@id":"https:\/\/herbow.eu\/product\/herbow-3in1-mosoparfum-feher-szerelem\/#breadcrumb","itemListElement":[{"@type":"ListItem","position":1,"name":"Kezd\u0151lap","item":"https:\/\/herbow.eu\/"},{"@type":"ListItem","position":2,"name":"Shop","item":"https:\/\/herbow.eu\/shop\/"},{"@type":"ListItem","position":3,"name":"Herbow 3in1 Mos\u00f3parf\u00fcm Feh\u00e9r szerelem"}]},{"@type":"WebSite","@id":"https:\/\/herbow.eu\/#website","url":"https:\/\/herbow.eu\/","name":"Herbow | Herbal Organic World","description":"Herbal Organic World","publisher":{"@id":"https:\/\/herbow.eu\/#organization"},"potentialAction":[{"@type":"SearchAction","target":{"@type":"EntryPoint","urlTemplate":"https:\/\/herbow.eu\/?s={search_term_string}"},"query-input":{"@type":"PropertyValueSpecification","valueRequired":true,"valueName":"search_term_string"}}],"inLanguage":"fr-FR"},{"@type":"Organization","@id":"https:\/\/herbow.eu\/#organization","name":"Herbow International Zrt.","url":"https:\/\/herbow.eu\/","logo":{"@type":"ImageObject","inLanguage":"fr-FR","@id":"https:\/\/herbow.eu\/#\/schema\/logo\/image\/","url":"https:\/\/herbow.eu\/wp-content\/uploads\/2025\/07\/herbow_logo_hun_2021-01_w-slogan_no-background.png","contentUrl":"https:\/\/herbow.eu\/wp-content\/uploads\/2025\/07\/herbow_logo_hun_2021-01_w-slogan_no-background.png","width":2366,"height":1732,"caption":"Herbow International Zrt."},"image":{"@id":"https:\/\/herbow.eu\/#\/schema\/logo\/image\/"},"sameAs":["https:\/\/www.facebook.com\/herbowmosodioslabda\/","https:\/\/www.instagram.com\/herbowmosodioslabda\/"]}]}},"jetpack_likes_enabled":true,"jetpack_sharing_enabled":true,"_links":{"self":[{"href":"https:\/\/herbow.eu\/fr\/wp-json\/wp\/v2\/product\/2112","targetHints":{"allow":["GET"]}}],"collection":[{"href":"https:\/\/herbow.eu\/fr\/wp-json\/wp\/v2\/product"}],"about":[{"href":"https:\/\/herbow.eu\/fr\/wp-json\/wp\/v2\/types\/product"}],"replies":[{"embeddable":true,"href":"https:\/\/herbow.eu\/fr\/wp-json\/wp\/v2\/comments?post=2112"}],"wp:featuredmedia":[{"embeddable":true,"href":"https:\/\/herbow.eu\/fr\/wp-json\/wp\/v2\/media\/2120"}],"wp:attachment":[{"href":"https:\/\/herbow.eu\/fr\/wp-json\/wp\/v2\/media?parent=2112"}],"wp:term":[{"taxonomy":"product_brand","embeddable":true,"href":"https:\/\/herbow.eu\/fr\/wp-json\/wp\/v2\/product_brand?post=2112"},{"taxonomy":"product_cat","embeddable":true,"href":"https:\/\/herbow.eu\/fr\/wp-json\/wp\/v2\/product_cat?post=2112"},{"taxonomy":"product_tag","embeddable":true,"href":"https:\/\/herbow.eu\/fr\/wp-json\/wp\/v2\/product_tag?post=2112"}],"curies":[{"name":"wp","href":"https:\/\/api.w.org\/{rel}","templated":true}]}}