{"id":1256,"date":"2025-11-21T14:51:41","date_gmt":"2025-11-21T13:51:41","guid":{"rendered":"https:\/\/herbow.eu\/?post_type=product&#038;p=1256"},"modified":"2026-03-17T10:58:47","modified_gmt":"2026-03-17T09:58:47","slug":"herbow-3in1-laundry-perfume-tundoklo-hercegno-200-ml","status":"publish","type":"product","link":"https:\/\/herbow.eu\/fr\/product\/herbow-3in1-mosoparfum-tundoklo-hercegno-200-ml\/","title":{"rendered":"Herbow 3in1 Lavage Parfum Princesse P\u00e9tillante"},"content":{"rendered":"<p>Le parfum de The Fragrant Princess allie l'\u00e9l\u00e9gance de la rose \u00e0 la douce chaleur de la vanille. Une fragrance florale d\u00e9licate, \u00e0 la fois f\u00e9minine et harmonieuse, qui laisse une fra\u00eecheur \u00e9l\u00e9gante et propre sur les tissus apr\u00e8s chaque lavage. Les parfums de lavage Herbow 3in1 sont une nouvelle g\u00e9n\u00e9ration de produits d'entretien des tissus qui associent le pouvoir de la nature et la technologie moderne en une seule formule. Leur formulation innovante HerbTech 3in1 combine l'action d'un parfum de lessive, d'un rafra\u00eechisseur de tissu et d'un assouplissant pour laisser les v\u00eatements non seulement durablement parfum\u00e9s, mais aussi doux, faciles \u00e0 manipuler et agr\u00e9ables au toucher. Des ingr\u00e9dients doux \u00e0 base de plantes nourrissent les tissus tout en pr\u00e9servant leur pouvoir d'absorption naturel. Apr\u00e8s chaque lavage, les v\u00eatements conservent un parfum frais et naturel et une douceur durable, sans nuire \u00e0 la peau ni \u00e0 l'environnement.<\/p>\n<p>Le parfum de lavage Herbow 3in1 est une solution simple, consciente et efficace pour ceux qui recherchent une propret\u00e9 naturelle sans compromis. La fragrance de The Dazzling Princess associe la beaut\u00e9 sophistiqu\u00e9e de la rose \u00e0 la chaleur subtile de la vanille - laissant une fra\u00eecheur douce et durable sur les tissus qui sera un ajout \u00e9l\u00e9gant et f\u00e9minin \u00e0 votre vie de tous les jours.<\/p>\n<p>Utilisez 5 ml (un demi-capuchon) pour chaque lavage, et si vous souhaitez un parfum plus intense, augmentez la dose de quelques millilitres.<\/p>","protected":false},"excerpt":{"rendered":"<p>A <strong>Herbow 3in1 Parfum de Lavage - Princesse P\u00e9tillante<\/strong> a l'\u00e9l\u00e9gance raffin\u00e9e de la rose et la douce chaleur de la vanille. Un parfum f\u00e9minin d\u00e9licatement fleuri qui apporte une harmonie naturelle et une fra\u00eecheur durable aux textiles. Sa formule innovante HerbTech 3in1 parfume, adoucit et rafra\u00eechit simultan\u00e9ment les v\u00eatements pour les laisser agr\u00e9ables au toucher et parfum\u00e9s apr\u00e8s chaque lavage.<\/p>","protected":false},"featured_media":1148,"comment_status":"open","ping_status":"closed","template":"","meta":[],"product_brand":[1397],"product_cat":[1491],"product_tag":[1496,1493,1501,1409,1492,1495,1506,1504,1502,1507,1511,1510,1414,1499,1500,1505,1508,1509,1494,1497,1498,1503],"class_list":{"0":"post-1256","1":"product","2":"type-product","3":"status-publish","4":"has-post-thumbnail","6":"product_brand-herbow","7":"product_cat-3in1-mosoparfum-oblito-koncentratum","8":"product_tag-3in1-formula","9":"product_tag-3in1-mosoparfum","10":"product_tag-oko-oblito-alternativa","11":"product_tag-herbow","12":"product_tag-herbow-3in1","13":"product_tag-herbtech-3in1","14":"product_tag-hosszan-tarto-illat","15":"product_tag-illatos-ruhak","16":"product_tag-kornyezetbarat-mosas","17":"product_tag-koncentralt-mosoparfum","18":"product_tag-mosodio-melle-kiegeszito","19":"product_tag-mosogel-melle-kiegeszito","20":"product_tag-mosoparfum","21":"product_tag-novenyi-alapu-textilapolo","22":"product_tag-novenyi-eredetu-osszetevok","23":"product_tag-puha-ruhak","24":"product_tag-ruhaillatosito","25":"product_tag-szines-es-feher-ruhakhoz","26":"product_tag-textiloblito-koncentratum","27":"product_tag-textilfrissito","28":"product_tag-textillagyito","29":"product_tag-tudatos-haztartas","31":"first","32":"instock","33":"taxable","34":"shipping-taxable","35":"product-type-variable"},"yoast_head":"<!-- This site is optimized with the Yoast SEO plugin v27.5 - https:\/\/yoast.com\/product\/yoast-seo-wordpress\/ -->\n<title>Herbow 3in1 Mos\u00f3parf\u00fcm T\u00fcnd\u00f6kl\u0151 Hercegn\u0151 - Herbow | International<\/title>\n<meta name=\"description\" content=\"A Herbow 3in1 Mos\u00f3parf\u00fcm \u2013 Ny\u00e1ri Es\u0151 a friss z\u00e1por ut\u00e1ni leveg\u0151 tisztas\u00e1g\u00e1t \u00e9s \u00fcde frissess\u00e9g\u00e9t hozza el. L\u00e1gy, term\u00e9szetes illata \u00e1tj\u00e1rja a ruh\u00e1kat, \u00e9s minden mos\u00e1ssal a friss leveg\u0151 \u00e9rzet\u00e9t hagyja maga ut\u00e1n.Innovat\u00edv HerbTech 3in1 formul\u00e1ja egyes\u00edti a mos\u00f3parf\u00fcm, textilfriss\u00edt\u0151 \u00e9s textill\u00e1gy\u00edt\u00f3 hat\u00e1s\u00e1t, hogy a ruha ne csak illatos, hanem l\u00e1gy \u00e9s hosszan friss maradjon.\" \/>\n<meta name=\"robots\" content=\"index, follow, max-snippet:-1, max-image-preview:large, max-video-preview:-1\" \/>\n<link rel=\"canonical\" href=\"https:\/\/herbow.eu\/fr\/product\/herbow-3in1-laundry-perfume-tundoklo-hercegno-200-ml\/\" \/>\n<meta property=\"og:locale\" content=\"fr_FR\" \/>\n<meta property=\"og:type\" content=\"article\" \/>\n<meta property=\"og:title\" content=\"Herbow 3in1 Mos\u00f3parf\u00fcm T\u00fcnd\u00f6kl\u0151 Hercegn\u0151 - Herbow | International\" \/>\n<meta property=\"og:description\" content=\"A Herbow 3in1 Mos\u00f3parf\u00fcm \u2013 Ny\u00e1ri Es\u0151 a friss z\u00e1por ut\u00e1ni leveg\u0151 tisztas\u00e1g\u00e1t \u00e9s \u00fcde frissess\u00e9g\u00e9t hozza el. L\u00e1gy, term\u00e9szetes illata \u00e1tj\u00e1rja a ruh\u00e1kat, \u00e9s minden mos\u00e1ssal a friss leveg\u0151 \u00e9rzet\u00e9t hagyja maga ut\u00e1n.Innovat\u00edv HerbTech 3in1 formul\u00e1ja egyes\u00edti a mos\u00f3parf\u00fcm, textilfriss\u00edt\u0151 \u00e9s textill\u00e1gy\u00edt\u00f3 hat\u00e1s\u00e1t, hogy a ruha ne csak illatos, hanem l\u00e1gy \u00e9s hosszan friss maradjon.\" \/>\n<meta property=\"og:url\" content=\"https:\/\/herbow.eu\/fr\/product\/herbow-3in1-laundry-perfume-tundoklo-hercegno-200-ml\/\" \/>\n<meta property=\"og:site_name\" content=\"Herbow | International\" \/>\n<meta property=\"article:publisher\" content=\"https:\/\/www.facebook.com\/herbowmosodioslabda\/\" \/>\n<meta property=\"article:modified_time\" content=\"2026-03-17T09:58:47+00:00\" \/>\n<meta property=\"og:image\" content=\"https:\/\/herbow.eu\/wp-content\/uploads\/2025\/11\/Woo_base_2000x2000_47432_3in1_Princess_200ml.png\" \/>\n\t<meta property=\"og:image:width\" content=\"2000\" \/>\n\t<meta property=\"og:image:height\" content=\"2000\" \/>\n\t<meta property=\"og:image:type\" content=\"image\/png\" \/>\n<meta name=\"twitter:card\" content=\"summary_large_image\" \/>\n<meta name=\"twitter:label1\" content=\"Dur\u00e9e de lecture estim\u00e9e\" \/>\n\t<meta name=\"twitter:data1\" content=\"2 minutes\" \/>\n<script type=\"application\/ld+json\" class=\"yoast-schema-graph\">{\"@context\":\"https:\\\/\\\/schema.org\",\"@graph\":[{\"@type\":\"WebPage\",\"@id\":\"https:\\\/\\\/herbow.eu\\\/product\\\/herbow-3in1-mosoparfum-tundoklo-hercegno-200-ml\\\/\",\"url\":\"https:\\\/\\\/herbow.eu\\\/product\\\/herbow-3in1-mosoparfum-tundoklo-hercegno-200-ml\\\/\",\"name\":\"Herbow 3in1 Mos\u00f3parf\u00fcm T\u00fcnd\u00f6kl\u0151 Hercegn\u0151 - Herbow | International\",\"isPartOf\":{\"@id\":\"https:\\\/\\\/herbow.eu\\\/#website\"},\"primaryImageOfPage\":{\"@id\":\"https:\\\/\\\/herbow.eu\\\/product\\\/herbow-3in1-mosoparfum-tundoklo-hercegno-200-ml\\\/#primaryimage\"},\"image\":{\"@id\":\"https:\\\/\\\/herbow.eu\\\/product\\\/herbow-3in1-mosoparfum-tundoklo-hercegno-200-ml\\\/#primaryimage\"},\"thumbnailUrl\":\"https:\\\/\\\/herbow.eu\\\/wp-content\\\/uploads\\\/2025\\\/11\\\/Woo_base_2000x2000_47432_3in1_Princess_200ml.png\",\"datePublished\":\"2025-11-21T13:51:41+00:00\",\"dateModified\":\"2026-03-17T09:58:47+00:00\",\"description\":\"A Herbow 3in1 Mos\u00f3parf\u00fcm \u2013 Ny\u00e1ri Es\u0151 a friss z\u00e1por ut\u00e1ni leveg\u0151 tisztas\u00e1g\u00e1t \u00e9s \u00fcde frissess\u00e9g\u00e9t hozza el. L\u00e1gy, term\u00e9szetes illata \u00e1tj\u00e1rja a ruh\u00e1kat, \u00e9s minden mos\u00e1ssal a friss leveg\u0151 \u00e9rzet\u00e9t hagyja maga ut\u00e1n.Innovat\u00edv HerbTech 3in1 formul\u00e1ja egyes\u00edti a mos\u00f3parf\u00fcm, textilfriss\u00edt\u0151 \u00e9s textill\u00e1gy\u00edt\u00f3 hat\u00e1s\u00e1t, hogy a ruha ne csak illatos, hanem l\u00e1gy \u00e9s hosszan friss maradjon.\",\"breadcrumb\":{\"@id\":\"https:\\\/\\\/herbow.eu\\\/product\\\/herbow-3in1-mosoparfum-tundoklo-hercegno-200-ml\\\/#breadcrumb\"},\"inLanguage\":\"fr-FR\",\"potentialAction\":[{\"@type\":\"ReadAction\",\"target\":[\"https:\\\/\\\/herbow.eu\\\/product\\\/herbow-3in1-mosoparfum-tundoklo-hercegno-200-ml\\\/\"]}]},{\"@type\":\"ImageObject\",\"inLanguage\":\"fr-FR\",\"@id\":\"https:\\\/\\\/herbow.eu\\\/product\\\/herbow-3in1-mosoparfum-tundoklo-hercegno-200-ml\\\/#primaryimage\",\"url\":\"https:\\\/\\\/herbow.eu\\\/wp-content\\\/uploads\\\/2025\\\/11\\\/Woo_base_2000x2000_47432_3in1_Princess_200ml.png\",\"contentUrl\":\"https:\\\/\\\/herbow.eu\\\/wp-content\\\/uploads\\\/2025\\\/11\\\/Woo_base_2000x2000_47432_3in1_Princess_200ml.png\",\"width\":2000,\"height\":2000},{\"@type\":\"BreadcrumbList\",\"@id\":\"https:\\\/\\\/herbow.eu\\\/product\\\/herbow-3in1-mosoparfum-tundoklo-hercegno-200-ml\\\/#breadcrumb\",\"itemListElement\":[{\"@type\":\"ListItem\",\"position\":1,\"name\":\"Kezd\u0151lap\",\"item\":\"https:\\\/\\\/herbow.eu\\\/\"},{\"@type\":\"ListItem\",\"position\":2,\"name\":\"Shop\",\"item\":\"https:\\\/\\\/herbow.eu\\\/shop\\\/\"},{\"@type\":\"ListItem\",\"position\":3,\"name\":\"Herbow 3in1 Mos\u00f3parf\u00fcm T\u00fcnd\u00f6kl\u0151 Hercegn\u0151\"}]},{\"@type\":\"WebSite\",\"@id\":\"https:\\\/\\\/herbow.eu\\\/#website\",\"url\":\"https:\\\/\\\/herbow.eu\\\/\",\"name\":\"Herbow | Herbal Organic World\",\"description\":\"Herbal Organic World\",\"publisher\":{\"@id\":\"https:\\\/\\\/herbow.eu\\\/#organization\"},\"potentialAction\":[{\"@type\":\"SearchAction\",\"target\":{\"@type\":\"EntryPoint\",\"urlTemplate\":\"https:\\\/\\\/herbow.eu\\\/?s={search_term_string}\"},\"query-input\":{\"@type\":\"PropertyValueSpecification\",\"valueRequired\":true,\"valueName\":\"search_term_string\"}}],\"inLanguage\":\"fr-FR\"},{\"@type\":\"Organization\",\"@id\":\"https:\\\/\\\/herbow.eu\\\/#organization\",\"name\":\"Herbow International Zrt.\",\"url\":\"https:\\\/\\\/herbow.eu\\\/\",\"logo\":{\"@type\":\"ImageObject\",\"inLanguage\":\"fr-FR\",\"@id\":\"https:\\\/\\\/herbow.eu\\\/#\\\/schema\\\/logo\\\/image\\\/\",\"url\":\"https:\\\/\\\/herbow.eu\\\/wp-content\\\/uploads\\\/2025\\\/07\\\/herbow_logo_hun_2021-01_w-slogan_no-background.png\",\"contentUrl\":\"https:\\\/\\\/herbow.eu\\\/wp-content\\\/uploads\\\/2025\\\/07\\\/herbow_logo_hun_2021-01_w-slogan_no-background.png\",\"width\":2366,\"height\":1732,\"caption\":\"Herbow International Zrt.\"},\"image\":{\"@id\":\"https:\\\/\\\/herbow.eu\\\/#\\\/schema\\\/logo\\\/image\\\/\"},\"sameAs\":[\"https:\\\/\\\/www.facebook.com\\\/herbowmosodioslabda\\\/\",\"https:\\\/\\\/www.instagram.com\\\/herbowmosodioslabda\\\/\"]}]}<\/script>\n<!-- \/ Yoast SEO plugin. -->","yoast_head_json":{"title":"Herbow 3in1 Laundry Perfume Princess - Herbow | International","description":"Le parfum de lavage Herbow 3in1 - Summer Rain apporte la propret\u00e9 et la fra\u00eecheur de l'air apr\u00e8s une douche fra\u00eeche. Son doux parfum naturel impr\u00e8gne les v\u00eatements, leur donnant une sensation d'air frais \u00e0 chaque lavage. La formule innovante 3en1 de HerbTech combine les avantages d'un parfum de lessive, d'un d\u00e9sodorisant et d'un assouplissant pour laisser les v\u00eatements non seulement parfum\u00e9s, mais aussi doux et frais plus longtemps.","robots":{"index":"index","follow":"follow","max-snippet":"max-snippet:-1","max-image-preview":"max-image-preview:large","max-video-preview":"max-video-preview:-1"},"canonical":"https:\/\/herbow.eu\/fr\/product\/herbow-3in1-laundry-perfume-tundoklo-hercegno-200-ml\/","og_locale":"fr_FR","og_type":"article","og_title":"Herbow 3in1 Mos\u00f3parf\u00fcm T\u00fcnd\u00f6kl\u0151 Hercegn\u0151 - Herbow | International","og_description":"A Herbow 3in1 Mos\u00f3parf\u00fcm \u2013 Ny\u00e1ri Es\u0151 a friss z\u00e1por ut\u00e1ni leveg\u0151 tisztas\u00e1g\u00e1t \u00e9s \u00fcde frissess\u00e9g\u00e9t hozza el. L\u00e1gy, term\u00e9szetes illata \u00e1tj\u00e1rja a ruh\u00e1kat, \u00e9s minden mos\u00e1ssal a friss leveg\u0151 \u00e9rzet\u00e9t hagyja maga ut\u00e1n.Innovat\u00edv HerbTech 3in1 formul\u00e1ja egyes\u00edti a mos\u00f3parf\u00fcm, textilfriss\u00edt\u0151 \u00e9s textill\u00e1gy\u00edt\u00f3 hat\u00e1s\u00e1t, hogy a ruha ne csak illatos, hanem l\u00e1gy \u00e9s hosszan friss maradjon.","og_url":"https:\/\/herbow.eu\/fr\/product\/herbow-3in1-laundry-perfume-tundoklo-hercegno-200-ml\/","og_site_name":"Herbow | International","article_publisher":"https:\/\/www.facebook.com\/herbowmosodioslabda\/","article_modified_time":"2026-03-17T09:58:47+00:00","og_image":[{"width":2000,"height":2000,"url":"https:\/\/herbow.eu\/wp-content\/uploads\/2025\/11\/Woo_base_2000x2000_47432_3in1_Princess_200ml.png","type":"image\/png"}],"twitter_card":"summary_large_image","twitter_misc":{"Dur\u00e9e de lecture estim\u00e9e":"2 minutes"},"schema":{"@context":"https:\/\/schema.org","@graph":[{"@type":"WebPage","@id":"https:\/\/herbow.eu\/product\/herbow-3in1-mosoparfum-tundoklo-hercegno-200-ml\/","url":"https:\/\/herbow.eu\/product\/herbow-3in1-mosoparfum-tundoklo-hercegno-200-ml\/","name":"Herbow 3in1 Laundry Perfume Princess - Herbow | International","isPartOf":{"@id":"https:\/\/herbow.eu\/#website"},"primaryImageOfPage":{"@id":"https:\/\/herbow.eu\/product\/herbow-3in1-mosoparfum-tundoklo-hercegno-200-ml\/#primaryimage"},"image":{"@id":"https:\/\/herbow.eu\/product\/herbow-3in1-mosoparfum-tundoklo-hercegno-200-ml\/#primaryimage"},"thumbnailUrl":"https:\/\/herbow.eu\/wp-content\/uploads\/2025\/11\/Woo_base_2000x2000_47432_3in1_Princess_200ml.png","datePublished":"2025-11-21T13:51:41+00:00","dateModified":"2026-03-17T09:58:47+00:00","description":"Le parfum de lavage Herbow 3in1 - Summer Rain apporte la propret\u00e9 et la fra\u00eecheur de l'air apr\u00e8s une douche fra\u00eeche. Son doux parfum naturel impr\u00e8gne les v\u00eatements, leur donnant une sensation d'air frais \u00e0 chaque lavage. La formule innovante 3en1 de HerbTech combine les avantages d'un parfum de lessive, d'un d\u00e9sodorisant et d'un assouplissant pour laisser les v\u00eatements non seulement parfum\u00e9s, mais aussi doux et frais plus longtemps.","breadcrumb":{"@id":"https:\/\/herbow.eu\/product\/herbow-3in1-mosoparfum-tundoklo-hercegno-200-ml\/#breadcrumb"},"inLanguage":"fr-FR","potentialAction":[{"@type":"ReadAction","target":["https:\/\/herbow.eu\/product\/herbow-3in1-mosoparfum-tundoklo-hercegno-200-ml\/"]}]},{"@type":"ImageObject","inLanguage":"fr-FR","@id":"https:\/\/herbow.eu\/product\/herbow-3in1-mosoparfum-tundoklo-hercegno-200-ml\/#primaryimage","url":"https:\/\/herbow.eu\/wp-content\/uploads\/2025\/11\/Woo_base_2000x2000_47432_3in1_Princess_200ml.png","contentUrl":"https:\/\/herbow.eu\/wp-content\/uploads\/2025\/11\/Woo_base_2000x2000_47432_3in1_Princess_200ml.png","width":2000,"height":2000},{"@type":"BreadcrumbList","@id":"https:\/\/herbow.eu\/product\/herbow-3in1-mosoparfum-tundoklo-hercegno-200-ml\/#breadcrumb","itemListElement":[{"@type":"ListItem","position":1,"name":"Kezd\u0151lap","item":"https:\/\/herbow.eu\/"},{"@type":"ListItem","position":2,"name":"Shop","item":"https:\/\/herbow.eu\/shop\/"},{"@type":"ListItem","position":3,"name":"Herbow 3in1 Mos\u00f3parf\u00fcm T\u00fcnd\u00f6kl\u0151 Hercegn\u0151"}]},{"@type":"WebSite","@id":"https:\/\/herbow.eu\/#website","url":"https:\/\/herbow.eu\/","name":"Herbow | Herbal Organic World","description":"Herbal Organic World","publisher":{"@id":"https:\/\/herbow.eu\/#organization"},"potentialAction":[{"@type":"SearchAction","target":{"@type":"EntryPoint","urlTemplate":"https:\/\/herbow.eu\/?s={search_term_string}"},"query-input":{"@type":"PropertyValueSpecification","valueRequired":true,"valueName":"search_term_string"}}],"inLanguage":"fr-FR"},{"@type":"Organization","@id":"https:\/\/herbow.eu\/#organization","name":"Herbow International Zrt.","url":"https:\/\/herbow.eu\/","logo":{"@type":"ImageObject","inLanguage":"fr-FR","@id":"https:\/\/herbow.eu\/#\/schema\/logo\/image\/","url":"https:\/\/herbow.eu\/wp-content\/uploads\/2025\/07\/herbow_logo_hun_2021-01_w-slogan_no-background.png","contentUrl":"https:\/\/herbow.eu\/wp-content\/uploads\/2025\/07\/herbow_logo_hun_2021-01_w-slogan_no-background.png","width":2366,"height":1732,"caption":"Herbow International Zrt."},"image":{"@id":"https:\/\/herbow.eu\/#\/schema\/logo\/image\/"},"sameAs":["https:\/\/www.facebook.com\/herbowmosodioslabda\/","https:\/\/www.instagram.com\/herbowmosodioslabda\/"]}]}},"jetpack_likes_enabled":true,"jetpack_sharing_enabled":true,"_links":{"self":[{"href":"https:\/\/herbow.eu\/fr\/wp-json\/wp\/v2\/product\/1256","targetHints":{"allow":["GET"]}}],"collection":[{"href":"https:\/\/herbow.eu\/fr\/wp-json\/wp\/v2\/product"}],"about":[{"href":"https:\/\/herbow.eu\/fr\/wp-json\/wp\/v2\/types\/product"}],"replies":[{"embeddable":true,"href":"https:\/\/herbow.eu\/fr\/wp-json\/wp\/v2\/comments?post=1256"}],"wp:featuredmedia":[{"embeddable":true,"href":"https:\/\/herbow.eu\/fr\/wp-json\/wp\/v2\/media\/1148"}],"wp:attachment":[{"href":"https:\/\/herbow.eu\/fr\/wp-json\/wp\/v2\/media?parent=1256"}],"wp:term":[{"taxonomy":"product_brand","embeddable":true,"href":"https:\/\/herbow.eu\/fr\/wp-json\/wp\/v2\/product_brand?post=1256"},{"taxonomy":"product_cat","embeddable":true,"href":"https:\/\/herbow.eu\/fr\/wp-json\/wp\/v2\/product_cat?post=1256"},{"taxonomy":"product_tag","embeddable":true,"href":"https:\/\/herbow.eu\/fr\/wp-json\/wp\/v2\/product_tag?post=1256"}],"curies":[{"name":"wp","href":"https:\/\/api.w.org\/{rel}","templated":true}]}}