{"id":1040,"date":"2025-08-18T11:05:59","date_gmt":"2025-08-18T09:05:59","guid":{"rendered":"https:\/\/herbow.eu\/product\/herbow-bambino-folyekony-mososzer-koncentratum-univerzalis-illat-es-allergenmentes\/"},"modified":"2026-03-17T10:58:04","modified_gmt":"2026-03-17T09:58:04","slug":"laveuse-a-cone-de-liquide-herbow-bambino-concentree","status":"publish","type":"product","link":"https:\/\/herbow.eu\/fr\/product\/herbow-bambino-folyekony-mososzer-koncentratum\/","title":{"rendered":"Herbow Bambino D\u00e9tergent liquide concentr\u00e9 universel sans parfum ni allerg\u00e8ne 1000ml"},"content":{"rendered":"<p>La lessive liquide concentr\u00e9e Herbow Bambino, sans parfum ni allerg\u00e8ne, met l'accent sur la propret\u00e9 naturelle et la protection de la peau. Il contient un proc\u00e9d\u00e9 d'extraction doux d'extrait de noix de lavage qui, gr\u00e2ce \u00e0 sa teneur en saponines naturelles, dissout efficacement la salet\u00e9 tout en \u00e9tant doux pour la peau et les tissus. Les bio-enzymes et les tensioactifs d'origine v\u00e9g\u00e9tale aident \u00e0 \u00e9liminer les taches quotidiennes, m\u00eame \u00e0 basse temp\u00e9rature, laissant les v\u00eatements propres, doux et frais, le tout sans parfums artificiels. Hautement recommand\u00e9 pour les b\u00e9b\u00e9s, les enfants et les adultes \u00e0 la peau sensible. Il ne contient pas de colorants artificiels, de parfums, d'azurants optiques, de chlore ou de phosphates, ce qui en fait un choix s\u00fbr, m\u00eame pour les peaux les plus sensibles. Il est id\u00e9al pour les v\u00eatements blancs et de couleur, pour tous les types de machines \u00e0 laver et pour les lavages \u00e0 la main. Formule v\u00e9g\u00e9talienne, biod\u00e9gradable et respectueuse de l'environnement qui assure la propret\u00e9 avec la simplicit\u00e9 de la nature.<\/p>\n<p>Capacit\u00e9 : 1000 ml = suffisant pour environ 40 lavages<\/p>\n<p>Pour le rin\u00e7age, utiliser Herbow Bambino Concentr\u00e9 sans parfum et sans allerg\u00e8nes.<\/p>","protected":false},"excerpt":{"rendered":"<p>A <strong>Herbow Bambino Lessive liquide sans parfum et sans allerg\u00e8nes<\/strong> est la solution la plus douce pour prot\u00e9ger les peaux sensibles. Gr\u00e2ce \u00e0 l'extrait naturel de noix de lavage et aux bioenzymes, il nettoie efficacement les v\u00eatements, m\u00eame \u00e0 basse temp\u00e9rature, sans parfum et avec une sensation naturelle de propret\u00e9.<\/p>\n<p>Capacit\u00e9 : 1000ml<\/p>","protected":false},"featured_media":896,"comment_status":"open","ping_status":"closed","template":"","meta":[],"product_brand":[1397],"product_cat":[1408],"product_tag":[1431,1527,1517,1531,1521,1529,1518,1522,1515,1516,1514,1513,1523,1524,1519,1532,1409,1512,1430,1520,1502,1530,1441,1525,1526,1445,1528],"class_list":{"0":"post-1040","1":"product","2":"type-product","3":"status-publish","4":"has-post-thumbnail","6":"product_brand-herbow","7":"product_cat-herbow-baby-bambino-termekcsalad","8":"product_tag-allergenmentes","9":"product_tag-allatkiserletmentes","10":"product_tag-erzekeny-borre","11":"product_tag-erzekeny-textiliakhoz","12":"product_tag-oko-haztartas","13":"product_tag-okocimkes-termek","14":"product_tag-ujszulott-borere","15":"product_tag-bababarat-tisztitas","16":"product_tag-babamosas","17":"product_tag-babaruhakhoz","18":"product_tag-babatermek","19":"product_tag-bambino","20":"product_tag-biztonsagos-osszetevok","21":"product_tag-borbarat-formula","22":"product_tag-dermatologiailag-tesztelt","23":"product_tag-feher-es-szines-ruhakhoz","24":"product_tag-herbow","25":"product_tag-herbow-bambino","26":"product_tag-hipoallergen","27":"product_tag-illatmentes-termek","28":"product_tag-kornyezetbarat-mosas","29":"product_tag-koncentratum","30":"product_tag-novenyi-alapu","31":"product_tag-parabenmentes","32":"product_tag-szinezekmentes","33":"product_tag-termeszetes-osszetevok","34":"product_tag-vegan","36":"first","37":"instock","38":"taxable","39":"shipping-taxable","40":"product-type-simple"},"yoast_head":"<!-- This site is optimized with the Yoast SEO plugin v27.5 - https:\/\/yoast.com\/product\/yoast-seo-wordpress\/ -->\n<title>Herbow Bambino Foly\u00e9kony mos\u00f3szer koncentr\u00e1tum univerz\u00e1lis illat- \u00e9s allerg\u00e9nmentes 1000ml - Herbow | International<\/title>\n<meta name=\"description\" content=\"A Herbow Bambino Illat- \u00e9s Allerg\u00e9nmentes foly\u00e9kony mos\u00f3szer a leggyeng\u00e9debb megold\u00e1s az \u00e9rz\u00e9keny b\u0151r v\u00e9delm\u00e9re.Term\u00e9szetes mos\u00f3di\u00f3-kivonattal \u00e9s bioenzimekkel hat\u00e9konyan tiszt\u00edtja a ruh\u00e1kat m\u00e1r alacsony h\u0151fokon is, illatanyagok n\u00e9lk\u00fcl, a tisztas\u00e1g term\u00e9szetes \u00e9rz\u00e9s\u00e9vel.\" \/>\n<meta name=\"robots\" content=\"index, follow, max-snippet:-1, max-image-preview:large, max-video-preview:-1\" \/>\n<link rel=\"canonical\" href=\"https:\/\/herbow.eu\/fr\/product\/laveuse-a-cone-de-liquide-herbow-bambino-concentree\/\" \/>\n<meta property=\"og:locale\" content=\"fr_FR\" \/>\n<meta property=\"og:type\" content=\"article\" \/>\n<meta property=\"og:title\" content=\"Herbow Bambino Foly\u00e9kony mos\u00f3szer koncentr\u00e1tum univerz\u00e1lis illat- \u00e9s allerg\u00e9nmentes 1000ml - Herbow | International\" \/>\n<meta property=\"og:description\" content=\"A Herbow Bambino Illat- \u00e9s Allerg\u00e9nmentes foly\u00e9kony mos\u00f3szer a leggyeng\u00e9debb megold\u00e1s az \u00e9rz\u00e9keny b\u0151r v\u00e9delm\u00e9re.Term\u00e9szetes mos\u00f3di\u00f3-kivonattal \u00e9s bioenzimekkel hat\u00e9konyan tiszt\u00edtja a ruh\u00e1kat m\u00e1r alacsony h\u0151fokon is, illatanyagok n\u00e9lk\u00fcl, a tisztas\u00e1g term\u00e9szetes \u00e9rz\u00e9s\u00e9vel.\" \/>\n<meta property=\"og:url\" content=\"https:\/\/herbow.eu\/fr\/product\/laveuse-a-cone-de-liquide-herbow-bambino-concentree\/\" \/>\n<meta property=\"og:site_name\" content=\"Herbow | International\" \/>\n<meta property=\"article:publisher\" content=\"https:\/\/www.facebook.com\/herbowmosodioslabda\/\" \/>\n<meta property=\"article:modified_time\" content=\"2026-03-17T09:58:04+00:00\" \/>\n<meta property=\"og:image\" content=\"https:\/\/herbow.eu\/wp-content\/uploads\/2025\/08\/Herbow-bambino_14042_folyekony_mososzer_1000ml_245x156mm_illatmentes_v11_redesign2024.png\" \/>\n\t<meta property=\"og:image:width\" content=\"2000\" \/>\n\t<meta property=\"og:image:height\" content=\"2000\" \/>\n\t<meta property=\"og:image:type\" content=\"image\/png\" \/>\n<meta name=\"twitter:card\" content=\"summary_large_image\" \/>\n<meta name=\"twitter:label1\" content=\"Dur\u00e9e de lecture estim\u00e9e\" \/>\n\t<meta name=\"twitter:data1\" content=\"1 minute\" \/>\n<script type=\"application\/ld+json\" class=\"yoast-schema-graph\">{\"@context\":\"https:\\\/\\\/schema.org\",\"@graph\":[{\"@type\":\"WebPage\",\"@id\":\"https:\\\/\\\/herbow.eu\\\/product\\\/herbow-bambino-folyekony-mososzer-koncentratum\\\/\",\"url\":\"https:\\\/\\\/herbow.eu\\\/product\\\/herbow-bambino-folyekony-mososzer-koncentratum\\\/\",\"name\":\"Herbow Bambino Foly\u00e9kony mos\u00f3szer koncentr\u00e1tum univerz\u00e1lis illat- \u00e9s allerg\u00e9nmentes 1000ml - Herbow | International\",\"isPartOf\":{\"@id\":\"https:\\\/\\\/herbow.eu\\\/#website\"},\"primaryImageOfPage\":{\"@id\":\"https:\\\/\\\/herbow.eu\\\/product\\\/herbow-bambino-folyekony-mososzer-koncentratum\\\/#primaryimage\"},\"image\":{\"@id\":\"https:\\\/\\\/herbow.eu\\\/product\\\/herbow-bambino-folyekony-mososzer-koncentratum\\\/#primaryimage\"},\"thumbnailUrl\":\"https:\\\/\\\/herbow.eu\\\/wp-content\\\/uploads\\\/2025\\\/08\\\/Herbow-bambino_14042_folyekony_mososzer_1000ml_245x156mm_illatmentes_v11_redesign2024.png\",\"datePublished\":\"2025-08-18T09:05:59+00:00\",\"dateModified\":\"2026-03-17T09:58:04+00:00\",\"description\":\"A Herbow Bambino Illat- \u00e9s Allerg\u00e9nmentes foly\u00e9kony mos\u00f3szer a leggyeng\u00e9debb megold\u00e1s az \u00e9rz\u00e9keny b\u0151r v\u00e9delm\u00e9re.Term\u00e9szetes mos\u00f3di\u00f3-kivonattal \u00e9s bioenzimekkel hat\u00e9konyan tiszt\u00edtja a ruh\u00e1kat m\u00e1r alacsony h\u0151fokon is, illatanyagok n\u00e9lk\u00fcl, a tisztas\u00e1g term\u00e9szetes \u00e9rz\u00e9s\u00e9vel.\",\"breadcrumb\":{\"@id\":\"https:\\\/\\\/herbow.eu\\\/product\\\/herbow-bambino-folyekony-mososzer-koncentratum\\\/#breadcrumb\"},\"inLanguage\":\"fr-FR\",\"potentialAction\":[{\"@type\":\"ReadAction\",\"target\":[\"https:\\\/\\\/herbow.eu\\\/product\\\/herbow-bambino-folyekony-mososzer-koncentratum\\\/\"]}]},{\"@type\":\"ImageObject\",\"inLanguage\":\"fr-FR\",\"@id\":\"https:\\\/\\\/herbow.eu\\\/product\\\/herbow-bambino-folyekony-mososzer-koncentratum\\\/#primaryimage\",\"url\":\"https:\\\/\\\/herbow.eu\\\/wp-content\\\/uploads\\\/2025\\\/08\\\/Herbow-bambino_14042_folyekony_mososzer_1000ml_245x156mm_illatmentes_v11_redesign2024.png\",\"contentUrl\":\"https:\\\/\\\/herbow.eu\\\/wp-content\\\/uploads\\\/2025\\\/08\\\/Herbow-bambino_14042_folyekony_mososzer_1000ml_245x156mm_illatmentes_v11_redesign2024.png\",\"width\":2000,\"height\":2000},{\"@type\":\"BreadcrumbList\",\"@id\":\"https:\\\/\\\/herbow.eu\\\/product\\\/herbow-bambino-folyekony-mososzer-koncentratum\\\/#breadcrumb\",\"itemListElement\":[{\"@type\":\"ListItem\",\"position\":1,\"name\":\"Kezd\u0151lap\",\"item\":\"https:\\\/\\\/herbow.eu\\\/\"},{\"@type\":\"ListItem\",\"position\":2,\"name\":\"Shop\",\"item\":\"https:\\\/\\\/herbow.eu\\\/shop\\\/\"},{\"@type\":\"ListItem\",\"position\":3,\"name\":\"Herbow Bambino Foly\u00e9kony mos\u00f3szer koncentr\u00e1tum univerz\u00e1lis illat- \u00e9s allerg\u00e9nmentes 1000ml\"}]},{\"@type\":\"WebSite\",\"@id\":\"https:\\\/\\\/herbow.eu\\\/#website\",\"url\":\"https:\\\/\\\/herbow.eu\\\/\",\"name\":\"Herbow | Herbal Organic World\",\"description\":\"Herbal Organic World\",\"publisher\":{\"@id\":\"https:\\\/\\\/herbow.eu\\\/#organization\"},\"potentialAction\":[{\"@type\":\"SearchAction\",\"target\":{\"@type\":\"EntryPoint\",\"urlTemplate\":\"https:\\\/\\\/herbow.eu\\\/?s={search_term_string}\"},\"query-input\":{\"@type\":\"PropertyValueSpecification\",\"valueRequired\":true,\"valueName\":\"search_term_string\"}}],\"inLanguage\":\"fr-FR\"},{\"@type\":\"Organization\",\"@id\":\"https:\\\/\\\/herbow.eu\\\/#organization\",\"name\":\"Herbow International Zrt.\",\"url\":\"https:\\\/\\\/herbow.eu\\\/\",\"logo\":{\"@type\":\"ImageObject\",\"inLanguage\":\"fr-FR\",\"@id\":\"https:\\\/\\\/herbow.eu\\\/#\\\/schema\\\/logo\\\/image\\\/\",\"url\":\"https:\\\/\\\/herbow.eu\\\/wp-content\\\/uploads\\\/2025\\\/07\\\/herbow_logo_hun_2021-01_w-slogan_no-background.png\",\"contentUrl\":\"https:\\\/\\\/herbow.eu\\\/wp-content\\\/uploads\\\/2025\\\/07\\\/herbow_logo_hun_2021-01_w-slogan_no-background.png\",\"width\":2366,\"height\":1732,\"caption\":\"Herbow International Zrt.\"},\"image\":{\"@id\":\"https:\\\/\\\/herbow.eu\\\/#\\\/schema\\\/logo\\\/image\\\/\"},\"sameAs\":[\"https:\\\/\\\/www.facebook.com\\\/herbowmosodioslabda\\\/\",\"https:\\\/\\\/www.instagram.com\\\/herbowmosodioslabda\\\/\"]}]}<\/script>\n<!-- \/ Yoast SEO plugin. -->","yoast_head_json":{"title":"Herbow Bambino D\u00e9tergent liquide concentr\u00e9 universel sans parfum ni allerg\u00e8ne 1000ml - Herbow | International","description":"La lessive liquide Herbow Bambino sans parfum ni allerg\u00e8ne est la solution la plus douce pour prot\u00e9ger les peaux sensibles. Gr\u00e2ce \u00e0 des extraits naturels de lessive et \u00e0 des bioenzymes, elle nettoie efficacement les v\u00eatements m\u00eame \u00e0 basse temp\u00e9rature, sans parfum, avec une sensation naturelle de propret\u00e9.","robots":{"index":"index","follow":"follow","max-snippet":"max-snippet:-1","max-image-preview":"max-image-preview:large","max-video-preview":"max-video-preview:-1"},"canonical":"https:\/\/herbow.eu\/fr\/product\/laveuse-a-cone-de-liquide-herbow-bambino-concentree\/","og_locale":"fr_FR","og_type":"article","og_title":"Herbow Bambino Foly\u00e9kony mos\u00f3szer koncentr\u00e1tum univerz\u00e1lis illat- \u00e9s allerg\u00e9nmentes 1000ml - Herbow | International","og_description":"A Herbow Bambino Illat- \u00e9s Allerg\u00e9nmentes foly\u00e9kony mos\u00f3szer a leggyeng\u00e9debb megold\u00e1s az \u00e9rz\u00e9keny b\u0151r v\u00e9delm\u00e9re.Term\u00e9szetes mos\u00f3di\u00f3-kivonattal \u00e9s bioenzimekkel hat\u00e9konyan tiszt\u00edtja a ruh\u00e1kat m\u00e1r alacsony h\u0151fokon is, illatanyagok n\u00e9lk\u00fcl, a tisztas\u00e1g term\u00e9szetes \u00e9rz\u00e9s\u00e9vel.","og_url":"https:\/\/herbow.eu\/fr\/product\/laveuse-a-cone-de-liquide-herbow-bambino-concentree\/","og_site_name":"Herbow | International","article_publisher":"https:\/\/www.facebook.com\/herbowmosodioslabda\/","article_modified_time":"2026-03-17T09:58:04+00:00","og_image":[{"width":2000,"height":2000,"url":"https:\/\/herbow.eu\/wp-content\/uploads\/2025\/08\/Herbow-bambino_14042_folyekony_mososzer_1000ml_245x156mm_illatmentes_v11_redesign2024.png","type":"image\/png"}],"twitter_card":"summary_large_image","twitter_misc":{"Dur\u00e9e de lecture estim\u00e9e":"1 minute"},"schema":{"@context":"https:\/\/schema.org","@graph":[{"@type":"WebPage","@id":"https:\/\/herbow.eu\/product\/herbow-bambino-folyekony-mososzer-koncentratum\/","url":"https:\/\/herbow.eu\/product\/herbow-bambino-folyekony-mososzer-koncentratum\/","name":"Herbow Bambino D\u00e9tergent liquide concentr\u00e9 universel sans parfum ni allerg\u00e8ne 1000ml - Herbow | International","isPartOf":{"@id":"https:\/\/herbow.eu\/#website"},"primaryImageOfPage":{"@id":"https:\/\/herbow.eu\/product\/herbow-bambino-folyekony-mososzer-koncentratum\/#primaryimage"},"image":{"@id":"https:\/\/herbow.eu\/product\/herbow-bambino-folyekony-mososzer-koncentratum\/#primaryimage"},"thumbnailUrl":"https:\/\/herbow.eu\/wp-content\/uploads\/2025\/08\/Herbow-bambino_14042_folyekony_mososzer_1000ml_245x156mm_illatmentes_v11_redesign2024.png","datePublished":"2025-08-18T09:05:59+00:00","dateModified":"2026-03-17T09:58:04+00:00","description":"La lessive liquide Herbow Bambino sans parfum ni allerg\u00e8ne est la solution la plus douce pour prot\u00e9ger les peaux sensibles. Gr\u00e2ce \u00e0 des extraits naturels de lessive et \u00e0 des bioenzymes, elle nettoie efficacement les v\u00eatements m\u00eame \u00e0 basse temp\u00e9rature, sans parfum, avec une sensation naturelle de propret\u00e9.","breadcrumb":{"@id":"https:\/\/herbow.eu\/product\/herbow-bambino-folyekony-mososzer-koncentratum\/#breadcrumb"},"inLanguage":"fr-FR","potentialAction":[{"@type":"ReadAction","target":["https:\/\/herbow.eu\/product\/herbow-bambino-folyekony-mososzer-koncentratum\/"]}]},{"@type":"ImageObject","inLanguage":"fr-FR","@id":"https:\/\/herbow.eu\/product\/herbow-bambino-folyekony-mososzer-koncentratum\/#primaryimage","url":"https:\/\/herbow.eu\/wp-content\/uploads\/2025\/08\/Herbow-bambino_14042_folyekony_mososzer_1000ml_245x156mm_illatmentes_v11_redesign2024.png","contentUrl":"https:\/\/herbow.eu\/wp-content\/uploads\/2025\/08\/Herbow-bambino_14042_folyekony_mososzer_1000ml_245x156mm_illatmentes_v11_redesign2024.png","width":2000,"height":2000},{"@type":"BreadcrumbList","@id":"https:\/\/herbow.eu\/product\/herbow-bambino-folyekony-mososzer-koncentratum\/#breadcrumb","itemListElement":[{"@type":"ListItem","position":1,"name":"Kezd\u0151lap","item":"https:\/\/herbow.eu\/"},{"@type":"ListItem","position":2,"name":"Shop","item":"https:\/\/herbow.eu\/shop\/"},{"@type":"ListItem","position":3,"name":"Herbow Bambino Foly\u00e9kony mos\u00f3szer koncentr\u00e1tum univerz\u00e1lis illat- \u00e9s allerg\u00e9nmentes 1000ml"}]},{"@type":"WebSite","@id":"https:\/\/herbow.eu\/#website","url":"https:\/\/herbow.eu\/","name":"Herbow | Herbal Organic World","description":"Herbal Organic World","publisher":{"@id":"https:\/\/herbow.eu\/#organization"},"potentialAction":[{"@type":"SearchAction","target":{"@type":"EntryPoint","urlTemplate":"https:\/\/herbow.eu\/?s={search_term_string}"},"query-input":{"@type":"PropertyValueSpecification","valueRequired":true,"valueName":"search_term_string"}}],"inLanguage":"fr-FR"},{"@type":"Organization","@id":"https:\/\/herbow.eu\/#organization","name":"Herbow International Zrt.","url":"https:\/\/herbow.eu\/","logo":{"@type":"ImageObject","inLanguage":"fr-FR","@id":"https:\/\/herbow.eu\/#\/schema\/logo\/image\/","url":"https:\/\/herbow.eu\/wp-content\/uploads\/2025\/07\/herbow_logo_hun_2021-01_w-slogan_no-background.png","contentUrl":"https:\/\/herbow.eu\/wp-content\/uploads\/2025\/07\/herbow_logo_hun_2021-01_w-slogan_no-background.png","width":2366,"height":1732,"caption":"Herbow International Zrt."},"image":{"@id":"https:\/\/herbow.eu\/#\/schema\/logo\/image\/"},"sameAs":["https:\/\/www.facebook.com\/herbowmosodioslabda\/","https:\/\/www.instagram.com\/herbowmosodioslabda\/"]}]}},"jetpack_likes_enabled":true,"jetpack_sharing_enabled":true,"_links":{"self":[{"href":"https:\/\/herbow.eu\/fr\/wp-json\/wp\/v2\/product\/1040","targetHints":{"allow":["GET"]}}],"collection":[{"href":"https:\/\/herbow.eu\/fr\/wp-json\/wp\/v2\/product"}],"about":[{"href":"https:\/\/herbow.eu\/fr\/wp-json\/wp\/v2\/types\/product"}],"replies":[{"embeddable":true,"href":"https:\/\/herbow.eu\/fr\/wp-json\/wp\/v2\/comments?post=1040"}],"wp:featuredmedia":[{"embeddable":true,"href":"https:\/\/herbow.eu\/fr\/wp-json\/wp\/v2\/media\/896"}],"wp:attachment":[{"href":"https:\/\/herbow.eu\/fr\/wp-json\/wp\/v2\/media?parent=1040"}],"wp:term":[{"taxonomy":"product_brand","embeddable":true,"href":"https:\/\/herbow.eu\/fr\/wp-json\/wp\/v2\/product_brand?post=1040"},{"taxonomy":"product_cat","embeddable":true,"href":"https:\/\/herbow.eu\/fr\/wp-json\/wp\/v2\/product_cat?post=1040"},{"taxonomy":"product_tag","embeddable":true,"href":"https:\/\/herbow.eu\/fr\/wp-json\/wp\/v2\/product_tag?post=1040"}],"curies":[{"name":"wp","href":"https:\/\/api.w.org\/{rel}","templated":true}]}}