{"id":1037,"date":"2025-08-18T11:05:58","date_gmt":"2025-08-18T09:05:58","guid":{"rendered":"https:\/\/herbow.eu\/product\/herbow-bambino-folttisztito-feher-ruhakhoz\/"},"modified":"2026-03-17T10:58:11","modified_gmt":"2026-03-17T09:58:11","slug":"herbow-bambino-folttisztito-feher-ruhakhoz","status":"publish","type":"product","link":"https:\/\/herbow.eu\/fr\/product\/herbow-bambino-folttisztito-feher-ruhakhoz\/","title":{"rendered":"Herbow Bambino nettoyant pour v\u00eatements blancs"},"content":{"rendered":"<p>A Herbow Bambino Folttiszt\u00edt\u00f3 feh\u00e9r ruh\u00e1khoz Illat- \u00e9s allerg\u00e9nmentes k\u00fcl\u00f6nleges, b\u0151r- \u00e9s k\u00f6rnyezetk\u00edm\u00e9l\u0151 formula, amelyet kifejezetten \u00e9rz\u00e9keny b\u0151r\u0171 bab\u00e1k, gyermekek \u00e9s feln\u0151ttek feh\u00e9r ruh\u00e1ihoz fejlesztettek.<br \/>\nAkt\u00edv oxig\u00e9n tartalm\u00fa feh\u00e9r\u00edt\u0151 \u00e9s foltkezel\u0151 adal\u00e9k, amely a term\u00e9szetes mos\u00f3di\u00f3-\u0151rlem\u00e9ny erej\u00e9vel egy\u00fctt hat\u00e9konyan oldja a foltokat \u00e9s megel\u0151zi a text\u00edli\u00e1k besz\u00fcrk\u00fcl\u00e9s\u00e9t \u2013 an\u00e9lk\u00fcl, hogy k\u00e1ros\u00edtan\u00e1 a sz\u00f6veteket vagy irrit\u00e1ln\u00e1 a b\u0151rt. A koncentr\u00e1lt hat\u00f3anyag-tartalomnak k\u00f6sz\u00f6nhet\u0151en m\u00e1r kis mennyis\u00e9g is el\u00e9g a l\u00e1tv\u00e1nyosan tiszta, ragyog\u00f3 eredm\u00e9nyhez.<\/p>\n<p>Nem tartalmaz kl\u00f3rt, foszf\u00e1tot, optikai feh\u00e9r\u00edt\u0151t vagy illatanyagot, \u00edgy teljes m\u00e9rt\u00e9kben hipoallerg\u00e9n \u00e9s biztons\u00e1gos.<\/p>\n<p>Ide\u00e1lis v\u00e1laszt\u00e1s mos\u00f3di\u00f3val vagy Herbow foly\u00e9kony mos\u00f3szerekkel kombin\u00e1lva, hogy a ruh\u00e1k tart\u00f3san tiszt\u00e1k \u00e9s feh\u00e9rek maradjanak, b\u0151rirrit\u00e1ci\u00f3 n\u00e9lk\u00fcl.<\/p>\n<p>Haszn\u00e1lhat\u00f3 mos\u00e1shoz adal\u00e9kk\u00e9nt vagy el\u0151\u00e1ztat\u00e1shoz, minden t\u00edpus\u00fa mos\u00f3g\u00e9pben \u00e9s k\u00e9zi mos\u00e1shoz is.<\/p>","protected":false},"excerpt":{"rendered":"<p>A <strong>Herbow Bambino Folklore Cleaner<\/strong> feh\u00e9r ruh\u00e1khoz akt\u00edv oxig\u00e9n erej\u00e9vel \u00e9s term\u00e9szetes mos\u00f3di\u00f3-\u0151rlem\u00e9nnyel t\u00e1vol\u00edtja el a makacs szennyez\u0151d\u00e9seket illatanyagok n\u00e9lk\u00fcl, a bab\u00e1k b\u0151r\u00e9hez gyeng\u00e9den.<br \/>\nHat\u00e9kony, m\u00e9gis k\u00edm\u00e9letes megold\u00e1s a tiszta, ragyog\u00f3 feh\u00e9r text\u00edli\u00e1k\u00e9rt.<\/p>\n<p>Taille de l'emballage : 700g<\/p>","protected":false},"featured_media":857,"comment_status":"open","ping_status":"closed","template":"","meta":[],"product_brand":[1397],"product_cat":[1408,1405],"product_tag":[1431,1527,1517,1531,1521,1529,1518,1522,1515,1516,1514,1513,1523,1524,1519,1532,1409,1512,1430,1520,1502,1530,1441,1525,1526,1445,1528],"class_list":{"0":"post-1037","1":"product","2":"type-product","3":"status-publish","4":"has-post-thumbnail","6":"product_brand-herbow","7":"product_cat-herbow-baby-bambino-termekcsalad","8":"product_cat-folttisztito","9":"product_tag-allergenmentes","10":"product_tag-allatkiserletmentes","11":"product_tag-erzekeny-borre","12":"product_tag-erzekeny-textiliakhoz","13":"product_tag-oko-haztartas","14":"product_tag-okocimkes-termek","15":"product_tag-ujszulott-borere","16":"product_tag-bababarat-tisztitas","17":"product_tag-babamosas","18":"product_tag-babaruhakhoz","19":"product_tag-babatermek","20":"product_tag-bambino","21":"product_tag-biztonsagos-osszetevok","22":"product_tag-borbarat-formula","23":"product_tag-dermatologiailag-tesztelt","24":"product_tag-feher-es-szines-ruhakhoz","25":"product_tag-herbow","26":"product_tag-herbow-bambino","27":"product_tag-hipoallergen","28":"product_tag-illatmentes-termek","29":"product_tag-kornyezetbarat-mosas","30":"product_tag-koncentratum","31":"product_tag-novenyi-alapu","32":"product_tag-parabenmentes","33":"product_tag-szinezekmentes","34":"product_tag-termeszetes-osszetevok","35":"product_tag-vegan","37":"first","38":"instock","39":"taxable","40":"shipping-taxable","41":"product-type-simple"},"yoast_head":"<!-- This site is optimized with the Yoast SEO plugin v27.4 - https:\/\/yoast.com\/product\/yoast-seo-wordpress\/ -->\n<title>Herbow Bambino folttiszt\u00edt\u00f3 feh\u00e9r ruh\u00e1khoz - Herbow | International<\/title>\n<meta name=\"description\" content=\"A Herbow Bambino Folttiszt\u00edt\u00f3 feh\u00e9r ruh\u00e1khoz akt\u00edv oxig\u00e9n erej\u00e9vel \u00e9s term\u00e9szetes mos\u00f3di\u00f3-\u0151rlem\u00e9nnyel t\u00e1vol\u00edtja el a makacs szennyez\u0151d\u00e9seket illatanyagok n\u00e9lk\u00fcl, a bab\u00e1k b\u0151r\u00e9hez gyeng\u00e9den.Hat\u00e9kony, m\u00e9gis k\u00edm\u00e9letes megold\u00e1s a tiszta, ragyog\u00f3 feh\u00e9r text\u00edli\u00e1k\u00e9rt.\" \/>\n<meta name=\"robots\" content=\"index, follow, max-snippet:-1, max-image-preview:large, max-video-preview:-1\" \/>\n<link rel=\"canonical\" href=\"https:\/\/herbow.eu\/fr\/product\/herbow-bambino-folttisztito-feher-ruhakhoz\/\" \/>\n<meta property=\"og:locale\" content=\"fr_FR\" \/>\n<meta property=\"og:type\" content=\"article\" \/>\n<meta property=\"og:title\" content=\"Herbow Bambino folttiszt\u00edt\u00f3 feh\u00e9r ruh\u00e1khoz - Herbow | International\" \/>\n<meta property=\"og:description\" content=\"A Herbow Bambino Folttiszt\u00edt\u00f3 feh\u00e9r ruh\u00e1khoz akt\u00edv oxig\u00e9n erej\u00e9vel \u00e9s term\u00e9szetes mos\u00f3di\u00f3-\u0151rlem\u00e9nnyel t\u00e1vol\u00edtja el a makacs szennyez\u0151d\u00e9seket illatanyagok n\u00e9lk\u00fcl, a bab\u00e1k b\u0151r\u00e9hez gyeng\u00e9den.Hat\u00e9kony, m\u00e9gis k\u00edm\u00e9letes megold\u00e1s a tiszta, ragyog\u00f3 feh\u00e9r text\u00edli\u00e1k\u00e9rt.\" \/>\n<meta property=\"og:url\" content=\"https:\/\/herbow.eu\/fr\/product\/herbow-bambino-folttisztito-feher-ruhakhoz\/\" \/>\n<meta property=\"og:site_name\" content=\"Herbow | International\" \/>\n<meta property=\"article:publisher\" content=\"https:\/\/www.facebook.com\/herbowmosodioslabda\/\" \/>\n<meta property=\"article:modified_time\" content=\"2026-03-17T09:58:11+00:00\" \/>\n<meta property=\"og:image\" content=\"https:\/\/herbow.eu\/wp-content\/uploads\/2025\/08\/Herbow_Bambino_folttisztito_nyomdai_290x100mm_v4_redesign_feher.png\" \/>\n\t<meta property=\"og:image:width\" content=\"2000\" \/>\n\t<meta property=\"og:image:height\" content=\"2000\" \/>\n\t<meta property=\"og:image:type\" content=\"image\/png\" \/>\n<meta name=\"twitter:card\" content=\"summary_large_image\" \/>\n<meta name=\"twitter:label1\" content=\"Dur\u00e9e de lecture estim\u00e9e\" \/>\n\t<meta name=\"twitter:data1\" content=\"1 minute\" \/>\n<script type=\"application\/ld+json\" class=\"yoast-schema-graph\">{\"@context\":\"https:\\\/\\\/schema.org\",\"@graph\":[{\"@type\":\"WebPage\",\"@id\":\"https:\\\/\\\/herbow.eu\\\/product\\\/herbow-bambino-folttisztito-feher-ruhakhoz\\\/\",\"url\":\"https:\\\/\\\/herbow.eu\\\/product\\\/herbow-bambino-folttisztito-feher-ruhakhoz\\\/\",\"name\":\"Herbow Bambino folttiszt\u00edt\u00f3 feh\u00e9r ruh\u00e1khoz - Herbow | International\",\"isPartOf\":{\"@id\":\"https:\\\/\\\/herbow.eu\\\/#website\"},\"primaryImageOfPage\":{\"@id\":\"https:\\\/\\\/herbow.eu\\\/product\\\/herbow-bambino-folttisztito-feher-ruhakhoz\\\/#primaryimage\"},\"image\":{\"@id\":\"https:\\\/\\\/herbow.eu\\\/product\\\/herbow-bambino-folttisztito-feher-ruhakhoz\\\/#primaryimage\"},\"thumbnailUrl\":\"https:\\\/\\\/herbow.eu\\\/wp-content\\\/uploads\\\/2025\\\/08\\\/Herbow_Bambino_folttisztito_nyomdai_290x100mm_v4_redesign_feher.png\",\"datePublished\":\"2025-08-18T09:05:58+00:00\",\"dateModified\":\"2026-03-17T09:58:11+00:00\",\"description\":\"A Herbow Bambino Folttiszt\u00edt\u00f3 feh\u00e9r ruh\u00e1khoz akt\u00edv oxig\u00e9n erej\u00e9vel \u00e9s term\u00e9szetes mos\u00f3di\u00f3-\u0151rlem\u00e9nnyel t\u00e1vol\u00edtja el a makacs szennyez\u0151d\u00e9seket illatanyagok n\u00e9lk\u00fcl, a bab\u00e1k b\u0151r\u00e9hez gyeng\u00e9den.Hat\u00e9kony, m\u00e9gis k\u00edm\u00e9letes megold\u00e1s a tiszta, ragyog\u00f3 feh\u00e9r text\u00edli\u00e1k\u00e9rt.\",\"breadcrumb\":{\"@id\":\"https:\\\/\\\/herbow.eu\\\/product\\\/herbow-bambino-folttisztito-feher-ruhakhoz\\\/#breadcrumb\"},\"inLanguage\":\"fr-FR\",\"potentialAction\":[{\"@type\":\"ReadAction\",\"target\":[\"https:\\\/\\\/herbow.eu\\\/product\\\/herbow-bambino-folttisztito-feher-ruhakhoz\\\/\"]}]},{\"@type\":\"ImageObject\",\"inLanguage\":\"fr-FR\",\"@id\":\"https:\\\/\\\/herbow.eu\\\/product\\\/herbow-bambino-folttisztito-feher-ruhakhoz\\\/#primaryimage\",\"url\":\"https:\\\/\\\/herbow.eu\\\/wp-content\\\/uploads\\\/2025\\\/08\\\/Herbow_Bambino_folttisztito_nyomdai_290x100mm_v4_redesign_feher.png\",\"contentUrl\":\"https:\\\/\\\/herbow.eu\\\/wp-content\\\/uploads\\\/2025\\\/08\\\/Herbow_Bambino_folttisztito_nyomdai_290x100mm_v4_redesign_feher.png\",\"width\":2000,\"height\":2000},{\"@type\":\"BreadcrumbList\",\"@id\":\"https:\\\/\\\/herbow.eu\\\/product\\\/herbow-bambino-folttisztito-feher-ruhakhoz\\\/#breadcrumb\",\"itemListElement\":[{\"@type\":\"ListItem\",\"position\":1,\"name\":\"Kezd\u0151lap\",\"item\":\"https:\\\/\\\/herbow.eu\\\/\"},{\"@type\":\"ListItem\",\"position\":2,\"name\":\"Shop\",\"item\":\"https:\\\/\\\/herbow.eu\\\/shop\\\/\"},{\"@type\":\"ListItem\",\"position\":3,\"name\":\"Herbow Bambino folttiszt\u00edt\u00f3 feh\u00e9r ruh\u00e1khoz\"}]},{\"@type\":\"WebSite\",\"@id\":\"https:\\\/\\\/herbow.eu\\\/#website\",\"url\":\"https:\\\/\\\/herbow.eu\\\/\",\"name\":\"Herbow | Herbal Organic World\",\"description\":\"Herbal Organic World\",\"publisher\":{\"@id\":\"https:\\\/\\\/herbow.eu\\\/#organization\"},\"potentialAction\":[{\"@type\":\"SearchAction\",\"target\":{\"@type\":\"EntryPoint\",\"urlTemplate\":\"https:\\\/\\\/herbow.eu\\\/?s={search_term_string}\"},\"query-input\":{\"@type\":\"PropertyValueSpecification\",\"valueRequired\":true,\"valueName\":\"search_term_string\"}}],\"inLanguage\":\"fr-FR\"},{\"@type\":\"Organization\",\"@id\":\"https:\\\/\\\/herbow.eu\\\/#organization\",\"name\":\"Herbow International Zrt.\",\"url\":\"https:\\\/\\\/herbow.eu\\\/\",\"logo\":{\"@type\":\"ImageObject\",\"inLanguage\":\"fr-FR\",\"@id\":\"https:\\\/\\\/herbow.eu\\\/#\\\/schema\\\/logo\\\/image\\\/\",\"url\":\"https:\\\/\\\/herbow.eu\\\/wp-content\\\/uploads\\\/2025\\\/07\\\/herbow_logo_hun_2021-01_w-slogan_no-background.png\",\"contentUrl\":\"https:\\\/\\\/herbow.eu\\\/wp-content\\\/uploads\\\/2025\\\/07\\\/herbow_logo_hun_2021-01_w-slogan_no-background.png\",\"width\":2366,\"height\":1732,\"caption\":\"Herbow International Zrt.\"},\"image\":{\"@id\":\"https:\\\/\\\/herbow.eu\\\/#\\\/schema\\\/logo\\\/image\\\/\"},\"sameAs\":[\"https:\\\/\\\/www.facebook.com\\\/herbowmosodioslabda\\\/\",\"https:\\\/\\\/www.instagram.com\\\/herbowmosodioslabda\\\/\"]}]}<\/script>\n<!-- \/ Yoast SEO plugin. -->","yoast_head_json":{"title":"Herbow Bambino folttiszt\u00edt\u00f3 feh\u00e9r ruh\u00e1khoz - Herbow | International","description":"A Herbow Bambino Folttiszt\u00edt\u00f3 feh\u00e9r ruh\u00e1khoz akt\u00edv oxig\u00e9n erej\u00e9vel \u00e9s term\u00e9szetes mos\u00f3di\u00f3-\u0151rlem\u00e9nnyel t\u00e1vol\u00edtja el a makacs szennyez\u0151d\u00e9seket illatanyagok n\u00e9lk\u00fcl, a bab\u00e1k b\u0151r\u00e9hez gyeng\u00e9den.Hat\u00e9kony, m\u00e9gis k\u00edm\u00e9letes megold\u00e1s a tiszta, ragyog\u00f3 feh\u00e9r text\u00edli\u00e1k\u00e9rt.","robots":{"index":"index","follow":"follow","max-snippet":"max-snippet:-1","max-image-preview":"max-image-preview:large","max-video-preview":"max-video-preview:-1"},"canonical":"https:\/\/herbow.eu\/fr\/product\/herbow-bambino-folttisztito-feher-ruhakhoz\/","og_locale":"fr_FR","og_type":"article","og_title":"Herbow Bambino folttiszt\u00edt\u00f3 feh\u00e9r ruh\u00e1khoz - Herbow | International","og_description":"A Herbow Bambino Folttiszt\u00edt\u00f3 feh\u00e9r ruh\u00e1khoz akt\u00edv oxig\u00e9n erej\u00e9vel \u00e9s term\u00e9szetes mos\u00f3di\u00f3-\u0151rlem\u00e9nnyel t\u00e1vol\u00edtja el a makacs szennyez\u0151d\u00e9seket illatanyagok n\u00e9lk\u00fcl, a bab\u00e1k b\u0151r\u00e9hez gyeng\u00e9den.Hat\u00e9kony, m\u00e9gis k\u00edm\u00e9letes megold\u00e1s a tiszta, ragyog\u00f3 feh\u00e9r text\u00edli\u00e1k\u00e9rt.","og_url":"https:\/\/herbow.eu\/fr\/product\/herbow-bambino-folttisztito-feher-ruhakhoz\/","og_site_name":"Herbow | International","article_publisher":"https:\/\/www.facebook.com\/herbowmosodioslabda\/","article_modified_time":"2026-03-17T09:58:11+00:00","og_image":[{"width":2000,"height":2000,"url":"https:\/\/herbow.eu\/wp-content\/uploads\/2025\/08\/Herbow_Bambino_folttisztito_nyomdai_290x100mm_v4_redesign_feher.png","type":"image\/png"}],"twitter_card":"summary_large_image","twitter_misc":{"Dur\u00e9e de lecture estim\u00e9e":"1 minute"},"schema":{"@context":"https:\/\/schema.org","@graph":[{"@type":"WebPage","@id":"https:\/\/herbow.eu\/product\/herbow-bambino-folttisztito-feher-ruhakhoz\/","url":"https:\/\/herbow.eu\/product\/herbow-bambino-folttisztito-feher-ruhakhoz\/","name":"Herbow Bambino folttiszt\u00edt\u00f3 feh\u00e9r ruh\u00e1khoz - Herbow | International","isPartOf":{"@id":"https:\/\/herbow.eu\/#website"},"primaryImageOfPage":{"@id":"https:\/\/herbow.eu\/product\/herbow-bambino-folttisztito-feher-ruhakhoz\/#primaryimage"},"image":{"@id":"https:\/\/herbow.eu\/product\/herbow-bambino-folttisztito-feher-ruhakhoz\/#primaryimage"},"thumbnailUrl":"https:\/\/herbow.eu\/wp-content\/uploads\/2025\/08\/Herbow_Bambino_folttisztito_nyomdai_290x100mm_v4_redesign_feher.png","datePublished":"2025-08-18T09:05:58+00:00","dateModified":"2026-03-17T09:58:11+00:00","description":"A Herbow Bambino Folttiszt\u00edt\u00f3 feh\u00e9r ruh\u00e1khoz akt\u00edv oxig\u00e9n erej\u00e9vel \u00e9s term\u00e9szetes mos\u00f3di\u00f3-\u0151rlem\u00e9nnyel t\u00e1vol\u00edtja el a makacs szennyez\u0151d\u00e9seket illatanyagok n\u00e9lk\u00fcl, a bab\u00e1k b\u0151r\u00e9hez gyeng\u00e9den.Hat\u00e9kony, m\u00e9gis k\u00edm\u00e9letes megold\u00e1s a tiszta, ragyog\u00f3 feh\u00e9r text\u00edli\u00e1k\u00e9rt.","breadcrumb":{"@id":"https:\/\/herbow.eu\/product\/herbow-bambino-folttisztito-feher-ruhakhoz\/#breadcrumb"},"inLanguage":"fr-FR","potentialAction":[{"@type":"ReadAction","target":["https:\/\/herbow.eu\/product\/herbow-bambino-folttisztito-feher-ruhakhoz\/"]}]},{"@type":"ImageObject","inLanguage":"fr-FR","@id":"https:\/\/herbow.eu\/product\/herbow-bambino-folttisztito-feher-ruhakhoz\/#primaryimage","url":"https:\/\/herbow.eu\/wp-content\/uploads\/2025\/08\/Herbow_Bambino_folttisztito_nyomdai_290x100mm_v4_redesign_feher.png","contentUrl":"https:\/\/herbow.eu\/wp-content\/uploads\/2025\/08\/Herbow_Bambino_folttisztito_nyomdai_290x100mm_v4_redesign_feher.png","width":2000,"height":2000},{"@type":"BreadcrumbList","@id":"https:\/\/herbow.eu\/product\/herbow-bambino-folttisztito-feher-ruhakhoz\/#breadcrumb","itemListElement":[{"@type":"ListItem","position":1,"name":"Kezd\u0151lap","item":"https:\/\/herbow.eu\/"},{"@type":"ListItem","position":2,"name":"Shop","item":"https:\/\/herbow.eu\/shop\/"},{"@type":"ListItem","position":3,"name":"Herbow Bambino folttiszt\u00edt\u00f3 feh\u00e9r ruh\u00e1khoz"}]},{"@type":"WebSite","@id":"https:\/\/herbow.eu\/#website","url":"https:\/\/herbow.eu\/","name":"Herbow | Herbal Organic World","description":"Herbal Organic World","publisher":{"@id":"https:\/\/herbow.eu\/#organization"},"potentialAction":[{"@type":"SearchAction","target":{"@type":"EntryPoint","urlTemplate":"https:\/\/herbow.eu\/?s={search_term_string}"},"query-input":{"@type":"PropertyValueSpecification","valueRequired":true,"valueName":"search_term_string"}}],"inLanguage":"fr-FR"},{"@type":"Organization","@id":"https:\/\/herbow.eu\/#organization","name":"Herbow International Zrt.","url":"https:\/\/herbow.eu\/","logo":{"@type":"ImageObject","inLanguage":"fr-FR","@id":"https:\/\/herbow.eu\/#\/schema\/logo\/image\/","url":"https:\/\/herbow.eu\/wp-content\/uploads\/2025\/07\/herbow_logo_hun_2021-01_w-slogan_no-background.png","contentUrl":"https:\/\/herbow.eu\/wp-content\/uploads\/2025\/07\/herbow_logo_hun_2021-01_w-slogan_no-background.png","width":2366,"height":1732,"caption":"Herbow International Zrt."},"image":{"@id":"https:\/\/herbow.eu\/#\/schema\/logo\/image\/"},"sameAs":["https:\/\/www.facebook.com\/herbowmosodioslabda\/","https:\/\/www.instagram.com\/herbowmosodioslabda\/"]}]}},"jetpack_likes_enabled":true,"jetpack_sharing_enabled":true,"_links":{"self":[{"href":"https:\/\/herbow.eu\/fr\/wp-json\/wp\/v2\/product\/1037","targetHints":{"allow":["GET"]}}],"collection":[{"href":"https:\/\/herbow.eu\/fr\/wp-json\/wp\/v2\/product"}],"about":[{"href":"https:\/\/herbow.eu\/fr\/wp-json\/wp\/v2\/types\/product"}],"replies":[{"embeddable":true,"href":"https:\/\/herbow.eu\/fr\/wp-json\/wp\/v2\/comments?post=1037"}],"wp:featuredmedia":[{"embeddable":true,"href":"https:\/\/herbow.eu\/fr\/wp-json\/wp\/v2\/media\/857"}],"wp:attachment":[{"href":"https:\/\/herbow.eu\/fr\/wp-json\/wp\/v2\/media?parent=1037"}],"wp:term":[{"taxonomy":"product_brand","embeddable":true,"href":"https:\/\/herbow.eu\/fr\/wp-json\/wp\/v2\/product_brand?post=1037"},{"taxonomy":"product_cat","embeddable":true,"href":"https:\/\/herbow.eu\/fr\/wp-json\/wp\/v2\/product_cat?post=1037"},{"taxonomy":"product_tag","embeddable":true,"href":"https:\/\/herbow.eu\/fr\/wp-json\/wp\/v2\/product_tag?post=1037"}],"curies":[{"name":"wp","href":"https:\/\/api.w.org\/{rel}","templated":true}]}}