{"id":1036,"date":"2025-08-18T11:05:58","date_gmt":"2025-08-18T09:05:58","guid":{"rendered":"https:\/\/herbow.eu\/product\/herbow-bambino-oblito-koncentratum-illat-es-allergenmentes\/"},"modified":"2026-03-17T10:58:10","modified_gmt":"2026-03-17T09:58:10","slug":"herbow-bambino-oblito-concentratum-sans-parfum-ni-allergene","status":"publish","type":"product","link":"https:\/\/herbow.eu\/fr\/product\/herbow-bambino-oblito-koncentratum-illat-es-allergenmentes\/","title":{"rendered":"Herbow Bambino Rin\u00e7age concentr\u00e9 sans parfum ni allerg\u00e8ne 200 ml"},"content":{"rendered":"<p>Herbow Bambino Fabric Rinse Concentrate Fragrance- and Allergen-Free offre l'harmonie parfaite d'une propret\u00e9 naturelle et d'un soin doux pour la routine quotidienne des personnes \u00e0 la peau sensible. 100% contient des ingr\u00e9dients conditionnants et assouplissants d'origine v\u00e9g\u00e9tale qui laissent les tissus doux, souples et agr\u00e9ables au toucher, sans parfum ni ingr\u00e9dients irritants. Formule biod\u00e9gradable, sans colorant, sans silicone et sans siloxane, qui ne laisse aucun r\u00e9sidu sur les tissus et prot\u00e8ge la peau en douceur apr\u00e8s chaque lavage. Quelques millilitres suffisent pour obtenir une douceur naturelle, ce qui en fait une solution \u00e9conomique et respectueuse de l'environnement.<\/p>\n<p>Il est facile \u00e0 utiliser : verser 5 ml (un demi-bouchon) dans le compartiment de rin\u00e7age de la machine \u00e0 laver. Agiter avant utilisation.<\/p>\n<p>Pour une exp\u00e9rience de lavage compl\u00e8te et respectueuse de la peau, combinez-le avec le d\u00e9tergent liquide concentr\u00e9 Herbow Bambino sans parfum ni allerg\u00e8ne.<\/p>","protected":false},"excerpt":{"rendered":"<p>A <strong>Herbow Bambino Rin\u00e7age des tissus sans parfum ni allerg\u00e8ne<\/strong> Les ingr\u00e9dients d'origine v\u00e9g\u00e9tale de 100% rendent les tissus doux et lisses au toucher, sans parfum.<\/p>\n<p>Taille de l'emballage : 200ml<\/p>","protected":false},"featured_media":901,"comment_status":"open","ping_status":"closed","template":"","meta":[],"product_brand":[1397],"product_cat":[1408],"product_tag":[1431,1527,1517,1531,1521,1529,1518,1522,1515,1516,1514,1513,1523,1524,1519,1532,1409,1512,1430,1520,1502,1530,1441,1525,1526,1445,1528],"class_list":{"0":"post-1036","1":"product","2":"type-product","3":"status-publish","4":"has-post-thumbnail","6":"product_brand-herbow","7":"product_cat-herbow-baby-bambino-termekcsalad","8":"product_tag-allergenmentes","9":"product_tag-allatkiserletmentes","10":"product_tag-erzekeny-borre","11":"product_tag-erzekeny-textiliakhoz","12":"product_tag-oko-haztartas","13":"product_tag-okocimkes-termek","14":"product_tag-ujszulott-borere","15":"product_tag-bababarat-tisztitas","16":"product_tag-babamosas","17":"product_tag-babaruhakhoz","18":"product_tag-babatermek","19":"product_tag-bambino","20":"product_tag-biztonsagos-osszetevok","21":"product_tag-borbarat-formula","22":"product_tag-dermatologiailag-tesztelt","23":"product_tag-feher-es-szines-ruhakhoz","24":"product_tag-herbow","25":"product_tag-herbow-bambino","26":"product_tag-hipoallergen","27":"product_tag-illatmentes-termek","28":"product_tag-kornyezetbarat-mosas","29":"product_tag-koncentratum","30":"product_tag-novenyi-alapu","31":"product_tag-parabenmentes","32":"product_tag-szinezekmentes","33":"product_tag-termeszetes-osszetevok","34":"product_tag-vegan","36":"first","37":"instock","38":"taxable","39":"shipping-taxable","40":"product-type-simple"},"yoast_head":"<!-- This site is optimized with the Yoast SEO plugin v27.5 - https:\/\/yoast.com\/product\/yoast-seo-wordpress\/ -->\n<title>Herbow Bambino \u00f6bl\u00edt\u0151 koncentr\u00e1tum illat- \u00e9s allerg\u00e9nmentes 200 ml - Herbow | International<\/title>\n<meta name=\"description\" content=\"A Herbow Bambino Illat- \u00e9s Allerg\u00e9nmentes textil\u00f6bl\u00edt\u0151 k\u00edm\u00e9letes gondoskod\u00e1st ny\u00fajt a leg\u00e9rz\u00e9kenyebb b\u0151r sz\u00e1m\u00e1ra is.100%-ban n\u00f6v\u00e9nyi eredet\u0171 \u00f6sszetev\u0151i puh\u00e1v\u00e1 \u00e9s l\u00e1gy tapint\u00e1s\u00fav\u00e1 var\u00e1zsolj\u00e1k a text\u00edli\u00e1kat illatanyagok n\u00e9lk\u00fcl.\" \/>\n<meta name=\"robots\" content=\"index, follow, max-snippet:-1, max-image-preview:large, max-video-preview:-1\" \/>\n<link rel=\"canonical\" href=\"https:\/\/herbow.eu\/fr\/product\/herbow-bambino-oblito-concentratum-sans-parfum-ni-allergene\/\" \/>\n<meta property=\"og:locale\" content=\"fr_FR\" \/>\n<meta property=\"og:type\" content=\"article\" \/>\n<meta property=\"og:title\" content=\"Herbow Bambino \u00f6bl\u00edt\u0151 koncentr\u00e1tum illat- \u00e9s allerg\u00e9nmentes 200 ml - Herbow | International\" \/>\n<meta property=\"og:description\" content=\"A Herbow Bambino Illat- \u00e9s Allerg\u00e9nmentes textil\u00f6bl\u00edt\u0151 k\u00edm\u00e9letes gondoskod\u00e1st ny\u00fajt a leg\u00e9rz\u00e9kenyebb b\u0151r sz\u00e1m\u00e1ra is.100%-ban n\u00f6v\u00e9nyi eredet\u0171 \u00f6sszetev\u0151i puh\u00e1v\u00e1 \u00e9s l\u00e1gy tapint\u00e1s\u00fav\u00e1 var\u00e1zsolj\u00e1k a text\u00edli\u00e1kat illatanyagok n\u00e9lk\u00fcl.\" \/>\n<meta property=\"og:url\" content=\"https:\/\/herbow.eu\/fr\/product\/herbow-bambino-oblito-concentratum-sans-parfum-ni-allergene\/\" \/>\n<meta property=\"og:site_name\" content=\"Herbow | International\" \/>\n<meta property=\"article:publisher\" content=\"https:\/\/www.facebook.com\/herbowmosodioslabda\/\" \/>\n<meta property=\"article:modified_time\" content=\"2026-03-17T09:58:10+00:00\" \/>\n<meta property=\"og:image\" content=\"https:\/\/herbow.eu\/wp-content\/uploads\/2025\/08\/Herbow-bambino_text-oblito_200ml_redesign_front_v2_144x110mm_illat-allergenmentes.png\" \/>\n\t<meta property=\"og:image:width\" content=\"2000\" \/>\n\t<meta property=\"og:image:height\" content=\"2000\" \/>\n\t<meta property=\"og:image:type\" content=\"image\/png\" \/>\n<meta name=\"twitter:card\" content=\"summary_large_image\" \/>\n<meta name=\"twitter:label1\" content=\"Dur\u00e9e de lecture estim\u00e9e\" \/>\n\t<meta name=\"twitter:data1\" content=\"1 minute\" \/>\n<script type=\"application\/ld+json\" class=\"yoast-schema-graph\">{\"@context\":\"https:\\\/\\\/schema.org\",\"@graph\":[{\"@type\":\"WebPage\",\"@id\":\"https:\\\/\\\/herbow.eu\\\/product\\\/herbow-bambino-oblito-koncentratum-illat-es-allergenmentes\\\/\",\"url\":\"https:\\\/\\\/herbow.eu\\\/product\\\/herbow-bambino-oblito-koncentratum-illat-es-allergenmentes\\\/\",\"name\":\"Herbow Bambino \u00f6bl\u00edt\u0151 koncentr\u00e1tum illat- \u00e9s allerg\u00e9nmentes 200 ml - Herbow | International\",\"isPartOf\":{\"@id\":\"https:\\\/\\\/herbow.eu\\\/#website\"},\"primaryImageOfPage\":{\"@id\":\"https:\\\/\\\/herbow.eu\\\/product\\\/herbow-bambino-oblito-koncentratum-illat-es-allergenmentes\\\/#primaryimage\"},\"image\":{\"@id\":\"https:\\\/\\\/herbow.eu\\\/product\\\/herbow-bambino-oblito-koncentratum-illat-es-allergenmentes\\\/#primaryimage\"},\"thumbnailUrl\":\"https:\\\/\\\/herbow.eu\\\/wp-content\\\/uploads\\\/2025\\\/08\\\/Herbow-bambino_text-oblito_200ml_redesign_front_v2_144x110mm_illat-allergenmentes.png\",\"datePublished\":\"2025-08-18T09:05:58+00:00\",\"dateModified\":\"2026-03-17T09:58:10+00:00\",\"description\":\"A Herbow Bambino Illat- \u00e9s Allerg\u00e9nmentes textil\u00f6bl\u00edt\u0151 k\u00edm\u00e9letes gondoskod\u00e1st ny\u00fajt a leg\u00e9rz\u00e9kenyebb b\u0151r sz\u00e1m\u00e1ra is.100%-ban n\u00f6v\u00e9nyi eredet\u0171 \u00f6sszetev\u0151i puh\u00e1v\u00e1 \u00e9s l\u00e1gy tapint\u00e1s\u00fav\u00e1 var\u00e1zsolj\u00e1k a text\u00edli\u00e1kat illatanyagok n\u00e9lk\u00fcl.\",\"breadcrumb\":{\"@id\":\"https:\\\/\\\/herbow.eu\\\/product\\\/herbow-bambino-oblito-koncentratum-illat-es-allergenmentes\\\/#breadcrumb\"},\"inLanguage\":\"fr-FR\",\"potentialAction\":[{\"@type\":\"ReadAction\",\"target\":[\"https:\\\/\\\/herbow.eu\\\/product\\\/herbow-bambino-oblito-koncentratum-illat-es-allergenmentes\\\/\"]}]},{\"@type\":\"ImageObject\",\"inLanguage\":\"fr-FR\",\"@id\":\"https:\\\/\\\/herbow.eu\\\/product\\\/herbow-bambino-oblito-koncentratum-illat-es-allergenmentes\\\/#primaryimage\",\"url\":\"https:\\\/\\\/herbow.eu\\\/wp-content\\\/uploads\\\/2025\\\/08\\\/Herbow-bambino_text-oblito_200ml_redesign_front_v2_144x110mm_illat-allergenmentes.png\",\"contentUrl\":\"https:\\\/\\\/herbow.eu\\\/wp-content\\\/uploads\\\/2025\\\/08\\\/Herbow-bambino_text-oblito_200ml_redesign_front_v2_144x110mm_illat-allergenmentes.png\",\"width\":2000,\"height\":2000},{\"@type\":\"BreadcrumbList\",\"@id\":\"https:\\\/\\\/herbow.eu\\\/product\\\/herbow-bambino-oblito-koncentratum-illat-es-allergenmentes\\\/#breadcrumb\",\"itemListElement\":[{\"@type\":\"ListItem\",\"position\":1,\"name\":\"Kezd\u0151lap\",\"item\":\"https:\\\/\\\/herbow.eu\\\/\"},{\"@type\":\"ListItem\",\"position\":2,\"name\":\"Shop\",\"item\":\"https:\\\/\\\/herbow.eu\\\/shop\\\/\"},{\"@type\":\"ListItem\",\"position\":3,\"name\":\"Herbow Bambino \u00f6bl\u00edt\u0151 koncentr\u00e1tum illat- \u00e9s allerg\u00e9nmentes 200 ml\"}]},{\"@type\":\"WebSite\",\"@id\":\"https:\\\/\\\/herbow.eu\\\/#website\",\"url\":\"https:\\\/\\\/herbow.eu\\\/\",\"name\":\"Herbow | Herbal Organic World\",\"description\":\"Herbal Organic World\",\"publisher\":{\"@id\":\"https:\\\/\\\/herbow.eu\\\/#organization\"},\"potentialAction\":[{\"@type\":\"SearchAction\",\"target\":{\"@type\":\"EntryPoint\",\"urlTemplate\":\"https:\\\/\\\/herbow.eu\\\/?s={search_term_string}\"},\"query-input\":{\"@type\":\"PropertyValueSpecification\",\"valueRequired\":true,\"valueName\":\"search_term_string\"}}],\"inLanguage\":\"fr-FR\"},{\"@type\":\"Organization\",\"@id\":\"https:\\\/\\\/herbow.eu\\\/#organization\",\"name\":\"Herbow International Zrt.\",\"url\":\"https:\\\/\\\/herbow.eu\\\/\",\"logo\":{\"@type\":\"ImageObject\",\"inLanguage\":\"fr-FR\",\"@id\":\"https:\\\/\\\/herbow.eu\\\/#\\\/schema\\\/logo\\\/image\\\/\",\"url\":\"https:\\\/\\\/herbow.eu\\\/wp-content\\\/uploads\\\/2025\\\/07\\\/herbow_logo_hun_2021-01_w-slogan_no-background.png\",\"contentUrl\":\"https:\\\/\\\/herbow.eu\\\/wp-content\\\/uploads\\\/2025\\\/07\\\/herbow_logo_hun_2021-01_w-slogan_no-background.png\",\"width\":2366,\"height\":1732,\"caption\":\"Herbow International Zrt.\"},\"image\":{\"@id\":\"https:\\\/\\\/herbow.eu\\\/#\\\/schema\\\/logo\\\/image\\\/\"},\"sameAs\":[\"https:\\\/\\\/www.facebook.com\\\/herbowmosodioslabda\\\/\",\"https:\\\/\\\/www.instagram.com\\\/herbowmosodioslabda\\\/\"]}]}<\/script>\n<!-- \/ Yoast SEO plugin. -->","yoast_head_json":{"title":"Herbow Bambino Rin\u00e7age concentr\u00e9 sans parfum et sans allerg\u00e8ne 200 ml - Herbow | International","description":"Le rince-tissu Herbow Bambino sans parfum ni allerg\u00e8ne offre un soin doux aux peaux les plus sensibles. Les ingr\u00e9dients \u00e0 base de plantes de 100% rendent les textiles doux et lisses au toucher, sans parfum.","robots":{"index":"index","follow":"follow","max-snippet":"max-snippet:-1","max-image-preview":"max-image-preview:large","max-video-preview":"max-video-preview:-1"},"canonical":"https:\/\/herbow.eu\/fr\/product\/herbow-bambino-oblito-concentratum-sans-parfum-ni-allergene\/","og_locale":"fr_FR","og_type":"article","og_title":"Herbow Bambino \u00f6bl\u00edt\u0151 koncentr\u00e1tum illat- \u00e9s allerg\u00e9nmentes 200 ml - Herbow | International","og_description":"A Herbow Bambino Illat- \u00e9s Allerg\u00e9nmentes textil\u00f6bl\u00edt\u0151 k\u00edm\u00e9letes gondoskod\u00e1st ny\u00fajt a leg\u00e9rz\u00e9kenyebb b\u0151r sz\u00e1m\u00e1ra is.100%-ban n\u00f6v\u00e9nyi eredet\u0171 \u00f6sszetev\u0151i puh\u00e1v\u00e1 \u00e9s l\u00e1gy tapint\u00e1s\u00fav\u00e1 var\u00e1zsolj\u00e1k a text\u00edli\u00e1kat illatanyagok n\u00e9lk\u00fcl.","og_url":"https:\/\/herbow.eu\/fr\/product\/herbow-bambino-oblito-concentratum-sans-parfum-ni-allergene\/","og_site_name":"Herbow | International","article_publisher":"https:\/\/www.facebook.com\/herbowmosodioslabda\/","article_modified_time":"2026-03-17T09:58:10+00:00","og_image":[{"width":2000,"height":2000,"url":"https:\/\/herbow.eu\/wp-content\/uploads\/2025\/08\/Herbow-bambino_text-oblito_200ml_redesign_front_v2_144x110mm_illat-allergenmentes.png","type":"image\/png"}],"twitter_card":"summary_large_image","twitter_misc":{"Dur\u00e9e de lecture estim\u00e9e":"1 minute"},"schema":{"@context":"https:\/\/schema.org","@graph":[{"@type":"WebPage","@id":"https:\/\/herbow.eu\/product\/herbow-bambino-oblito-koncentratum-illat-es-allergenmentes\/","url":"https:\/\/herbow.eu\/product\/herbow-bambino-oblito-koncentratum-illat-es-allergenmentes\/","name":"Herbow Bambino Rin\u00e7age concentr\u00e9 sans parfum et sans allerg\u00e8ne 200 ml - Herbow | International","isPartOf":{"@id":"https:\/\/herbow.eu\/#website"},"primaryImageOfPage":{"@id":"https:\/\/herbow.eu\/product\/herbow-bambino-oblito-koncentratum-illat-es-allergenmentes\/#primaryimage"},"image":{"@id":"https:\/\/herbow.eu\/product\/herbow-bambino-oblito-koncentratum-illat-es-allergenmentes\/#primaryimage"},"thumbnailUrl":"https:\/\/herbow.eu\/wp-content\/uploads\/2025\/08\/Herbow-bambino_text-oblito_200ml_redesign_front_v2_144x110mm_illat-allergenmentes.png","datePublished":"2025-08-18T09:05:58+00:00","dateModified":"2026-03-17T09:58:10+00:00","description":"Le rince-tissu Herbow Bambino sans parfum ni allerg\u00e8ne offre un soin doux aux peaux les plus sensibles. Les ingr\u00e9dients \u00e0 base de plantes de 100% rendent les textiles doux et lisses au toucher, sans parfum.","breadcrumb":{"@id":"https:\/\/herbow.eu\/product\/herbow-bambino-oblito-koncentratum-illat-es-allergenmentes\/#breadcrumb"},"inLanguage":"fr-FR","potentialAction":[{"@type":"ReadAction","target":["https:\/\/herbow.eu\/product\/herbow-bambino-oblito-koncentratum-illat-es-allergenmentes\/"]}]},{"@type":"ImageObject","inLanguage":"fr-FR","@id":"https:\/\/herbow.eu\/product\/herbow-bambino-oblito-koncentratum-illat-es-allergenmentes\/#primaryimage","url":"https:\/\/herbow.eu\/wp-content\/uploads\/2025\/08\/Herbow-bambino_text-oblito_200ml_redesign_front_v2_144x110mm_illat-allergenmentes.png","contentUrl":"https:\/\/herbow.eu\/wp-content\/uploads\/2025\/08\/Herbow-bambino_text-oblito_200ml_redesign_front_v2_144x110mm_illat-allergenmentes.png","width":2000,"height":2000},{"@type":"BreadcrumbList","@id":"https:\/\/herbow.eu\/product\/herbow-bambino-oblito-koncentratum-illat-es-allergenmentes\/#breadcrumb","itemListElement":[{"@type":"ListItem","position":1,"name":"Kezd\u0151lap","item":"https:\/\/herbow.eu\/"},{"@type":"ListItem","position":2,"name":"Shop","item":"https:\/\/herbow.eu\/shop\/"},{"@type":"ListItem","position":3,"name":"Herbow Bambino \u00f6bl\u00edt\u0151 koncentr\u00e1tum illat- \u00e9s allerg\u00e9nmentes 200 ml"}]},{"@type":"WebSite","@id":"https:\/\/herbow.eu\/#website","url":"https:\/\/herbow.eu\/","name":"Herbow | Herbal Organic World","description":"Herbal Organic World","publisher":{"@id":"https:\/\/herbow.eu\/#organization"},"potentialAction":[{"@type":"SearchAction","target":{"@type":"EntryPoint","urlTemplate":"https:\/\/herbow.eu\/?s={search_term_string}"},"query-input":{"@type":"PropertyValueSpecification","valueRequired":true,"valueName":"search_term_string"}}],"inLanguage":"fr-FR"},{"@type":"Organization","@id":"https:\/\/herbow.eu\/#organization","name":"Herbow International Zrt.","url":"https:\/\/herbow.eu\/","logo":{"@type":"ImageObject","inLanguage":"fr-FR","@id":"https:\/\/herbow.eu\/#\/schema\/logo\/image\/","url":"https:\/\/herbow.eu\/wp-content\/uploads\/2025\/07\/herbow_logo_hun_2021-01_w-slogan_no-background.png","contentUrl":"https:\/\/herbow.eu\/wp-content\/uploads\/2025\/07\/herbow_logo_hun_2021-01_w-slogan_no-background.png","width":2366,"height":1732,"caption":"Herbow International Zrt."},"image":{"@id":"https:\/\/herbow.eu\/#\/schema\/logo\/image\/"},"sameAs":["https:\/\/www.facebook.com\/herbowmosodioslabda\/","https:\/\/www.instagram.com\/herbowmosodioslabda\/"]}]}},"jetpack_likes_enabled":true,"jetpack_sharing_enabled":true,"_links":{"self":[{"href":"https:\/\/herbow.eu\/fr\/wp-json\/wp\/v2\/product\/1036","targetHints":{"allow":["GET"]}}],"collection":[{"href":"https:\/\/herbow.eu\/fr\/wp-json\/wp\/v2\/product"}],"about":[{"href":"https:\/\/herbow.eu\/fr\/wp-json\/wp\/v2\/types\/product"}],"replies":[{"embeddable":true,"href":"https:\/\/herbow.eu\/fr\/wp-json\/wp\/v2\/comments?post=1036"}],"wp:featuredmedia":[{"embeddable":true,"href":"https:\/\/herbow.eu\/fr\/wp-json\/wp\/v2\/media\/901"}],"wp:attachment":[{"href":"https:\/\/herbow.eu\/fr\/wp-json\/wp\/v2\/media?parent=1036"}],"wp:term":[{"taxonomy":"product_brand","embeddable":true,"href":"https:\/\/herbow.eu\/fr\/wp-json\/wp\/v2\/product_brand?post=1036"},{"taxonomy":"product_cat","embeddable":true,"href":"https:\/\/herbow.eu\/fr\/wp-json\/wp\/v2\/product_cat?post=1036"},{"taxonomy":"product_tag","embeddable":true,"href":"https:\/\/herbow.eu\/fr\/wp-json\/wp\/v2\/product_tag?post=1036"}],"curies":[{"name":"wp","href":"https:\/\/api.w.org\/{rel}","templated":true}]}}