{"id":1032,"date":"2025-08-18T11:05:58","date_gmt":"2025-08-18T09:05:58","guid":{"rendered":"https:\/\/herbow.eu\/product\/herbow-konyhai-tisztito-es-zsiroldo-probiotikus-spray-rinse-friss-narancsos-illattal\/"},"modified":"2026-03-17T10:58:05","modified_gmt":"2026-03-17T09:58:05","slug":"herbow-kitchen-cleaning-and-germicidal-probiotic-spray-rinse-with-fresh-orange-fragrance","status":"publish","type":"product","link":"https:\/\/herbow.eu\/fr\/product\/herbow-konyhai-tisztito-es-zsiroldo-probiotikus-spray-rinse-friss-narancsos-illattal\/","title":{"rendered":"Herbow Kitchen Cleaner &amp; Degreaser Probiotic Spray &amp; Rinse with Fresh Orange Fragrance 500 ml"},"content":{"rendered":"<p>Le nettoyant et d\u00e9graissant de cuisine probiotique Herbow - Parfum d'orange fra\u00eeche apporte un nouveau niveau de nettoyage naturel \u00e0 la cuisine. Ses ingr\u00e9dients d'origine v\u00e9g\u00e9tale dissolvent rapidement la graisse et la salet\u00e9 tenace, tandis que les micro-organismes probiotiques continuent d'agir apr\u00e8s le nettoyage, pr\u00e9servant ainsi l'hygi\u00e8ne des surfaces. Sa formule peu moussante n\u00e9cessite moins de rin\u00e7age, ce qui en fait une solution \u00e9conome en eau et respectueuse de l'environnement. Il nettoie efficacement les cuisini\u00e8res, les fours, les extracteurs, les plans de travail, les casseroles, les carrelages, les sols et les ustensiles de cuisine sans laisser de traces ni de taches. Son parfum frais et orang\u00e9 cr\u00e9e une sensation de fra\u00eecheur et de propret\u00e9 naturelle dans la cuisine.<\/p>\n<p>Le produit ne contient pas de chlore, de phosphate, de phosphonate, d'ammoniaque ou d'EDTA, mais uniquement des ingr\u00e9dients d'origine v\u00e9g\u00e9tale et un m\u00e9lange de spores bact\u00e9riennes b\u00e9n\u00e9fiques.<br \/>\nLa technologie probiotique de Herbow assure \u00e0 la fois une action rapide et une protection microbiologique durable contre les contaminants.<\/p>","protected":false},"excerpt":{"rendered":"<p>A <strong>Herbow Probiotic Kitchen Cleaner and Degreaser (nettoyant et d\u00e9graissant probiotique pour la cuisine)<\/strong> avec ses ingr\u00e9dients naturels, dissout efficacement la graisse et la salet\u00e9 tenace. Sa formule probiotique continue d'agir longtemps apr\u00e8s le nettoyage pour garder les surfaces hygi\u00e9niquement propres plus longtemps - avec un parfum frais d'orange.<\/p>\n<p>Conditionnement : 500ml<\/p>","protected":false},"featured_media":818,"comment_status":"open","ping_status":"closed","template":"","meta":[],"product_brand":[1397],"product_cat":[1459],"product_tag":[1568,1431,1567,1555,1570,1559,1557,1572,1467,1564,1565,1571,1561,1409,1422,1573,1563,1562,1412,1558,1560,1554,1553,1574,1569,1556,1566],"class_list":{"0":"post-1032","1":"product","2":"type-product","3":"status-publish","4":"has-post-thumbnail","6":"product_brand-herbow","7":"product_cat-herbow-probiotikus-tisztitoszerek","8":"product_tag-aktiv-probiotikumok","9":"product_tag-allergenmentes","10":"product_tag-allatkiserlet-mentes","11":"product_tag-elo-probiotikumok","12":"product_tag-oko-haztartasi-tisztitoszer","13":"product_tag-oko-tisztitas","14":"product_tag-biofilm-eltavolitas","15":"product_tag-biofilm-bonto-technologia","16":"product_tag-biologiailag-lebomlo","17":"product_tag-biztonsagos-tisztitas","18":"product_tag-borbarat-tisztitoszer","19":"product_tag-egeszseges-otthon","20":"product_tag-fenntarthato-haztartas","21":"product_tag-herbow","22":"product_tag-herbow-probiotikus","23":"product_tag-herbtech-probiotikus","24":"product_tag-hosszan-tarto-frissesseg","25":"product_tag-illatmentes-opcio","26":"product_tag-kornyezetbarat-tisztitoszer","27":"product_tag-melytisztito-hatas","28":"product_tag-novenyi-alapu-tisztitoszer","29":"product_tag-probiotikus-formula","30":"product_tag-probiotikus-tisztitoszer","31":"product_tag-tartos-mikrobialis-vedelem","32":"product_tag-termeszetes-higienia","33":"product_tag-termeszetes-tisztitas","34":"product_tag-vegan-tisztitoszer","36":"first","37":"instock","38":"taxable","39":"shipping-taxable","40":"product-type-simple"},"yoast_head":"<!-- This site is optimized with the Yoast SEO plugin v27.5 - https:\/\/yoast.com\/product\/yoast-seo-wordpress\/ -->\n<title>Herbow Konyhai tiszt\u00edt\u00f3 \u00e9s zs\u00edrold\u00f3 Probiotikus Spray &amp; Rinse Friss narancsos illattal 500 ml - Herbow | International<\/title>\n<meta name=\"description\" content=\"A Herbow Probiotikus Konyhai Tiszt\u00edt\u00f3 \u00e9s Zs\u00edrold\u00f3 term\u00e9szetes \u00f6sszetev\u0151ivel hat\u00e9konyan oldja a zs\u00edrt \u00e9s a makacs szennyez\u0151d\u00e9seket. Probiotikus formul\u00e1ja a tiszt\u00edt\u00e1s ut\u00e1n is tov\u00e1bb dolgozik, hogy a fel\u00fcletek hosszan higi\u00e9nikusan tiszt\u00e1k maradjanak \u2013 friss narancsos illattal.\" \/>\n<meta name=\"robots\" content=\"index, follow, max-snippet:-1, max-image-preview:large, max-video-preview:-1\" \/>\n<link rel=\"canonical\" href=\"https:\/\/herbow.eu\/fr\/product\/herbow-kitchen-cleaning-and-germicidal-probiotic-spray-rinse-with-fresh-orange-fragrance\/\" \/>\n<meta property=\"og:locale\" content=\"fr_FR\" \/>\n<meta property=\"og:type\" content=\"article\" \/>\n<meta property=\"og:title\" content=\"Herbow Konyhai tiszt\u00edt\u00f3 \u00e9s zs\u00edrold\u00f3 Probiotikus Spray &amp; Rinse Friss narancsos illattal 500 ml - Herbow | International\" \/>\n<meta property=\"og:description\" content=\"A Herbow Probiotikus Konyhai Tiszt\u00edt\u00f3 \u00e9s Zs\u00edrold\u00f3 term\u00e9szetes \u00f6sszetev\u0151ivel hat\u00e9konyan oldja a zs\u00edrt \u00e9s a makacs szennyez\u0151d\u00e9seket. Probiotikus formul\u00e1ja a tiszt\u00edt\u00e1s ut\u00e1n is tov\u00e1bb dolgozik, hogy a fel\u00fcletek hosszan higi\u00e9nikusan tiszt\u00e1k maradjanak \u2013 friss narancsos illattal.\" \/>\n<meta property=\"og:url\" content=\"https:\/\/herbow.eu\/fr\/product\/herbow-kitchen-cleaning-and-germicidal-probiotic-spray-rinse-with-fresh-orange-fragrance\/\" \/>\n<meta property=\"og:site_name\" content=\"Herbow | International\" \/>\n<meta property=\"article:publisher\" content=\"https:\/\/www.facebook.com\/herbowmosodioslabda\/\" \/>\n<meta property=\"article:modified_time\" content=\"2026-03-17T09:58:05+00:00\" \/>\n<meta property=\"og:image\" content=\"https:\/\/herbow.eu\/wp-content\/uploads\/2025\/07\/Herbow-Konyhai-tisztito-es-zsiroldo-Probiotikus-Spray-Rinse-Friss-narancsos-illattal-500-ml.png\" \/>\n\t<meta property=\"og:image:width\" content=\"2000\" \/>\n\t<meta property=\"og:image:height\" content=\"2000\" \/>\n\t<meta property=\"og:image:type\" content=\"image\/png\" \/>\n<meta name=\"twitter:card\" content=\"summary_large_image\" \/>\n<meta name=\"twitter:label1\" content=\"Dur\u00e9e de lecture estim\u00e9e\" \/>\n\t<meta name=\"twitter:data1\" content=\"1 minute\" \/>\n<script type=\"application\/ld+json\" class=\"yoast-schema-graph\">{\"@context\":\"https:\\\/\\\/schema.org\",\"@graph\":[{\"@type\":\"WebPage\",\"@id\":\"https:\\\/\\\/herbow.eu\\\/product\\\/herbow-konyhai-tisztito-es-zsiroldo-probiotikus-spray-rinse-friss-narancsos-illattal\\\/\",\"url\":\"https:\\\/\\\/herbow.eu\\\/product\\\/herbow-konyhai-tisztito-es-zsiroldo-probiotikus-spray-rinse-friss-narancsos-illattal\\\/\",\"name\":\"Herbow Konyhai tiszt\u00edt\u00f3 \u00e9s zs\u00edrold\u00f3 Probiotikus Spray & Rinse Friss narancsos illattal 500 ml - Herbow | International\",\"isPartOf\":{\"@id\":\"https:\\\/\\\/herbow.eu\\\/#website\"},\"primaryImageOfPage\":{\"@id\":\"https:\\\/\\\/herbow.eu\\\/product\\\/herbow-konyhai-tisztito-es-zsiroldo-probiotikus-spray-rinse-friss-narancsos-illattal\\\/#primaryimage\"},\"image\":{\"@id\":\"https:\\\/\\\/herbow.eu\\\/product\\\/herbow-konyhai-tisztito-es-zsiroldo-probiotikus-spray-rinse-friss-narancsos-illattal\\\/#primaryimage\"},\"thumbnailUrl\":\"https:\\\/\\\/herbow.eu\\\/wp-content\\\/uploads\\\/2025\\\/07\\\/Herbow-Konyhai-tisztito-es-zsiroldo-Probiotikus-Spray-Rinse-Friss-narancsos-illattal-500-ml.png\",\"datePublished\":\"2025-08-18T09:05:58+00:00\",\"dateModified\":\"2026-03-17T09:58:05+00:00\",\"description\":\"A Herbow Probiotikus Konyhai Tiszt\u00edt\u00f3 \u00e9s Zs\u00edrold\u00f3 term\u00e9szetes \u00f6sszetev\u0151ivel hat\u00e9konyan oldja a zs\u00edrt \u00e9s a makacs szennyez\u0151d\u00e9seket. Probiotikus formul\u00e1ja a tiszt\u00edt\u00e1s ut\u00e1n is tov\u00e1bb dolgozik, hogy a fel\u00fcletek hosszan higi\u00e9nikusan tiszt\u00e1k maradjanak \u2013 friss narancsos illattal.\",\"breadcrumb\":{\"@id\":\"https:\\\/\\\/herbow.eu\\\/product\\\/herbow-konyhai-tisztito-es-zsiroldo-probiotikus-spray-rinse-friss-narancsos-illattal\\\/#breadcrumb\"},\"inLanguage\":\"fr-FR\",\"potentialAction\":[{\"@type\":\"ReadAction\",\"target\":[\"https:\\\/\\\/herbow.eu\\\/product\\\/herbow-konyhai-tisztito-es-zsiroldo-probiotikus-spray-rinse-friss-narancsos-illattal\\\/\"]}]},{\"@type\":\"ImageObject\",\"inLanguage\":\"fr-FR\",\"@id\":\"https:\\\/\\\/herbow.eu\\\/product\\\/herbow-konyhai-tisztito-es-zsiroldo-probiotikus-spray-rinse-friss-narancsos-illattal\\\/#primaryimage\",\"url\":\"https:\\\/\\\/herbow.eu\\\/wp-content\\\/uploads\\\/2025\\\/07\\\/Herbow-Konyhai-tisztito-es-zsiroldo-Probiotikus-Spray-Rinse-Friss-narancsos-illattal-500-ml.png\",\"contentUrl\":\"https:\\\/\\\/herbow.eu\\\/wp-content\\\/uploads\\\/2025\\\/07\\\/Herbow-Konyhai-tisztito-es-zsiroldo-Probiotikus-Spray-Rinse-Friss-narancsos-illattal-500-ml.png\",\"width\":2000,\"height\":2000},{\"@type\":\"BreadcrumbList\",\"@id\":\"https:\\\/\\\/herbow.eu\\\/product\\\/herbow-konyhai-tisztito-es-zsiroldo-probiotikus-spray-rinse-friss-narancsos-illattal\\\/#breadcrumb\",\"itemListElement\":[{\"@type\":\"ListItem\",\"position\":1,\"name\":\"Kezd\u0151lap\",\"item\":\"https:\\\/\\\/herbow.eu\\\/\"},{\"@type\":\"ListItem\",\"position\":2,\"name\":\"Shop\",\"item\":\"https:\\\/\\\/herbow.eu\\\/shop\\\/\"},{\"@type\":\"ListItem\",\"position\":3,\"name\":\"Herbow Konyhai tiszt\u00edt\u00f3 \u00e9s zs\u00edrold\u00f3 Probiotikus Spray &#038; Rinse Friss narancsos illattal 500 ml\"}]},{\"@type\":\"WebSite\",\"@id\":\"https:\\\/\\\/herbow.eu\\\/#website\",\"url\":\"https:\\\/\\\/herbow.eu\\\/\",\"name\":\"Herbow | Herbal Organic World\",\"description\":\"Herbal Organic World\",\"publisher\":{\"@id\":\"https:\\\/\\\/herbow.eu\\\/#organization\"},\"potentialAction\":[{\"@type\":\"SearchAction\",\"target\":{\"@type\":\"EntryPoint\",\"urlTemplate\":\"https:\\\/\\\/herbow.eu\\\/?s={search_term_string}\"},\"query-input\":{\"@type\":\"PropertyValueSpecification\",\"valueRequired\":true,\"valueName\":\"search_term_string\"}}],\"inLanguage\":\"fr-FR\"},{\"@type\":\"Organization\",\"@id\":\"https:\\\/\\\/herbow.eu\\\/#organization\",\"name\":\"Herbow International Zrt.\",\"url\":\"https:\\\/\\\/herbow.eu\\\/\",\"logo\":{\"@type\":\"ImageObject\",\"inLanguage\":\"fr-FR\",\"@id\":\"https:\\\/\\\/herbow.eu\\\/#\\\/schema\\\/logo\\\/image\\\/\",\"url\":\"https:\\\/\\\/herbow.eu\\\/wp-content\\\/uploads\\\/2025\\\/07\\\/herbow_logo_hun_2021-01_w-slogan_no-background.png\",\"contentUrl\":\"https:\\\/\\\/herbow.eu\\\/wp-content\\\/uploads\\\/2025\\\/07\\\/herbow_logo_hun_2021-01_w-slogan_no-background.png\",\"width\":2366,\"height\":1732,\"caption\":\"Herbow International Zrt.\"},\"image\":{\"@id\":\"https:\\\/\\\/herbow.eu\\\/#\\\/schema\\\/logo\\\/image\\\/\"},\"sameAs\":[\"https:\\\/\\\/www.facebook.com\\\/herbowmosodioslabda\\\/\",\"https:\\\/\\\/www.instagram.com\\\/herbowmosodioslabda\\\/\"]}]}<\/script>\n<!-- \/ Yoast SEO plugin. -->","yoast_head_json":{"title":"Herbow Kitchen Cleaner &amp; Degreaser Probiotic Spray &amp; Rinse Fresh Orange Fragrance 500 ml - Herbow | International","description":"Le nettoyant et d\u00e9graissant de cuisine probiotique Herbow dissout efficacement la graisse et la salet\u00e9 tenace gr\u00e2ce \u00e0 ses ingr\u00e9dients naturels. Sa formule probiotique continue d'agir longtemps apr\u00e8s le nettoyage pour garder les surfaces hygi\u00e9niquement propres plus longtemps - avec un parfum frais d'orange.","robots":{"index":"index","follow":"follow","max-snippet":"max-snippet:-1","max-image-preview":"max-image-preview:large","max-video-preview":"max-video-preview:-1"},"canonical":"https:\/\/herbow.eu\/fr\/product\/herbow-kitchen-cleaning-and-germicidal-probiotic-spray-rinse-with-fresh-orange-fragrance\/","og_locale":"fr_FR","og_type":"article","og_title":"Herbow Konyhai tiszt\u00edt\u00f3 \u00e9s zs\u00edrold\u00f3 Probiotikus Spray & Rinse Friss narancsos illattal 500 ml - Herbow | International","og_description":"A Herbow Probiotikus Konyhai Tiszt\u00edt\u00f3 \u00e9s Zs\u00edrold\u00f3 term\u00e9szetes \u00f6sszetev\u0151ivel hat\u00e9konyan oldja a zs\u00edrt \u00e9s a makacs szennyez\u0151d\u00e9seket. Probiotikus formul\u00e1ja a tiszt\u00edt\u00e1s ut\u00e1n is tov\u00e1bb dolgozik, hogy a fel\u00fcletek hosszan higi\u00e9nikusan tiszt\u00e1k maradjanak \u2013 friss narancsos illattal.","og_url":"https:\/\/herbow.eu\/fr\/product\/herbow-kitchen-cleaning-and-germicidal-probiotic-spray-rinse-with-fresh-orange-fragrance\/","og_site_name":"Herbow | International","article_publisher":"https:\/\/www.facebook.com\/herbowmosodioslabda\/","article_modified_time":"2026-03-17T09:58:05+00:00","og_image":[{"width":2000,"height":2000,"url":"https:\/\/herbow.eu\/wp-content\/uploads\/2025\/07\/Herbow-Konyhai-tisztito-es-zsiroldo-Probiotikus-Spray-Rinse-Friss-narancsos-illattal-500-ml.png","type":"image\/png"}],"twitter_card":"summary_large_image","twitter_misc":{"Dur\u00e9e de lecture estim\u00e9e":"1 minute"},"schema":{"@context":"https:\/\/schema.org","@graph":[{"@type":"WebPage","@id":"https:\/\/herbow.eu\/product\/herbow-konyhai-tisztito-es-zsiroldo-probiotikus-spray-rinse-friss-narancsos-illattal\/","url":"https:\/\/herbow.eu\/product\/herbow-konyhai-tisztito-es-zsiroldo-probiotikus-spray-rinse-friss-narancsos-illattal\/","name":"Herbow Kitchen Cleaner &amp; Degreaser Probiotic Spray &amp; Rinse Fresh Orange Fragrance 500 ml - Herbow | International","isPartOf":{"@id":"https:\/\/herbow.eu\/#website"},"primaryImageOfPage":{"@id":"https:\/\/herbow.eu\/product\/herbow-konyhai-tisztito-es-zsiroldo-probiotikus-spray-rinse-friss-narancsos-illattal\/#primaryimage"},"image":{"@id":"https:\/\/herbow.eu\/product\/herbow-konyhai-tisztito-es-zsiroldo-probiotikus-spray-rinse-friss-narancsos-illattal\/#primaryimage"},"thumbnailUrl":"https:\/\/herbow.eu\/wp-content\/uploads\/2025\/07\/Herbow-Konyhai-tisztito-es-zsiroldo-Probiotikus-Spray-Rinse-Friss-narancsos-illattal-500-ml.png","datePublished":"2025-08-18T09:05:58+00:00","dateModified":"2026-03-17T09:58:05+00:00","description":"Le nettoyant et d\u00e9graissant de cuisine probiotique Herbow dissout efficacement la graisse et la salet\u00e9 tenace gr\u00e2ce \u00e0 ses ingr\u00e9dients naturels. Sa formule probiotique continue d'agir longtemps apr\u00e8s le nettoyage pour garder les surfaces hygi\u00e9niquement propres plus longtemps - avec un parfum frais d'orange.","breadcrumb":{"@id":"https:\/\/herbow.eu\/product\/herbow-konyhai-tisztito-es-zsiroldo-probiotikus-spray-rinse-friss-narancsos-illattal\/#breadcrumb"},"inLanguage":"fr-FR","potentialAction":[{"@type":"ReadAction","target":["https:\/\/herbow.eu\/product\/herbow-konyhai-tisztito-es-zsiroldo-probiotikus-spray-rinse-friss-narancsos-illattal\/"]}]},{"@type":"ImageObject","inLanguage":"fr-FR","@id":"https:\/\/herbow.eu\/product\/herbow-konyhai-tisztito-es-zsiroldo-probiotikus-spray-rinse-friss-narancsos-illattal\/#primaryimage","url":"https:\/\/herbow.eu\/wp-content\/uploads\/2025\/07\/Herbow-Konyhai-tisztito-es-zsiroldo-Probiotikus-Spray-Rinse-Friss-narancsos-illattal-500-ml.png","contentUrl":"https:\/\/herbow.eu\/wp-content\/uploads\/2025\/07\/Herbow-Konyhai-tisztito-es-zsiroldo-Probiotikus-Spray-Rinse-Friss-narancsos-illattal-500-ml.png","width":2000,"height":2000},{"@type":"BreadcrumbList","@id":"https:\/\/herbow.eu\/product\/herbow-konyhai-tisztito-es-zsiroldo-probiotikus-spray-rinse-friss-narancsos-illattal\/#breadcrumb","itemListElement":[{"@type":"ListItem","position":1,"name":"Kezd\u0151lap","item":"https:\/\/herbow.eu\/"},{"@type":"ListItem","position":2,"name":"Shop","item":"https:\/\/herbow.eu\/shop\/"},{"@type":"ListItem","position":3,"name":"Herbow Konyhai tiszt\u00edt\u00f3 \u00e9s zs\u00edrold\u00f3 Probiotikus Spray &#038; Rinse Friss narancsos illattal 500 ml"}]},{"@type":"WebSite","@id":"https:\/\/herbow.eu\/#website","url":"https:\/\/herbow.eu\/","name":"Herbow | Herbal Organic World","description":"Herbal Organic World","publisher":{"@id":"https:\/\/herbow.eu\/#organization"},"potentialAction":[{"@type":"SearchAction","target":{"@type":"EntryPoint","urlTemplate":"https:\/\/herbow.eu\/?s={search_term_string}"},"query-input":{"@type":"PropertyValueSpecification","valueRequired":true,"valueName":"search_term_string"}}],"inLanguage":"fr-FR"},{"@type":"Organization","@id":"https:\/\/herbow.eu\/#organization","name":"Herbow International Zrt.","url":"https:\/\/herbow.eu\/","logo":{"@type":"ImageObject","inLanguage":"fr-FR","@id":"https:\/\/herbow.eu\/#\/schema\/logo\/image\/","url":"https:\/\/herbow.eu\/wp-content\/uploads\/2025\/07\/herbow_logo_hun_2021-01_w-slogan_no-background.png","contentUrl":"https:\/\/herbow.eu\/wp-content\/uploads\/2025\/07\/herbow_logo_hun_2021-01_w-slogan_no-background.png","width":2366,"height":1732,"caption":"Herbow International Zrt."},"image":{"@id":"https:\/\/herbow.eu\/#\/schema\/logo\/image\/"},"sameAs":["https:\/\/www.facebook.com\/herbowmosodioslabda\/","https:\/\/www.instagram.com\/herbowmosodioslabda\/"]}]}},"jetpack_likes_enabled":true,"jetpack_sharing_enabled":true,"_links":{"self":[{"href":"https:\/\/herbow.eu\/fr\/wp-json\/wp\/v2\/product\/1032","targetHints":{"allow":["GET"]}}],"collection":[{"href":"https:\/\/herbow.eu\/fr\/wp-json\/wp\/v2\/product"}],"about":[{"href":"https:\/\/herbow.eu\/fr\/wp-json\/wp\/v2\/types\/product"}],"replies":[{"embeddable":true,"href":"https:\/\/herbow.eu\/fr\/wp-json\/wp\/v2\/comments?post=1032"}],"wp:featuredmedia":[{"embeddable":true,"href":"https:\/\/herbow.eu\/fr\/wp-json\/wp\/v2\/media\/818"}],"wp:attachment":[{"href":"https:\/\/herbow.eu\/fr\/wp-json\/wp\/v2\/media?parent=1032"}],"wp:term":[{"taxonomy":"product_brand","embeddable":true,"href":"https:\/\/herbow.eu\/fr\/wp-json\/wp\/v2\/product_brand?post=1032"},{"taxonomy":"product_cat","embeddable":true,"href":"https:\/\/herbow.eu\/fr\/wp-json\/wp\/v2\/product_cat?post=1032"},{"taxonomy":"product_tag","embeddable":true,"href":"https:\/\/herbow.eu\/fr\/wp-json\/wp\/v2\/product_tag?post=1032"}],"curies":[{"name":"wp","href":"https:\/\/api.w.org\/{rel}","templated":true}]}}