{"id":1031,"date":"2025-08-18T11:05:57","date_gmt":"2025-08-18T09:05:57","guid":{"rendered":"https:\/\/herbow.eu\/product\/herbow-furdoszobai-tisztito-probiotikus-spray-friss-citrus-illattal\/"},"modified":"2026-03-17T10:58:17","modified_gmt":"2026-03-17T09:58:17","slug":"herbow-furdosobai-cleanito-spray-probiotique-au-parfum-frais-dagrumes","status":"publish","type":"product","link":"https:\/\/herbow.eu\/fr\/product\/herbow-furdoszobai-tisztito-probiotikus-spray-friss-citrus-illattal\/","title":{"rendered":"Herbow Bathroom Cleaner Probiotic Spray with Fresh Citrus Fragrance 500 ml"},"content":{"rendered":"<p>Le nettoyant probiotique pour salle de bains Herbow - Parfum d'agrumes frais combine le pouvoir de la nature et de la science pour garder votre salle de bains propre et fra\u00eeche. Ses ingr\u00e9dients botaniques et sa teneur en acide citrique dissolvent rapidement le tartre, les r\u00e9sidus de savon, les d\u00e9p\u00f4ts de min\u00e9raux et de rouille autour des robinets et des carreaux. Apr\u00e8s le nettoyage, les micro-organismes probiotiques qui restent sur la surface continuent d'agir : ils emp\u00eachent naturellement la recolonisation de la salet\u00e9 et des bact\u00e9ries, ce qui permet de garder les surfaces propres plus longtemps. Sa formule de s\u00e9chage hydrofuge et anti-taches laisse les surfaces brillantes et lisses, tout en offrant des propri\u00e9t\u00e9s antibact\u00e9riennes et antistatiques. Le produit ne contient pas de chlore, de phosphate, de phosphonate, d'ammoniaque ou d'EDTA, mais uniquement des ingr\u00e9dients d'origine v\u00e9g\u00e9tale portant le label \u00e9cologique de l'UE et un m\u00e9lange synergique de spores bact\u00e9riennes b\u00e9n\u00e9fiques. Son utilisation r\u00e9guli\u00e8re constitue une solution s\u00fbre, \u00e9cologique et efficace pour le nettoyage quotidien de la salle de bains.<\/p>\n<p>Utilisation :<\/p>\n<ul>\n<li>Vaporiser directement sur la surface, laisser agir quelques secondes, puis essuyer avec un chiffon humide ou sec.<\/li>\n<li>Ne n\u00e9cessite pas de rin\u00e7age, s\u00e8che rapidement et ne tache pas.<\/li>\n<\/ul>","protected":false},"excerpt":{"rendered":"<p>A <strong>Herbow Nettoyant probiotique pour salle de bains<\/strong> dissout efficacement le tartre, les r\u00e9sidus de savon et les taches de rouille. Ses micro-organismes b\u00e9n\u00e9fiques assurent une propret\u00e9 durable, hygi\u00e9nique et fra\u00eeche.<\/p>\n<p>Conditionnement : 500ml<\/p>","protected":false},"featured_media":1140,"comment_status":"open","ping_status":"closed","template":"","meta":[],"product_brand":[1397],"product_cat":[1459],"product_tag":[1568,1431,1567,1555,1570,1559,1557,1572,1467,1564,1565,1571,1561,1409,1422,1573,1563,1562,1412,1558,1560,1554,1553,1574,1569,1556,1566],"class_list":{"0":"post-1031","1":"product","2":"type-product","3":"status-publish","4":"has-post-thumbnail","6":"product_brand-herbow","7":"product_cat-herbow-probiotikus-tisztitoszerek","8":"product_tag-aktiv-probiotikumok","9":"product_tag-allergenmentes","10":"product_tag-allatkiserlet-mentes","11":"product_tag-elo-probiotikumok","12":"product_tag-oko-haztartasi-tisztitoszer","13":"product_tag-oko-tisztitas","14":"product_tag-biofilm-eltavolitas","15":"product_tag-biofilm-bonto-technologia","16":"product_tag-biologiailag-lebomlo","17":"product_tag-biztonsagos-tisztitas","18":"product_tag-borbarat-tisztitoszer","19":"product_tag-egeszseges-otthon","20":"product_tag-fenntarthato-haztartas","21":"product_tag-herbow","22":"product_tag-herbow-probiotikus","23":"product_tag-herbtech-probiotikus","24":"product_tag-hosszan-tarto-frissesseg","25":"product_tag-illatmentes-opcio","26":"product_tag-kornyezetbarat-tisztitoszer","27":"product_tag-melytisztito-hatas","28":"product_tag-novenyi-alapu-tisztitoszer","29":"product_tag-probiotikus-formula","30":"product_tag-probiotikus-tisztitoszer","31":"product_tag-tartos-mikrobialis-vedelem","32":"product_tag-termeszetes-higienia","33":"product_tag-termeszetes-tisztitas","34":"product_tag-vegan-tisztitoszer","36":"first","37":"instock","38":"taxable","39":"shipping-taxable","40":"product-type-simple"},"yoast_head":"<!-- This site is optimized with the Yoast SEO plugin v27.5 - https:\/\/yoast.com\/product\/yoast-seo-wordpress\/ -->\n<title>Herbow F\u00fcrd\u0151szobai tiszt\u00edt\u00f3 Probiotikus spray Friss citrus illattal 500 ml - Herbow | International<\/title>\n<meta name=\"description\" content=\"A Herbow Probiotikus F\u00fcrd\u0151szobai Tiszt\u00edt\u00f3 hat\u00e9konyan oldja a v\u00edzk\u00f6vet, szappanmaradv\u00e1nyokat \u00e9s rozsdafoltokat. J\u00f3t\u00e9kony mikroorganizmusai hosszan gondoskodnak a higi\u00e9nikus, friss tisztas\u00e1gr\u00f3l.\" \/>\n<meta name=\"robots\" content=\"index, follow, max-snippet:-1, max-image-preview:large, max-video-preview:-1\" \/>\n<link rel=\"canonical\" href=\"https:\/\/herbow.eu\/fr\/product\/herbow-furdosobai-cleanito-spray-probiotique-au-parfum-frais-dagrumes\/\" \/>\n<meta property=\"og:locale\" content=\"fr_FR\" \/>\n<meta property=\"og:type\" content=\"article\" \/>\n<meta property=\"og:title\" content=\"Herbow F\u00fcrd\u0151szobai tiszt\u00edt\u00f3 Probiotikus spray Friss citrus illattal 500 ml - Herbow | International\" \/>\n<meta property=\"og:description\" content=\"A Herbow Probiotikus F\u00fcrd\u0151szobai Tiszt\u00edt\u00f3 hat\u00e9konyan oldja a v\u00edzk\u00f6vet, szappanmaradv\u00e1nyokat \u00e9s rozsdafoltokat. J\u00f3t\u00e9kony mikroorganizmusai hosszan gondoskodnak a higi\u00e9nikus, friss tisztas\u00e1gr\u00f3l.\" \/>\n<meta property=\"og:url\" content=\"https:\/\/herbow.eu\/fr\/product\/herbow-furdosobai-cleanito-spray-probiotique-au-parfum-frais-dagrumes\/\" \/>\n<meta property=\"og:site_name\" content=\"Herbow | International\" \/>\n<meta property=\"article:publisher\" content=\"https:\/\/www.facebook.com\/herbowmosodioslabda\/\" \/>\n<meta property=\"article:modified_time\" content=\"2026-03-17T09:58:17+00:00\" \/>\n<meta property=\"og:image\" content=\"https:\/\/herbow.eu\/wp-content\/uploads\/2025\/11\/Woo_base_2000x2000_16015_furdoszobai_tisztitoszer_stancolt_500ml_v7_latvany.png\" \/>\n\t<meta property=\"og:image:width\" content=\"2000\" \/>\n\t<meta property=\"og:image:height\" content=\"2000\" \/>\n\t<meta property=\"og:image:type\" content=\"image\/png\" \/>\n<meta name=\"twitter:card\" content=\"summary_large_image\" \/>\n<meta name=\"twitter:label1\" content=\"Dur\u00e9e de lecture estim\u00e9e\" \/>\n\t<meta name=\"twitter:data1\" content=\"1 minute\" \/>\n<script type=\"application\/ld+json\" class=\"yoast-schema-graph\">{\"@context\":\"https:\\\/\\\/schema.org\",\"@graph\":[{\"@type\":\"WebPage\",\"@id\":\"https:\\\/\\\/herbow.eu\\\/product\\\/herbow-furdoszobai-tisztito-probiotikus-spray-friss-citrus-illattal\\\/\",\"url\":\"https:\\\/\\\/herbow.eu\\\/product\\\/herbow-furdoszobai-tisztito-probiotikus-spray-friss-citrus-illattal\\\/\",\"name\":\"Herbow F\u00fcrd\u0151szobai tiszt\u00edt\u00f3 Probiotikus spray Friss citrus illattal 500 ml - Herbow | International\",\"isPartOf\":{\"@id\":\"https:\\\/\\\/herbow.eu\\\/#website\"},\"primaryImageOfPage\":{\"@id\":\"https:\\\/\\\/herbow.eu\\\/product\\\/herbow-furdoszobai-tisztito-probiotikus-spray-friss-citrus-illattal\\\/#primaryimage\"},\"image\":{\"@id\":\"https:\\\/\\\/herbow.eu\\\/product\\\/herbow-furdoszobai-tisztito-probiotikus-spray-friss-citrus-illattal\\\/#primaryimage\"},\"thumbnailUrl\":\"https:\\\/\\\/herbow.eu\\\/wp-content\\\/uploads\\\/2025\\\/11\\\/Woo_base_2000x2000_16015_furdoszobai_tisztitoszer_stancolt_500ml_v7_latvany.png\",\"datePublished\":\"2025-08-18T09:05:57+00:00\",\"dateModified\":\"2026-03-17T09:58:17+00:00\",\"description\":\"A Herbow Probiotikus F\u00fcrd\u0151szobai Tiszt\u00edt\u00f3 hat\u00e9konyan oldja a v\u00edzk\u00f6vet, szappanmaradv\u00e1nyokat \u00e9s rozsdafoltokat. J\u00f3t\u00e9kony mikroorganizmusai hosszan gondoskodnak a higi\u00e9nikus, friss tisztas\u00e1gr\u00f3l.\",\"breadcrumb\":{\"@id\":\"https:\\\/\\\/herbow.eu\\\/product\\\/herbow-furdoszobai-tisztito-probiotikus-spray-friss-citrus-illattal\\\/#breadcrumb\"},\"inLanguage\":\"fr-FR\",\"potentialAction\":[{\"@type\":\"ReadAction\",\"target\":[\"https:\\\/\\\/herbow.eu\\\/product\\\/herbow-furdoszobai-tisztito-probiotikus-spray-friss-citrus-illattal\\\/\"]}]},{\"@type\":\"ImageObject\",\"inLanguage\":\"fr-FR\",\"@id\":\"https:\\\/\\\/herbow.eu\\\/product\\\/herbow-furdoszobai-tisztito-probiotikus-spray-friss-citrus-illattal\\\/#primaryimage\",\"url\":\"https:\\\/\\\/herbow.eu\\\/wp-content\\\/uploads\\\/2025\\\/11\\\/Woo_base_2000x2000_16015_furdoszobai_tisztitoszer_stancolt_500ml_v7_latvany.png\",\"contentUrl\":\"https:\\\/\\\/herbow.eu\\\/wp-content\\\/uploads\\\/2025\\\/11\\\/Woo_base_2000x2000_16015_furdoszobai_tisztitoszer_stancolt_500ml_v7_latvany.png\",\"width\":2000,\"height\":2000},{\"@type\":\"BreadcrumbList\",\"@id\":\"https:\\\/\\\/herbow.eu\\\/product\\\/herbow-furdoszobai-tisztito-probiotikus-spray-friss-citrus-illattal\\\/#breadcrumb\",\"itemListElement\":[{\"@type\":\"ListItem\",\"position\":1,\"name\":\"Kezd\u0151lap\",\"item\":\"https:\\\/\\\/herbow.eu\\\/\"},{\"@type\":\"ListItem\",\"position\":2,\"name\":\"Shop\",\"item\":\"https:\\\/\\\/herbow.eu\\\/shop\\\/\"},{\"@type\":\"ListItem\",\"position\":3,\"name\":\"Herbow F\u00fcrd\u0151szobai tiszt\u00edt\u00f3 Probiotikus spray Friss citrus illattal 500 ml\"}]},{\"@type\":\"WebSite\",\"@id\":\"https:\\\/\\\/herbow.eu\\\/#website\",\"url\":\"https:\\\/\\\/herbow.eu\\\/\",\"name\":\"Herbow | Herbal Organic World\",\"description\":\"Herbal Organic World\",\"publisher\":{\"@id\":\"https:\\\/\\\/herbow.eu\\\/#organization\"},\"potentialAction\":[{\"@type\":\"SearchAction\",\"target\":{\"@type\":\"EntryPoint\",\"urlTemplate\":\"https:\\\/\\\/herbow.eu\\\/?s={search_term_string}\"},\"query-input\":{\"@type\":\"PropertyValueSpecification\",\"valueRequired\":true,\"valueName\":\"search_term_string\"}}],\"inLanguage\":\"fr-FR\"},{\"@type\":\"Organization\",\"@id\":\"https:\\\/\\\/herbow.eu\\\/#organization\",\"name\":\"Herbow International Zrt.\",\"url\":\"https:\\\/\\\/herbow.eu\\\/\",\"logo\":{\"@type\":\"ImageObject\",\"inLanguage\":\"fr-FR\",\"@id\":\"https:\\\/\\\/herbow.eu\\\/#\\\/schema\\\/logo\\\/image\\\/\",\"url\":\"https:\\\/\\\/herbow.eu\\\/wp-content\\\/uploads\\\/2025\\\/07\\\/herbow_logo_hun_2021-01_w-slogan_no-background.png\",\"contentUrl\":\"https:\\\/\\\/herbow.eu\\\/wp-content\\\/uploads\\\/2025\\\/07\\\/herbow_logo_hun_2021-01_w-slogan_no-background.png\",\"width\":2366,\"height\":1732,\"caption\":\"Herbow International Zrt.\"},\"image\":{\"@id\":\"https:\\\/\\\/herbow.eu\\\/#\\\/schema\\\/logo\\\/image\\\/\"},\"sameAs\":[\"https:\\\/\\\/www.facebook.com\\\/herbowmosodioslabda\\\/\",\"https:\\\/\\\/www.instagram.com\\\/herbowmosodioslabda\\\/\"]}]}<\/script>\n<!-- \/ Yoast SEO plugin. -->","yoast_head_json":{"title":"Herbow Bathroom Cleaner Probiotic Spray with Fresh Citrus Fragrance 500 ml - Herbow | International","description":"Herbow Probiotic Bathroom Cleaner dissout efficacement le tartre, les r\u00e9sidus de savon et les taches de rouille. Ses micro-organismes b\u00e9n\u00e9fiques assurent une propret\u00e9 durable, hygi\u00e9nique et fra\u00eeche.","robots":{"index":"index","follow":"follow","max-snippet":"max-snippet:-1","max-image-preview":"max-image-preview:large","max-video-preview":"max-video-preview:-1"},"canonical":"https:\/\/herbow.eu\/fr\/product\/herbow-furdosobai-cleanito-spray-probiotique-au-parfum-frais-dagrumes\/","og_locale":"fr_FR","og_type":"article","og_title":"Herbow F\u00fcrd\u0151szobai tiszt\u00edt\u00f3 Probiotikus spray Friss citrus illattal 500 ml - Herbow | International","og_description":"A Herbow Probiotikus F\u00fcrd\u0151szobai Tiszt\u00edt\u00f3 hat\u00e9konyan oldja a v\u00edzk\u00f6vet, szappanmaradv\u00e1nyokat \u00e9s rozsdafoltokat. J\u00f3t\u00e9kony mikroorganizmusai hosszan gondoskodnak a higi\u00e9nikus, friss tisztas\u00e1gr\u00f3l.","og_url":"https:\/\/herbow.eu\/fr\/product\/herbow-furdosobai-cleanito-spray-probiotique-au-parfum-frais-dagrumes\/","og_site_name":"Herbow | International","article_publisher":"https:\/\/www.facebook.com\/herbowmosodioslabda\/","article_modified_time":"2026-03-17T09:58:17+00:00","og_image":[{"width":2000,"height":2000,"url":"https:\/\/herbow.eu\/wp-content\/uploads\/2025\/11\/Woo_base_2000x2000_16015_furdoszobai_tisztitoszer_stancolt_500ml_v7_latvany.png","type":"image\/png"}],"twitter_card":"summary_large_image","twitter_misc":{"Dur\u00e9e de lecture estim\u00e9e":"1 minute"},"schema":{"@context":"https:\/\/schema.org","@graph":[{"@type":"WebPage","@id":"https:\/\/herbow.eu\/product\/herbow-furdoszobai-tisztito-probiotikus-spray-friss-citrus-illattal\/","url":"https:\/\/herbow.eu\/product\/herbow-furdoszobai-tisztito-probiotikus-spray-friss-citrus-illattal\/","name":"Herbow Bathroom Cleaner Probiotic Spray with Fresh Citrus Fragrance 500 ml - Herbow | International","isPartOf":{"@id":"https:\/\/herbow.eu\/#website"},"primaryImageOfPage":{"@id":"https:\/\/herbow.eu\/product\/herbow-furdoszobai-tisztito-probiotikus-spray-friss-citrus-illattal\/#primaryimage"},"image":{"@id":"https:\/\/herbow.eu\/product\/herbow-furdoszobai-tisztito-probiotikus-spray-friss-citrus-illattal\/#primaryimage"},"thumbnailUrl":"https:\/\/herbow.eu\/wp-content\/uploads\/2025\/11\/Woo_base_2000x2000_16015_furdoszobai_tisztitoszer_stancolt_500ml_v7_latvany.png","datePublished":"2025-08-18T09:05:57+00:00","dateModified":"2026-03-17T09:58:17+00:00","description":"Herbow Probiotic Bathroom Cleaner dissout efficacement le tartre, les r\u00e9sidus de savon et les taches de rouille. Ses micro-organismes b\u00e9n\u00e9fiques assurent une propret\u00e9 durable, hygi\u00e9nique et fra\u00eeche.","breadcrumb":{"@id":"https:\/\/herbow.eu\/product\/herbow-furdoszobai-tisztito-probiotikus-spray-friss-citrus-illattal\/#breadcrumb"},"inLanguage":"fr-FR","potentialAction":[{"@type":"ReadAction","target":["https:\/\/herbow.eu\/product\/herbow-furdoszobai-tisztito-probiotikus-spray-friss-citrus-illattal\/"]}]},{"@type":"ImageObject","inLanguage":"fr-FR","@id":"https:\/\/herbow.eu\/product\/herbow-furdoszobai-tisztito-probiotikus-spray-friss-citrus-illattal\/#primaryimage","url":"https:\/\/herbow.eu\/wp-content\/uploads\/2025\/11\/Woo_base_2000x2000_16015_furdoszobai_tisztitoszer_stancolt_500ml_v7_latvany.png","contentUrl":"https:\/\/herbow.eu\/wp-content\/uploads\/2025\/11\/Woo_base_2000x2000_16015_furdoszobai_tisztitoszer_stancolt_500ml_v7_latvany.png","width":2000,"height":2000},{"@type":"BreadcrumbList","@id":"https:\/\/herbow.eu\/product\/herbow-furdoszobai-tisztito-probiotikus-spray-friss-citrus-illattal\/#breadcrumb","itemListElement":[{"@type":"ListItem","position":1,"name":"Kezd\u0151lap","item":"https:\/\/herbow.eu\/"},{"@type":"ListItem","position":2,"name":"Shop","item":"https:\/\/herbow.eu\/shop\/"},{"@type":"ListItem","position":3,"name":"Herbow F\u00fcrd\u0151szobai tiszt\u00edt\u00f3 Probiotikus spray Friss citrus illattal 500 ml"}]},{"@type":"WebSite","@id":"https:\/\/herbow.eu\/#website","url":"https:\/\/herbow.eu\/","name":"Herbow | Herbal Organic World","description":"Herbal Organic World","publisher":{"@id":"https:\/\/herbow.eu\/#organization"},"potentialAction":[{"@type":"SearchAction","target":{"@type":"EntryPoint","urlTemplate":"https:\/\/herbow.eu\/?s={search_term_string}"},"query-input":{"@type":"PropertyValueSpecification","valueRequired":true,"valueName":"search_term_string"}}],"inLanguage":"fr-FR"},{"@type":"Organization","@id":"https:\/\/herbow.eu\/#organization","name":"Herbow International Zrt.","url":"https:\/\/herbow.eu\/","logo":{"@type":"ImageObject","inLanguage":"fr-FR","@id":"https:\/\/herbow.eu\/#\/schema\/logo\/image\/","url":"https:\/\/herbow.eu\/wp-content\/uploads\/2025\/07\/herbow_logo_hun_2021-01_w-slogan_no-background.png","contentUrl":"https:\/\/herbow.eu\/wp-content\/uploads\/2025\/07\/herbow_logo_hun_2021-01_w-slogan_no-background.png","width":2366,"height":1732,"caption":"Herbow International Zrt."},"image":{"@id":"https:\/\/herbow.eu\/#\/schema\/logo\/image\/"},"sameAs":["https:\/\/www.facebook.com\/herbowmosodioslabda\/","https:\/\/www.instagram.com\/herbowmosodioslabda\/"]}]}},"jetpack_likes_enabled":true,"jetpack_sharing_enabled":true,"_links":{"self":[{"href":"https:\/\/herbow.eu\/fr\/wp-json\/wp\/v2\/product\/1031","targetHints":{"allow":["GET"]}}],"collection":[{"href":"https:\/\/herbow.eu\/fr\/wp-json\/wp\/v2\/product"}],"about":[{"href":"https:\/\/herbow.eu\/fr\/wp-json\/wp\/v2\/types\/product"}],"replies":[{"embeddable":true,"href":"https:\/\/herbow.eu\/fr\/wp-json\/wp\/v2\/comments?post=1031"}],"wp:featuredmedia":[{"embeddable":true,"href":"https:\/\/herbow.eu\/fr\/wp-json\/wp\/v2\/media\/1140"}],"wp:attachment":[{"href":"https:\/\/herbow.eu\/fr\/wp-json\/wp\/v2\/media?parent=1031"}],"wp:term":[{"taxonomy":"product_brand","embeddable":true,"href":"https:\/\/herbow.eu\/fr\/wp-json\/wp\/v2\/product_brand?post=1031"},{"taxonomy":"product_cat","embeddable":true,"href":"https:\/\/herbow.eu\/fr\/wp-json\/wp\/v2\/product_cat?post=1031"},{"taxonomy":"product_tag","embeddable":true,"href":"https:\/\/herbow.eu\/fr\/wp-json\/wp\/v2\/product_tag?post=1031"}],"curies":[{"name":"wp","href":"https:\/\/api.w.org\/{rel}","templated":true}]}}