{"id":1026,"date":"2025-08-18T11:05:56","date_gmt":"2025-08-18T09:05:56","guid":{"rendered":"https:\/\/herbow.eu\/product\/herbow-gepi-mosogatoszer-orange-illattal-750ml\/"},"modified":"2026-03-17T10:58:20","modified_gmt":"2026-03-17T09:58:20","slug":"savon-a-vaisselle-gepi-herbow-au-parfum-dorange","status":"publish","type":"product","link":"https:\/\/herbow.eu\/fr\/product\/herbow-gepi-mosogatoszer-orange-illattal\/","title":{"rendered":"Herbow Machine Liquide vaisselle super concentr\u00e9 Orange 750 ml"},"content":{"rendered":"<p>Le d\u00e9tergent Herbow pour lave-vaisselle en machine avec parfum d'orange est une formule super concentr\u00e9e de premi\u00e8re qualit\u00e9 qui combine des extraits de noix de lavage et des enzymes v\u00e9g\u00e9tales pour offrir une action d\u00e9graissante et nettoyante sup\u00e9rieure. Sa formule \u00e0 mousse contr\u00f4l\u00e9e s'adapte \u00e0 toutes les duret\u00e9s de l'eau, ce qui permet de l'utiliser en toute s\u00e9curit\u00e9 dans les machines \u00e9quip\u00e9es d'un adoucisseur d'eau. La formule se dissout rapidement et agit d\u00e8s le d\u00e9but du cycle de lavage, ne laissant aucun r\u00e9sidu sur la vaisselle ou \u00e0 l'int\u00e9rieur de la machine. Ses ingr\u00e9dients d'origine naturelle sont doux mais efficaces pour \u00e9liminer les r\u00e9sidus alimentaires et la salet\u00e9 grasse.<\/p>\n<p>Le parfum frais et l\u00e9g\u00e8rement citronn\u00e9 de l'orange donne un sentiment de propret\u00e9 sans \u00eatre trop fort. Les d\u00e9tergents Herbow sont exempts de phosphates, d'EDTA et de chlore, ne contiennent pas de colorants artificiels et sont biod\u00e9gradables. Formule v\u00e9g\u00e9talienne qui offre une propret\u00e9 sans compromis tout en prot\u00e9geant l'environnement. L'emballage en mousse de premi\u00e8re qualit\u00e9 facilite la distribution pr\u00e9cise et l'utilisation \u00e9conomique.<\/p>\n<p>Dosage recommand\u00e9 :<\/p>\n<ul>\n<li>Pour tous les types de lave-vaisselle (y compris les mod\u00e8les avec 9-12-15 couverts et les adoucisseurs d'eau), le dosage recommand\u00e9 est de 10-20 ml, en fonction du niveau de salissure.<\/li>\n<li>Ne d\u00e9passez pas la quantit\u00e9 prescrite, car un surdosage d'adoucisseur d'eau m\u00e9nager peut provoquer des \u00e9ruptions cutan\u00e9es ! Pour obtenir un bon r\u00e9sultat de nettoyage, v\u00e9rifiez que le lave-vaisselle est rempli de d\u00e9tergent \u00e0 vaisselle.<\/li>\n<li>Lors de l'utilisation du d\u00e9tergent pour lave-vaisselle Herbow Super Concentr\u00e9 Super Concentr\u00e9, le sel r\u00e9g\u00e9n\u00e9rant n'est pas n\u00e9cessaire.<\/li>\n<\/ul>\n<p>Conseil : il est recommand\u00e9 de nettoyer r\u00e9guli\u00e8rement le lave-vaisselle une fois par mois afin de pr\u00e9server son efficacit\u00e9 \u00e0 long terme.<\/p>","protected":false},"excerpt":{"rendered":"<p>D\u00e9tergent pour lave-vaisselle en machine \u00e0 base d'extrait naturel de noix de lavage et d'enzymes v\u00e9g\u00e9tales qui \u00e9limine efficacement les taches grasses et tenaces tout en prot\u00e9geant le lave-vaisselle et l'environnement.<\/p>\n<p>Capacit\u00e9 : 750 ml<\/p>","protected":false},"featured_media":867,"comment_status":"open","ping_status":"closed","template":"","meta":[],"product_brand":[1397],"product_cat":[1490,1400],"product_tag":[],"class_list":{"0":"post-1026","1":"product","2":"type-product","3":"status-publish","4":"has-post-thumbnail","6":"product_brand-herbow","7":"product_cat-gepi-mosogatoszer","8":"product_cat-folyekony-mosogatoszer","10":"first","11":"instock","12":"taxable","13":"shipping-taxable","14":"product-type-simple"},"yoast_head":"<!-- This site is optimized with the Yoast SEO plugin v27.5 - https:\/\/yoast.com\/product\/yoast-seo-wordpress\/ -->\n<title>Herbow G\u00e9pi Mosogat\u00f3szer Szuper Koncentr\u00e1tum Narancs illattal 750 ml - Herbow | International<\/title>\n<meta name=\"description\" content=\"Term\u00e9szetes mos\u00f3di\u00f3-extraktummal \u00e9s n\u00f6v\u00e9nyi enzimekkel k\u00e9sz\u00fclt g\u00e9pi mosogat\u00f3szer, amely hat\u00e9konyan t\u00e1vol\u00edtja el a zs\u00edros \u00e9s makacs szennyez\u0151d\u00e9seket, mik\u00f6zben k\u00edm\u00e9li a mosogat\u00f3g\u00e9pet \u00e9s a k\u00f6rnyezetet.\" \/>\n<meta name=\"robots\" content=\"index, follow, max-snippet:-1, max-image-preview:large, max-video-preview:-1\" \/>\n<link rel=\"canonical\" href=\"https:\/\/herbow.eu\/fr\/product\/savon-a-vaisselle-gepi-herbow-au-parfum-dorange\/\" \/>\n<meta property=\"og:locale\" content=\"fr_FR\" \/>\n<meta property=\"og:type\" content=\"article\" \/>\n<meta property=\"og:title\" content=\"Herbow G\u00e9pi Mosogat\u00f3szer Szuper Koncentr\u00e1tum Narancs illattal 750 ml - Herbow | International\" \/>\n<meta property=\"og:description\" content=\"Term\u00e9szetes mos\u00f3di\u00f3-extraktummal \u00e9s n\u00f6v\u00e9nyi enzimekkel k\u00e9sz\u00fclt g\u00e9pi mosogat\u00f3szer, amely hat\u00e9konyan t\u00e1vol\u00edtja el a zs\u00edros \u00e9s makacs szennyez\u0151d\u00e9seket, mik\u00f6zben k\u00edm\u00e9li a mosogat\u00f3g\u00e9pet \u00e9s a k\u00f6rnyezetet.\" \/>\n<meta property=\"og:url\" content=\"https:\/\/herbow.eu\/fr\/product\/savon-a-vaisselle-gepi-herbow-au-parfum-dorange\/\" \/>\n<meta property=\"og:site_name\" content=\"Herbow | International\" \/>\n<meta property=\"article:publisher\" content=\"https:\/\/www.facebook.com\/herbowmosodioslabda\/\" \/>\n<meta property=\"article:modified_time\" content=\"2026-03-17T09:58:20+00:00\" \/>\n<meta property=\"og:image\" content=\"https:\/\/herbow.eu\/wp-content\/uploads\/2025\/08\/herbow_gepi_mosogatoszer_750ml_120x240_v8_redesign_uj_narancs_illat.png\" \/>\n\t<meta property=\"og:image:width\" content=\"2000\" \/>\n\t<meta property=\"og:image:height\" content=\"2000\" \/>\n\t<meta property=\"og:image:type\" content=\"image\/png\" \/>\n<meta name=\"twitter:card\" content=\"summary_large_image\" \/>\n<meta name=\"twitter:label1\" content=\"Dur\u00e9e de lecture estim\u00e9e\" \/>\n\t<meta name=\"twitter:data1\" content=\"2 minutes\" \/>\n<script type=\"application\/ld+json\" class=\"yoast-schema-graph\">{\"@context\":\"https:\\\/\\\/schema.org\",\"@graph\":[{\"@type\":\"WebPage\",\"@id\":\"https:\\\/\\\/herbow.eu\\\/product\\\/herbow-gepi-mosogatoszer-orange-illattal\\\/\",\"url\":\"https:\\\/\\\/herbow.eu\\\/product\\\/herbow-gepi-mosogatoszer-orange-illattal\\\/\",\"name\":\"Herbow G\u00e9pi Mosogat\u00f3szer Szuper Koncentr\u00e1tum Narancs illattal 750 ml - Herbow | International\",\"isPartOf\":{\"@id\":\"https:\\\/\\\/herbow.eu\\\/#website\"},\"primaryImageOfPage\":{\"@id\":\"https:\\\/\\\/herbow.eu\\\/product\\\/herbow-gepi-mosogatoszer-orange-illattal\\\/#primaryimage\"},\"image\":{\"@id\":\"https:\\\/\\\/herbow.eu\\\/product\\\/herbow-gepi-mosogatoszer-orange-illattal\\\/#primaryimage\"},\"thumbnailUrl\":\"https:\\\/\\\/herbow.eu\\\/wp-content\\\/uploads\\\/2025\\\/08\\\/herbow_gepi_mosogatoszer_750ml_120x240_v8_redesign_uj_narancs_illat.png\",\"datePublished\":\"2025-08-18T09:05:56+00:00\",\"dateModified\":\"2026-03-17T09:58:20+00:00\",\"description\":\"Term\u00e9szetes mos\u00f3di\u00f3-extraktummal \u00e9s n\u00f6v\u00e9nyi enzimekkel k\u00e9sz\u00fclt g\u00e9pi mosogat\u00f3szer, amely hat\u00e9konyan t\u00e1vol\u00edtja el a zs\u00edros \u00e9s makacs szennyez\u0151d\u00e9seket, mik\u00f6zben k\u00edm\u00e9li a mosogat\u00f3g\u00e9pet \u00e9s a k\u00f6rnyezetet.\",\"breadcrumb\":{\"@id\":\"https:\\\/\\\/herbow.eu\\\/product\\\/herbow-gepi-mosogatoszer-orange-illattal\\\/#breadcrumb\"},\"inLanguage\":\"fr-FR\",\"potentialAction\":[{\"@type\":\"ReadAction\",\"target\":[\"https:\\\/\\\/herbow.eu\\\/product\\\/herbow-gepi-mosogatoszer-orange-illattal\\\/\"]}]},{\"@type\":\"ImageObject\",\"inLanguage\":\"fr-FR\",\"@id\":\"https:\\\/\\\/herbow.eu\\\/product\\\/herbow-gepi-mosogatoszer-orange-illattal\\\/#primaryimage\",\"url\":\"https:\\\/\\\/herbow.eu\\\/wp-content\\\/uploads\\\/2025\\\/08\\\/herbow_gepi_mosogatoszer_750ml_120x240_v8_redesign_uj_narancs_illat.png\",\"contentUrl\":\"https:\\\/\\\/herbow.eu\\\/wp-content\\\/uploads\\\/2025\\\/08\\\/herbow_gepi_mosogatoszer_750ml_120x240_v8_redesign_uj_narancs_illat.png\",\"width\":2000,\"height\":2000},{\"@type\":\"BreadcrumbList\",\"@id\":\"https:\\\/\\\/herbow.eu\\\/product\\\/herbow-gepi-mosogatoszer-orange-illattal\\\/#breadcrumb\",\"itemListElement\":[{\"@type\":\"ListItem\",\"position\":1,\"name\":\"Kezd\u0151lap\",\"item\":\"https:\\\/\\\/herbow.eu\\\/\"},{\"@type\":\"ListItem\",\"position\":2,\"name\":\"Shop\",\"item\":\"https:\\\/\\\/herbow.eu\\\/shop\\\/\"},{\"@type\":\"ListItem\",\"position\":3,\"name\":\"Herbow G\u00e9pi Mosogat\u00f3szer Szuper Koncentr\u00e1tum Narancs illattal 750 ml\"}]},{\"@type\":\"WebSite\",\"@id\":\"https:\\\/\\\/herbow.eu\\\/#website\",\"url\":\"https:\\\/\\\/herbow.eu\\\/\",\"name\":\"Herbow | Herbal Organic World\",\"description\":\"Herbal Organic World\",\"publisher\":{\"@id\":\"https:\\\/\\\/herbow.eu\\\/#organization\"},\"potentialAction\":[{\"@type\":\"SearchAction\",\"target\":{\"@type\":\"EntryPoint\",\"urlTemplate\":\"https:\\\/\\\/herbow.eu\\\/?s={search_term_string}\"},\"query-input\":{\"@type\":\"PropertyValueSpecification\",\"valueRequired\":true,\"valueName\":\"search_term_string\"}}],\"inLanguage\":\"fr-FR\"},{\"@type\":\"Organization\",\"@id\":\"https:\\\/\\\/herbow.eu\\\/#organization\",\"name\":\"Herbow International Zrt.\",\"url\":\"https:\\\/\\\/herbow.eu\\\/\",\"logo\":{\"@type\":\"ImageObject\",\"inLanguage\":\"fr-FR\",\"@id\":\"https:\\\/\\\/herbow.eu\\\/#\\\/schema\\\/logo\\\/image\\\/\",\"url\":\"https:\\\/\\\/herbow.eu\\\/wp-content\\\/uploads\\\/2025\\\/07\\\/herbow_logo_hun_2021-01_w-slogan_no-background.png\",\"contentUrl\":\"https:\\\/\\\/herbow.eu\\\/wp-content\\\/uploads\\\/2025\\\/07\\\/herbow_logo_hun_2021-01_w-slogan_no-background.png\",\"width\":2366,\"height\":1732,\"caption\":\"Herbow International Zrt.\"},\"image\":{\"@id\":\"https:\\\/\\\/herbow.eu\\\/#\\\/schema\\\/logo\\\/image\\\/\"},\"sameAs\":[\"https:\\\/\\\/www.facebook.com\\\/herbowmosodioslabda\\\/\",\"https:\\\/\\\/www.instagram.com\\\/herbowmosodioslabda\\\/\"]}]}<\/script>\n<!-- \/ Yoast SEO plugin. -->","yoast_head_json":{"title":"Herbow Machine Liquide vaisselle super concentr\u00e9 Orange 750 ml - Herbow | International","description":"D\u00e9tergent pour lave-vaisselle en machine \u00e0 base d'extrait naturel de noix de lavage et d'enzymes v\u00e9g\u00e9tales qui \u00e9limine efficacement les taches grasses et tenaces tout en prot\u00e9geant le lave-vaisselle et l'environnement.","robots":{"index":"index","follow":"follow","max-snippet":"max-snippet:-1","max-image-preview":"max-image-preview:large","max-video-preview":"max-video-preview:-1"},"canonical":"https:\/\/herbow.eu\/fr\/product\/savon-a-vaisselle-gepi-herbow-au-parfum-dorange\/","og_locale":"fr_FR","og_type":"article","og_title":"Herbow G\u00e9pi Mosogat\u00f3szer Szuper Koncentr\u00e1tum Narancs illattal 750 ml - Herbow | International","og_description":"Term\u00e9szetes mos\u00f3di\u00f3-extraktummal \u00e9s n\u00f6v\u00e9nyi enzimekkel k\u00e9sz\u00fclt g\u00e9pi mosogat\u00f3szer, amely hat\u00e9konyan t\u00e1vol\u00edtja el a zs\u00edros \u00e9s makacs szennyez\u0151d\u00e9seket, mik\u00f6zben k\u00edm\u00e9li a mosogat\u00f3g\u00e9pet \u00e9s a k\u00f6rnyezetet.","og_url":"https:\/\/herbow.eu\/fr\/product\/savon-a-vaisselle-gepi-herbow-au-parfum-dorange\/","og_site_name":"Herbow | International","article_publisher":"https:\/\/www.facebook.com\/herbowmosodioslabda\/","article_modified_time":"2026-03-17T09:58:20+00:00","og_image":[{"width":2000,"height":2000,"url":"https:\/\/herbow.eu\/wp-content\/uploads\/2025\/08\/herbow_gepi_mosogatoszer_750ml_120x240_v8_redesign_uj_narancs_illat.png","type":"image\/png"}],"twitter_card":"summary_large_image","twitter_misc":{"Dur\u00e9e de lecture estim\u00e9e":"2 minutes"},"schema":{"@context":"https:\/\/schema.org","@graph":[{"@type":"WebPage","@id":"https:\/\/herbow.eu\/product\/herbow-gepi-mosogatoszer-orange-illattal\/","url":"https:\/\/herbow.eu\/product\/herbow-gepi-mosogatoszer-orange-illattal\/","name":"Herbow Machine Liquide vaisselle super concentr\u00e9 Orange 750 ml - Herbow | International","isPartOf":{"@id":"https:\/\/herbow.eu\/#website"},"primaryImageOfPage":{"@id":"https:\/\/herbow.eu\/product\/herbow-gepi-mosogatoszer-orange-illattal\/#primaryimage"},"image":{"@id":"https:\/\/herbow.eu\/product\/herbow-gepi-mosogatoszer-orange-illattal\/#primaryimage"},"thumbnailUrl":"https:\/\/herbow.eu\/wp-content\/uploads\/2025\/08\/herbow_gepi_mosogatoszer_750ml_120x240_v8_redesign_uj_narancs_illat.png","datePublished":"2025-08-18T09:05:56+00:00","dateModified":"2026-03-17T09:58:20+00:00","description":"D\u00e9tergent pour lave-vaisselle en machine \u00e0 base d'extrait naturel de noix de lavage et d'enzymes v\u00e9g\u00e9tales qui \u00e9limine efficacement les taches grasses et tenaces tout en prot\u00e9geant le lave-vaisselle et l'environnement.","breadcrumb":{"@id":"https:\/\/herbow.eu\/product\/herbow-gepi-mosogatoszer-orange-illattal\/#breadcrumb"},"inLanguage":"fr-FR","potentialAction":[{"@type":"ReadAction","target":["https:\/\/herbow.eu\/product\/herbow-gepi-mosogatoszer-orange-illattal\/"]}]},{"@type":"ImageObject","inLanguage":"fr-FR","@id":"https:\/\/herbow.eu\/product\/herbow-gepi-mosogatoszer-orange-illattal\/#primaryimage","url":"https:\/\/herbow.eu\/wp-content\/uploads\/2025\/08\/herbow_gepi_mosogatoszer_750ml_120x240_v8_redesign_uj_narancs_illat.png","contentUrl":"https:\/\/herbow.eu\/wp-content\/uploads\/2025\/08\/herbow_gepi_mosogatoszer_750ml_120x240_v8_redesign_uj_narancs_illat.png","width":2000,"height":2000},{"@type":"BreadcrumbList","@id":"https:\/\/herbow.eu\/product\/herbow-gepi-mosogatoszer-orange-illattal\/#breadcrumb","itemListElement":[{"@type":"ListItem","position":1,"name":"Kezd\u0151lap","item":"https:\/\/herbow.eu\/"},{"@type":"ListItem","position":2,"name":"Shop","item":"https:\/\/herbow.eu\/shop\/"},{"@type":"ListItem","position":3,"name":"Herbow G\u00e9pi Mosogat\u00f3szer Szuper Koncentr\u00e1tum Narancs illattal 750 ml"}]},{"@type":"WebSite","@id":"https:\/\/herbow.eu\/#website","url":"https:\/\/herbow.eu\/","name":"Herbow | Herbal Organic World","description":"Herbal Organic World","publisher":{"@id":"https:\/\/herbow.eu\/#organization"},"potentialAction":[{"@type":"SearchAction","target":{"@type":"EntryPoint","urlTemplate":"https:\/\/herbow.eu\/?s={search_term_string}"},"query-input":{"@type":"PropertyValueSpecification","valueRequired":true,"valueName":"search_term_string"}}],"inLanguage":"fr-FR"},{"@type":"Organization","@id":"https:\/\/herbow.eu\/#organization","name":"Herbow International Zrt.","url":"https:\/\/herbow.eu\/","logo":{"@type":"ImageObject","inLanguage":"fr-FR","@id":"https:\/\/herbow.eu\/#\/schema\/logo\/image\/","url":"https:\/\/herbow.eu\/wp-content\/uploads\/2025\/07\/herbow_logo_hun_2021-01_w-slogan_no-background.png","contentUrl":"https:\/\/herbow.eu\/wp-content\/uploads\/2025\/07\/herbow_logo_hun_2021-01_w-slogan_no-background.png","width":2366,"height":1732,"caption":"Herbow International Zrt."},"image":{"@id":"https:\/\/herbow.eu\/#\/schema\/logo\/image\/"},"sameAs":["https:\/\/www.facebook.com\/herbowmosodioslabda\/","https:\/\/www.instagram.com\/herbowmosodioslabda\/"]}]}},"jetpack_likes_enabled":true,"jetpack_sharing_enabled":true,"_links":{"self":[{"href":"https:\/\/herbow.eu\/fr\/wp-json\/wp\/v2\/product\/1026","targetHints":{"allow":["GET"]}}],"collection":[{"href":"https:\/\/herbow.eu\/fr\/wp-json\/wp\/v2\/product"}],"about":[{"href":"https:\/\/herbow.eu\/fr\/wp-json\/wp\/v2\/types\/product"}],"replies":[{"embeddable":true,"href":"https:\/\/herbow.eu\/fr\/wp-json\/wp\/v2\/comments?post=1026"}],"wp:featuredmedia":[{"embeddable":true,"href":"https:\/\/herbow.eu\/fr\/wp-json\/wp\/v2\/media\/867"}],"wp:attachment":[{"href":"https:\/\/herbow.eu\/fr\/wp-json\/wp\/v2\/media?parent=1026"}],"wp:term":[{"taxonomy":"product_brand","embeddable":true,"href":"https:\/\/herbow.eu\/fr\/wp-json\/wp\/v2\/product_brand?post=1026"},{"taxonomy":"product_cat","embeddable":true,"href":"https:\/\/herbow.eu\/fr\/wp-json\/wp\/v2\/product_cat?post=1026"},{"taxonomy":"product_tag","embeddable":true,"href":"https:\/\/herbow.eu\/fr\/wp-json\/wp\/v2\/product_tag?post=1026"}],"curies":[{"name":"wp","href":"https:\/\/api.w.org\/{rel}","templated":true}]}}