{"id":1022,"date":"2025-08-18T11:05:56","date_gmt":"2025-08-18T09:05:56","guid":{"rendered":"https:\/\/herbow.eu\/product\/herbow-folyekony-mosogatoszer-fresh-nature-illatmentes\/"},"modified":"2026-03-17T10:58:21","modified_gmt":"2026-03-17T09:58:21","slug":"herbow-folyekony-mosogatoszer-fresh-nature-illatmentes","status":"publish","type":"product","link":"https:\/\/herbow.eu\/fr\/product\/herbow-folyekony-mosogatoszer-fresh-nature-illatmentes\/","title":{"rendered":"Herbow liquide vaisselle - Fresh nature (sans parfum)"},"content":{"rendered":"<p>A Herbow k\u00e9zi mosogat\u00f3szer Fresh Nature a term\u00e9szet erej\u00e9t \u00e9s a gondoskod\u00f3 tisztas\u00e1got egyes\u00edti. K\u00edm\u00e9letes elj\u00e1r\u00e1ssal kinyert 12% mos\u00f3di\u00f3-extraktumot \u00e9s narancsterp\u00e9neket tartalmaz, amelyek term\u00e9szetes zs\u00edrold\u00f3 hat\u00e1sukkal hat\u00e9konyan t\u00e1vol\u00edtj\u00e1k el az \u00e9telmaradv\u00e1nyokat \u00e9s a makacs szennyez\u0151d\u00e9seket. A formula pH-semleges, \u00edgy mindennapi haszn\u00e1lat mellett is k\u00edm\u00e9li a k\u00e9zb\u0151rt, mik\u00f6zben ragyog\u00f3an tiszt\u00e1v\u00e1 var\u00e1zsolja az ed\u00e9nyeket. A s\u0171r\u0171, stabil feh\u00e9r hab k\u00f6zvetlen\u00fcl a szivacsra nyomhat\u00f3, \u00edgy gazdas\u00e1gos \u00e9s k\u00e9nyelmes megold\u00e1st ny\u00fajt a mindennapi mosogat\u00e1shoz. Nem tartalmaz mesters\u00e9ges illatanyagot, sz\u00ednez\u00e9ket, \u00e1sv\u00e1nyi olajat vagy paraffint. Pr\u00e9mium, pump\u00e1s adagol\u00f3s csomagol\u00e1sban kaphat\u00f3, amely modern, k\u00e9nyelmes \u00e9s j\u00f3l adagolhat\u00f3.<\/p>\n<p>Kiszerel\u00e9s: 500 ml = kb. 100 mosogat\u00e1sra elegend\u0151.<\/p>","protected":false},"excerpt":{"rendered":"<p>A Herbow Fresh Nature k\u00e9zi mosogat\u00f3szer term\u00e9szetes eredet\u0171 tiszt\u00edt\u00f3erej\u00e9vel hat\u00e9konyan t\u00e1vol\u00edtja el a zs\u00edrt \u00e9s szennyez\u0151d\u00e9seket, mik\u00f6zben k\u00edm\u00e9li a kezet \u00e9s a k\u00f6rnyezetet. Mos\u00f3di\u00f3-extraktummal \u00e9s narancsterp\u00e9nekkel gazdag\u00edtott, j\u00f3l habz\u00f3, pH-semleges formula a friss, term\u00e9szetes tisztas\u00e1g \u00e9lm\u00e9ny\u00e9\u00e9rt.<\/p>\n<p>Conditionnement : 500ml<\/p>","protected":false},"featured_media":891,"comment_status":"open","ping_status":"closed","template":"","meta":[],"product_brand":[1397],"product_cat":[1400],"product_tag":[1591,1583,1521,1578,1584,1581,1467,1532,1593,1576,1409,1575,1582,1586,1589,1502,1585,1588,1577,1579,1525,1526,1590,1587,1580,1594,1592],"class_list":{"0":"post-1022","1":"product","2":"type-product","3":"status-publish","4":"has-post-thumbnail","6":"product_brand-herbow","7":"product_cat-folyekony-mosogatoszer","8":"product_tag-alacsony-hofokon-is-hatekony","9":"product_tag-erzekeny-borueknek-is","10":"product_tag-oko-haztartas","11":"product_tag-oko-mososzer","12":"product_tag-babaruhakhoz-alkalmas","13":"product_tag-bio-mososzer","14":"product_tag-biologiailag-lebomlo","15":"product_tag-feher-es-szines-ruhakhoz","16":"product_tag-foszfatmentes","17":"product_tag-gepi-mososzer","18":"product_tag-herbow","19":"product_tag-herbow-gepi-mososzer","20":"product_tag-hipoallergen-mososzer","21":"product_tag-illatmentes-mososzer","22":"product_tag-kimeletes-tisztitas","23":"product_tag-kornyezetbarat-mosas","24":"product_tag-koncentralt-mososzer","25":"product_tag-melytisztito-mosas","26":"product_tag-mosogel","27":"product_tag-novenyi-alapu-mososzer","28":"product_tag-parabenmentes","29":"product_tag-szinezekmentes","30":"product_tag-szinkimelo-mosas","31":"product_tag-termeszetes-illat","32":"product_tag-termeszetes-mosogel","33":"product_tag-textilkimelo-formula","34":"product_tag-vegan-mososzer","36":"first","37":"instock","38":"taxable","39":"shipping-taxable","40":"product-type-simple"},"yoast_head":"<!-- This site is optimized with the Yoast SEO plugin v27.4 - https:\/\/yoast.com\/product\/yoast-seo-wordpress\/ -->\n<title>Herbow foly\u00e9kony mosogat\u00f3szer - Fresh nature (Illatmentes) - Herbow | International<\/title>\n<meta name=\"description\" content=\"A Herbow Fresh Nature k\u00e9zi mosogat\u00f3szer term\u00e9szetes eredet\u0171 tiszt\u00edt\u00f3erej\u00e9vel hat\u00e9konyan t\u00e1vol\u00edtja el a zs\u00edrt \u00e9s szennyez\u0151d\u00e9seket, mik\u00f6zben k\u00edm\u00e9li a kezet \u00e9s a k\u00f6rnyezetet. Mos\u00f3di\u00f3-extraktummal \u00e9s narancsterp\u00e9nekkel gazdag\u00edtott, j\u00f3l habz\u00f3, pH-semleges formula a friss, term\u00e9szetes tisztas\u00e1g \u00e9lm\u00e9ny\u00e9\u00e9rt.\" \/>\n<meta name=\"robots\" content=\"index, follow, max-snippet:-1, max-image-preview:large, max-video-preview:-1\" \/>\n<link rel=\"canonical\" href=\"https:\/\/herbow.eu\/fr\/product\/herbow-folyekony-mosogatoszer-fresh-nature-illatmentes\/\" \/>\n<meta property=\"og:locale\" content=\"fr_FR\" \/>\n<meta property=\"og:type\" content=\"article\" \/>\n<meta property=\"og:title\" content=\"Herbow foly\u00e9kony mosogat\u00f3szer - Fresh nature (Illatmentes) - Herbow | International\" \/>\n<meta property=\"og:description\" content=\"A Herbow Fresh Nature k\u00e9zi mosogat\u00f3szer term\u00e9szetes eredet\u0171 tiszt\u00edt\u00f3erej\u00e9vel hat\u00e9konyan t\u00e1vol\u00edtja el a zs\u00edrt \u00e9s szennyez\u0151d\u00e9seket, mik\u00f6zben k\u00edm\u00e9li a kezet \u00e9s a k\u00f6rnyezetet. Mos\u00f3di\u00f3-extraktummal \u00e9s narancsterp\u00e9nekkel gazdag\u00edtott, j\u00f3l habz\u00f3, pH-semleges formula a friss, term\u00e9szetes tisztas\u00e1g \u00e9lm\u00e9ny\u00e9\u00e9rt.\" \/>\n<meta property=\"og:url\" content=\"https:\/\/herbow.eu\/fr\/product\/herbow-folyekony-mosogatoszer-fresh-nature-illatmentes\/\" \/>\n<meta property=\"og:site_name\" content=\"Herbow | International\" \/>\n<meta property=\"article:publisher\" content=\"https:\/\/www.facebook.com\/herbowmosodioslabda\/\" \/>\n<meta property=\"article:modified_time\" content=\"2026-03-17T09:58:21+00:00\" \/>\n<meta property=\"og:image\" content=\"https:\/\/herbow.eu\/wp-content\/uploads\/2025\/08\/Herbow-_foly-mosogato_500ml_208x103mm_v5_illatmentes.png\" \/>\n\t<meta property=\"og:image:width\" content=\"2000\" \/>\n\t<meta property=\"og:image:height\" content=\"2000\" \/>\n\t<meta property=\"og:image:type\" content=\"image\/png\" \/>\n<meta name=\"twitter:card\" content=\"summary_large_image\" \/>\n<meta name=\"twitter:label1\" content=\"Dur\u00e9e de lecture estim\u00e9e\" \/>\n\t<meta name=\"twitter:data1\" content=\"1 minute\" \/>\n<script type=\"application\/ld+json\" class=\"yoast-schema-graph\">{\"@context\":\"https:\\\/\\\/schema.org\",\"@graph\":[{\"@type\":\"WebPage\",\"@id\":\"https:\\\/\\\/herbow.eu\\\/product\\\/herbow-folyekony-mosogatoszer-fresh-nature-illatmentes\\\/\",\"url\":\"https:\\\/\\\/herbow.eu\\\/product\\\/herbow-folyekony-mosogatoszer-fresh-nature-illatmentes\\\/\",\"name\":\"Herbow foly\u00e9kony mosogat\u00f3szer - Fresh nature (Illatmentes) - Herbow | International\",\"isPartOf\":{\"@id\":\"https:\\\/\\\/herbow.eu\\\/#website\"},\"primaryImageOfPage\":{\"@id\":\"https:\\\/\\\/herbow.eu\\\/product\\\/herbow-folyekony-mosogatoszer-fresh-nature-illatmentes\\\/#primaryimage\"},\"image\":{\"@id\":\"https:\\\/\\\/herbow.eu\\\/product\\\/herbow-folyekony-mosogatoszer-fresh-nature-illatmentes\\\/#primaryimage\"},\"thumbnailUrl\":\"https:\\\/\\\/herbow.eu\\\/wp-content\\\/uploads\\\/2025\\\/08\\\/Herbow-_foly-mosogato_500ml_208x103mm_v5_illatmentes.png\",\"datePublished\":\"2025-08-18T09:05:56+00:00\",\"dateModified\":\"2026-03-17T09:58:21+00:00\",\"description\":\"A Herbow Fresh Nature k\u00e9zi mosogat\u00f3szer term\u00e9szetes eredet\u0171 tiszt\u00edt\u00f3erej\u00e9vel hat\u00e9konyan t\u00e1vol\u00edtja el a zs\u00edrt \u00e9s szennyez\u0151d\u00e9seket, mik\u00f6zben k\u00edm\u00e9li a kezet \u00e9s a k\u00f6rnyezetet. Mos\u00f3di\u00f3-extraktummal \u00e9s narancsterp\u00e9nekkel gazdag\u00edtott, j\u00f3l habz\u00f3, pH-semleges formula a friss, term\u00e9szetes tisztas\u00e1g \u00e9lm\u00e9ny\u00e9\u00e9rt.\",\"breadcrumb\":{\"@id\":\"https:\\\/\\\/herbow.eu\\\/product\\\/herbow-folyekony-mosogatoszer-fresh-nature-illatmentes\\\/#breadcrumb\"},\"inLanguage\":\"fr-FR\",\"potentialAction\":[{\"@type\":\"ReadAction\",\"target\":[\"https:\\\/\\\/herbow.eu\\\/product\\\/herbow-folyekony-mosogatoszer-fresh-nature-illatmentes\\\/\"]}]},{\"@type\":\"ImageObject\",\"inLanguage\":\"fr-FR\",\"@id\":\"https:\\\/\\\/herbow.eu\\\/product\\\/herbow-folyekony-mosogatoszer-fresh-nature-illatmentes\\\/#primaryimage\",\"url\":\"https:\\\/\\\/herbow.eu\\\/wp-content\\\/uploads\\\/2025\\\/08\\\/Herbow-_foly-mosogato_500ml_208x103mm_v5_illatmentes.png\",\"contentUrl\":\"https:\\\/\\\/herbow.eu\\\/wp-content\\\/uploads\\\/2025\\\/08\\\/Herbow-_foly-mosogato_500ml_208x103mm_v5_illatmentes.png\",\"width\":2000,\"height\":2000},{\"@type\":\"BreadcrumbList\",\"@id\":\"https:\\\/\\\/herbow.eu\\\/product\\\/herbow-folyekony-mosogatoszer-fresh-nature-illatmentes\\\/#breadcrumb\",\"itemListElement\":[{\"@type\":\"ListItem\",\"position\":1,\"name\":\"Kezd\u0151lap\",\"item\":\"https:\\\/\\\/herbow.eu\\\/\"},{\"@type\":\"ListItem\",\"position\":2,\"name\":\"Shop\",\"item\":\"https:\\\/\\\/herbow.eu\\\/shop\\\/\"},{\"@type\":\"ListItem\",\"position\":3,\"name\":\"Herbow foly\u00e9kony mosogat\u00f3szer &#8211; Fresh nature (Illatmentes)\"}]},{\"@type\":\"WebSite\",\"@id\":\"https:\\\/\\\/herbow.eu\\\/#website\",\"url\":\"https:\\\/\\\/herbow.eu\\\/\",\"name\":\"Herbow | Herbal Organic World\",\"description\":\"Herbal Organic World\",\"publisher\":{\"@id\":\"https:\\\/\\\/herbow.eu\\\/#organization\"},\"potentialAction\":[{\"@type\":\"SearchAction\",\"target\":{\"@type\":\"EntryPoint\",\"urlTemplate\":\"https:\\\/\\\/herbow.eu\\\/?s={search_term_string}\"},\"query-input\":{\"@type\":\"PropertyValueSpecification\",\"valueRequired\":true,\"valueName\":\"search_term_string\"}}],\"inLanguage\":\"fr-FR\"},{\"@type\":\"Organization\",\"@id\":\"https:\\\/\\\/herbow.eu\\\/#organization\",\"name\":\"Herbow International Zrt.\",\"url\":\"https:\\\/\\\/herbow.eu\\\/\",\"logo\":{\"@type\":\"ImageObject\",\"inLanguage\":\"fr-FR\",\"@id\":\"https:\\\/\\\/herbow.eu\\\/#\\\/schema\\\/logo\\\/image\\\/\",\"url\":\"https:\\\/\\\/herbow.eu\\\/wp-content\\\/uploads\\\/2025\\\/07\\\/herbow_logo_hun_2021-01_w-slogan_no-background.png\",\"contentUrl\":\"https:\\\/\\\/herbow.eu\\\/wp-content\\\/uploads\\\/2025\\\/07\\\/herbow_logo_hun_2021-01_w-slogan_no-background.png\",\"width\":2366,\"height\":1732,\"caption\":\"Herbow International Zrt.\"},\"image\":{\"@id\":\"https:\\\/\\\/herbow.eu\\\/#\\\/schema\\\/logo\\\/image\\\/\"},\"sameAs\":[\"https:\\\/\\\/www.facebook.com\\\/herbowmosodioslabda\\\/\",\"https:\\\/\\\/www.instagram.com\\\/herbowmosodioslabda\\\/\"]}]}<\/script>\n<!-- \/ Yoast SEO plugin. -->","yoast_head_json":{"title":"Herbow foly\u00e9kony mosogat\u00f3szer - Fresh nature (Illatmentes) - Herbow | International","description":"A Herbow Fresh Nature k\u00e9zi mosogat\u00f3szer term\u00e9szetes eredet\u0171 tiszt\u00edt\u00f3erej\u00e9vel hat\u00e9konyan t\u00e1vol\u00edtja el a zs\u00edrt \u00e9s szennyez\u0151d\u00e9seket, mik\u00f6zben k\u00edm\u00e9li a kezet \u00e9s a k\u00f6rnyezetet. Mos\u00f3di\u00f3-extraktummal \u00e9s narancsterp\u00e9nekkel gazdag\u00edtott, j\u00f3l habz\u00f3, pH-semleges formula a friss, term\u00e9szetes tisztas\u00e1g \u00e9lm\u00e9ny\u00e9\u00e9rt.","robots":{"index":"index","follow":"follow","max-snippet":"max-snippet:-1","max-image-preview":"max-image-preview:large","max-video-preview":"max-video-preview:-1"},"canonical":"https:\/\/herbow.eu\/fr\/product\/herbow-folyekony-mosogatoszer-fresh-nature-illatmentes\/","og_locale":"fr_FR","og_type":"article","og_title":"Herbow foly\u00e9kony mosogat\u00f3szer - Fresh nature (Illatmentes) - Herbow | International","og_description":"A Herbow Fresh Nature k\u00e9zi mosogat\u00f3szer term\u00e9szetes eredet\u0171 tiszt\u00edt\u00f3erej\u00e9vel hat\u00e9konyan t\u00e1vol\u00edtja el a zs\u00edrt \u00e9s szennyez\u0151d\u00e9seket, mik\u00f6zben k\u00edm\u00e9li a kezet \u00e9s a k\u00f6rnyezetet. Mos\u00f3di\u00f3-extraktummal \u00e9s narancsterp\u00e9nekkel gazdag\u00edtott, j\u00f3l habz\u00f3, pH-semleges formula a friss, term\u00e9szetes tisztas\u00e1g \u00e9lm\u00e9ny\u00e9\u00e9rt.","og_url":"https:\/\/herbow.eu\/fr\/product\/herbow-folyekony-mosogatoszer-fresh-nature-illatmentes\/","og_site_name":"Herbow | International","article_publisher":"https:\/\/www.facebook.com\/herbowmosodioslabda\/","article_modified_time":"2026-03-17T09:58:21+00:00","og_image":[{"width":2000,"height":2000,"url":"https:\/\/herbow.eu\/wp-content\/uploads\/2025\/08\/Herbow-_foly-mosogato_500ml_208x103mm_v5_illatmentes.png","type":"image\/png"}],"twitter_card":"summary_large_image","twitter_misc":{"Dur\u00e9e de lecture estim\u00e9e":"1 minute"},"schema":{"@context":"https:\/\/schema.org","@graph":[{"@type":"WebPage","@id":"https:\/\/herbow.eu\/product\/herbow-folyekony-mosogatoszer-fresh-nature-illatmentes\/","url":"https:\/\/herbow.eu\/product\/herbow-folyekony-mosogatoszer-fresh-nature-illatmentes\/","name":"Herbow foly\u00e9kony mosogat\u00f3szer - Fresh nature (Illatmentes) - Herbow | International","isPartOf":{"@id":"https:\/\/herbow.eu\/#website"},"primaryImageOfPage":{"@id":"https:\/\/herbow.eu\/product\/herbow-folyekony-mosogatoszer-fresh-nature-illatmentes\/#primaryimage"},"image":{"@id":"https:\/\/herbow.eu\/product\/herbow-folyekony-mosogatoszer-fresh-nature-illatmentes\/#primaryimage"},"thumbnailUrl":"https:\/\/herbow.eu\/wp-content\/uploads\/2025\/08\/Herbow-_foly-mosogato_500ml_208x103mm_v5_illatmentes.png","datePublished":"2025-08-18T09:05:56+00:00","dateModified":"2026-03-17T09:58:21+00:00","description":"A Herbow Fresh Nature k\u00e9zi mosogat\u00f3szer term\u00e9szetes eredet\u0171 tiszt\u00edt\u00f3erej\u00e9vel hat\u00e9konyan t\u00e1vol\u00edtja el a zs\u00edrt \u00e9s szennyez\u0151d\u00e9seket, mik\u00f6zben k\u00edm\u00e9li a kezet \u00e9s a k\u00f6rnyezetet. Mos\u00f3di\u00f3-extraktummal \u00e9s narancsterp\u00e9nekkel gazdag\u00edtott, j\u00f3l habz\u00f3, pH-semleges formula a friss, term\u00e9szetes tisztas\u00e1g \u00e9lm\u00e9ny\u00e9\u00e9rt.","breadcrumb":{"@id":"https:\/\/herbow.eu\/product\/herbow-folyekony-mosogatoszer-fresh-nature-illatmentes\/#breadcrumb"},"inLanguage":"fr-FR","potentialAction":[{"@type":"ReadAction","target":["https:\/\/herbow.eu\/product\/herbow-folyekony-mosogatoszer-fresh-nature-illatmentes\/"]}]},{"@type":"ImageObject","inLanguage":"fr-FR","@id":"https:\/\/herbow.eu\/product\/herbow-folyekony-mosogatoszer-fresh-nature-illatmentes\/#primaryimage","url":"https:\/\/herbow.eu\/wp-content\/uploads\/2025\/08\/Herbow-_foly-mosogato_500ml_208x103mm_v5_illatmentes.png","contentUrl":"https:\/\/herbow.eu\/wp-content\/uploads\/2025\/08\/Herbow-_foly-mosogato_500ml_208x103mm_v5_illatmentes.png","width":2000,"height":2000},{"@type":"BreadcrumbList","@id":"https:\/\/herbow.eu\/product\/herbow-folyekony-mosogatoszer-fresh-nature-illatmentes\/#breadcrumb","itemListElement":[{"@type":"ListItem","position":1,"name":"Kezd\u0151lap","item":"https:\/\/herbow.eu\/"},{"@type":"ListItem","position":2,"name":"Shop","item":"https:\/\/herbow.eu\/shop\/"},{"@type":"ListItem","position":3,"name":"Herbow foly\u00e9kony mosogat\u00f3szer &#8211; Fresh nature (Illatmentes)"}]},{"@type":"WebSite","@id":"https:\/\/herbow.eu\/#website","url":"https:\/\/herbow.eu\/","name":"Herbow | Herbal Organic World","description":"Herbal Organic World","publisher":{"@id":"https:\/\/herbow.eu\/#organization"},"potentialAction":[{"@type":"SearchAction","target":{"@type":"EntryPoint","urlTemplate":"https:\/\/herbow.eu\/?s={search_term_string}"},"query-input":{"@type":"PropertyValueSpecification","valueRequired":true,"valueName":"search_term_string"}}],"inLanguage":"fr-FR"},{"@type":"Organization","@id":"https:\/\/herbow.eu\/#organization","name":"Herbow International Zrt.","url":"https:\/\/herbow.eu\/","logo":{"@type":"ImageObject","inLanguage":"fr-FR","@id":"https:\/\/herbow.eu\/#\/schema\/logo\/image\/","url":"https:\/\/herbow.eu\/wp-content\/uploads\/2025\/07\/herbow_logo_hun_2021-01_w-slogan_no-background.png","contentUrl":"https:\/\/herbow.eu\/wp-content\/uploads\/2025\/07\/herbow_logo_hun_2021-01_w-slogan_no-background.png","width":2366,"height":1732,"caption":"Herbow International Zrt."},"image":{"@id":"https:\/\/herbow.eu\/#\/schema\/logo\/image\/"},"sameAs":["https:\/\/www.facebook.com\/herbowmosodioslabda\/","https:\/\/www.instagram.com\/herbowmosodioslabda\/"]}]}},"jetpack_likes_enabled":true,"jetpack_sharing_enabled":true,"_links":{"self":[{"href":"https:\/\/herbow.eu\/fr\/wp-json\/wp\/v2\/product\/1022","targetHints":{"allow":["GET"]}}],"collection":[{"href":"https:\/\/herbow.eu\/fr\/wp-json\/wp\/v2\/product"}],"about":[{"href":"https:\/\/herbow.eu\/fr\/wp-json\/wp\/v2\/types\/product"}],"replies":[{"embeddable":true,"href":"https:\/\/herbow.eu\/fr\/wp-json\/wp\/v2\/comments?post=1022"}],"wp:featuredmedia":[{"embeddable":true,"href":"https:\/\/herbow.eu\/fr\/wp-json\/wp\/v2\/media\/891"}],"wp:attachment":[{"href":"https:\/\/herbow.eu\/fr\/wp-json\/wp\/v2\/media?parent=1022"}],"wp:term":[{"taxonomy":"product_brand","embeddable":true,"href":"https:\/\/herbow.eu\/fr\/wp-json\/wp\/v2\/product_brand?post=1022"},{"taxonomy":"product_cat","embeddable":true,"href":"https:\/\/herbow.eu\/fr\/wp-json\/wp\/v2\/product_cat?post=1022"},{"taxonomy":"product_tag","embeddable":true,"href":"https:\/\/herbow.eu\/fr\/wp-json\/wp\/v2\/product_tag?post=1022"}],"curies":[{"name":"wp","href":"https:\/\/api.w.org\/{rel}","templated":true}]}}