{"id":1016,"date":"2025-08-18T11:05:55","date_gmt":"2025-08-18T09:05:55","guid":{"rendered":"https:\/\/herbow.eu\/product\/herbow-folyekony-mososzer-vadgesztenye-szines-ruhakhoz-viragos-mezo-illattal\/"},"modified":"2026-03-17T10:58:47","modified_gmt":"2026-03-17T09:58:47","slug":"herbow-folyekony-mososzer-vadgesztenye-szines-ruhakhoz-viragos-mezo-illattal","status":"publish","type":"product","link":"https:\/\/herbow.eu\/fr\/product\/herbow-folyekony-mososzer-vadgesztenye-szines-ruhakhoz-viragos-mezo-illattal\/","title":{"rendered":"D\u00e9tergent liquide Herbow ch\u00e2taigne pour les v\u00eatements de couleur avec un parfum de champ fleuri"},"content":{"rendered":"<p>A Herbow Vir\u00e1gos mez\u0151 illat\u00fa foly\u00e9kony mos\u00f3szer a term\u00e9szet harm\u00f3ni\u00e1j\u00e1t viszi a mindennapokba. K\u00edm\u00e9letes elj\u00e1r\u00e1ssal kinyert, 12%-os mos\u00f3di\u00f3-extraktumot \u00e9s bioenzimeket tartalmaz, amelyek hat\u00e9konyan t\u00e1vol\u00edtj\u00e1k el a szennyez\u0151d\u00e9seket m\u00e1r 30\u201340 \u00b0C-on is, mik\u00f6zben meg\u00f3vj\u00e1k a sz\u00ednek \u00e9l\u00e9nks\u00e9g\u00e9t \u00e9s a text\u00edli\u00e1k puhas\u00e1g\u00e1t. N\u00f6v\u00e9nyi eredet\u0171, b\u0151rk\u00edm\u00e9l\u0151 \u00f6sszetev\u0151i gyeng\u00e9den, m\u00e9gis hat\u00e9konyan tiszt\u00edtanak, hogy ruh\u00e1id minden mos\u00e1s ut\u00e1n frissek \u00e9s kellemes tapint\u00e1s\u00faak maradjanak. A vir\u00e1gos mez\u0151 illata a term\u00e9szet csendes sz\u00e9ps\u00e9g\u00e9t id\u00e9zi: a naps\u00fct\u00f6tte r\u00e9tek k\u00f6nnyed frissess\u00e9g\u00e9t, ahol a vir\u00e1gok illata a leveg\u0151ben finoman \u00f6sszefon\u00f3dik. Ez az illat nem uralkodik, csak k\u00eds\u00e9r \u2014 diszkr\u00e9ten, m\u00e9gis hosszan \u00e9rezhet\u0151en. Nem tartalmaz mesters\u00e9ges sz\u00ednez\u00e9ket, optikai feh\u00e9r\u00edt\u0151t, kl\u00f3rt vagy m\u00e1s irrit\u00e1l\u00f3 vegyszert Veg\u00e1n \u00e9s b\u0151rk\u00edm\u00e9l\u0151 formula, amely \u00f3vja a text\u00edli\u00e1kat \u00e9s a k\u00f6rnyezetet egyar\u00e1nt.<\/p>\n<p>Sa particularit\u00e9 : une action d\u00e9tergente exceptionnelle avec des ingr\u00e9dients v\u00e9g\u00e9taux sans endommager le tissu.<br \/>\nKiszerel\u00e9s: 3000 ml = kb. 100 mos\u00e1s<br \/>\nUtilisation : pour une salissure normale, 30 ml de d\u00e9tergent suffisent pour un lavage.<\/p>\n<p>Non recommand\u00e9 pour les produits en laine et en soie.<\/p>","protected":false},"excerpt":{"rendered":"<p>A Herbow Vir\u00e1gos mez\u0151 illat\u00fa foly\u00e9kony mos\u00f3szer term\u00e9szetes tisztas\u00e1got \u00e9s frissess\u00e9get ny\u00fajt sz\u00ednes ruh\u00e1khoz. Mos\u00f3di\u00f3-extraktummal \u00e9s bioenzimekkel tiszt\u00edt, mik\u00f6zben meg\u0151rzi a sz\u00ednek \u00e9l\u00e9nks\u00e9g\u00e9t \u00e9s a ruh\u00e1k puhas\u00e1g\u00e1t \u2013 l\u00e1gy, vir\u00e1gos illattal, amely a term\u00e9szet nyugalm\u00e1t id\u00e9zi meg otthonodban.<\/p>","protected":false},"featured_media":909,"comment_status":"open","ping_status":"closed","template":"","meta":[],"product_brand":[1397],"product_cat":[1398],"product_tag":[1568,1431,1567,1555,1570,1559,1557,1572,1467,1564,1565,1571,1561,1409,1422,1573,1563,1562,1412,1558,1560,1554,1553,1574,1569,1556,1566],"class_list":{"0":"post-1016","1":"product","2":"type-product","3":"status-publish","4":"has-post-thumbnail","6":"product_brand-herbow","7":"product_cat-folyekony-mososzer","8":"product_tag-aktiv-probiotikumok","9":"product_tag-allergenmentes","10":"product_tag-allatkiserlet-mentes","11":"product_tag-elo-probiotikumok","12":"product_tag-oko-haztartasi-tisztitoszer","13":"product_tag-oko-tisztitas","14":"product_tag-biofilm-eltavolitas","15":"product_tag-biofilm-bonto-technologia","16":"product_tag-biologiailag-lebomlo","17":"product_tag-biztonsagos-tisztitas","18":"product_tag-borbarat-tisztitoszer","19":"product_tag-egeszseges-otthon","20":"product_tag-fenntarthato-haztartas","21":"product_tag-herbow","22":"product_tag-herbow-probiotikus","23":"product_tag-herbtech-probiotikus","24":"product_tag-hosszan-tarto-frissesseg","25":"product_tag-illatmentes-opcio","26":"product_tag-kornyezetbarat-tisztitoszer","27":"product_tag-melytisztito-hatas","28":"product_tag-novenyi-alapu-tisztitoszer","29":"product_tag-probiotikus-formula","30":"product_tag-probiotikus-tisztitoszer","31":"product_tag-tartos-mikrobialis-vedelem","32":"product_tag-termeszetes-higienia","33":"product_tag-termeszetes-tisztitas","34":"product_tag-vegan-tisztitoszer","36":"first","37":"instock","38":"taxable","39":"shipping-taxable","40":"product-type-variable"},"yoast_head":"<!-- This site is optimized with the Yoast SEO plugin v27.4 - https:\/\/yoast.com\/product\/yoast-seo-wordpress\/ -->\n<title>Herbow foly\u00e9kony mos\u00f3szer vadgesztenye sz\u00ednes ruh\u00e1khoz Vir\u00e1gos mez\u0151 illattal - Herbow | International<\/title>\n<meta name=\"robots\" content=\"index, follow, max-snippet:-1, max-image-preview:large, max-video-preview:-1\" \/>\n<link rel=\"canonical\" href=\"https:\/\/herbow.eu\/fr\/product\/herbow-folyekony-mososzer-vadgesztenye-szines-ruhakhoz-viragos-mezo-illattal\/\" \/>\n<meta property=\"og:locale\" content=\"fr_FR\" \/>\n<meta property=\"og:type\" content=\"article\" \/>\n<meta property=\"og:title\" content=\"Herbow foly\u00e9kony mos\u00f3szer vadgesztenye sz\u00ednes ruh\u00e1khoz Vir\u00e1gos mez\u0151 illattal - Herbow | International\" \/>\n<meta property=\"og:description\" content=\"A Herbow Vir\u00e1gos mez\u0151 illat\u00fa foly\u00e9kony mos\u00f3szer term\u00e9szetes tisztas\u00e1got \u00e9s frissess\u00e9get ny\u00fajt sz\u00ednes ruh\u00e1khoz. Mos\u00f3di\u00f3-extraktummal \u00e9s bioenzimekkel tiszt\u00edt, mik\u00f6zben meg\u0151rzi a sz\u00ednek \u00e9l\u00e9nks\u00e9g\u00e9t \u00e9s a ruh\u00e1k puhas\u00e1g\u00e1t \u2013 l\u00e1gy, vir\u00e1gos illattal, amely a term\u00e9szet nyugalm\u00e1t id\u00e9zi meg otthonodban.\" \/>\n<meta property=\"og:url\" content=\"https:\/\/herbow.eu\/fr\/product\/herbow-folyekony-mososzer-vadgesztenye-szines-ruhakhoz-viragos-mezo-illattal\/\" \/>\n<meta property=\"og:site_name\" content=\"Herbow | International\" \/>\n<meta property=\"article:publisher\" content=\"https:\/\/www.facebook.com\/herbowmosodioslabda\/\" \/>\n<meta property=\"article:modified_time\" content=\"2026-03-17T09:58:47+00:00\" \/>\n<meta property=\"og:image\" content=\"https:\/\/herbow.eu\/wp-content\/uploads\/2025\/08\/Herbow-mosogel_1000ml_redesign_viragos_mezo_v5.png\" \/>\n\t<meta property=\"og:image:width\" content=\"2000\" \/>\n\t<meta property=\"og:image:height\" content=\"2000\" \/>\n\t<meta property=\"og:image:type\" content=\"image\/png\" \/>\n<meta name=\"twitter:card\" content=\"summary_large_image\" \/>\n<meta name=\"twitter:label1\" content=\"Dur\u00e9e de lecture estim\u00e9e\" \/>\n\t<meta name=\"twitter:data1\" content=\"1 minute\" \/>\n<script type=\"application\/ld+json\" class=\"yoast-schema-graph\">{\"@context\":\"https:\\\/\\\/schema.org\",\"@graph\":[{\"@type\":\"WebPage\",\"@id\":\"https:\\\/\\\/herbow.eu\\\/product\\\/herbow-folyekony-mososzer-vadgesztenye-szines-ruhakhoz-viragos-mezo-illattal\\\/\",\"url\":\"https:\\\/\\\/herbow.eu\\\/product\\\/herbow-folyekony-mososzer-vadgesztenye-szines-ruhakhoz-viragos-mezo-illattal\\\/\",\"name\":\"Herbow foly\u00e9kony mos\u00f3szer vadgesztenye sz\u00ednes ruh\u00e1khoz Vir\u00e1gos mez\u0151 illattal - Herbow | International\",\"isPartOf\":{\"@id\":\"https:\\\/\\\/herbow.eu\\\/#website\"},\"primaryImageOfPage\":{\"@id\":\"https:\\\/\\\/herbow.eu\\\/product\\\/herbow-folyekony-mososzer-vadgesztenye-szines-ruhakhoz-viragos-mezo-illattal\\\/#primaryimage\"},\"image\":{\"@id\":\"https:\\\/\\\/herbow.eu\\\/product\\\/herbow-folyekony-mososzer-vadgesztenye-szines-ruhakhoz-viragos-mezo-illattal\\\/#primaryimage\"},\"thumbnailUrl\":\"https:\\\/\\\/herbow.eu\\\/wp-content\\\/uploads\\\/2025\\\/08\\\/Herbow-mosogel_1000ml_redesign_viragos_mezo_v5.png\",\"datePublished\":\"2025-08-18T09:05:55+00:00\",\"dateModified\":\"2026-03-17T09:58:47+00:00\",\"breadcrumb\":{\"@id\":\"https:\\\/\\\/herbow.eu\\\/product\\\/herbow-folyekony-mososzer-vadgesztenye-szines-ruhakhoz-viragos-mezo-illattal\\\/#breadcrumb\"},\"inLanguage\":\"fr-FR\",\"potentialAction\":[{\"@type\":\"ReadAction\",\"target\":[\"https:\\\/\\\/herbow.eu\\\/product\\\/herbow-folyekony-mososzer-vadgesztenye-szines-ruhakhoz-viragos-mezo-illattal\\\/\"]}]},{\"@type\":\"ImageObject\",\"inLanguage\":\"fr-FR\",\"@id\":\"https:\\\/\\\/herbow.eu\\\/product\\\/herbow-folyekony-mososzer-vadgesztenye-szines-ruhakhoz-viragos-mezo-illattal\\\/#primaryimage\",\"url\":\"https:\\\/\\\/herbow.eu\\\/wp-content\\\/uploads\\\/2025\\\/08\\\/Herbow-mosogel_1000ml_redesign_viragos_mezo_v5.png\",\"contentUrl\":\"https:\\\/\\\/herbow.eu\\\/wp-content\\\/uploads\\\/2025\\\/08\\\/Herbow-mosogel_1000ml_redesign_viragos_mezo_v5.png\",\"width\":2000,\"height\":2000},{\"@type\":\"BreadcrumbList\",\"@id\":\"https:\\\/\\\/herbow.eu\\\/product\\\/herbow-folyekony-mososzer-vadgesztenye-szines-ruhakhoz-viragos-mezo-illattal\\\/#breadcrumb\",\"itemListElement\":[{\"@type\":\"ListItem\",\"position\":1,\"name\":\"Kezd\u0151lap\",\"item\":\"https:\\\/\\\/herbow.eu\\\/\"},{\"@type\":\"ListItem\",\"position\":2,\"name\":\"Shop\",\"item\":\"https:\\\/\\\/herbow.eu\\\/shop\\\/\"},{\"@type\":\"ListItem\",\"position\":3,\"name\":\"Herbow foly\u00e9kony mos\u00f3szer vadgesztenye sz\u00ednes ruh\u00e1khoz Vir\u00e1gos mez\u0151 illattal\"}]},{\"@type\":\"WebSite\",\"@id\":\"https:\\\/\\\/herbow.eu\\\/#website\",\"url\":\"https:\\\/\\\/herbow.eu\\\/\",\"name\":\"Herbow | Herbal Organic World\",\"description\":\"Herbal Organic World\",\"publisher\":{\"@id\":\"https:\\\/\\\/herbow.eu\\\/#organization\"},\"potentialAction\":[{\"@type\":\"SearchAction\",\"target\":{\"@type\":\"EntryPoint\",\"urlTemplate\":\"https:\\\/\\\/herbow.eu\\\/?s={search_term_string}\"},\"query-input\":{\"@type\":\"PropertyValueSpecification\",\"valueRequired\":true,\"valueName\":\"search_term_string\"}}],\"inLanguage\":\"fr-FR\"},{\"@type\":\"Organization\",\"@id\":\"https:\\\/\\\/herbow.eu\\\/#organization\",\"name\":\"Herbow International Zrt.\",\"url\":\"https:\\\/\\\/herbow.eu\\\/\",\"logo\":{\"@type\":\"ImageObject\",\"inLanguage\":\"fr-FR\",\"@id\":\"https:\\\/\\\/herbow.eu\\\/#\\\/schema\\\/logo\\\/image\\\/\",\"url\":\"https:\\\/\\\/herbow.eu\\\/wp-content\\\/uploads\\\/2025\\\/07\\\/herbow_logo_hun_2021-01_w-slogan_no-background.png\",\"contentUrl\":\"https:\\\/\\\/herbow.eu\\\/wp-content\\\/uploads\\\/2025\\\/07\\\/herbow_logo_hun_2021-01_w-slogan_no-background.png\",\"width\":2366,\"height\":1732,\"caption\":\"Herbow International Zrt.\"},\"image\":{\"@id\":\"https:\\\/\\\/herbow.eu\\\/#\\\/schema\\\/logo\\\/image\\\/\"},\"sameAs\":[\"https:\\\/\\\/www.facebook.com\\\/herbowmosodioslabda\\\/\",\"https:\\\/\\\/www.instagram.com\\\/herbowmosodioslabda\\\/\"]}]}<\/script>\n<!-- \/ Yoast SEO plugin. -->","yoast_head_json":{"title":"Herbow foly\u00e9kony mos\u00f3szer vadgesztenye sz\u00ednes ruh\u00e1khoz Vir\u00e1gos mez\u0151 illattal - Herbow | International","robots":{"index":"index","follow":"follow","max-snippet":"max-snippet:-1","max-image-preview":"max-image-preview:large","max-video-preview":"max-video-preview:-1"},"canonical":"https:\/\/herbow.eu\/fr\/product\/herbow-folyekony-mososzer-vadgesztenye-szines-ruhakhoz-viragos-mezo-illattal\/","og_locale":"fr_FR","og_type":"article","og_title":"Herbow foly\u00e9kony mos\u00f3szer vadgesztenye sz\u00ednes ruh\u00e1khoz Vir\u00e1gos mez\u0151 illattal - Herbow | International","og_description":"A Herbow Vir\u00e1gos mez\u0151 illat\u00fa foly\u00e9kony mos\u00f3szer term\u00e9szetes tisztas\u00e1got \u00e9s frissess\u00e9get ny\u00fajt sz\u00ednes ruh\u00e1khoz. Mos\u00f3di\u00f3-extraktummal \u00e9s bioenzimekkel tiszt\u00edt, mik\u00f6zben meg\u0151rzi a sz\u00ednek \u00e9l\u00e9nks\u00e9g\u00e9t \u00e9s a ruh\u00e1k puhas\u00e1g\u00e1t \u2013 l\u00e1gy, vir\u00e1gos illattal, amely a term\u00e9szet nyugalm\u00e1t id\u00e9zi meg otthonodban.","og_url":"https:\/\/herbow.eu\/fr\/product\/herbow-folyekony-mososzer-vadgesztenye-szines-ruhakhoz-viragos-mezo-illattal\/","og_site_name":"Herbow | International","article_publisher":"https:\/\/www.facebook.com\/herbowmosodioslabda\/","article_modified_time":"2026-03-17T09:58:47+00:00","og_image":[{"width":2000,"height":2000,"url":"https:\/\/herbow.eu\/wp-content\/uploads\/2025\/08\/Herbow-mosogel_1000ml_redesign_viragos_mezo_v5.png","type":"image\/png"}],"twitter_card":"summary_large_image","twitter_misc":{"Dur\u00e9e de lecture estim\u00e9e":"1 minute"},"schema":{"@context":"https:\/\/schema.org","@graph":[{"@type":"WebPage","@id":"https:\/\/herbow.eu\/product\/herbow-folyekony-mososzer-vadgesztenye-szines-ruhakhoz-viragos-mezo-illattal\/","url":"https:\/\/herbow.eu\/product\/herbow-folyekony-mososzer-vadgesztenye-szines-ruhakhoz-viragos-mezo-illattal\/","name":"Herbow foly\u00e9kony mos\u00f3szer vadgesztenye sz\u00ednes ruh\u00e1khoz Vir\u00e1gos mez\u0151 illattal - Herbow | International","isPartOf":{"@id":"https:\/\/herbow.eu\/#website"},"primaryImageOfPage":{"@id":"https:\/\/herbow.eu\/product\/herbow-folyekony-mososzer-vadgesztenye-szines-ruhakhoz-viragos-mezo-illattal\/#primaryimage"},"image":{"@id":"https:\/\/herbow.eu\/product\/herbow-folyekony-mososzer-vadgesztenye-szines-ruhakhoz-viragos-mezo-illattal\/#primaryimage"},"thumbnailUrl":"https:\/\/herbow.eu\/wp-content\/uploads\/2025\/08\/Herbow-mosogel_1000ml_redesign_viragos_mezo_v5.png","datePublished":"2025-08-18T09:05:55+00:00","dateModified":"2026-03-17T09:58:47+00:00","breadcrumb":{"@id":"https:\/\/herbow.eu\/product\/herbow-folyekony-mososzer-vadgesztenye-szines-ruhakhoz-viragos-mezo-illattal\/#breadcrumb"},"inLanguage":"fr-FR","potentialAction":[{"@type":"ReadAction","target":["https:\/\/herbow.eu\/product\/herbow-folyekony-mososzer-vadgesztenye-szines-ruhakhoz-viragos-mezo-illattal\/"]}]},{"@type":"ImageObject","inLanguage":"fr-FR","@id":"https:\/\/herbow.eu\/product\/herbow-folyekony-mososzer-vadgesztenye-szines-ruhakhoz-viragos-mezo-illattal\/#primaryimage","url":"https:\/\/herbow.eu\/wp-content\/uploads\/2025\/08\/Herbow-mosogel_1000ml_redesign_viragos_mezo_v5.png","contentUrl":"https:\/\/herbow.eu\/wp-content\/uploads\/2025\/08\/Herbow-mosogel_1000ml_redesign_viragos_mezo_v5.png","width":2000,"height":2000},{"@type":"BreadcrumbList","@id":"https:\/\/herbow.eu\/product\/herbow-folyekony-mososzer-vadgesztenye-szines-ruhakhoz-viragos-mezo-illattal\/#breadcrumb","itemListElement":[{"@type":"ListItem","position":1,"name":"Kezd\u0151lap","item":"https:\/\/herbow.eu\/"},{"@type":"ListItem","position":2,"name":"Shop","item":"https:\/\/herbow.eu\/shop\/"},{"@type":"ListItem","position":3,"name":"Herbow foly\u00e9kony mos\u00f3szer vadgesztenye sz\u00ednes ruh\u00e1khoz Vir\u00e1gos mez\u0151 illattal"}]},{"@type":"WebSite","@id":"https:\/\/herbow.eu\/#website","url":"https:\/\/herbow.eu\/","name":"Herbow | Herbal Organic World","description":"Herbal Organic World","publisher":{"@id":"https:\/\/herbow.eu\/#organization"},"potentialAction":[{"@type":"SearchAction","target":{"@type":"EntryPoint","urlTemplate":"https:\/\/herbow.eu\/?s={search_term_string}"},"query-input":{"@type":"PropertyValueSpecification","valueRequired":true,"valueName":"search_term_string"}}],"inLanguage":"fr-FR"},{"@type":"Organization","@id":"https:\/\/herbow.eu\/#organization","name":"Herbow International Zrt.","url":"https:\/\/herbow.eu\/","logo":{"@type":"ImageObject","inLanguage":"fr-FR","@id":"https:\/\/herbow.eu\/#\/schema\/logo\/image\/","url":"https:\/\/herbow.eu\/wp-content\/uploads\/2025\/07\/herbow_logo_hun_2021-01_w-slogan_no-background.png","contentUrl":"https:\/\/herbow.eu\/wp-content\/uploads\/2025\/07\/herbow_logo_hun_2021-01_w-slogan_no-background.png","width":2366,"height":1732,"caption":"Herbow International Zrt."},"image":{"@id":"https:\/\/herbow.eu\/#\/schema\/logo\/image\/"},"sameAs":["https:\/\/www.facebook.com\/herbowmosodioslabda\/","https:\/\/www.instagram.com\/herbowmosodioslabda\/"]}]}},"jetpack_likes_enabled":true,"jetpack_sharing_enabled":true,"_links":{"self":[{"href":"https:\/\/herbow.eu\/fr\/wp-json\/wp\/v2\/product\/1016","targetHints":{"allow":["GET"]}}],"collection":[{"href":"https:\/\/herbow.eu\/fr\/wp-json\/wp\/v2\/product"}],"about":[{"href":"https:\/\/herbow.eu\/fr\/wp-json\/wp\/v2\/types\/product"}],"replies":[{"embeddable":true,"href":"https:\/\/herbow.eu\/fr\/wp-json\/wp\/v2\/comments?post=1016"}],"wp:featuredmedia":[{"embeddable":true,"href":"https:\/\/herbow.eu\/fr\/wp-json\/wp\/v2\/media\/909"}],"wp:attachment":[{"href":"https:\/\/herbow.eu\/fr\/wp-json\/wp\/v2\/media?parent=1016"}],"wp:term":[{"taxonomy":"product_brand","embeddable":true,"href":"https:\/\/herbow.eu\/fr\/wp-json\/wp\/v2\/product_brand?post=1016"},{"taxonomy":"product_cat","embeddable":true,"href":"https:\/\/herbow.eu\/fr\/wp-json\/wp\/v2\/product_cat?post=1016"},{"taxonomy":"product_tag","embeddable":true,"href":"https:\/\/herbow.eu\/fr\/wp-json\/wp\/v2\/product_tag?post=1016"}],"curies":[{"name":"wp","href":"https:\/\/api.w.org\/{rel}","templated":true}]}}