{"id":762,"date":"2025-07-20T11:47:54","date_gmt":"2025-07-20T09:47:54","guid":{"rendered":"https:\/\/herbow.eu\/?page_id=762"},"modified":"2025-07-20T12:16:59","modified_gmt":"2025-07-20T10:16:59","slug":"mosodiosis-pallo","status":"publish","type":"page","link":"https:\/\/herbow.eu\/fi\/mosodios-labda\/","title":{"rendered":"Pyykkipallo"},"content":{"rendered":"<section class=\"section\" id=\"section_1048545633\">\n\t\t<div class=\"section-bg fill\" >\n\t\t\t\t\t\t\t<div class=\"video-overlay no-click fill visible\"><\/div>\n\t<video class=\"video-bg fill visible\" preload playsinline autoplay muted loop>\n\t\t<source src=\"https:\/\/videos.files.wordpress.com\/glsn1bsR\/heap-of-soap-nut-for-ecological-washing-raw-aritha-2023-11-28-17-45-48-utc.mp4\" type=\"video\/mp4\">\t<\/video>\n\t\t\t<div class=\"section-bg-overlay absolute fill\"><\/div>\n\t\t\t\n\n\t\t<\/div>\n\n\t\t\n\n\t\t<div class=\"section-content relative\">\n\t\t\t\n\n\t<div id=\"text-950064467\" class=\"text\">\n\t\t\n\n<h1 class=\"uppercase\" style=\"text-align: center;\" data-animate=\"fadeInUp\" data-animate-delay=\"500\">Mik\u00e4 on Herbow-pesupallon salaisuus?<\/h1>\n\t\t\n<style>\n#text-950064467 {\n  text-align: center;\n  color: rgb(255, 255, 255);\n}\n#text-950064467 > * {\n  color: rgb(255, 255, 255);\n}\n<\/style>\n\t<\/div>\n\t\n\n\t\t<\/div>\n\n\t\t\n<style>\n#section_1048545633 {\n  padding-top: 30px;\n  padding-bottom: 30px;\n  min-height: 300px;\n}\n#section_1048545633 .section-bg-overlay {\n  background-color: rgba(0, 0, 0, 0.145);\n}\n@media (min-width:550px) {\n  #section_1048545633 {\n    min-height: 400px;\n  }\n}\n@media (min-width:850px) {\n  #section_1048545633 {\n    min-height: 500px;\n  }\n}\n<\/style>\n\t<\/section>\n\t\n\n\t<section class=\"section\" id=\"section_713043718\">\n\t\t<div class=\"section-bg fill\" >\n\t\t\t\t\t\t\t\t\t\n\t\t\t\n\n\t\t<\/div>\n\n\t\t\n\n\t\t<div class=\"section-content relative\">\n\t\t\t\n\n<div class=\"row align-center\"  id=\"row-1047475121\">\n\n\n\t<div id=\"col-533857596\" class=\"col medium-12 small-12 large-6\"  >\n\t\t\t\t<div class=\"col-inner\"  >\n\t\t\t\n\t\t\t\n\n\t<div id=\"gap-1551502821\" class=\"gap-element clearfix\" style=\"display:block; height:auto;\">\n\t\t\n<style>\n#gap-1551502821 {\n  padding-top: 10px;\n}\n@media (min-width:550px) {\n  #gap-1551502821 {\n    padding-top: 20px;\n  }\n}\n@media (min-width:850px) {\n  #gap-1551502821 {\n    padding-top: 30px;\n  }\n}\n<\/style>\n\t<\/div>\n\t\n\n\t<div class=\"img has-hover x md-x lg-x y md-y lg-y\" id=\"image_1503565566\">\n\t\t\t\t\t\t<div data-animate=\"bounceInLeft\">\t\t<div class=\"img-inner dark\" >\n\t\t\t<img loading=\"lazy\" decoding=\"async\" width=\"633\" height=\"407\" src=\"https:\/\/herbow.eu\/wp-content\/uploads\/2025\/07\/herbowlabdavizbenv3ujlogo2020v201633x407_20200521_110138.png\" class=\"attachment-large size-large\" alt=\"\" srcset=\"https:\/\/herbow.eu\/wp-content\/uploads\/2025\/07\/herbowlabdavizbenv3ujlogo2020v201633x407_20200521_110138.png 633w, https:\/\/herbow.eu\/wp-content\/uploads\/2025\/07\/herbowlabdavizbenv3ujlogo2020v201633x407_20200521_110138-622x400.png 622w, https:\/\/herbow.eu\/wp-content\/uploads\/2025\/07\/herbowlabdavizbenv3ujlogo2020v201633x407_20200521_110138-500x321.png 500w\" sizes=\"auto, (max-width: 633px) 100vw, 633px\" data-attachment-id=\"655\" data-permalink=\"https:\/\/herbow.eu\/fi\/fullscreen-fashion\/herbowlabdavizbenv3ujlogo2020v201633x407_20200521_110138\/#main\" data-orig-file=\"https:\/\/herbow.eu\/wp-content\/uploads\/2025\/07\/herbowlabdavizbenv3ujlogo2020v201633x407_20200521_110138.png\" data-orig-size=\"633,407\" data-comments-opened=\"1\" data-image-meta=\"{&quot;aperture&quot;:&quot;0&quot;,&quot;credit&quot;:&quot;&quot;,&quot;camera&quot;:&quot;&quot;,&quot;caption&quot;:&quot;&quot;,&quot;created_timestamp&quot;:&quot;0&quot;,&quot;copyright&quot;:&quot;&quot;,&quot;focal_length&quot;:&quot;0&quot;,&quot;iso&quot;:&quot;0&quot;,&quot;shutter_speed&quot;:&quot;0&quot;,&quot;title&quot;:&quot;&quot;,&quot;orientation&quot;:&quot;0&quot;}\" data-image-title=\"herbowlabdavizbenv3ujlogo2020v201633x407_20200521_110138\" data-image-description=\"\" data-image-caption=\"\" data-large-file=\"https:\/\/herbow.eu\/wp-content\/uploads\/2025\/07\/herbowlabdavizbenv3ujlogo2020v201633x407_20200521_110138.png\" \/>\t\t\t\t\t\t\n\t\t\t\t\t<\/div>\n\t\t<\/div>\t\t\t\t\t\t\n<style>\n#image_1503565566 {\n  width: 100%;\n}\n<\/style>\n\t<\/div>\n\t\n\n\t<div id=\"text-1927338837\" class=\"text\">\n\t\t\n\n<h3><strong>Raikkaat ja puhtaat vaatteet ilman synteettisi\u00e4 aineita!<\/strong><\/h3>\n\t\t\n<style>\n#text-1927338837 {\n  font-size: 1.55rem;\n}\n<\/style>\n\t<\/div>\n\t\n<p>Pesup\u00e4hkin\u00e4 100% 100%:ss\u00e4 on luonnollinen, sill\u00e4 on hyv\u00e4t puhdistusominaisuudet ja se on ymp\u00e4rist\u00f6yst\u00e4v\u00e4llinen pesuvaihtoehto. Pesupallo, Herbow-sarjan perusta, tarjoaa monia etuja terveydellesi ja mukavuudellesi. T\u00e4m\u00e4 luonnonmukainen pesuaine toimii luonnollisten aktiivisten ainesosiensa ansiosta, joten se sopii erinomaisesti herk\u00e4lle iholle ja sit\u00e4 suositellaan my\u00f6s vauvojen vaatteiden pesuun. Pesupalloa k\u00e4ytett\u00e4ess\u00e4 vaatteisiin ei j\u00e4\u00e4 pesuainej\u00e4\u00e4mi\u00e4, jotka voivat \u00e4rsytt\u00e4\u00e4 ihoa ja aiheuttaa allergioita.<\/p>\n<p>\u00a0<\/p>\n\n\t\t<\/div>\n\t\t\t\t\n<style>\n#col-533857596 > .col-inner {\n  padding: 0px 10% 0px 0px;\n}\n<\/style>\n\t<\/div>\n\n\t\n\n\t<div id=\"col-1123692267\" class=\"col medium-12 small-12 large-6\"  data-animate=\"bounceInUp\">\n\t\t\t\t<div class=\"col-inner\" style=\"background-color:rgba(241, 241, 241, 0.93);\" >\n\t\t\t\n\t<div class=\"is-border\"\n\t\tstyle=\"border-color:rgb(73, 193, 147);border-width:10px 0px 0px 0px;\">\n\t<\/div>\n\t\t\t\n\n<p><strong>Pesuaineen k\u00e4ytt\u00f6 on toistaiseksi ollut hankalaa. Oli laskettava jyvien m\u00e4\u00e4r\u00e4, sidottava ne kangaspussiin, muistettava, milloin ne piti heitt\u00e4\u00e4 pois, otettava ne koneesta heti pesun j\u00e4lkeen, jotta ne eiv\u00e4t likaantuisi. Lis\u00e4ksi k\u00e4sittelem\u00e4tt\u00f6mill\u00e4 pesup\u00e4hkin\u00f6ill\u00e4 on outo haju. Herbow'n tutkijat ovat kuitenkin vieneet pesup\u00e4hkin\u00e4n askeleen pidemm\u00e4lle ja kehitt\u00e4neet t\u00e4m\u00e4n p\u00e4iv\u00e4n innovatiivisen pesupallokaavan, jonka ansiosta kemikaalivapaa pesu on entist\u00e4kin k\u00e4yt\u00e4nn\u00f6llisemp\u00e4\u00e4 ja helpompaa!<\/strong><\/p>\n<p><strong>K\u00e4tev\u00e4 k\u00e4ytt\u00e4\u00e4<br \/><\/strong>Heit\u00e4 se vain pesukoneeseen kuin pesukapseli. Olemme k\u00e4\u00e4rineet pesup\u00e4hkin\u00e4t pallonmuotoiseen selluloosaverkkoon, jotta ne ovat k\u00e4tevi\u00e4 k\u00e4ytt\u00e4\u00e4!<\/p>\n<p><strong>Lis\u00e4\u00e4ntynyt pesuteho<\/strong><br \/>Palloon k\u00e4\u00e4ritty kierr\u00e4tyspuuvilla tehostaa pyykinpesuaineen luonnollisen pinta-aktiivisen aineen (saponiinin) vaahtoamista, mik\u00e4 lis\u00e4\u00e4 pesutehoa entisest\u00e4\u00e4n.<\/p>\n<p><strong>Raikas tuoksu<\/strong><br \/>Balance System -tekniikan avulla pesup\u00e4hkin\u00e4 k\u00e4sitell\u00e4\u00e4n luonnollisella hy\u00f6dyllisten mikro-organismien viljelm\u00e4ll\u00e4 (B.S Regen). T\u00e4m\u00e4n seurauksena sen aiempi hapan haju poistuu ja vaatteet pysyv\u00e4t tuoksuisina pitk\u00e4\u00e4n.<\/p>\n\n\t\t<\/div>\n\t\t\t\t\n<style>\n#col-1123692267 > .col-inner {\n  padding: 15% 10% 5% 10%;\n  margin: 0 0px 0px 0px;\n}\n@media (min-width:550px) {\n  #col-1123692267 > .col-inner {\n    padding: 10% 10% 8% 10%;\n  }\n}\n@media (min-width:850px) {\n  #col-1123692267 > .col-inner {\n    padding: 15% 15% 10% 15%;\n    margin: -172px 0px 0px 0px;\n  }\n}\n<\/style>\n\t<\/div>\n\n\t\n\n<\/div>\n<div class=\"row\"  id=\"row-1433738953\">\n\n\n\t<div id=\"col-86807831\" class=\"col medium-6 small-12 large-6\"  >\n\t\t\t\t<div class=\"col-inner\"  >\n\t\t\t\n\t\t\t\n\n<p><strong>Saksanp\u00e4hkin\u00f6ist\u00e4<\/strong><br \/>Intialainen mosodium (Sapindus Mukorossi) on saippuakasvien heimoon kuuluvan puun hedelm\u00e4. T\u00e4m\u00e4 puu on kotoisin Himalajan juurelta ja kasvaa Intiassa ja Nepalissa. Saippuapuun hedelm\u00e4 on tuomen muotoinen, ja hedelm\u00e4\u00e4 ymp\u00e4r\u00f6i kiinte\u00e4 ulkokuori, joka sis\u00e4lt\u00e4\u00e4 runsaasti saponiineja. Saponiini on luonnollinen pinta-aktiivinen aine, joka sitoo veden kanssa rasvaa ja likaa, mik\u00e4 tekee siit\u00e4 erinomaisen pyykinpesuaineen. Sill\u00e4 on my\u00f6s monia hy\u00f6dyllisi\u00e4 ominaisuuksia.<\/p>\n\n\t\t<\/div>\n\t\t\t\t\n<style>\n#col-86807831 > .col-inner {\n  margin: -50px 0px 0px 0px;\n}\n<\/style>\n\t<\/div>\n\n\t\n\n\t<div id=\"col-1320504347\" class=\"col medium-6 small-12 large-6\"  >\n\t\t\t\t<div class=\"col-inner\"  >\n\t\t\t\n\t\t\t\n\n\t<div class=\"img has-hover x md-x lg-x y md-y lg-y\" id=\"image_1839954646\">\n\t\t\t\t\t\t<div data-animate=\"bounceInRight\">\t\t<div class=\"img-inner dark\" >\n\t\t\t<img loading=\"lazy\" decoding=\"async\" width=\"1020\" height=\"586\" src=\"https:\/\/herbow.eu\/wp-content\/uploads\/2025\/07\/soap-nut-on-white-background-2024-10-31-21-18-04-utc-1392x800.jpg\" class=\"attachment-large size-large\" alt=\"\" srcset=\"https:\/\/herbow.eu\/wp-content\/uploads\/2025\/07\/soap-nut-on-white-background-2024-10-31-21-18-04-utc-1392x800.jpg 1392w, https:\/\/herbow.eu\/wp-content\/uploads\/2025\/07\/soap-nut-on-white-background-2024-10-31-21-18-04-utc-696x400.jpg 696w, https:\/\/herbow.eu\/wp-content\/uploads\/2025\/07\/soap-nut-on-white-background-2024-10-31-21-18-04-utc-768x441.jpg 768w, https:\/\/herbow.eu\/wp-content\/uploads\/2025\/07\/soap-nut-on-white-background-2024-10-31-21-18-04-utc-1536x883.jpg 1536w, https:\/\/herbow.eu\/wp-content\/uploads\/2025\/07\/soap-nut-on-white-background-2024-10-31-21-18-04-utc-2048x1177.jpg 2048w, https:\/\/herbow.eu\/wp-content\/uploads\/2025\/07\/soap-nut-on-white-background-2024-10-31-21-18-04-utc-500x287.jpg 500w\" sizes=\"auto, (max-width: 1020px) 100vw, 1020px\" data-attachment-id=\"752\" data-permalink=\"https:\/\/herbow.eu\/fi\/a-herbow-rol\/soap-nut-on-white-background\/#main\" data-orig-file=\"https:\/\/herbow.eu\/wp-content\/uploads\/2025\/07\/soap-nut-on-white-background-2024-10-31-21-18-04-utc.jpg\" data-orig-size=\"2500,1437\" data-comments-opened=\"1\" data-image-meta=\"{&quot;aperture&quot;:&quot;16&quot;,&quot;credit&quot;:&quot;&quot;,&quot;camera&quot;:&quot;NIKON D800E&quot;,&quot;caption&quot;:&quot;Soap nut on white background&quot;,&quot;created_timestamp&quot;:&quot;1478123934&quot;,&quot;copyright&quot;:&quot;&quot;,&quot;focal_length&quot;:&quot;70&quot;,&quot;iso&quot;:&quot;100&quot;,&quot;shutter_speed&quot;:&quot;0.00625&quot;,&quot;title&quot;:&quot;Soap nut on white background&quot;,&quot;orientation&quot;:&quot;1&quot;}\" data-image-title=\"Soap nut on white background\" data-image-description=\"\" data-image-caption=\"&lt;p&gt;Soap nut on white background&lt;\/p&gt;\" data-large-file=\"https:\/\/herbow.eu\/wp-content\/uploads\/2025\/07\/soap-nut-on-white-background-2024-10-31-21-18-04-utc-1392x800.jpg\" \/>\t\t\t\t\t\t\n\t\t\t\t\t<\/div>\n\t\t<\/div>\t\t\t\t\t\t\n<style>\n#image_1839954646 {\n  width: 100%;\n}\n<\/style>\n\t<\/div>\n\t\n\n\n\t\t<\/div>\n\t\t\t\t\n<style>\n#col-1320504347 > .col-inner {\n  margin: -250px 0px 0px 0px;\n}\n<\/style>\n\t<\/div>\n\n\t\n\n<\/div>\n\n\t\t<\/div>\n\n\t\t\n<style>\n#section_713043718 {\n  padding-top: 30px;\n  padding-bottom: 30px;\n}\n<\/style>\n\t<\/section>\n\t\n\n\t<section class=\"section\" id=\"section_859914470\">\n\t\t<div class=\"section-bg fill\" >\n\t\t\t\t\t\t\t\t\t\n\t\t\t\n\t<div class=\"is-border\"\n\t\tstyle=\"border-color:rgb(73, 193, 147);border-width:10px 0px 0px 0px;\">\n\t<\/div>\n\n\t\t<\/div>\n\n\t\t\n\n\t\t<div class=\"section-content relative\">\n\t\t\t\n\n<p><strong>Luonnollinen<\/strong> - 100% on t\u00e4ysin luonnollinen eik\u00e4 sis\u00e4ll\u00e4 keinotekoisia kemikaaleja, jotka voisivat vahingoittaa kehoa tai ymp\u00e4rist\u00f6\u00e4.<\/p>\n<p><strong>Ymp\u00e4rist\u00f6yst\u00e4v\u00e4llinen<\/strong> - helposti biohajoava, ei saastuta ymp\u00e4rist\u00f6\u00e4. On mielenkiintoista, ett\u00e4 se kasvaa puissa, joita ei koskaan ruiskuteta, koska sen luonnollinen saponiinipitoisuus pit\u00e4\u00e4 tuholaiset loitolla. Sill\u00e4 on maaper\u00e4\u00e4 suojaavia ominaisuuksia ja se tuottaa paljon happea, mik\u00e4 edist\u00e4\u00e4 optimaalista ekosysteemi\u00e4 maapallolla.<\/p>\n<p><strong>Antibakteerinen<\/strong> - antiseptinen<\/p>\n<p><strong>Hypoallergeeninen<\/strong> - ei \u00e4rsyt\u00e4 ihoa. Ihanteellinen herk\u00e4lle ja ihottumaiselle iholle sek\u00e4 henkil\u00f6ille, joilla on muita ihosairauksia (esim. psoriaasi, neurodermatiitti). Turvallinen k\u00e4ytt\u00e4\u00e4 vauvojen vaatteiden pesuun.<\/p>\n<p><strong>Hell\u00e4varainen tekstiileille<\/strong> - on hell\u00e4varainen ja pesuteho on erinomainen, eik\u00e4 se vahingoita tekstiilien rakennetta. Vaatteet s\u00e4ilytt\u00e4v\u00e4t v\u00e4rins\u00e4 ja kest\u00e4vyytens\u00e4 pidemp\u00e4\u00e4n.<\/p>\n<p><strong>Taloudellinen<\/strong> - Pesup\u00e4hkin\u00e4n kuoret voidaan k\u00e4ytt\u00e4\u00e4 uudelleen, esimerkiksi 1 pesup\u00e4hkin\u00e4n pallo riitt\u00e4\u00e4 5 pesuun.<\/p>\n<p><strong>Kierr\u00e4tett\u00e4v\u00e4<\/strong> - K\u00e4ytetyt p\u00e4hkin\u00e4nkuoret ovat kompostoituvia, ja k\u00e4ytetty selluloosapohjainen verkko on biohajoava.<\/p>\n\n\t\t<\/div>\n\n\t\t\n<style>\n#section_859914470 {\n  padding-top: 30px;\n  padding-bottom: 30px;\n  background-color: rgba(156, 128, 89, 0.215);\n}\n<\/style>\n\t<\/section>","protected":false},"excerpt":{"rendered":"","protected":false},"author":268520272,"featured_media":0,"parent":0,"menu_order":0,"comment_status":"closed","ping_status":"closed","template":"","meta":{"footnotes":""},"class_list":["post-762","page","type-page","status-publish","hentry"],"yoast_head":"<!-- This site is optimized with the Yoast SEO plugin v27.4 - https:\/\/yoast.com\/product\/yoast-seo-wordpress\/ -->\n<title>Mos\u00f3di\u00f3s labda - Herbow | International<\/title>\n<meta name=\"description\" content=\"Innovat\u00edv mos\u00f3di\u00f3s labda term\u00e9szetes tisztas\u00e1ggal, vegyszerek n\u00e9lk\u00fcl. K\u00edm\u00e9letes, k\u00f6rnyezetbar\u00e1t megold\u00e1s az eg\u00e9sz csal\u00e1dnak.\" \/>\n<meta name=\"robots\" content=\"index, follow, max-snippet:-1, max-image-preview:large, max-video-preview:-1\" \/>\n<link rel=\"canonical\" href=\"https:\/\/herbow.eu\/fi\/mosodiosis-pallo\/\" \/>\n<meta property=\"og:locale\" content=\"fi_FI\" \/>\n<meta property=\"og:type\" content=\"article\" \/>\n<meta property=\"og:title\" content=\"Mos\u00f3di\u00f3s labda - Herbow | International\" \/>\n<meta property=\"og:description\" content=\"Innovat\u00edv mos\u00f3di\u00f3s labda term\u00e9szetes tisztas\u00e1ggal, vegyszerek n\u00e9lk\u00fcl. K\u00edm\u00e9letes, k\u00f6rnyezetbar\u00e1t megold\u00e1s az eg\u00e9sz csal\u00e1dnak.\" \/>\n<meta property=\"og:url\" content=\"https:\/\/herbow.eu\/fi\/mosodiosis-pallo\/\" \/>\n<meta property=\"og:site_name\" content=\"Herbow | International\" \/>\n<meta property=\"article:publisher\" content=\"https:\/\/www.facebook.com\/herbowmosodioslabda\/\" \/>\n<meta property=\"article:modified_time\" content=\"2025-07-20T10:16:59+00:00\" \/>\n<meta name=\"twitter:card\" content=\"summary_large_image\" \/>\n<script type=\"application\/ld+json\" class=\"yoast-schema-graph\">{\"@context\":\"https:\\\/\\\/schema.org\",\"@graph\":[{\"@type\":\"WebPage\",\"@id\":\"https:\\\/\\\/herbow.eu\\\/mosodios-labda\\\/\",\"url\":\"https:\\\/\\\/herbow.eu\\\/mosodios-labda\\\/\",\"name\":\"Mos\u00f3di\u00f3s labda - Herbow | International\",\"isPartOf\":{\"@id\":\"https:\\\/\\\/herbow.eu\\\/#website\"},\"datePublished\":\"2025-07-20T09:47:54+00:00\",\"dateModified\":\"2025-07-20T10:16:59+00:00\",\"description\":\"Innovat\u00edv mos\u00f3di\u00f3s labda term\u00e9szetes tisztas\u00e1ggal, vegyszerek n\u00e9lk\u00fcl. K\u00edm\u00e9letes, k\u00f6rnyezetbar\u00e1t megold\u00e1s az eg\u00e9sz csal\u00e1dnak.\",\"breadcrumb\":{\"@id\":\"https:\\\/\\\/herbow.eu\\\/mosodios-labda\\\/#breadcrumb\"},\"inLanguage\":\"fi\",\"potentialAction\":[{\"@type\":\"ReadAction\",\"target\":[\"https:\\\/\\\/herbow.eu\\\/mosodios-labda\\\/\"]}]},{\"@type\":\"BreadcrumbList\",\"@id\":\"https:\\\/\\\/herbow.eu\\\/mosodios-labda\\\/#breadcrumb\",\"itemListElement\":[{\"@type\":\"ListItem\",\"position\":1,\"name\":\"Kezd\u0151lap\",\"item\":\"https:\\\/\\\/herbow.eu\\\/\"},{\"@type\":\"ListItem\",\"position\":2,\"name\":\"Mos\u00f3di\u00f3s labda\"}]},{\"@type\":\"WebSite\",\"@id\":\"https:\\\/\\\/herbow.eu\\\/#website\",\"url\":\"https:\\\/\\\/herbow.eu\\\/\",\"name\":\"Herbow | Herbal Organic World\",\"description\":\"Herbal Organic World\",\"publisher\":{\"@id\":\"https:\\\/\\\/herbow.eu\\\/#organization\"},\"potentialAction\":[{\"@type\":\"SearchAction\",\"target\":{\"@type\":\"EntryPoint\",\"urlTemplate\":\"https:\\\/\\\/herbow.eu\\\/?s={search_term_string}\"},\"query-input\":{\"@type\":\"PropertyValueSpecification\",\"valueRequired\":true,\"valueName\":\"search_term_string\"}}],\"inLanguage\":\"fi\"},{\"@type\":\"Organization\",\"@id\":\"https:\\\/\\\/herbow.eu\\\/#organization\",\"name\":\"Herbow International Zrt.\",\"url\":\"https:\\\/\\\/herbow.eu\\\/\",\"logo\":{\"@type\":\"ImageObject\",\"inLanguage\":\"fi\",\"@id\":\"https:\\\/\\\/herbow.eu\\\/#\\\/schema\\\/logo\\\/image\\\/\",\"url\":\"https:\\\/\\\/herbow.eu\\\/wp-content\\\/uploads\\\/2025\\\/07\\\/herbow_logo_hun_2021-01_w-slogan_no-background.png\",\"contentUrl\":\"https:\\\/\\\/herbow.eu\\\/wp-content\\\/uploads\\\/2025\\\/07\\\/herbow_logo_hun_2021-01_w-slogan_no-background.png\",\"width\":2366,\"height\":1732,\"caption\":\"Herbow International Zrt.\"},\"image\":{\"@id\":\"https:\\\/\\\/herbow.eu\\\/#\\\/schema\\\/logo\\\/image\\\/\"},\"sameAs\":[\"https:\\\/\\\/www.facebook.com\\\/herbowmosodioslabda\\\/\",\"https:\\\/\\\/www.instagram.com\\\/herbowmosodioslabda\\\/\"]}]}<\/script>\n<!-- \/ Yoast SEO plugin. -->","yoast_head_json":{"title":"Pesupallo - Herbow | International","description":"Innovatiivinen pesupallo, jossa on luonnollinen puhtaus ilman kemikaaleja. Hell\u00e4varainen, ymp\u00e4rist\u00f6yst\u00e4v\u00e4llinen ratkaisu koko perheelle.","robots":{"index":"index","follow":"follow","max-snippet":"max-snippet:-1","max-image-preview":"max-image-preview:large","max-video-preview":"max-video-preview:-1"},"canonical":"https:\/\/herbow.eu\/fi\/mosodiosis-pallo\/","og_locale":"fi_FI","og_type":"article","og_title":"Mos\u00f3di\u00f3s labda - Herbow | International","og_description":"Innovat\u00edv mos\u00f3di\u00f3s labda term\u00e9szetes tisztas\u00e1ggal, vegyszerek n\u00e9lk\u00fcl. K\u00edm\u00e9letes, k\u00f6rnyezetbar\u00e1t megold\u00e1s az eg\u00e9sz csal\u00e1dnak.","og_url":"https:\/\/herbow.eu\/fi\/mosodiosis-pallo\/","og_site_name":"Herbow | International","article_publisher":"https:\/\/www.facebook.com\/herbowmosodioslabda\/","article_modified_time":"2025-07-20T10:16:59+00:00","twitter_card":"summary_large_image","schema":{"@context":"https:\/\/schema.org","@graph":[{"@type":"WebPage","@id":"https:\/\/herbow.eu\/mosodios-labda\/","url":"https:\/\/herbow.eu\/mosodios-labda\/","name":"Pesupallo - Herbow | International","isPartOf":{"@id":"https:\/\/herbow.eu\/#website"},"datePublished":"2025-07-20T09:47:54+00:00","dateModified":"2025-07-20T10:16:59+00:00","description":"Innovatiivinen pesupallo, jossa on luonnollinen puhtaus ilman kemikaaleja. Hell\u00e4varainen, ymp\u00e4rist\u00f6yst\u00e4v\u00e4llinen ratkaisu koko perheelle.","breadcrumb":{"@id":"https:\/\/herbow.eu\/mosodios-labda\/#breadcrumb"},"inLanguage":"fi","potentialAction":[{"@type":"ReadAction","target":["https:\/\/herbow.eu\/mosodios-labda\/"]}]},{"@type":"BreadcrumbList","@id":"https:\/\/herbow.eu\/mosodios-labda\/#breadcrumb","itemListElement":[{"@type":"ListItem","position":1,"name":"Kezd\u0151lap","item":"https:\/\/herbow.eu\/"},{"@type":"ListItem","position":2,"name":"Mos\u00f3di\u00f3s labda"}]},{"@type":"WebSite","@id":"https:\/\/herbow.eu\/#website","url":"https:\/\/herbow.eu\/","name":"Herbow | Herbal Organic World","description":"Herbal Organic World","publisher":{"@id":"https:\/\/herbow.eu\/#organization"},"potentialAction":[{"@type":"SearchAction","target":{"@type":"EntryPoint","urlTemplate":"https:\/\/herbow.eu\/?s={search_term_string}"},"query-input":{"@type":"PropertyValueSpecification","valueRequired":true,"valueName":"search_term_string"}}],"inLanguage":"fi"},{"@type":"Organization","@id":"https:\/\/herbow.eu\/#organization","name":"Herbow International Zrt.","url":"https:\/\/herbow.eu\/","logo":{"@type":"ImageObject","inLanguage":"fi","@id":"https:\/\/herbow.eu\/#\/schema\/logo\/image\/","url":"https:\/\/herbow.eu\/wp-content\/uploads\/2025\/07\/herbow_logo_hun_2021-01_w-slogan_no-background.png","contentUrl":"https:\/\/herbow.eu\/wp-content\/uploads\/2025\/07\/herbow_logo_hun_2021-01_w-slogan_no-background.png","width":2366,"height":1732,"caption":"Herbow International Zrt."},"image":{"@id":"https:\/\/herbow.eu\/#\/schema\/logo\/image\/"},"sameAs":["https:\/\/www.facebook.com\/herbowmosodioslabda\/","https:\/\/www.instagram.com\/herbowmosodioslabda\/"]}]}},"jetpack_likes_enabled":true,"jetpack_sharing_enabled":true,"jetpack_shortlink":"https:\/\/wp.me\/Ph13on-ci","_links":{"self":[{"href":"https:\/\/herbow.eu\/fi\/wp-json\/wp\/v2\/pages\/762","targetHints":{"allow":["GET"]}}],"collection":[{"href":"https:\/\/herbow.eu\/fi\/wp-json\/wp\/v2\/pages"}],"about":[{"href":"https:\/\/herbow.eu\/fi\/wp-json\/wp\/v2\/types\/page"}],"author":[{"embeddable":true,"href":"https:\/\/herbow.eu\/fi\/wp-json\/wp\/v2\/users\/268520272"}],"replies":[{"embeddable":true,"href":"https:\/\/herbow.eu\/fi\/wp-json\/wp\/v2\/comments?post=762"}],"version-history":[{"count":14,"href":"https:\/\/herbow.eu\/fi\/wp-json\/wp\/v2\/pages\/762\/revisions"}],"predecessor-version":[{"id":780,"href":"https:\/\/herbow.eu\/fi\/wp-json\/wp\/v2\/pages\/762\/revisions\/780"}],"wp:attachment":[{"href":"https:\/\/herbow.eu\/fi\/wp-json\/wp\/v2\/media?parent=762"}],"curies":[{"name":"wp","href":"https:\/\/api.w.org\/{rel}","templated":true}]}}