{"id":983,"date":"2025-08-18T11:05:48","date_gmt":"2025-08-18T09:05:48","guid":{"rendered":"https:\/\/herbow.eu\/product\/herbow-mosodios-labda-color-1db-5-mosas\/"},"modified":"2026-03-17T10:58:46","modified_gmt":"2026-03-17T09:58:46","slug":"herbow-mosodios-labda-color-1db-5-mosas","status":"publish","type":"product","link":"https:\/\/herbow.eu\/es\/product\/herbow-mosodios-labda-color-1db-5-mosas\/","title":{"rendered":"Herbow Bola de Lavado COLOR 1ud \/ 5 lavados"},"content":{"rendered":"<div>La Bola de Lavado Herbow revoluciona el lavado natural con detergente natural: ofrece el poder natural del lavado tradicional en una forma c\u00f3moda, pr\u00e1ctica y perfumada.<\/div>\n<div>El contenido natural de saponina de las nueces de lavado elimina suave pero eficazmente la suciedad de los tejidos sin irritar la piel ni da\u00f1ar el medio ambiente. Recomendado para lavar prendas de color con suciedad moderada.<\/div>\n<div><\/div>\n<div>Las nueces de lavado Herbow est\u00e1n tratadas con un cultivo natural de microorganismos y extracto de manzanilla, por lo que no s\u00f3lo proporcionan limpieza, sino tambi\u00e9n un delicado aroma fresco y natural.<\/div>\n<div>Las redes biodegradables y los detergentes compostables ofrecen una soluci\u00f3n sostenible para cada hogar.<\/div>\n<div>Una bola se puede utilizar 5 veces y tiene una pr\u00e1ctica tira de memoria para ayudarle a llevar la cuenta del n\u00famero de lavados.<\/div>\n<div>Especialmente recomendado para personas con piel sensible, para lavar la ropa de ni\u00f1os peque\u00f1os y beb\u00e9s.<\/div>\n<div><\/div>\n<div>Sin conservantes ni productos qu\u00edmicos, vegano y probado por la T\u00dcV.<\/div>\n<div><\/div>\n<div>Envase: 1 pieza (53 g) = suficiente para unos 5 lavados.<\/div>\n<div>Uso:<\/div>\n<div>1. Introduce la bola en el tambor de la lavadora con la ropa, como si fuera una c\u00e1psula de lavado<\/div>\n<div>2. Inicie el programa de lavado. La bola permanece en la lavadora hasta el final del lavado<\/div>\n<div>3. Despu\u00e9s del lavado, s\u00e1cala de la lavadora y gu\u00e1rdala en un lugar seco, o reutil\u00edzala inmediatamente para el siguiente lavado.<\/div>\n<div><\/div>\n<div>No se recomienda para lavar productos de lana y seda.<\/div>","protected":false},"excerpt":{"rendered":"<p>A Herbow mos\u00f3di\u00f3s labda a term\u00e9szetes tisztas\u00e1g \u00e9s a k\u00e9nyelem t\u00f6k\u00e9letes harm\u00f3ni\u00e1ja. A n\u00f6v\u00e9nyi szaponinokban gazdag mos\u00f3di\u00f3 gyeng\u00e9den, m\u00e9gis hat\u00e9konyan tiszt\u00edt, mik\u00f6zben k\u00edm\u00e9li a b\u0151rt \u00e9s a k\u00f6rnyezetet. Egy labda ak\u00e1r 5 mos\u00e1sra elegend\u0151, illatos kamill\u00e1val \u00e9s b\u0151rk\u00edm\u00e9l\u0151 mikrokult\u00far\u00e1val gazdag\u00edtva.<\/p>\n<p>Kiszerel\u00e9s: 1db<\/p>","protected":false},"featured_media":892,"comment_status":"open","ping_status":"closed","template":"","meta":[],"product_brand":[1397],"product_cat":[1461],"product_tag":[1620,1617,1626,1621,1467,1630,1629,1409,1613,1619,1625,1618,1624,1623,1502,1614,1413,1616,1590,1631,1622,1615,1627,1628],"class_list":{"0":"post-983","1":"product","2":"type-product","3":"status-publish","4":"has-post-thumbnail","6":"product_brand-herbow","7":"product_cat-mosodio","8":"product_tag-erzekeny-borueknek","9":"product_tag-oko-mososzer-alternativa","10":"product_tag-ujrahasznosithato","11":"product_tag-babaruhakhoz-ajanlott","12":"product_tag-biologiailag-lebomlo","13":"product_tag-fenntarthato-tisztitas","14":"product_tag-gazdasagos-mosasi-megoldas","15":"product_tag-herbow","16":"product_tag-herbow-mosodios-labda","17":"product_tag-hipoallergen-mosas","18":"product_tag-hulladekcsokkento-megoldas","19":"product_tag-illatmentes-mosas","20":"product_tag-kenyes-ruhakhoz","21":"product_tag-kimeletes-textilapolas","22":"product_tag-kornyezetbarat-mosas","23":"product_tag-mosodio","24":"product_tag-mosodios-labda","25":"product_tag-novenyi-alapu-tisztitas","26":"product_tag-szinkimelo-mosas","27":"product_tag-termeszetbarat-alternativa","28":"product_tag-termeszetes-folteltavolitas","29":"product_tag-termeszetes-mosas","30":"product_tag-vegyszermentes-mosas","31":"product_tag-zero-waste-mosas","33":"first","34":"instock","35":"taxable","36":"shipping-taxable","37":"product-type-simple"},"yoast_head":"<!-- This site is optimized with the Yoast SEO plugin v27.5 - https:\/\/yoast.com\/product\/yoast-seo-wordpress\/ -->\n<title>Herbow Mos\u00f3di\u00f3s Labda COLOR 1db \/ 5 mos\u00e1s - Herbow | International<\/title>\n<meta name=\"robots\" content=\"index, follow, max-snippet:-1, max-image-preview:large, max-video-preview:-1\" \/>\n<link rel=\"canonical\" href=\"https:\/\/herbow.eu\/es\/product\/herbow-mosodios-labda-color-1db-5-mosas\/\" \/>\n<meta property=\"og:locale\" content=\"es_ES\" \/>\n<meta property=\"og:type\" content=\"article\" \/>\n<meta property=\"og:title\" content=\"Herbow Mos\u00f3di\u00f3s Labda COLOR 1db \/ 5 mos\u00e1s - Herbow | International\" \/>\n<meta property=\"og:description\" content=\"A Herbow mos\u00f3di\u00f3s labda a term\u00e9szetes tisztas\u00e1g \u00e9s a k\u00e9nyelem t\u00f6k\u00e9letes harm\u00f3ni\u00e1ja. A n\u00f6v\u00e9nyi szaponinokban gazdag mos\u00f3di\u00f3 gyeng\u00e9den, m\u00e9gis hat\u00e9konyan tiszt\u00edt, mik\u00f6zben k\u00edm\u00e9li a b\u0151rt \u00e9s a k\u00f6rnyezetet. Egy labda ak\u00e1r 5 mos\u00e1sra elegend\u0151, illatos kamill\u00e1val \u00e9s b\u0151rk\u00edm\u00e9l\u0151 mikrokult\u00far\u00e1val gazdag\u00edtva.  Kiszerel\u00e9s: 1db\" \/>\n<meta property=\"og:url\" content=\"https:\/\/herbow.eu\/es\/product\/herbow-mosodios-labda-color-1db-5-mosas\/\" \/>\n<meta property=\"og:site_name\" content=\"Herbow | International\" \/>\n<meta property=\"article:publisher\" content=\"https:\/\/www.facebook.com\/herbowmosodioslabda\/\" \/>\n<meta property=\"article:modified_time\" content=\"2026-03-17T09:58:46+00:00\" \/>\n<meta property=\"og:image\" content=\"https:\/\/herbow.eu\/wp-content\/uploads\/2025\/08\/Herbow-_mosodio_egyes_redesign_v5.png\" \/>\n\t<meta property=\"og:image:width\" content=\"2000\" \/>\n\t<meta property=\"og:image:height\" content=\"2000\" \/>\n\t<meta property=\"og:image:type\" content=\"image\/png\" \/>\n<meta name=\"twitter:card\" content=\"summary_large_image\" \/>\n<meta name=\"twitter:label1\" content=\"Tiempo de lectura\" \/>\n\t<meta name=\"twitter:data1\" content=\"2 minutos\" \/>\n<script type=\"application\/ld+json\" class=\"yoast-schema-graph\">{\"@context\":\"https:\\\/\\\/schema.org\",\"@graph\":[{\"@type\":\"WebPage\",\"@id\":\"https:\\\/\\\/herbow.eu\\\/product\\\/herbow-mosodios-labda-color-1db-5-mosas\\\/\",\"url\":\"https:\\\/\\\/herbow.eu\\\/product\\\/herbow-mosodios-labda-color-1db-5-mosas\\\/\",\"name\":\"Herbow Mos\u00f3di\u00f3s Labda COLOR 1db \\\/ 5 mos\u00e1s - Herbow | International\",\"isPartOf\":{\"@id\":\"https:\\\/\\\/herbow.eu\\\/#website\"},\"primaryImageOfPage\":{\"@id\":\"https:\\\/\\\/herbow.eu\\\/product\\\/herbow-mosodios-labda-color-1db-5-mosas\\\/#primaryimage\"},\"image\":{\"@id\":\"https:\\\/\\\/herbow.eu\\\/product\\\/herbow-mosodios-labda-color-1db-5-mosas\\\/#primaryimage\"},\"thumbnailUrl\":\"https:\\\/\\\/herbow.eu\\\/wp-content\\\/uploads\\\/2025\\\/08\\\/Herbow-_mosodio_egyes_redesign_v5.png\",\"datePublished\":\"2025-08-18T09:05:48+00:00\",\"dateModified\":\"2026-03-17T09:58:46+00:00\",\"breadcrumb\":{\"@id\":\"https:\\\/\\\/herbow.eu\\\/product\\\/herbow-mosodios-labda-color-1db-5-mosas\\\/#breadcrumb\"},\"inLanguage\":\"es\",\"potentialAction\":[{\"@type\":\"ReadAction\",\"target\":[\"https:\\\/\\\/herbow.eu\\\/product\\\/herbow-mosodios-labda-color-1db-5-mosas\\\/\"]}]},{\"@type\":\"ImageObject\",\"inLanguage\":\"es\",\"@id\":\"https:\\\/\\\/herbow.eu\\\/product\\\/herbow-mosodios-labda-color-1db-5-mosas\\\/#primaryimage\",\"url\":\"https:\\\/\\\/herbow.eu\\\/wp-content\\\/uploads\\\/2025\\\/08\\\/Herbow-_mosodio_egyes_redesign_v5.png\",\"contentUrl\":\"https:\\\/\\\/herbow.eu\\\/wp-content\\\/uploads\\\/2025\\\/08\\\/Herbow-_mosodio_egyes_redesign_v5.png\",\"width\":2000,\"height\":2000},{\"@type\":\"BreadcrumbList\",\"@id\":\"https:\\\/\\\/herbow.eu\\\/product\\\/herbow-mosodios-labda-color-1db-5-mosas\\\/#breadcrumb\",\"itemListElement\":[{\"@type\":\"ListItem\",\"position\":1,\"name\":\"Kezd\u0151lap\",\"item\":\"https:\\\/\\\/herbow.eu\\\/\"},{\"@type\":\"ListItem\",\"position\":2,\"name\":\"Shop\",\"item\":\"https:\\\/\\\/herbow.eu\\\/shop\\\/\"},{\"@type\":\"ListItem\",\"position\":3,\"name\":\"Herbow Mos\u00f3di\u00f3s Labda COLOR 1db \\\/ 5 mos\u00e1s\"}]},{\"@type\":\"WebSite\",\"@id\":\"https:\\\/\\\/herbow.eu\\\/#website\",\"url\":\"https:\\\/\\\/herbow.eu\\\/\",\"name\":\"Herbow | Herbal Organic World\",\"description\":\"Herbal Organic World\",\"publisher\":{\"@id\":\"https:\\\/\\\/herbow.eu\\\/#organization\"},\"potentialAction\":[{\"@type\":\"SearchAction\",\"target\":{\"@type\":\"EntryPoint\",\"urlTemplate\":\"https:\\\/\\\/herbow.eu\\\/?s={search_term_string}\"},\"query-input\":{\"@type\":\"PropertyValueSpecification\",\"valueRequired\":true,\"valueName\":\"search_term_string\"}}],\"inLanguage\":\"es\"},{\"@type\":\"Organization\",\"@id\":\"https:\\\/\\\/herbow.eu\\\/#organization\",\"name\":\"Herbow International Zrt.\",\"url\":\"https:\\\/\\\/herbow.eu\\\/\",\"logo\":{\"@type\":\"ImageObject\",\"inLanguage\":\"es\",\"@id\":\"https:\\\/\\\/herbow.eu\\\/#\\\/schema\\\/logo\\\/image\\\/\",\"url\":\"https:\\\/\\\/herbow.eu\\\/wp-content\\\/uploads\\\/2025\\\/07\\\/herbow_logo_hun_2021-01_w-slogan_no-background.png\",\"contentUrl\":\"https:\\\/\\\/herbow.eu\\\/wp-content\\\/uploads\\\/2025\\\/07\\\/herbow_logo_hun_2021-01_w-slogan_no-background.png\",\"width\":2366,\"height\":1732,\"caption\":\"Herbow International Zrt.\"},\"image\":{\"@id\":\"https:\\\/\\\/herbow.eu\\\/#\\\/schema\\\/logo\\\/image\\\/\"},\"sameAs\":[\"https:\\\/\\\/www.facebook.com\\\/herbowmosodioslabda\\\/\",\"https:\\\/\\\/www.instagram.com\\\/herbowmosodioslabda\\\/\"]}]}<\/script>\n<!-- \/ Yoast SEO plugin. -->","yoast_head_json":{"title":"Herbow Mos\u00f3di\u00f3s Labda COLOR 1db \/ 5 mos\u00e1s - Herbow | International","robots":{"index":"index","follow":"follow","max-snippet":"max-snippet:-1","max-image-preview":"max-image-preview:large","max-video-preview":"max-video-preview:-1"},"canonical":"https:\/\/herbow.eu\/es\/product\/herbow-mosodios-labda-color-1db-5-mosas\/","og_locale":"es_ES","og_type":"article","og_title":"Herbow Mos\u00f3di\u00f3s Labda COLOR 1db \/ 5 mos\u00e1s - Herbow | International","og_description":"A Herbow mos\u00f3di\u00f3s labda a term\u00e9szetes tisztas\u00e1g \u00e9s a k\u00e9nyelem t\u00f6k\u00e9letes harm\u00f3ni\u00e1ja. A n\u00f6v\u00e9nyi szaponinokban gazdag mos\u00f3di\u00f3 gyeng\u00e9den, m\u00e9gis hat\u00e9konyan tiszt\u00edt, mik\u00f6zben k\u00edm\u00e9li a b\u0151rt \u00e9s a k\u00f6rnyezetet. Egy labda ak\u00e1r 5 mos\u00e1sra elegend\u0151, illatos kamill\u00e1val \u00e9s b\u0151rk\u00edm\u00e9l\u0151 mikrokult\u00far\u00e1val gazdag\u00edtva.  Kiszerel\u00e9s: 1db","og_url":"https:\/\/herbow.eu\/es\/product\/herbow-mosodios-labda-color-1db-5-mosas\/","og_site_name":"Herbow | International","article_publisher":"https:\/\/www.facebook.com\/herbowmosodioslabda\/","article_modified_time":"2026-03-17T09:58:46+00:00","og_image":[{"width":2000,"height":2000,"url":"https:\/\/herbow.eu\/wp-content\/uploads\/2025\/08\/Herbow-_mosodio_egyes_redesign_v5.png","type":"image\/png"}],"twitter_card":"summary_large_image","twitter_misc":{"Tiempo de lectura":"2 minutos"},"schema":{"@context":"https:\/\/schema.org","@graph":[{"@type":"WebPage","@id":"https:\/\/herbow.eu\/product\/herbow-mosodios-labda-color-1db-5-mosas\/","url":"https:\/\/herbow.eu\/product\/herbow-mosodios-labda-color-1db-5-mosas\/","name":"Herbow Mos\u00f3di\u00f3s Labda COLOR 1db \/ 5 mos\u00e1s - Herbow | International","isPartOf":{"@id":"https:\/\/herbow.eu\/#website"},"primaryImageOfPage":{"@id":"https:\/\/herbow.eu\/product\/herbow-mosodios-labda-color-1db-5-mosas\/#primaryimage"},"image":{"@id":"https:\/\/herbow.eu\/product\/herbow-mosodios-labda-color-1db-5-mosas\/#primaryimage"},"thumbnailUrl":"https:\/\/herbow.eu\/wp-content\/uploads\/2025\/08\/Herbow-_mosodio_egyes_redesign_v5.png","datePublished":"2025-08-18T09:05:48+00:00","dateModified":"2026-03-17T09:58:46+00:00","breadcrumb":{"@id":"https:\/\/herbow.eu\/product\/herbow-mosodios-labda-color-1db-5-mosas\/#breadcrumb"},"inLanguage":"es","potentialAction":[{"@type":"ReadAction","target":["https:\/\/herbow.eu\/product\/herbow-mosodios-labda-color-1db-5-mosas\/"]}]},{"@type":"ImageObject","inLanguage":"es","@id":"https:\/\/herbow.eu\/product\/herbow-mosodios-labda-color-1db-5-mosas\/#primaryimage","url":"https:\/\/herbow.eu\/wp-content\/uploads\/2025\/08\/Herbow-_mosodio_egyes_redesign_v5.png","contentUrl":"https:\/\/herbow.eu\/wp-content\/uploads\/2025\/08\/Herbow-_mosodio_egyes_redesign_v5.png","width":2000,"height":2000},{"@type":"BreadcrumbList","@id":"https:\/\/herbow.eu\/product\/herbow-mosodios-labda-color-1db-5-mosas\/#breadcrumb","itemListElement":[{"@type":"ListItem","position":1,"name":"Kezd\u0151lap","item":"https:\/\/herbow.eu\/"},{"@type":"ListItem","position":2,"name":"Shop","item":"https:\/\/herbow.eu\/shop\/"},{"@type":"ListItem","position":3,"name":"Herbow Mos\u00f3di\u00f3s Labda COLOR 1db \/ 5 mos\u00e1s"}]},{"@type":"WebSite","@id":"https:\/\/herbow.eu\/#website","url":"https:\/\/herbow.eu\/","name":"Herbow | Herbal Organic World","description":"Herbal Organic World","publisher":{"@id":"https:\/\/herbow.eu\/#organization"},"potentialAction":[{"@type":"SearchAction","target":{"@type":"EntryPoint","urlTemplate":"https:\/\/herbow.eu\/?s={search_term_string}"},"query-input":{"@type":"PropertyValueSpecification","valueRequired":true,"valueName":"search_term_string"}}],"inLanguage":"es"},{"@type":"Organization","@id":"https:\/\/herbow.eu\/#organization","name":"Herbow International Zrt.","url":"https:\/\/herbow.eu\/","logo":{"@type":"ImageObject","inLanguage":"es","@id":"https:\/\/herbow.eu\/#\/schema\/logo\/image\/","url":"https:\/\/herbow.eu\/wp-content\/uploads\/2025\/07\/herbow_logo_hun_2021-01_w-slogan_no-background.png","contentUrl":"https:\/\/herbow.eu\/wp-content\/uploads\/2025\/07\/herbow_logo_hun_2021-01_w-slogan_no-background.png","width":2366,"height":1732,"caption":"Herbow International Zrt."},"image":{"@id":"https:\/\/herbow.eu\/#\/schema\/logo\/image\/"},"sameAs":["https:\/\/www.facebook.com\/herbowmosodioslabda\/","https:\/\/www.instagram.com\/herbowmosodioslabda\/"]}]}},"jetpack_likes_enabled":true,"jetpack_sharing_enabled":true,"_links":{"self":[{"href":"https:\/\/herbow.eu\/es\/wp-json\/wp\/v2\/product\/983","targetHints":{"allow":["GET"]}}],"collection":[{"href":"https:\/\/herbow.eu\/es\/wp-json\/wp\/v2\/product"}],"about":[{"href":"https:\/\/herbow.eu\/es\/wp-json\/wp\/v2\/types\/product"}],"replies":[{"embeddable":true,"href":"https:\/\/herbow.eu\/es\/wp-json\/wp\/v2\/comments?post=983"}],"wp:featuredmedia":[{"embeddable":true,"href":"https:\/\/herbow.eu\/es\/wp-json\/wp\/v2\/media\/892"}],"wp:attachment":[{"href":"https:\/\/herbow.eu\/es\/wp-json\/wp\/v2\/media?parent=983"}],"wp:term":[{"taxonomy":"product_brand","embeddable":true,"href":"https:\/\/herbow.eu\/es\/wp-json\/wp\/v2\/product_brand?post=983"},{"taxonomy":"product_cat","embeddable":true,"href":"https:\/\/herbow.eu\/es\/wp-json\/wp\/v2\/product_cat?post=983"},{"taxonomy":"product_tag","embeddable":true,"href":"https:\/\/herbow.eu\/es\/wp-json\/wp\/v2\/product_tag?post=983"}],"curies":[{"name":"wp","href":"https:\/\/api.w.org\/{rel}","templated":true}]}}