{"id":1040,"date":"2025-08-18T11:05:59","date_gmt":"2025-08-18T09:05:59","guid":{"rendered":"https:\/\/herbow.eu\/product\/herbow-bambino-folyekony-mososzer-koncentratum-univerzalis-illat-es-allergenmentes\/"},"modified":"2026-03-17T10:58:04","modified_gmt":"2026-03-17T09:58:04","slug":"herbow-bambino-lavadora-de-conos-de-liquido-concentrado","status":"publish","type":"product","link":"https:\/\/herbow.eu\/es\/product\/herbow-bambino-folyekony-mososzer-koncentratum\/","title":{"rendered":"Herbow Bambino Detergente l\u00edquido concentrado universal sin perfume ni al\u00e9rgenos 1000ml"},"content":{"rendered":"<p>Herbow Bambino Detergente L\u00edquido Concentrado para la Ropa Sin Perfume y Sin Al\u00e9rgenos se centra en la limpieza natural y la protecci\u00f3n de la piel. Contiene un suave proceso de extracci\u00f3n de extracto de Nueces de Lavado que, gracias a su contenido en saponinas naturales, disuelve eficazmente la suciedad al tiempo que es suave con la piel y los tejidos. Las bioenzimas y los tensioactivos de origen vegetal ayudan a eliminar las manchas cotidianas incluso a bajas temperaturas, dejando la ropa limpia, suave y fresca, todo ello sin fragancias artificiales. Muy recomendado para beb\u00e9s, ni\u00f1os y adultos con piel sensible. No contiene colorantes artificiales, fragancias, blanqueadores \u00f3pticos, cloro ni fosfatos, por lo que es una opci\u00f3n segura incluso para las pieles m\u00e1s sensibles. Es ideal tanto para ropa de color como blanca, para todo tipo de lavadoras y lavados a mano. F\u00f3rmula vegana, biodegradable y ecol\u00f3gica que proporciona limpieza con la sencillez de la naturaleza.<\/p>\n<p>Capacidad: 1000 ml = suficiente para unos 40 lavados<\/p>\n<p>Para el aclarado, utilice Herbow Bambino Concentrado sin perfume y sin al\u00e9rgenos.<\/p>","protected":false},"excerpt":{"rendered":"<p>A <strong>Herbow Bambino Detergente l\u00edquido para la ropa sin perfume y sin al\u00e9rgenos<\/strong> es la soluci\u00f3n m\u00e1s suave para proteger la piel sensible. Con extracto natural de nuez de lavado y bioenzimas, limpia eficazmente la ropa incluso a bajas temperaturas, sin fragancias y con una sensaci\u00f3n natural de limpieza.<\/p>\n<p>Capacidad: 1000 ml<\/p>","protected":false},"featured_media":896,"comment_status":"open","ping_status":"closed","template":"","meta":[],"product_brand":[1397],"product_cat":[1408],"product_tag":[1431,1527,1517,1531,1521,1529,1518,1522,1515,1516,1514,1513,1523,1524,1519,1532,1409,1512,1430,1520,1502,1530,1441,1525,1526,1445,1528],"class_list":{"0":"post-1040","1":"product","2":"type-product","3":"status-publish","4":"has-post-thumbnail","6":"product_brand-herbow","7":"product_cat-herbow-baby-bambino-termekcsalad","8":"product_tag-allergenmentes","9":"product_tag-allatkiserletmentes","10":"product_tag-erzekeny-borre","11":"product_tag-erzekeny-textiliakhoz","12":"product_tag-oko-haztartas","13":"product_tag-okocimkes-termek","14":"product_tag-ujszulott-borere","15":"product_tag-bababarat-tisztitas","16":"product_tag-babamosas","17":"product_tag-babaruhakhoz","18":"product_tag-babatermek","19":"product_tag-bambino","20":"product_tag-biztonsagos-osszetevok","21":"product_tag-borbarat-formula","22":"product_tag-dermatologiailag-tesztelt","23":"product_tag-feher-es-szines-ruhakhoz","24":"product_tag-herbow","25":"product_tag-herbow-bambino","26":"product_tag-hipoallergen","27":"product_tag-illatmentes-termek","28":"product_tag-kornyezetbarat-mosas","29":"product_tag-koncentratum","30":"product_tag-novenyi-alapu","31":"product_tag-parabenmentes","32":"product_tag-szinezekmentes","33":"product_tag-termeszetes-osszetevok","34":"product_tag-vegan","36":"first","37":"instock","38":"taxable","39":"shipping-taxable","40":"product-type-simple"},"yoast_head":"<!-- This site is optimized with the Yoast SEO plugin v27.5 - https:\/\/yoast.com\/product\/yoast-seo-wordpress\/ -->\n<title>Herbow Bambino Foly\u00e9kony mos\u00f3szer koncentr\u00e1tum univerz\u00e1lis illat- \u00e9s allerg\u00e9nmentes 1000ml - Herbow | International<\/title>\n<meta name=\"description\" content=\"A Herbow Bambino Illat- \u00e9s Allerg\u00e9nmentes foly\u00e9kony mos\u00f3szer a leggyeng\u00e9debb megold\u00e1s az \u00e9rz\u00e9keny b\u0151r v\u00e9delm\u00e9re.Term\u00e9szetes mos\u00f3di\u00f3-kivonattal \u00e9s bioenzimekkel hat\u00e9konyan tiszt\u00edtja a ruh\u00e1kat m\u00e1r alacsony h\u0151fokon is, illatanyagok n\u00e9lk\u00fcl, a tisztas\u00e1g term\u00e9szetes \u00e9rz\u00e9s\u00e9vel.\" \/>\n<meta name=\"robots\" content=\"index, follow, max-snippet:-1, max-image-preview:large, max-video-preview:-1\" \/>\n<link rel=\"canonical\" href=\"https:\/\/herbow.eu\/es\/product\/herbow-bambino-lavadora-de-conos-de-liquido-concentrado\/\" \/>\n<meta property=\"og:locale\" content=\"es_ES\" \/>\n<meta property=\"og:type\" content=\"article\" \/>\n<meta property=\"og:title\" content=\"Herbow Bambino Foly\u00e9kony mos\u00f3szer koncentr\u00e1tum univerz\u00e1lis illat- \u00e9s allerg\u00e9nmentes 1000ml - Herbow | International\" \/>\n<meta property=\"og:description\" content=\"A Herbow Bambino Illat- \u00e9s Allerg\u00e9nmentes foly\u00e9kony mos\u00f3szer a leggyeng\u00e9debb megold\u00e1s az \u00e9rz\u00e9keny b\u0151r v\u00e9delm\u00e9re.Term\u00e9szetes mos\u00f3di\u00f3-kivonattal \u00e9s bioenzimekkel hat\u00e9konyan tiszt\u00edtja a ruh\u00e1kat m\u00e1r alacsony h\u0151fokon is, illatanyagok n\u00e9lk\u00fcl, a tisztas\u00e1g term\u00e9szetes \u00e9rz\u00e9s\u00e9vel.\" \/>\n<meta property=\"og:url\" content=\"https:\/\/herbow.eu\/es\/product\/herbow-bambino-lavadora-de-conos-de-liquido-concentrado\/\" \/>\n<meta property=\"og:site_name\" content=\"Herbow | International\" \/>\n<meta property=\"article:publisher\" content=\"https:\/\/www.facebook.com\/herbowmosodioslabda\/\" \/>\n<meta property=\"article:modified_time\" content=\"2026-03-17T09:58:04+00:00\" \/>\n<meta property=\"og:image\" content=\"https:\/\/herbow.eu\/wp-content\/uploads\/2025\/08\/Herbow-bambino_14042_folyekony_mososzer_1000ml_245x156mm_illatmentes_v11_redesign2024.png\" \/>\n\t<meta property=\"og:image:width\" content=\"2000\" \/>\n\t<meta property=\"og:image:height\" content=\"2000\" \/>\n\t<meta property=\"og:image:type\" content=\"image\/png\" \/>\n<meta name=\"twitter:card\" content=\"summary_large_image\" \/>\n<meta name=\"twitter:label1\" content=\"Tiempo de lectura\" \/>\n\t<meta name=\"twitter:data1\" content=\"1 minuto\" \/>\n<script type=\"application\/ld+json\" class=\"yoast-schema-graph\">{\"@context\":\"https:\\\/\\\/schema.org\",\"@graph\":[{\"@type\":\"WebPage\",\"@id\":\"https:\\\/\\\/herbow.eu\\\/product\\\/herbow-bambino-folyekony-mososzer-koncentratum\\\/\",\"url\":\"https:\\\/\\\/herbow.eu\\\/product\\\/herbow-bambino-folyekony-mososzer-koncentratum\\\/\",\"name\":\"Herbow Bambino Foly\u00e9kony mos\u00f3szer koncentr\u00e1tum univerz\u00e1lis illat- \u00e9s allerg\u00e9nmentes 1000ml - Herbow | International\",\"isPartOf\":{\"@id\":\"https:\\\/\\\/herbow.eu\\\/#website\"},\"primaryImageOfPage\":{\"@id\":\"https:\\\/\\\/herbow.eu\\\/product\\\/herbow-bambino-folyekony-mososzer-koncentratum\\\/#primaryimage\"},\"image\":{\"@id\":\"https:\\\/\\\/herbow.eu\\\/product\\\/herbow-bambino-folyekony-mososzer-koncentratum\\\/#primaryimage\"},\"thumbnailUrl\":\"https:\\\/\\\/herbow.eu\\\/wp-content\\\/uploads\\\/2025\\\/08\\\/Herbow-bambino_14042_folyekony_mososzer_1000ml_245x156mm_illatmentes_v11_redesign2024.png\",\"datePublished\":\"2025-08-18T09:05:59+00:00\",\"dateModified\":\"2026-03-17T09:58:04+00:00\",\"description\":\"A Herbow Bambino Illat- \u00e9s Allerg\u00e9nmentes foly\u00e9kony mos\u00f3szer a leggyeng\u00e9debb megold\u00e1s az \u00e9rz\u00e9keny b\u0151r v\u00e9delm\u00e9re.Term\u00e9szetes mos\u00f3di\u00f3-kivonattal \u00e9s bioenzimekkel hat\u00e9konyan tiszt\u00edtja a ruh\u00e1kat m\u00e1r alacsony h\u0151fokon is, illatanyagok n\u00e9lk\u00fcl, a tisztas\u00e1g term\u00e9szetes \u00e9rz\u00e9s\u00e9vel.\",\"breadcrumb\":{\"@id\":\"https:\\\/\\\/herbow.eu\\\/product\\\/herbow-bambino-folyekony-mososzer-koncentratum\\\/#breadcrumb\"},\"inLanguage\":\"es\",\"potentialAction\":[{\"@type\":\"ReadAction\",\"target\":[\"https:\\\/\\\/herbow.eu\\\/product\\\/herbow-bambino-folyekony-mososzer-koncentratum\\\/\"]}]},{\"@type\":\"ImageObject\",\"inLanguage\":\"es\",\"@id\":\"https:\\\/\\\/herbow.eu\\\/product\\\/herbow-bambino-folyekony-mososzer-koncentratum\\\/#primaryimage\",\"url\":\"https:\\\/\\\/herbow.eu\\\/wp-content\\\/uploads\\\/2025\\\/08\\\/Herbow-bambino_14042_folyekony_mososzer_1000ml_245x156mm_illatmentes_v11_redesign2024.png\",\"contentUrl\":\"https:\\\/\\\/herbow.eu\\\/wp-content\\\/uploads\\\/2025\\\/08\\\/Herbow-bambino_14042_folyekony_mososzer_1000ml_245x156mm_illatmentes_v11_redesign2024.png\",\"width\":2000,\"height\":2000},{\"@type\":\"BreadcrumbList\",\"@id\":\"https:\\\/\\\/herbow.eu\\\/product\\\/herbow-bambino-folyekony-mososzer-koncentratum\\\/#breadcrumb\",\"itemListElement\":[{\"@type\":\"ListItem\",\"position\":1,\"name\":\"Kezd\u0151lap\",\"item\":\"https:\\\/\\\/herbow.eu\\\/\"},{\"@type\":\"ListItem\",\"position\":2,\"name\":\"Shop\",\"item\":\"https:\\\/\\\/herbow.eu\\\/shop\\\/\"},{\"@type\":\"ListItem\",\"position\":3,\"name\":\"Herbow Bambino Foly\u00e9kony mos\u00f3szer koncentr\u00e1tum univerz\u00e1lis illat- \u00e9s allerg\u00e9nmentes 1000ml\"}]},{\"@type\":\"WebSite\",\"@id\":\"https:\\\/\\\/herbow.eu\\\/#website\",\"url\":\"https:\\\/\\\/herbow.eu\\\/\",\"name\":\"Herbow | Herbal Organic World\",\"description\":\"Herbal Organic World\",\"publisher\":{\"@id\":\"https:\\\/\\\/herbow.eu\\\/#organization\"},\"potentialAction\":[{\"@type\":\"SearchAction\",\"target\":{\"@type\":\"EntryPoint\",\"urlTemplate\":\"https:\\\/\\\/herbow.eu\\\/?s={search_term_string}\"},\"query-input\":{\"@type\":\"PropertyValueSpecification\",\"valueRequired\":true,\"valueName\":\"search_term_string\"}}],\"inLanguage\":\"es\"},{\"@type\":\"Organization\",\"@id\":\"https:\\\/\\\/herbow.eu\\\/#organization\",\"name\":\"Herbow International Zrt.\",\"url\":\"https:\\\/\\\/herbow.eu\\\/\",\"logo\":{\"@type\":\"ImageObject\",\"inLanguage\":\"es\",\"@id\":\"https:\\\/\\\/herbow.eu\\\/#\\\/schema\\\/logo\\\/image\\\/\",\"url\":\"https:\\\/\\\/herbow.eu\\\/wp-content\\\/uploads\\\/2025\\\/07\\\/herbow_logo_hun_2021-01_w-slogan_no-background.png\",\"contentUrl\":\"https:\\\/\\\/herbow.eu\\\/wp-content\\\/uploads\\\/2025\\\/07\\\/herbow_logo_hun_2021-01_w-slogan_no-background.png\",\"width\":2366,\"height\":1732,\"caption\":\"Herbow International Zrt.\"},\"image\":{\"@id\":\"https:\\\/\\\/herbow.eu\\\/#\\\/schema\\\/logo\\\/image\\\/\"},\"sameAs\":[\"https:\\\/\\\/www.facebook.com\\\/herbowmosodioslabda\\\/\",\"https:\\\/\\\/www.instagram.com\\\/herbowmosodioslabda\\\/\"]}]}<\/script>\n<!-- \/ Yoast SEO plugin. -->","yoast_head_json":{"title":"Herbow Bambino Detergente l\u00edquido concentrado universal sin perfume y sin al\u00e9rgenos 1000ml - Herbow | Espa\u00f1a","description":"El detergente l\u00edquido Herbow Bambino sin perfume ni al\u00e9rgenos es la soluci\u00f3n m\u00e1s suave para proteger la piel sensible.Con extracto de detergente natural y bioenzimas, limpia eficazmente la ropa incluso a bajas temperaturas, sin fragancias, con una sensaci\u00f3n natural de limpieza.","robots":{"index":"index","follow":"follow","max-snippet":"max-snippet:-1","max-image-preview":"max-image-preview:large","max-video-preview":"max-video-preview:-1"},"canonical":"https:\/\/herbow.eu\/es\/product\/herbow-bambino-lavadora-de-conos-de-liquido-concentrado\/","og_locale":"es_ES","og_type":"article","og_title":"Herbow Bambino Foly\u00e9kony mos\u00f3szer koncentr\u00e1tum univerz\u00e1lis illat- \u00e9s allerg\u00e9nmentes 1000ml - Herbow | International","og_description":"A Herbow Bambino Illat- \u00e9s Allerg\u00e9nmentes foly\u00e9kony mos\u00f3szer a leggyeng\u00e9debb megold\u00e1s az \u00e9rz\u00e9keny b\u0151r v\u00e9delm\u00e9re.Term\u00e9szetes mos\u00f3di\u00f3-kivonattal \u00e9s bioenzimekkel hat\u00e9konyan tiszt\u00edtja a ruh\u00e1kat m\u00e1r alacsony h\u0151fokon is, illatanyagok n\u00e9lk\u00fcl, a tisztas\u00e1g term\u00e9szetes \u00e9rz\u00e9s\u00e9vel.","og_url":"https:\/\/herbow.eu\/es\/product\/herbow-bambino-lavadora-de-conos-de-liquido-concentrado\/","og_site_name":"Herbow | International","article_publisher":"https:\/\/www.facebook.com\/herbowmosodioslabda\/","article_modified_time":"2026-03-17T09:58:04+00:00","og_image":[{"width":2000,"height":2000,"url":"https:\/\/herbow.eu\/wp-content\/uploads\/2025\/08\/Herbow-bambino_14042_folyekony_mososzer_1000ml_245x156mm_illatmentes_v11_redesign2024.png","type":"image\/png"}],"twitter_card":"summary_large_image","twitter_misc":{"Tiempo de lectura":"1 minuto"},"schema":{"@context":"https:\/\/schema.org","@graph":[{"@type":"WebPage","@id":"https:\/\/herbow.eu\/product\/herbow-bambino-folyekony-mososzer-koncentratum\/","url":"https:\/\/herbow.eu\/product\/herbow-bambino-folyekony-mososzer-koncentratum\/","name":"Herbow Bambino Detergente l\u00edquido concentrado universal sin perfume y sin al\u00e9rgenos 1000ml - Herbow | Espa\u00f1a","isPartOf":{"@id":"https:\/\/herbow.eu\/#website"},"primaryImageOfPage":{"@id":"https:\/\/herbow.eu\/product\/herbow-bambino-folyekony-mososzer-koncentratum\/#primaryimage"},"image":{"@id":"https:\/\/herbow.eu\/product\/herbow-bambino-folyekony-mososzer-koncentratum\/#primaryimage"},"thumbnailUrl":"https:\/\/herbow.eu\/wp-content\/uploads\/2025\/08\/Herbow-bambino_14042_folyekony_mososzer_1000ml_245x156mm_illatmentes_v11_redesign2024.png","datePublished":"2025-08-18T09:05:59+00:00","dateModified":"2026-03-17T09:58:04+00:00","description":"El detergente l\u00edquido Herbow Bambino sin perfume ni al\u00e9rgenos es la soluci\u00f3n m\u00e1s suave para proteger la piel sensible.Con extracto de detergente natural y bioenzimas, limpia eficazmente la ropa incluso a bajas temperaturas, sin fragancias, con una sensaci\u00f3n natural de limpieza.","breadcrumb":{"@id":"https:\/\/herbow.eu\/product\/herbow-bambino-folyekony-mososzer-koncentratum\/#breadcrumb"},"inLanguage":"es","potentialAction":[{"@type":"ReadAction","target":["https:\/\/herbow.eu\/product\/herbow-bambino-folyekony-mososzer-koncentratum\/"]}]},{"@type":"ImageObject","inLanguage":"es","@id":"https:\/\/herbow.eu\/product\/herbow-bambino-folyekony-mososzer-koncentratum\/#primaryimage","url":"https:\/\/herbow.eu\/wp-content\/uploads\/2025\/08\/Herbow-bambino_14042_folyekony_mososzer_1000ml_245x156mm_illatmentes_v11_redesign2024.png","contentUrl":"https:\/\/herbow.eu\/wp-content\/uploads\/2025\/08\/Herbow-bambino_14042_folyekony_mososzer_1000ml_245x156mm_illatmentes_v11_redesign2024.png","width":2000,"height":2000},{"@type":"BreadcrumbList","@id":"https:\/\/herbow.eu\/product\/herbow-bambino-folyekony-mososzer-koncentratum\/#breadcrumb","itemListElement":[{"@type":"ListItem","position":1,"name":"Kezd\u0151lap","item":"https:\/\/herbow.eu\/"},{"@type":"ListItem","position":2,"name":"Shop","item":"https:\/\/herbow.eu\/shop\/"},{"@type":"ListItem","position":3,"name":"Herbow Bambino Foly\u00e9kony mos\u00f3szer koncentr\u00e1tum univerz\u00e1lis illat- \u00e9s allerg\u00e9nmentes 1000ml"}]},{"@type":"WebSite","@id":"https:\/\/herbow.eu\/#website","url":"https:\/\/herbow.eu\/","name":"Herbow | Herbal Organic World","description":"Herbal Organic World","publisher":{"@id":"https:\/\/herbow.eu\/#organization"},"potentialAction":[{"@type":"SearchAction","target":{"@type":"EntryPoint","urlTemplate":"https:\/\/herbow.eu\/?s={search_term_string}"},"query-input":{"@type":"PropertyValueSpecification","valueRequired":true,"valueName":"search_term_string"}}],"inLanguage":"es"},{"@type":"Organization","@id":"https:\/\/herbow.eu\/#organization","name":"Herbow International Zrt.","url":"https:\/\/herbow.eu\/","logo":{"@type":"ImageObject","inLanguage":"es","@id":"https:\/\/herbow.eu\/#\/schema\/logo\/image\/","url":"https:\/\/herbow.eu\/wp-content\/uploads\/2025\/07\/herbow_logo_hun_2021-01_w-slogan_no-background.png","contentUrl":"https:\/\/herbow.eu\/wp-content\/uploads\/2025\/07\/herbow_logo_hun_2021-01_w-slogan_no-background.png","width":2366,"height":1732,"caption":"Herbow International Zrt."},"image":{"@id":"https:\/\/herbow.eu\/#\/schema\/logo\/image\/"},"sameAs":["https:\/\/www.facebook.com\/herbowmosodioslabda\/","https:\/\/www.instagram.com\/herbowmosodioslabda\/"]}]}},"jetpack_likes_enabled":true,"jetpack_sharing_enabled":true,"_links":{"self":[{"href":"https:\/\/herbow.eu\/es\/wp-json\/wp\/v2\/product\/1040","targetHints":{"allow":["GET"]}}],"collection":[{"href":"https:\/\/herbow.eu\/es\/wp-json\/wp\/v2\/product"}],"about":[{"href":"https:\/\/herbow.eu\/es\/wp-json\/wp\/v2\/types\/product"}],"replies":[{"embeddable":true,"href":"https:\/\/herbow.eu\/es\/wp-json\/wp\/v2\/comments?post=1040"}],"wp:featuredmedia":[{"embeddable":true,"href":"https:\/\/herbow.eu\/es\/wp-json\/wp\/v2\/media\/896"}],"wp:attachment":[{"href":"https:\/\/herbow.eu\/es\/wp-json\/wp\/v2\/media?parent=1040"}],"wp:term":[{"taxonomy":"product_brand","embeddable":true,"href":"https:\/\/herbow.eu\/es\/wp-json\/wp\/v2\/product_brand?post=1040"},{"taxonomy":"product_cat","embeddable":true,"href":"https:\/\/herbow.eu\/es\/wp-json\/wp\/v2\/product_cat?post=1040"},{"taxonomy":"product_tag","embeddable":true,"href":"https:\/\/herbow.eu\/es\/wp-json\/wp\/v2\/product_tag?post=1040"}],"curies":[{"name":"wp","href":"https:\/\/api.w.org\/{rel}","templated":true}]}}