{"id":1026,"date":"2025-08-18T11:05:56","date_gmt":"2025-08-18T09:05:56","guid":{"rendered":"https:\/\/herbow.eu\/product\/herbow-gepi-mosogatoszer-orange-illattal-750ml\/"},"modified":"2026-03-17T10:58:20","modified_gmt":"2026-03-17T09:58:20","slug":"herbow-gepi-mosogatoszer-orange-illattal","status":"publish","type":"product","link":"https:\/\/herbow.eu\/es\/product\/herbow-gepi-mosogatoszer-orange-illattal\/","title":{"rendered":"Herbow Lavavajillas L\u00edquido Super Concentrado Naranja 750 ml"},"content":{"rendered":"<p>A Herbow G\u00e9pi Mosogat\u00f3szer Narancs illattal egy pr\u00e9mium, szuper koncentr\u00e1lt formula, amely mos\u00f3di\u00f3-extraktum \u00e9s n\u00f6v\u00e9nyi enzimek kombin\u00e1ci\u00f3j\u00e1val biztos\u00edt kiv\u00e1l\u00f3 zs\u00edrold\u00f3 \u00e9s tiszt\u00edt\u00f3 hat\u00e1st. F\u00e9kezett habz\u00e1s\u00fa \u00f6sszet\u00e9tele minden v\u00edzkem\u00e9nys\u00e9ghez alkalmazkodik, \u00edgy v\u00edzl\u00e1gy\u00edt\u00f3val rendelkez\u0151 g\u00e9pekhez is biztons\u00e1gosan haszn\u00e1lhat\u00f3. A formula gyorsan old\u00f3dik, m\u00e1r a mosogat\u00e1si ciklus elej\u00e9n kifejti hat\u00e1s\u00e1t, \u00e9s nem hagy nyomot az ed\u00e9nyeken vagy a g\u00e9p belsej\u00e9ben. Term\u00e9szetes eredet\u0171 \u00f6sszetev\u0151i k\u00edm\u00e9letesek, m\u00e9gis hat\u00e9konyan elt\u00e1vol\u00edtj\u00e1k az \u00e9telmaradv\u00e1nyokat \u00e9s a zs\u00edros szennyez\u0151d\u00e9seket.<\/p>\n<p>A narancs friss, enyh\u00e9n citrusos illata tisztas\u00e1g\u00e9rzetet ad, an\u00e9lk\u00fcl hogy t\u00fal er\u0151s lenne. A Herbow mosogat\u00f3szerek foszf\u00e1t-, EDTA- \u00e9s kl\u00f3rmentesek, nem tartalmaznak mesters\u00e9ges sz\u00ednez\u00e9ket, \u00e9s biol\u00f3giailag lebomlanak. Veg\u00e1n formula, amely kompromisszummentes tisztas\u00e1got k\u00edn\u00e1l a k\u00f6rnyezet meg\u00f3v\u00e1s\u00e1val. A pr\u00e9mium habadagol\u00f3s csomagol\u00e1s megk\u00f6nny\u00edti a pontos adagol\u00e1st \u00e9s a gazdas\u00e1gos haszn\u00e1latot.<\/p>\n<p>Dosis recomendada:<\/p>\n<ul>\n<li>La dosis recomendada para todos los tipos de lavavajillas (incluidos los de 9-12-15 cubiertos con descalcificador) es de 10-20 ml, dependiendo del nivel de suciedad.<\/li>\n<li>No a\u00f1ada m\u00e1s de la cantidad prescrita, ya que una sobredosis de descalcificador dom\u00e9stico puede provocar erupciones cut\u00e1neas\u00a1 Para obtener un buen resultado de limpieza, compruebe que el lavavajillas est\u00e1 lleno de detergente lavavajillas.<\/li>\n<li>Cuando se utiliza Herbow Super Concentrado Detergente Lavavajillas Super Concentrado, no es necesaria la sal regeneradora.<\/li>\n<\/ul>\n<p>Consejo: se recomienda limpiar regularmente el lavavajillas una vez al mes para mantener su eficacia a largo plazo.<\/p>","protected":false},"excerpt":{"rendered":"<p>Term\u00e9szetes mos\u00f3di\u00f3-extraktummal \u00e9s n\u00f6v\u00e9nyi enzimekkel k\u00e9sz\u00fclt g\u00e9pi mosogat\u00f3szer, amely hat\u00e9konyan t\u00e1vol\u00edtja el a zs\u00edros \u00e9s makacs szennyez\u0151d\u00e9seket, mik\u00f6zben k\u00edm\u00e9li a mosogat\u00f3g\u00e9pet \u00e9s a k\u00f6rnyezetet.<\/p>\n<p>Kiszerel\u00e9s: 750ml<\/p>","protected":false},"featured_media":867,"comment_status":"open","ping_status":"closed","template":"","meta":[],"product_brand":[1397],"product_cat":[1490,1400],"product_tag":[],"class_list":{"0":"post-1026","1":"product","2":"type-product","3":"status-publish","4":"has-post-thumbnail","6":"product_brand-herbow","7":"product_cat-gepi-mosogatoszer","8":"product_cat-folyekony-mosogatoszer","10":"first","11":"instock","12":"taxable","13":"shipping-taxable","14":"product-type-simple"},"yoast_head":"<!-- This site is optimized with the Yoast SEO plugin v27.4 - https:\/\/yoast.com\/product\/yoast-seo-wordpress\/ -->\n<title>Herbow G\u00e9pi Mosogat\u00f3szer Szuper Koncentr\u00e1tum Narancs illattal 750 ml - Herbow | International<\/title>\n<meta name=\"description\" content=\"Term\u00e9szetes mos\u00f3di\u00f3-extraktummal \u00e9s n\u00f6v\u00e9nyi enzimekkel k\u00e9sz\u00fclt g\u00e9pi mosogat\u00f3szer, amely hat\u00e9konyan t\u00e1vol\u00edtja el a zs\u00edros \u00e9s makacs szennyez\u0151d\u00e9seket, mik\u00f6zben k\u00edm\u00e9li a mosogat\u00f3g\u00e9pet \u00e9s a k\u00f6rnyezetet.\" \/>\n<meta name=\"robots\" content=\"index, follow, max-snippet:-1, max-image-preview:large, max-video-preview:-1\" \/>\n<link rel=\"canonical\" href=\"https:\/\/herbow.eu\/es\/product\/herbow-gepi-mosogatoszer-orange-illattal\/\" \/>\n<meta property=\"og:locale\" content=\"es_ES\" \/>\n<meta property=\"og:type\" content=\"article\" \/>\n<meta property=\"og:title\" content=\"Herbow G\u00e9pi Mosogat\u00f3szer Szuper Koncentr\u00e1tum Narancs illattal 750 ml - Herbow | International\" \/>\n<meta property=\"og:description\" content=\"Term\u00e9szetes mos\u00f3di\u00f3-extraktummal \u00e9s n\u00f6v\u00e9nyi enzimekkel k\u00e9sz\u00fclt g\u00e9pi mosogat\u00f3szer, amely hat\u00e9konyan t\u00e1vol\u00edtja el a zs\u00edros \u00e9s makacs szennyez\u0151d\u00e9seket, mik\u00f6zben k\u00edm\u00e9li a mosogat\u00f3g\u00e9pet \u00e9s a k\u00f6rnyezetet.\" \/>\n<meta property=\"og:url\" content=\"https:\/\/herbow.eu\/es\/product\/herbow-gepi-mosogatoszer-orange-illattal\/\" \/>\n<meta property=\"og:site_name\" content=\"Herbow | International\" \/>\n<meta property=\"article:publisher\" content=\"https:\/\/www.facebook.com\/herbowmosodioslabda\/\" \/>\n<meta property=\"article:modified_time\" content=\"2026-03-17T09:58:20+00:00\" \/>\n<meta property=\"og:image\" content=\"https:\/\/herbow.eu\/wp-content\/uploads\/2025\/08\/herbow_gepi_mosogatoszer_750ml_120x240_v8_redesign_uj_narancs_illat.png\" \/>\n\t<meta property=\"og:image:width\" content=\"2000\" \/>\n\t<meta property=\"og:image:height\" content=\"2000\" \/>\n\t<meta property=\"og:image:type\" content=\"image\/png\" \/>\n<meta name=\"twitter:card\" content=\"summary_large_image\" \/>\n<meta name=\"twitter:label1\" content=\"Tiempo de lectura\" \/>\n\t<meta name=\"twitter:data1\" content=\"2 minutos\" \/>\n<script type=\"application\/ld+json\" class=\"yoast-schema-graph\">{\"@context\":\"https:\\\/\\\/schema.org\",\"@graph\":[{\"@type\":\"WebPage\",\"@id\":\"https:\\\/\\\/herbow.eu\\\/product\\\/herbow-gepi-mosogatoszer-orange-illattal\\\/\",\"url\":\"https:\\\/\\\/herbow.eu\\\/product\\\/herbow-gepi-mosogatoszer-orange-illattal\\\/\",\"name\":\"Herbow G\u00e9pi Mosogat\u00f3szer Szuper Koncentr\u00e1tum Narancs illattal 750 ml - Herbow | International\",\"isPartOf\":{\"@id\":\"https:\\\/\\\/herbow.eu\\\/#website\"},\"primaryImageOfPage\":{\"@id\":\"https:\\\/\\\/herbow.eu\\\/product\\\/herbow-gepi-mosogatoszer-orange-illattal\\\/#primaryimage\"},\"image\":{\"@id\":\"https:\\\/\\\/herbow.eu\\\/product\\\/herbow-gepi-mosogatoszer-orange-illattal\\\/#primaryimage\"},\"thumbnailUrl\":\"https:\\\/\\\/herbow.eu\\\/wp-content\\\/uploads\\\/2025\\\/08\\\/herbow_gepi_mosogatoszer_750ml_120x240_v8_redesign_uj_narancs_illat.png\",\"datePublished\":\"2025-08-18T09:05:56+00:00\",\"dateModified\":\"2026-03-17T09:58:20+00:00\",\"description\":\"Term\u00e9szetes mos\u00f3di\u00f3-extraktummal \u00e9s n\u00f6v\u00e9nyi enzimekkel k\u00e9sz\u00fclt g\u00e9pi mosogat\u00f3szer, amely hat\u00e9konyan t\u00e1vol\u00edtja el a zs\u00edros \u00e9s makacs szennyez\u0151d\u00e9seket, mik\u00f6zben k\u00edm\u00e9li a mosogat\u00f3g\u00e9pet \u00e9s a k\u00f6rnyezetet.\",\"breadcrumb\":{\"@id\":\"https:\\\/\\\/herbow.eu\\\/product\\\/herbow-gepi-mosogatoszer-orange-illattal\\\/#breadcrumb\"},\"inLanguage\":\"es\",\"potentialAction\":[{\"@type\":\"ReadAction\",\"target\":[\"https:\\\/\\\/herbow.eu\\\/product\\\/herbow-gepi-mosogatoszer-orange-illattal\\\/\"]}]},{\"@type\":\"ImageObject\",\"inLanguage\":\"es\",\"@id\":\"https:\\\/\\\/herbow.eu\\\/product\\\/herbow-gepi-mosogatoszer-orange-illattal\\\/#primaryimage\",\"url\":\"https:\\\/\\\/herbow.eu\\\/wp-content\\\/uploads\\\/2025\\\/08\\\/herbow_gepi_mosogatoszer_750ml_120x240_v8_redesign_uj_narancs_illat.png\",\"contentUrl\":\"https:\\\/\\\/herbow.eu\\\/wp-content\\\/uploads\\\/2025\\\/08\\\/herbow_gepi_mosogatoszer_750ml_120x240_v8_redesign_uj_narancs_illat.png\",\"width\":2000,\"height\":2000},{\"@type\":\"BreadcrumbList\",\"@id\":\"https:\\\/\\\/herbow.eu\\\/product\\\/herbow-gepi-mosogatoszer-orange-illattal\\\/#breadcrumb\",\"itemListElement\":[{\"@type\":\"ListItem\",\"position\":1,\"name\":\"Kezd\u0151lap\",\"item\":\"https:\\\/\\\/herbow.eu\\\/\"},{\"@type\":\"ListItem\",\"position\":2,\"name\":\"Shop\",\"item\":\"https:\\\/\\\/herbow.eu\\\/shop\\\/\"},{\"@type\":\"ListItem\",\"position\":3,\"name\":\"Herbow G\u00e9pi Mosogat\u00f3szer Szuper Koncentr\u00e1tum Narancs illattal 750 ml\"}]},{\"@type\":\"WebSite\",\"@id\":\"https:\\\/\\\/herbow.eu\\\/#website\",\"url\":\"https:\\\/\\\/herbow.eu\\\/\",\"name\":\"Herbow | Herbal Organic World\",\"description\":\"Herbal Organic World\",\"publisher\":{\"@id\":\"https:\\\/\\\/herbow.eu\\\/#organization\"},\"potentialAction\":[{\"@type\":\"SearchAction\",\"target\":{\"@type\":\"EntryPoint\",\"urlTemplate\":\"https:\\\/\\\/herbow.eu\\\/?s={search_term_string}\"},\"query-input\":{\"@type\":\"PropertyValueSpecification\",\"valueRequired\":true,\"valueName\":\"search_term_string\"}}],\"inLanguage\":\"es\"},{\"@type\":\"Organization\",\"@id\":\"https:\\\/\\\/herbow.eu\\\/#organization\",\"name\":\"Herbow International Zrt.\",\"url\":\"https:\\\/\\\/herbow.eu\\\/\",\"logo\":{\"@type\":\"ImageObject\",\"inLanguage\":\"es\",\"@id\":\"https:\\\/\\\/herbow.eu\\\/#\\\/schema\\\/logo\\\/image\\\/\",\"url\":\"https:\\\/\\\/herbow.eu\\\/wp-content\\\/uploads\\\/2025\\\/07\\\/herbow_logo_hun_2021-01_w-slogan_no-background.png\",\"contentUrl\":\"https:\\\/\\\/herbow.eu\\\/wp-content\\\/uploads\\\/2025\\\/07\\\/herbow_logo_hun_2021-01_w-slogan_no-background.png\",\"width\":2366,\"height\":1732,\"caption\":\"Herbow International Zrt.\"},\"image\":{\"@id\":\"https:\\\/\\\/herbow.eu\\\/#\\\/schema\\\/logo\\\/image\\\/\"},\"sameAs\":[\"https:\\\/\\\/www.facebook.com\\\/herbowmosodioslabda\\\/\",\"https:\\\/\\\/www.instagram.com\\\/herbowmosodioslabda\\\/\"]}]}<\/script>\n<!-- \/ Yoast SEO plugin. -->","yoast_head_json":{"title":"Herbow G\u00e9pi Mosogat\u00f3szer Szuper Koncentr\u00e1tum Narancs illattal 750 ml - Herbow | International","description":"Term\u00e9szetes mos\u00f3di\u00f3-extraktummal \u00e9s n\u00f6v\u00e9nyi enzimekkel k\u00e9sz\u00fclt g\u00e9pi mosogat\u00f3szer, amely hat\u00e9konyan t\u00e1vol\u00edtja el a zs\u00edros \u00e9s makacs szennyez\u0151d\u00e9seket, mik\u00f6zben k\u00edm\u00e9li a mosogat\u00f3g\u00e9pet \u00e9s a k\u00f6rnyezetet.","robots":{"index":"index","follow":"follow","max-snippet":"max-snippet:-1","max-image-preview":"max-image-preview:large","max-video-preview":"max-video-preview:-1"},"canonical":"https:\/\/herbow.eu\/es\/product\/herbow-gepi-mosogatoszer-orange-illattal\/","og_locale":"es_ES","og_type":"article","og_title":"Herbow G\u00e9pi Mosogat\u00f3szer Szuper Koncentr\u00e1tum Narancs illattal 750 ml - Herbow | International","og_description":"Term\u00e9szetes mos\u00f3di\u00f3-extraktummal \u00e9s n\u00f6v\u00e9nyi enzimekkel k\u00e9sz\u00fclt g\u00e9pi mosogat\u00f3szer, amely hat\u00e9konyan t\u00e1vol\u00edtja el a zs\u00edros \u00e9s makacs szennyez\u0151d\u00e9seket, mik\u00f6zben k\u00edm\u00e9li a mosogat\u00f3g\u00e9pet \u00e9s a k\u00f6rnyezetet.","og_url":"https:\/\/herbow.eu\/es\/product\/herbow-gepi-mosogatoszer-orange-illattal\/","og_site_name":"Herbow | International","article_publisher":"https:\/\/www.facebook.com\/herbowmosodioslabda\/","article_modified_time":"2026-03-17T09:58:20+00:00","og_image":[{"width":2000,"height":2000,"url":"https:\/\/herbow.eu\/wp-content\/uploads\/2025\/08\/herbow_gepi_mosogatoszer_750ml_120x240_v8_redesign_uj_narancs_illat.png","type":"image\/png"}],"twitter_card":"summary_large_image","twitter_misc":{"Tiempo de lectura":"2 minutos"},"schema":{"@context":"https:\/\/schema.org","@graph":[{"@type":"WebPage","@id":"https:\/\/herbow.eu\/product\/herbow-gepi-mosogatoszer-orange-illattal\/","url":"https:\/\/herbow.eu\/product\/herbow-gepi-mosogatoszer-orange-illattal\/","name":"Herbow G\u00e9pi Mosogat\u00f3szer Szuper Koncentr\u00e1tum Narancs illattal 750 ml - Herbow | International","isPartOf":{"@id":"https:\/\/herbow.eu\/#website"},"primaryImageOfPage":{"@id":"https:\/\/herbow.eu\/product\/herbow-gepi-mosogatoszer-orange-illattal\/#primaryimage"},"image":{"@id":"https:\/\/herbow.eu\/product\/herbow-gepi-mosogatoszer-orange-illattal\/#primaryimage"},"thumbnailUrl":"https:\/\/herbow.eu\/wp-content\/uploads\/2025\/08\/herbow_gepi_mosogatoszer_750ml_120x240_v8_redesign_uj_narancs_illat.png","datePublished":"2025-08-18T09:05:56+00:00","dateModified":"2026-03-17T09:58:20+00:00","description":"Term\u00e9szetes mos\u00f3di\u00f3-extraktummal \u00e9s n\u00f6v\u00e9nyi enzimekkel k\u00e9sz\u00fclt g\u00e9pi mosogat\u00f3szer, amely hat\u00e9konyan t\u00e1vol\u00edtja el a zs\u00edros \u00e9s makacs szennyez\u0151d\u00e9seket, mik\u00f6zben k\u00edm\u00e9li a mosogat\u00f3g\u00e9pet \u00e9s a k\u00f6rnyezetet.","breadcrumb":{"@id":"https:\/\/herbow.eu\/product\/herbow-gepi-mosogatoszer-orange-illattal\/#breadcrumb"},"inLanguage":"es","potentialAction":[{"@type":"ReadAction","target":["https:\/\/herbow.eu\/product\/herbow-gepi-mosogatoszer-orange-illattal\/"]}]},{"@type":"ImageObject","inLanguage":"es","@id":"https:\/\/herbow.eu\/product\/herbow-gepi-mosogatoszer-orange-illattal\/#primaryimage","url":"https:\/\/herbow.eu\/wp-content\/uploads\/2025\/08\/herbow_gepi_mosogatoszer_750ml_120x240_v8_redesign_uj_narancs_illat.png","contentUrl":"https:\/\/herbow.eu\/wp-content\/uploads\/2025\/08\/herbow_gepi_mosogatoszer_750ml_120x240_v8_redesign_uj_narancs_illat.png","width":2000,"height":2000},{"@type":"BreadcrumbList","@id":"https:\/\/herbow.eu\/product\/herbow-gepi-mosogatoszer-orange-illattal\/#breadcrumb","itemListElement":[{"@type":"ListItem","position":1,"name":"Kezd\u0151lap","item":"https:\/\/herbow.eu\/"},{"@type":"ListItem","position":2,"name":"Shop","item":"https:\/\/herbow.eu\/shop\/"},{"@type":"ListItem","position":3,"name":"Herbow G\u00e9pi Mosogat\u00f3szer Szuper Koncentr\u00e1tum Narancs illattal 750 ml"}]},{"@type":"WebSite","@id":"https:\/\/herbow.eu\/#website","url":"https:\/\/herbow.eu\/","name":"Herbow | Herbal Organic World","description":"Herbal Organic World","publisher":{"@id":"https:\/\/herbow.eu\/#organization"},"potentialAction":[{"@type":"SearchAction","target":{"@type":"EntryPoint","urlTemplate":"https:\/\/herbow.eu\/?s={search_term_string}"},"query-input":{"@type":"PropertyValueSpecification","valueRequired":true,"valueName":"search_term_string"}}],"inLanguage":"es"},{"@type":"Organization","@id":"https:\/\/herbow.eu\/#organization","name":"Herbow International Zrt.","url":"https:\/\/herbow.eu\/","logo":{"@type":"ImageObject","inLanguage":"es","@id":"https:\/\/herbow.eu\/#\/schema\/logo\/image\/","url":"https:\/\/herbow.eu\/wp-content\/uploads\/2025\/07\/herbow_logo_hun_2021-01_w-slogan_no-background.png","contentUrl":"https:\/\/herbow.eu\/wp-content\/uploads\/2025\/07\/herbow_logo_hun_2021-01_w-slogan_no-background.png","width":2366,"height":1732,"caption":"Herbow International Zrt."},"image":{"@id":"https:\/\/herbow.eu\/#\/schema\/logo\/image\/"},"sameAs":["https:\/\/www.facebook.com\/herbowmosodioslabda\/","https:\/\/www.instagram.com\/herbowmosodioslabda\/"]}]}},"jetpack_likes_enabled":true,"jetpack_sharing_enabled":true,"_links":{"self":[{"href":"https:\/\/herbow.eu\/es\/wp-json\/wp\/v2\/product\/1026","targetHints":{"allow":["GET"]}}],"collection":[{"href":"https:\/\/herbow.eu\/es\/wp-json\/wp\/v2\/product"}],"about":[{"href":"https:\/\/herbow.eu\/es\/wp-json\/wp\/v2\/types\/product"}],"replies":[{"embeddable":true,"href":"https:\/\/herbow.eu\/es\/wp-json\/wp\/v2\/comments?post=1026"}],"wp:featuredmedia":[{"embeddable":true,"href":"https:\/\/herbow.eu\/es\/wp-json\/wp\/v2\/media\/867"}],"wp:attachment":[{"href":"https:\/\/herbow.eu\/es\/wp-json\/wp\/v2\/media?parent=1026"}],"wp:term":[{"taxonomy":"product_brand","embeddable":true,"href":"https:\/\/herbow.eu\/es\/wp-json\/wp\/v2\/product_brand?post=1026"},{"taxonomy":"product_cat","embeddable":true,"href":"https:\/\/herbow.eu\/es\/wp-json\/wp\/v2\/product_cat?post=1026"},{"taxonomy":"product_tag","embeddable":true,"href":"https:\/\/herbow.eu\/es\/wp-json\/wp\/v2\/product_tag?post=1026"}],"curies":[{"name":"wp","href":"https:\/\/api.w.org\/{rel}","templated":true}]}}