{"id":1012,"date":"2025-08-18T11:05:53","date_gmt":"2025-08-18T09:05:53","guid":{"rendered":"https:\/\/herbow.eu\/product\/herbow-mososzoda-850g\/"},"modified":"2026-03-17T10:58:34","modified_gmt":"2026-03-17T09:58:34","slug":"detergente-herbow-850-g","status":"publish","type":"product","link":"https:\/\/herbow.eu\/es\/product\/herbow-mososzoda-850g\/","title":{"rendered":"Herbow Washing Soda 850g"},"content":{"rendered":"<p>El detergente en polvo Herbow es un producto de limpieza de origen natural y uso vers\u00e1til que, gracias a sus propiedades ablandadoras, desengrasantes y desodorantes, ayuda a eliminar la suciedad m\u00e1s dif\u00edcil.<br \/>\nEs la opci\u00f3n ideal para prendas muy sucias, como ropa de trabajo, pa\u00f1os de cocina, manteles, ropa de cama y ropa interior. El carbonato s\u00f3dico es un producto a base de carbonato de sodio natural que se degrada de forma ecol\u00f3gica, por lo que no contamina el medio ambiente. Su ventaja es que durante su fabricaci\u00f3n no se generan subproductos nocivos, pero garantiza una limpieza excelente y elimina los olores desagradables. El carbonato s\u00f3dico tambi\u00e9n se puede utilizar como aditivo en detergentes para la vajilla y productos de limpieza del hogar, ya que potencia su eficacia y su capacidad para ablandar el agua.<\/p>\n<p>El detergente en polvo Herbow no contiene cloro, fosfatos, sulfatos, blanqueadores \u00f3pticos ni conservantes; adem\u00e1s, es vegano y f\u00e1cilmente biodegradable.<br \/>\nOfrece a la vez eficiencia y una soluci\u00f3n respetuosa con el medio ambiente, por lo que es la elecci\u00f3n perfecta para cualquier hogar comprometido con el medio ambiente.<\/p>\n<p><strong>Dosis recomendada:<\/strong><\/p>\n<ul>\n<li>Para el lavado: a\u00f1adir 1-2 cucharadas (aprox. 15-30 g) al detergente en polvo o l\u00edquido.<\/li>\n<li>Para ropa muy sucia: para remojarla, disolver 2-3 cucharadas de sosa en 5 litros de agua tibia.<\/li>\n<li>Para la limpieza general: disolver 1-2 cucharadas soperas de sosa en 1 litro de agua tibia y frotar la superficie a limpiar.<\/li>\n<\/ul>\n<p>Atenci\u00f3n: es alcalino, por lo que no debe utilizarse en tejidos delicados (lana, seda, etc.).<\/p>","protected":false},"excerpt":{"rendered":"<p>Detergente natural y ecol\u00f3gico que, gracias a sus propiedades suavizantes, desengrasantes y desodorantes, limpia eficazmente los tejidos y las superficies del hogar. Respetuoso con el medio ambiente, pero potente contra la suciedad.<\/p>\n<p>Envase: 850 g<\/p>","protected":false},"featured_media":872,"comment_status":"open","ping_status":"closed","template":"","meta":[],"product_brand":[1397],"product_cat":[1488],"product_tag":[1431,1567,1583,1606,1578,1599,1602,1467,1523,1524,1608,1561,1593,1605,1604,1409,1596,1595,1549,1601,1562,1589,1598,1558,1609,1611,1597,1525,1612,1526,1600,1445,1587,1607,1503,1603,1610],"class_list":{"0":"post-1012","1":"product","2":"type-product","3":"status-publish","4":"has-post-thumbnail","6":"product_brand-herbow","7":"product_cat-mososzoda","8":"product_tag-allergenmentes","9":"product_tag-allatkiserlet-mentes","10":"product_tag-erzekeny-borueknek-is","11":"product_tag-oko-haztartas-megoldas","12":"product_tag-oko-mososzer","13":"product_tag-oko-tisztitoszer","14":"product_tag-bababarat-termek","15":"product_tag-biologiailag-lebomlo","16":"product_tag-biztonsagos-osszetevok","17":"product_tag-borbarat-formula","18":"product_tag-feluletkimelo-tisztitas","19":"product_tag-fenntarthato-haztartas","20":"product_tag-foszfatmentes","21":"product_tag-friss-illat","22":"product_tag-hatekony-tisztitas","23":"product_tag-herbow","24":"product_tag-herbow-haztartas","25":"product_tag-herbow-termek","26":"product_tag-herbtech-formula","27":"product_tag-hipoallergen-osszetevok","28":"product_tag-illatmentes-opcio","29":"product_tag-kimeletes-tisztitas","30":"product_tag-kornyezetbarat-termek","31":"product_tag-melytisztito-hatas","32":"product_tag-mindennapi-hasznalatra","33":"product_tag-modern-oko-tisztitas","34":"product_tag-novenyi-alapu-formula","35":"product_tag-parabenmentes","36":"product_tag-premium-minoseg","37":"product_tag-szinezekmentes","38":"product_tag-termeszetbarat-tisztitas","39":"product_tag-termeszetes-osszetevok","40":"product_tag-termeszetes-illat","41":"product_tag-textilkimelo","42":"product_tag-tudatos-haztartas","43":"product_tag-vegan-termek","44":"product_tag-zero-waste-szemlelet","46":"first","47":"instock","48":"taxable","49":"shipping-taxable","50":"product-type-simple"},"yoast_head":"<!-- This site is optimized with the Yoast SEO plugin v27.5 - https:\/\/yoast.com\/product\/yoast-seo-wordpress\/ -->\n<title>Herbow Mos\u00f3sz\u00f3da 850g - Herbow | International<\/title>\n<meta name=\"description\" content=\"Term\u00e9szetes, k\u00f6rnyezetbar\u00e1t tiszt\u00edt\u00f3szer, amely v\u00edzl\u00e1gy\u00edt\u00f3, zs\u00edrold\u00f3 \u00e9s szagtalan\u00edt\u00f3 hat\u00e1s\u00e1nak k\u00f6sz\u00f6nhet\u0151en hat\u00e9konyan tiszt\u00edtja a text\u00edli\u00e1kat \u00e9s a h\u00e1ztart\u00e1si fel\u00fcleteket. K\u00edm\u00e9letes a k\u00f6rnyezethez, m\u00e9gis er\u0151teljes a szennyez\u0151d\u00e9sekkel szemben.\" \/>\n<meta name=\"robots\" content=\"index, follow, max-snippet:-1, max-image-preview:large, max-video-preview:-1\" \/>\n<link rel=\"canonical\" href=\"https:\/\/herbow.eu\/es\/product\/detergente-herbow-850-g\/\" \/>\n<meta property=\"og:locale\" content=\"es_ES\" \/>\n<meta property=\"og:type\" content=\"article\" \/>\n<meta property=\"og:title\" content=\"Herbow Mos\u00f3sz\u00f3da 850g - Herbow | International\" \/>\n<meta property=\"og:description\" content=\"Term\u00e9szetes, k\u00f6rnyezetbar\u00e1t tiszt\u00edt\u00f3szer, amely v\u00edzl\u00e1gy\u00edt\u00f3, zs\u00edrold\u00f3 \u00e9s szagtalan\u00edt\u00f3 hat\u00e1s\u00e1nak k\u00f6sz\u00f6nhet\u0151en hat\u00e9konyan tiszt\u00edtja a text\u00edli\u00e1kat \u00e9s a h\u00e1ztart\u00e1si fel\u00fcleteket. K\u00edm\u00e9letes a k\u00f6rnyezethez, m\u00e9gis er\u0151teljes a szennyez\u0151d\u00e9sekkel szemben.\" \/>\n<meta property=\"og:url\" content=\"https:\/\/herbow.eu\/es\/product\/detergente-herbow-850-g\/\" \/>\n<meta property=\"og:site_name\" content=\"Herbow | International\" \/>\n<meta property=\"article:publisher\" content=\"https:\/\/www.facebook.com\/herbowmosodioslabda\/\" \/>\n<meta property=\"article:modified_time\" content=\"2026-03-17T09:58:34+00:00\" \/>\n<meta property=\"og:image\" content=\"https:\/\/herbow.eu\/wp-content\/uploads\/2025\/08\/Herbow_mososzoda_290x100mm_cimke_flakonra_v5_karbon_UFI_redesign.png\" \/>\n\t<meta property=\"og:image:width\" content=\"2000\" \/>\n\t<meta property=\"og:image:height\" content=\"2000\" \/>\n\t<meta property=\"og:image:type\" content=\"image\/png\" \/>\n<meta name=\"twitter:card\" content=\"summary_large_image\" \/>\n<meta name=\"twitter:label1\" content=\"Tiempo de lectura\" \/>\n\t<meta name=\"twitter:data1\" content=\"2 minutos\" \/>\n<script type=\"application\/ld+json\" class=\"yoast-schema-graph\">{\"@context\":\"https:\\\/\\\/schema.org\",\"@graph\":[{\"@type\":\"WebPage\",\"@id\":\"https:\\\/\\\/herbow.eu\\\/product\\\/herbow-mososzoda-850g\\\/\",\"url\":\"https:\\\/\\\/herbow.eu\\\/product\\\/herbow-mososzoda-850g\\\/\",\"name\":\"Herbow Mos\u00f3sz\u00f3da 850g - Herbow | International\",\"isPartOf\":{\"@id\":\"https:\\\/\\\/herbow.eu\\\/#website\"},\"primaryImageOfPage\":{\"@id\":\"https:\\\/\\\/herbow.eu\\\/product\\\/herbow-mososzoda-850g\\\/#primaryimage\"},\"image\":{\"@id\":\"https:\\\/\\\/herbow.eu\\\/product\\\/herbow-mososzoda-850g\\\/#primaryimage\"},\"thumbnailUrl\":\"https:\\\/\\\/herbow.eu\\\/wp-content\\\/uploads\\\/2025\\\/08\\\/Herbow_mososzoda_290x100mm_cimke_flakonra_v5_karbon_UFI_redesign.png\",\"datePublished\":\"2025-08-18T09:05:53+00:00\",\"dateModified\":\"2026-03-17T09:58:34+00:00\",\"description\":\"Term\u00e9szetes, k\u00f6rnyezetbar\u00e1t tiszt\u00edt\u00f3szer, amely v\u00edzl\u00e1gy\u00edt\u00f3, zs\u00edrold\u00f3 \u00e9s szagtalan\u00edt\u00f3 hat\u00e1s\u00e1nak k\u00f6sz\u00f6nhet\u0151en hat\u00e9konyan tiszt\u00edtja a text\u00edli\u00e1kat \u00e9s a h\u00e1ztart\u00e1si fel\u00fcleteket. K\u00edm\u00e9letes a k\u00f6rnyezethez, m\u00e9gis er\u0151teljes a szennyez\u0151d\u00e9sekkel szemben.\",\"breadcrumb\":{\"@id\":\"https:\\\/\\\/herbow.eu\\\/product\\\/herbow-mososzoda-850g\\\/#breadcrumb\"},\"inLanguage\":\"es\",\"potentialAction\":[{\"@type\":\"ReadAction\",\"target\":[\"https:\\\/\\\/herbow.eu\\\/product\\\/herbow-mososzoda-850g\\\/\"]}]},{\"@type\":\"ImageObject\",\"inLanguage\":\"es\",\"@id\":\"https:\\\/\\\/herbow.eu\\\/product\\\/herbow-mososzoda-850g\\\/#primaryimage\",\"url\":\"https:\\\/\\\/herbow.eu\\\/wp-content\\\/uploads\\\/2025\\\/08\\\/Herbow_mososzoda_290x100mm_cimke_flakonra_v5_karbon_UFI_redesign.png\",\"contentUrl\":\"https:\\\/\\\/herbow.eu\\\/wp-content\\\/uploads\\\/2025\\\/08\\\/Herbow_mososzoda_290x100mm_cimke_flakonra_v5_karbon_UFI_redesign.png\",\"width\":2000,\"height\":2000},{\"@type\":\"BreadcrumbList\",\"@id\":\"https:\\\/\\\/herbow.eu\\\/product\\\/herbow-mososzoda-850g\\\/#breadcrumb\",\"itemListElement\":[{\"@type\":\"ListItem\",\"position\":1,\"name\":\"Kezd\u0151lap\",\"item\":\"https:\\\/\\\/herbow.eu\\\/\"},{\"@type\":\"ListItem\",\"position\":2,\"name\":\"Shop\",\"item\":\"https:\\\/\\\/herbow.eu\\\/shop\\\/\"},{\"@type\":\"ListItem\",\"position\":3,\"name\":\"Herbow Mos\u00f3sz\u00f3da 850g\"}]},{\"@type\":\"WebSite\",\"@id\":\"https:\\\/\\\/herbow.eu\\\/#website\",\"url\":\"https:\\\/\\\/herbow.eu\\\/\",\"name\":\"Herbow | Herbal Organic World\",\"description\":\"Herbal Organic World\",\"publisher\":{\"@id\":\"https:\\\/\\\/herbow.eu\\\/#organization\"},\"potentialAction\":[{\"@type\":\"SearchAction\",\"target\":{\"@type\":\"EntryPoint\",\"urlTemplate\":\"https:\\\/\\\/herbow.eu\\\/?s={search_term_string}\"},\"query-input\":{\"@type\":\"PropertyValueSpecification\",\"valueRequired\":true,\"valueName\":\"search_term_string\"}}],\"inLanguage\":\"es\"},{\"@type\":\"Organization\",\"@id\":\"https:\\\/\\\/herbow.eu\\\/#organization\",\"name\":\"Herbow International Zrt.\",\"url\":\"https:\\\/\\\/herbow.eu\\\/\",\"logo\":{\"@type\":\"ImageObject\",\"inLanguage\":\"es\",\"@id\":\"https:\\\/\\\/herbow.eu\\\/#\\\/schema\\\/logo\\\/image\\\/\",\"url\":\"https:\\\/\\\/herbow.eu\\\/wp-content\\\/uploads\\\/2025\\\/07\\\/herbow_logo_hun_2021-01_w-slogan_no-background.png\",\"contentUrl\":\"https:\\\/\\\/herbow.eu\\\/wp-content\\\/uploads\\\/2025\\\/07\\\/herbow_logo_hun_2021-01_w-slogan_no-background.png\",\"width\":2366,\"height\":1732,\"caption\":\"Herbow International Zrt.\"},\"image\":{\"@id\":\"https:\\\/\\\/herbow.eu\\\/#\\\/schema\\\/logo\\\/image\\\/\"},\"sameAs\":[\"https:\\\/\\\/www.facebook.com\\\/herbowmosodioslabda\\\/\",\"https:\\\/\\\/www.instagram.com\\\/herbowmosodioslabda\\\/\"]}]}<\/script>\n<!-- \/ Yoast SEO plugin. -->","yoast_head_json":{"title":"Herbow Soda para lavar 850 g - Herbow | Internacional","description":"Detergente natural y ecol\u00f3gico que, gracias a sus propiedades suavizantes, desengrasantes y desodorantes, limpia eficazmente los tejidos y las superficies del hogar. Respetuoso con el medio ambiente, pero potente contra la suciedad.","robots":{"index":"index","follow":"follow","max-snippet":"max-snippet:-1","max-image-preview":"max-image-preview:large","max-video-preview":"max-video-preview:-1"},"canonical":"https:\/\/herbow.eu\/es\/product\/detergente-herbow-850-g\/","og_locale":"es_ES","og_type":"article","og_title":"Herbow Mos\u00f3sz\u00f3da 850g - Herbow | International","og_description":"Term\u00e9szetes, k\u00f6rnyezetbar\u00e1t tiszt\u00edt\u00f3szer, amely v\u00edzl\u00e1gy\u00edt\u00f3, zs\u00edrold\u00f3 \u00e9s szagtalan\u00edt\u00f3 hat\u00e1s\u00e1nak k\u00f6sz\u00f6nhet\u0151en hat\u00e9konyan tiszt\u00edtja a text\u00edli\u00e1kat \u00e9s a h\u00e1ztart\u00e1si fel\u00fcleteket. K\u00edm\u00e9letes a k\u00f6rnyezethez, m\u00e9gis er\u0151teljes a szennyez\u0151d\u00e9sekkel szemben.","og_url":"https:\/\/herbow.eu\/es\/product\/detergente-herbow-850-g\/","og_site_name":"Herbow | International","article_publisher":"https:\/\/www.facebook.com\/herbowmosodioslabda\/","article_modified_time":"2026-03-17T09:58:34+00:00","og_image":[{"width":2000,"height":2000,"url":"https:\/\/herbow.eu\/wp-content\/uploads\/2025\/08\/Herbow_mososzoda_290x100mm_cimke_flakonra_v5_karbon_UFI_redesign.png","type":"image\/png"}],"twitter_card":"summary_large_image","twitter_misc":{"Tiempo de lectura":"2 minutos"},"schema":{"@context":"https:\/\/schema.org","@graph":[{"@type":"WebPage","@id":"https:\/\/herbow.eu\/product\/herbow-mososzoda-850g\/","url":"https:\/\/herbow.eu\/product\/herbow-mososzoda-850g\/","name":"Herbow Soda para lavar 850 g - Herbow | Internacional","isPartOf":{"@id":"https:\/\/herbow.eu\/#website"},"primaryImageOfPage":{"@id":"https:\/\/herbow.eu\/product\/herbow-mososzoda-850g\/#primaryimage"},"image":{"@id":"https:\/\/herbow.eu\/product\/herbow-mososzoda-850g\/#primaryimage"},"thumbnailUrl":"https:\/\/herbow.eu\/wp-content\/uploads\/2025\/08\/Herbow_mososzoda_290x100mm_cimke_flakonra_v5_karbon_UFI_redesign.png","datePublished":"2025-08-18T09:05:53+00:00","dateModified":"2026-03-17T09:58:34+00:00","description":"Detergente natural y ecol\u00f3gico que, gracias a sus propiedades suavizantes, desengrasantes y desodorantes, limpia eficazmente los tejidos y las superficies del hogar. Respetuoso con el medio ambiente, pero potente contra la suciedad.","breadcrumb":{"@id":"https:\/\/herbow.eu\/product\/herbow-mososzoda-850g\/#breadcrumb"},"inLanguage":"es","potentialAction":[{"@type":"ReadAction","target":["https:\/\/herbow.eu\/product\/herbow-mososzoda-850g\/"]}]},{"@type":"ImageObject","inLanguage":"es","@id":"https:\/\/herbow.eu\/product\/herbow-mososzoda-850g\/#primaryimage","url":"https:\/\/herbow.eu\/wp-content\/uploads\/2025\/08\/Herbow_mososzoda_290x100mm_cimke_flakonra_v5_karbon_UFI_redesign.png","contentUrl":"https:\/\/herbow.eu\/wp-content\/uploads\/2025\/08\/Herbow_mososzoda_290x100mm_cimke_flakonra_v5_karbon_UFI_redesign.png","width":2000,"height":2000},{"@type":"BreadcrumbList","@id":"https:\/\/herbow.eu\/product\/herbow-mososzoda-850g\/#breadcrumb","itemListElement":[{"@type":"ListItem","position":1,"name":"Kezd\u0151lap","item":"https:\/\/herbow.eu\/"},{"@type":"ListItem","position":2,"name":"Shop","item":"https:\/\/herbow.eu\/shop\/"},{"@type":"ListItem","position":3,"name":"Herbow Mos\u00f3sz\u00f3da 850g"}]},{"@type":"WebSite","@id":"https:\/\/herbow.eu\/#website","url":"https:\/\/herbow.eu\/","name":"Herbow | Herbal Organic World","description":"Herbal Organic World","publisher":{"@id":"https:\/\/herbow.eu\/#organization"},"potentialAction":[{"@type":"SearchAction","target":{"@type":"EntryPoint","urlTemplate":"https:\/\/herbow.eu\/?s={search_term_string}"},"query-input":{"@type":"PropertyValueSpecification","valueRequired":true,"valueName":"search_term_string"}}],"inLanguage":"es"},{"@type":"Organization","@id":"https:\/\/herbow.eu\/#organization","name":"Herbow International Zrt.","url":"https:\/\/herbow.eu\/","logo":{"@type":"ImageObject","inLanguage":"es","@id":"https:\/\/herbow.eu\/#\/schema\/logo\/image\/","url":"https:\/\/herbow.eu\/wp-content\/uploads\/2025\/07\/herbow_logo_hun_2021-01_w-slogan_no-background.png","contentUrl":"https:\/\/herbow.eu\/wp-content\/uploads\/2025\/07\/herbow_logo_hun_2021-01_w-slogan_no-background.png","width":2366,"height":1732,"caption":"Herbow International Zrt."},"image":{"@id":"https:\/\/herbow.eu\/#\/schema\/logo\/image\/"},"sameAs":["https:\/\/www.facebook.com\/herbowmosodioslabda\/","https:\/\/www.instagram.com\/herbowmosodioslabda\/"]}]}},"jetpack_likes_enabled":true,"jetpack_sharing_enabled":true,"_links":{"self":[{"href":"https:\/\/herbow.eu\/es\/wp-json\/wp\/v2\/product\/1012","targetHints":{"allow":["GET"]}}],"collection":[{"href":"https:\/\/herbow.eu\/es\/wp-json\/wp\/v2\/product"}],"about":[{"href":"https:\/\/herbow.eu\/es\/wp-json\/wp\/v2\/types\/product"}],"replies":[{"embeddable":true,"href":"https:\/\/herbow.eu\/es\/wp-json\/wp\/v2\/comments?post=1012"}],"wp:featuredmedia":[{"embeddable":true,"href":"https:\/\/herbow.eu\/es\/wp-json\/wp\/v2\/media\/872"}],"wp:attachment":[{"href":"https:\/\/herbow.eu\/es\/wp-json\/wp\/v2\/media?parent=1012"}],"wp:term":[{"taxonomy":"product_brand","embeddable":true,"href":"https:\/\/herbow.eu\/es\/wp-json\/wp\/v2\/product_brand?post=1012"},{"taxonomy":"product_cat","embeddable":true,"href":"https:\/\/herbow.eu\/es\/wp-json\/wp\/v2\/product_cat?post=1012"},{"taxonomy":"product_tag","embeddable":true,"href":"https:\/\/herbow.eu\/es\/wp-json\/wp\/v2\/product_tag?post=1012"}],"curies":[{"name":"wp","href":"https:\/\/api.w.org\/{rel}","templated":true}]}}