{"id":1037,"date":"2025-08-18T11:05:58","date_gmt":"2025-08-18T09:05:58","guid":{"rendered":"https:\/\/herbow.eu\/product\/herbow-bambino-folttisztito-feher-ruhakhoz\/"},"modified":"2026-03-17T10:58:11","modified_gmt":"2026-03-17T09:58:11","slug":"herbow-stain-remover-for-white-clothes","status":"publish","type":"product","link":"https:\/\/herbow.eu\/en\/product\/herbow-bambino-folttisztito-feher-ruhakhoz\/","title":{"rendered":"Herbow Bambino spot cleaner for white clothes"},"content":{"rendered":"<p>Herbow Bambino Stain Remover for White Clothes. Unscented and allergen-free, this special, skin- and environmentally-friendly formula is specifically developed for the white clothes of babies, children, and adults with sensitive skin.<br \/>\nAn active oxygen-based bleach and stain treatment additive, which, together with the power of ground natural soap nuts, effectively dissolves stains and prevents textiles from greying \u2013 without damaging fabrics or irritating skin. Thanks to its concentrated active ingredient content, a small amount is sufficient for a visibly clean, radiant result.<\/p>\n<p>It contains no chlorine, phosphates, optical brighteners or fragrances, making it completely hypoallergenic and safe.<\/p>\n<p>An ideal choice when combined with soap nuts or Herbow liquid detergents, keeping clothes permanently clean and white, without skin irritation.<\/p>\n<p>Can be used as an additive or for pre-soaking in washing, for all types of washing machines and for hand washing.<\/p>","protected":false},"excerpt":{"rendered":"<p>A <strong>Herbow Bambino Detangler<\/strong> For white clothes, with the power of active oxygen and natural soap nut powder, it removes stubborn dirt without fragrances, gently on babies' skin.<br \/>\nAn effective, yet gentle solution for clean, brilliantly white textiles.<\/p>\n<p>Packaging: 700g<\/p>","protected":false},"featured_media":857,"comment_status":"open","ping_status":"closed","template":"","meta":[],"product_brand":[1397],"product_cat":[1408,1405],"product_tag":[1431,1527,1517,1531,1521,1529,1518,1522,1515,1516,1514,1513,1523,1524,1519,1532,1409,1512,1430,1520,1502,1530,1441,1525,1526,1445,1528],"class_list":{"0":"post-1037","1":"product","2":"type-product","3":"status-publish","4":"has-post-thumbnail","6":"product_brand-herbow","7":"product_cat-herbow-baby-bambino-termekcsalad","8":"product_cat-folttisztito","9":"product_tag-allergenmentes","10":"product_tag-allatkiserletmentes","11":"product_tag-erzekeny-borre","12":"product_tag-erzekeny-textiliakhoz","13":"product_tag-oko-haztartas","14":"product_tag-okocimkes-termek","15":"product_tag-ujszulott-borere","16":"product_tag-bababarat-tisztitas","17":"product_tag-babamosas","18":"product_tag-babaruhakhoz","19":"product_tag-babatermek","20":"product_tag-bambino","21":"product_tag-biztonsagos-osszetevok","22":"product_tag-borbarat-formula","23":"product_tag-dermatologiailag-tesztelt","24":"product_tag-feher-es-szines-ruhakhoz","25":"product_tag-herbow","26":"product_tag-herbow-bambino","27":"product_tag-hipoallergen","28":"product_tag-illatmentes-termek","29":"product_tag-kornyezetbarat-mosas","30":"product_tag-koncentratum","31":"product_tag-novenyi-alapu","32":"product_tag-parabenmentes","33":"product_tag-szinezekmentes","34":"product_tag-termeszetes-osszetevok","35":"product_tag-vegan","37":"first","38":"instock","39":"taxable","40":"shipping-taxable","41":"product-type-simple"},"yoast_head":"<!-- This site is optimized with the Yoast SEO plugin v27.5 - https:\/\/yoast.com\/product\/yoast-seo-wordpress\/ -->\n<title>Herbow Bambino folttiszt\u00edt\u00f3 feh\u00e9r ruh\u00e1khoz - Herbow | International<\/title>\n<meta name=\"description\" content=\"A Herbow Bambino Folttiszt\u00edt\u00f3 feh\u00e9r ruh\u00e1khoz akt\u00edv oxig\u00e9n erej\u00e9vel \u00e9s term\u00e9szetes mos\u00f3di\u00f3-\u0151rlem\u00e9nnyel t\u00e1vol\u00edtja el a makacs szennyez\u0151d\u00e9seket illatanyagok n\u00e9lk\u00fcl, a bab\u00e1k b\u0151r\u00e9hez gyeng\u00e9den.Hat\u00e9kony, m\u00e9gis k\u00edm\u00e9letes megold\u00e1s a tiszta, ragyog\u00f3 feh\u00e9r text\u00edli\u00e1k\u00e9rt.\" \/>\n<meta name=\"robots\" content=\"index, follow, max-snippet:-1, max-image-preview:large, max-video-preview:-1\" \/>\n<link rel=\"canonical\" href=\"https:\/\/herbow.eu\/en\/product\/herbow-stain-remover-for-white-clothes\/\" \/>\n<meta property=\"og:locale\" content=\"en_GB\" \/>\n<meta property=\"og:type\" content=\"article\" \/>\n<meta property=\"og:title\" content=\"Herbow Bambino folttiszt\u00edt\u00f3 feh\u00e9r ruh\u00e1khoz - Herbow | International\" \/>\n<meta property=\"og:description\" content=\"A Herbow Bambino Folttiszt\u00edt\u00f3 feh\u00e9r ruh\u00e1khoz akt\u00edv oxig\u00e9n erej\u00e9vel \u00e9s term\u00e9szetes mos\u00f3di\u00f3-\u0151rlem\u00e9nnyel t\u00e1vol\u00edtja el a makacs szennyez\u0151d\u00e9seket illatanyagok n\u00e9lk\u00fcl, a bab\u00e1k b\u0151r\u00e9hez gyeng\u00e9den.Hat\u00e9kony, m\u00e9gis k\u00edm\u00e9letes megold\u00e1s a tiszta, ragyog\u00f3 feh\u00e9r text\u00edli\u00e1k\u00e9rt.\" \/>\n<meta property=\"og:url\" content=\"https:\/\/herbow.eu\/en\/product\/herbow-stain-remover-for-white-clothes\/\" \/>\n<meta property=\"og:site_name\" content=\"Herbow | International\" \/>\n<meta property=\"article:publisher\" content=\"https:\/\/www.facebook.com\/herbowmosodioslabda\/\" \/>\n<meta property=\"article:modified_time\" content=\"2026-03-17T09:58:11+00:00\" \/>\n<meta property=\"og:image\" content=\"https:\/\/herbow.eu\/wp-content\/uploads\/2025\/08\/Herbow_Bambino_folttisztito_nyomdai_290x100mm_v4_redesign_feher.png\" \/>\n\t<meta property=\"og:image:width\" content=\"2000\" \/>\n\t<meta property=\"og:image:height\" content=\"2000\" \/>\n\t<meta property=\"og:image:type\" content=\"image\/png\" \/>\n<meta name=\"twitter:card\" content=\"summary_large_image\" \/>\n<meta name=\"twitter:label1\" content=\"Estimated reading time\" \/>\n\t<meta name=\"twitter:data1\" content=\"1 minute\" \/>\n<script type=\"application\/ld+json\" class=\"yoast-schema-graph\">{\"@context\":\"https:\\\/\\\/schema.org\",\"@graph\":[{\"@type\":\"WebPage\",\"@id\":\"https:\\\/\\\/herbow.eu\\\/product\\\/herbow-bambino-folttisztito-feher-ruhakhoz\\\/\",\"url\":\"https:\\\/\\\/herbow.eu\\\/product\\\/herbow-bambino-folttisztito-feher-ruhakhoz\\\/\",\"name\":\"Herbow Bambino folttiszt\u00edt\u00f3 feh\u00e9r ruh\u00e1khoz - Herbow | International\",\"isPartOf\":{\"@id\":\"https:\\\/\\\/herbow.eu\\\/#website\"},\"primaryImageOfPage\":{\"@id\":\"https:\\\/\\\/herbow.eu\\\/product\\\/herbow-bambino-folttisztito-feher-ruhakhoz\\\/#primaryimage\"},\"image\":{\"@id\":\"https:\\\/\\\/herbow.eu\\\/product\\\/herbow-bambino-folttisztito-feher-ruhakhoz\\\/#primaryimage\"},\"thumbnailUrl\":\"https:\\\/\\\/herbow.eu\\\/wp-content\\\/uploads\\\/2025\\\/08\\\/Herbow_Bambino_folttisztito_nyomdai_290x100mm_v4_redesign_feher.png\",\"datePublished\":\"2025-08-18T09:05:58+00:00\",\"dateModified\":\"2026-03-17T09:58:11+00:00\",\"description\":\"A Herbow Bambino Folttiszt\u00edt\u00f3 feh\u00e9r ruh\u00e1khoz akt\u00edv oxig\u00e9n erej\u00e9vel \u00e9s term\u00e9szetes mos\u00f3di\u00f3-\u0151rlem\u00e9nnyel t\u00e1vol\u00edtja el a makacs szennyez\u0151d\u00e9seket illatanyagok n\u00e9lk\u00fcl, a bab\u00e1k b\u0151r\u00e9hez gyeng\u00e9den.Hat\u00e9kony, m\u00e9gis k\u00edm\u00e9letes megold\u00e1s a tiszta, ragyog\u00f3 feh\u00e9r text\u00edli\u00e1k\u00e9rt.\",\"breadcrumb\":{\"@id\":\"https:\\\/\\\/herbow.eu\\\/product\\\/herbow-bambino-folttisztito-feher-ruhakhoz\\\/#breadcrumb\"},\"inLanguage\":\"en-GB\",\"potentialAction\":[{\"@type\":\"ReadAction\",\"target\":[\"https:\\\/\\\/herbow.eu\\\/product\\\/herbow-bambino-folttisztito-feher-ruhakhoz\\\/\"]}]},{\"@type\":\"ImageObject\",\"inLanguage\":\"en-GB\",\"@id\":\"https:\\\/\\\/herbow.eu\\\/product\\\/herbow-bambino-folttisztito-feher-ruhakhoz\\\/#primaryimage\",\"url\":\"https:\\\/\\\/herbow.eu\\\/wp-content\\\/uploads\\\/2025\\\/08\\\/Herbow_Bambino_folttisztito_nyomdai_290x100mm_v4_redesign_feher.png\",\"contentUrl\":\"https:\\\/\\\/herbow.eu\\\/wp-content\\\/uploads\\\/2025\\\/08\\\/Herbow_Bambino_folttisztito_nyomdai_290x100mm_v4_redesign_feher.png\",\"width\":2000,\"height\":2000},{\"@type\":\"BreadcrumbList\",\"@id\":\"https:\\\/\\\/herbow.eu\\\/product\\\/herbow-bambino-folttisztito-feher-ruhakhoz\\\/#breadcrumb\",\"itemListElement\":[{\"@type\":\"ListItem\",\"position\":1,\"name\":\"Kezd\u0151lap\",\"item\":\"https:\\\/\\\/herbow.eu\\\/\"},{\"@type\":\"ListItem\",\"position\":2,\"name\":\"Shop\",\"item\":\"https:\\\/\\\/herbow.eu\\\/shop\\\/\"},{\"@type\":\"ListItem\",\"position\":3,\"name\":\"Herbow Bambino folttiszt\u00edt\u00f3 feh\u00e9r ruh\u00e1khoz\"}]},{\"@type\":\"WebSite\",\"@id\":\"https:\\\/\\\/herbow.eu\\\/#website\",\"url\":\"https:\\\/\\\/herbow.eu\\\/\",\"name\":\"Herbow | Herbal Organic World\",\"description\":\"Herbal Organic World\",\"publisher\":{\"@id\":\"https:\\\/\\\/herbow.eu\\\/#organization\"},\"potentialAction\":[{\"@type\":\"SearchAction\",\"target\":{\"@type\":\"EntryPoint\",\"urlTemplate\":\"https:\\\/\\\/herbow.eu\\\/?s={search_term_string}\"},\"query-input\":{\"@type\":\"PropertyValueSpecification\",\"valueRequired\":true,\"valueName\":\"search_term_string\"}}],\"inLanguage\":\"en-GB\"},{\"@type\":\"Organization\",\"@id\":\"https:\\\/\\\/herbow.eu\\\/#organization\",\"name\":\"Herbow International Zrt.\",\"url\":\"https:\\\/\\\/herbow.eu\\\/\",\"logo\":{\"@type\":\"ImageObject\",\"inLanguage\":\"en-GB\",\"@id\":\"https:\\\/\\\/herbow.eu\\\/#\\\/schema\\\/logo\\\/image\\\/\",\"url\":\"https:\\\/\\\/herbow.eu\\\/wp-content\\\/uploads\\\/2025\\\/07\\\/herbow_logo_hun_2021-01_w-slogan_no-background.png\",\"contentUrl\":\"https:\\\/\\\/herbow.eu\\\/wp-content\\\/uploads\\\/2025\\\/07\\\/herbow_logo_hun_2021-01_w-slogan_no-background.png\",\"width\":2366,\"height\":1732,\"caption\":\"Herbow International Zrt.\"},\"image\":{\"@id\":\"https:\\\/\\\/herbow.eu\\\/#\\\/schema\\\/logo\\\/image\\\/\"},\"sameAs\":[\"https:\\\/\\\/www.facebook.com\\\/herbowmosodioslabda\\\/\",\"https:\\\/\\\/www.instagram.com\\\/herbowmosodioslabda\\\/\"]}]}<\/script>\n<!-- \/ Yoast SEO plugin. -->","yoast_head_json":{"title":"Herbow Bambino Stain Remover for White Clothes - Herbow | International","description":"The Herbow Bambino Stain Remover for white laundry removes stubborn stains with the power of active oxygen and natural soap nut powder, without fragrances, and is gentle on babies' skin. An effective yet gentle solution for clean, bright white textiles.","robots":{"index":"index","follow":"follow","max-snippet":"max-snippet:-1","max-image-preview":"max-image-preview:large","max-video-preview":"max-video-preview:-1"},"canonical":"https:\/\/herbow.eu\/en\/product\/herbow-stain-remover-for-white-clothes\/","og_locale":"en_GB","og_type":"article","og_title":"Herbow Bambino folttiszt\u00edt\u00f3 feh\u00e9r ruh\u00e1khoz - Herbow | International","og_description":"A Herbow Bambino Folttiszt\u00edt\u00f3 feh\u00e9r ruh\u00e1khoz akt\u00edv oxig\u00e9n erej\u00e9vel \u00e9s term\u00e9szetes mos\u00f3di\u00f3-\u0151rlem\u00e9nnyel t\u00e1vol\u00edtja el a makacs szennyez\u0151d\u00e9seket illatanyagok n\u00e9lk\u00fcl, a bab\u00e1k b\u0151r\u00e9hez gyeng\u00e9den.Hat\u00e9kony, m\u00e9gis k\u00edm\u00e9letes megold\u00e1s a tiszta, ragyog\u00f3 feh\u00e9r text\u00edli\u00e1k\u00e9rt.","og_url":"https:\/\/herbow.eu\/en\/product\/herbow-stain-remover-for-white-clothes\/","og_site_name":"Herbow | International","article_publisher":"https:\/\/www.facebook.com\/herbowmosodioslabda\/","article_modified_time":"2026-03-17T09:58:11+00:00","og_image":[{"width":2000,"height":2000,"url":"https:\/\/herbow.eu\/wp-content\/uploads\/2025\/08\/Herbow_Bambino_folttisztito_nyomdai_290x100mm_v4_redesign_feher.png","type":"image\/png"}],"twitter_card":"summary_large_image","twitter_misc":{"Estimated reading time":"1 minute"},"schema":{"@context":"https:\/\/schema.org","@graph":[{"@type":"WebPage","@id":"https:\/\/herbow.eu\/product\/herbow-bambino-folttisztito-feher-ruhakhoz\/","url":"https:\/\/herbow.eu\/product\/herbow-bambino-folttisztito-feher-ruhakhoz\/","name":"Herbow Bambino Stain Remover for White Clothes - Herbow | International","isPartOf":{"@id":"https:\/\/herbow.eu\/#website"},"primaryImageOfPage":{"@id":"https:\/\/herbow.eu\/product\/herbow-bambino-folttisztito-feher-ruhakhoz\/#primaryimage"},"image":{"@id":"https:\/\/herbow.eu\/product\/herbow-bambino-folttisztito-feher-ruhakhoz\/#primaryimage"},"thumbnailUrl":"https:\/\/herbow.eu\/wp-content\/uploads\/2025\/08\/Herbow_Bambino_folttisztito_nyomdai_290x100mm_v4_redesign_feher.png","datePublished":"2025-08-18T09:05:58+00:00","dateModified":"2026-03-17T09:58:11+00:00","description":"The Herbow Bambino Stain Remover for white laundry removes stubborn stains with the power of active oxygen and natural soap nut powder, without fragrances, and is gentle on babies' skin. An effective yet gentle solution for clean, bright white textiles.","breadcrumb":{"@id":"https:\/\/herbow.eu\/product\/herbow-bambino-folttisztito-feher-ruhakhoz\/#breadcrumb"},"inLanguage":"en-GB","potentialAction":[{"@type":"ReadAction","target":["https:\/\/herbow.eu\/product\/herbow-bambino-folttisztito-feher-ruhakhoz\/"]}]},{"@type":"ImageObject","inLanguage":"en-GB","@id":"https:\/\/herbow.eu\/product\/herbow-bambino-folttisztito-feher-ruhakhoz\/#primaryimage","url":"https:\/\/herbow.eu\/wp-content\/uploads\/2025\/08\/Herbow_Bambino_folttisztito_nyomdai_290x100mm_v4_redesign_feher.png","contentUrl":"https:\/\/herbow.eu\/wp-content\/uploads\/2025\/08\/Herbow_Bambino_folttisztito_nyomdai_290x100mm_v4_redesign_feher.png","width":2000,"height":2000},{"@type":"BreadcrumbList","@id":"https:\/\/herbow.eu\/product\/herbow-bambino-folttisztito-feher-ruhakhoz\/#breadcrumb","itemListElement":[{"@type":"ListItem","position":1,"name":"Kezd\u0151lap","item":"https:\/\/herbow.eu\/"},{"@type":"ListItem","position":2,"name":"Shop","item":"https:\/\/herbow.eu\/shop\/"},{"@type":"ListItem","position":3,"name":"Herbow Bambino folttiszt\u00edt\u00f3 feh\u00e9r ruh\u00e1khoz"}]},{"@type":"WebSite","@id":"https:\/\/herbow.eu\/#website","url":"https:\/\/herbow.eu\/","name":"Herbow | Herbal Organic World","description":"Herbal Organic World","publisher":{"@id":"https:\/\/herbow.eu\/#organization"},"potentialAction":[{"@type":"SearchAction","target":{"@type":"EntryPoint","urlTemplate":"https:\/\/herbow.eu\/?s={search_term_string}"},"query-input":{"@type":"PropertyValueSpecification","valueRequired":true,"valueName":"search_term_string"}}],"inLanguage":"en-GB"},{"@type":"Organization","@id":"https:\/\/herbow.eu\/#organization","name":"Herbow International Zrt.","url":"https:\/\/herbow.eu\/","logo":{"@type":"ImageObject","inLanguage":"en-GB","@id":"https:\/\/herbow.eu\/#\/schema\/logo\/image\/","url":"https:\/\/herbow.eu\/wp-content\/uploads\/2025\/07\/herbow_logo_hun_2021-01_w-slogan_no-background.png","contentUrl":"https:\/\/herbow.eu\/wp-content\/uploads\/2025\/07\/herbow_logo_hun_2021-01_w-slogan_no-background.png","width":2366,"height":1732,"caption":"Herbow International Zrt."},"image":{"@id":"https:\/\/herbow.eu\/#\/schema\/logo\/image\/"},"sameAs":["https:\/\/www.facebook.com\/herbowmosodioslabda\/","https:\/\/www.instagram.com\/herbowmosodioslabda\/"]}]}},"jetpack_likes_enabled":true,"jetpack_sharing_enabled":true,"_links":{"self":[{"href":"https:\/\/herbow.eu\/en\/wp-json\/wp\/v2\/product\/1037","targetHints":{"allow":["GET"]}}],"collection":[{"href":"https:\/\/herbow.eu\/en\/wp-json\/wp\/v2\/product"}],"about":[{"href":"https:\/\/herbow.eu\/en\/wp-json\/wp\/v2\/types\/product"}],"replies":[{"embeddable":true,"href":"https:\/\/herbow.eu\/en\/wp-json\/wp\/v2\/comments?post=1037"}],"wp:featuredmedia":[{"embeddable":true,"href":"https:\/\/herbow.eu\/en\/wp-json\/wp\/v2\/media\/857"}],"wp:attachment":[{"href":"https:\/\/herbow.eu\/en\/wp-json\/wp\/v2\/media?parent=1037"}],"wp:term":[{"taxonomy":"product_brand","embeddable":true,"href":"https:\/\/herbow.eu\/en\/wp-json\/wp\/v2\/product_brand?post=1037"},{"taxonomy":"product_cat","embeddable":true,"href":"https:\/\/herbow.eu\/en\/wp-json\/wp\/v2\/product_cat?post=1037"},{"taxonomy":"product_tag","embeddable":true,"href":"https:\/\/herbow.eu\/en\/wp-json\/wp\/v2\/product_tag?post=1037"}],"curies":[{"name":"wp","href":"https:\/\/api.w.org\/{rel}","templated":true}]}}