{"id":1031,"date":"2025-08-18T11:05:57","date_gmt":"2025-08-18T09:05:57","guid":{"rendered":"https:\/\/herbow.eu\/product\/herbow-furdoszobai-tisztito-probiotikus-spray-friss-citrus-illattal\/"},"modified":"2026-03-17T10:58:17","modified_gmt":"2026-03-17T09:58:17","slug":"herbow-probiotic-bathroom-cleaner-with-fresh-citrus-scent","status":"publish","type":"product","link":"https:\/\/herbow.eu\/en\/product\/herbow-furdoszobai-tisztito-probiotikus-spray-friss-citrus-illattal\/","title":{"rendered":"Herbow Bathroom Cleaner Probiotic Spray with Fresh Citrus Fragrance 500 ml"},"content":{"rendered":"<p>Herbow Probiotic Bathroom Cleaner \u2013 with a Fresh Citrus scent, it combines the power of nature and science to keep your bathroom clean and fresh. Its plant-based ingredients and citric acid content quickly dissolve limescale, soap scum, and mineral and rust deposits around taps and tiles. After cleaning, the probiotic microorganisms remaining on the surface continue to work: they naturally prevent the re-settling of dirt and bacteria, keeping surfaces clean for longer. Its water-repellent, streak-free drying formula makes surfaces shiny and smooth, while also having antibacterial and antistatic effects. The product contains no chlorine, phosphates, phosphonates, ammonia or EDTA, only plant-based, EU Ecolabel ingredients and a synergistic blend of beneficial bacterial spores. Regular use is a safe, environmentally friendly, and effective solution for everyday bathroom cleaning.<\/p>\n<p>Usage<\/p>\n<ul>\n<li>Spray directly onto the surface, leave for a few seconds, then wipe with a damp or dry cloth.<\/li>\n<li>It doesn't require rinsing, dries quickly and without streaks.<\/li>\n<\/ul>","protected":false},"excerpt":{"rendered":"<p>A <strong>Herbow Probiotic Bathroom Cleaner<\/strong> Effectively removes limescale, soap scum, and rust stains. Its beneficial microorganisms ensure hygienic, fresh cleanliness for a long time.<\/p>\n<p>Pack Size: 500ml<\/p>","protected":false},"featured_media":1140,"comment_status":"open","ping_status":"closed","template":"","meta":[],"product_brand":[1397],"product_cat":[1459],"product_tag":[1568,1431,1567,1555,1570,1559,1557,1572,1467,1564,1565,1571,1561,1409,1422,1573,1563,1562,1412,1558,1560,1554,1553,1574,1569,1556,1566],"class_list":{"0":"post-1031","1":"product","2":"type-product","3":"status-publish","4":"has-post-thumbnail","6":"product_brand-herbow","7":"product_cat-herbow-probiotikus-tisztitoszerek","8":"product_tag-aktiv-probiotikumok","9":"product_tag-allergenmentes","10":"product_tag-allatkiserlet-mentes","11":"product_tag-elo-probiotikumok","12":"product_tag-oko-haztartasi-tisztitoszer","13":"product_tag-oko-tisztitas","14":"product_tag-biofilm-eltavolitas","15":"product_tag-biofilm-bonto-technologia","16":"product_tag-biologiailag-lebomlo","17":"product_tag-biztonsagos-tisztitas","18":"product_tag-borbarat-tisztitoszer","19":"product_tag-egeszseges-otthon","20":"product_tag-fenntarthato-haztartas","21":"product_tag-herbow","22":"product_tag-herbow-probiotikus","23":"product_tag-herbtech-probiotikus","24":"product_tag-hosszan-tarto-frissesseg","25":"product_tag-illatmentes-opcio","26":"product_tag-kornyezetbarat-tisztitoszer","27":"product_tag-melytisztito-hatas","28":"product_tag-novenyi-alapu-tisztitoszer","29":"product_tag-probiotikus-formula","30":"product_tag-probiotikus-tisztitoszer","31":"product_tag-tartos-mikrobialis-vedelem","32":"product_tag-termeszetes-higienia","33":"product_tag-termeszetes-tisztitas","34":"product_tag-vegan-tisztitoszer","36":"first","37":"instock","38":"taxable","39":"shipping-taxable","40":"product-type-simple"},"yoast_head":"<!-- This site is optimized with the Yoast SEO plugin v27.5 - https:\/\/yoast.com\/product\/yoast-seo-wordpress\/ -->\n<title>Herbow F\u00fcrd\u0151szobai tiszt\u00edt\u00f3 Probiotikus spray Friss citrus illattal 500 ml - Herbow | International<\/title>\n<meta name=\"description\" content=\"A Herbow Probiotikus F\u00fcrd\u0151szobai Tiszt\u00edt\u00f3 hat\u00e9konyan oldja a v\u00edzk\u00f6vet, szappanmaradv\u00e1nyokat \u00e9s rozsdafoltokat. J\u00f3t\u00e9kony mikroorganizmusai hosszan gondoskodnak a higi\u00e9nikus, friss tisztas\u00e1gr\u00f3l.\" \/>\n<meta name=\"robots\" content=\"index, follow, max-snippet:-1, max-image-preview:large, max-video-preview:-1\" \/>\n<link rel=\"canonical\" href=\"https:\/\/herbow.eu\/en\/product\/herbow-probiotic-bathroom-cleaner-with-fresh-citrus-scent\/\" \/>\n<meta property=\"og:locale\" content=\"en_GB\" \/>\n<meta property=\"og:type\" content=\"article\" \/>\n<meta property=\"og:title\" content=\"Herbow F\u00fcrd\u0151szobai tiszt\u00edt\u00f3 Probiotikus spray Friss citrus illattal 500 ml - Herbow | International\" \/>\n<meta property=\"og:description\" content=\"A Herbow Probiotikus F\u00fcrd\u0151szobai Tiszt\u00edt\u00f3 hat\u00e9konyan oldja a v\u00edzk\u00f6vet, szappanmaradv\u00e1nyokat \u00e9s rozsdafoltokat. J\u00f3t\u00e9kony mikroorganizmusai hosszan gondoskodnak a higi\u00e9nikus, friss tisztas\u00e1gr\u00f3l.\" \/>\n<meta property=\"og:url\" content=\"https:\/\/herbow.eu\/en\/product\/herbow-probiotic-bathroom-cleaner-with-fresh-citrus-scent\/\" \/>\n<meta property=\"og:site_name\" content=\"Herbow | International\" \/>\n<meta property=\"article:publisher\" content=\"https:\/\/www.facebook.com\/herbowmosodioslabda\/\" \/>\n<meta property=\"article:modified_time\" content=\"2026-03-17T09:58:17+00:00\" \/>\n<meta property=\"og:image\" content=\"https:\/\/herbow.eu\/wp-content\/uploads\/2025\/11\/Woo_base_2000x2000_16015_furdoszobai_tisztitoszer_stancolt_500ml_v7_latvany.png\" \/>\n\t<meta property=\"og:image:width\" content=\"2000\" \/>\n\t<meta property=\"og:image:height\" content=\"2000\" \/>\n\t<meta property=\"og:image:type\" content=\"image\/png\" \/>\n<meta name=\"twitter:card\" content=\"summary_large_image\" \/>\n<meta name=\"twitter:label1\" content=\"Estimated reading time\" \/>\n\t<meta name=\"twitter:data1\" content=\"1 minute\" \/>\n<script type=\"application\/ld+json\" class=\"yoast-schema-graph\">{\"@context\":\"https:\\\/\\\/schema.org\",\"@graph\":[{\"@type\":\"WebPage\",\"@id\":\"https:\\\/\\\/herbow.eu\\\/product\\\/herbow-furdoszobai-tisztito-probiotikus-spray-friss-citrus-illattal\\\/\",\"url\":\"https:\\\/\\\/herbow.eu\\\/product\\\/herbow-furdoszobai-tisztito-probiotikus-spray-friss-citrus-illattal\\\/\",\"name\":\"Herbow F\u00fcrd\u0151szobai tiszt\u00edt\u00f3 Probiotikus spray Friss citrus illattal 500 ml - Herbow | International\",\"isPartOf\":{\"@id\":\"https:\\\/\\\/herbow.eu\\\/#website\"},\"primaryImageOfPage\":{\"@id\":\"https:\\\/\\\/herbow.eu\\\/product\\\/herbow-furdoszobai-tisztito-probiotikus-spray-friss-citrus-illattal\\\/#primaryimage\"},\"image\":{\"@id\":\"https:\\\/\\\/herbow.eu\\\/product\\\/herbow-furdoszobai-tisztito-probiotikus-spray-friss-citrus-illattal\\\/#primaryimage\"},\"thumbnailUrl\":\"https:\\\/\\\/herbow.eu\\\/wp-content\\\/uploads\\\/2025\\\/11\\\/Woo_base_2000x2000_16015_furdoszobai_tisztitoszer_stancolt_500ml_v7_latvany.png\",\"datePublished\":\"2025-08-18T09:05:57+00:00\",\"dateModified\":\"2026-03-17T09:58:17+00:00\",\"description\":\"A Herbow Probiotikus F\u00fcrd\u0151szobai Tiszt\u00edt\u00f3 hat\u00e9konyan oldja a v\u00edzk\u00f6vet, szappanmaradv\u00e1nyokat \u00e9s rozsdafoltokat. J\u00f3t\u00e9kony mikroorganizmusai hosszan gondoskodnak a higi\u00e9nikus, friss tisztas\u00e1gr\u00f3l.\",\"breadcrumb\":{\"@id\":\"https:\\\/\\\/herbow.eu\\\/product\\\/herbow-furdoszobai-tisztito-probiotikus-spray-friss-citrus-illattal\\\/#breadcrumb\"},\"inLanguage\":\"en-GB\",\"potentialAction\":[{\"@type\":\"ReadAction\",\"target\":[\"https:\\\/\\\/herbow.eu\\\/product\\\/herbow-furdoszobai-tisztito-probiotikus-spray-friss-citrus-illattal\\\/\"]}]},{\"@type\":\"ImageObject\",\"inLanguage\":\"en-GB\",\"@id\":\"https:\\\/\\\/herbow.eu\\\/product\\\/herbow-furdoszobai-tisztito-probiotikus-spray-friss-citrus-illattal\\\/#primaryimage\",\"url\":\"https:\\\/\\\/herbow.eu\\\/wp-content\\\/uploads\\\/2025\\\/11\\\/Woo_base_2000x2000_16015_furdoszobai_tisztitoszer_stancolt_500ml_v7_latvany.png\",\"contentUrl\":\"https:\\\/\\\/herbow.eu\\\/wp-content\\\/uploads\\\/2025\\\/11\\\/Woo_base_2000x2000_16015_furdoszobai_tisztitoszer_stancolt_500ml_v7_latvany.png\",\"width\":2000,\"height\":2000},{\"@type\":\"BreadcrumbList\",\"@id\":\"https:\\\/\\\/herbow.eu\\\/product\\\/herbow-furdoszobai-tisztito-probiotikus-spray-friss-citrus-illattal\\\/#breadcrumb\",\"itemListElement\":[{\"@type\":\"ListItem\",\"position\":1,\"name\":\"Kezd\u0151lap\",\"item\":\"https:\\\/\\\/herbow.eu\\\/\"},{\"@type\":\"ListItem\",\"position\":2,\"name\":\"Shop\",\"item\":\"https:\\\/\\\/herbow.eu\\\/shop\\\/\"},{\"@type\":\"ListItem\",\"position\":3,\"name\":\"Herbow F\u00fcrd\u0151szobai tiszt\u00edt\u00f3 Probiotikus spray Friss citrus illattal 500 ml\"}]},{\"@type\":\"WebSite\",\"@id\":\"https:\\\/\\\/herbow.eu\\\/#website\",\"url\":\"https:\\\/\\\/herbow.eu\\\/\",\"name\":\"Herbow | Herbal Organic World\",\"description\":\"Herbal Organic World\",\"publisher\":{\"@id\":\"https:\\\/\\\/herbow.eu\\\/#organization\"},\"potentialAction\":[{\"@type\":\"SearchAction\",\"target\":{\"@type\":\"EntryPoint\",\"urlTemplate\":\"https:\\\/\\\/herbow.eu\\\/?s={search_term_string}\"},\"query-input\":{\"@type\":\"PropertyValueSpecification\",\"valueRequired\":true,\"valueName\":\"search_term_string\"}}],\"inLanguage\":\"en-GB\"},{\"@type\":\"Organization\",\"@id\":\"https:\\\/\\\/herbow.eu\\\/#organization\",\"name\":\"Herbow International Zrt.\",\"url\":\"https:\\\/\\\/herbow.eu\\\/\",\"logo\":{\"@type\":\"ImageObject\",\"inLanguage\":\"en-GB\",\"@id\":\"https:\\\/\\\/herbow.eu\\\/#\\\/schema\\\/logo\\\/image\\\/\",\"url\":\"https:\\\/\\\/herbow.eu\\\/wp-content\\\/uploads\\\/2025\\\/07\\\/herbow_logo_hun_2021-01_w-slogan_no-background.png\",\"contentUrl\":\"https:\\\/\\\/herbow.eu\\\/wp-content\\\/uploads\\\/2025\\\/07\\\/herbow_logo_hun_2021-01_w-slogan_no-background.png\",\"width\":2366,\"height\":1732,\"caption\":\"Herbow International Zrt.\"},\"image\":{\"@id\":\"https:\\\/\\\/herbow.eu\\\/#\\\/schema\\\/logo\\\/image\\\/\"},\"sameAs\":[\"https:\\\/\\\/www.facebook.com\\\/herbowmosodioslabda\\\/\",\"https:\\\/\\\/www.instagram.com\\\/herbowmosodioslabda\\\/\"]}]}<\/script>\n<!-- \/ Yoast SEO plugin. -->","yoast_head_json":{"title":"Herbow Bathroom Cleaner Probiotic Spray Fresh Citrus Scent 500 ml - Herbow | International","description":"Herbow Probiotic Bathroom Cleaner effectively removes limescale, soap scum, and rust stains. Its beneficial microorganisms ensure hygienic, fresh cleanliness for a long time.","robots":{"index":"index","follow":"follow","max-snippet":"max-snippet:-1","max-image-preview":"max-image-preview:large","max-video-preview":"max-video-preview:-1"},"canonical":"https:\/\/herbow.eu\/en\/product\/herbow-probiotic-bathroom-cleaner-with-fresh-citrus-scent\/","og_locale":"en_GB","og_type":"article","og_title":"Herbow F\u00fcrd\u0151szobai tiszt\u00edt\u00f3 Probiotikus spray Friss citrus illattal 500 ml - Herbow | International","og_description":"A Herbow Probiotikus F\u00fcrd\u0151szobai Tiszt\u00edt\u00f3 hat\u00e9konyan oldja a v\u00edzk\u00f6vet, szappanmaradv\u00e1nyokat \u00e9s rozsdafoltokat. J\u00f3t\u00e9kony mikroorganizmusai hosszan gondoskodnak a higi\u00e9nikus, friss tisztas\u00e1gr\u00f3l.","og_url":"https:\/\/herbow.eu\/en\/product\/herbow-probiotic-bathroom-cleaner-with-fresh-citrus-scent\/","og_site_name":"Herbow | International","article_publisher":"https:\/\/www.facebook.com\/herbowmosodioslabda\/","article_modified_time":"2026-03-17T09:58:17+00:00","og_image":[{"width":2000,"height":2000,"url":"https:\/\/herbow.eu\/wp-content\/uploads\/2025\/11\/Woo_base_2000x2000_16015_furdoszobai_tisztitoszer_stancolt_500ml_v7_latvany.png","type":"image\/png"}],"twitter_card":"summary_large_image","twitter_misc":{"Estimated reading time":"1 minute"},"schema":{"@context":"https:\/\/schema.org","@graph":[{"@type":"WebPage","@id":"https:\/\/herbow.eu\/product\/herbow-furdoszobai-tisztito-probiotikus-spray-friss-citrus-illattal\/","url":"https:\/\/herbow.eu\/product\/herbow-furdoszobai-tisztito-probiotikus-spray-friss-citrus-illattal\/","name":"Herbow Bathroom Cleaner Probiotic Spray Fresh Citrus Scent 500 ml - Herbow | International","isPartOf":{"@id":"https:\/\/herbow.eu\/#website"},"primaryImageOfPage":{"@id":"https:\/\/herbow.eu\/product\/herbow-furdoszobai-tisztito-probiotikus-spray-friss-citrus-illattal\/#primaryimage"},"image":{"@id":"https:\/\/herbow.eu\/product\/herbow-furdoszobai-tisztito-probiotikus-spray-friss-citrus-illattal\/#primaryimage"},"thumbnailUrl":"https:\/\/herbow.eu\/wp-content\/uploads\/2025\/11\/Woo_base_2000x2000_16015_furdoszobai_tisztitoszer_stancolt_500ml_v7_latvany.png","datePublished":"2025-08-18T09:05:57+00:00","dateModified":"2026-03-17T09:58:17+00:00","description":"Herbow Probiotic Bathroom Cleaner effectively removes limescale, soap scum, and rust stains. Its beneficial microorganisms ensure hygienic, fresh cleanliness for a long time.","breadcrumb":{"@id":"https:\/\/herbow.eu\/product\/herbow-furdoszobai-tisztito-probiotikus-spray-friss-citrus-illattal\/#breadcrumb"},"inLanguage":"en-GB","potentialAction":[{"@type":"ReadAction","target":["https:\/\/herbow.eu\/product\/herbow-furdoszobai-tisztito-probiotikus-spray-friss-citrus-illattal\/"]}]},{"@type":"ImageObject","inLanguage":"en-GB","@id":"https:\/\/herbow.eu\/product\/herbow-furdoszobai-tisztito-probiotikus-spray-friss-citrus-illattal\/#primaryimage","url":"https:\/\/herbow.eu\/wp-content\/uploads\/2025\/11\/Woo_base_2000x2000_16015_furdoszobai_tisztitoszer_stancolt_500ml_v7_latvany.png","contentUrl":"https:\/\/herbow.eu\/wp-content\/uploads\/2025\/11\/Woo_base_2000x2000_16015_furdoszobai_tisztitoszer_stancolt_500ml_v7_latvany.png","width":2000,"height":2000},{"@type":"BreadcrumbList","@id":"https:\/\/herbow.eu\/product\/herbow-furdoszobai-tisztito-probiotikus-spray-friss-citrus-illattal\/#breadcrumb","itemListElement":[{"@type":"ListItem","position":1,"name":"Kezd\u0151lap","item":"https:\/\/herbow.eu\/"},{"@type":"ListItem","position":2,"name":"Shop","item":"https:\/\/herbow.eu\/shop\/"},{"@type":"ListItem","position":3,"name":"Herbow F\u00fcrd\u0151szobai tiszt\u00edt\u00f3 Probiotikus spray Friss citrus illattal 500 ml"}]},{"@type":"WebSite","@id":"https:\/\/herbow.eu\/#website","url":"https:\/\/herbow.eu\/","name":"Herbow | Herbal Organic World","description":"Herbal Organic World","publisher":{"@id":"https:\/\/herbow.eu\/#organization"},"potentialAction":[{"@type":"SearchAction","target":{"@type":"EntryPoint","urlTemplate":"https:\/\/herbow.eu\/?s={search_term_string}"},"query-input":{"@type":"PropertyValueSpecification","valueRequired":true,"valueName":"search_term_string"}}],"inLanguage":"en-GB"},{"@type":"Organization","@id":"https:\/\/herbow.eu\/#organization","name":"Herbow International Zrt.","url":"https:\/\/herbow.eu\/","logo":{"@type":"ImageObject","inLanguage":"en-GB","@id":"https:\/\/herbow.eu\/#\/schema\/logo\/image\/","url":"https:\/\/herbow.eu\/wp-content\/uploads\/2025\/07\/herbow_logo_hun_2021-01_w-slogan_no-background.png","contentUrl":"https:\/\/herbow.eu\/wp-content\/uploads\/2025\/07\/herbow_logo_hun_2021-01_w-slogan_no-background.png","width":2366,"height":1732,"caption":"Herbow International Zrt."},"image":{"@id":"https:\/\/herbow.eu\/#\/schema\/logo\/image\/"},"sameAs":["https:\/\/www.facebook.com\/herbowmosodioslabda\/","https:\/\/www.instagram.com\/herbowmosodioslabda\/"]}]}},"jetpack_likes_enabled":true,"jetpack_sharing_enabled":true,"_links":{"self":[{"href":"https:\/\/herbow.eu\/en\/wp-json\/wp\/v2\/product\/1031","targetHints":{"allow":["GET"]}}],"collection":[{"href":"https:\/\/herbow.eu\/en\/wp-json\/wp\/v2\/product"}],"about":[{"href":"https:\/\/herbow.eu\/en\/wp-json\/wp\/v2\/types\/product"}],"replies":[{"embeddable":true,"href":"https:\/\/herbow.eu\/en\/wp-json\/wp\/v2\/comments?post=1031"}],"wp:featuredmedia":[{"embeddable":true,"href":"https:\/\/herbow.eu\/en\/wp-json\/wp\/v2\/media\/1140"}],"wp:attachment":[{"href":"https:\/\/herbow.eu\/en\/wp-json\/wp\/v2\/media?parent=1031"}],"wp:term":[{"taxonomy":"product_brand","embeddable":true,"href":"https:\/\/herbow.eu\/en\/wp-json\/wp\/v2\/product_brand?post=1031"},{"taxonomy":"product_cat","embeddable":true,"href":"https:\/\/herbow.eu\/en\/wp-json\/wp\/v2\/product_cat?post=1031"},{"taxonomy":"product_tag","embeddable":true,"href":"https:\/\/herbow.eu\/en\/wp-json\/wp\/v2\/product_tag?post=1031"}],"curies":[{"name":"wp","href":"https:\/\/api.w.org\/{rel}","templated":true}]}}