{"id":1018,"date":"2025-08-18T11:05:55","date_gmt":"2025-08-18T09:05:55","guid":{"rendered":"https:\/\/herbow.eu\/product\/herbow-folyekony-mososzer-feher-ruhakhoz-fairy-white-sun-soft-friss-illat-2\/"},"modified":"2026-03-17T10:58:47","modified_gmt":"2026-03-17T09:58:47","slug":"herbow-liquid-laundry-detergent-for-white-clothes-fairy-white-sun-soft-fresh-fragrance-2","status":"publish","type":"product","link":"https:\/\/herbow.eu\/en\/product\/herbow-folyekony-mososzer-feher-ruhakhoz-fairy-white-sun-soft-friss-illat-2\/","title":{"rendered":"Herbow liquid detergent for white laundry - Fresh scent"},"content":{"rendered":"<p>A Herbow foly\u00e9kony mos\u00f3szer feh\u00e9r ruh\u00e1khoz friss illattal a term\u00e9szetes tisztas\u00e1g \u00e9lm\u00e9ny\u00e9t hozza el a mindennapi mos\u00e1sba. K\u00edm\u00e9letes elj\u00e1r\u00e1ssal kinyert 12%-os mos\u00f3di\u00f3-extraktumot \u00e9s bioenzimeket tartalmaz, amelyek m\u00e1r alacsony h\u0151fokon is hat\u00e9konyan elt\u00e1vol\u00edtj\u00e1k a szennyez\u0151d\u00e9seket, mik\u00f6zben meg\u0151rzik a text\u00edli\u00e1k puhas\u00e1g\u00e1t \u00e9s a ruh\u00e1k eredeti feh\u00e9rs\u00e9g\u00e9t. Egyed\u00fcl\u00e1ll\u00f3 \u00f6sszet\u00e9tele kimagasl\u00f3 feh\u00e9r\u00edt\u0151- \u00e9s mos\u00f3hat\u00e1st biztos\u00edt optikai feh\u00e9r\u00edt\u0151k n\u00e9lk\u00fcl, \u00edgy a ruh\u00e1k term\u00e9szetesen tiszt\u00e1k, ragyog\u00f3ak \u00e9s frissek maradnak. A finom, friss illat a tisztas\u00e1g klasszikus \u00e9rz\u00e9s\u00e9t id\u00e9zi, term\u00e9szetes, l\u00e1gy \u00e9s \u00fcd\u00edt\u0151, an\u00e9lk\u00fcl hogy tolakod\u00f3 lenne.<br \/>\nThe plant-based, biodegradable formula is gentle on the skin, yet effective against stubborn dirt. It is vegan and environmentally friendly, free from chlorine, phosphates, phosphonates, ammonia, and EDTA.<\/p>\n<ul>\n<li>Capacity: 1000 ml = enough for about 33 washes<\/li>\n<li>Use: for normal soiling, 30 ml of detergent is sufficient for one wash.<\/li>\n<li>Not recommended for wool and silk products.<\/li>\n<\/ul>","protected":false},"excerpt":{"rendered":"<p>Herbow fresh-smelling liquid laundry detergent provides natural cleanliness and brilliant whiteness in every wash. It cleans with gently extracted 12% Washing Nuts Extract and bioenzymes, preserving the softness and fresh scent of fabrics.<\/p>","protected":false},"featured_media":864,"comment_status":"open","ping_status":"closed","template":"","meta":[],"product_brand":[1397],"product_cat":[1398],"product_tag":[1568,1431,1567,1555,1570,1559,1557,1572,1467,1564,1565,1571,1561,1409,1422,1573,1563,1562,1412,1558,1560,1554,1553,1574,1569,1556,1566],"class_list":{"0":"post-1018","1":"product","2":"type-product","3":"status-publish","4":"has-post-thumbnail","6":"product_brand-herbow","7":"product_cat-folyekony-mososzer","8":"product_tag-aktiv-probiotikumok","9":"product_tag-allergenmentes","10":"product_tag-allatkiserlet-mentes","11":"product_tag-elo-probiotikumok","12":"product_tag-oko-haztartasi-tisztitoszer","13":"product_tag-oko-tisztitas","14":"product_tag-biofilm-eltavolitas","15":"product_tag-biofilm-bonto-technologia","16":"product_tag-biologiailag-lebomlo","17":"product_tag-biztonsagos-tisztitas","18":"product_tag-borbarat-tisztitoszer","19":"product_tag-egeszseges-otthon","20":"product_tag-fenntarthato-haztartas","21":"product_tag-herbow","22":"product_tag-herbow-probiotikus","23":"product_tag-herbtech-probiotikus","24":"product_tag-hosszan-tarto-frissesseg","25":"product_tag-illatmentes-opcio","26":"product_tag-kornyezetbarat-tisztitoszer","27":"product_tag-melytisztito-hatas","28":"product_tag-novenyi-alapu-tisztitoszer","29":"product_tag-probiotikus-formula","30":"product_tag-probiotikus-tisztitoszer","31":"product_tag-tartos-mikrobialis-vedelem","32":"product_tag-termeszetes-higienia","33":"product_tag-termeszetes-tisztitas","34":"product_tag-vegan-tisztitoszer","36":"first","37":"instock","38":"taxable","39":"shipping-taxable","40":"product-type-variable"},"yoast_head":"<!-- This site is optimized with the Yoast SEO plugin v27.4 - https:\/\/yoast.com\/product\/yoast-seo-wordpress\/ -->\n<title>Herbow foly\u00e9kony mos\u00f3szer feh\u00e9r ruh\u00e1khoz - Friss illat - Herbow | International<\/title>\n<meta name=\"description\" content=\"A Herbow friss illat\u00fa foly\u00e9kony mos\u00f3szer term\u00e9szetes tisztas\u00e1got \u00e9s ragyog\u00f3 feh\u00e9rs\u00e9get biztos\u00edt minden mos\u00e1sban. K\u00edm\u00e9letes elj\u00e1r\u00e1ssal kinyert 12%-os mos\u00f3di\u00f3-extraktummal \u00e9s bioenzimekkel tiszt\u00edt, meg\u0151rizve a text\u00edli\u00e1k puhas\u00e1g\u00e1t \u00e9s friss illat\u00e1t.\" \/>\n<meta name=\"robots\" content=\"index, follow, max-snippet:-1, max-image-preview:large, max-video-preview:-1\" \/>\n<link rel=\"canonical\" href=\"https:\/\/herbow.eu\/en\/product\/herbow-liquid-laundry-detergent-for-white-clothes-fairy-white-sun-soft-fresh-fragrance-2\/\" \/>\n<meta property=\"og:locale\" content=\"en_GB\" \/>\n<meta property=\"og:type\" content=\"article\" \/>\n<meta property=\"og:title\" content=\"Herbow foly\u00e9kony mos\u00f3szer feh\u00e9r ruh\u00e1khoz - Friss illat - Herbow | International\" \/>\n<meta property=\"og:description\" content=\"A Herbow friss illat\u00fa foly\u00e9kony mos\u00f3szer term\u00e9szetes tisztas\u00e1got \u00e9s ragyog\u00f3 feh\u00e9rs\u00e9get biztos\u00edt minden mos\u00e1sban. K\u00edm\u00e9letes elj\u00e1r\u00e1ssal kinyert 12%-os mos\u00f3di\u00f3-extraktummal \u00e9s bioenzimekkel tiszt\u00edt, meg\u0151rizve a text\u00edli\u00e1k puhas\u00e1g\u00e1t \u00e9s friss illat\u00e1t.\" \/>\n<meta property=\"og:url\" content=\"https:\/\/herbow.eu\/en\/product\/herbow-liquid-laundry-detergent-for-white-clothes-fairy-white-sun-soft-fresh-fragrance-2\/\" \/>\n<meta property=\"og:site_name\" content=\"Herbow | International\" \/>\n<meta property=\"article:publisher\" content=\"https:\/\/www.facebook.com\/herbowmosodioslabda\/\" \/>\n<meta property=\"article:modified_time\" content=\"2026-03-17T09:58:47+00:00\" \/>\n<meta property=\"og:image\" content=\"https:\/\/herbow.eu\/wp-content\/uploads\/2025\/08\/Herbow_folyekony_mososzer_1000ml_redesign_v13_friss.png\" \/>\n\t<meta property=\"og:image:width\" content=\"2000\" \/>\n\t<meta property=\"og:image:height\" content=\"2000\" \/>\n\t<meta property=\"og:image:type\" content=\"image\/png\" \/>\n<meta name=\"twitter:card\" content=\"summary_large_image\" \/>\n<meta name=\"twitter:label1\" content=\"Estimated reading time\" \/>\n\t<meta name=\"twitter:data1\" content=\"1 minute\" \/>\n<script type=\"application\/ld+json\" class=\"yoast-schema-graph\">{\"@context\":\"https:\\\/\\\/schema.org\",\"@graph\":[{\"@type\":\"WebPage\",\"@id\":\"https:\\\/\\\/herbow.eu\\\/product\\\/herbow-folyekony-mososzer-feher-ruhakhoz-fairy-white-sun-soft-friss-illat-2\\\/\",\"url\":\"https:\\\/\\\/herbow.eu\\\/product\\\/herbow-folyekony-mososzer-feher-ruhakhoz-fairy-white-sun-soft-friss-illat-2\\\/\",\"name\":\"Herbow foly\u00e9kony mos\u00f3szer feh\u00e9r ruh\u00e1khoz - Friss illat - Herbow | International\",\"isPartOf\":{\"@id\":\"https:\\\/\\\/herbow.eu\\\/#website\"},\"primaryImageOfPage\":{\"@id\":\"https:\\\/\\\/herbow.eu\\\/product\\\/herbow-folyekony-mososzer-feher-ruhakhoz-fairy-white-sun-soft-friss-illat-2\\\/#primaryimage\"},\"image\":{\"@id\":\"https:\\\/\\\/herbow.eu\\\/product\\\/herbow-folyekony-mososzer-feher-ruhakhoz-fairy-white-sun-soft-friss-illat-2\\\/#primaryimage\"},\"thumbnailUrl\":\"https:\\\/\\\/herbow.eu\\\/wp-content\\\/uploads\\\/2025\\\/08\\\/Herbow_folyekony_mososzer_1000ml_redesign_v13_friss.png\",\"datePublished\":\"2025-08-18T09:05:55+00:00\",\"dateModified\":\"2026-03-17T09:58:47+00:00\",\"description\":\"A Herbow friss illat\u00fa foly\u00e9kony mos\u00f3szer term\u00e9szetes tisztas\u00e1got \u00e9s ragyog\u00f3 feh\u00e9rs\u00e9get biztos\u00edt minden mos\u00e1sban. K\u00edm\u00e9letes elj\u00e1r\u00e1ssal kinyert 12%-os mos\u00f3di\u00f3-extraktummal \u00e9s bioenzimekkel tiszt\u00edt, meg\u0151rizve a text\u00edli\u00e1k puhas\u00e1g\u00e1t \u00e9s friss illat\u00e1t.\",\"breadcrumb\":{\"@id\":\"https:\\\/\\\/herbow.eu\\\/product\\\/herbow-folyekony-mososzer-feher-ruhakhoz-fairy-white-sun-soft-friss-illat-2\\\/#breadcrumb\"},\"inLanguage\":\"en-GB\",\"potentialAction\":[{\"@type\":\"ReadAction\",\"target\":[\"https:\\\/\\\/herbow.eu\\\/product\\\/herbow-folyekony-mososzer-feher-ruhakhoz-fairy-white-sun-soft-friss-illat-2\\\/\"]}]},{\"@type\":\"ImageObject\",\"inLanguage\":\"en-GB\",\"@id\":\"https:\\\/\\\/herbow.eu\\\/product\\\/herbow-folyekony-mososzer-feher-ruhakhoz-fairy-white-sun-soft-friss-illat-2\\\/#primaryimage\",\"url\":\"https:\\\/\\\/herbow.eu\\\/wp-content\\\/uploads\\\/2025\\\/08\\\/Herbow_folyekony_mososzer_1000ml_redesign_v13_friss.png\",\"contentUrl\":\"https:\\\/\\\/herbow.eu\\\/wp-content\\\/uploads\\\/2025\\\/08\\\/Herbow_folyekony_mososzer_1000ml_redesign_v13_friss.png\",\"width\":2000,\"height\":2000},{\"@type\":\"BreadcrumbList\",\"@id\":\"https:\\\/\\\/herbow.eu\\\/product\\\/herbow-folyekony-mososzer-feher-ruhakhoz-fairy-white-sun-soft-friss-illat-2\\\/#breadcrumb\",\"itemListElement\":[{\"@type\":\"ListItem\",\"position\":1,\"name\":\"Kezd\u0151lap\",\"item\":\"https:\\\/\\\/herbow.eu\\\/\"},{\"@type\":\"ListItem\",\"position\":2,\"name\":\"Shop\",\"item\":\"https:\\\/\\\/herbow.eu\\\/shop\\\/\"},{\"@type\":\"ListItem\",\"position\":3,\"name\":\"Herbow foly\u00e9kony mos\u00f3szer feh\u00e9r ruh\u00e1khoz &#8211; Friss illat\"}]},{\"@type\":\"WebSite\",\"@id\":\"https:\\\/\\\/herbow.eu\\\/#website\",\"url\":\"https:\\\/\\\/herbow.eu\\\/\",\"name\":\"Herbow | Herbal Organic World\",\"description\":\"Herbal Organic World\",\"publisher\":{\"@id\":\"https:\\\/\\\/herbow.eu\\\/#organization\"},\"potentialAction\":[{\"@type\":\"SearchAction\",\"target\":{\"@type\":\"EntryPoint\",\"urlTemplate\":\"https:\\\/\\\/herbow.eu\\\/?s={search_term_string}\"},\"query-input\":{\"@type\":\"PropertyValueSpecification\",\"valueRequired\":true,\"valueName\":\"search_term_string\"}}],\"inLanguage\":\"en-GB\"},{\"@type\":\"Organization\",\"@id\":\"https:\\\/\\\/herbow.eu\\\/#organization\",\"name\":\"Herbow International Zrt.\",\"url\":\"https:\\\/\\\/herbow.eu\\\/\",\"logo\":{\"@type\":\"ImageObject\",\"inLanguage\":\"en-GB\",\"@id\":\"https:\\\/\\\/herbow.eu\\\/#\\\/schema\\\/logo\\\/image\\\/\",\"url\":\"https:\\\/\\\/herbow.eu\\\/wp-content\\\/uploads\\\/2025\\\/07\\\/herbow_logo_hun_2021-01_w-slogan_no-background.png\",\"contentUrl\":\"https:\\\/\\\/herbow.eu\\\/wp-content\\\/uploads\\\/2025\\\/07\\\/herbow_logo_hun_2021-01_w-slogan_no-background.png\",\"width\":2366,\"height\":1732,\"caption\":\"Herbow International Zrt.\"},\"image\":{\"@id\":\"https:\\\/\\\/herbow.eu\\\/#\\\/schema\\\/logo\\\/image\\\/\"},\"sameAs\":[\"https:\\\/\\\/www.facebook.com\\\/herbowmosodioslabda\\\/\",\"https:\\\/\\\/www.instagram.com\\\/herbowmosodioslabda\\\/\"]}]}<\/script>\n<!-- \/ Yoast SEO plugin. -->","yoast_head_json":{"title":"Herbow Liquid Detergent for White Clothes - Fresh Scent - Herbow | International","description":"Herbow fresh-smelling liquid laundry detergent provides natural cleanliness and brilliant whiteness in every wash. It cleans with gently extracted 12% Washing Nuts Extract and bioenzymes, preserving the softness and fresh scent of fabrics.","robots":{"index":"index","follow":"follow","max-snippet":"max-snippet:-1","max-image-preview":"max-image-preview:large","max-video-preview":"max-video-preview:-1"},"canonical":"https:\/\/herbow.eu\/en\/product\/herbow-liquid-laundry-detergent-for-white-clothes-fairy-white-sun-soft-fresh-fragrance-2\/","og_locale":"en_GB","og_type":"article","og_title":"Herbow foly\u00e9kony mos\u00f3szer feh\u00e9r ruh\u00e1khoz - Friss illat - Herbow | International","og_description":"A Herbow friss illat\u00fa foly\u00e9kony mos\u00f3szer term\u00e9szetes tisztas\u00e1got \u00e9s ragyog\u00f3 feh\u00e9rs\u00e9get biztos\u00edt minden mos\u00e1sban. K\u00edm\u00e9letes elj\u00e1r\u00e1ssal kinyert 12%-os mos\u00f3di\u00f3-extraktummal \u00e9s bioenzimekkel tiszt\u00edt, meg\u0151rizve a text\u00edli\u00e1k puhas\u00e1g\u00e1t \u00e9s friss illat\u00e1t.","og_url":"https:\/\/herbow.eu\/en\/product\/herbow-liquid-laundry-detergent-for-white-clothes-fairy-white-sun-soft-fresh-fragrance-2\/","og_site_name":"Herbow | International","article_publisher":"https:\/\/www.facebook.com\/herbowmosodioslabda\/","article_modified_time":"2026-03-17T09:58:47+00:00","og_image":[{"width":2000,"height":2000,"url":"https:\/\/herbow.eu\/wp-content\/uploads\/2025\/08\/Herbow_folyekony_mososzer_1000ml_redesign_v13_friss.png","type":"image\/png"}],"twitter_card":"summary_large_image","twitter_misc":{"Estimated reading time":"1 minute"},"schema":{"@context":"https:\/\/schema.org","@graph":[{"@type":"WebPage","@id":"https:\/\/herbow.eu\/product\/herbow-folyekony-mososzer-feher-ruhakhoz-fairy-white-sun-soft-friss-illat-2\/","url":"https:\/\/herbow.eu\/product\/herbow-folyekony-mososzer-feher-ruhakhoz-fairy-white-sun-soft-friss-illat-2\/","name":"Herbow Liquid Detergent for White Clothes - Fresh Scent - Herbow | International","isPartOf":{"@id":"https:\/\/herbow.eu\/#website"},"primaryImageOfPage":{"@id":"https:\/\/herbow.eu\/product\/herbow-folyekony-mososzer-feher-ruhakhoz-fairy-white-sun-soft-friss-illat-2\/#primaryimage"},"image":{"@id":"https:\/\/herbow.eu\/product\/herbow-folyekony-mososzer-feher-ruhakhoz-fairy-white-sun-soft-friss-illat-2\/#primaryimage"},"thumbnailUrl":"https:\/\/herbow.eu\/wp-content\/uploads\/2025\/08\/Herbow_folyekony_mososzer_1000ml_redesign_v13_friss.png","datePublished":"2025-08-18T09:05:55+00:00","dateModified":"2026-03-17T09:58:47+00:00","description":"Herbow fresh-smelling liquid laundry detergent provides natural cleanliness and brilliant whiteness in every wash. It cleans with gently extracted 12% Washing Nuts Extract and bioenzymes, preserving the softness and fresh scent of fabrics.","breadcrumb":{"@id":"https:\/\/herbow.eu\/product\/herbow-folyekony-mososzer-feher-ruhakhoz-fairy-white-sun-soft-friss-illat-2\/#breadcrumb"},"inLanguage":"en-GB","potentialAction":[{"@type":"ReadAction","target":["https:\/\/herbow.eu\/product\/herbow-folyekony-mososzer-feher-ruhakhoz-fairy-white-sun-soft-friss-illat-2\/"]}]},{"@type":"ImageObject","inLanguage":"en-GB","@id":"https:\/\/herbow.eu\/product\/herbow-folyekony-mososzer-feher-ruhakhoz-fairy-white-sun-soft-friss-illat-2\/#primaryimage","url":"https:\/\/herbow.eu\/wp-content\/uploads\/2025\/08\/Herbow_folyekony_mososzer_1000ml_redesign_v13_friss.png","contentUrl":"https:\/\/herbow.eu\/wp-content\/uploads\/2025\/08\/Herbow_folyekony_mososzer_1000ml_redesign_v13_friss.png","width":2000,"height":2000},{"@type":"BreadcrumbList","@id":"https:\/\/herbow.eu\/product\/herbow-folyekony-mososzer-feher-ruhakhoz-fairy-white-sun-soft-friss-illat-2\/#breadcrumb","itemListElement":[{"@type":"ListItem","position":1,"name":"Kezd\u0151lap","item":"https:\/\/herbow.eu\/"},{"@type":"ListItem","position":2,"name":"Shop","item":"https:\/\/herbow.eu\/shop\/"},{"@type":"ListItem","position":3,"name":"Herbow foly\u00e9kony mos\u00f3szer feh\u00e9r ruh\u00e1khoz &#8211; Friss illat"}]},{"@type":"WebSite","@id":"https:\/\/herbow.eu\/#website","url":"https:\/\/herbow.eu\/","name":"Herbow | Herbal Organic World","description":"Herbal Organic World","publisher":{"@id":"https:\/\/herbow.eu\/#organization"},"potentialAction":[{"@type":"SearchAction","target":{"@type":"EntryPoint","urlTemplate":"https:\/\/herbow.eu\/?s={search_term_string}"},"query-input":{"@type":"PropertyValueSpecification","valueRequired":true,"valueName":"search_term_string"}}],"inLanguage":"en-GB"},{"@type":"Organization","@id":"https:\/\/herbow.eu\/#organization","name":"Herbow International Zrt.","url":"https:\/\/herbow.eu\/","logo":{"@type":"ImageObject","inLanguage":"en-GB","@id":"https:\/\/herbow.eu\/#\/schema\/logo\/image\/","url":"https:\/\/herbow.eu\/wp-content\/uploads\/2025\/07\/herbow_logo_hun_2021-01_w-slogan_no-background.png","contentUrl":"https:\/\/herbow.eu\/wp-content\/uploads\/2025\/07\/herbow_logo_hun_2021-01_w-slogan_no-background.png","width":2366,"height":1732,"caption":"Herbow International Zrt."},"image":{"@id":"https:\/\/herbow.eu\/#\/schema\/logo\/image\/"},"sameAs":["https:\/\/www.facebook.com\/herbowmosodioslabda\/","https:\/\/www.instagram.com\/herbowmosodioslabda\/"]}]}},"jetpack_likes_enabled":true,"jetpack_sharing_enabled":true,"_links":{"self":[{"href":"https:\/\/herbow.eu\/en\/wp-json\/wp\/v2\/product\/1018","targetHints":{"allow":["GET"]}}],"collection":[{"href":"https:\/\/herbow.eu\/en\/wp-json\/wp\/v2\/product"}],"about":[{"href":"https:\/\/herbow.eu\/en\/wp-json\/wp\/v2\/types\/product"}],"replies":[{"embeddable":true,"href":"https:\/\/herbow.eu\/en\/wp-json\/wp\/v2\/comments?post=1018"}],"wp:featuredmedia":[{"embeddable":true,"href":"https:\/\/herbow.eu\/en\/wp-json\/wp\/v2\/media\/864"}],"wp:attachment":[{"href":"https:\/\/herbow.eu\/en\/wp-json\/wp\/v2\/media?parent=1018"}],"wp:term":[{"taxonomy":"product_brand","embeddable":true,"href":"https:\/\/herbow.eu\/en\/wp-json\/wp\/v2\/product_brand?post=1018"},{"taxonomy":"product_cat","embeddable":true,"href":"https:\/\/herbow.eu\/en\/wp-json\/wp\/v2\/product_cat?post=1018"},{"taxonomy":"product_tag","embeddable":true,"href":"https:\/\/herbow.eu\/en\/wp-json\/wp\/v2\/product_tag?post=1018"}],"curies":[{"name":"wp","href":"https:\/\/api.w.org\/{rel}","templated":true}]}}