{"id":2112,"date":"2025-12-15T11:00:51","date_gmt":"2025-12-15T10:00:51","guid":{"rendered":"https:\/\/herbow.eu\/?post_type=product&#038;p=2112"},"modified":"2026-03-17T10:58:47","modified_gmt":"2026-03-17T09:58:47","slug":"herbow-3in1-%ce%ac%cf%81%cf%89%ce%bc%ce%b1-%cf%80%ce%bb%cf%85%ce%bd%cf%84%ce%b7%cf%81%ce%af%ce%bf%cf%85-%ce%bb%ce%b5%cf%85%ce%ba%ce%ae%cf%82-%ce%b1%ce%b3%ce%ac%cf%80%ce%b7%cf%82","status":"publish","type":"product","link":"https:\/\/herbow.eu\/el\/product\/herbow-3in1-mosoparfum-feher-szerelem\/","title":{"rendered":"Herbow 3in1 Wash \u0386\u03c1\u03c9\u03bc\u03b1 \u039b\u03b5\u03c5\u03ba\u03ae \u0391\u03b3\u03ac\u03c0\u03b7"},"content":{"rendered":"<p>\u03a4\u03bf \u03c5\u03b3\u03c1\u03cc \u03b1\u03c0\u03bf\u03c1\u03c1\u03c5\u03c0\u03b1\u03bd\u03c4\u03b9\u03ba\u03cc \u03c0\u03bb\u03c5\u03bd\u03c4\u03b7\u03c1\u03af\u03bf\u03c5 \u03c1\u03bf\u03cd\u03c7\u03c9\u03bd \u03bc\u03b5 \u03ac\u03c1\u03c9\u03bc\u03b1 \u03c0\u03c1\u03ac\u03c3\u03b9\u03bd\u03bf\u03c5 \u03c4\u03c3\u03b1\u03b3\u03b9\u03bf\u03cd Herbow \u03c3\u03c5\u03bd\u03b4\u03c5\u03ac\u03b6\u03b5\u03b9 \u03c4\u03b7 \u03b4\u03cd\u03bd\u03b1\u03bc\u03b7 \u03c4\u03b7\u03c2 \u03c6\u03cd\u03c3\u03b7\u03c2 \u03bc\u03b5 \u03c4\u03b7 \u03c3\u03cd\u03b3\u03c7\u03c1\u03bf\u03bd\u03b7 \u03c4\u03b5\u03c7\u03bd\u03bf\u03bb\u03bf\u03b3\u03af\u03b1 \u03c0\u03bb\u03c5\u03bd\u03c4\u03b7\u03c1\u03af\u03bf\u03c5 \u03b3\u03b9\u03b1 \u03bd\u03b1 \u03b4\u03b9\u03b1\u03c4\u03b7\u03c1\u03ae\u03c3\u03b5\u03b9 \u03c4\u03b1 \u03c0\u03bf\u03bb\u03cd\u03c7\u03c1\u03c9\u03bc\u03b1 \u03c1\u03bf\u03cd\u03c7\u03b1 \u03c3\u03b1\u03c2 \u03b6\u03c9\u03bd\u03c4\u03b1\u03bd\u03ac, \u03b1\u03c0\u03b1\u03bb\u03ac \u03ba\u03b1\u03b9 \u03c6\u03c1\u03ad\u03c3\u03ba\u03b1 \u03b3\u03b9\u03b1 \u03bc\u03b5\u03b3\u03b1\u03bb\u03cd\u03c4\u03b5\u03c1\u03bf \u03c7\u03c1\u03bf\u03bd\u03b9\u03ba\u03cc \u03b4\u03b9\u03ac\u03c3\u03c4\u03b7\u03bc\u03b1.<\/p>\n<p><strong>\u03a6\u03c5\u03c3\u03b9\u03ba\u03cc\u03c2 \u03ba\u03b1\u03b8\u03b1\u03c1\u03b9\u03c3\u03bc\u03cc\u03c2, \u03b1\u03c0\u03b1\u03bb\u03ae \u03c6\u03c1\u03bf\u03bd\u03c4\u03af\u03b4\u03b1<\/strong><br \/>\n\u03a4\u03bf \u03b1\u03c0\u03bf\u03c1\u03c1\u03c5\u03c0\u03b1\u03bd\u03c4\u03b9\u03ba\u03cc \u03c0\u03b5\u03c1\u03b9\u03ad\u03c7\u03b5\u03b9 \u03b5\u03ba\u03c7\u03c5\u03bb\u03af\u03c3\u03bc\u03b1\u03c4\u03b1 \u03b1\u03c0\u03cc \u03be\u03b7\u03c1\u03bf\u03cd\u03c2 \u03ba\u03b1\u03c1\u03c0\u03bf\u03cd\u03c2 \u03ba\u03b1\u03b9 \u03b2\u03b9\u03bf\u03ad\u03bd\u03b6\u03c5\u03bc\u03b1 \u03c0\u03bf\u03c5 \u03b4\u03b9\u03b1\u03c3\u03c0\u03bf\u03cd\u03bd \u03b1\u03c0\u03bf\u03c4\u03b5\u03bb\u03b5\u03c3\u03bc\u03b1\u03c4\u03b9\u03ba\u03ac \u03c4\u03b7 \u03b2\u03c1\u03c9\u03bc\u03b9\u03ac, \u03b5\u03bd\u03ce \u03c0\u03b1\u03c1\u03ac\u03bb\u03bb\u03b7\u03bb\u03b1 \u03b5\u03af\u03bd\u03b1\u03b9 \u03ae\u03c0\u03b9\u03b1 \u03b3\u03b9\u03b1 \u03c4\u03b9\u03c2 \u03c5\u03c6\u03b1\u03bd\u03c4\u03b9\u03ba\u03ad\u03c2 \u03af\u03bd\u03b5\u03c2. \u0392\u03bf\u03b7\u03b8\u03ac \u03c3\u03c4\u03b7\u03bd \u03c0\u03c1\u03cc\u03bb\u03b7\u03c8\u03b7 \u03c4\u03bf\u03c5 \u03be\u03b5\u03b8\u03c9\u03c1\u03b9\u03ac\u03c3\u03bc\u03b1\u03c4\u03bf\u03c2 \u03c4\u03c9\u03bd \u03c7\u03c1\u03c9\u03bc\u03ac\u03c4\u03c9\u03bd, \u03ce\u03c3\u03c4\u03b5 \u03c4\u03b1 \u03c1\u03bf\u03cd\u03c7\u03b1 \u03c3\u03b1\u03c2 \u03bd\u03b1 \u03b4\u03b9\u03b1\u03c4\u03b7\u03c1\u03bf\u03cd\u03bd \u03c4\u03b7\u03bd \u03b1\u03c1\u03c7\u03b9\u03ba\u03ae \u03c4\u03bf\u03c5\u03c2 \u03b5\u03bc\u03c6\u03ac\u03bd\u03b9\u03c3\u03b7 \u03b3\u03b9\u03b1 \u03bc\u03b5\u03b3\u03b1\u03bb\u03cd\u03c4\u03b5\u03c1\u03bf \u03c7\u03c1\u03bf\u03bd\u03b9\u03ba\u03cc \u03b4\u03b9\u03ac\u03c3\u03c4\u03b7\u03bc\u03b1.<\/p>\n<p><strong>\u03a6\u03c1\u03ad\u03c3\u03ba\u03bf, \u03c6\u03c5\u03c3\u03b9\u03ba\u03cc \u03ac\u03c1\u03c9\u03bc\u03b1 \u03c0\u03c1\u03ac\u03c3\u03b9\u03bd\u03bf\u03c5 \u03c4\u03c3\u03b1\u03b3\u03b9\u03bf\u03cd<\/strong><br \/>\n\u03a4\u03bf \u03bb\u03b5\u03c0\u03c4\u03cc, \u03ba\u03b1\u03b8\u03b1\u03c1\u03cc \u03ac\u03c1\u03c9\u03bc\u03b1 \u03c0\u03c1\u03ac\u03c3\u03b9\u03bd\u03bf\u03c5 \u03c4\u03c3\u03b1\u03b3\u03b9\u03bf\u03cd \u03b1\u03c6\u03ae\u03bd\u03b5\u03b9 \u03bc\u03b9\u03b1 \u03b5\u03c5\u03c7\u03ac\u03c1\u03b9\u03c3\u03c4\u03b7, \u03c6\u03c1\u03ad\u03c3\u03ba\u03b9\u03b1 \u03b1\u03af\u03c3\u03b8\u03b7\u03c3\u03b7 \u03bc\u03b5\u03c4\u03ac \u03c4\u03bf \u03c0\u03bb\u03cd\u03c3\u03b9\u03bc\u03bf \u03c7\u03c9\u03c1\u03af\u03c2 \u03bd\u03b1 \u03b5\u03af\u03bd\u03b1\u03b9 \u03b5\u03bd\u03bf\u03c7\u03bb\u03b7\u03c4\u03b9\u03ba\u03cc. \u0399\u03b4\u03b1\u03bd\u03b9\u03ba\u03cc \u03b3\u03b9\u03b1 \u03ba\u03b1\u03b8\u03b7\u03bc\u03b5\u03c1\u03b9\u03bd\u03ae \u03c7\u03c1\u03ae\u03c3\u03b7, \u03c1\u03bf\u03cd\u03c7\u03b1 \u03b5\u03c1\u03b3\u03b1\u03c3\u03af\u03b1\u03c2 \u03ba\u03b1\u03b9 \u03bf\u03b9\u03ba\u03bf\u03b3\u03b5\u03bd\u03b5\u03b9\u03b1\u03ba\u03ac \u03c5\u03c6\u03ac\u03c3\u03bc\u03b1\u03c4\u03b1.<\/p>\n<p><strong>\u0393\u03b9\u03b1\u03c4\u03af \u03bd\u03b1 \u03b5\u03c0\u03b9\u03bb\u03ad\u03be\u03b5\u03c4\u03b5 \u03c4\u03bf \u03b1\u03c0\u03bf\u03c1\u03c1\u03c5\u03c0\u03b1\u03bd\u03c4\u03b9\u03ba\u03cc \u03c0\u03c1\u03ac\u03c3\u03b9\u03bd\u03bf\u03c5 \u03c4\u03c3\u03b1\u03b3\u03b9\u03bf\u03cd Herbow;<\/strong><\/p>\n<ul>\n<li>\u0391\u03bd\u03b1\u03c0\u03c4\u03cd\u03c7\u03b8\u03b7\u03ba\u03b5 \u03b3\u03b9\u03b1 \u03c7\u03c1\u03c9\u03bc\u03b1\u03c4\u03b9\u03c3\u03c4\u03ac \u03c1\u03bf\u03cd\u03c7\u03b1<\/li>\n<li>\u039c\u03b5 \u03b5\u03ba\u03c7\u03cd\u03bb\u03b9\u03c3\u03bc\u03b1 mosodi \u03ba\u03b1\u03b9 \u03b2\u03b9\u03bf\u03ad\u03bd\u03b6\u03c5\u03bc\u03b1<\/li>\n<li>\u0391\u03c0\u03b1\u03bb\u03cc \u03b3\u03b9\u03b1 \u03c4\u03b9\u03c2 \u03c5\u03c6\u03b1\u03bd\u03c4\u03b9\u03ba\u03ad\u03c2 \u03af\u03bd\u03b5\u03c2<\/li>\n<li>\u0392\u03bf\u03b7\u03b8\u03ac \u03c3\u03c4\u03b7 \u03b4\u03b9\u03b1\u03c4\u03ae\u03c1\u03b7\u03c3\u03b7 \u03c4\u03b7\u03c2 \u03b6\u03c9\u03bd\u03c4\u03ac\u03bd\u03b9\u03b1\u03c2 \u03c4\u03c9\u03bd \u03c7\u03c1\u03c9\u03bc\u03ac\u03c4\u03c9\u03bd<\/li>\n<li>\u03a6\u03c1\u03ad\u03c3\u03ba\u03bf, \u03c6\u03c5\u03c3\u03b9\u03ba\u03cc \u03ac\u03c1\u03c9\u03bc\u03b1 \u03c0\u03c1\u03ac\u03c3\u03b9\u03bd\u03bf\u03c5 \u03c4\u03c3\u03b1\u03b3\u03b9\u03bf\u03cd<\/li>\n<li>\u039a\u03b1\u03c4\u03ac\u03bb\u03bb\u03b7\u03bb\u03bf \u03b3\u03b9\u03b1 \u03ba\u03b1\u03b8\u03b7\u03bc\u03b5\u03c1\u03b9\u03bd\u03ae \u03c7\u03c1\u03ae\u03c3\u03b7\u03a4\u03bf \u03c5\u03b3\u03c1\u03cc \u03b1\u03c0\u03bf\u03c1\u03c1\u03c5\u03c0\u03b1\u03bd\u03c4\u03b9\u03ba\u03cc \u03c0\u03bb\u03c5\u03bd\u03c4\u03b7\u03c1\u03af\u03bf\u03c5 \u03c1\u03bf\u03cd\u03c7\u03c9\u03bd \u03bc\u03b5 \u03ac\u03c1\u03c9\u03bc\u03b1 \u03c0\u03c1\u03ac\u03c3\u03b9\u03bd\u03bf\u03c5 \u03c4\u03c3\u03b1\u03b3\u03b9\u03bf\u03cd \u03b5\u03af\u03bd\u03b1\u03b9 \u03b7 \u03b9\u03b4\u03b1\u03bd\u03b9\u03ba\u03ae \u03b5\u03c0\u03b9\u03bb\u03bf\u03b3\u03ae \u03b3\u03b9\u03b1 \u03cc\u03c3\u03bf\u03c5\u03c2 \u03b1\u03bd\u03b1\u03b6\u03b7\u03c4\u03bf\u03cd\u03bd \u03ad\u03bd\u03b1\u03bd \u03b1\u03c0\u03bf\u03c4\u03b5\u03bb\u03b5\u03c3\u03bc\u03b1\u03c4\u03b9\u03ba\u03cc, \u03b1\u03bb\u03bb\u03ac \u03ba\u03b1\u03b9 \u03c0\u03b9\u03bf \u03c6\u03c5\u03c3\u03b9\u03ba\u03cc \u03c4\u03c1\u03cc\u03c0\u03bf \u03ba\u03b1\u03b8\u03b1\u03c1\u03b9\u03c3\u03bc\u03bf\u03cd \u03c4\u03c9\u03bd \u03c0\u03bf\u03bb\u03cd\u03c7\u03c1\u03c9\u03bc\u03c9\u03bd \u03c1\u03bf\u03cd\u03c7\u03c9\u03bd - \u03c7\u03c9\u03c1\u03af\u03c2 \u03c3\u03c5\u03bc\u03b2\u03b9\u03b2\u03b1\u03c3\u03bc\u03bf\u03cd\u03c2.<\/li>\n<\/ul>","protected":false},"excerpt":{"rendered":"<p>A <strong data-start=\"333\" data-end=\"378\">\u03a5\u03b3\u03c1\u03cc \u03b1\u03c0\u03bf\u03c1\u03c1\u03c5\u03c0\u03b1\u03bd\u03c4\u03b9\u03ba\u03cc \u03c0\u03bb\u03c5\u03bd\u03c4\u03b7\u03c1\u03af\u03bf\u03c5 \u03c1\u03bf\u03cd\u03c7\u03c9\u03bd \u03bc\u03b5 \u03ac\u03c1\u03c9\u03bc\u03b1 \u03c0\u03c1\u03ac\u03c3\u03b9\u03bd\u03bf\u03c5 \u03c4\u03c3\u03b1\u03b3\u03b9\u03bf\u03cd Herbow<\/strong> \u03c0\u03b1\u03c1\u03ad\u03c7\u03b5\u03b9 \u03c6\u03c5\u03c3\u03b9\u03ba\u03ae \u03ba\u03b1\u03b8\u03b1\u03c1\u03cc\u03c4\u03b7\u03c4\u03b1 \u03ba\u03b1\u03b9 \u03c6\u03c1\u03b5\u03c3\u03ba\u03ac\u03b4\u03b1 \u03c3\u03c4\u03bf <strong data-start=\"430\" data-end=\"446\">\u03c0\u03bf\u03bb\u03cd\u03c7\u03c1\u03c9\u03bc\u03b1 \u03c1\u03bf\u03cd\u03c7\u03b1<\/strong> \u03b3\u03b9\u03b1. \u039a\u03b1\u03b8\u03b1\u03c1\u03af\u03b6\u03b5\u03b9 \u03b1\u03c0\u03bf\u03c4\u03b5\u03bb\u03b5\u03c3\u03bc\u03b1\u03c4\u03b9\u03ba\u03ac \u03bc\u03b5 \u03b5\u03ba\u03c7\u03c5\u03bb\u03af\u03c3\u03bc\u03b1\u03c4\u03b1 \u03b1\u03c0\u03cc \u03be\u03b7\u03c1\u03bf\u03cd\u03c2 \u03ba\u03b1\u03c1\u03c0\u03bf\u03cd\u03c2 \u03ba\u03b1\u03b9 \u03b2\u03b9\u03bf\u03ad\u03bd\u03b6\u03c5\u03bc\u03b1, \u03b4\u03b9\u03b1\u03c4\u03b7\u03c1\u03ce\u03bd\u03c4\u03b1\u03c2 \u03c0\u03b1\u03c1\u03ac\u03bb\u03bb\u03b7\u03bb\u03b1 \u03c4\u03b7 \u03b6\u03c9\u03bd\u03c4\u03ac\u03bd\u03b9\u03b1 \u03c4\u03c9\u03bd \u03c7\u03c1\u03c9\u03bc\u03ac\u03c4\u03c9\u03bd \u03ba\u03b1\u03b9 \u03c4\u03b7\u03bd \u03b1\u03c0\u03b1\u03bb\u03cc\u03c4\u03b7\u03c4\u03b1 \u03c4\u03c9\u03bd \u03c5\u03c6\u03b1\u03c3\u03bc\u03ac\u03c4\u03c9\u03bd. \u0388\u03bd\u03b1 \u03bb\u03b5\u03c0\u03c4\u03cc, \u03c6\u03c1\u03ad\u03c3\u03ba\u03bf \u03ac\u03c1\u03c9\u03bc\u03b1 \u03c0\u03c1\u03ac\u03c3\u03b9\u03bd\u03bf\u03c5 \u03c4\u03c3\u03b1\u03b3\u03b9\u03bf\u03cd \u03c0\u03b1\u03c1\u03b1\u03bc\u03ad\u03bd\u03b5\u03b9 \u03b3\u03b9\u03b1 \u03c0\u03bf\u03bb\u03cd \u03c3\u03c4\u03b1 \u03c1\u03bf\u03cd\u03c7\u03b1.<\/p>","protected":false},"featured_media":2120,"comment_status":"open","ping_status":"closed","template":"","meta":[],"product_brand":[1397],"product_cat":[1491],"product_tag":[1496,1493,1501,1409,1492,1495,1506,1504,1502,1507,1511,1510,1414,1499,1500,1505,1508,1509,1494,1497,1498,1503],"class_list":{"0":"post-2112","1":"product","2":"type-product","3":"status-publish","4":"has-post-thumbnail","6":"product_brand-herbow","7":"product_cat-3in1-mosoparfum-oblito-koncentratum","8":"product_tag-3in1-formula","9":"product_tag-3in1-mosoparfum","10":"product_tag-oko-oblito-alternativa","11":"product_tag-herbow","12":"product_tag-herbow-3in1","13":"product_tag-herbtech-3in1","14":"product_tag-hosszan-tarto-illat","15":"product_tag-illatos-ruhak","16":"product_tag-kornyezetbarat-mosas","17":"product_tag-koncentralt-mosoparfum","18":"product_tag-mosodio-melle-kiegeszito","19":"product_tag-mosogel-melle-kiegeszito","20":"product_tag-mosoparfum","21":"product_tag-novenyi-alapu-textilapolo","22":"product_tag-novenyi-eredetu-osszetevok","23":"product_tag-puha-ruhak","24":"product_tag-ruhaillatosito","25":"product_tag-szines-es-feher-ruhakhoz","26":"product_tag-textiloblito-koncentratum","27":"product_tag-textilfrissito","28":"product_tag-textillagyito","29":"product_tag-tudatos-haztartas","31":"first","32":"instock","33":"taxable","34":"shipping-taxable","35":"product-type-variable"},"yoast_head":"<!-- This site is optimized with the Yoast SEO plugin v27.5 - https:\/\/yoast.com\/product\/yoast-seo-wordpress\/ -->\n<title>Herbow 3in1 Mos\u00f3parf\u00fcm Feh\u00e9r szerelem - Herbow | International<\/title>\n<meta name=\"description\" content=\"A Herbow Z\u00f6ld Tea illat\u00fa foly\u00e9kony mos\u00f3szer term\u00e9szetes tisztas\u00e1got \u00e9s frissess\u00e9get biztos\u00edt a sz\u00ednes ruh\u00e1k sz\u00e1m\u00e1ra. Mos\u00f3di\u00f3-extraktummal \u00e9s bioenzimekkel hat\u00e9konyan tiszt\u00edt, mik\u00f6zben meg\u0151rzi a sz\u00ednek \u00e9l\u00e9nks\u00e9g\u00e9t \u00e9s a text\u00edli\u00e1k puhas\u00e1g\u00e1t. Finom, friss z\u00f6ld tea illata hosszan megmarad a ruh\u00e1kon.\" \/>\n<meta name=\"robots\" content=\"index, follow, max-snippet:-1, max-image-preview:large, max-video-preview:-1\" \/>\n<link rel=\"canonical\" href=\"https:\/\/herbow.eu\/el\/product\/herbow-3in1-\u03ac\u03c1\u03c9\u03bc\u03b1-\u03c0\u03bb\u03c5\u03bd\u03c4\u03b7\u03c1\u03af\u03bf\u03c5-\u03bb\u03b5\u03c5\u03ba\u03ae\u03c2-\u03b1\u03b3\u03ac\u03c0\u03b7\u03c2\/\" \/>\n<meta property=\"og:locale\" content=\"el_GR\" \/>\n<meta property=\"og:type\" content=\"article\" \/>\n<meta property=\"og:title\" content=\"Herbow 3in1 Mos\u00f3parf\u00fcm Feh\u00e9r szerelem - Herbow | International\" \/>\n<meta property=\"og:description\" content=\"A Herbow Z\u00f6ld Tea illat\u00fa foly\u00e9kony mos\u00f3szer term\u00e9szetes tisztas\u00e1got \u00e9s frissess\u00e9get biztos\u00edt a sz\u00ednes ruh\u00e1k sz\u00e1m\u00e1ra. Mos\u00f3di\u00f3-extraktummal \u00e9s bioenzimekkel hat\u00e9konyan tiszt\u00edt, mik\u00f6zben meg\u0151rzi a sz\u00ednek \u00e9l\u00e9nks\u00e9g\u00e9t \u00e9s a text\u00edli\u00e1k puhas\u00e1g\u00e1t. Finom, friss z\u00f6ld tea illata hosszan megmarad a ruh\u00e1kon.\" \/>\n<meta property=\"og:url\" content=\"https:\/\/herbow.eu\/el\/product\/herbow-3in1-\u03ac\u03c1\u03c9\u03bc\u03b1-\u03c0\u03bb\u03c5\u03bd\u03c4\u03b7\u03c1\u03af\u03bf\u03c5-\u03bb\u03b5\u03c5\u03ba\u03ae\u03c2-\u03b1\u03b3\u03ac\u03c0\u03b7\u03c2\/\" \/>\n<meta property=\"og:site_name\" content=\"Herbow | International\" \/>\n<meta property=\"article:publisher\" content=\"https:\/\/www.facebook.com\/herbowmosodioslabda\/\" \/>\n<meta property=\"article:modified_time\" content=\"2026-03-17T09:58:47+00:00\" \/>\n<meta property=\"og:image\" content=\"https:\/\/herbow.eu\/wp-content\/uploads\/2025\/12\/Woo_base_2000x2000_47432_3in1_white_love_200ml.png\" \/>\n\t<meta property=\"og:image:width\" content=\"2000\" \/>\n\t<meta property=\"og:image:height\" content=\"2000\" \/>\n\t<meta property=\"og:image:type\" content=\"image\/png\" \/>\n<meta name=\"twitter:card\" content=\"summary_large_image\" \/>\n<meta name=\"twitter:label1\" content=\"\u0395\u03ba\u03c4\u03b9\u03bc\u03ce\u03bc\u03b5\u03bd\u03bf\u03c2 \u03c7\u03c1\u03cc\u03bd\u03bf\u03c2 \u03b1\u03bd\u03ac\u03b3\u03bd\u03c9\u03c3\u03b7\u03c2\" \/>\n\t<meta name=\"twitter:data1\" content=\"1 \u03bb\u03b5\u03c0\u03c4\u03cc\" \/>\n<script type=\"application\/ld+json\" class=\"yoast-schema-graph\">{\"@context\":\"https:\\\/\\\/schema.org\",\"@graph\":[{\"@type\":\"WebPage\",\"@id\":\"https:\\\/\\\/herbow.eu\\\/product\\\/herbow-3in1-mosoparfum-feher-szerelem\\\/\",\"url\":\"https:\\\/\\\/herbow.eu\\\/product\\\/herbow-3in1-mosoparfum-feher-szerelem\\\/\",\"name\":\"Herbow 3in1 Mos\u00f3parf\u00fcm Feh\u00e9r szerelem - Herbow | International\",\"isPartOf\":{\"@id\":\"https:\\\/\\\/herbow.eu\\\/#website\"},\"primaryImageOfPage\":{\"@id\":\"https:\\\/\\\/herbow.eu\\\/product\\\/herbow-3in1-mosoparfum-feher-szerelem\\\/#primaryimage\"},\"image\":{\"@id\":\"https:\\\/\\\/herbow.eu\\\/product\\\/herbow-3in1-mosoparfum-feher-szerelem\\\/#primaryimage\"},\"thumbnailUrl\":\"https:\\\/\\\/herbow.eu\\\/wp-content\\\/uploads\\\/2025\\\/12\\\/Woo_base_2000x2000_47432_3in1_white_love_200ml.png\",\"datePublished\":\"2025-12-15T10:00:51+00:00\",\"dateModified\":\"2026-03-17T09:58:47+00:00\",\"description\":\"A Herbow Z\u00f6ld Tea illat\u00fa foly\u00e9kony mos\u00f3szer term\u00e9szetes tisztas\u00e1got \u00e9s frissess\u00e9get biztos\u00edt a sz\u00ednes ruh\u00e1k sz\u00e1m\u00e1ra. Mos\u00f3di\u00f3-extraktummal \u00e9s bioenzimekkel hat\u00e9konyan tiszt\u00edt, mik\u00f6zben meg\u0151rzi a sz\u00ednek \u00e9l\u00e9nks\u00e9g\u00e9t \u00e9s a text\u00edli\u00e1k puhas\u00e1g\u00e1t. Finom, friss z\u00f6ld tea illata hosszan megmarad a ruh\u00e1kon.\",\"breadcrumb\":{\"@id\":\"https:\\\/\\\/herbow.eu\\\/product\\\/herbow-3in1-mosoparfum-feher-szerelem\\\/#breadcrumb\"},\"inLanguage\":\"el\",\"potentialAction\":[{\"@type\":\"ReadAction\",\"target\":[\"https:\\\/\\\/herbow.eu\\\/product\\\/herbow-3in1-mosoparfum-feher-szerelem\\\/\"]}]},{\"@type\":\"ImageObject\",\"inLanguage\":\"el\",\"@id\":\"https:\\\/\\\/herbow.eu\\\/product\\\/herbow-3in1-mosoparfum-feher-szerelem\\\/#primaryimage\",\"url\":\"https:\\\/\\\/herbow.eu\\\/wp-content\\\/uploads\\\/2025\\\/12\\\/Woo_base_2000x2000_47432_3in1_white_love_200ml.png\",\"contentUrl\":\"https:\\\/\\\/herbow.eu\\\/wp-content\\\/uploads\\\/2025\\\/12\\\/Woo_base_2000x2000_47432_3in1_white_love_200ml.png\",\"width\":2000,\"height\":2000},{\"@type\":\"BreadcrumbList\",\"@id\":\"https:\\\/\\\/herbow.eu\\\/product\\\/herbow-3in1-mosoparfum-feher-szerelem\\\/#breadcrumb\",\"itemListElement\":[{\"@type\":\"ListItem\",\"position\":1,\"name\":\"Kezd\u0151lap\",\"item\":\"https:\\\/\\\/herbow.eu\\\/\"},{\"@type\":\"ListItem\",\"position\":2,\"name\":\"Shop\",\"item\":\"https:\\\/\\\/herbow.eu\\\/shop\\\/\"},{\"@type\":\"ListItem\",\"position\":3,\"name\":\"Herbow 3in1 Mos\u00f3parf\u00fcm Feh\u00e9r szerelem\"}]},{\"@type\":\"WebSite\",\"@id\":\"https:\\\/\\\/herbow.eu\\\/#website\",\"url\":\"https:\\\/\\\/herbow.eu\\\/\",\"name\":\"Herbow | Herbal Organic World\",\"description\":\"Herbal Organic World\",\"publisher\":{\"@id\":\"https:\\\/\\\/herbow.eu\\\/#organization\"},\"potentialAction\":[{\"@type\":\"SearchAction\",\"target\":{\"@type\":\"EntryPoint\",\"urlTemplate\":\"https:\\\/\\\/herbow.eu\\\/?s={search_term_string}\"},\"query-input\":{\"@type\":\"PropertyValueSpecification\",\"valueRequired\":true,\"valueName\":\"search_term_string\"}}],\"inLanguage\":\"el\"},{\"@type\":\"Organization\",\"@id\":\"https:\\\/\\\/herbow.eu\\\/#organization\",\"name\":\"Herbow International Zrt.\",\"url\":\"https:\\\/\\\/herbow.eu\\\/\",\"logo\":{\"@type\":\"ImageObject\",\"inLanguage\":\"el\",\"@id\":\"https:\\\/\\\/herbow.eu\\\/#\\\/schema\\\/logo\\\/image\\\/\",\"url\":\"https:\\\/\\\/herbow.eu\\\/wp-content\\\/uploads\\\/2025\\\/07\\\/herbow_logo_hun_2021-01_w-slogan_no-background.png\",\"contentUrl\":\"https:\\\/\\\/herbow.eu\\\/wp-content\\\/uploads\\\/2025\\\/07\\\/herbow_logo_hun_2021-01_w-slogan_no-background.png\",\"width\":2366,\"height\":1732,\"caption\":\"Herbow International Zrt.\"},\"image\":{\"@id\":\"https:\\\/\\\/herbow.eu\\\/#\\\/schema\\\/logo\\\/image\\\/\"},\"sameAs\":[\"https:\\\/\\\/www.facebook.com\\\/herbowmosodioslabda\\\/\",\"https:\\\/\\\/www.instagram.com\\\/herbowmosodioslabda\\\/\"]}]}<\/script>\n<!-- \/ Yoast SEO plugin. -->","yoast_head_json":{"title":"Herbow 3in1 Wash Perfume White Love - Herbow | International","description":"\u03a4\u03bf \u03c5\u03b3\u03c1\u03cc \u03b1\u03c0\u03bf\u03c1\u03c1\u03c5\u03c0\u03b1\u03bd\u03c4\u03b9\u03ba\u03cc \u03c0\u03bb\u03c5\u03bd\u03c4\u03b7\u03c1\u03af\u03bf\u03c5 \u03c1\u03bf\u03cd\u03c7\u03c9\u03bd Herbow \u03bc\u03b5 \u03ac\u03c1\u03c9\u03bc\u03b1 \u03c0\u03c1\u03ac\u03c3\u03b9\u03bd\u03bf\u03c5 \u03c4\u03c3\u03b1\u03b3\u03b9\u03bf\u03cd \u03c0\u03c1\u03bf\u03c3\u03c6\u03ad\u03c1\u03b5\u03b9 \u03c6\u03c5\u03c3\u03b9\u03ba\u03ae \u03ba\u03b1\u03b8\u03b1\u03c1\u03b9\u03cc\u03c4\u03b7\u03c4\u03b1 \u03ba\u03b1\u03b9 \u03c6\u03c1\u03b5\u03c3\u03ba\u03ac\u03b4\u03b1 \u03b3\u03b9\u03b1 \u03c0\u03bf\u03bb\u03cd\u03c7\u03c1\u03c9\u03bc\u03b1 \u03c1\u03bf\u03cd\u03c7\u03b1. \u039a\u03b1\u03b8\u03b1\u03c1\u03af\u03b6\u03b5\u03b9 \u03b1\u03c0\u03bf\u03c4\u03b5\u03bb\u03b5\u03c3\u03bc\u03b1\u03c4\u03b9\u03ba\u03ac \u03bc\u03b5 \u03b5\u03ba\u03c7\u03cd\u03bb\u03b9\u03c3\u03bc\u03b1 wasodi \u03ba\u03b1\u03b9 \u03b2\u03b9\u03bf\u03ad\u03bd\u03b6\u03c5\u03bc\u03b1, \u03b4\u03b9\u03b1\u03c4\u03b7\u03c1\u03ce\u03bd\u03c4\u03b1\u03c2 \u03c0\u03b1\u03c1\u03ac\u03bb\u03bb\u03b7\u03bb\u03b1 \u03c4\u03b7 \u03b6\u03c9\u03bd\u03c4\u03ac\u03bd\u03b9\u03b1 \u03c4\u03c9\u03bd \u03c7\u03c1\u03c9\u03bc\u03ac\u03c4\u03c9\u03bd \u03ba\u03b1\u03b9 \u03c4\u03b7\u03bd \u03b1\u03c0\u03b1\u03bb\u03cc\u03c4\u03b7\u03c4\u03b1 \u03c4\u03c9\u03bd \u03c5\u03c6\u03b1\u03c3\u03bc\u03ac\u03c4\u03c9\u03bd. \u0388\u03bd\u03b1 \u03bb\u03b5\u03c0\u03c4\u03cc, \u03c6\u03c1\u03ad\u03c3\u03ba\u03bf \u03ac\u03c1\u03c9\u03bc\u03b1 \u03c0\u03c1\u03ac\u03c3\u03b9\u03bd\u03bf\u03c5 \u03c4\u03c3\u03b1\u03b3\u03b9\u03bf\u03cd \u03c0\u03b1\u03c1\u03b1\u03bc\u03ad\u03bd\u03b5\u03b9 \u03b3\u03b9\u03b1 \u03c0\u03bf\u03bb\u03cd \u03c3\u03c4\u03b1 \u03c1\u03bf\u03cd\u03c7\u03b1.","robots":{"index":"index","follow":"follow","max-snippet":"max-snippet:-1","max-image-preview":"max-image-preview:large","max-video-preview":"max-video-preview:-1"},"canonical":"https:\/\/herbow.eu\/el\/product\/herbow-3in1-\u03ac\u03c1\u03c9\u03bc\u03b1-\u03c0\u03bb\u03c5\u03bd\u03c4\u03b7\u03c1\u03af\u03bf\u03c5-\u03bb\u03b5\u03c5\u03ba\u03ae\u03c2-\u03b1\u03b3\u03ac\u03c0\u03b7\u03c2\/","og_locale":"el_GR","og_type":"article","og_title":"Herbow 3in1 Mos\u00f3parf\u00fcm Feh\u00e9r szerelem - Herbow | International","og_description":"A Herbow Z\u00f6ld Tea illat\u00fa foly\u00e9kony mos\u00f3szer term\u00e9szetes tisztas\u00e1got \u00e9s frissess\u00e9get biztos\u00edt a sz\u00ednes ruh\u00e1k sz\u00e1m\u00e1ra. Mos\u00f3di\u00f3-extraktummal \u00e9s bioenzimekkel hat\u00e9konyan tiszt\u00edt, mik\u00f6zben meg\u0151rzi a sz\u00ednek \u00e9l\u00e9nks\u00e9g\u00e9t \u00e9s a text\u00edli\u00e1k puhas\u00e1g\u00e1t. Finom, friss z\u00f6ld tea illata hosszan megmarad a ruh\u00e1kon.","og_url":"https:\/\/herbow.eu\/el\/product\/herbow-3in1-\u03ac\u03c1\u03c9\u03bc\u03b1-\u03c0\u03bb\u03c5\u03bd\u03c4\u03b7\u03c1\u03af\u03bf\u03c5-\u03bb\u03b5\u03c5\u03ba\u03ae\u03c2-\u03b1\u03b3\u03ac\u03c0\u03b7\u03c2\/","og_site_name":"Herbow | International","article_publisher":"https:\/\/www.facebook.com\/herbowmosodioslabda\/","article_modified_time":"2026-03-17T09:58:47+00:00","og_image":[{"width":2000,"height":2000,"url":"https:\/\/herbow.eu\/wp-content\/uploads\/2025\/12\/Woo_base_2000x2000_47432_3in1_white_love_200ml.png","type":"image\/png"}],"twitter_card":"summary_large_image","twitter_misc":{"\u0395\u03ba\u03c4\u03b9\u03bc\u03ce\u03bc\u03b5\u03bd\u03bf\u03c2 \u03c7\u03c1\u03cc\u03bd\u03bf\u03c2 \u03b1\u03bd\u03ac\u03b3\u03bd\u03c9\u03c3\u03b7\u03c2":"1 \u03bb\u03b5\u03c0\u03c4\u03cc"},"schema":{"@context":"https:\/\/schema.org","@graph":[{"@type":"WebPage","@id":"https:\/\/herbow.eu\/product\/herbow-3in1-mosoparfum-feher-szerelem\/","url":"https:\/\/herbow.eu\/product\/herbow-3in1-mosoparfum-feher-szerelem\/","name":"Herbow 3in1 Wash Perfume White Love - Herbow | International","isPartOf":{"@id":"https:\/\/herbow.eu\/#website"},"primaryImageOfPage":{"@id":"https:\/\/herbow.eu\/product\/herbow-3in1-mosoparfum-feher-szerelem\/#primaryimage"},"image":{"@id":"https:\/\/herbow.eu\/product\/herbow-3in1-mosoparfum-feher-szerelem\/#primaryimage"},"thumbnailUrl":"https:\/\/herbow.eu\/wp-content\/uploads\/2025\/12\/Woo_base_2000x2000_47432_3in1_white_love_200ml.png","datePublished":"2025-12-15T10:00:51+00:00","dateModified":"2026-03-17T09:58:47+00:00","description":"\u03a4\u03bf \u03c5\u03b3\u03c1\u03cc \u03b1\u03c0\u03bf\u03c1\u03c1\u03c5\u03c0\u03b1\u03bd\u03c4\u03b9\u03ba\u03cc \u03c0\u03bb\u03c5\u03bd\u03c4\u03b7\u03c1\u03af\u03bf\u03c5 \u03c1\u03bf\u03cd\u03c7\u03c9\u03bd Herbow \u03bc\u03b5 \u03ac\u03c1\u03c9\u03bc\u03b1 \u03c0\u03c1\u03ac\u03c3\u03b9\u03bd\u03bf\u03c5 \u03c4\u03c3\u03b1\u03b3\u03b9\u03bf\u03cd \u03c0\u03c1\u03bf\u03c3\u03c6\u03ad\u03c1\u03b5\u03b9 \u03c6\u03c5\u03c3\u03b9\u03ba\u03ae \u03ba\u03b1\u03b8\u03b1\u03c1\u03b9\u03cc\u03c4\u03b7\u03c4\u03b1 \u03ba\u03b1\u03b9 \u03c6\u03c1\u03b5\u03c3\u03ba\u03ac\u03b4\u03b1 \u03b3\u03b9\u03b1 \u03c0\u03bf\u03bb\u03cd\u03c7\u03c1\u03c9\u03bc\u03b1 \u03c1\u03bf\u03cd\u03c7\u03b1. \u039a\u03b1\u03b8\u03b1\u03c1\u03af\u03b6\u03b5\u03b9 \u03b1\u03c0\u03bf\u03c4\u03b5\u03bb\u03b5\u03c3\u03bc\u03b1\u03c4\u03b9\u03ba\u03ac \u03bc\u03b5 \u03b5\u03ba\u03c7\u03cd\u03bb\u03b9\u03c3\u03bc\u03b1 wasodi \u03ba\u03b1\u03b9 \u03b2\u03b9\u03bf\u03ad\u03bd\u03b6\u03c5\u03bc\u03b1, \u03b4\u03b9\u03b1\u03c4\u03b7\u03c1\u03ce\u03bd\u03c4\u03b1\u03c2 \u03c0\u03b1\u03c1\u03ac\u03bb\u03bb\u03b7\u03bb\u03b1 \u03c4\u03b7 \u03b6\u03c9\u03bd\u03c4\u03ac\u03bd\u03b9\u03b1 \u03c4\u03c9\u03bd \u03c7\u03c1\u03c9\u03bc\u03ac\u03c4\u03c9\u03bd \u03ba\u03b1\u03b9 \u03c4\u03b7\u03bd \u03b1\u03c0\u03b1\u03bb\u03cc\u03c4\u03b7\u03c4\u03b1 \u03c4\u03c9\u03bd \u03c5\u03c6\u03b1\u03c3\u03bc\u03ac\u03c4\u03c9\u03bd. \u0388\u03bd\u03b1 \u03bb\u03b5\u03c0\u03c4\u03cc, \u03c6\u03c1\u03ad\u03c3\u03ba\u03bf \u03ac\u03c1\u03c9\u03bc\u03b1 \u03c0\u03c1\u03ac\u03c3\u03b9\u03bd\u03bf\u03c5 \u03c4\u03c3\u03b1\u03b3\u03b9\u03bf\u03cd \u03c0\u03b1\u03c1\u03b1\u03bc\u03ad\u03bd\u03b5\u03b9 \u03b3\u03b9\u03b1 \u03c0\u03bf\u03bb\u03cd \u03c3\u03c4\u03b1 \u03c1\u03bf\u03cd\u03c7\u03b1.","breadcrumb":{"@id":"https:\/\/herbow.eu\/product\/herbow-3in1-mosoparfum-feher-szerelem\/#breadcrumb"},"inLanguage":"el","potentialAction":[{"@type":"ReadAction","target":["https:\/\/herbow.eu\/product\/herbow-3in1-mosoparfum-feher-szerelem\/"]}]},{"@type":"ImageObject","inLanguage":"el","@id":"https:\/\/herbow.eu\/product\/herbow-3in1-mosoparfum-feher-szerelem\/#primaryimage","url":"https:\/\/herbow.eu\/wp-content\/uploads\/2025\/12\/Woo_base_2000x2000_47432_3in1_white_love_200ml.png","contentUrl":"https:\/\/herbow.eu\/wp-content\/uploads\/2025\/12\/Woo_base_2000x2000_47432_3in1_white_love_200ml.png","width":2000,"height":2000},{"@type":"BreadcrumbList","@id":"https:\/\/herbow.eu\/product\/herbow-3in1-mosoparfum-feher-szerelem\/#breadcrumb","itemListElement":[{"@type":"ListItem","position":1,"name":"Kezd\u0151lap","item":"https:\/\/herbow.eu\/"},{"@type":"ListItem","position":2,"name":"Shop","item":"https:\/\/herbow.eu\/shop\/"},{"@type":"ListItem","position":3,"name":"Herbow 3in1 Mos\u00f3parf\u00fcm Feh\u00e9r szerelem"}]},{"@type":"WebSite","@id":"https:\/\/herbow.eu\/#website","url":"https:\/\/herbow.eu\/","name":"Herbow | Herbal Organic World","description":"\u03a6\u03c5\u03c4\u03b9\u03ba\u03cc\u03c2 \u03b2\u03b9\u03bf\u03bb\u03bf\u03b3\u03b9\u03ba\u03cc\u03c2 \u03ba\u03cc\u03c3\u03bc\u03bf\u03c2","publisher":{"@id":"https:\/\/herbow.eu\/#organization"},"potentialAction":[{"@type":"SearchAction","target":{"@type":"EntryPoint","urlTemplate":"https:\/\/herbow.eu\/?s={search_term_string}"},"query-input":{"@type":"PropertyValueSpecification","valueRequired":true,"valueName":"search_term_string"}}],"inLanguage":"el"},{"@type":"Organization","@id":"https:\/\/herbow.eu\/#organization","name":"Herbow International Zrt.","url":"https:\/\/herbow.eu\/","logo":{"@type":"ImageObject","inLanguage":"el","@id":"https:\/\/herbow.eu\/#\/schema\/logo\/image\/","url":"https:\/\/herbow.eu\/wp-content\/uploads\/2025\/07\/herbow_logo_hun_2021-01_w-slogan_no-background.png","contentUrl":"https:\/\/herbow.eu\/wp-content\/uploads\/2025\/07\/herbow_logo_hun_2021-01_w-slogan_no-background.png","width":2366,"height":1732,"caption":"Herbow International Zrt."},"image":{"@id":"https:\/\/herbow.eu\/#\/schema\/logo\/image\/"},"sameAs":["https:\/\/www.facebook.com\/herbowmosodioslabda\/","https:\/\/www.instagram.com\/herbowmosodioslabda\/"]}]}},"jetpack_likes_enabled":true,"jetpack_sharing_enabled":true,"_links":{"self":[{"href":"https:\/\/herbow.eu\/el\/wp-json\/wp\/v2\/product\/2112","targetHints":{"allow":["GET"]}}],"collection":[{"href":"https:\/\/herbow.eu\/el\/wp-json\/wp\/v2\/product"}],"about":[{"href":"https:\/\/herbow.eu\/el\/wp-json\/wp\/v2\/types\/product"}],"replies":[{"embeddable":true,"href":"https:\/\/herbow.eu\/el\/wp-json\/wp\/v2\/comments?post=2112"}],"wp:featuredmedia":[{"embeddable":true,"href":"https:\/\/herbow.eu\/el\/wp-json\/wp\/v2\/media\/2120"}],"wp:attachment":[{"href":"https:\/\/herbow.eu\/el\/wp-json\/wp\/v2\/media?parent=2112"}],"wp:term":[{"taxonomy":"product_brand","embeddable":true,"href":"https:\/\/herbow.eu\/el\/wp-json\/wp\/v2\/product_brand?post=2112"},{"taxonomy":"product_cat","embeddable":true,"href":"https:\/\/herbow.eu\/el\/wp-json\/wp\/v2\/product_cat?post=2112"},{"taxonomy":"product_tag","embeddable":true,"href":"https:\/\/herbow.eu\/el\/wp-json\/wp\/v2\/product_tag?post=2112"}],"curies":[{"name":"wp","href":"https:\/\/api.w.org\/{rel}","templated":true}]}}