{"id":1031,"date":"2025-08-18T11:05:57","date_gmt":"2025-08-18T09:05:57","guid":{"rendered":"https:\/\/herbow.eu\/product\/herbow-furdoszobai-tisztito-probiotikus-spray-friss-citrus-illattal\/"},"modified":"2026-03-17T10:58:17","modified_gmt":"2026-03-17T09:58:17","slug":"herbow-furdoszobai-tisztito-probiotikus-spray-friss-citrus-illattal","status":"publish","type":"product","link":"https:\/\/herbow.eu\/el\/product\/herbow-furdoszobai-tisztito-probiotikus-spray-friss-citrus-illattal\/","title":{"rendered":"Herbow \u039a\u03b1\u03b8\u03b1\u03c1\u03b9\u03c3\u03c4\u03b9\u03ba\u03cc \u03bc\u03c0\u03ac\u03bd\u03b9\u03bf\u03c5 \u03c0\u03c1\u03bf\u03b2\u03b9\u03bf\u03c4\u03b9\u03ba\u03cc \u03c3\u03c0\u03c1\u03ad\u03b9 \u03bc\u03b5 \u03ac\u03c1\u03c9\u03bc\u03b1 \u03c6\u03c1\u03ad\u03c3\u03ba\u03c9\u03bd \u03b5\u03c3\u03c0\u03b5\u03c1\u03b9\u03b4\u03bf\u03b5\u03b9\u03b4\u03ce\u03bd 500 ml"},"content":{"rendered":"<p>A Herbow Probiotikus F\u00fcrd\u0151szobai Tiszt\u00edt\u00f3 \u2013 Friss Citrus illattal a term\u00e9szet \u00e9s a tudom\u00e1ny erej\u00e9t \u00f6tv\u00f6zi, hogy a f\u00fcrd\u0151szoba mindig tiszta \u00e9s friss maradjon. N\u00f6v\u00e9nyi eredet\u0171 \u00f6sszetev\u0151i \u00e9s citromsavtartalma gyorsan feloldj\u00e1k a v\u00edzk\u00f6vet, a szappanmaradv\u00e1nyokat, valamint a csaptelepek \u00e9s csemp\u00e9k k\u00f6rny\u00e9k\u00e9n kialakul\u00f3 \u00e1sv\u00e1nyi \u00e9s rozsd\u00e1s lerak\u00f3d\u00e1sokat. A tiszt\u00edt\u00e1s ut\u00e1n a fel\u00fcleten megmarad\u00f3 probiotikus mikroorganizmusok tov\u00e1bb dolgoznak: term\u00e9szetes m\u00f3don akad\u00e1lyozz\u00e1k a szennyez\u0151d\u00e9sek \u00e9s bakt\u00e9riumok \u00fajb\u00f3li megteleped\u00e9s\u00e9t, \u00edgy a fel\u00fcletek hosszabb ideig maradnak tiszt\u00e1k. V\u00edzleperget\u0151, foltmentesen sz\u00e1rad\u00f3 formul\u00e1ja f\u00e9nyess\u00e9 \u00e9s sim\u00e1v\u00e1 var\u00e1zsolja a fel\u00fcleteket, mik\u00f6zben antibakteri\u00e1lis \u00e9s antisztatikus hat\u00e1s\u00fa. A term\u00e9k nem tartalmaz kl\u00f3rt, foszf\u00e1tot, foszfon\u00e1tot, amm\u00f3ni\u00e1t vagy EDTA-t, csak n\u00f6v\u00e9nyi alap\u00fa, EU \u00f6koc\u00edmk\u00e9s \u00f6sszetev\u0151ket \u00e9s a j\u00f3t\u00e9kony bakt\u00e9riumsp\u00f3r\u00e1k szinergikus kever\u00e9k\u00e9t. Rendszeres haszn\u00e1lata biztons\u00e1gos, k\u00f6rnyezetbar\u00e1t \u00e9s hat\u00e9kony megold\u00e1s a mindennapi f\u00fcrd\u0151szobai tiszt\u00edt\u00e1shoz.<\/p>\n<p>\u03a7\u03c1\u03ae\u03c3\u03b7:<\/p>\n<ul>\n<li>\u03a8\u03b5\u03ba\u03ac\u03c3\u03c4\u03b5 \u03b1\u03c0\u03b5\u03c5\u03b8\u03b5\u03af\u03b1\u03c2 \u03c3\u03c4\u03b7\u03bd \u03b5\u03c0\u03b9\u03c6\u03ac\u03bd\u03b5\u03b9\u03b1, \u03b1\u03c6\u03ae\u03c3\u03c4\u03b5 \u03c4\u03bf \u03bd\u03b1 \u03b4\u03c1\u03ac\u03c3\u03b5\u03b9 \u03b3\u03b9\u03b1 \u03bb\u03af\u03b3\u03b1 \u03b4\u03b5\u03c5\u03c4\u03b5\u03c1\u03cc\u03bb\u03b5\u03c0\u03c4\u03b1 \u03ba\u03b1\u03b9 \u03c3\u03c4\u03b7 \u03c3\u03c5\u03bd\u03ad\u03c7\u03b5\u03b9\u03b1 \u03c3\u03ba\u03bf\u03c5\u03c0\u03af\u03c3\u03c4\u03b5 \u03bc\u03b5 \u03ad\u03bd\u03b1 \u03c5\u03b3\u03c1\u03cc \u03ae \u03c3\u03c4\u03b5\u03b3\u03bd\u03cc \u03c0\u03b1\u03bd\u03af.<\/li>\n<li>\u0394\u03b5\u03bd \u03b1\u03c0\u03b1\u03b9\u03c4\u03b5\u03af\u03c4\u03b1\u03b9 \u03be\u03ad\u03c0\u03bb\u03c5\u03bc\u03b1, \u03c3\u03c4\u03b5\u03b3\u03bd\u03ce\u03bd\u03b5\u03b9 \u03b3\u03c1\u03ae\u03b3\u03bf\u03c1\u03b1 \u03ba\u03b1\u03b9 \u03c7\u03c9\u03c1\u03af\u03c2 \u03bb\u03b5\u03ba\u03ad\u03b4\u03b5\u03c2.<\/li>\n<\/ul>","protected":false},"excerpt":{"rendered":"<p>A <strong>Herbow Probiotikus F\u00fcrd\u0151szobai Tiszt\u00edt\u00f3<\/strong> hat\u00e9konyan oldja a v\u00edzk\u00f6vet, szappanmaradv\u00e1nyokat \u00e9s rozsdafoltokat. J\u00f3t\u00e9kony mikroorganizmusai hosszan gondoskodnak a higi\u00e9nikus, friss tisztas\u00e1gr\u00f3l.<\/p>\n<p>\u03a3\u03c5\u03c3\u03ba\u03b5\u03c5\u03b1\u03c3\u03af\u03b1: 500ml<\/p>","protected":false},"featured_media":1140,"comment_status":"open","ping_status":"closed","template":"","meta":[],"product_brand":[1397],"product_cat":[1459],"product_tag":[1568,1431,1567,1555,1570,1559,1557,1572,1467,1564,1565,1571,1561,1409,1422,1573,1563,1562,1412,1558,1560,1554,1553,1574,1569,1556,1566],"class_list":{"0":"post-1031","1":"product","2":"type-product","3":"status-publish","4":"has-post-thumbnail","6":"product_brand-herbow","7":"product_cat-herbow-probiotikus-tisztitoszerek","8":"product_tag-aktiv-probiotikumok","9":"product_tag-allergenmentes","10":"product_tag-allatkiserlet-mentes","11":"product_tag-elo-probiotikumok","12":"product_tag-oko-haztartasi-tisztitoszer","13":"product_tag-oko-tisztitas","14":"product_tag-biofilm-eltavolitas","15":"product_tag-biofilm-bonto-technologia","16":"product_tag-biologiailag-lebomlo","17":"product_tag-biztonsagos-tisztitas","18":"product_tag-borbarat-tisztitoszer","19":"product_tag-egeszseges-otthon","20":"product_tag-fenntarthato-haztartas","21":"product_tag-herbow","22":"product_tag-herbow-probiotikus","23":"product_tag-herbtech-probiotikus","24":"product_tag-hosszan-tarto-frissesseg","25":"product_tag-illatmentes-opcio","26":"product_tag-kornyezetbarat-tisztitoszer","27":"product_tag-melytisztito-hatas","28":"product_tag-novenyi-alapu-tisztitoszer","29":"product_tag-probiotikus-formula","30":"product_tag-probiotikus-tisztitoszer","31":"product_tag-tartos-mikrobialis-vedelem","32":"product_tag-termeszetes-higienia","33":"product_tag-termeszetes-tisztitas","34":"product_tag-vegan-tisztitoszer","36":"first","37":"instock","38":"taxable","39":"shipping-taxable","40":"product-type-simple"},"yoast_head":"<!-- This site is optimized with the Yoast SEO plugin v27.4 - https:\/\/yoast.com\/product\/yoast-seo-wordpress\/ -->\n<title>Herbow F\u00fcrd\u0151szobai tiszt\u00edt\u00f3 Probiotikus spray Friss citrus illattal 500 ml - Herbow | International<\/title>\n<meta name=\"description\" content=\"A Herbow Probiotikus F\u00fcrd\u0151szobai Tiszt\u00edt\u00f3 hat\u00e9konyan oldja a v\u00edzk\u00f6vet, szappanmaradv\u00e1nyokat \u00e9s rozsdafoltokat. J\u00f3t\u00e9kony mikroorganizmusai hosszan gondoskodnak a higi\u00e9nikus, friss tisztas\u00e1gr\u00f3l.\" \/>\n<meta name=\"robots\" content=\"index, follow, max-snippet:-1, max-image-preview:large, max-video-preview:-1\" \/>\n<link rel=\"canonical\" href=\"https:\/\/herbow.eu\/el\/product\/herbow-furdoszobai-tisztito-probiotikus-spray-friss-citrus-illattal\/\" \/>\n<meta property=\"og:locale\" content=\"el_GR\" \/>\n<meta property=\"og:type\" content=\"article\" \/>\n<meta property=\"og:title\" content=\"Herbow F\u00fcrd\u0151szobai tiszt\u00edt\u00f3 Probiotikus spray Friss citrus illattal 500 ml - Herbow | International\" \/>\n<meta property=\"og:description\" content=\"A Herbow Probiotikus F\u00fcrd\u0151szobai Tiszt\u00edt\u00f3 hat\u00e9konyan oldja a v\u00edzk\u00f6vet, szappanmaradv\u00e1nyokat \u00e9s rozsdafoltokat. J\u00f3t\u00e9kony mikroorganizmusai hosszan gondoskodnak a higi\u00e9nikus, friss tisztas\u00e1gr\u00f3l.\" \/>\n<meta property=\"og:url\" content=\"https:\/\/herbow.eu\/el\/product\/herbow-furdoszobai-tisztito-probiotikus-spray-friss-citrus-illattal\/\" \/>\n<meta property=\"og:site_name\" content=\"Herbow | International\" \/>\n<meta property=\"article:publisher\" content=\"https:\/\/www.facebook.com\/herbowmosodioslabda\/\" \/>\n<meta property=\"article:modified_time\" content=\"2026-03-17T09:58:17+00:00\" \/>\n<meta property=\"og:image\" content=\"https:\/\/herbow.eu\/wp-content\/uploads\/2025\/11\/Woo_base_2000x2000_16015_furdoszobai_tisztitoszer_stancolt_500ml_v7_latvany.png\" \/>\n\t<meta property=\"og:image:width\" content=\"2000\" \/>\n\t<meta property=\"og:image:height\" content=\"2000\" \/>\n\t<meta property=\"og:image:type\" content=\"image\/png\" \/>\n<meta name=\"twitter:card\" content=\"summary_large_image\" \/>\n<meta name=\"twitter:label1\" content=\"\u0395\u03ba\u03c4\u03b9\u03bc\u03ce\u03bc\u03b5\u03bd\u03bf\u03c2 \u03c7\u03c1\u03cc\u03bd\u03bf\u03c2 \u03b1\u03bd\u03ac\u03b3\u03bd\u03c9\u03c3\u03b7\u03c2\" \/>\n\t<meta name=\"twitter:data1\" content=\"1 \u03bb\u03b5\u03c0\u03c4\u03cc\" \/>\n<script type=\"application\/ld+json\" class=\"yoast-schema-graph\">{\"@context\":\"https:\\\/\\\/schema.org\",\"@graph\":[{\"@type\":\"WebPage\",\"@id\":\"https:\\\/\\\/herbow.eu\\\/product\\\/herbow-furdoszobai-tisztito-probiotikus-spray-friss-citrus-illattal\\\/\",\"url\":\"https:\\\/\\\/herbow.eu\\\/product\\\/herbow-furdoszobai-tisztito-probiotikus-spray-friss-citrus-illattal\\\/\",\"name\":\"Herbow F\u00fcrd\u0151szobai tiszt\u00edt\u00f3 Probiotikus spray Friss citrus illattal 500 ml - Herbow | International\",\"isPartOf\":{\"@id\":\"https:\\\/\\\/herbow.eu\\\/#website\"},\"primaryImageOfPage\":{\"@id\":\"https:\\\/\\\/herbow.eu\\\/product\\\/herbow-furdoszobai-tisztito-probiotikus-spray-friss-citrus-illattal\\\/#primaryimage\"},\"image\":{\"@id\":\"https:\\\/\\\/herbow.eu\\\/product\\\/herbow-furdoszobai-tisztito-probiotikus-spray-friss-citrus-illattal\\\/#primaryimage\"},\"thumbnailUrl\":\"https:\\\/\\\/herbow.eu\\\/wp-content\\\/uploads\\\/2025\\\/11\\\/Woo_base_2000x2000_16015_furdoszobai_tisztitoszer_stancolt_500ml_v7_latvany.png\",\"datePublished\":\"2025-08-18T09:05:57+00:00\",\"dateModified\":\"2026-03-17T09:58:17+00:00\",\"description\":\"A Herbow Probiotikus F\u00fcrd\u0151szobai Tiszt\u00edt\u00f3 hat\u00e9konyan oldja a v\u00edzk\u00f6vet, szappanmaradv\u00e1nyokat \u00e9s rozsdafoltokat. J\u00f3t\u00e9kony mikroorganizmusai hosszan gondoskodnak a higi\u00e9nikus, friss tisztas\u00e1gr\u00f3l.\",\"breadcrumb\":{\"@id\":\"https:\\\/\\\/herbow.eu\\\/product\\\/herbow-furdoszobai-tisztito-probiotikus-spray-friss-citrus-illattal\\\/#breadcrumb\"},\"inLanguage\":\"el\",\"potentialAction\":[{\"@type\":\"ReadAction\",\"target\":[\"https:\\\/\\\/herbow.eu\\\/product\\\/herbow-furdoszobai-tisztito-probiotikus-spray-friss-citrus-illattal\\\/\"]}]},{\"@type\":\"ImageObject\",\"inLanguage\":\"el\",\"@id\":\"https:\\\/\\\/herbow.eu\\\/product\\\/herbow-furdoszobai-tisztito-probiotikus-spray-friss-citrus-illattal\\\/#primaryimage\",\"url\":\"https:\\\/\\\/herbow.eu\\\/wp-content\\\/uploads\\\/2025\\\/11\\\/Woo_base_2000x2000_16015_furdoszobai_tisztitoszer_stancolt_500ml_v7_latvany.png\",\"contentUrl\":\"https:\\\/\\\/herbow.eu\\\/wp-content\\\/uploads\\\/2025\\\/11\\\/Woo_base_2000x2000_16015_furdoszobai_tisztitoszer_stancolt_500ml_v7_latvany.png\",\"width\":2000,\"height\":2000},{\"@type\":\"BreadcrumbList\",\"@id\":\"https:\\\/\\\/herbow.eu\\\/product\\\/herbow-furdoszobai-tisztito-probiotikus-spray-friss-citrus-illattal\\\/#breadcrumb\",\"itemListElement\":[{\"@type\":\"ListItem\",\"position\":1,\"name\":\"Kezd\u0151lap\",\"item\":\"https:\\\/\\\/herbow.eu\\\/\"},{\"@type\":\"ListItem\",\"position\":2,\"name\":\"Shop\",\"item\":\"https:\\\/\\\/herbow.eu\\\/shop\\\/\"},{\"@type\":\"ListItem\",\"position\":3,\"name\":\"Herbow F\u00fcrd\u0151szobai tiszt\u00edt\u00f3 Probiotikus spray Friss citrus illattal 500 ml\"}]},{\"@type\":\"WebSite\",\"@id\":\"https:\\\/\\\/herbow.eu\\\/#website\",\"url\":\"https:\\\/\\\/herbow.eu\\\/\",\"name\":\"Herbow | Herbal Organic World\",\"description\":\"Herbal Organic World\",\"publisher\":{\"@id\":\"https:\\\/\\\/herbow.eu\\\/#organization\"},\"potentialAction\":[{\"@type\":\"SearchAction\",\"target\":{\"@type\":\"EntryPoint\",\"urlTemplate\":\"https:\\\/\\\/herbow.eu\\\/?s={search_term_string}\"},\"query-input\":{\"@type\":\"PropertyValueSpecification\",\"valueRequired\":true,\"valueName\":\"search_term_string\"}}],\"inLanguage\":\"el\"},{\"@type\":\"Organization\",\"@id\":\"https:\\\/\\\/herbow.eu\\\/#organization\",\"name\":\"Herbow International Zrt.\",\"url\":\"https:\\\/\\\/herbow.eu\\\/\",\"logo\":{\"@type\":\"ImageObject\",\"inLanguage\":\"el\",\"@id\":\"https:\\\/\\\/herbow.eu\\\/#\\\/schema\\\/logo\\\/image\\\/\",\"url\":\"https:\\\/\\\/herbow.eu\\\/wp-content\\\/uploads\\\/2025\\\/07\\\/herbow_logo_hun_2021-01_w-slogan_no-background.png\",\"contentUrl\":\"https:\\\/\\\/herbow.eu\\\/wp-content\\\/uploads\\\/2025\\\/07\\\/herbow_logo_hun_2021-01_w-slogan_no-background.png\",\"width\":2366,\"height\":1732,\"caption\":\"Herbow International Zrt.\"},\"image\":{\"@id\":\"https:\\\/\\\/herbow.eu\\\/#\\\/schema\\\/logo\\\/image\\\/\"},\"sameAs\":[\"https:\\\/\\\/www.facebook.com\\\/herbowmosodioslabda\\\/\",\"https:\\\/\\\/www.instagram.com\\\/herbowmosodioslabda\\\/\"]}]}<\/script>\n<!-- \/ Yoast SEO plugin. -->","yoast_head_json":{"title":"Herbow F\u00fcrd\u0151szobai tiszt\u00edt\u00f3 Probiotikus spray Friss citrus illattal 500 ml - Herbow | International","description":"A Herbow Probiotikus F\u00fcrd\u0151szobai Tiszt\u00edt\u00f3 hat\u00e9konyan oldja a v\u00edzk\u00f6vet, szappanmaradv\u00e1nyokat \u00e9s rozsdafoltokat. J\u00f3t\u00e9kony mikroorganizmusai hosszan gondoskodnak a higi\u00e9nikus, friss tisztas\u00e1gr\u00f3l.","robots":{"index":"index","follow":"follow","max-snippet":"max-snippet:-1","max-image-preview":"max-image-preview:large","max-video-preview":"max-video-preview:-1"},"canonical":"https:\/\/herbow.eu\/el\/product\/herbow-furdoszobai-tisztito-probiotikus-spray-friss-citrus-illattal\/","og_locale":"el_GR","og_type":"article","og_title":"Herbow F\u00fcrd\u0151szobai tiszt\u00edt\u00f3 Probiotikus spray Friss citrus illattal 500 ml - Herbow | International","og_description":"A Herbow Probiotikus F\u00fcrd\u0151szobai Tiszt\u00edt\u00f3 hat\u00e9konyan oldja a v\u00edzk\u00f6vet, szappanmaradv\u00e1nyokat \u00e9s rozsdafoltokat. J\u00f3t\u00e9kony mikroorganizmusai hosszan gondoskodnak a higi\u00e9nikus, friss tisztas\u00e1gr\u00f3l.","og_url":"https:\/\/herbow.eu\/el\/product\/herbow-furdoszobai-tisztito-probiotikus-spray-friss-citrus-illattal\/","og_site_name":"Herbow | International","article_publisher":"https:\/\/www.facebook.com\/herbowmosodioslabda\/","article_modified_time":"2026-03-17T09:58:17+00:00","og_image":[{"width":2000,"height":2000,"url":"https:\/\/herbow.eu\/wp-content\/uploads\/2025\/11\/Woo_base_2000x2000_16015_furdoszobai_tisztitoszer_stancolt_500ml_v7_latvany.png","type":"image\/png"}],"twitter_card":"summary_large_image","twitter_misc":{"\u0395\u03ba\u03c4\u03b9\u03bc\u03ce\u03bc\u03b5\u03bd\u03bf\u03c2 \u03c7\u03c1\u03cc\u03bd\u03bf\u03c2 \u03b1\u03bd\u03ac\u03b3\u03bd\u03c9\u03c3\u03b7\u03c2":"1 \u03bb\u03b5\u03c0\u03c4\u03cc"},"schema":{"@context":"https:\/\/schema.org","@graph":[{"@type":"WebPage","@id":"https:\/\/herbow.eu\/product\/herbow-furdoszobai-tisztito-probiotikus-spray-friss-citrus-illattal\/","url":"https:\/\/herbow.eu\/product\/herbow-furdoszobai-tisztito-probiotikus-spray-friss-citrus-illattal\/","name":"Herbow F\u00fcrd\u0151szobai tiszt\u00edt\u00f3 Probiotikus spray Friss citrus illattal 500 ml - Herbow | International","isPartOf":{"@id":"https:\/\/herbow.eu\/#website"},"primaryImageOfPage":{"@id":"https:\/\/herbow.eu\/product\/herbow-furdoszobai-tisztito-probiotikus-spray-friss-citrus-illattal\/#primaryimage"},"image":{"@id":"https:\/\/herbow.eu\/product\/herbow-furdoszobai-tisztito-probiotikus-spray-friss-citrus-illattal\/#primaryimage"},"thumbnailUrl":"https:\/\/herbow.eu\/wp-content\/uploads\/2025\/11\/Woo_base_2000x2000_16015_furdoszobai_tisztitoszer_stancolt_500ml_v7_latvany.png","datePublished":"2025-08-18T09:05:57+00:00","dateModified":"2026-03-17T09:58:17+00:00","description":"A Herbow Probiotikus F\u00fcrd\u0151szobai Tiszt\u00edt\u00f3 hat\u00e9konyan oldja a v\u00edzk\u00f6vet, szappanmaradv\u00e1nyokat \u00e9s rozsdafoltokat. J\u00f3t\u00e9kony mikroorganizmusai hosszan gondoskodnak a higi\u00e9nikus, friss tisztas\u00e1gr\u00f3l.","breadcrumb":{"@id":"https:\/\/herbow.eu\/product\/herbow-furdoszobai-tisztito-probiotikus-spray-friss-citrus-illattal\/#breadcrumb"},"inLanguage":"el","potentialAction":[{"@type":"ReadAction","target":["https:\/\/herbow.eu\/product\/herbow-furdoszobai-tisztito-probiotikus-spray-friss-citrus-illattal\/"]}]},{"@type":"ImageObject","inLanguage":"el","@id":"https:\/\/herbow.eu\/product\/herbow-furdoszobai-tisztito-probiotikus-spray-friss-citrus-illattal\/#primaryimage","url":"https:\/\/herbow.eu\/wp-content\/uploads\/2025\/11\/Woo_base_2000x2000_16015_furdoszobai_tisztitoszer_stancolt_500ml_v7_latvany.png","contentUrl":"https:\/\/herbow.eu\/wp-content\/uploads\/2025\/11\/Woo_base_2000x2000_16015_furdoszobai_tisztitoszer_stancolt_500ml_v7_latvany.png","width":2000,"height":2000},{"@type":"BreadcrumbList","@id":"https:\/\/herbow.eu\/product\/herbow-furdoszobai-tisztito-probiotikus-spray-friss-citrus-illattal\/#breadcrumb","itemListElement":[{"@type":"ListItem","position":1,"name":"Kezd\u0151lap","item":"https:\/\/herbow.eu\/"},{"@type":"ListItem","position":2,"name":"Shop","item":"https:\/\/herbow.eu\/shop\/"},{"@type":"ListItem","position":3,"name":"Herbow F\u00fcrd\u0151szobai tiszt\u00edt\u00f3 Probiotikus spray Friss citrus illattal 500 ml"}]},{"@type":"WebSite","@id":"https:\/\/herbow.eu\/#website","url":"https:\/\/herbow.eu\/","name":"Herbow | Herbal Organic World","description":"\u03a6\u03c5\u03c4\u03b9\u03ba\u03cc\u03c2 \u03b2\u03b9\u03bf\u03bb\u03bf\u03b3\u03b9\u03ba\u03cc\u03c2 \u03ba\u03cc\u03c3\u03bc\u03bf\u03c2","publisher":{"@id":"https:\/\/herbow.eu\/#organization"},"potentialAction":[{"@type":"SearchAction","target":{"@type":"EntryPoint","urlTemplate":"https:\/\/herbow.eu\/?s={search_term_string}"},"query-input":{"@type":"PropertyValueSpecification","valueRequired":true,"valueName":"search_term_string"}}],"inLanguage":"el"},{"@type":"Organization","@id":"https:\/\/herbow.eu\/#organization","name":"Herbow International Zrt.","url":"https:\/\/herbow.eu\/","logo":{"@type":"ImageObject","inLanguage":"el","@id":"https:\/\/herbow.eu\/#\/schema\/logo\/image\/","url":"https:\/\/herbow.eu\/wp-content\/uploads\/2025\/07\/herbow_logo_hun_2021-01_w-slogan_no-background.png","contentUrl":"https:\/\/herbow.eu\/wp-content\/uploads\/2025\/07\/herbow_logo_hun_2021-01_w-slogan_no-background.png","width":2366,"height":1732,"caption":"Herbow International Zrt."},"image":{"@id":"https:\/\/herbow.eu\/#\/schema\/logo\/image\/"},"sameAs":["https:\/\/www.facebook.com\/herbowmosodioslabda\/","https:\/\/www.instagram.com\/herbowmosodioslabda\/"]}]}},"jetpack_likes_enabled":true,"jetpack_sharing_enabled":true,"_links":{"self":[{"href":"https:\/\/herbow.eu\/el\/wp-json\/wp\/v2\/product\/1031","targetHints":{"allow":["GET"]}}],"collection":[{"href":"https:\/\/herbow.eu\/el\/wp-json\/wp\/v2\/product"}],"about":[{"href":"https:\/\/herbow.eu\/el\/wp-json\/wp\/v2\/types\/product"}],"replies":[{"embeddable":true,"href":"https:\/\/herbow.eu\/el\/wp-json\/wp\/v2\/comments?post=1031"}],"wp:featuredmedia":[{"embeddable":true,"href":"https:\/\/herbow.eu\/el\/wp-json\/wp\/v2\/media\/1140"}],"wp:attachment":[{"href":"https:\/\/herbow.eu\/el\/wp-json\/wp\/v2\/media?parent=1031"}],"wp:term":[{"taxonomy":"product_brand","embeddable":true,"href":"https:\/\/herbow.eu\/el\/wp-json\/wp\/v2\/product_brand?post=1031"},{"taxonomy":"product_cat","embeddable":true,"href":"https:\/\/herbow.eu\/el\/wp-json\/wp\/v2\/product_cat?post=1031"},{"taxonomy":"product_tag","embeddable":true,"href":"https:\/\/herbow.eu\/el\/wp-json\/wp\/v2\/product_tag?post=1031"}],"curies":[{"name":"wp","href":"https:\/\/api.w.org\/{rel}","templated":true}]}}