{"id":1007,"date":"2025-08-18T11:05:53","date_gmt":"2025-08-18T09:05:53","guid":{"rendered":"https:\/\/herbow.eu\/product\/herbow-textiloblito-tunder-baba\/"},"modified":"2026-03-17T10:58:48","modified_gmt":"2026-03-17T09:58:48","slug":"herbow-textiloblito-tunder-%ce%ba%ce%bf%cf%8d%ce%ba%ce%bb%ce%b1","status":"publish","type":"product","link":"https:\/\/herbow.eu\/el\/product\/herbow-textiloblito-tunder-baba\/","title":{"rendered":"\u039e\u03b5\u03c0\u03bb\u03cd\u03bc\u03b1\u03c4\u03b1 \u03c5\u03c6\u03b1\u03c3\u03bc\u03ac\u03c4\u03c9\u03bd Herbow - Fairy Baby"},"content":{"rendered":"<p>\u03a4\u03bf Herbow Fabric Rinse Fairy Baby \u03b5\u03af\u03bd\u03b1\u03b9 \u03ad\u03bd\u03b1 \u03bb\u03b5\u03c0\u03c4\u03cc \u03ac\u03c1\u03c9\u03bc\u03b1 \u03ba\u03b1\u03b8\u03b1\u03c1\u03b9\u03cc\u03c4\u03b7\u03c4\u03b1\u03c2 \u03ba\u03b1\u03b9 \u03c6\u03c1\u03bf\u03bd\u03c4\u03af\u03b4\u03b1\u03c2 \u03c3\u03b5 \u03ad\u03bd\u03b1 \u03bc\u03c0\u03bf\u03c5\u03ba\u03ac\u03bb\u03b9. \u0397 \u03c6\u03c5\u03c4\u03b9\u03ba\u03ae, \u03b1\u03c0\u03b1\u03bb\u03ae \u03c3\u03cd\u03bd\u03b8\u03b5\u03c3\u03ae \u03c4\u03bf\u03c5 \u03b1\u03c6\u03ae\u03bd\u03b5\u03b9 \u03c4\u03b1 \u03c5\u03c6\u03ac\u03c3\u03bc\u03b1\u03c4\u03b1 \u03b1\u03c0\u03b1\u03bb\u03ac \u03ba\u03b1\u03b9 \u03b5\u03cd\u03c7\u03c1\u03b7\u03c3\u03c4\u03b1, \u03b5\u03bd\u03ce \u03bc\u03b5\u03b9\u03ce\u03bd\u03b5\u03b9 \u03c4\u03b9\u03c2 \u03c3\u03c5\u03c3\u03c3\u03c9\u03c1\u03b5\u03cd\u03c3\u03b5\u03b9\u03c2 \u03ba\u03b1\u03b9 \u03b2\u03bf\u03b7\u03b8\u03ac\u03b5\u03b9 \u03c3\u03c4\u03bf \u03c3\u03b9\u03b4\u03ad\u03c1\u03c9\u03bc\u03b1. \u03a4\u03bf \u03ac\u03c1\u03c9\u03bc\u03b1 \u03b5\u03af\u03bd\u03b1\u03b9 \u03b1\u03c0\u03b1\u03bb\u03cc, \u03c0\u03bf\u03c5\u03b4\u03c1\u03ad\u03bd\u03b9\u03bf \u03ba\u03b1\u03b9 \u03c6\u03c1\u03ad\u03c3\u03ba\u03bf, \u03cc\u03c0\u03c9\u03c2 \u03b7 \u03ba\u03b1\u03c4\u03b1\u03c0\u03c1\u03b1\u03cb\u03bd\u03c4\u03b9\u03ba\u03ae \u03bc\u03c5\u03c1\u03c9\u03b4\u03b9\u03ac \u03c4\u03c9\u03bd \u03c6\u03c1\u03b5\u03c3\u03ba\u03bf\u03c0\u03bb\u03c5\u03bc\u03ad\u03bd\u03c9\u03bd \u03b2\u03c1\u03b5\u03c6\u03b9\u03ba\u03ce\u03bd \u03c1\u03bf\u03cd\u03c7\u03c9\u03bd. \u0395\u03c0\u03b9\u03c4\u03c5\u03b3\u03c7\u03ac\u03bd\u03b5\u03b9 \u03bc\u03b9\u03b1 \u03bb\u03b5\u03c0\u03c4\u03ae \u03b9\u03c3\u03bf\u03c1\u03c1\u03bf\u03c0\u03af\u03b1 \u03bc\u03b5\u03c4\u03b1\u03be\u03cd \u03ba\u03b1\u03b8\u03b1\u03c1\u03b9\u03cc\u03c4\u03b7\u03c4\u03b1\u03c2 \u03ba\u03b1\u03b9 \u03c6\u03c5\u03c3\u03b9\u03ba\u03ae\u03c2 \u03c6\u03c1\u03b5\u03c3\u03ba\u03ac\u03b4\u03b1\u03c2, \u03ba\u03b1\u03b8\u03b9\u03c3\u03c4\u03ce\u03bd\u03c4\u03b1\u03c2 \u03c4\u03bf \u03b9\u03b4\u03b1\u03bd\u03b9\u03ba\u03ae \u03b5\u03c0\u03b9\u03bb\u03bf\u03b3\u03ae \u03b3\u03b9\u03b1 \u03c4\u03b1 \u03c1\u03bf\u03cd\u03c7\u03b1 \u03c4\u03c9\u03bd \u03bc\u03b9\u03ba\u03c1\u03ce\u03bd \u03c0\u03b1\u03b9\u03b4\u03b9\u03ce\u03bd, \u03ba\u03b1\u03b8\u03ce\u03c2 \u03ba\u03b1\u03b9 \u03b3\u03b9\u03b1 \u03ba\u03ac\u03b8\u03b5 \u03bc\u03ad\u03bb\u03bf\u03c2 \u03c4\u03b7\u03c2 \u03bf\u03b9\u03ba\u03bf\u03b3\u03ad\u03bd\u03b5\u03b9\u03b1\u03c2 \u03bc\u03b5 \u03b5\u03c5\u03b1\u03af\u03c3\u03b8\u03b7\u03c4\u03bf \u03b4\u03ad\u03c1\u03bc\u03b1. \u0397 \u03c6\u03c5\u03c3\u03b9\u03ba\u03ae \u03ba\u03b1\u03c4\u03b9\u03bf\u03bd\u03b9\u03ba\u03ae \u03b5\u03c0\u03b9\u03c6\u03b1\u03bd\u03b5\u03b9\u03bf\u03b4\u03c1\u03b1\u03c3\u03c4\u03b9\u03ba\u03ae \u03c6\u03cc\u03c1\u03bc\u03bf\u03c5\u03bb\u03b1 \u03b5\u03af\u03bd\u03b1\u03b9 \u03bc\u03b9\u03b1 \u03c6\u03b9\u03bb\u03b9\u03ba\u03ae \u03c0\u03c1\u03bf\u03c2 \u03c4\u03bf \u03b4\u03ad\u03c1\u03bc\u03b1 \u03ba\u03b1\u03b9 \u03c6\u03b9\u03bb\u03b9\u03ba\u03ae \u03c0\u03c1\u03bf\u03c2 \u03c4\u03bf \u03c0\u03b5\u03c1\u03b9\u03b2\u03ac\u03bb\u03bb\u03bf\u03bd \u03b5\u03bd\u03b1\u03bb\u03bb\u03b1\u03ba\u03c4\u03b9\u03ba\u03ae \u03bb\u03cd\u03c3\u03b7 \u03c3\u03b5 \u03c3\u03c7\u03ad\u03c3\u03b7 \u03bc\u03b5 \u03c4\u03b1 \u03c0\u03b1\u03c1\u03b1\u03b4\u03bf\u03c3\u03b9\u03b1\u03ba\u03ac \u03be\u03b5\u03b2\u03b3\u03ac\u03bb\u03bc\u03b1\u03c4\u03b1. \u03a4\u03b1 \u03c1\u03bf\u03cd\u03c7\u03b1 \u03c3\u03b1\u03c2 \u03b5\u03af\u03bd\u03b1\u03b9 \u03b1\u03c0\u03b1\u03bb\u03ac, \u03b5\u03c5\u03b1\u03af\u03c3\u03b8\u03b7\u03c4\u03b1 \u03c3\u03c4\u03b7\u03bd \u03b1\u03c6\u03ae \u03ba\u03b1\u03b9 \u03b4\u03b9\u03b1\u03c4\u03b7\u03c1\u03bf\u03cd\u03bd \u03c4\u03bf \u03c6\u03c5\u03c3\u03b9\u03ba\u03cc \u03c4\u03bf\u03c5\u03c2 \u03ac\u03c1\u03c9\u03bc\u03b1 \u03b3\u03b9\u03b1 \u03c0\u03b5\u03c1\u03b9\u03c3\u03c3\u03cc\u03c4\u03b5\u03c1\u03bf \u03c7\u03c1\u03cc\u03bd\u03bf, \u03b5\u03bd\u03ce \u03c4\u03bf \u03c0\u03bb\u03cd\u03c3\u03b9\u03bc\u03bf \u03c0\u03b1\u03c1\u03b1\u03bc\u03ad\u03bd\u03b5\u03b9 \u03b1\u03c0\u03b1\u03bb\u03cc \u03b3\u03b9\u03b1 \u03c4\u03bf \u03b4\u03ad\u03c1\u03bc\u03b1 \u03ba\u03b1\u03b9 \u03c4\u03b7 \u03c6\u03cd\u03c3\u03b7.<\/p>\n<p>\u03a3\u03c5\u03bd\u03b9\u03c3\u03c4\u03ce\u03bc\u03b5\u03bd\u03b7 \u03b4\u03bf\u03c3\u03bf\u03bb\u03bf\u03b3\u03af\u03b1:<\/p>\n<ul>\n<li>\u0393\u03b9\u03b1 \u03c0\u03bb\u03cd\u03c3\u03b9\u03bc\u03bf \u03c3\u03c4\u03bf \u03c0\u03bb\u03c5\u03bd\u03c4\u03ae\u03c1\u03b9\u03bf, \u03c7\u03c1\u03b7\u03c3\u03b9\u03bc\u03bf\u03c0\u03bf\u03b9\u03ae\u03c3\u03c4\u03b5 20 ml (\u03c0\u03b5\u03c1\u03af\u03c0\u03bf\u03c5 2\/3 \u03c6\u03bb\u03b9\u03c4\u03b6\u03b1\u03bd\u03b9\u03bf\u03cd) \u03b2\u03bf\u03b7\u03b8\u03b7\u03c4\u03b9\u03ba\u03bf\u03cd \u03be\u03b5\u03b2\u03b3\u03ac\u03bb\u03bc\u03b1\u03c4\u03bf\u03c2 \u03b3\u03b9\u03b1 \u03c6\u03bf\u03c1\u03c4\u03af\u03bf 4,5 kg.<\/li>\n<li>\u0393\u03b9\u03b1 \u03c4\u03bf \u03c0\u03bb\u03cd\u03c3\u03b9\u03bc\u03bf \u03c4\u03c9\u03bd \u03c7\u03b5\u03c1\u03b9\u03ce\u03bd, \u03b1\u03c1\u03ba\u03bf\u03cd\u03bd 15 ml \u03b1\u03bd\u03ac 10 \u03bb\u03af\u03c4\u03c1\u03b1 \u03bd\u03b5\u03c1\u03bf\u03cd.<\/li>\n<li>\u03a4\u03bf \u03be\u03ad\u03c0\u03bb\u03c5\u03bc\u03b1 \u03b4\u03b5\u03bd \u03c7\u03c1\u03b5\u03b9\u03ac\u03b6\u03b5\u03c4\u03b1\u03b9 \u03bd\u03b1 \u03b1\u03c1\u03b1\u03b9\u03c9\u03b8\u03b5\u03af.<\/li>\n<\/ul>","protected":false},"excerpt":{"rendered":"<p>\u039c\u03b9\u03b1 \u03c6\u03c5\u03c3\u03b9\u03ba\u03ae \u03c6\u03c1\u03b5\u03c3\u03ba\u03ac\u03b4\u03b1 \u03c0\u03bf\u03c5 \u03b8\u03c5\u03bc\u03af\u03b6\u03b5\u03b9 \u03c4\u03bf \u03ac\u03c1\u03c9\u03bc\u03b1 \u03b5\u03bd\u03cc\u03c2 \u03bc\u03c9\u03c1\u03bf\u03cd, \u03b7 \u03bf\u03c0\u03bf\u03af\u03b1 \u03ba\u03ac\u03bd\u03b5\u03b9 \u03c4\u03b1 \u03c5\u03c6\u03ac\u03c3\u03bc\u03b1\u03c4\u03b1 \u03b1\u03c0\u03b1\u03bb\u03ac \u03ba\u03b1\u03b9 \u03b5\u03c5\u03c7\u03ac\u03c1\u03b9\u03c3\u03c4\u03b1 \u03c3\u03c4\u03b7\u03bd \u03b1\u03c6\u03ae.<\/p>","protected":false},"featured_media":913,"comment_status":"open","ping_status":"closed","template":"","meta":[],"product_brand":[1397],"product_cat":[1399],"product_tag":[1431,1567,1583,1606,1578,1599,1602,1467,1523,1524,1608,1561,1593,1605,1604,1409,1596,1595,1549,1601,1562,1589,1598,1558,1609,1611,1597,1525,1612,1526,1600,1445,1587,1607,1503,1603,1610],"class_list":{"0":"post-1007","1":"product","2":"type-product","3":"status-publish","4":"has-post-thumbnail","6":"product_brand-herbow","7":"product_cat-textiloblito","8":"product_tag-allergenmentes","9":"product_tag-allatkiserlet-mentes","10":"product_tag-erzekeny-borueknek-is","11":"product_tag-oko-haztartas-megoldas","12":"product_tag-oko-mososzer","13":"product_tag-oko-tisztitoszer","14":"product_tag-bababarat-termek","15":"product_tag-biologiailag-lebomlo","16":"product_tag-biztonsagos-osszetevok","17":"product_tag-borbarat-formula","18":"product_tag-feluletkimelo-tisztitas","19":"product_tag-fenntarthato-haztartas","20":"product_tag-foszfatmentes","21":"product_tag-friss-illat","22":"product_tag-hatekony-tisztitas","23":"product_tag-herbow","24":"product_tag-herbow-haztartas","25":"product_tag-herbow-termek","26":"product_tag-herbtech-formula","27":"product_tag-hipoallergen-osszetevok","28":"product_tag-illatmentes-opcio","29":"product_tag-kimeletes-tisztitas","30":"product_tag-kornyezetbarat-termek","31":"product_tag-melytisztito-hatas","32":"product_tag-mindennapi-hasznalatra","33":"product_tag-modern-oko-tisztitas","34":"product_tag-novenyi-alapu-formula","35":"product_tag-parabenmentes","36":"product_tag-premium-minoseg","37":"product_tag-szinezekmentes","38":"product_tag-termeszetbarat-tisztitas","39":"product_tag-termeszetes-osszetevok","40":"product_tag-termeszetes-illat","41":"product_tag-textilkimelo","42":"product_tag-tudatos-haztartas","43":"product_tag-vegan-termek","44":"product_tag-zero-waste-szemlelet","46":"first","47":"instock","48":"taxable","49":"shipping-taxable","50":"product-type-variable"},"yoast_head":"<!-- This site is optimized with the Yoast SEO plugin v27.4 - https:\/\/yoast.com\/product\/yoast-seo-wordpress\/ -->\n<title>Herbow Textil\u00f6bl\u00edt\u0151 - T\u00fcnd\u00e9r Baba - Herbow | International<\/title>\n<meta name=\"description\" content=\"A bab\u00e1k illat\u00e1t id\u00e9z\u0151 term\u00e9szetes frissess\u00e9g, amely puh\u00e1v\u00e1 \u00e9s kellemes tapint\u00e1s\u00fav\u00e1 var\u00e1zsolja a text\u00edli\u00e1kat.\" \/>\n<meta name=\"robots\" content=\"index, follow, max-snippet:-1, max-image-preview:large, max-video-preview:-1\" \/>\n<link rel=\"canonical\" href=\"https:\/\/herbow.eu\/el\/product\/herbow-textiloblito-tunder-\u03ba\u03bf\u03cd\u03ba\u03bb\u03b1\/\" \/>\n<meta property=\"og:locale\" content=\"el_GR\" \/>\n<meta property=\"og:type\" content=\"article\" \/>\n<meta property=\"og:title\" content=\"Herbow Textil\u00f6bl\u00edt\u0151 - T\u00fcnd\u00e9r Baba - Herbow | International\" \/>\n<meta property=\"og:description\" content=\"A bab\u00e1k illat\u00e1t id\u00e9z\u0151 term\u00e9szetes frissess\u00e9g, amely puh\u00e1v\u00e1 \u00e9s kellemes tapint\u00e1s\u00fav\u00e1 var\u00e1zsolja a text\u00edli\u00e1kat.\" \/>\n<meta property=\"og:url\" content=\"https:\/\/herbow.eu\/el\/product\/herbow-textiloblito-tunder-\u03ba\u03bf\u03cd\u03ba\u03bb\u03b1\/\" \/>\n<meta property=\"og:site_name\" content=\"Herbow | International\" \/>\n<meta property=\"article:publisher\" content=\"https:\/\/www.facebook.com\/herbowmosodioslabda\/\" \/>\n<meta property=\"article:modified_time\" content=\"2026-03-17T09:58:48+00:00\" \/>\n<meta property=\"og:image\" content=\"https:\/\/herbow.eu\/wp-content\/uploads\/2025\/08\/Herbow-textiloblito-2000ml-redesign_fairy_baby_v4_latvany.png\" \/>\n\t<meta property=\"og:image:width\" content=\"2000\" \/>\n\t<meta property=\"og:image:height\" content=\"2000\" \/>\n\t<meta property=\"og:image:type\" content=\"image\/png\" \/>\n<meta name=\"twitter:card\" content=\"summary_large_image\" \/>\n<meta name=\"twitter:label1\" content=\"\u0395\u03ba\u03c4\u03b9\u03bc\u03ce\u03bc\u03b5\u03bd\u03bf\u03c2 \u03c7\u03c1\u03cc\u03bd\u03bf\u03c2 \u03b1\u03bd\u03ac\u03b3\u03bd\u03c9\u03c3\u03b7\u03c2\" \/>\n\t<meta name=\"twitter:data1\" content=\"1 \u03bb\u03b5\u03c0\u03c4\u03cc\" \/>\n<script type=\"application\/ld+json\" class=\"yoast-schema-graph\">{\"@context\":\"https:\\\/\\\/schema.org\",\"@graph\":[{\"@type\":\"WebPage\",\"@id\":\"https:\\\/\\\/herbow.eu\\\/product\\\/herbow-textiloblito-tunder-baba\\\/\",\"url\":\"https:\\\/\\\/herbow.eu\\\/product\\\/herbow-textiloblito-tunder-baba\\\/\",\"name\":\"Herbow Textil\u00f6bl\u00edt\u0151 - T\u00fcnd\u00e9r Baba - Herbow | International\",\"isPartOf\":{\"@id\":\"https:\\\/\\\/herbow.eu\\\/#website\"},\"primaryImageOfPage\":{\"@id\":\"https:\\\/\\\/herbow.eu\\\/product\\\/herbow-textiloblito-tunder-baba\\\/#primaryimage\"},\"image\":{\"@id\":\"https:\\\/\\\/herbow.eu\\\/product\\\/herbow-textiloblito-tunder-baba\\\/#primaryimage\"},\"thumbnailUrl\":\"https:\\\/\\\/herbow.eu\\\/wp-content\\\/uploads\\\/2025\\\/08\\\/Herbow-textiloblito-2000ml-redesign_fairy_baby_v4_latvany.png\",\"datePublished\":\"2025-08-18T09:05:53+00:00\",\"dateModified\":\"2026-03-17T09:58:48+00:00\",\"description\":\"A bab\u00e1k illat\u00e1t id\u00e9z\u0151 term\u00e9szetes frissess\u00e9g, amely puh\u00e1v\u00e1 \u00e9s kellemes tapint\u00e1s\u00fav\u00e1 var\u00e1zsolja a text\u00edli\u00e1kat.\",\"breadcrumb\":{\"@id\":\"https:\\\/\\\/herbow.eu\\\/product\\\/herbow-textiloblito-tunder-baba\\\/#breadcrumb\"},\"inLanguage\":\"el\",\"potentialAction\":[{\"@type\":\"ReadAction\",\"target\":[\"https:\\\/\\\/herbow.eu\\\/product\\\/herbow-textiloblito-tunder-baba\\\/\"]}]},{\"@type\":\"ImageObject\",\"inLanguage\":\"el\",\"@id\":\"https:\\\/\\\/herbow.eu\\\/product\\\/herbow-textiloblito-tunder-baba\\\/#primaryimage\",\"url\":\"https:\\\/\\\/herbow.eu\\\/wp-content\\\/uploads\\\/2025\\\/08\\\/Herbow-textiloblito-2000ml-redesign_fairy_baby_v4_latvany.png\",\"contentUrl\":\"https:\\\/\\\/herbow.eu\\\/wp-content\\\/uploads\\\/2025\\\/08\\\/Herbow-textiloblito-2000ml-redesign_fairy_baby_v4_latvany.png\",\"width\":2000,\"height\":2000},{\"@type\":\"BreadcrumbList\",\"@id\":\"https:\\\/\\\/herbow.eu\\\/product\\\/herbow-textiloblito-tunder-baba\\\/#breadcrumb\",\"itemListElement\":[{\"@type\":\"ListItem\",\"position\":1,\"name\":\"Kezd\u0151lap\",\"item\":\"https:\\\/\\\/herbow.eu\\\/\"},{\"@type\":\"ListItem\",\"position\":2,\"name\":\"Shop\",\"item\":\"https:\\\/\\\/herbow.eu\\\/shop\\\/\"},{\"@type\":\"ListItem\",\"position\":3,\"name\":\"Herbow Textil\u00f6bl\u00edt\u0151 &#8211; T\u00fcnd\u00e9r Baba\"}]},{\"@type\":\"WebSite\",\"@id\":\"https:\\\/\\\/herbow.eu\\\/#website\",\"url\":\"https:\\\/\\\/herbow.eu\\\/\",\"name\":\"Herbow | Herbal Organic World\",\"description\":\"Herbal Organic World\",\"publisher\":{\"@id\":\"https:\\\/\\\/herbow.eu\\\/#organization\"},\"potentialAction\":[{\"@type\":\"SearchAction\",\"target\":{\"@type\":\"EntryPoint\",\"urlTemplate\":\"https:\\\/\\\/herbow.eu\\\/?s={search_term_string}\"},\"query-input\":{\"@type\":\"PropertyValueSpecification\",\"valueRequired\":true,\"valueName\":\"search_term_string\"}}],\"inLanguage\":\"el\"},{\"@type\":\"Organization\",\"@id\":\"https:\\\/\\\/herbow.eu\\\/#organization\",\"name\":\"Herbow International Zrt.\",\"url\":\"https:\\\/\\\/herbow.eu\\\/\",\"logo\":{\"@type\":\"ImageObject\",\"inLanguage\":\"el\",\"@id\":\"https:\\\/\\\/herbow.eu\\\/#\\\/schema\\\/logo\\\/image\\\/\",\"url\":\"https:\\\/\\\/herbow.eu\\\/wp-content\\\/uploads\\\/2025\\\/07\\\/herbow_logo_hun_2021-01_w-slogan_no-background.png\",\"contentUrl\":\"https:\\\/\\\/herbow.eu\\\/wp-content\\\/uploads\\\/2025\\\/07\\\/herbow_logo_hun_2021-01_w-slogan_no-background.png\",\"width\":2366,\"height\":1732,\"caption\":\"Herbow International Zrt.\"},\"image\":{\"@id\":\"https:\\\/\\\/herbow.eu\\\/#\\\/schema\\\/logo\\\/image\\\/\"},\"sameAs\":[\"https:\\\/\\\/www.facebook.com\\\/herbowmosodioslabda\\\/\",\"https:\\\/\\\/www.instagram.com\\\/herbowmosodioslabda\\\/\"]}]}<\/script>\n<!-- \/ Yoast SEO plugin. -->","yoast_head_json":{"title":"\u039e\u03b5\u03b2\u03b3\u03ac\u03bb\u03bc\u03b1\u03c4\u03b1 \u03c5\u03c6\u03b1\u03c3\u03bc\u03ac\u03c4\u03c9\u03bd Herbow - Fairy Doll - Herbow | International","description":"\u039c\u03b9\u03b1 \u03c6\u03c5\u03c3\u03b9\u03ba\u03ae \u03c6\u03c1\u03b5\u03c3\u03ba\u03ac\u03b4\u03b1 \u03c0\u03bf\u03c5 \u03b8\u03c5\u03bc\u03af\u03b6\u03b5\u03b9 \u03c4\u03bf \u03ac\u03c1\u03c9\u03bc\u03b1 \u03b5\u03bd\u03cc\u03c2 \u03bc\u03c9\u03c1\u03bf\u03cd, \u03b7 \u03bf\u03c0\u03bf\u03af\u03b1 \u03ba\u03ac\u03bd\u03b5\u03b9 \u03c4\u03b1 \u03c5\u03c6\u03ac\u03c3\u03bc\u03b1\u03c4\u03b1 \u03b1\u03c0\u03b1\u03bb\u03ac \u03ba\u03b1\u03b9 \u03b5\u03c5\u03c7\u03ac\u03c1\u03b9\u03c3\u03c4\u03b1 \u03c3\u03c4\u03b7\u03bd \u03b1\u03c6\u03ae.","robots":{"index":"index","follow":"follow","max-snippet":"max-snippet:-1","max-image-preview":"max-image-preview:large","max-video-preview":"max-video-preview:-1"},"canonical":"https:\/\/herbow.eu\/el\/product\/herbow-textiloblito-tunder-\u03ba\u03bf\u03cd\u03ba\u03bb\u03b1\/","og_locale":"el_GR","og_type":"article","og_title":"Herbow Textil\u00f6bl\u00edt\u0151 - T\u00fcnd\u00e9r Baba - Herbow | International","og_description":"A bab\u00e1k illat\u00e1t id\u00e9z\u0151 term\u00e9szetes frissess\u00e9g, amely puh\u00e1v\u00e1 \u00e9s kellemes tapint\u00e1s\u00fav\u00e1 var\u00e1zsolja a text\u00edli\u00e1kat.","og_url":"https:\/\/herbow.eu\/el\/product\/herbow-textiloblito-tunder-\u03ba\u03bf\u03cd\u03ba\u03bb\u03b1\/","og_site_name":"Herbow | International","article_publisher":"https:\/\/www.facebook.com\/herbowmosodioslabda\/","article_modified_time":"2026-03-17T09:58:48+00:00","og_image":[{"width":2000,"height":2000,"url":"https:\/\/herbow.eu\/wp-content\/uploads\/2025\/08\/Herbow-textiloblito-2000ml-redesign_fairy_baby_v4_latvany.png","type":"image\/png"}],"twitter_card":"summary_large_image","twitter_misc":{"\u0395\u03ba\u03c4\u03b9\u03bc\u03ce\u03bc\u03b5\u03bd\u03bf\u03c2 \u03c7\u03c1\u03cc\u03bd\u03bf\u03c2 \u03b1\u03bd\u03ac\u03b3\u03bd\u03c9\u03c3\u03b7\u03c2":"1 \u03bb\u03b5\u03c0\u03c4\u03cc"},"schema":{"@context":"https:\/\/schema.org","@graph":[{"@type":"WebPage","@id":"https:\/\/herbow.eu\/product\/herbow-textiloblito-tunder-baba\/","url":"https:\/\/herbow.eu\/product\/herbow-textiloblito-tunder-baba\/","name":"\u039e\u03b5\u03b2\u03b3\u03ac\u03bb\u03bc\u03b1\u03c4\u03b1 \u03c5\u03c6\u03b1\u03c3\u03bc\u03ac\u03c4\u03c9\u03bd Herbow - Fairy Doll - Herbow | International","isPartOf":{"@id":"https:\/\/herbow.eu\/#website"},"primaryImageOfPage":{"@id":"https:\/\/herbow.eu\/product\/herbow-textiloblito-tunder-baba\/#primaryimage"},"image":{"@id":"https:\/\/herbow.eu\/product\/herbow-textiloblito-tunder-baba\/#primaryimage"},"thumbnailUrl":"https:\/\/herbow.eu\/wp-content\/uploads\/2025\/08\/Herbow-textiloblito-2000ml-redesign_fairy_baby_v4_latvany.png","datePublished":"2025-08-18T09:05:53+00:00","dateModified":"2026-03-17T09:58:48+00:00","description":"\u039c\u03b9\u03b1 \u03c6\u03c5\u03c3\u03b9\u03ba\u03ae \u03c6\u03c1\u03b5\u03c3\u03ba\u03ac\u03b4\u03b1 \u03c0\u03bf\u03c5 \u03b8\u03c5\u03bc\u03af\u03b6\u03b5\u03b9 \u03c4\u03bf \u03ac\u03c1\u03c9\u03bc\u03b1 \u03b5\u03bd\u03cc\u03c2 \u03bc\u03c9\u03c1\u03bf\u03cd, \u03b7 \u03bf\u03c0\u03bf\u03af\u03b1 \u03ba\u03ac\u03bd\u03b5\u03b9 \u03c4\u03b1 \u03c5\u03c6\u03ac\u03c3\u03bc\u03b1\u03c4\u03b1 \u03b1\u03c0\u03b1\u03bb\u03ac \u03ba\u03b1\u03b9 \u03b5\u03c5\u03c7\u03ac\u03c1\u03b9\u03c3\u03c4\u03b1 \u03c3\u03c4\u03b7\u03bd \u03b1\u03c6\u03ae.","breadcrumb":{"@id":"https:\/\/herbow.eu\/product\/herbow-textiloblito-tunder-baba\/#breadcrumb"},"inLanguage":"el","potentialAction":[{"@type":"ReadAction","target":["https:\/\/herbow.eu\/product\/herbow-textiloblito-tunder-baba\/"]}]},{"@type":"ImageObject","inLanguage":"el","@id":"https:\/\/herbow.eu\/product\/herbow-textiloblito-tunder-baba\/#primaryimage","url":"https:\/\/herbow.eu\/wp-content\/uploads\/2025\/08\/Herbow-textiloblito-2000ml-redesign_fairy_baby_v4_latvany.png","contentUrl":"https:\/\/herbow.eu\/wp-content\/uploads\/2025\/08\/Herbow-textiloblito-2000ml-redesign_fairy_baby_v4_latvany.png","width":2000,"height":2000},{"@type":"BreadcrumbList","@id":"https:\/\/herbow.eu\/product\/herbow-textiloblito-tunder-baba\/#breadcrumb","itemListElement":[{"@type":"ListItem","position":1,"name":"Kezd\u0151lap","item":"https:\/\/herbow.eu\/"},{"@type":"ListItem","position":2,"name":"Shop","item":"https:\/\/herbow.eu\/shop\/"},{"@type":"ListItem","position":3,"name":"Herbow Textil\u00f6bl\u00edt\u0151 &#8211; T\u00fcnd\u00e9r Baba"}]},{"@type":"WebSite","@id":"https:\/\/herbow.eu\/#website","url":"https:\/\/herbow.eu\/","name":"Herbow | Herbal Organic World","description":"\u03a6\u03c5\u03c4\u03b9\u03ba\u03cc\u03c2 \u03b2\u03b9\u03bf\u03bb\u03bf\u03b3\u03b9\u03ba\u03cc\u03c2 \u03ba\u03cc\u03c3\u03bc\u03bf\u03c2","publisher":{"@id":"https:\/\/herbow.eu\/#organization"},"potentialAction":[{"@type":"SearchAction","target":{"@type":"EntryPoint","urlTemplate":"https:\/\/herbow.eu\/?s={search_term_string}"},"query-input":{"@type":"PropertyValueSpecification","valueRequired":true,"valueName":"search_term_string"}}],"inLanguage":"el"},{"@type":"Organization","@id":"https:\/\/herbow.eu\/#organization","name":"Herbow International Zrt.","url":"https:\/\/herbow.eu\/","logo":{"@type":"ImageObject","inLanguage":"el","@id":"https:\/\/herbow.eu\/#\/schema\/logo\/image\/","url":"https:\/\/herbow.eu\/wp-content\/uploads\/2025\/07\/herbow_logo_hun_2021-01_w-slogan_no-background.png","contentUrl":"https:\/\/herbow.eu\/wp-content\/uploads\/2025\/07\/herbow_logo_hun_2021-01_w-slogan_no-background.png","width":2366,"height":1732,"caption":"Herbow International Zrt."},"image":{"@id":"https:\/\/herbow.eu\/#\/schema\/logo\/image\/"},"sameAs":["https:\/\/www.facebook.com\/herbowmosodioslabda\/","https:\/\/www.instagram.com\/herbowmosodioslabda\/"]}]}},"jetpack_likes_enabled":true,"jetpack_sharing_enabled":true,"_links":{"self":[{"href":"https:\/\/herbow.eu\/el\/wp-json\/wp\/v2\/product\/1007","targetHints":{"allow":["GET"]}}],"collection":[{"href":"https:\/\/herbow.eu\/el\/wp-json\/wp\/v2\/product"}],"about":[{"href":"https:\/\/herbow.eu\/el\/wp-json\/wp\/v2\/types\/product"}],"replies":[{"embeddable":true,"href":"https:\/\/herbow.eu\/el\/wp-json\/wp\/v2\/comments?post=1007"}],"wp:featuredmedia":[{"embeddable":true,"href":"https:\/\/herbow.eu\/el\/wp-json\/wp\/v2\/media\/913"}],"wp:attachment":[{"href":"https:\/\/herbow.eu\/el\/wp-json\/wp\/v2\/media?parent=1007"}],"wp:term":[{"taxonomy":"product_brand","embeddable":true,"href":"https:\/\/herbow.eu\/el\/wp-json\/wp\/v2\/product_brand?post=1007"},{"taxonomy":"product_cat","embeddable":true,"href":"https:\/\/herbow.eu\/el\/wp-json\/wp\/v2\/product_cat?post=1007"},{"taxonomy":"product_tag","embeddable":true,"href":"https:\/\/herbow.eu\/el\/wp-json\/wp\/v2\/product_tag?post=1007"}],"curies":[{"name":"wp","href":"https:\/\/api.w.org\/{rel}","templated":true}]}}