{"id":1252,"date":"2025-11-21T14:47:39","date_gmt":"2025-11-21T13:47:39","guid":{"rendered":"https:\/\/herbow.eu\/?post_type=product&#038;p=1252"},"modified":"2026-03-17T10:58:47","modified_gmt":"2026-03-17T09:58:47","slug":"herbow-3v1-parfem-na-prani-pradla-summer-eso-200-ml","status":"publish","type":"product","link":"https:\/\/herbow.eu\/cs\/product\/herbow-3in1-mosoparfum-nyari-eso-200-ml\/","title":{"rendered":"Herbow 3v1 Wash Perfume Summer Rain"},"content":{"rendered":"<p>V\u016fn\u011b Summer Rain evokuje okam\u017eik po \u010derstv\u00e9 spr\u0161e, kdy se vzduch pro\u010dist\u00ed, p\u0159\u00edroda si oddechne a v\u0161echny v\u016fn\u011b se zdaj\u00ed b\u00fdt \u010dist\u0161\u00ed. Jemn\u00e1 zelen\u00e1, orosen\u00e1 v\u016fn\u011b, kter\u00e1 vn\u00e1\u0161\u00ed lehkost a klid do ka\u017edodenn\u00edho \u017eivota a z\u00e1rove\u0148 jemn\u011b p\u0159etrv\u00e1v\u00e1 v textili\u00edch. Parf\u00e9my na pran\u00ed pr\u00e1dla Herbow 3v1 jsou novou generac\u00ed v\u00fdrobk\u016f pro p\u00e9\u010di o tkaniny, kter\u00e9 spojuj\u00ed s\u00edlu p\u0159\u00edrody a modern\u00ed technologie v jedin\u00e9m slo\u017een\u00ed.<br \/>\nJejich inovativn\u00ed slo\u017een\u00ed HerbTech 3v1 kombinuje v\u016fni pr\u00e1dla, osv\u011b\u017eova\u010d tkanin a zm\u011bk\u010dova\u010d tkanin, tak\u017ee oble\u010den\u00ed nejen dlouho von\u00ed, ale je tak\u00e9 m\u011bkk\u00e9, snadno se s n\u00edm manipuluje a je p\u0159\u00edjemn\u00e9 na dotek. Jemn\u00e9 slo\u017eky na rostlinn\u00e9 b\u00e1zi vy\u017eivuj\u00ed tkaniny a z\u00e1rove\u0148 zachov\u00e1vaj\u00ed jejich p\u0159irozenou savost. Po ka\u017ed\u00e9m pran\u00ed z\u016fstane oble\u010den\u00ed se sv\u011b\u017e\u00ed p\u0159\u00edrodn\u00ed v\u016fn\u00ed a dlouhotrvaj\u00edc\u00ed m\u011bkkost\u00ed, ani\u017e by byla po\u0161kozena poko\u017eka nebo \u017eivotn\u00ed prost\u0159ed\u00ed.<\/p>\n<p>Prac\u00ed parf\u00e9m Herbow 3v1 je jednoduch\u00e9, v\u011bdom\u00e9 a \u00fa\u010dinn\u00e9 \u0159e\u0161en\u00ed pro ty, kte\u0159\u00ed hledaj\u00ed p\u0159irozenou \u010distotu bez kompromis\u016f. V\u016fn\u011b Summer Rain zanech\u00e1v\u00e1 na oble\u010den\u00ed dlouhotrvaj\u00edc\u00ed sv\u016fdnou sv\u011b\u017eest a s ka\u017ed\u00fdm pran\u00edm p\u0159in\u00e1\u0161\u00ed do va\u0161eho domova uklid\u0148uj\u00edc\u00ed pocit \u010distoty.<\/p>\n<p>Na ka\u017ed\u00e9 myt\u00ed pou\u017eijte 5 ml (p\u016fl uz\u00e1v\u011bru), a pokud chcete intenzivn\u011bj\u0161\u00ed v\u016fni, zvy\u0161te d\u00e1vku o n\u011bkolik mililitr\u016f.<\/p>","protected":false},"excerpt":{"rendered":"<p>A <strong>Herbow 3v1 Wash Perfume - Summer Rain<\/strong> p\u0159in\u00e1\u0161\u00ed sv\u011b\u017eest a \u010derstvost vzduchu po \u010derstv\u00e9 spr\u0161e. Jeho jemn\u00e1 p\u0159\u00edrodn\u00ed v\u016fn\u011b prostupuje oble\u010den\u00edm a zanech\u00e1v\u00e1 pocit sv\u011b\u017e\u00edho vzduchu p\u0159i ka\u017ed\u00e9m pran\u00ed.<br \/>\nInovativn\u00ed slo\u017een\u00ed 3v1 od spole\u010dnosti HerbTech kombinuje v\u016fni pr\u00e1dla, osv\u011b\u017eova\u010d tkanin a zm\u011bk\u010dova\u010d tkanin, tak\u017ee oble\u010den\u00ed je nejen vo\u0148av\u00e9, ale i jemn\u00e9 a sv\u011b\u017e\u00ed po del\u0161\u00ed dobu.<\/p>","protected":false},"featured_media":1152,"comment_status":"open","ping_status":"closed","template":"","meta":[],"product_brand":[1397],"product_cat":[1491],"product_tag":[1496,1493,1501,1409,1492,1495,1506,1504,1502,1507,1511,1510,1414,1499,1500,1505,1508,1509,1494,1497,1498,1503],"class_list":{"0":"post-1252","1":"product","2":"type-product","3":"status-publish","4":"has-post-thumbnail","6":"product_brand-herbow","7":"product_cat-3in1-mosoparfum-oblito-koncentratum","8":"product_tag-3in1-formula","9":"product_tag-3in1-mosoparfum","10":"product_tag-oko-oblito-alternativa","11":"product_tag-herbow","12":"product_tag-herbow-3in1","13":"product_tag-herbtech-3in1","14":"product_tag-hosszan-tarto-illat","15":"product_tag-illatos-ruhak","16":"product_tag-kornyezetbarat-mosas","17":"product_tag-koncentralt-mosoparfum","18":"product_tag-mosodio-melle-kiegeszito","19":"product_tag-mosogel-melle-kiegeszito","20":"product_tag-mosoparfum","21":"product_tag-novenyi-alapu-textilapolo","22":"product_tag-novenyi-eredetu-osszetevok","23":"product_tag-puha-ruhak","24":"product_tag-ruhaillatosito","25":"product_tag-szines-es-feher-ruhakhoz","26":"product_tag-textiloblito-koncentratum","27":"product_tag-textilfrissito","28":"product_tag-textillagyito","29":"product_tag-tudatos-haztartas","31":"first","32":"instock","33":"taxable","34":"shipping-taxable","35":"product-type-variable"},"yoast_head":"<!-- This site is optimized with the Yoast SEO plugin v27.4 - https:\/\/yoast.com\/product\/yoast-seo-wordpress\/ -->\n<title>Herbow 3in1 Mos\u00f3parf\u00fcm Ny\u00e1ri Es\u0151 - Herbow | International<\/title>\n<meta name=\"description\" content=\"A Herbow 3in1 Mos\u00f3parf\u00fcm \u2013 Ny\u00e1ri Es\u0151 a friss z\u00e1por ut\u00e1ni leveg\u0151 tisztas\u00e1g\u00e1t \u00e9s \u00fcde frissess\u00e9g\u00e9t hozza el. L\u00e1gy, term\u00e9szetes illata \u00e1tj\u00e1rja a ruh\u00e1kat, \u00e9s minden mos\u00e1ssal a friss leveg\u0151 \u00e9rzet\u00e9t hagyja maga ut\u00e1n.Innovat\u00edv HerbTech 3in1 formul\u00e1ja egyes\u00edti a mos\u00f3parf\u00fcm, textilfriss\u00edt\u0151 \u00e9s textill\u00e1gy\u00edt\u00f3 hat\u00e1s\u00e1t, hogy a ruha ne csak illatos, hanem l\u00e1gy \u00e9s hosszan friss maradjon.\" \/>\n<meta name=\"robots\" content=\"index, follow, max-snippet:-1, max-image-preview:large, max-video-preview:-1\" \/>\n<link rel=\"canonical\" href=\"https:\/\/herbow.eu\/cs\/product\/herbow-3v1-parfem-na-prani-pradla-summer-eso-200-ml\/\" \/>\n<meta property=\"og:locale\" content=\"cs_CZ\" \/>\n<meta property=\"og:type\" content=\"article\" \/>\n<meta property=\"og:title\" content=\"Herbow 3in1 Mos\u00f3parf\u00fcm Ny\u00e1ri Es\u0151 - Herbow | International\" \/>\n<meta property=\"og:description\" content=\"A Herbow 3in1 Mos\u00f3parf\u00fcm \u2013 Ny\u00e1ri Es\u0151 a friss z\u00e1por ut\u00e1ni leveg\u0151 tisztas\u00e1g\u00e1t \u00e9s \u00fcde frissess\u00e9g\u00e9t hozza el. L\u00e1gy, term\u00e9szetes illata \u00e1tj\u00e1rja a ruh\u00e1kat, \u00e9s minden mos\u00e1ssal a friss leveg\u0151 \u00e9rzet\u00e9t hagyja maga ut\u00e1n.Innovat\u00edv HerbTech 3in1 formul\u00e1ja egyes\u00edti a mos\u00f3parf\u00fcm, textilfriss\u00edt\u0151 \u00e9s textill\u00e1gy\u00edt\u00f3 hat\u00e1s\u00e1t, hogy a ruha ne csak illatos, hanem l\u00e1gy \u00e9s hosszan friss maradjon.\" \/>\n<meta property=\"og:url\" content=\"https:\/\/herbow.eu\/cs\/product\/herbow-3v1-parfem-na-prani-pradla-summer-eso-200-ml\/\" \/>\n<meta property=\"og:site_name\" content=\"Herbow | International\" \/>\n<meta property=\"article:publisher\" content=\"https:\/\/www.facebook.com\/herbowmosodioslabda\/\" \/>\n<meta property=\"article:modified_time\" content=\"2026-03-17T09:58:47+00:00\" \/>\n<meta property=\"og:image\" content=\"https:\/\/herbow.eu\/wp-content\/uploads\/2025\/11\/Woo_base_2000x2000_47432_3in1_Summer_Rain_200ml.png\" \/>\n\t<meta property=\"og:image:width\" content=\"2000\" \/>\n\t<meta property=\"og:image:height\" content=\"2000\" \/>\n\t<meta property=\"og:image:type\" content=\"image\/png\" \/>\n<meta name=\"twitter:card\" content=\"summary_large_image\" \/>\n<meta name=\"twitter:label1\" content=\"Odhadovan\u00e1 doba \u010dten\u00ed\" \/>\n\t<meta name=\"twitter:data1\" content=\"2 minuty\" \/>\n<script type=\"application\/ld+json\" class=\"yoast-schema-graph\">{\"@context\":\"https:\\\/\\\/schema.org\",\"@graph\":[{\"@type\":\"WebPage\",\"@id\":\"https:\\\/\\\/herbow.eu\\\/product\\\/herbow-3in1-mosoparfum-nyari-eso-200-ml\\\/\",\"url\":\"https:\\\/\\\/herbow.eu\\\/product\\\/herbow-3in1-mosoparfum-nyari-eso-200-ml\\\/\",\"name\":\"Herbow 3in1 Mos\u00f3parf\u00fcm Ny\u00e1ri Es\u0151 - Herbow | International\",\"isPartOf\":{\"@id\":\"https:\\\/\\\/herbow.eu\\\/#website\"},\"primaryImageOfPage\":{\"@id\":\"https:\\\/\\\/herbow.eu\\\/product\\\/herbow-3in1-mosoparfum-nyari-eso-200-ml\\\/#primaryimage\"},\"image\":{\"@id\":\"https:\\\/\\\/herbow.eu\\\/product\\\/herbow-3in1-mosoparfum-nyari-eso-200-ml\\\/#primaryimage\"},\"thumbnailUrl\":\"https:\\\/\\\/herbow.eu\\\/wp-content\\\/uploads\\\/2025\\\/11\\\/Woo_base_2000x2000_47432_3in1_Summer_Rain_200ml.png\",\"datePublished\":\"2025-11-21T13:47:39+00:00\",\"dateModified\":\"2026-03-17T09:58:47+00:00\",\"description\":\"A Herbow 3in1 Mos\u00f3parf\u00fcm \u2013 Ny\u00e1ri Es\u0151 a friss z\u00e1por ut\u00e1ni leveg\u0151 tisztas\u00e1g\u00e1t \u00e9s \u00fcde frissess\u00e9g\u00e9t hozza el. L\u00e1gy, term\u00e9szetes illata \u00e1tj\u00e1rja a ruh\u00e1kat, \u00e9s minden mos\u00e1ssal a friss leveg\u0151 \u00e9rzet\u00e9t hagyja maga ut\u00e1n.Innovat\u00edv HerbTech 3in1 formul\u00e1ja egyes\u00edti a mos\u00f3parf\u00fcm, textilfriss\u00edt\u0151 \u00e9s textill\u00e1gy\u00edt\u00f3 hat\u00e1s\u00e1t, hogy a ruha ne csak illatos, hanem l\u00e1gy \u00e9s hosszan friss maradjon.\",\"breadcrumb\":{\"@id\":\"https:\\\/\\\/herbow.eu\\\/product\\\/herbow-3in1-mosoparfum-nyari-eso-200-ml\\\/#breadcrumb\"},\"inLanguage\":\"cs\",\"potentialAction\":[{\"@type\":\"ReadAction\",\"target\":[\"https:\\\/\\\/herbow.eu\\\/product\\\/herbow-3in1-mosoparfum-nyari-eso-200-ml\\\/\"]}]},{\"@type\":\"ImageObject\",\"inLanguage\":\"cs\",\"@id\":\"https:\\\/\\\/herbow.eu\\\/product\\\/herbow-3in1-mosoparfum-nyari-eso-200-ml\\\/#primaryimage\",\"url\":\"https:\\\/\\\/herbow.eu\\\/wp-content\\\/uploads\\\/2025\\\/11\\\/Woo_base_2000x2000_47432_3in1_Summer_Rain_200ml.png\",\"contentUrl\":\"https:\\\/\\\/herbow.eu\\\/wp-content\\\/uploads\\\/2025\\\/11\\\/Woo_base_2000x2000_47432_3in1_Summer_Rain_200ml.png\",\"width\":2000,\"height\":2000},{\"@type\":\"BreadcrumbList\",\"@id\":\"https:\\\/\\\/herbow.eu\\\/product\\\/herbow-3in1-mosoparfum-nyari-eso-200-ml\\\/#breadcrumb\",\"itemListElement\":[{\"@type\":\"ListItem\",\"position\":1,\"name\":\"Kezd\u0151lap\",\"item\":\"https:\\\/\\\/herbow.eu\\\/\"},{\"@type\":\"ListItem\",\"position\":2,\"name\":\"Shop\",\"item\":\"https:\\\/\\\/herbow.eu\\\/shop\\\/\"},{\"@type\":\"ListItem\",\"position\":3,\"name\":\"Herbow 3in1 Mos\u00f3parf\u00fcm Ny\u00e1ri Es\u0151\"}]},{\"@type\":\"WebSite\",\"@id\":\"https:\\\/\\\/herbow.eu\\\/#website\",\"url\":\"https:\\\/\\\/herbow.eu\\\/\",\"name\":\"Herbow | Herbal Organic World\",\"description\":\"Herbal Organic World\",\"publisher\":{\"@id\":\"https:\\\/\\\/herbow.eu\\\/#organization\"},\"potentialAction\":[{\"@type\":\"SearchAction\",\"target\":{\"@type\":\"EntryPoint\",\"urlTemplate\":\"https:\\\/\\\/herbow.eu\\\/?s={search_term_string}\"},\"query-input\":{\"@type\":\"PropertyValueSpecification\",\"valueRequired\":true,\"valueName\":\"search_term_string\"}}],\"inLanguage\":\"cs\"},{\"@type\":\"Organization\",\"@id\":\"https:\\\/\\\/herbow.eu\\\/#organization\",\"name\":\"Herbow International Zrt.\",\"url\":\"https:\\\/\\\/herbow.eu\\\/\",\"logo\":{\"@type\":\"ImageObject\",\"inLanguage\":\"cs\",\"@id\":\"https:\\\/\\\/herbow.eu\\\/#\\\/schema\\\/logo\\\/image\\\/\",\"url\":\"https:\\\/\\\/herbow.eu\\\/wp-content\\\/uploads\\\/2025\\\/07\\\/herbow_logo_hun_2021-01_w-slogan_no-background.png\",\"contentUrl\":\"https:\\\/\\\/herbow.eu\\\/wp-content\\\/uploads\\\/2025\\\/07\\\/herbow_logo_hun_2021-01_w-slogan_no-background.png\",\"width\":2366,\"height\":1732,\"caption\":\"Herbow International Zrt.\"},\"image\":{\"@id\":\"https:\\\/\\\/herbow.eu\\\/#\\\/schema\\\/logo\\\/image\\\/\"},\"sameAs\":[\"https:\\\/\\\/www.facebook.com\\\/herbowmosodioslabda\\\/\",\"https:\\\/\\\/www.instagram.com\\\/herbowmosodioslabda\\\/\"]}]}<\/script>\n<!-- \/ Yoast SEO plugin. -->","yoast_head_json":{"title":"Herbow 3v1 Wash Perfume Summer Rain - Herbow | International","description":"Parf\u00e9m na pran\u00ed Herbow 3v1 - Summer Rain p\u0159in\u00e1\u0161\u00ed \u010distotu a sv\u011b\u017eest vzduchu po \u010derstv\u00e9 spr\u0161e. Jeho jemn\u00e1 p\u0159\u00edrodn\u00ed v\u016fn\u011b prostupuje oble\u010den\u00edm a zanech\u00e1v\u00e1 v n\u011bm pocit sv\u011b\u017e\u00edho vzduchu p\u0159i ka\u017ed\u00e9m pran\u00ed. inovativn\u00ed slo\u017een\u00ed Herbow 3v1 kombinuje v\u00fdhody parf\u00e9mu na pran\u00ed, osv\u011b\u017eova\u010de tkanin a zm\u011bk\u010dova\u010de tkanin, tak\u017ee oble\u010den\u00ed je nejen vo\u0148av\u00e9, ale tak\u00e9 hebk\u00e9 a sv\u011b\u017e\u00ed po del\u0161\u00ed dobu.","robots":{"index":"index","follow":"follow","max-snippet":"max-snippet:-1","max-image-preview":"max-image-preview:large","max-video-preview":"max-video-preview:-1"},"canonical":"https:\/\/herbow.eu\/cs\/product\/herbow-3v1-parfem-na-prani-pradla-summer-eso-200-ml\/","og_locale":"cs_CZ","og_type":"article","og_title":"Herbow 3in1 Mos\u00f3parf\u00fcm Ny\u00e1ri Es\u0151 - Herbow | International","og_description":"A Herbow 3in1 Mos\u00f3parf\u00fcm \u2013 Ny\u00e1ri Es\u0151 a friss z\u00e1por ut\u00e1ni leveg\u0151 tisztas\u00e1g\u00e1t \u00e9s \u00fcde frissess\u00e9g\u00e9t hozza el. L\u00e1gy, term\u00e9szetes illata \u00e1tj\u00e1rja a ruh\u00e1kat, \u00e9s minden mos\u00e1ssal a friss leveg\u0151 \u00e9rzet\u00e9t hagyja maga ut\u00e1n.Innovat\u00edv HerbTech 3in1 formul\u00e1ja egyes\u00edti a mos\u00f3parf\u00fcm, textilfriss\u00edt\u0151 \u00e9s textill\u00e1gy\u00edt\u00f3 hat\u00e1s\u00e1t, hogy a ruha ne csak illatos, hanem l\u00e1gy \u00e9s hosszan friss maradjon.","og_url":"https:\/\/herbow.eu\/cs\/product\/herbow-3v1-parfem-na-prani-pradla-summer-eso-200-ml\/","og_site_name":"Herbow | International","article_publisher":"https:\/\/www.facebook.com\/herbowmosodioslabda\/","article_modified_time":"2026-03-17T09:58:47+00:00","og_image":[{"width":2000,"height":2000,"url":"https:\/\/herbow.eu\/wp-content\/uploads\/2025\/11\/Woo_base_2000x2000_47432_3in1_Summer_Rain_200ml.png","type":"image\/png"}],"twitter_card":"summary_large_image","twitter_misc":{"Odhadovan\u00e1 doba \u010dten\u00ed":"2 minuty"},"schema":{"@context":"https:\/\/schema.org","@graph":[{"@type":"WebPage","@id":"https:\/\/herbow.eu\/product\/herbow-3in1-mosoparfum-nyari-eso-200-ml\/","url":"https:\/\/herbow.eu\/product\/herbow-3in1-mosoparfum-nyari-eso-200-ml\/","name":"Herbow 3v1 Wash Perfume Summer Rain - Herbow | International","isPartOf":{"@id":"https:\/\/herbow.eu\/#website"},"primaryImageOfPage":{"@id":"https:\/\/herbow.eu\/product\/herbow-3in1-mosoparfum-nyari-eso-200-ml\/#primaryimage"},"image":{"@id":"https:\/\/herbow.eu\/product\/herbow-3in1-mosoparfum-nyari-eso-200-ml\/#primaryimage"},"thumbnailUrl":"https:\/\/herbow.eu\/wp-content\/uploads\/2025\/11\/Woo_base_2000x2000_47432_3in1_Summer_Rain_200ml.png","datePublished":"2025-11-21T13:47:39+00:00","dateModified":"2026-03-17T09:58:47+00:00","description":"Parf\u00e9m na pran\u00ed Herbow 3v1 - Summer Rain p\u0159in\u00e1\u0161\u00ed \u010distotu a sv\u011b\u017eest vzduchu po \u010derstv\u00e9 spr\u0161e. Jeho jemn\u00e1 p\u0159\u00edrodn\u00ed v\u016fn\u011b prostupuje oble\u010den\u00edm a zanech\u00e1v\u00e1 v n\u011bm pocit sv\u011b\u017e\u00edho vzduchu p\u0159i ka\u017ed\u00e9m pran\u00ed. inovativn\u00ed slo\u017een\u00ed Herbow 3v1 kombinuje v\u00fdhody parf\u00e9mu na pran\u00ed, osv\u011b\u017eova\u010de tkanin a zm\u011bk\u010dova\u010de tkanin, tak\u017ee oble\u010den\u00ed je nejen vo\u0148av\u00e9, ale tak\u00e9 hebk\u00e9 a sv\u011b\u017e\u00ed po del\u0161\u00ed dobu.","breadcrumb":{"@id":"https:\/\/herbow.eu\/product\/herbow-3in1-mosoparfum-nyari-eso-200-ml\/#breadcrumb"},"inLanguage":"cs","potentialAction":[{"@type":"ReadAction","target":["https:\/\/herbow.eu\/product\/herbow-3in1-mosoparfum-nyari-eso-200-ml\/"]}]},{"@type":"ImageObject","inLanguage":"cs","@id":"https:\/\/herbow.eu\/product\/herbow-3in1-mosoparfum-nyari-eso-200-ml\/#primaryimage","url":"https:\/\/herbow.eu\/wp-content\/uploads\/2025\/11\/Woo_base_2000x2000_47432_3in1_Summer_Rain_200ml.png","contentUrl":"https:\/\/herbow.eu\/wp-content\/uploads\/2025\/11\/Woo_base_2000x2000_47432_3in1_Summer_Rain_200ml.png","width":2000,"height":2000},{"@type":"BreadcrumbList","@id":"https:\/\/herbow.eu\/product\/herbow-3in1-mosoparfum-nyari-eso-200-ml\/#breadcrumb","itemListElement":[{"@type":"ListItem","position":1,"name":"Kezd\u0151lap","item":"https:\/\/herbow.eu\/"},{"@type":"ListItem","position":2,"name":"Shop","item":"https:\/\/herbow.eu\/shop\/"},{"@type":"ListItem","position":3,"name":"Herbow 3in1 Mos\u00f3parf\u00fcm Ny\u00e1ri Es\u0151"}]},{"@type":"WebSite","@id":"https:\/\/herbow.eu\/#website","url":"https:\/\/herbow.eu\/","name":"Herbow | Herbal Organic World","description":"Bylinn\u00fd organick\u00fd sv\u011bt","publisher":{"@id":"https:\/\/herbow.eu\/#organization"},"potentialAction":[{"@type":"SearchAction","target":{"@type":"EntryPoint","urlTemplate":"https:\/\/herbow.eu\/?s={search_term_string}"},"query-input":{"@type":"PropertyValueSpecification","valueRequired":true,"valueName":"search_term_string"}}],"inLanguage":"cs"},{"@type":"Organization","@id":"https:\/\/herbow.eu\/#organization","name":"Herbow International Zrt.","url":"https:\/\/herbow.eu\/","logo":{"@type":"ImageObject","inLanguage":"cs","@id":"https:\/\/herbow.eu\/#\/schema\/logo\/image\/","url":"https:\/\/herbow.eu\/wp-content\/uploads\/2025\/07\/herbow_logo_hun_2021-01_w-slogan_no-background.png","contentUrl":"https:\/\/herbow.eu\/wp-content\/uploads\/2025\/07\/herbow_logo_hun_2021-01_w-slogan_no-background.png","width":2366,"height":1732,"caption":"Herbow International Zrt."},"image":{"@id":"https:\/\/herbow.eu\/#\/schema\/logo\/image\/"},"sameAs":["https:\/\/www.facebook.com\/herbowmosodioslabda\/","https:\/\/www.instagram.com\/herbowmosodioslabda\/"]}]}},"jetpack_likes_enabled":true,"jetpack_sharing_enabled":true,"_links":{"self":[{"href":"https:\/\/herbow.eu\/cs\/wp-json\/wp\/v2\/product\/1252","targetHints":{"allow":["GET"]}}],"collection":[{"href":"https:\/\/herbow.eu\/cs\/wp-json\/wp\/v2\/product"}],"about":[{"href":"https:\/\/herbow.eu\/cs\/wp-json\/wp\/v2\/types\/product"}],"replies":[{"embeddable":true,"href":"https:\/\/herbow.eu\/cs\/wp-json\/wp\/v2\/comments?post=1252"}],"wp:featuredmedia":[{"embeddable":true,"href":"https:\/\/herbow.eu\/cs\/wp-json\/wp\/v2\/media\/1152"}],"wp:attachment":[{"href":"https:\/\/herbow.eu\/cs\/wp-json\/wp\/v2\/media?parent=1252"}],"wp:term":[{"taxonomy":"product_brand","embeddable":true,"href":"https:\/\/herbow.eu\/cs\/wp-json\/wp\/v2\/product_brand?post=1252"},{"taxonomy":"product_cat","embeddable":true,"href":"https:\/\/herbow.eu\/cs\/wp-json\/wp\/v2\/product_cat?post=1252"},{"taxonomy":"product_tag","embeddable":true,"href":"https:\/\/herbow.eu\/cs\/wp-json\/wp\/v2\/product_tag?post=1252"}],"curies":[{"name":"wp","href":"https:\/\/api.w.org\/{rel}","templated":true}]}}