{"id":1040,"date":"2025-08-18T11:05:59","date_gmt":"2025-08-18T09:05:59","guid":{"rendered":"https:\/\/herbow.eu\/product\/herbow-bambino-folyekony-mososzer-koncentratum-univerzalis-illat-es-allergenmentes\/"},"modified":"2026-03-17T10:58:04","modified_gmt":"2026-03-17T09:58:04","slug":"herbow-bambino-kuzelova-pracka-kapalin-koncentrat","status":"publish","type":"product","link":"https:\/\/herbow.eu\/cs\/product\/herbow-bambino-folyekony-mososzer-koncentratum\/","title":{"rendered":"Herbow Bambino Tekut\u00fd prac\u00ed prost\u0159edek univerz\u00e1ln\u00ed bez v\u016fn\u011b a alergen\u016f 1000ml"},"content":{"rendered":"<p>Koncentrovan\u00fd tekut\u00fd prac\u00ed prost\u0159edek Herbow Bambino bez v\u016fn\u011b a alergen\u016f se zam\u011b\u0159uje na p\u0159irozenou \u010distotu a ochranu poko\u017eky. Obsahuje \u0161etrn\u00fd proces extrakce extraktu z prac\u00edch o\u0159ech\u016f, kter\u00fd d\u00edky obsahu p\u0159\u00edrodn\u00edch saponin\u016f \u00fa\u010dinn\u011b rozpou\u0161t\u00ed ne\u010distoty a z\u00e1rove\u0148 je \u0161etrn\u00fd k poko\u017ece a tkanin\u00e1m. Bioenzymy a tenzidy rostlinn\u00e9ho p\u016fvodu pom\u00e1haj\u00ed odstra\u0148ovat ka\u017edodenn\u00ed skvrny i p\u0159i n\u00edzk\u00fdch teplot\u00e1ch a zanech\u00e1vaj\u00ed oble\u010den\u00ed \u010dist\u00e9, jemn\u00e9 a sv\u011b\u017e\u00ed, to v\u0161e bez um\u011bl\u00fdch parf\u00e9m\u016f. D\u016frazn\u011b doporu\u010deno pro miminka, d\u011bti a dosp\u011bl\u00e9 s citlivou poko\u017ekou. Neobsahuje um\u011bl\u00e1 barviva, parf\u00e9my, optick\u00e9 zjas\u0148ova\u010de, chl\u00f3r ani fosf\u00e1ty, tak\u017ee je bezpe\u010dnou volbou i pro tu nejcitliv\u011bj\u0161\u00ed poko\u017eku. Je ide\u00e1ln\u00ed pro barevn\u00e9 i b\u00edl\u00e9 pr\u00e1dlo, pro v\u0161echny typy pra\u010dek i ru\u010dn\u00ed pran\u00ed. Vegansk\u00e9, biologicky odbourateln\u00e9 a ekologick\u00e9 slo\u017een\u00ed, kter\u00e9 p\u0159in\u00e1\u0161\u00ed \u010distotu s jednoduchost\u00ed od p\u0159\u00edrody.<\/p>\n<p>Kapacita: 1000 ml = vysta\u010d\u00ed p\u0159ibli\u017en\u011b na 40 myt\u00ed.<\/p>\n<p>Pro oplachov\u00e1n\u00ed pou\u017eijte Herbow Bambino Fragrance and Allergen Free Concentrate.<\/p>","protected":false},"excerpt":{"rendered":"<p>A <strong>Herbow Bambino Tekut\u00fd prac\u00ed prost\u0159edek bez v\u016fn\u011b a alergen\u016f<\/strong> je nej\u0161etrn\u011bj\u0161\u00edm \u0159e\u0161en\u00edm pro ochranu citliv\u00e9 poko\u017eky. S p\u0159\u00edrodn\u00edm extraktem z prac\u00edch o\u0159ech\u016f a bioenzymy \u00fa\u010dinn\u011b \u010dist\u00ed oble\u010den\u00ed i p\u0159i n\u00edzk\u00fdch teplot\u00e1ch, bez parfemace a s p\u0159irozen\u00fdm pocitem \u010distoty.<\/p>\n<p>Objem: 1000 ml<\/p>","protected":false},"featured_media":896,"comment_status":"open","ping_status":"closed","template":"","meta":[],"product_brand":[1397],"product_cat":[1408],"product_tag":[1431,1527,1517,1531,1521,1529,1518,1522,1515,1516,1514,1513,1523,1524,1519,1532,1409,1512,1430,1520,1502,1530,1441,1525,1526,1445,1528],"class_list":{"0":"post-1040","1":"product","2":"type-product","3":"status-publish","4":"has-post-thumbnail","6":"product_brand-herbow","7":"product_cat-herbow-baby-bambino-termekcsalad","8":"product_tag-allergenmentes","9":"product_tag-allatkiserletmentes","10":"product_tag-erzekeny-borre","11":"product_tag-erzekeny-textiliakhoz","12":"product_tag-oko-haztartas","13":"product_tag-okocimkes-termek","14":"product_tag-ujszulott-borere","15":"product_tag-bababarat-tisztitas","16":"product_tag-babamosas","17":"product_tag-babaruhakhoz","18":"product_tag-babatermek","19":"product_tag-bambino","20":"product_tag-biztonsagos-osszetevok","21":"product_tag-borbarat-formula","22":"product_tag-dermatologiailag-tesztelt","23":"product_tag-feher-es-szines-ruhakhoz","24":"product_tag-herbow","25":"product_tag-herbow-bambino","26":"product_tag-hipoallergen","27":"product_tag-illatmentes-termek","28":"product_tag-kornyezetbarat-mosas","29":"product_tag-koncentratum","30":"product_tag-novenyi-alapu","31":"product_tag-parabenmentes","32":"product_tag-szinezekmentes","33":"product_tag-termeszetes-osszetevok","34":"product_tag-vegan","36":"first","37":"instock","38":"taxable","39":"shipping-taxable","40":"product-type-simple"},"yoast_head":"<!-- This site is optimized with the Yoast SEO plugin v27.4 - https:\/\/yoast.com\/product\/yoast-seo-wordpress\/ -->\n<title>Herbow Bambino Foly\u00e9kony mos\u00f3szer koncentr\u00e1tum univerz\u00e1lis illat- \u00e9s allerg\u00e9nmentes 1000ml - Herbow | International<\/title>\n<meta name=\"description\" content=\"A Herbow Bambino Illat- \u00e9s Allerg\u00e9nmentes foly\u00e9kony mos\u00f3szer a leggyeng\u00e9debb megold\u00e1s az \u00e9rz\u00e9keny b\u0151r v\u00e9delm\u00e9re.Term\u00e9szetes mos\u00f3di\u00f3-kivonattal \u00e9s bioenzimekkel hat\u00e9konyan tiszt\u00edtja a ruh\u00e1kat m\u00e1r alacsony h\u0151fokon is, illatanyagok n\u00e9lk\u00fcl, a tisztas\u00e1g term\u00e9szetes \u00e9rz\u00e9s\u00e9vel.\" \/>\n<meta name=\"robots\" content=\"index, follow, max-snippet:-1, max-image-preview:large, max-video-preview:-1\" \/>\n<link rel=\"canonical\" href=\"https:\/\/herbow.eu\/cs\/product\/herbow-bambino-kuzelova-pracka-kapalin-koncentrat\/\" \/>\n<meta property=\"og:locale\" content=\"cs_CZ\" \/>\n<meta property=\"og:type\" content=\"article\" \/>\n<meta property=\"og:title\" content=\"Herbow Bambino Foly\u00e9kony mos\u00f3szer koncentr\u00e1tum univerz\u00e1lis illat- \u00e9s allerg\u00e9nmentes 1000ml - Herbow | International\" \/>\n<meta property=\"og:description\" content=\"A Herbow Bambino Illat- \u00e9s Allerg\u00e9nmentes foly\u00e9kony mos\u00f3szer a leggyeng\u00e9debb megold\u00e1s az \u00e9rz\u00e9keny b\u0151r v\u00e9delm\u00e9re.Term\u00e9szetes mos\u00f3di\u00f3-kivonattal \u00e9s bioenzimekkel hat\u00e9konyan tiszt\u00edtja a ruh\u00e1kat m\u00e1r alacsony h\u0151fokon is, illatanyagok n\u00e9lk\u00fcl, a tisztas\u00e1g term\u00e9szetes \u00e9rz\u00e9s\u00e9vel.\" \/>\n<meta property=\"og:url\" content=\"https:\/\/herbow.eu\/cs\/product\/herbow-bambino-kuzelova-pracka-kapalin-koncentrat\/\" \/>\n<meta property=\"og:site_name\" content=\"Herbow | International\" \/>\n<meta property=\"article:publisher\" content=\"https:\/\/www.facebook.com\/herbowmosodioslabda\/\" \/>\n<meta property=\"article:modified_time\" content=\"2026-03-17T09:58:04+00:00\" \/>\n<meta property=\"og:image\" content=\"https:\/\/herbow.eu\/wp-content\/uploads\/2025\/08\/Herbow-bambino_14042_folyekony_mososzer_1000ml_245x156mm_illatmentes_v11_redesign2024.png\" \/>\n\t<meta property=\"og:image:width\" content=\"2000\" \/>\n\t<meta property=\"og:image:height\" content=\"2000\" \/>\n\t<meta property=\"og:image:type\" content=\"image\/png\" \/>\n<meta name=\"twitter:card\" content=\"summary_large_image\" \/>\n<meta name=\"twitter:label1\" content=\"Odhadovan\u00e1 doba \u010dten\u00ed\" \/>\n\t<meta name=\"twitter:data1\" content=\"1 minuta\" \/>\n<script type=\"application\/ld+json\" class=\"yoast-schema-graph\">{\"@context\":\"https:\\\/\\\/schema.org\",\"@graph\":[{\"@type\":\"WebPage\",\"@id\":\"https:\\\/\\\/herbow.eu\\\/product\\\/herbow-bambino-folyekony-mososzer-koncentratum\\\/\",\"url\":\"https:\\\/\\\/herbow.eu\\\/product\\\/herbow-bambino-folyekony-mososzer-koncentratum\\\/\",\"name\":\"Herbow Bambino Foly\u00e9kony mos\u00f3szer koncentr\u00e1tum univerz\u00e1lis illat- \u00e9s allerg\u00e9nmentes 1000ml - Herbow | International\",\"isPartOf\":{\"@id\":\"https:\\\/\\\/herbow.eu\\\/#website\"},\"primaryImageOfPage\":{\"@id\":\"https:\\\/\\\/herbow.eu\\\/product\\\/herbow-bambino-folyekony-mososzer-koncentratum\\\/#primaryimage\"},\"image\":{\"@id\":\"https:\\\/\\\/herbow.eu\\\/product\\\/herbow-bambino-folyekony-mososzer-koncentratum\\\/#primaryimage\"},\"thumbnailUrl\":\"https:\\\/\\\/herbow.eu\\\/wp-content\\\/uploads\\\/2025\\\/08\\\/Herbow-bambino_14042_folyekony_mososzer_1000ml_245x156mm_illatmentes_v11_redesign2024.png\",\"datePublished\":\"2025-08-18T09:05:59+00:00\",\"dateModified\":\"2026-03-17T09:58:04+00:00\",\"description\":\"A Herbow Bambino Illat- \u00e9s Allerg\u00e9nmentes foly\u00e9kony mos\u00f3szer a leggyeng\u00e9debb megold\u00e1s az \u00e9rz\u00e9keny b\u0151r v\u00e9delm\u00e9re.Term\u00e9szetes mos\u00f3di\u00f3-kivonattal \u00e9s bioenzimekkel hat\u00e9konyan tiszt\u00edtja a ruh\u00e1kat m\u00e1r alacsony h\u0151fokon is, illatanyagok n\u00e9lk\u00fcl, a tisztas\u00e1g term\u00e9szetes \u00e9rz\u00e9s\u00e9vel.\",\"breadcrumb\":{\"@id\":\"https:\\\/\\\/herbow.eu\\\/product\\\/herbow-bambino-folyekony-mososzer-koncentratum\\\/#breadcrumb\"},\"inLanguage\":\"cs\",\"potentialAction\":[{\"@type\":\"ReadAction\",\"target\":[\"https:\\\/\\\/herbow.eu\\\/product\\\/herbow-bambino-folyekony-mososzer-koncentratum\\\/\"]}]},{\"@type\":\"ImageObject\",\"inLanguage\":\"cs\",\"@id\":\"https:\\\/\\\/herbow.eu\\\/product\\\/herbow-bambino-folyekony-mososzer-koncentratum\\\/#primaryimage\",\"url\":\"https:\\\/\\\/herbow.eu\\\/wp-content\\\/uploads\\\/2025\\\/08\\\/Herbow-bambino_14042_folyekony_mososzer_1000ml_245x156mm_illatmentes_v11_redesign2024.png\",\"contentUrl\":\"https:\\\/\\\/herbow.eu\\\/wp-content\\\/uploads\\\/2025\\\/08\\\/Herbow-bambino_14042_folyekony_mososzer_1000ml_245x156mm_illatmentes_v11_redesign2024.png\",\"width\":2000,\"height\":2000},{\"@type\":\"BreadcrumbList\",\"@id\":\"https:\\\/\\\/herbow.eu\\\/product\\\/herbow-bambino-folyekony-mososzer-koncentratum\\\/#breadcrumb\",\"itemListElement\":[{\"@type\":\"ListItem\",\"position\":1,\"name\":\"Kezd\u0151lap\",\"item\":\"https:\\\/\\\/herbow.eu\\\/\"},{\"@type\":\"ListItem\",\"position\":2,\"name\":\"Shop\",\"item\":\"https:\\\/\\\/herbow.eu\\\/shop\\\/\"},{\"@type\":\"ListItem\",\"position\":3,\"name\":\"Herbow Bambino Foly\u00e9kony mos\u00f3szer koncentr\u00e1tum univerz\u00e1lis illat- \u00e9s allerg\u00e9nmentes 1000ml\"}]},{\"@type\":\"WebSite\",\"@id\":\"https:\\\/\\\/herbow.eu\\\/#website\",\"url\":\"https:\\\/\\\/herbow.eu\\\/\",\"name\":\"Herbow | Herbal Organic World\",\"description\":\"Herbal Organic World\",\"publisher\":{\"@id\":\"https:\\\/\\\/herbow.eu\\\/#organization\"},\"potentialAction\":[{\"@type\":\"SearchAction\",\"target\":{\"@type\":\"EntryPoint\",\"urlTemplate\":\"https:\\\/\\\/herbow.eu\\\/?s={search_term_string}\"},\"query-input\":{\"@type\":\"PropertyValueSpecification\",\"valueRequired\":true,\"valueName\":\"search_term_string\"}}],\"inLanguage\":\"cs\"},{\"@type\":\"Organization\",\"@id\":\"https:\\\/\\\/herbow.eu\\\/#organization\",\"name\":\"Herbow International Zrt.\",\"url\":\"https:\\\/\\\/herbow.eu\\\/\",\"logo\":{\"@type\":\"ImageObject\",\"inLanguage\":\"cs\",\"@id\":\"https:\\\/\\\/herbow.eu\\\/#\\\/schema\\\/logo\\\/image\\\/\",\"url\":\"https:\\\/\\\/herbow.eu\\\/wp-content\\\/uploads\\\/2025\\\/07\\\/herbow_logo_hun_2021-01_w-slogan_no-background.png\",\"contentUrl\":\"https:\\\/\\\/herbow.eu\\\/wp-content\\\/uploads\\\/2025\\\/07\\\/herbow_logo_hun_2021-01_w-slogan_no-background.png\",\"width\":2366,\"height\":1732,\"caption\":\"Herbow International Zrt.\"},\"image\":{\"@id\":\"https:\\\/\\\/herbow.eu\\\/#\\\/schema\\\/logo\\\/image\\\/\"},\"sameAs\":[\"https:\\\/\\\/www.facebook.com\\\/herbowmosodioslabda\\\/\",\"https:\\\/\\\/www.instagram.com\\\/herbowmosodioslabda\\\/\"]}]}<\/script>\n<!-- \/ Yoast SEO plugin. -->","yoast_head_json":{"title":"Herbow Bambino Tekut\u00fd prac\u00ed prost\u0159edek univerz\u00e1ln\u00ed bez v\u016fn\u011b a alergen\u016f 1000ml - Herbow | International","description":"Tekut\u00fd prac\u00ed prost\u0159edek Herbow Bambino bez v\u016fn\u011b a alergen\u016f je nej\u0161etrn\u011bj\u0161\u00edm \u0159e\u0161en\u00edm pro ochranu citliv\u00e9 poko\u017eky.D\u00edky p\u0159\u00edrodn\u00edmu prac\u00edmu extraktu a bioenzym\u016fm \u00fa\u010dinn\u011b \u010dist\u00ed pr\u00e1dlo i p\u0159i n\u00edzk\u00fdch teplot\u00e1ch, bez parfemace, s p\u0159irozen\u00fdm pocitem \u010distoty.","robots":{"index":"index","follow":"follow","max-snippet":"max-snippet:-1","max-image-preview":"max-image-preview:large","max-video-preview":"max-video-preview:-1"},"canonical":"https:\/\/herbow.eu\/cs\/product\/herbow-bambino-kuzelova-pracka-kapalin-koncentrat\/","og_locale":"cs_CZ","og_type":"article","og_title":"Herbow Bambino Foly\u00e9kony mos\u00f3szer koncentr\u00e1tum univerz\u00e1lis illat- \u00e9s allerg\u00e9nmentes 1000ml - Herbow | International","og_description":"A Herbow Bambino Illat- \u00e9s Allerg\u00e9nmentes foly\u00e9kony mos\u00f3szer a leggyeng\u00e9debb megold\u00e1s az \u00e9rz\u00e9keny b\u0151r v\u00e9delm\u00e9re.Term\u00e9szetes mos\u00f3di\u00f3-kivonattal \u00e9s bioenzimekkel hat\u00e9konyan tiszt\u00edtja a ruh\u00e1kat m\u00e1r alacsony h\u0151fokon is, illatanyagok n\u00e9lk\u00fcl, a tisztas\u00e1g term\u00e9szetes \u00e9rz\u00e9s\u00e9vel.","og_url":"https:\/\/herbow.eu\/cs\/product\/herbow-bambino-kuzelova-pracka-kapalin-koncentrat\/","og_site_name":"Herbow | International","article_publisher":"https:\/\/www.facebook.com\/herbowmosodioslabda\/","article_modified_time":"2026-03-17T09:58:04+00:00","og_image":[{"width":2000,"height":2000,"url":"https:\/\/herbow.eu\/wp-content\/uploads\/2025\/08\/Herbow-bambino_14042_folyekony_mososzer_1000ml_245x156mm_illatmentes_v11_redesign2024.png","type":"image\/png"}],"twitter_card":"summary_large_image","twitter_misc":{"Odhadovan\u00e1 doba \u010dten\u00ed":"1 minuta"},"schema":{"@context":"https:\/\/schema.org","@graph":[{"@type":"WebPage","@id":"https:\/\/herbow.eu\/product\/herbow-bambino-folyekony-mososzer-koncentratum\/","url":"https:\/\/herbow.eu\/product\/herbow-bambino-folyekony-mososzer-koncentratum\/","name":"Herbow Bambino Tekut\u00fd prac\u00ed prost\u0159edek univerz\u00e1ln\u00ed bez v\u016fn\u011b a alergen\u016f 1000ml - Herbow | International","isPartOf":{"@id":"https:\/\/herbow.eu\/#website"},"primaryImageOfPage":{"@id":"https:\/\/herbow.eu\/product\/herbow-bambino-folyekony-mososzer-koncentratum\/#primaryimage"},"image":{"@id":"https:\/\/herbow.eu\/product\/herbow-bambino-folyekony-mososzer-koncentratum\/#primaryimage"},"thumbnailUrl":"https:\/\/herbow.eu\/wp-content\/uploads\/2025\/08\/Herbow-bambino_14042_folyekony_mososzer_1000ml_245x156mm_illatmentes_v11_redesign2024.png","datePublished":"2025-08-18T09:05:59+00:00","dateModified":"2026-03-17T09:58:04+00:00","description":"Tekut\u00fd prac\u00ed prost\u0159edek Herbow Bambino bez v\u016fn\u011b a alergen\u016f je nej\u0161etrn\u011bj\u0161\u00edm \u0159e\u0161en\u00edm pro ochranu citliv\u00e9 poko\u017eky.D\u00edky p\u0159\u00edrodn\u00edmu prac\u00edmu extraktu a bioenzym\u016fm \u00fa\u010dinn\u011b \u010dist\u00ed pr\u00e1dlo i p\u0159i n\u00edzk\u00fdch teplot\u00e1ch, bez parfemace, s p\u0159irozen\u00fdm pocitem \u010distoty.","breadcrumb":{"@id":"https:\/\/herbow.eu\/product\/herbow-bambino-folyekony-mososzer-koncentratum\/#breadcrumb"},"inLanguage":"cs","potentialAction":[{"@type":"ReadAction","target":["https:\/\/herbow.eu\/product\/herbow-bambino-folyekony-mososzer-koncentratum\/"]}]},{"@type":"ImageObject","inLanguage":"cs","@id":"https:\/\/herbow.eu\/product\/herbow-bambino-folyekony-mososzer-koncentratum\/#primaryimage","url":"https:\/\/herbow.eu\/wp-content\/uploads\/2025\/08\/Herbow-bambino_14042_folyekony_mososzer_1000ml_245x156mm_illatmentes_v11_redesign2024.png","contentUrl":"https:\/\/herbow.eu\/wp-content\/uploads\/2025\/08\/Herbow-bambino_14042_folyekony_mososzer_1000ml_245x156mm_illatmentes_v11_redesign2024.png","width":2000,"height":2000},{"@type":"BreadcrumbList","@id":"https:\/\/herbow.eu\/product\/herbow-bambino-folyekony-mososzer-koncentratum\/#breadcrumb","itemListElement":[{"@type":"ListItem","position":1,"name":"Kezd\u0151lap","item":"https:\/\/herbow.eu\/"},{"@type":"ListItem","position":2,"name":"Shop","item":"https:\/\/herbow.eu\/shop\/"},{"@type":"ListItem","position":3,"name":"Herbow Bambino Foly\u00e9kony mos\u00f3szer koncentr\u00e1tum univerz\u00e1lis illat- \u00e9s allerg\u00e9nmentes 1000ml"}]},{"@type":"WebSite","@id":"https:\/\/herbow.eu\/#website","url":"https:\/\/herbow.eu\/","name":"Herbow | Herbal Organic World","description":"Bylinn\u00fd organick\u00fd sv\u011bt","publisher":{"@id":"https:\/\/herbow.eu\/#organization"},"potentialAction":[{"@type":"SearchAction","target":{"@type":"EntryPoint","urlTemplate":"https:\/\/herbow.eu\/?s={search_term_string}"},"query-input":{"@type":"PropertyValueSpecification","valueRequired":true,"valueName":"search_term_string"}}],"inLanguage":"cs"},{"@type":"Organization","@id":"https:\/\/herbow.eu\/#organization","name":"Herbow International Zrt.","url":"https:\/\/herbow.eu\/","logo":{"@type":"ImageObject","inLanguage":"cs","@id":"https:\/\/herbow.eu\/#\/schema\/logo\/image\/","url":"https:\/\/herbow.eu\/wp-content\/uploads\/2025\/07\/herbow_logo_hun_2021-01_w-slogan_no-background.png","contentUrl":"https:\/\/herbow.eu\/wp-content\/uploads\/2025\/07\/herbow_logo_hun_2021-01_w-slogan_no-background.png","width":2366,"height":1732,"caption":"Herbow International Zrt."},"image":{"@id":"https:\/\/herbow.eu\/#\/schema\/logo\/image\/"},"sameAs":["https:\/\/www.facebook.com\/herbowmosodioslabda\/","https:\/\/www.instagram.com\/herbowmosodioslabda\/"]}]}},"jetpack_likes_enabled":true,"jetpack_sharing_enabled":true,"_links":{"self":[{"href":"https:\/\/herbow.eu\/cs\/wp-json\/wp\/v2\/product\/1040","targetHints":{"allow":["GET"]}}],"collection":[{"href":"https:\/\/herbow.eu\/cs\/wp-json\/wp\/v2\/product"}],"about":[{"href":"https:\/\/herbow.eu\/cs\/wp-json\/wp\/v2\/types\/product"}],"replies":[{"embeddable":true,"href":"https:\/\/herbow.eu\/cs\/wp-json\/wp\/v2\/comments?post=1040"}],"wp:featuredmedia":[{"embeddable":true,"href":"https:\/\/herbow.eu\/cs\/wp-json\/wp\/v2\/media\/896"}],"wp:attachment":[{"href":"https:\/\/herbow.eu\/cs\/wp-json\/wp\/v2\/media?parent=1040"}],"wp:term":[{"taxonomy":"product_brand","embeddable":true,"href":"https:\/\/herbow.eu\/cs\/wp-json\/wp\/v2\/product_brand?post=1040"},{"taxonomy":"product_cat","embeddable":true,"href":"https:\/\/herbow.eu\/cs\/wp-json\/wp\/v2\/product_cat?post=1040"},{"taxonomy":"product_tag","embeddable":true,"href":"https:\/\/herbow.eu\/cs\/wp-json\/wp\/v2\/product_tag?post=1040"}],"curies":[{"name":"wp","href":"https:\/\/api.w.org\/{rel}","templated":true}]}}