{"id":1035,"date":"2025-08-18T11:05:58","date_gmt":"2025-08-18T09:05:58","guid":{"rendered":"https:\/\/herbow.eu\/product\/herbow-bambino-2in1-mosoparfum-oblito-koncentratum-gyumolcsos-kert\/"},"modified":"2026-03-17T10:58:09","modified_gmt":"2026-03-17T09:58:09","slug":"herbow-bambino-2v1-mosoparfum-oblito-concentratum-s-clove-garden-2","status":"publish","type":"product","link":"https:\/\/herbow.eu\/cs\/product\/herbow-bambino-2in1-mosoparfum-oblito-koncentratum-gyumolcsos-kert\/","title":{"rendered":"Herbow Bambino 2v1 Prac\u00ed parf\u00e9mov\u00fd oplachov\u00fd koncentr\u00e1t Fruity Garden 200 ml"},"content":{"rendered":"<p>Herbow Bambino 2v1 Wash Perfume Rinse Concentrate s v\u016fn\u00ed Fruity Garden kombinuje jemnost p\u0159\u00edrodn\u00ed p\u00e9\u010de s dlouhotrvaj\u00edc\u00ed sv\u011b\u017eest\u00ed. Slo\u017een\u00ed je bezpe\u010dn\u00e9 pro miminka, d\u011bti i dosp\u011bl\u00e9 s citlivou poko\u017ekou a poko\u017ekou n\u00e1chylnou k alergi\u00edm a obsahuje slo\u017eky na rostlinn\u00e9 b\u00e1zi pro \u00fapravu a zm\u011bk\u010den\u00ed tkanin, kter\u00e9 jsou biologicky odbourateln\u00e9 a \u0161etrn\u00e9 k poko\u017ece. P\u0159\u00edrodn\u011b identick\u00e9 esenci\u00e1ln\u00ed oleje jemn\u011b zahaluj\u00ed tkaniny a zanech\u00e1vaj\u00ed dlouhotrvaj\u00edc\u00ed p\u0159\u00edrodn\u00ed v\u016fni, v\u016fn\u011b \u201esadu\u201d je z\u00e1rove\u0148 sv\u011b\u017e\u00ed, slune\u010dn\u00e1 a vesel\u00e1, jako by se v oble\u010den\u00ed vzn\u00e1\u0161el vzduch vo\u0148av\u00e9 letn\u00ed zahrady. Oplachovac\u00ed prost\u0159edek Herbow Bambino nejen von\u00ed, ale tak\u00e9 zm\u011bk\u010duje a pe\u010duje o tkaniny, kter\u00e9 zanech\u00e1v\u00e1 po ka\u017ed\u00e9m pran\u00ed jemn\u00e9 a hebk\u00e9 na dotek, a to bez pou\u017eit\u00ed syntetick\u00fdch oplachovac\u00edch prost\u0159edk\u016f. 200 ml vysta\u010d\u00ed a\u017e na 40 pran\u00ed, tak\u017ee je mimo\u0159\u00e1dn\u011b \u00fasporn\u00fd a \u0161etrn\u00fd k \u017eivotn\u00edmu prost\u0159ed\u00ed.<\/p>\n<p>Pou\u017eit\u00ed:Nalijte asi 5 ml (p\u016fl uz\u00e1v\u011bru) do odd\u00edlu pro m\u00e1ch\u00e1n\u00ed pra\u010dky. Nelijte p\u0159\u00edmo na pr\u00e1dlo. P\u0159ed pou\u017eit\u00edm prot\u0159epejte.<\/p>\n<p>Pro dosa\u017een\u00ed nejlep\u0161\u00edch v\u00fdsledk\u016f pou\u017e\u00edvejte v kombinaci s tekut\u00fdm prac\u00edm prost\u0159edkem Herbow Bambino.<\/p>","protected":false},"excerpt":{"rendered":"<p>A <strong>Herbow Bambino 2v1 prac\u00ed parf\u00e9mov\u00e1 voda<\/strong> koncentr\u00e1t je speci\u00e1ln\u011b vyvinut\u00fd pro p\u00e9\u010di o oble\u010den\u00ed kojenc\u016f a d\u011bt\u00ed s citlivou poko\u017ekou. D\u00edky p\u0159\u00edrodn\u00edm pe\u010duj\u00edc\u00edm slo\u017ek\u00e1m z\u016fst\u00e1vaj\u00ed textilie hebk\u00e9 a sv\u011b\u017e\u00ed na dotek, zat\u00edmco ovocn\u00e1 v\u016fn\u011b vn\u00e1\u0161\u00ed do ka\u017edodenn\u00edho \u017eivota veselost a lehkost.<\/p>\n<p>Velikost balen\u00ed: 200 ml<\/p>","protected":false},"featured_media":899,"comment_status":"open","ping_status":"closed","template":"","meta":[],"product_brand":[1397],"product_cat":[1408],"product_tag":[1534,1535,1431,1546,1527,1517,1531,1521,1540,1529,1518,1522,1515,1516,1514,1513,1523,1524,1519,1532,1542,1550,1548,1409,1533,1512,1549,1430,1506,1552,1520,1551,1504,1537,1541,1502,1547,1530,1544,1441,1499,1525,1543,1508,1538,1509,1526,1545,1445,1539,1536,1528],"class_list":{"0":"post-1035","1":"product","2":"type-product","3":"status-publish","4":"has-post-thumbnail","6":"product_brand-herbow","7":"product_cat-herbow-baby-bambino-termekcsalad","8":"product_tag-2in1-mosoparfum","9":"product_tag-2in1-textilfrissito","10":"product_tag-allergenmentes","11":"product_tag-allergenmentes-illat-ha-szukseges","12":"product_tag-allatkiserletmentes","13":"product_tag-erzekeny-borre","14":"product_tag-erzekeny-textiliakhoz","15":"product_tag-oko-haztartas","16":"product_tag-oko-textilapolas","17":"product_tag-okocimkes-termek","18":"product_tag-ujszulott-borere","19":"product_tag-bababarat-tisztitas","20":"product_tag-babamosas","21":"product_tag-babaruhakhoz","22":"product_tag-babatermek","23":"product_tag-bambino","24":"product_tag-biztonsagos-osszetevok","25":"product_tag-borbarat-formula","26":"product_tag-dermatologiailag-tesztelt","27":"product_tag-feher-es-szines-ruhakhoz","28":"product_tag-friss-ruhak","29":"product_tag-gardrob-frissito","30":"product_tag-gazdasagos-hasznalat","31":"product_tag-herbow","32":"product_tag-herbow-2in1","33":"product_tag-herbow-bambino","34":"product_tag-herbtech-formula","35":"product_tag-hipoallergen","36":"product_tag-hosszan-tarto-illat","37":"product_tag-illatkapszula-hatas","38":"product_tag-illatmentes-termek","39":"product_tag-illatos-mosas","40":"product_tag-illatos-ruhak","41":"product_tag-illatosito-koncentratum","42":"product_tag-intenziv-illat","43":"product_tag-kornyezetbarat-mosas","44":"product_tag-koncentralt-formula","45":"product_tag-koncentratum","46":"product_tag-mindennapi-mosashoz","47":"product_tag-novenyi-alapu","48":"product_tag-novenyi-alapu-textilapolo","49":"product_tag-parabenmentes","50":"product_tag-puhabb-ruhak","51":"product_tag-ruhaillatosito","52":"product_tag-ruhaparfum","53":"product_tag-szines-es-feher-ruhakhoz","54":"product_tag-szinezekmentes","55":"product_tag-termeszetbarat-mosas","56":"product_tag-termeszetes-osszetevok","57":"product_tag-termeszetes-textilfrissito","58":"product_tag-textilfrissito-koncentratum","59":"product_tag-vegan","61":"first","62":"instock","63":"taxable","64":"shipping-taxable","65":"product-type-simple"},"yoast_head":"<!-- This site is optimized with the Yoast SEO plugin v27.4 - https:\/\/yoast.com\/product\/yoast-seo-wordpress\/ -->\n<title>Herbow Bambino 2in1 mos\u00f3parf\u00fcm \u00f6bl\u00edt\u0151 koncentr\u00e1tum gy\u00fcm\u00f6lcs\u00f6s kert 200 ml - Herbow | International<\/title>\n<meta name=\"description\" content=\"A Herbow Bambino 2in1 Mos\u00f3parf\u00fcm\u2013\u00d6bl\u00edt\u0151 koncentr\u00e1tum kifejezetten az \u00e9rz\u00e9keny b\u0151r\u0171 bab\u00e1k \u00e9s gyermekek ruh\u00e1inak \u00e1pol\u00e1s\u00e1ra k\u00e9sz\u00fclt. A term\u00e9szetes \u00e1pol\u00f3 \u00f6sszetev\u0151knek k\u00f6sz\u00f6nhet\u0151en a text\u00edli\u00e1k puh\u00e1k \u00e9s friss tapint\u00e1s\u00faak lesznek, mik\u00f6zben a gy\u00fcm\u00f6lcs\u00f6s illat vid\u00e1ms\u00e1got \u00e9s k\u00f6nnyeds\u00e9get visz a mindennapokba.\" \/>\n<meta name=\"robots\" content=\"index, follow, max-snippet:-1, max-image-preview:large, max-video-preview:-1\" \/>\n<link rel=\"canonical\" href=\"https:\/\/herbow.eu\/cs\/product\/herbow-bambino-2v1-mosoparfum-oblito-concentratum-s-clove-garden-2\/\" \/>\n<meta property=\"og:locale\" content=\"cs_CZ\" \/>\n<meta property=\"og:type\" content=\"article\" \/>\n<meta property=\"og:title\" content=\"Herbow Bambino 2in1 mos\u00f3parf\u00fcm \u00f6bl\u00edt\u0151 koncentr\u00e1tum gy\u00fcm\u00f6lcs\u00f6s kert 200 ml - Herbow | International\" \/>\n<meta property=\"og:description\" content=\"A Herbow Bambino 2in1 Mos\u00f3parf\u00fcm\u2013\u00d6bl\u00edt\u0151 koncentr\u00e1tum kifejezetten az \u00e9rz\u00e9keny b\u0151r\u0171 bab\u00e1k \u00e9s gyermekek ruh\u00e1inak \u00e1pol\u00e1s\u00e1ra k\u00e9sz\u00fclt. A term\u00e9szetes \u00e1pol\u00f3 \u00f6sszetev\u0151knek k\u00f6sz\u00f6nhet\u0151en a text\u00edli\u00e1k puh\u00e1k \u00e9s friss tapint\u00e1s\u00faak lesznek, mik\u00f6zben a gy\u00fcm\u00f6lcs\u00f6s illat vid\u00e1ms\u00e1got \u00e9s k\u00f6nnyeds\u00e9get visz a mindennapokba.\" \/>\n<meta property=\"og:url\" content=\"https:\/\/herbow.eu\/cs\/product\/herbow-bambino-2v1-mosoparfum-oblito-concentratum-s-clove-garden-2\/\" \/>\n<meta property=\"og:site_name\" content=\"Herbow | International\" \/>\n<meta property=\"article:publisher\" content=\"https:\/\/www.facebook.com\/herbowmosodioslabda\/\" \/>\n<meta property=\"article:modified_time\" content=\"2026-03-17T09:58:09+00:00\" \/>\n<meta property=\"og:image\" content=\"https:\/\/herbow.eu\/wp-content\/uploads\/2025\/08\/Herbow-bambino_parfum_2in1_200ml_redesign_front_v2_144x110mm_malna_PETA.png\" \/>\n\t<meta property=\"og:image:width\" content=\"2000\" \/>\n\t<meta property=\"og:image:height\" content=\"2000\" \/>\n\t<meta property=\"og:image:type\" content=\"image\/png\" \/>\n<meta name=\"twitter:card\" content=\"summary_large_image\" \/>\n<meta name=\"twitter:label1\" content=\"Odhadovan\u00e1 doba \u010dten\u00ed\" \/>\n\t<meta name=\"twitter:data1\" content=\"1 minuta\" \/>\n<script type=\"application\/ld+json\" class=\"yoast-schema-graph\">{\"@context\":\"https:\\\/\\\/schema.org\",\"@graph\":[{\"@type\":\"WebPage\",\"@id\":\"https:\\\/\\\/herbow.eu\\\/product\\\/herbow-bambino-2in1-mosoparfum-oblito-koncentratum-gyumolcsos-kert\\\/\",\"url\":\"https:\\\/\\\/herbow.eu\\\/product\\\/herbow-bambino-2in1-mosoparfum-oblito-koncentratum-gyumolcsos-kert\\\/\",\"name\":\"Herbow Bambino 2in1 mos\u00f3parf\u00fcm \u00f6bl\u00edt\u0151 koncentr\u00e1tum gy\u00fcm\u00f6lcs\u00f6s kert 200 ml - Herbow | International\",\"isPartOf\":{\"@id\":\"https:\\\/\\\/herbow.eu\\\/#website\"},\"primaryImageOfPage\":{\"@id\":\"https:\\\/\\\/herbow.eu\\\/product\\\/herbow-bambino-2in1-mosoparfum-oblito-koncentratum-gyumolcsos-kert\\\/#primaryimage\"},\"image\":{\"@id\":\"https:\\\/\\\/herbow.eu\\\/product\\\/herbow-bambino-2in1-mosoparfum-oblito-koncentratum-gyumolcsos-kert\\\/#primaryimage\"},\"thumbnailUrl\":\"https:\\\/\\\/herbow.eu\\\/wp-content\\\/uploads\\\/2025\\\/08\\\/Herbow-bambino_parfum_2in1_200ml_redesign_front_v2_144x110mm_malna_PETA.png\",\"datePublished\":\"2025-08-18T09:05:58+00:00\",\"dateModified\":\"2026-03-17T09:58:09+00:00\",\"description\":\"A Herbow Bambino 2in1 Mos\u00f3parf\u00fcm\u2013\u00d6bl\u00edt\u0151 koncentr\u00e1tum kifejezetten az \u00e9rz\u00e9keny b\u0151r\u0171 bab\u00e1k \u00e9s gyermekek ruh\u00e1inak \u00e1pol\u00e1s\u00e1ra k\u00e9sz\u00fclt. A term\u00e9szetes \u00e1pol\u00f3 \u00f6sszetev\u0151knek k\u00f6sz\u00f6nhet\u0151en a text\u00edli\u00e1k puh\u00e1k \u00e9s friss tapint\u00e1s\u00faak lesznek, mik\u00f6zben a gy\u00fcm\u00f6lcs\u00f6s illat vid\u00e1ms\u00e1got \u00e9s k\u00f6nnyeds\u00e9get visz a mindennapokba.\",\"breadcrumb\":{\"@id\":\"https:\\\/\\\/herbow.eu\\\/product\\\/herbow-bambino-2in1-mosoparfum-oblito-koncentratum-gyumolcsos-kert\\\/#breadcrumb\"},\"inLanguage\":\"cs\",\"potentialAction\":[{\"@type\":\"ReadAction\",\"target\":[\"https:\\\/\\\/herbow.eu\\\/product\\\/herbow-bambino-2in1-mosoparfum-oblito-koncentratum-gyumolcsos-kert\\\/\"]}]},{\"@type\":\"ImageObject\",\"inLanguage\":\"cs\",\"@id\":\"https:\\\/\\\/herbow.eu\\\/product\\\/herbow-bambino-2in1-mosoparfum-oblito-koncentratum-gyumolcsos-kert\\\/#primaryimage\",\"url\":\"https:\\\/\\\/herbow.eu\\\/wp-content\\\/uploads\\\/2025\\\/08\\\/Herbow-bambino_parfum_2in1_200ml_redesign_front_v2_144x110mm_malna_PETA.png\",\"contentUrl\":\"https:\\\/\\\/herbow.eu\\\/wp-content\\\/uploads\\\/2025\\\/08\\\/Herbow-bambino_parfum_2in1_200ml_redesign_front_v2_144x110mm_malna_PETA.png\",\"width\":2000,\"height\":2000},{\"@type\":\"BreadcrumbList\",\"@id\":\"https:\\\/\\\/herbow.eu\\\/product\\\/herbow-bambino-2in1-mosoparfum-oblito-koncentratum-gyumolcsos-kert\\\/#breadcrumb\",\"itemListElement\":[{\"@type\":\"ListItem\",\"position\":1,\"name\":\"Kezd\u0151lap\",\"item\":\"https:\\\/\\\/herbow.eu\\\/\"},{\"@type\":\"ListItem\",\"position\":2,\"name\":\"Shop\",\"item\":\"https:\\\/\\\/herbow.eu\\\/shop\\\/\"},{\"@type\":\"ListItem\",\"position\":3,\"name\":\"Herbow Bambino 2in1 mos\u00f3parf\u00fcm \u00f6bl\u00edt\u0151 koncentr\u00e1tum gy\u00fcm\u00f6lcs\u00f6s kert 200 ml\"}]},{\"@type\":\"WebSite\",\"@id\":\"https:\\\/\\\/herbow.eu\\\/#website\",\"url\":\"https:\\\/\\\/herbow.eu\\\/\",\"name\":\"Herbow | Herbal Organic World\",\"description\":\"Herbal Organic World\",\"publisher\":{\"@id\":\"https:\\\/\\\/herbow.eu\\\/#organization\"},\"potentialAction\":[{\"@type\":\"SearchAction\",\"target\":{\"@type\":\"EntryPoint\",\"urlTemplate\":\"https:\\\/\\\/herbow.eu\\\/?s={search_term_string}\"},\"query-input\":{\"@type\":\"PropertyValueSpecification\",\"valueRequired\":true,\"valueName\":\"search_term_string\"}}],\"inLanguage\":\"cs\"},{\"@type\":\"Organization\",\"@id\":\"https:\\\/\\\/herbow.eu\\\/#organization\",\"name\":\"Herbow International Zrt.\",\"url\":\"https:\\\/\\\/herbow.eu\\\/\",\"logo\":{\"@type\":\"ImageObject\",\"inLanguage\":\"cs\",\"@id\":\"https:\\\/\\\/herbow.eu\\\/#\\\/schema\\\/logo\\\/image\\\/\",\"url\":\"https:\\\/\\\/herbow.eu\\\/wp-content\\\/uploads\\\/2025\\\/07\\\/herbow_logo_hun_2021-01_w-slogan_no-background.png\",\"contentUrl\":\"https:\\\/\\\/herbow.eu\\\/wp-content\\\/uploads\\\/2025\\\/07\\\/herbow_logo_hun_2021-01_w-slogan_no-background.png\",\"width\":2366,\"height\":1732,\"caption\":\"Herbow International Zrt.\"},\"image\":{\"@id\":\"https:\\\/\\\/herbow.eu\\\/#\\\/schema\\\/logo\\\/image\\\/\"},\"sameAs\":[\"https:\\\/\\\/www.facebook.com\\\/herbowmosodioslabda\\\/\",\"https:\\\/\\\/www.instagram.com\\\/herbowmosodioslabda\\\/\"]}]}<\/script>\n<!-- \/ Yoast SEO plugin. -->","yoast_head_json":{"title":"Herbow Bambino 2v1 Prac\u00ed parf\u00e9mov\u00fd oplachov\u00fd koncentr\u00e1t Fruity Garden 200 ml - Herbow | International","description":"Prac\u00ed koncentr\u00e1t Herbow Bambino 2v1 s parf\u00e9mem je speci\u00e1ln\u011b vyvinut\u00fd pro p\u00e9\u010di o oble\u010den\u00ed kojenc\u016f a d\u011bt\u00ed s citlivou poko\u017ekou. D\u00edky p\u0159\u00edrodn\u00edm pe\u010duj\u00edc\u00edm slo\u017ek\u00e1m z\u016fst\u00e1vaj\u00ed tkaniny hebk\u00e9 a sv\u011b\u017e\u00ed na dotek, zat\u00edmco ovocn\u00e1 v\u016fn\u011b vn\u00e1\u0161\u00ed do ka\u017edodenn\u00edho \u017eivota veselost a lehkost.","robots":{"index":"index","follow":"follow","max-snippet":"max-snippet:-1","max-image-preview":"max-image-preview:large","max-video-preview":"max-video-preview:-1"},"canonical":"https:\/\/herbow.eu\/cs\/product\/herbow-bambino-2v1-mosoparfum-oblito-concentratum-s-clove-garden-2\/","og_locale":"cs_CZ","og_type":"article","og_title":"Herbow Bambino 2in1 mos\u00f3parf\u00fcm \u00f6bl\u00edt\u0151 koncentr\u00e1tum gy\u00fcm\u00f6lcs\u00f6s kert 200 ml - Herbow | International","og_description":"A Herbow Bambino 2in1 Mos\u00f3parf\u00fcm\u2013\u00d6bl\u00edt\u0151 koncentr\u00e1tum kifejezetten az \u00e9rz\u00e9keny b\u0151r\u0171 bab\u00e1k \u00e9s gyermekek ruh\u00e1inak \u00e1pol\u00e1s\u00e1ra k\u00e9sz\u00fclt. A term\u00e9szetes \u00e1pol\u00f3 \u00f6sszetev\u0151knek k\u00f6sz\u00f6nhet\u0151en a text\u00edli\u00e1k puh\u00e1k \u00e9s friss tapint\u00e1s\u00faak lesznek, mik\u00f6zben a gy\u00fcm\u00f6lcs\u00f6s illat vid\u00e1ms\u00e1got \u00e9s k\u00f6nnyeds\u00e9get visz a mindennapokba.","og_url":"https:\/\/herbow.eu\/cs\/product\/herbow-bambino-2v1-mosoparfum-oblito-concentratum-s-clove-garden-2\/","og_site_name":"Herbow | International","article_publisher":"https:\/\/www.facebook.com\/herbowmosodioslabda\/","article_modified_time":"2026-03-17T09:58:09+00:00","og_image":[{"width":2000,"height":2000,"url":"https:\/\/herbow.eu\/wp-content\/uploads\/2025\/08\/Herbow-bambino_parfum_2in1_200ml_redesign_front_v2_144x110mm_malna_PETA.png","type":"image\/png"}],"twitter_card":"summary_large_image","twitter_misc":{"Odhadovan\u00e1 doba \u010dten\u00ed":"1 minuta"},"schema":{"@context":"https:\/\/schema.org","@graph":[{"@type":"WebPage","@id":"https:\/\/herbow.eu\/product\/herbow-bambino-2in1-mosoparfum-oblito-koncentratum-gyumolcsos-kert\/","url":"https:\/\/herbow.eu\/product\/herbow-bambino-2in1-mosoparfum-oblito-koncentratum-gyumolcsos-kert\/","name":"Herbow Bambino 2v1 Prac\u00ed parf\u00e9mov\u00fd oplachov\u00fd koncentr\u00e1t Fruity Garden 200 ml - Herbow | International","isPartOf":{"@id":"https:\/\/herbow.eu\/#website"},"primaryImageOfPage":{"@id":"https:\/\/herbow.eu\/product\/herbow-bambino-2in1-mosoparfum-oblito-koncentratum-gyumolcsos-kert\/#primaryimage"},"image":{"@id":"https:\/\/herbow.eu\/product\/herbow-bambino-2in1-mosoparfum-oblito-koncentratum-gyumolcsos-kert\/#primaryimage"},"thumbnailUrl":"https:\/\/herbow.eu\/wp-content\/uploads\/2025\/08\/Herbow-bambino_parfum_2in1_200ml_redesign_front_v2_144x110mm_malna_PETA.png","datePublished":"2025-08-18T09:05:58+00:00","dateModified":"2026-03-17T09:58:09+00:00","description":"Prac\u00ed koncentr\u00e1t Herbow Bambino 2v1 s parf\u00e9mem je speci\u00e1ln\u011b vyvinut\u00fd pro p\u00e9\u010di o oble\u010den\u00ed kojenc\u016f a d\u011bt\u00ed s citlivou poko\u017ekou. D\u00edky p\u0159\u00edrodn\u00edm pe\u010duj\u00edc\u00edm slo\u017ek\u00e1m z\u016fst\u00e1vaj\u00ed tkaniny hebk\u00e9 a sv\u011b\u017e\u00ed na dotek, zat\u00edmco ovocn\u00e1 v\u016fn\u011b vn\u00e1\u0161\u00ed do ka\u017edodenn\u00edho \u017eivota veselost a lehkost.","breadcrumb":{"@id":"https:\/\/herbow.eu\/product\/herbow-bambino-2in1-mosoparfum-oblito-koncentratum-gyumolcsos-kert\/#breadcrumb"},"inLanguage":"cs","potentialAction":[{"@type":"ReadAction","target":["https:\/\/herbow.eu\/product\/herbow-bambino-2in1-mosoparfum-oblito-koncentratum-gyumolcsos-kert\/"]}]},{"@type":"ImageObject","inLanguage":"cs","@id":"https:\/\/herbow.eu\/product\/herbow-bambino-2in1-mosoparfum-oblito-koncentratum-gyumolcsos-kert\/#primaryimage","url":"https:\/\/herbow.eu\/wp-content\/uploads\/2025\/08\/Herbow-bambino_parfum_2in1_200ml_redesign_front_v2_144x110mm_malna_PETA.png","contentUrl":"https:\/\/herbow.eu\/wp-content\/uploads\/2025\/08\/Herbow-bambino_parfum_2in1_200ml_redesign_front_v2_144x110mm_malna_PETA.png","width":2000,"height":2000},{"@type":"BreadcrumbList","@id":"https:\/\/herbow.eu\/product\/herbow-bambino-2in1-mosoparfum-oblito-koncentratum-gyumolcsos-kert\/#breadcrumb","itemListElement":[{"@type":"ListItem","position":1,"name":"Kezd\u0151lap","item":"https:\/\/herbow.eu\/"},{"@type":"ListItem","position":2,"name":"Shop","item":"https:\/\/herbow.eu\/shop\/"},{"@type":"ListItem","position":3,"name":"Herbow Bambino 2in1 mos\u00f3parf\u00fcm \u00f6bl\u00edt\u0151 koncentr\u00e1tum gy\u00fcm\u00f6lcs\u00f6s kert 200 ml"}]},{"@type":"WebSite","@id":"https:\/\/herbow.eu\/#website","url":"https:\/\/herbow.eu\/","name":"Herbow | Herbal Organic World","description":"Bylinn\u00fd organick\u00fd sv\u011bt","publisher":{"@id":"https:\/\/herbow.eu\/#organization"},"potentialAction":[{"@type":"SearchAction","target":{"@type":"EntryPoint","urlTemplate":"https:\/\/herbow.eu\/?s={search_term_string}"},"query-input":{"@type":"PropertyValueSpecification","valueRequired":true,"valueName":"search_term_string"}}],"inLanguage":"cs"},{"@type":"Organization","@id":"https:\/\/herbow.eu\/#organization","name":"Herbow International Zrt.","url":"https:\/\/herbow.eu\/","logo":{"@type":"ImageObject","inLanguage":"cs","@id":"https:\/\/herbow.eu\/#\/schema\/logo\/image\/","url":"https:\/\/herbow.eu\/wp-content\/uploads\/2025\/07\/herbow_logo_hun_2021-01_w-slogan_no-background.png","contentUrl":"https:\/\/herbow.eu\/wp-content\/uploads\/2025\/07\/herbow_logo_hun_2021-01_w-slogan_no-background.png","width":2366,"height":1732,"caption":"Herbow International Zrt."},"image":{"@id":"https:\/\/herbow.eu\/#\/schema\/logo\/image\/"},"sameAs":["https:\/\/www.facebook.com\/herbowmosodioslabda\/","https:\/\/www.instagram.com\/herbowmosodioslabda\/"]}]}},"jetpack_likes_enabled":true,"jetpack_sharing_enabled":true,"_links":{"self":[{"href":"https:\/\/herbow.eu\/cs\/wp-json\/wp\/v2\/product\/1035","targetHints":{"allow":["GET"]}}],"collection":[{"href":"https:\/\/herbow.eu\/cs\/wp-json\/wp\/v2\/product"}],"about":[{"href":"https:\/\/herbow.eu\/cs\/wp-json\/wp\/v2\/types\/product"}],"replies":[{"embeddable":true,"href":"https:\/\/herbow.eu\/cs\/wp-json\/wp\/v2\/comments?post=1035"}],"wp:featuredmedia":[{"embeddable":true,"href":"https:\/\/herbow.eu\/cs\/wp-json\/wp\/v2\/media\/899"}],"wp:attachment":[{"href":"https:\/\/herbow.eu\/cs\/wp-json\/wp\/v2\/media?parent=1035"}],"wp:term":[{"taxonomy":"product_brand","embeddable":true,"href":"https:\/\/herbow.eu\/cs\/wp-json\/wp\/v2\/product_brand?post=1035"},{"taxonomy":"product_cat","embeddable":true,"href":"https:\/\/herbow.eu\/cs\/wp-json\/wp\/v2\/product_cat?post=1035"},{"taxonomy":"product_tag","embeddable":true,"href":"https:\/\/herbow.eu\/cs\/wp-json\/wp\/v2\/product_tag?post=1035"}],"curies":[{"name":"wp","href":"https:\/\/api.w.org\/{rel}","templated":true}]}}