{"id":1031,"date":"2025-08-18T11:05:57","date_gmt":"2025-08-18T09:05:57","guid":{"rendered":"https:\/\/herbow.eu\/product\/herbow-furdoszobai-tisztito-probiotikus-spray-friss-citrus-illattal\/"},"modified":"2026-03-17T10:58:17","modified_gmt":"2026-03-17T09:58:17","slug":"herbow-furdosobai-cleanito-probioticky-sprej-se-svezi-citrusovou-vuni","status":"publish","type":"product","link":"https:\/\/herbow.eu\/cs\/product\/herbow-furdoszobai-tisztito-probiotikus-spray-friss-citrus-illattal\/","title":{"rendered":"Probiotick\u00fd \u010distic\u00ed sprej na koupelny Herbow se sv\u011b\u017e\u00ed citrusovou v\u016fn\u00ed 500 ml"},"content":{"rendered":"<p>Probiotick\u00fd \u010disti\u010d koupelen Herbow - sv\u011b\u017e\u00ed citrusov\u00e1 v\u016fn\u011b kombinuje s\u00edlu p\u0159\u00edrody a v\u011bdy, aby va\u0161e koupelna byla \u010dist\u00e1 a sv\u011b\u017e\u00ed. Jeho rostlinn\u00e9 slo\u017eky a obsah kyseliny citronov\u00e9 rychle rozpou\u0161t\u011bj\u00ed vodn\u00ed k\u00e1men, zbytky m\u00fddla, miner\u00e1ln\u00ed a rezav\u00e9 usazeniny kolem bateri\u00ed a obklad\u016f. Probiotick\u00e9 mikroorganismy, kter\u00e9 po \u010di\u0161t\u011bn\u00ed z\u016fstanou na povrchu, pokra\u010duj\u00ed v pr\u00e1ci: p\u0159irozen\u011b zabra\u0148uj\u00ed op\u011btovn\u00e9mu os\u00eddlen\u00ed ne\u010distotami a bakteriemi, a udr\u017euj\u00ed tak povrchy d\u00e9le \u010dist\u00e9. Jeho vodoodpudiv\u00e9, nezanech\u00e1vaj\u00edc\u00ed skvrny zasychaj\u00edc\u00ed slo\u017een\u00ed zanech\u00e1v\u00e1 povrchy leskl\u00e9 a hladk\u00e9 a z\u00e1rove\u0148 poskytuje antibakteri\u00e1ln\u00ed a antistatick\u00e9 vlastnosti. P\u0159\u00edpravek neobsahuje chlor, fosf\u00e1ty, fosfon\u00e1ty, amoniak ani EDTA, pouze rostlinn\u00e9 slo\u017eky s ekozna\u010dkou EU a synergickou sm\u011bs prosp\u011b\u0161n\u00fdch bakteri\u00e1ln\u00edch spor. Pravideln\u00e9 pou\u017e\u00edv\u00e1n\u00ed p\u0159edstavuje bezpe\u010dn\u00e9, ekologick\u00e9 a \u00fa\u010dinn\u00e9 \u0159e\u0161en\u00ed pro ka\u017edodenn\u00ed \u00faklid koupelny.<\/p>\n<p>Pou\u017eit\u00ed:<\/p>\n<ul>\n<li>Nast\u0159\u00edkejte p\u0159\u00edmo na povrch, nechte n\u011bkolik sekund p\u016fsobit a pot\u00e9 set\u0159ete vlhk\u00fdm nebo such\u00fdm had\u0159\u00edkem.<\/li>\n<li>Nen\u00ed nutn\u00e9 oplachov\u00e1n\u00ed, rychle schne a nezanech\u00e1v\u00e1 skvrny.<\/li>\n<\/ul>","protected":false},"excerpt":{"rendered":"<p>A <strong>Probiotick\u00fd \u010disti\u010d koupelen Herbow<\/strong> \u00fa\u010dinn\u011b rozpou\u0161t\u00ed vodn\u00ed k\u00e1men, zbytky m\u00fddla a skvrny od rzi. Jeho prosp\u011b\u0161n\u00e9 mikroorganismy zaji\u0161\u0165uj\u00ed dlouhotrvaj\u00edc\u00ed hygienickou a sv\u011b\u017e\u00ed \u010distotu.<\/p>\n<p>Balen\u00ed: 500 ml<\/p>","protected":false},"featured_media":1140,"comment_status":"open","ping_status":"closed","template":"","meta":[],"product_brand":[1397],"product_cat":[1459],"product_tag":[1568,1431,1567,1555,1570,1559,1557,1572,1467,1564,1565,1571,1561,1409,1422,1573,1563,1562,1412,1558,1560,1554,1553,1574,1569,1556,1566],"class_list":{"0":"post-1031","1":"product","2":"type-product","3":"status-publish","4":"has-post-thumbnail","6":"product_brand-herbow","7":"product_cat-herbow-probiotikus-tisztitoszerek","8":"product_tag-aktiv-probiotikumok","9":"product_tag-allergenmentes","10":"product_tag-allatkiserlet-mentes","11":"product_tag-elo-probiotikumok","12":"product_tag-oko-haztartasi-tisztitoszer","13":"product_tag-oko-tisztitas","14":"product_tag-biofilm-eltavolitas","15":"product_tag-biofilm-bonto-technologia","16":"product_tag-biologiailag-lebomlo","17":"product_tag-biztonsagos-tisztitas","18":"product_tag-borbarat-tisztitoszer","19":"product_tag-egeszseges-otthon","20":"product_tag-fenntarthato-haztartas","21":"product_tag-herbow","22":"product_tag-herbow-probiotikus","23":"product_tag-herbtech-probiotikus","24":"product_tag-hosszan-tarto-frissesseg","25":"product_tag-illatmentes-opcio","26":"product_tag-kornyezetbarat-tisztitoszer","27":"product_tag-melytisztito-hatas","28":"product_tag-novenyi-alapu-tisztitoszer","29":"product_tag-probiotikus-formula","30":"product_tag-probiotikus-tisztitoszer","31":"product_tag-tartos-mikrobialis-vedelem","32":"product_tag-termeszetes-higienia","33":"product_tag-termeszetes-tisztitas","34":"product_tag-vegan-tisztitoszer","36":"first","37":"instock","38":"taxable","39":"shipping-taxable","40":"product-type-simple"},"yoast_head":"<!-- This site is optimized with the Yoast SEO plugin v27.5 - https:\/\/yoast.com\/product\/yoast-seo-wordpress\/ -->\n<title>Herbow F\u00fcrd\u0151szobai tiszt\u00edt\u00f3 Probiotikus spray Friss citrus illattal 500 ml - Herbow | International<\/title>\n<meta name=\"description\" content=\"A Herbow Probiotikus F\u00fcrd\u0151szobai Tiszt\u00edt\u00f3 hat\u00e9konyan oldja a v\u00edzk\u00f6vet, szappanmaradv\u00e1nyokat \u00e9s rozsdafoltokat. J\u00f3t\u00e9kony mikroorganizmusai hosszan gondoskodnak a higi\u00e9nikus, friss tisztas\u00e1gr\u00f3l.\" \/>\n<meta name=\"robots\" content=\"index, follow, max-snippet:-1, max-image-preview:large, max-video-preview:-1\" \/>\n<link rel=\"canonical\" href=\"https:\/\/herbow.eu\/cs\/product\/herbow-furdosobai-cleanito-probioticky-sprej-se-svezi-citrusovou-vuni\/\" \/>\n<meta property=\"og:locale\" content=\"cs_CZ\" \/>\n<meta property=\"og:type\" content=\"article\" \/>\n<meta property=\"og:title\" content=\"Herbow F\u00fcrd\u0151szobai tiszt\u00edt\u00f3 Probiotikus spray Friss citrus illattal 500 ml - Herbow | International\" \/>\n<meta property=\"og:description\" content=\"A Herbow Probiotikus F\u00fcrd\u0151szobai Tiszt\u00edt\u00f3 hat\u00e9konyan oldja a v\u00edzk\u00f6vet, szappanmaradv\u00e1nyokat \u00e9s rozsdafoltokat. J\u00f3t\u00e9kony mikroorganizmusai hosszan gondoskodnak a higi\u00e9nikus, friss tisztas\u00e1gr\u00f3l.\" \/>\n<meta property=\"og:url\" content=\"https:\/\/herbow.eu\/cs\/product\/herbow-furdosobai-cleanito-probioticky-sprej-se-svezi-citrusovou-vuni\/\" \/>\n<meta property=\"og:site_name\" content=\"Herbow | International\" \/>\n<meta property=\"article:publisher\" content=\"https:\/\/www.facebook.com\/herbowmosodioslabda\/\" \/>\n<meta property=\"article:modified_time\" content=\"2026-03-17T09:58:17+00:00\" \/>\n<meta property=\"og:image\" content=\"https:\/\/herbow.eu\/wp-content\/uploads\/2025\/11\/Woo_base_2000x2000_16015_furdoszobai_tisztitoszer_stancolt_500ml_v7_latvany.png\" \/>\n\t<meta property=\"og:image:width\" content=\"2000\" \/>\n\t<meta property=\"og:image:height\" content=\"2000\" \/>\n\t<meta property=\"og:image:type\" content=\"image\/png\" \/>\n<meta name=\"twitter:card\" content=\"summary_large_image\" \/>\n<meta name=\"twitter:label1\" content=\"Odhadovan\u00e1 doba \u010dten\u00ed\" \/>\n\t<meta name=\"twitter:data1\" content=\"1 minuta\" \/>\n<script type=\"application\/ld+json\" class=\"yoast-schema-graph\">{\"@context\":\"https:\\\/\\\/schema.org\",\"@graph\":[{\"@type\":\"WebPage\",\"@id\":\"https:\\\/\\\/herbow.eu\\\/product\\\/herbow-furdoszobai-tisztito-probiotikus-spray-friss-citrus-illattal\\\/\",\"url\":\"https:\\\/\\\/herbow.eu\\\/product\\\/herbow-furdoszobai-tisztito-probiotikus-spray-friss-citrus-illattal\\\/\",\"name\":\"Herbow F\u00fcrd\u0151szobai tiszt\u00edt\u00f3 Probiotikus spray Friss citrus illattal 500 ml - Herbow | International\",\"isPartOf\":{\"@id\":\"https:\\\/\\\/herbow.eu\\\/#website\"},\"primaryImageOfPage\":{\"@id\":\"https:\\\/\\\/herbow.eu\\\/product\\\/herbow-furdoszobai-tisztito-probiotikus-spray-friss-citrus-illattal\\\/#primaryimage\"},\"image\":{\"@id\":\"https:\\\/\\\/herbow.eu\\\/product\\\/herbow-furdoszobai-tisztito-probiotikus-spray-friss-citrus-illattal\\\/#primaryimage\"},\"thumbnailUrl\":\"https:\\\/\\\/herbow.eu\\\/wp-content\\\/uploads\\\/2025\\\/11\\\/Woo_base_2000x2000_16015_furdoszobai_tisztitoszer_stancolt_500ml_v7_latvany.png\",\"datePublished\":\"2025-08-18T09:05:57+00:00\",\"dateModified\":\"2026-03-17T09:58:17+00:00\",\"description\":\"A Herbow Probiotikus F\u00fcrd\u0151szobai Tiszt\u00edt\u00f3 hat\u00e9konyan oldja a v\u00edzk\u00f6vet, szappanmaradv\u00e1nyokat \u00e9s rozsdafoltokat. J\u00f3t\u00e9kony mikroorganizmusai hosszan gondoskodnak a higi\u00e9nikus, friss tisztas\u00e1gr\u00f3l.\",\"breadcrumb\":{\"@id\":\"https:\\\/\\\/herbow.eu\\\/product\\\/herbow-furdoszobai-tisztito-probiotikus-spray-friss-citrus-illattal\\\/#breadcrumb\"},\"inLanguage\":\"cs\",\"potentialAction\":[{\"@type\":\"ReadAction\",\"target\":[\"https:\\\/\\\/herbow.eu\\\/product\\\/herbow-furdoszobai-tisztito-probiotikus-spray-friss-citrus-illattal\\\/\"]}]},{\"@type\":\"ImageObject\",\"inLanguage\":\"cs\",\"@id\":\"https:\\\/\\\/herbow.eu\\\/product\\\/herbow-furdoszobai-tisztito-probiotikus-spray-friss-citrus-illattal\\\/#primaryimage\",\"url\":\"https:\\\/\\\/herbow.eu\\\/wp-content\\\/uploads\\\/2025\\\/11\\\/Woo_base_2000x2000_16015_furdoszobai_tisztitoszer_stancolt_500ml_v7_latvany.png\",\"contentUrl\":\"https:\\\/\\\/herbow.eu\\\/wp-content\\\/uploads\\\/2025\\\/11\\\/Woo_base_2000x2000_16015_furdoszobai_tisztitoszer_stancolt_500ml_v7_latvany.png\",\"width\":2000,\"height\":2000},{\"@type\":\"BreadcrumbList\",\"@id\":\"https:\\\/\\\/herbow.eu\\\/product\\\/herbow-furdoszobai-tisztito-probiotikus-spray-friss-citrus-illattal\\\/#breadcrumb\",\"itemListElement\":[{\"@type\":\"ListItem\",\"position\":1,\"name\":\"Kezd\u0151lap\",\"item\":\"https:\\\/\\\/herbow.eu\\\/\"},{\"@type\":\"ListItem\",\"position\":2,\"name\":\"Shop\",\"item\":\"https:\\\/\\\/herbow.eu\\\/shop\\\/\"},{\"@type\":\"ListItem\",\"position\":3,\"name\":\"Herbow F\u00fcrd\u0151szobai tiszt\u00edt\u00f3 Probiotikus spray Friss citrus illattal 500 ml\"}]},{\"@type\":\"WebSite\",\"@id\":\"https:\\\/\\\/herbow.eu\\\/#website\",\"url\":\"https:\\\/\\\/herbow.eu\\\/\",\"name\":\"Herbow | Herbal Organic World\",\"description\":\"Herbal Organic World\",\"publisher\":{\"@id\":\"https:\\\/\\\/herbow.eu\\\/#organization\"},\"potentialAction\":[{\"@type\":\"SearchAction\",\"target\":{\"@type\":\"EntryPoint\",\"urlTemplate\":\"https:\\\/\\\/herbow.eu\\\/?s={search_term_string}\"},\"query-input\":{\"@type\":\"PropertyValueSpecification\",\"valueRequired\":true,\"valueName\":\"search_term_string\"}}],\"inLanguage\":\"cs\"},{\"@type\":\"Organization\",\"@id\":\"https:\\\/\\\/herbow.eu\\\/#organization\",\"name\":\"Herbow International Zrt.\",\"url\":\"https:\\\/\\\/herbow.eu\\\/\",\"logo\":{\"@type\":\"ImageObject\",\"inLanguage\":\"cs\",\"@id\":\"https:\\\/\\\/herbow.eu\\\/#\\\/schema\\\/logo\\\/image\\\/\",\"url\":\"https:\\\/\\\/herbow.eu\\\/wp-content\\\/uploads\\\/2025\\\/07\\\/herbow_logo_hun_2021-01_w-slogan_no-background.png\",\"contentUrl\":\"https:\\\/\\\/herbow.eu\\\/wp-content\\\/uploads\\\/2025\\\/07\\\/herbow_logo_hun_2021-01_w-slogan_no-background.png\",\"width\":2366,\"height\":1732,\"caption\":\"Herbow International Zrt.\"},\"image\":{\"@id\":\"https:\\\/\\\/herbow.eu\\\/#\\\/schema\\\/logo\\\/image\\\/\"},\"sameAs\":[\"https:\\\/\\\/www.facebook.com\\\/herbowmosodioslabda\\\/\",\"https:\\\/\\\/www.instagram.com\\\/herbowmosodioslabda\\\/\"]}]}<\/script>\n<!-- \/ Yoast SEO plugin. -->","yoast_head_json":{"title":"Probiotick\u00fd sprej na \u010di\u0161t\u011bn\u00ed koupelen Herbow se sv\u011b\u017e\u00ed citrusovou v\u016fn\u00ed 500 ml - Herbow | International","description":"Probiotick\u00fd \u010disti\u010d koupelen Herbow \u00fa\u010dinn\u011b rozpou\u0161t\u00ed vodn\u00ed k\u00e1men, zbytky m\u00fddla a skvrny od rzi. Jeho prosp\u011b\u0161n\u00e9 mikroorganismy zaji\u0161\u0165uj\u00ed dlouhotrvaj\u00edc\u00ed hygienickou a sv\u011b\u017e\u00ed \u010distotu.","robots":{"index":"index","follow":"follow","max-snippet":"max-snippet:-1","max-image-preview":"max-image-preview:large","max-video-preview":"max-video-preview:-1"},"canonical":"https:\/\/herbow.eu\/cs\/product\/herbow-furdosobai-cleanito-probioticky-sprej-se-svezi-citrusovou-vuni\/","og_locale":"cs_CZ","og_type":"article","og_title":"Herbow F\u00fcrd\u0151szobai tiszt\u00edt\u00f3 Probiotikus spray Friss citrus illattal 500 ml - Herbow | International","og_description":"A Herbow Probiotikus F\u00fcrd\u0151szobai Tiszt\u00edt\u00f3 hat\u00e9konyan oldja a v\u00edzk\u00f6vet, szappanmaradv\u00e1nyokat \u00e9s rozsdafoltokat. J\u00f3t\u00e9kony mikroorganizmusai hosszan gondoskodnak a higi\u00e9nikus, friss tisztas\u00e1gr\u00f3l.","og_url":"https:\/\/herbow.eu\/cs\/product\/herbow-furdosobai-cleanito-probioticky-sprej-se-svezi-citrusovou-vuni\/","og_site_name":"Herbow | International","article_publisher":"https:\/\/www.facebook.com\/herbowmosodioslabda\/","article_modified_time":"2026-03-17T09:58:17+00:00","og_image":[{"width":2000,"height":2000,"url":"https:\/\/herbow.eu\/wp-content\/uploads\/2025\/11\/Woo_base_2000x2000_16015_furdoszobai_tisztitoszer_stancolt_500ml_v7_latvany.png","type":"image\/png"}],"twitter_card":"summary_large_image","twitter_misc":{"Odhadovan\u00e1 doba \u010dten\u00ed":"1 minuta"},"schema":{"@context":"https:\/\/schema.org","@graph":[{"@type":"WebPage","@id":"https:\/\/herbow.eu\/product\/herbow-furdoszobai-tisztito-probiotikus-spray-friss-citrus-illattal\/","url":"https:\/\/herbow.eu\/product\/herbow-furdoszobai-tisztito-probiotikus-spray-friss-citrus-illattal\/","name":"Probiotick\u00fd sprej na \u010di\u0161t\u011bn\u00ed koupelen Herbow se sv\u011b\u017e\u00ed citrusovou v\u016fn\u00ed 500 ml - Herbow | International","isPartOf":{"@id":"https:\/\/herbow.eu\/#website"},"primaryImageOfPage":{"@id":"https:\/\/herbow.eu\/product\/herbow-furdoszobai-tisztito-probiotikus-spray-friss-citrus-illattal\/#primaryimage"},"image":{"@id":"https:\/\/herbow.eu\/product\/herbow-furdoszobai-tisztito-probiotikus-spray-friss-citrus-illattal\/#primaryimage"},"thumbnailUrl":"https:\/\/herbow.eu\/wp-content\/uploads\/2025\/11\/Woo_base_2000x2000_16015_furdoszobai_tisztitoszer_stancolt_500ml_v7_latvany.png","datePublished":"2025-08-18T09:05:57+00:00","dateModified":"2026-03-17T09:58:17+00:00","description":"Probiotick\u00fd \u010disti\u010d koupelen Herbow \u00fa\u010dinn\u011b rozpou\u0161t\u00ed vodn\u00ed k\u00e1men, zbytky m\u00fddla a skvrny od rzi. Jeho prosp\u011b\u0161n\u00e9 mikroorganismy zaji\u0161\u0165uj\u00ed dlouhotrvaj\u00edc\u00ed hygienickou a sv\u011b\u017e\u00ed \u010distotu.","breadcrumb":{"@id":"https:\/\/herbow.eu\/product\/herbow-furdoszobai-tisztito-probiotikus-spray-friss-citrus-illattal\/#breadcrumb"},"inLanguage":"cs","potentialAction":[{"@type":"ReadAction","target":["https:\/\/herbow.eu\/product\/herbow-furdoszobai-tisztito-probiotikus-spray-friss-citrus-illattal\/"]}]},{"@type":"ImageObject","inLanguage":"cs","@id":"https:\/\/herbow.eu\/product\/herbow-furdoszobai-tisztito-probiotikus-spray-friss-citrus-illattal\/#primaryimage","url":"https:\/\/herbow.eu\/wp-content\/uploads\/2025\/11\/Woo_base_2000x2000_16015_furdoszobai_tisztitoszer_stancolt_500ml_v7_latvany.png","contentUrl":"https:\/\/herbow.eu\/wp-content\/uploads\/2025\/11\/Woo_base_2000x2000_16015_furdoszobai_tisztitoszer_stancolt_500ml_v7_latvany.png","width":2000,"height":2000},{"@type":"BreadcrumbList","@id":"https:\/\/herbow.eu\/product\/herbow-furdoszobai-tisztito-probiotikus-spray-friss-citrus-illattal\/#breadcrumb","itemListElement":[{"@type":"ListItem","position":1,"name":"Kezd\u0151lap","item":"https:\/\/herbow.eu\/"},{"@type":"ListItem","position":2,"name":"Shop","item":"https:\/\/herbow.eu\/shop\/"},{"@type":"ListItem","position":3,"name":"Herbow F\u00fcrd\u0151szobai tiszt\u00edt\u00f3 Probiotikus spray Friss citrus illattal 500 ml"}]},{"@type":"WebSite","@id":"https:\/\/herbow.eu\/#website","url":"https:\/\/herbow.eu\/","name":"Herbow | Herbal Organic World","description":"Bylinn\u00fd organick\u00fd sv\u011bt","publisher":{"@id":"https:\/\/herbow.eu\/#organization"},"potentialAction":[{"@type":"SearchAction","target":{"@type":"EntryPoint","urlTemplate":"https:\/\/herbow.eu\/?s={search_term_string}"},"query-input":{"@type":"PropertyValueSpecification","valueRequired":true,"valueName":"search_term_string"}}],"inLanguage":"cs"},{"@type":"Organization","@id":"https:\/\/herbow.eu\/#organization","name":"Herbow International Zrt.","url":"https:\/\/herbow.eu\/","logo":{"@type":"ImageObject","inLanguage":"cs","@id":"https:\/\/herbow.eu\/#\/schema\/logo\/image\/","url":"https:\/\/herbow.eu\/wp-content\/uploads\/2025\/07\/herbow_logo_hun_2021-01_w-slogan_no-background.png","contentUrl":"https:\/\/herbow.eu\/wp-content\/uploads\/2025\/07\/herbow_logo_hun_2021-01_w-slogan_no-background.png","width":2366,"height":1732,"caption":"Herbow International Zrt."},"image":{"@id":"https:\/\/herbow.eu\/#\/schema\/logo\/image\/"},"sameAs":["https:\/\/www.facebook.com\/herbowmosodioslabda\/","https:\/\/www.instagram.com\/herbowmosodioslabda\/"]}]}},"jetpack_likes_enabled":true,"jetpack_sharing_enabled":true,"_links":{"self":[{"href":"https:\/\/herbow.eu\/cs\/wp-json\/wp\/v2\/product\/1031","targetHints":{"allow":["GET"]}}],"collection":[{"href":"https:\/\/herbow.eu\/cs\/wp-json\/wp\/v2\/product"}],"about":[{"href":"https:\/\/herbow.eu\/cs\/wp-json\/wp\/v2\/types\/product"}],"replies":[{"embeddable":true,"href":"https:\/\/herbow.eu\/cs\/wp-json\/wp\/v2\/comments?post=1031"}],"wp:featuredmedia":[{"embeddable":true,"href":"https:\/\/herbow.eu\/cs\/wp-json\/wp\/v2\/media\/1140"}],"wp:attachment":[{"href":"https:\/\/herbow.eu\/cs\/wp-json\/wp\/v2\/media?parent=1031"}],"wp:term":[{"taxonomy":"product_brand","embeddable":true,"href":"https:\/\/herbow.eu\/cs\/wp-json\/wp\/v2\/product_brand?post=1031"},{"taxonomy":"product_cat","embeddable":true,"href":"https:\/\/herbow.eu\/cs\/wp-json\/wp\/v2\/product_cat?post=1031"},{"taxonomy":"product_tag","embeddable":true,"href":"https:\/\/herbow.eu\/cs\/wp-json\/wp\/v2\/product_tag?post=1031"}],"curies":[{"name":"wp","href":"https:\/\/api.w.org\/{rel}","templated":true}]}}