{"id":1028,"date":"2025-08-18T11:05:57","date_gmt":"2025-08-18T09:05:57","guid":{"rendered":"https:\/\/herbow.eu\/product\/herbow-probiotikus-padlofelmoso-feher-fuge-illattal\/"},"modified":"2026-03-17T10:58:13","modified_gmt":"2026-03-17T09:58:13","slug":"herbow-probioticke-padlofelmoso-s-vuni-bile-fugy","status":"publish","type":"product","link":"https:\/\/herbow.eu\/cs\/product\/herbow-probiotikus-padlofelmoso-feher-fuge-illattal\/","title":{"rendered":"Probiotick\u00fd mop na podlahy Herbow s v\u016fn\u00ed b\u00edl\u00e9ho f\u00edku 1000 ml"},"content":{"rendered":"<p>Probiotick\u00fd podlahov\u00fd mop Herbow - v\u016fn\u011b b\u00edl\u00e9ho f\u00edku p\u0159in\u00e1\u0161\u00ed do ka\u017edodenn\u00edho \u017eivota z\u00e1\u017eitek z p\u0159\u00edrodn\u00ed \u010distoty. Jeho slo\u017eky rostlinn\u00e9ho p\u016fvodu \u0161etrn\u011b, ale \u00fa\u010dinn\u011b odstra\u0148uj\u00ed ne\u010distoty a prach, zat\u00edmco probiotick\u00e9 mikroorganismy p\u016fsob\u00ed i po skon\u010den\u00ed \u00faklidu, aby udr\u017eely podlahy sv\u011b\u017e\u00ed a hygienick\u00e9 je\u0161t\u011b dlouho po skon\u010den\u00ed. Ide\u00e1ln\u00ed pro \u010di\u0161t\u011bn\u00ed keramiky, plast\u016f, beze\u0161v\u00e9ho d\u0159eva a dal\u0161\u00edch tvrd\u00fdch nepor\u00e9zn\u00edch povrch\u016f. Zanech\u00e1v\u00e1 z\u00e1\u0159iv\u011b \u010dist\u00fd povrch beze skvrn, nevy\u017eaduje oplachov\u00e1n\u00ed a napln\u00ed prostor p\u0159\u00edrodn\u00ed v\u016fn\u00ed b\u00edl\u00e9ho f\u00edku. Lze jej pou\u017e\u00edt i jako b\u011b\u017en\u00fd \u010disti\u010d povrch\u016f, a to i ne\u0159ed\u011bn\u00fd ve form\u011b spreje - je vhodn\u00fd pro v\u0161echny \u00fa\u010dely od kuchyn\u00ed a\u017e po koupelny. Jeho slo\u017een\u00ed neobsahuje chl\u00f3r, fosf\u00e1ty, fosfon\u00e1ty, amoniak ani EDTA a obsahuje pouze slo\u017eky na rostlinn\u00e9 b\u00e1zi s ekozna\u010dkou EU a sm\u011bs prosp\u011b\u0161n\u00fdch bakteri\u00e1ln\u00edch spor. Probiotick\u00e1 technologie Herbow p\u0159edstavuje p\u0159irozen\u00fd zp\u016fsob, jak zajistit dlouhodobou \u010distotu a sv\u011b\u017eest a z\u00e1rove\u0148 chr\u00e1nit \u017eivotn\u00ed prost\u0159ed\u00ed.<\/p>\n<p>Pou\u017eit\u00ed: P\u0159idejte asi 25-30 ml (2 uz\u00e1v\u011bry) mopu do 5 litr\u016f vody.<\/p>\n<p>Nen\u00ed nutn\u00e9 oplachov\u00e1n\u00ed. Pro b\u011b\u017en\u00e9 \u010di\u0161t\u011bn\u00ed povrch\u016f jej lze pou\u017e\u00edt i ne\u0159ed\u011bn\u00fd ve form\u011b spreje.<\/p>","protected":false},"excerpt":{"rendered":"<p>A <strong>Probiotick\u00fd mop na podlahy Herbow<\/strong> \u010dist\u00ed a o\u0161et\u0159uje d\u00edky sv\u00fdm p\u0159\u00edrodn\u00edm slo\u017ek\u00e1m, zat\u00edmco prosp\u011b\u0161n\u00e9 mikroorganismy zaji\u0161\u0165uj\u00ed dlouhotrvaj\u00edc\u00ed sv\u011b\u017eest podlah a jin\u00fdch povrch\u016f. Jeho jemn\u00e1 v\u016fn\u011b b\u00edl\u00fdch f\u00edk\u016f vytvo\u0159\u00ed ve va\u0161\u00ed dom\u00e1cnosti \u010distou a harmonickou atmosf\u00e9ru.<\/p>\n<p>Objem: 1000 ml<\/p>","protected":false},"featured_media":910,"comment_status":"open","ping_status":"closed","template":"","meta":[],"product_brand":[1397],"product_cat":[1459],"product_tag":[1568,1431,1567,1555,1570,1559,1557,1572,1467,1564,1565,1571,1561,1409,1422,1573,1563,1562,1412,1558,1560,1554,1553,1574,1569,1556,1566],"class_list":{"0":"post-1028","1":"product","2":"type-product","3":"status-publish","4":"has-post-thumbnail","6":"product_brand-herbow","7":"product_cat-herbow-probiotikus-tisztitoszerek","8":"product_tag-aktiv-probiotikumok","9":"product_tag-allergenmentes","10":"product_tag-allatkiserlet-mentes","11":"product_tag-elo-probiotikumok","12":"product_tag-oko-haztartasi-tisztitoszer","13":"product_tag-oko-tisztitas","14":"product_tag-biofilm-eltavolitas","15":"product_tag-biofilm-bonto-technologia","16":"product_tag-biologiailag-lebomlo","17":"product_tag-biztonsagos-tisztitas","18":"product_tag-borbarat-tisztitoszer","19":"product_tag-egeszseges-otthon","20":"product_tag-fenntarthato-haztartas","21":"product_tag-herbow","22":"product_tag-herbow-probiotikus","23":"product_tag-herbtech-probiotikus","24":"product_tag-hosszan-tarto-frissesseg","25":"product_tag-illatmentes-opcio","26":"product_tag-kornyezetbarat-tisztitoszer","27":"product_tag-melytisztito-hatas","28":"product_tag-novenyi-alapu-tisztitoszer","29":"product_tag-probiotikus-formula","30":"product_tag-probiotikus-tisztitoszer","31":"product_tag-tartos-mikrobialis-vedelem","32":"product_tag-termeszetes-higienia","33":"product_tag-termeszetes-tisztitas","34":"product_tag-vegan-tisztitoszer","36":"first","37":"instock","38":"taxable","39":"shipping-taxable","40":"product-type-simple"},"yoast_head":"<!-- This site is optimized with the Yoast SEO plugin v27.5 - https:\/\/yoast.com\/product\/yoast-seo-wordpress\/ -->\n<title>Herbow Probiotikus Padl\u00f3felmos\u00f3 Feh\u00e9r f\u00fcge illattal 1000 ml - Herbow | International<\/title>\n<meta name=\"description\" content=\"A Herbow Probiotikus Padl\u00f3felmos\u00f3 term\u00e9szetes \u00f6sszetev\u0151ivel tiszt\u00edt \u00e9s \u00e1pol, mik\u00f6zben j\u00f3t\u00e9kony mikroorganizmusai hosszan gondoskodnak a padl\u00f3 \u00e9s m\u00e1s fel\u00fcletek frissess\u00e9g\u00e9r\u0151l. Finom, feh\u00e9r f\u00fcge illata tiszta, harmonikus hangulatot teremt az otthonodban.\" \/>\n<meta name=\"robots\" content=\"index, follow, max-snippet:-1, max-image-preview:large, max-video-preview:-1\" \/>\n<link rel=\"canonical\" href=\"https:\/\/herbow.eu\/cs\/product\/herbow-probioticke-padlofelmoso-s-vuni-bile-fugy\/\" \/>\n<meta property=\"og:locale\" content=\"cs_CZ\" \/>\n<meta property=\"og:type\" content=\"article\" \/>\n<meta property=\"og:title\" content=\"Herbow Probiotikus Padl\u00f3felmos\u00f3 Feh\u00e9r f\u00fcge illattal 1000 ml - Herbow | International\" \/>\n<meta property=\"og:description\" content=\"A Herbow Probiotikus Padl\u00f3felmos\u00f3 term\u00e9szetes \u00f6sszetev\u0151ivel tiszt\u00edt \u00e9s \u00e1pol, mik\u00f6zben j\u00f3t\u00e9kony mikroorganizmusai hosszan gondoskodnak a padl\u00f3 \u00e9s m\u00e1s fel\u00fcletek frissess\u00e9g\u00e9r\u0151l. Finom, feh\u00e9r f\u00fcge illata tiszta, harmonikus hangulatot teremt az otthonodban.\" \/>\n<meta property=\"og:url\" content=\"https:\/\/herbow.eu\/cs\/product\/herbow-probioticke-padlofelmoso-s-vuni-bile-fugy\/\" \/>\n<meta property=\"og:site_name\" content=\"Herbow | International\" \/>\n<meta property=\"article:publisher\" content=\"https:\/\/www.facebook.com\/herbowmosodioslabda\/\" \/>\n<meta property=\"article:modified_time\" content=\"2026-03-17T09:58:13+00:00\" \/>\n<meta property=\"og:image\" content=\"https:\/\/herbow.eu\/wp-content\/uploads\/2025\/08\/Herbow-Probiotikus-Padlofelmoso-Feher-fuge-illattal-1000-ml.png\" \/>\n\t<meta property=\"og:image:width\" content=\"2000\" \/>\n\t<meta property=\"og:image:height\" content=\"2000\" \/>\n\t<meta property=\"og:image:type\" content=\"image\/png\" \/>\n<meta name=\"twitter:card\" content=\"summary_large_image\" \/>\n<meta name=\"twitter:label1\" content=\"Odhadovan\u00e1 doba \u010dten\u00ed\" \/>\n\t<meta name=\"twitter:data1\" content=\"2 minuty\" \/>\n<script type=\"application\/ld+json\" class=\"yoast-schema-graph\">{\"@context\":\"https:\\\/\\\/schema.org\",\"@graph\":[{\"@type\":\"WebPage\",\"@id\":\"https:\\\/\\\/herbow.eu\\\/product\\\/herbow-probiotikus-padlofelmoso-feher-fuge-illattal\\\/\",\"url\":\"https:\\\/\\\/herbow.eu\\\/product\\\/herbow-probiotikus-padlofelmoso-feher-fuge-illattal\\\/\",\"name\":\"Herbow Probiotikus Padl\u00f3felmos\u00f3 Feh\u00e9r f\u00fcge illattal 1000 ml - Herbow | International\",\"isPartOf\":{\"@id\":\"https:\\\/\\\/herbow.eu\\\/#website\"},\"primaryImageOfPage\":{\"@id\":\"https:\\\/\\\/herbow.eu\\\/product\\\/herbow-probiotikus-padlofelmoso-feher-fuge-illattal\\\/#primaryimage\"},\"image\":{\"@id\":\"https:\\\/\\\/herbow.eu\\\/product\\\/herbow-probiotikus-padlofelmoso-feher-fuge-illattal\\\/#primaryimage\"},\"thumbnailUrl\":\"https:\\\/\\\/herbow.eu\\\/wp-content\\\/uploads\\\/2025\\\/08\\\/Herbow-Probiotikus-Padlofelmoso-Feher-fuge-illattal-1000-ml.png\",\"datePublished\":\"2025-08-18T09:05:57+00:00\",\"dateModified\":\"2026-03-17T09:58:13+00:00\",\"description\":\"A Herbow Probiotikus Padl\u00f3felmos\u00f3 term\u00e9szetes \u00f6sszetev\u0151ivel tiszt\u00edt \u00e9s \u00e1pol, mik\u00f6zben j\u00f3t\u00e9kony mikroorganizmusai hosszan gondoskodnak a padl\u00f3 \u00e9s m\u00e1s fel\u00fcletek frissess\u00e9g\u00e9r\u0151l. Finom, feh\u00e9r f\u00fcge illata tiszta, harmonikus hangulatot teremt az otthonodban.\",\"breadcrumb\":{\"@id\":\"https:\\\/\\\/herbow.eu\\\/product\\\/herbow-probiotikus-padlofelmoso-feher-fuge-illattal\\\/#breadcrumb\"},\"inLanguage\":\"cs\",\"potentialAction\":[{\"@type\":\"ReadAction\",\"target\":[\"https:\\\/\\\/herbow.eu\\\/product\\\/herbow-probiotikus-padlofelmoso-feher-fuge-illattal\\\/\"]}]},{\"@type\":\"ImageObject\",\"inLanguage\":\"cs\",\"@id\":\"https:\\\/\\\/herbow.eu\\\/product\\\/herbow-probiotikus-padlofelmoso-feher-fuge-illattal\\\/#primaryimage\",\"url\":\"https:\\\/\\\/herbow.eu\\\/wp-content\\\/uploads\\\/2025\\\/08\\\/Herbow-Probiotikus-Padlofelmoso-Feher-fuge-illattal-1000-ml.png\",\"contentUrl\":\"https:\\\/\\\/herbow.eu\\\/wp-content\\\/uploads\\\/2025\\\/08\\\/Herbow-Probiotikus-Padlofelmoso-Feher-fuge-illattal-1000-ml.png\",\"width\":2000,\"height\":2000},{\"@type\":\"BreadcrumbList\",\"@id\":\"https:\\\/\\\/herbow.eu\\\/product\\\/herbow-probiotikus-padlofelmoso-feher-fuge-illattal\\\/#breadcrumb\",\"itemListElement\":[{\"@type\":\"ListItem\",\"position\":1,\"name\":\"Kezd\u0151lap\",\"item\":\"https:\\\/\\\/herbow.eu\\\/\"},{\"@type\":\"ListItem\",\"position\":2,\"name\":\"Shop\",\"item\":\"https:\\\/\\\/herbow.eu\\\/shop\\\/\"},{\"@type\":\"ListItem\",\"position\":3,\"name\":\"Herbow Probiotikus Padl\u00f3felmos\u00f3 Feh\u00e9r f\u00fcge illattal 1000 ml\"}]},{\"@type\":\"WebSite\",\"@id\":\"https:\\\/\\\/herbow.eu\\\/#website\",\"url\":\"https:\\\/\\\/herbow.eu\\\/\",\"name\":\"Herbow | Herbal Organic World\",\"description\":\"Herbal Organic World\",\"publisher\":{\"@id\":\"https:\\\/\\\/herbow.eu\\\/#organization\"},\"potentialAction\":[{\"@type\":\"SearchAction\",\"target\":{\"@type\":\"EntryPoint\",\"urlTemplate\":\"https:\\\/\\\/herbow.eu\\\/?s={search_term_string}\"},\"query-input\":{\"@type\":\"PropertyValueSpecification\",\"valueRequired\":true,\"valueName\":\"search_term_string\"}}],\"inLanguage\":\"cs\"},{\"@type\":\"Organization\",\"@id\":\"https:\\\/\\\/herbow.eu\\\/#organization\",\"name\":\"Herbow International Zrt.\",\"url\":\"https:\\\/\\\/herbow.eu\\\/\",\"logo\":{\"@type\":\"ImageObject\",\"inLanguage\":\"cs\",\"@id\":\"https:\\\/\\\/herbow.eu\\\/#\\\/schema\\\/logo\\\/image\\\/\",\"url\":\"https:\\\/\\\/herbow.eu\\\/wp-content\\\/uploads\\\/2025\\\/07\\\/herbow_logo_hun_2021-01_w-slogan_no-background.png\",\"contentUrl\":\"https:\\\/\\\/herbow.eu\\\/wp-content\\\/uploads\\\/2025\\\/07\\\/herbow_logo_hun_2021-01_w-slogan_no-background.png\",\"width\":2366,\"height\":1732,\"caption\":\"Herbow International Zrt.\"},\"image\":{\"@id\":\"https:\\\/\\\/herbow.eu\\\/#\\\/schema\\\/logo\\\/image\\\/\"},\"sameAs\":[\"https:\\\/\\\/www.facebook.com\\\/herbowmosodioslabda\\\/\",\"https:\\\/\\\/www.instagram.com\\\/herbowmosodioslabda\\\/\"]}]}<\/script>\n<!-- \/ Yoast SEO plugin. -->","yoast_head_json":{"title":"Probiotick\u00fd mop na podlahy Herbow s v\u016fn\u00ed b\u00edl\u00e9ho f\u00edku 1000 ml - Herbow | International","description":"Probiotick\u00fd podlahov\u00fd mop Herbow \u010dist\u00ed a pe\u010duje pomoc\u00ed p\u0159\u00edrodn\u00edch slo\u017eek, zat\u00edmco jeho prosp\u011b\u0161n\u00e9 mikroorganismy udr\u017euj\u00ed podlahy a jin\u00e9 povrchy d\u00e9le sv\u011b\u017e\u00ed. Jeho jemn\u00e1 v\u016fn\u011b b\u00edl\u00fdch f\u00edk\u016f vytvo\u0159\u00ed ve va\u0161\u00ed dom\u00e1cnosti \u010distou a harmonickou atmosf\u00e9ru.","robots":{"index":"index","follow":"follow","max-snippet":"max-snippet:-1","max-image-preview":"max-image-preview:large","max-video-preview":"max-video-preview:-1"},"canonical":"https:\/\/herbow.eu\/cs\/product\/herbow-probioticke-padlofelmoso-s-vuni-bile-fugy\/","og_locale":"cs_CZ","og_type":"article","og_title":"Herbow Probiotikus Padl\u00f3felmos\u00f3 Feh\u00e9r f\u00fcge illattal 1000 ml - Herbow | International","og_description":"A Herbow Probiotikus Padl\u00f3felmos\u00f3 term\u00e9szetes \u00f6sszetev\u0151ivel tiszt\u00edt \u00e9s \u00e1pol, mik\u00f6zben j\u00f3t\u00e9kony mikroorganizmusai hosszan gondoskodnak a padl\u00f3 \u00e9s m\u00e1s fel\u00fcletek frissess\u00e9g\u00e9r\u0151l. Finom, feh\u00e9r f\u00fcge illata tiszta, harmonikus hangulatot teremt az otthonodban.","og_url":"https:\/\/herbow.eu\/cs\/product\/herbow-probioticke-padlofelmoso-s-vuni-bile-fugy\/","og_site_name":"Herbow | International","article_publisher":"https:\/\/www.facebook.com\/herbowmosodioslabda\/","article_modified_time":"2026-03-17T09:58:13+00:00","og_image":[{"width":2000,"height":2000,"url":"https:\/\/herbow.eu\/wp-content\/uploads\/2025\/08\/Herbow-Probiotikus-Padlofelmoso-Feher-fuge-illattal-1000-ml.png","type":"image\/png"}],"twitter_card":"summary_large_image","twitter_misc":{"Odhadovan\u00e1 doba \u010dten\u00ed":"2 minuty"},"schema":{"@context":"https:\/\/schema.org","@graph":[{"@type":"WebPage","@id":"https:\/\/herbow.eu\/product\/herbow-probiotikus-padlofelmoso-feher-fuge-illattal\/","url":"https:\/\/herbow.eu\/product\/herbow-probiotikus-padlofelmoso-feher-fuge-illattal\/","name":"Probiotick\u00fd mop na podlahy Herbow s v\u016fn\u00ed b\u00edl\u00e9ho f\u00edku 1000 ml - Herbow | International","isPartOf":{"@id":"https:\/\/herbow.eu\/#website"},"primaryImageOfPage":{"@id":"https:\/\/herbow.eu\/product\/herbow-probiotikus-padlofelmoso-feher-fuge-illattal\/#primaryimage"},"image":{"@id":"https:\/\/herbow.eu\/product\/herbow-probiotikus-padlofelmoso-feher-fuge-illattal\/#primaryimage"},"thumbnailUrl":"https:\/\/herbow.eu\/wp-content\/uploads\/2025\/08\/Herbow-Probiotikus-Padlofelmoso-Feher-fuge-illattal-1000-ml.png","datePublished":"2025-08-18T09:05:57+00:00","dateModified":"2026-03-17T09:58:13+00:00","description":"Probiotick\u00fd podlahov\u00fd mop Herbow \u010dist\u00ed a pe\u010duje pomoc\u00ed p\u0159\u00edrodn\u00edch slo\u017eek, zat\u00edmco jeho prosp\u011b\u0161n\u00e9 mikroorganismy udr\u017euj\u00ed podlahy a jin\u00e9 povrchy d\u00e9le sv\u011b\u017e\u00ed. Jeho jemn\u00e1 v\u016fn\u011b b\u00edl\u00fdch f\u00edk\u016f vytvo\u0159\u00ed ve va\u0161\u00ed dom\u00e1cnosti \u010distou a harmonickou atmosf\u00e9ru.","breadcrumb":{"@id":"https:\/\/herbow.eu\/product\/herbow-probiotikus-padlofelmoso-feher-fuge-illattal\/#breadcrumb"},"inLanguage":"cs","potentialAction":[{"@type":"ReadAction","target":["https:\/\/herbow.eu\/product\/herbow-probiotikus-padlofelmoso-feher-fuge-illattal\/"]}]},{"@type":"ImageObject","inLanguage":"cs","@id":"https:\/\/herbow.eu\/product\/herbow-probiotikus-padlofelmoso-feher-fuge-illattal\/#primaryimage","url":"https:\/\/herbow.eu\/wp-content\/uploads\/2025\/08\/Herbow-Probiotikus-Padlofelmoso-Feher-fuge-illattal-1000-ml.png","contentUrl":"https:\/\/herbow.eu\/wp-content\/uploads\/2025\/08\/Herbow-Probiotikus-Padlofelmoso-Feher-fuge-illattal-1000-ml.png","width":2000,"height":2000},{"@type":"BreadcrumbList","@id":"https:\/\/herbow.eu\/product\/herbow-probiotikus-padlofelmoso-feher-fuge-illattal\/#breadcrumb","itemListElement":[{"@type":"ListItem","position":1,"name":"Kezd\u0151lap","item":"https:\/\/herbow.eu\/"},{"@type":"ListItem","position":2,"name":"Shop","item":"https:\/\/herbow.eu\/shop\/"},{"@type":"ListItem","position":3,"name":"Herbow Probiotikus Padl\u00f3felmos\u00f3 Feh\u00e9r f\u00fcge illattal 1000 ml"}]},{"@type":"WebSite","@id":"https:\/\/herbow.eu\/#website","url":"https:\/\/herbow.eu\/","name":"Herbow | Herbal Organic World","description":"Bylinn\u00fd organick\u00fd sv\u011bt","publisher":{"@id":"https:\/\/herbow.eu\/#organization"},"potentialAction":[{"@type":"SearchAction","target":{"@type":"EntryPoint","urlTemplate":"https:\/\/herbow.eu\/?s={search_term_string}"},"query-input":{"@type":"PropertyValueSpecification","valueRequired":true,"valueName":"search_term_string"}}],"inLanguage":"cs"},{"@type":"Organization","@id":"https:\/\/herbow.eu\/#organization","name":"Herbow International Zrt.","url":"https:\/\/herbow.eu\/","logo":{"@type":"ImageObject","inLanguage":"cs","@id":"https:\/\/herbow.eu\/#\/schema\/logo\/image\/","url":"https:\/\/herbow.eu\/wp-content\/uploads\/2025\/07\/herbow_logo_hun_2021-01_w-slogan_no-background.png","contentUrl":"https:\/\/herbow.eu\/wp-content\/uploads\/2025\/07\/herbow_logo_hun_2021-01_w-slogan_no-background.png","width":2366,"height":1732,"caption":"Herbow International Zrt."},"image":{"@id":"https:\/\/herbow.eu\/#\/schema\/logo\/image\/"},"sameAs":["https:\/\/www.facebook.com\/herbowmosodioslabda\/","https:\/\/www.instagram.com\/herbowmosodioslabda\/"]}]}},"jetpack_likes_enabled":true,"jetpack_sharing_enabled":true,"_links":{"self":[{"href":"https:\/\/herbow.eu\/cs\/wp-json\/wp\/v2\/product\/1028","targetHints":{"allow":["GET"]}}],"collection":[{"href":"https:\/\/herbow.eu\/cs\/wp-json\/wp\/v2\/product"}],"about":[{"href":"https:\/\/herbow.eu\/cs\/wp-json\/wp\/v2\/types\/product"}],"replies":[{"embeddable":true,"href":"https:\/\/herbow.eu\/cs\/wp-json\/wp\/v2\/comments?post=1028"}],"wp:featuredmedia":[{"embeddable":true,"href":"https:\/\/herbow.eu\/cs\/wp-json\/wp\/v2\/media\/910"}],"wp:attachment":[{"href":"https:\/\/herbow.eu\/cs\/wp-json\/wp\/v2\/media?parent=1028"}],"wp:term":[{"taxonomy":"product_brand","embeddable":true,"href":"https:\/\/herbow.eu\/cs\/wp-json\/wp\/v2\/product_brand?post=1028"},{"taxonomy":"product_cat","embeddable":true,"href":"https:\/\/herbow.eu\/cs\/wp-json\/wp\/v2\/product_cat?post=1028"},{"taxonomy":"product_tag","embeddable":true,"href":"https:\/\/herbow.eu\/cs\/wp-json\/wp\/v2\/product_tag?post=1028"}],"curies":[{"name":"wp","href":"https:\/\/api.w.org\/{rel}","templated":true}]}}