{"id":1017,"date":"2025-08-18T11:05:55","date_gmt":"2025-08-18T09:05:55","guid":{"rendered":"https:\/\/herbow.eu\/product\/herbow-folyekony-mososzer-vadgesztenye-feher-ruhakhoz-gesztenyevirag-illattal\/"},"modified":"2026-03-17T10:58:47","modified_gmt":"2026-03-17T09:58:47","slug":"herbow-river-honeysuckle-praci-prostredek-na-kastanove-bile-pradlo-s-vuni-kastanove-fialove-barvy","status":"publish","type":"product","link":"https:\/\/herbow.eu\/cs\/product\/herbow-folyekony-mososzer-vadgesztenye-feher-ruhakhoz-gesztenyevirag-illattal\/","title":{"rendered":"Tekut\u00fd prac\u00ed prost\u0159edek Herbow na ka\u0161tanov\u011b b\u00edl\u00e9 pr\u00e1dlo s v\u016fn\u00ed ka\u0161tanov\u00fdch kv\u011bt\u016f"},"content":{"rendered":"<p>Tekut\u00fd prac\u00ed prost\u0159edek Herbow s v\u016fn\u00ed ka\u0161tanov\u00fdch kv\u011bt\u016f nab\u00edz\u00ed harmonii p\u0159\u00edrodn\u00ed \u010distoty a sv\u011b\u017e\u00ed, sofistikovan\u00e9 v\u016fn\u011b p\u0159i ka\u017ed\u00e9m pran\u00ed. Kombinace \u0161etrn\u011b extrahovan\u00e9ho v\u00fdta\u017eku z prac\u00edch o\u0159ech\u016f 12% a bioenzym\u016f \u00fa\u010dinn\u011b odstra\u0148uje ne\u010distoty i p\u0159i n\u00edzk\u00fdch teplot\u00e1ch a z\u00e1rove\u0148 zachov\u00e1v\u00e1 hebkost a b\u011blost pr\u00e1dla bez optick\u00fdch b\u011blidel. Slo\u017eky na rostlinn\u00e9 b\u00e1zi jsou \u0161etrn\u00e9 k poko\u017ece, a p\u0159esto poskytuj\u00ed vynikaj\u00edc\u00ed prac\u00ed v\u00fdkon, a to i p\u0159i 30-40 \u00b0C. P\u0159\u00edrodn\u00ed v\u016fn\u011b kv\u011bt\u016f ka\u0161tanu je \u010dist\u00e1, jemn\u00e1 a elegantn\u00ed a zanech\u00e1v\u00e1 na oble\u010den\u00ed jemnou sv\u011b\u017eest, kter\u00e1 nen\u00ed vt\u00edrav\u00e1, ale harmonick\u00e1 a bl\u00edzk\u00e1 p\u0159\u00edrod\u011b. Slo\u017een\u00ed je vegansk\u00e9, \u0161etrn\u00e9 k poko\u017ece a biologicky odbourateln\u00e9, \u010d\u00edm\u017e chr\u00e1n\u00ed tkaniny i \u017eivotn\u00ed prost\u0159ed\u00ed.<\/p>\n<p>Pou\u017eit\u00ed: p\u0159i b\u011b\u017en\u00e9m zne\u010di\u0161t\u011bn\u00ed sta\u010d\u00ed 30 ml prac\u00edho prost\u0159edku na jedno pran\u00ed.<\/p>\n<p>Nedoporu\u010duje se pro pran\u00ed vln\u011bn\u00fdch a hedv\u00e1bn\u00fdch v\u00fdrobk\u016f.<\/p>","protected":false},"excerpt":{"rendered":"<p>Tekut\u00fd prac\u00ed prost\u0159edek Herbow s v\u016fn\u00ed ka\u0161tanov\u00fdch kv\u011bt\u016f je p\u0159irozen\u011b \u00fa\u010dinn\u00fd zp\u016fsob, jak udr\u017eet b\u00edl\u00e9 oble\u010den\u00ed z\u00e1\u0159iv\u011b \u010dist\u00e9. \u010cist\u00ed pomoc\u00ed v\u00fdta\u017ek\u016f z prac\u00edch o\u0159ech\u016f a bioenzym\u016f a z\u00e1rove\u0148 udr\u017euje tkaniny m\u011bkk\u00e9 a sv\u011b\u017ee von\u00edc\u00ed - s jemnou p\u0159\u00edrodn\u00ed v\u016fn\u00ed.<\/p>","protected":false},"featured_media":865,"comment_status":"open","ping_status":"closed","template":"","meta":[],"product_brand":[1397],"product_cat":[1398],"product_tag":[1568,1431,1567,1555,1570,1559,1557,1572,1467,1564,1565,1571,1561,1409,1422,1573,1563,1562,1412,1558,1560,1554,1553,1574,1569,1556,1566],"class_list":{"0":"post-1017","1":"product","2":"type-product","3":"status-publish","4":"has-post-thumbnail","6":"product_brand-herbow","7":"product_cat-folyekony-mososzer","8":"product_tag-aktiv-probiotikumok","9":"product_tag-allergenmentes","10":"product_tag-allatkiserlet-mentes","11":"product_tag-elo-probiotikumok","12":"product_tag-oko-haztartasi-tisztitoszer","13":"product_tag-oko-tisztitas","14":"product_tag-biofilm-eltavolitas","15":"product_tag-biofilm-bonto-technologia","16":"product_tag-biologiailag-lebomlo","17":"product_tag-biztonsagos-tisztitas","18":"product_tag-borbarat-tisztitoszer","19":"product_tag-egeszseges-otthon","20":"product_tag-fenntarthato-haztartas","21":"product_tag-herbow","22":"product_tag-herbow-probiotikus","23":"product_tag-herbtech-probiotikus","24":"product_tag-hosszan-tarto-frissesseg","25":"product_tag-illatmentes-opcio","26":"product_tag-kornyezetbarat-tisztitoszer","27":"product_tag-melytisztito-hatas","28":"product_tag-novenyi-alapu-tisztitoszer","29":"product_tag-probiotikus-formula","30":"product_tag-probiotikus-tisztitoszer","31":"product_tag-tartos-mikrobialis-vedelem","32":"product_tag-termeszetes-higienia","33":"product_tag-termeszetes-tisztitas","34":"product_tag-vegan-tisztitoszer","36":"first","37":"instock","38":"taxable","39":"shipping-taxable","40":"product-type-variable"},"yoast_head":"<!-- This site is optimized with the Yoast SEO plugin v27.4 - https:\/\/yoast.com\/product\/yoast-seo-wordpress\/ -->\n<title>Herbow foly\u00e9kony mos\u00f3szer vadgesztenye feh\u00e9r ruh\u00e1khoz Gesztenyevir\u00e1g illattal - Herbow | International<\/title>\n<meta name=\"robots\" content=\"index, follow, max-snippet:-1, max-image-preview:large, max-video-preview:-1\" \/>\n<link rel=\"canonical\" href=\"https:\/\/herbow.eu\/cs\/product\/herbow-river-honeysuckle-praci-prostredek-na-kastanove-bile-pradlo-s-vuni-kastanove-fialove-barvy\/\" \/>\n<meta property=\"og:locale\" content=\"cs_CZ\" \/>\n<meta property=\"og:type\" content=\"article\" \/>\n<meta property=\"og:title\" content=\"Herbow foly\u00e9kony mos\u00f3szer vadgesztenye feh\u00e9r ruh\u00e1khoz Gesztenyevir\u00e1g illattal - Herbow | International\" \/>\n<meta property=\"og:description\" content=\"A Herbow gesztenyevir\u00e1g illat\u00fa foly\u00e9kony mos\u00f3szer term\u00e9szetes hat\u00e9konys\u00e1ggal gondoskodik a feh\u00e9r ruh\u00e1k ragyog\u00f3 tisztas\u00e1g\u00e1r\u00f3l. Mos\u00f3di\u00f3-extraktummal \u00e9s bioenzimekkel tiszt\u00edt, mik\u00f6zben meg\u0151rzi a text\u00edli\u00e1k puhas\u00e1g\u00e1t \u00e9s friss illat\u00e1t \u2013 l\u00e1gy, term\u00e9szetes illattal.\" \/>\n<meta property=\"og:url\" content=\"https:\/\/herbow.eu\/cs\/product\/herbow-river-honeysuckle-praci-prostredek-na-kastanove-bile-pradlo-s-vuni-kastanove-fialove-barvy\/\" \/>\n<meta property=\"og:site_name\" content=\"Herbow | International\" \/>\n<meta property=\"article:publisher\" content=\"https:\/\/www.facebook.com\/herbowmosodioslabda\/\" \/>\n<meta property=\"article:modified_time\" content=\"2026-03-17T09:58:47+00:00\" \/>\n<meta property=\"og:image\" content=\"https:\/\/herbow.eu\/wp-content\/uploads\/2025\/08\/herbow_folyekony_mososzer_1000ml_redesign_v13_parfummentes.png\" \/>\n\t<meta property=\"og:image:width\" content=\"2000\" \/>\n\t<meta property=\"og:image:height\" content=\"2000\" \/>\n\t<meta property=\"og:image:type\" content=\"image\/png\" \/>\n<meta name=\"twitter:card\" content=\"summary_large_image\" \/>\n<meta name=\"twitter:label1\" content=\"Odhadovan\u00e1 doba \u010dten\u00ed\" \/>\n\t<meta name=\"twitter:data1\" content=\"1 minuta\" \/>\n<script type=\"application\/ld+json\" class=\"yoast-schema-graph\">{\"@context\":\"https:\\\/\\\/schema.org\",\"@graph\":[{\"@type\":\"WebPage\",\"@id\":\"https:\\\/\\\/herbow.eu\\\/product\\\/herbow-folyekony-mososzer-vadgesztenye-feher-ruhakhoz-gesztenyevirag-illattal\\\/\",\"url\":\"https:\\\/\\\/herbow.eu\\\/product\\\/herbow-folyekony-mososzer-vadgesztenye-feher-ruhakhoz-gesztenyevirag-illattal\\\/\",\"name\":\"Herbow foly\u00e9kony mos\u00f3szer vadgesztenye feh\u00e9r ruh\u00e1khoz Gesztenyevir\u00e1g illattal - Herbow | International\",\"isPartOf\":{\"@id\":\"https:\\\/\\\/herbow.eu\\\/#website\"},\"primaryImageOfPage\":{\"@id\":\"https:\\\/\\\/herbow.eu\\\/product\\\/herbow-folyekony-mososzer-vadgesztenye-feher-ruhakhoz-gesztenyevirag-illattal\\\/#primaryimage\"},\"image\":{\"@id\":\"https:\\\/\\\/herbow.eu\\\/product\\\/herbow-folyekony-mososzer-vadgesztenye-feher-ruhakhoz-gesztenyevirag-illattal\\\/#primaryimage\"},\"thumbnailUrl\":\"https:\\\/\\\/herbow.eu\\\/wp-content\\\/uploads\\\/2025\\\/08\\\/herbow_folyekony_mososzer_1000ml_redesign_v13_parfummentes.png\",\"datePublished\":\"2025-08-18T09:05:55+00:00\",\"dateModified\":\"2026-03-17T09:58:47+00:00\",\"breadcrumb\":{\"@id\":\"https:\\\/\\\/herbow.eu\\\/product\\\/herbow-folyekony-mososzer-vadgesztenye-feher-ruhakhoz-gesztenyevirag-illattal\\\/#breadcrumb\"},\"inLanguage\":\"cs\",\"potentialAction\":[{\"@type\":\"ReadAction\",\"target\":[\"https:\\\/\\\/herbow.eu\\\/product\\\/herbow-folyekony-mososzer-vadgesztenye-feher-ruhakhoz-gesztenyevirag-illattal\\\/\"]}]},{\"@type\":\"ImageObject\",\"inLanguage\":\"cs\",\"@id\":\"https:\\\/\\\/herbow.eu\\\/product\\\/herbow-folyekony-mososzer-vadgesztenye-feher-ruhakhoz-gesztenyevirag-illattal\\\/#primaryimage\",\"url\":\"https:\\\/\\\/herbow.eu\\\/wp-content\\\/uploads\\\/2025\\\/08\\\/herbow_folyekony_mososzer_1000ml_redesign_v13_parfummentes.png\",\"contentUrl\":\"https:\\\/\\\/herbow.eu\\\/wp-content\\\/uploads\\\/2025\\\/08\\\/herbow_folyekony_mososzer_1000ml_redesign_v13_parfummentes.png\",\"width\":2000,\"height\":2000},{\"@type\":\"BreadcrumbList\",\"@id\":\"https:\\\/\\\/herbow.eu\\\/product\\\/herbow-folyekony-mososzer-vadgesztenye-feher-ruhakhoz-gesztenyevirag-illattal\\\/#breadcrumb\",\"itemListElement\":[{\"@type\":\"ListItem\",\"position\":1,\"name\":\"Kezd\u0151lap\",\"item\":\"https:\\\/\\\/herbow.eu\\\/\"},{\"@type\":\"ListItem\",\"position\":2,\"name\":\"Shop\",\"item\":\"https:\\\/\\\/herbow.eu\\\/shop\\\/\"},{\"@type\":\"ListItem\",\"position\":3,\"name\":\"Herbow foly\u00e9kony mos\u00f3szer vadgesztenye feh\u00e9r ruh\u00e1khoz Gesztenyevir\u00e1g illattal\"}]},{\"@type\":\"WebSite\",\"@id\":\"https:\\\/\\\/herbow.eu\\\/#website\",\"url\":\"https:\\\/\\\/herbow.eu\\\/\",\"name\":\"Herbow | Herbal Organic World\",\"description\":\"Herbal Organic World\",\"publisher\":{\"@id\":\"https:\\\/\\\/herbow.eu\\\/#organization\"},\"potentialAction\":[{\"@type\":\"SearchAction\",\"target\":{\"@type\":\"EntryPoint\",\"urlTemplate\":\"https:\\\/\\\/herbow.eu\\\/?s={search_term_string}\"},\"query-input\":{\"@type\":\"PropertyValueSpecification\",\"valueRequired\":true,\"valueName\":\"search_term_string\"}}],\"inLanguage\":\"cs\"},{\"@type\":\"Organization\",\"@id\":\"https:\\\/\\\/herbow.eu\\\/#organization\",\"name\":\"Herbow International Zrt.\",\"url\":\"https:\\\/\\\/herbow.eu\\\/\",\"logo\":{\"@type\":\"ImageObject\",\"inLanguage\":\"cs\",\"@id\":\"https:\\\/\\\/herbow.eu\\\/#\\\/schema\\\/logo\\\/image\\\/\",\"url\":\"https:\\\/\\\/herbow.eu\\\/wp-content\\\/uploads\\\/2025\\\/07\\\/herbow_logo_hun_2021-01_w-slogan_no-background.png\",\"contentUrl\":\"https:\\\/\\\/herbow.eu\\\/wp-content\\\/uploads\\\/2025\\\/07\\\/herbow_logo_hun_2021-01_w-slogan_no-background.png\",\"width\":2366,\"height\":1732,\"caption\":\"Herbow International Zrt.\"},\"image\":{\"@id\":\"https:\\\/\\\/herbow.eu\\\/#\\\/schema\\\/logo\\\/image\\\/\"},\"sameAs\":[\"https:\\\/\\\/www.facebook.com\\\/herbowmosodioslabda\\\/\",\"https:\\\/\\\/www.instagram.com\\\/herbowmosodioslabda\\\/\"]}]}<\/script>\n<!-- \/ Yoast SEO plugin. -->","yoast_head_json":{"title":"Tekut\u00fd prac\u00ed prost\u0159edek Herbow na ka\u0161tanov\u011b b\u00edl\u00e9 pr\u00e1dlo s v\u016fn\u00ed ka\u0161tanov\u00fdch kv\u011bt\u016f - Herbow | International","robots":{"index":"index","follow":"follow","max-snippet":"max-snippet:-1","max-image-preview":"max-image-preview:large","max-video-preview":"max-video-preview:-1"},"canonical":"https:\/\/herbow.eu\/cs\/product\/herbow-river-honeysuckle-praci-prostredek-na-kastanove-bile-pradlo-s-vuni-kastanove-fialove-barvy\/","og_locale":"cs_CZ","og_type":"article","og_title":"Herbow foly\u00e9kony mos\u00f3szer vadgesztenye feh\u00e9r ruh\u00e1khoz Gesztenyevir\u00e1g illattal - Herbow | International","og_description":"A Herbow gesztenyevir\u00e1g illat\u00fa foly\u00e9kony mos\u00f3szer term\u00e9szetes hat\u00e9konys\u00e1ggal gondoskodik a feh\u00e9r ruh\u00e1k ragyog\u00f3 tisztas\u00e1g\u00e1r\u00f3l. Mos\u00f3di\u00f3-extraktummal \u00e9s bioenzimekkel tiszt\u00edt, mik\u00f6zben meg\u0151rzi a text\u00edli\u00e1k puhas\u00e1g\u00e1t \u00e9s friss illat\u00e1t \u2013 l\u00e1gy, term\u00e9szetes illattal.","og_url":"https:\/\/herbow.eu\/cs\/product\/herbow-river-honeysuckle-praci-prostredek-na-kastanove-bile-pradlo-s-vuni-kastanove-fialove-barvy\/","og_site_name":"Herbow | International","article_publisher":"https:\/\/www.facebook.com\/herbowmosodioslabda\/","article_modified_time":"2026-03-17T09:58:47+00:00","og_image":[{"width":2000,"height":2000,"url":"https:\/\/herbow.eu\/wp-content\/uploads\/2025\/08\/herbow_folyekony_mososzer_1000ml_redesign_v13_parfummentes.png","type":"image\/png"}],"twitter_card":"summary_large_image","twitter_misc":{"Odhadovan\u00e1 doba \u010dten\u00ed":"1 minuta"},"schema":{"@context":"https:\/\/schema.org","@graph":[{"@type":"WebPage","@id":"https:\/\/herbow.eu\/product\/herbow-folyekony-mososzer-vadgesztenye-feher-ruhakhoz-gesztenyevirag-illattal\/","url":"https:\/\/herbow.eu\/product\/herbow-folyekony-mososzer-vadgesztenye-feher-ruhakhoz-gesztenyevirag-illattal\/","name":"Tekut\u00fd prac\u00ed prost\u0159edek Herbow na ka\u0161tanov\u011b b\u00edl\u00e9 pr\u00e1dlo s v\u016fn\u00ed ka\u0161tanov\u00fdch kv\u011bt\u016f - Herbow | International","isPartOf":{"@id":"https:\/\/herbow.eu\/#website"},"primaryImageOfPage":{"@id":"https:\/\/herbow.eu\/product\/herbow-folyekony-mososzer-vadgesztenye-feher-ruhakhoz-gesztenyevirag-illattal\/#primaryimage"},"image":{"@id":"https:\/\/herbow.eu\/product\/herbow-folyekony-mososzer-vadgesztenye-feher-ruhakhoz-gesztenyevirag-illattal\/#primaryimage"},"thumbnailUrl":"https:\/\/herbow.eu\/wp-content\/uploads\/2025\/08\/herbow_folyekony_mososzer_1000ml_redesign_v13_parfummentes.png","datePublished":"2025-08-18T09:05:55+00:00","dateModified":"2026-03-17T09:58:47+00:00","breadcrumb":{"@id":"https:\/\/herbow.eu\/product\/herbow-folyekony-mososzer-vadgesztenye-feher-ruhakhoz-gesztenyevirag-illattal\/#breadcrumb"},"inLanguage":"cs","potentialAction":[{"@type":"ReadAction","target":["https:\/\/herbow.eu\/product\/herbow-folyekony-mososzer-vadgesztenye-feher-ruhakhoz-gesztenyevirag-illattal\/"]}]},{"@type":"ImageObject","inLanguage":"cs","@id":"https:\/\/herbow.eu\/product\/herbow-folyekony-mososzer-vadgesztenye-feher-ruhakhoz-gesztenyevirag-illattal\/#primaryimage","url":"https:\/\/herbow.eu\/wp-content\/uploads\/2025\/08\/herbow_folyekony_mososzer_1000ml_redesign_v13_parfummentes.png","contentUrl":"https:\/\/herbow.eu\/wp-content\/uploads\/2025\/08\/herbow_folyekony_mososzer_1000ml_redesign_v13_parfummentes.png","width":2000,"height":2000},{"@type":"BreadcrumbList","@id":"https:\/\/herbow.eu\/product\/herbow-folyekony-mososzer-vadgesztenye-feher-ruhakhoz-gesztenyevirag-illattal\/#breadcrumb","itemListElement":[{"@type":"ListItem","position":1,"name":"Kezd\u0151lap","item":"https:\/\/herbow.eu\/"},{"@type":"ListItem","position":2,"name":"Shop","item":"https:\/\/herbow.eu\/shop\/"},{"@type":"ListItem","position":3,"name":"Herbow foly\u00e9kony mos\u00f3szer vadgesztenye feh\u00e9r ruh\u00e1khoz Gesztenyevir\u00e1g illattal"}]},{"@type":"WebSite","@id":"https:\/\/herbow.eu\/#website","url":"https:\/\/herbow.eu\/","name":"Herbow | Herbal Organic World","description":"Bylinn\u00fd organick\u00fd sv\u011bt","publisher":{"@id":"https:\/\/herbow.eu\/#organization"},"potentialAction":[{"@type":"SearchAction","target":{"@type":"EntryPoint","urlTemplate":"https:\/\/herbow.eu\/?s={search_term_string}"},"query-input":{"@type":"PropertyValueSpecification","valueRequired":true,"valueName":"search_term_string"}}],"inLanguage":"cs"},{"@type":"Organization","@id":"https:\/\/herbow.eu\/#organization","name":"Herbow International Zrt.","url":"https:\/\/herbow.eu\/","logo":{"@type":"ImageObject","inLanguage":"cs","@id":"https:\/\/herbow.eu\/#\/schema\/logo\/image\/","url":"https:\/\/herbow.eu\/wp-content\/uploads\/2025\/07\/herbow_logo_hun_2021-01_w-slogan_no-background.png","contentUrl":"https:\/\/herbow.eu\/wp-content\/uploads\/2025\/07\/herbow_logo_hun_2021-01_w-slogan_no-background.png","width":2366,"height":1732,"caption":"Herbow International Zrt."},"image":{"@id":"https:\/\/herbow.eu\/#\/schema\/logo\/image\/"},"sameAs":["https:\/\/www.facebook.com\/herbowmosodioslabda\/","https:\/\/www.instagram.com\/herbowmosodioslabda\/"]}]}},"jetpack_likes_enabled":true,"jetpack_sharing_enabled":true,"_links":{"self":[{"href":"https:\/\/herbow.eu\/cs\/wp-json\/wp\/v2\/product\/1017","targetHints":{"allow":["GET"]}}],"collection":[{"href":"https:\/\/herbow.eu\/cs\/wp-json\/wp\/v2\/product"}],"about":[{"href":"https:\/\/herbow.eu\/cs\/wp-json\/wp\/v2\/types\/product"}],"replies":[{"embeddable":true,"href":"https:\/\/herbow.eu\/cs\/wp-json\/wp\/v2\/comments?post=1017"}],"wp:featuredmedia":[{"embeddable":true,"href":"https:\/\/herbow.eu\/cs\/wp-json\/wp\/v2\/media\/865"}],"wp:attachment":[{"href":"https:\/\/herbow.eu\/cs\/wp-json\/wp\/v2\/media?parent=1017"}],"wp:term":[{"taxonomy":"product_brand","embeddable":true,"href":"https:\/\/herbow.eu\/cs\/wp-json\/wp\/v2\/product_brand?post=1017"},{"taxonomy":"product_cat","embeddable":true,"href":"https:\/\/herbow.eu\/cs\/wp-json\/wp\/v2\/product_cat?post=1017"},{"taxonomy":"product_tag","embeddable":true,"href":"https:\/\/herbow.eu\/cs\/wp-json\/wp\/v2\/product_tag?post=1017"}],"curies":[{"name":"wp","href":"https:\/\/api.w.org\/{rel}","templated":true}]}}