{"id":762,"date":"2025-07-20T11:47:54","date_gmt":"2025-07-20T09:47:54","guid":{"rendered":"https:\/\/herbow.eu\/?page_id=762"},"modified":"2025-07-20T12:16:59","modified_gmt":"2025-07-20T10:16:59","slug":"mosodiosis-ball","status":"publish","type":"page","link":"https:\/\/herbow.eu\/cs\/mosodios-labda\/","title":{"rendered":"M\u00ed\u010d na pran\u00ed pr\u00e1dla"},"content":{"rendered":"<section class=\"section\" id=\"section_33847293\">\n\t\t<div class=\"section-bg fill\" >\n\t\t\t\t\t\t\t<div class=\"video-overlay no-click fill visible\"><\/div>\n\t<video class=\"video-bg fill visible\" preload playsinline autoplay muted loop>\n\t\t<source src=\"https:\/\/videos.files.wordpress.com\/glsn1bsR\/heap-of-soap-nut-for-ecological-washing-raw-aritha-2023-11-28-17-45-48-utc.mp4\" type=\"video\/mp4\">\t<\/video>\n\t\t\t<div class=\"section-bg-overlay absolute fill\"><\/div>\n\t\t\t\n\n\t\t<\/div>\n\n\t\t\n\n\t\t<div class=\"section-content relative\">\n\t\t\t\n\n\t<div id=\"text-2401283900\" class=\"text\">\n\t\t\n\n<h1 class=\"uppercase\" style=\"text-align: center;\" data-animate=\"fadeInUp\" data-animate-delay=\"500\">Jak\u00e9 je tajemstv\u00ed myc\u00ed koule Herbow?<\/h1>\n\t\t\n<style>\n#text-2401283900 {\n  text-align: center;\n  color: rgb(255, 255, 255);\n}\n#text-2401283900 > * {\n  color: rgb(255, 255, 255);\n}\n<\/style>\n\t<\/div>\n\t\n\n\t\t<\/div>\n\n\t\t\n<style>\n#section_33847293 {\n  padding-top: 30px;\n  padding-bottom: 30px;\n  min-height: 300px;\n}\n#section_33847293 .section-bg-overlay {\n  background-color: rgba(0, 0, 0, 0.145);\n}\n@media (min-width:550px) {\n  #section_33847293 {\n    min-height: 400px;\n  }\n}\n@media (min-width:850px) {\n  #section_33847293 {\n    min-height: 500px;\n  }\n}\n<\/style>\n\t<\/section>\n\t\n\n\t<section class=\"section\" id=\"section_582166216\">\n\t\t<div class=\"section-bg fill\" >\n\t\t\t\t\t\t\t\t\t\n\t\t\t\n\n\t\t<\/div>\n\n\t\t\n\n\t\t<div class=\"section-content relative\">\n\t\t\t\n\n<div class=\"row align-center\"  id=\"row-1604513625\">\n\n\n\t<div id=\"col-474936545\" class=\"col medium-12 small-12 large-6\"  >\n\t\t\t\t<div class=\"col-inner\"  >\n\t\t\t\n\t\t\t\n\n\t<div id=\"gap-461282717\" class=\"gap-element clearfix\" style=\"display:block; height:auto;\">\n\t\t\n<style>\n#gap-461282717 {\n  padding-top: 10px;\n}\n@media (min-width:550px) {\n  #gap-461282717 {\n    padding-top: 20px;\n  }\n}\n@media (min-width:850px) {\n  #gap-461282717 {\n    padding-top: 30px;\n  }\n}\n<\/style>\n\t<\/div>\n\t\n\n\t<div class=\"img has-hover x md-x lg-x y md-y lg-y\" id=\"image_182225956\">\n\t\t\t\t\t\t<div data-animate=\"bounceInLeft\">\t\t<div class=\"img-inner dark\" >\n\t\t\t<img loading=\"lazy\" decoding=\"async\" width=\"633\" height=\"407\" src=\"https:\/\/herbow.eu\/wp-content\/uploads\/2025\/07\/herbowlabdavizbenv3ujlogo2020v201633x407_20200521_110138.png\" class=\"attachment-large size-large\" alt=\"\" srcset=\"https:\/\/herbow.eu\/wp-content\/uploads\/2025\/07\/herbowlabdavizbenv3ujlogo2020v201633x407_20200521_110138.png 633w, https:\/\/herbow.eu\/wp-content\/uploads\/2025\/07\/herbowlabdavizbenv3ujlogo2020v201633x407_20200521_110138-622x400.png 622w, https:\/\/herbow.eu\/wp-content\/uploads\/2025\/07\/herbowlabdavizbenv3ujlogo2020v201633x407_20200521_110138-500x321.png 500w\" sizes=\"auto, (max-width: 633px) 100vw, 633px\" data-attachment-id=\"655\" data-permalink=\"https:\/\/herbow.eu\/cs\/fullscreen-fashion\/herbowlabdavizbenv3ujlogo2020v201633x407_20200521_110138\/#main\" data-orig-file=\"https:\/\/herbow.eu\/wp-content\/uploads\/2025\/07\/herbowlabdavizbenv3ujlogo2020v201633x407_20200521_110138.png\" data-orig-size=\"633,407\" data-comments-opened=\"1\" data-image-meta=\"{&quot;aperture&quot;:&quot;0&quot;,&quot;credit&quot;:&quot;&quot;,&quot;camera&quot;:&quot;&quot;,&quot;caption&quot;:&quot;&quot;,&quot;created_timestamp&quot;:&quot;0&quot;,&quot;copyright&quot;:&quot;&quot;,&quot;focal_length&quot;:&quot;0&quot;,&quot;iso&quot;:&quot;0&quot;,&quot;shutter_speed&quot;:&quot;0&quot;,&quot;title&quot;:&quot;&quot;,&quot;orientation&quot;:&quot;0&quot;}\" data-image-title=\"herbowlabdavizbenv3ujlogo2020v201633x407_20200521_110138\" data-image-description=\"\" data-image-caption=\"\" data-large-file=\"https:\/\/herbow.eu\/wp-content\/uploads\/2025\/07\/herbowlabdavizbenv3ujlogo2020v201633x407_20200521_110138.png\" \/>\t\t\t\t\t\t\n\t\t\t\t\t<\/div>\n\t\t<\/div>\t\t\t\t\t\t\n<style>\n#image_182225956 {\n  width: 100%;\n}\n<\/style>\n\t<\/div>\n\t\n\n\t<div id=\"text-4263925401\" class=\"text\">\n\t\t\n\n<h3><strong>Sv\u011b\u017e\u00ed a \u010dist\u00e9 oble\u010den\u00ed bez p\u0159\u00eddavku syntetick\u00fdch materi\u00e1l\u016f!<\/strong><\/h3>\n\t\t\n<style>\n#text-4263925401 {\n  font-size: 1.55rem;\n}\n<\/style>\n\t<\/div>\n\t\n<p>Prac\u00ed o\u0159ech 100% v 100% je p\u0159\u00edrodn\u00ed, m\u00e1 dobr\u00e9 \u010distic\u00ed vlastnosti a je ekologickou alternativou pran\u00ed. Prac\u00ed o\u0159ech, kter\u00fd je z\u00e1kladem \u0159ady Herbow, nab\u00edz\u00ed mnoho v\u00fdhod pro va\u0161e zdrav\u00ed a pohodl\u00ed. Tento ekologick\u00fd prac\u00ed prost\u0159edek p\u016fsob\u00ed d\u00edky sv\u00fdm p\u0159\u00edrodn\u00edm \u00fa\u010dinn\u00fdm l\u00e1tk\u00e1m, tak\u017ee je skv\u011bl\u00fd pro citlivou poko\u017eku a doporu\u010duje se i pro pran\u00ed d\u011btsk\u00e9ho oble\u010den\u00ed. P\u0159i pou\u017eit\u00ed prac\u00ed koule nez\u016fst\u00e1vaj\u00ed na oble\u010den\u00ed zbytky prac\u00edho prost\u0159edku, kter\u00e9 mohou dr\u00e1\u017edit poko\u017eku a zp\u016fsobovat alergie.<\/p>\n<p>\u00a0<\/p>\n\n\t\t<\/div>\n\t\t\t\t\n<style>\n#col-474936545 > .col-inner {\n  padding: 0px 10% 0px 0px;\n}\n<\/style>\n\t<\/div>\n\n\t\n\n\t<div id=\"col-943103418\" class=\"col medium-12 small-12 large-6\"  data-animate=\"bounceInUp\">\n\t\t\t\t<div class=\"col-inner\" style=\"background-color:rgba(241, 241, 241, 0.93);\" >\n\t\t\t\n\t<div class=\"is-border\"\n\t\tstyle=\"border-color:rgb(73, 193, 147);border-width:10px 0px 0px 0px;\">\n\t<\/div>\n\t\t\t\n\n<p><strong>Pou\u017e\u00edv\u00e1n\u00ed prac\u00edho pr\u00e1\u0161ku bylo doposud t\u011b\u017ekop\u00e1dn\u00e9. Museli jste po\u010d\u00edtat po\u010det zrnek, v\u00e1zat je do pl\u00e1t\u011bn\u00e9ho s\u00e1\u010dku, pamatovat si, kdy je vyhodit, vyndat je z pra\u010dky ihned po vypr\u00e1n\u00ed, aby se neza\u0161pinily. Neupraven\u00e9 prac\u00ed o\u0159echy nav\u00edc podivn\u011b zap\u00e1chaly. V\u00fdzkumn\u00edci spole\u010dnosti Herbow v\u0161ak posunuli prac\u00ed o\u0159echy o krok d\u00e1l a vyvinuli dne\u0161n\u00ed inovativn\u00ed recepturu prac\u00edch kuli\u010dek, d\u00edky n\u00ed\u017e je pran\u00ed bez chemik\u00e1li\u00ed je\u0161t\u011b prakti\u010dt\u011bj\u0161\u00ed a snadn\u011bj\u0161\u00ed!<\/strong><\/p>\n<p><strong>Pohodln\u00e9 pou\u017e\u00edv\u00e1n\u00ed<br \/><\/strong>Sta\u010d\u00ed ji hodit do pra\u010dky jako prac\u00ed kapsli. Prac\u00ed o\u0159echy jsme zabalili do celul\u00f3zov\u00e9 s\u00ed\u0165ky ve tvaru koule, aby byly po ruce p\u0159i pou\u017eit\u00ed!<\/p>\n<p><strong>Zv\u00fd\u0161en\u00fd myc\u00ed v\u00fdkon<\/strong><br \/>Recyklovan\u00e1 bavlna zabalen\u00e1 v kuli\u010dce zvy\u0161uje p\u011bnivost p\u0159\u00edrodn\u00edch povrchov\u011b aktivn\u00edch l\u00e1tek (saponin\u016f) v prac\u00edm prost\u0159edku, co\u017e d\u00e1le zvy\u0161uje \u00fa\u010dinek pran\u00ed.<\/p>\n<p><strong>Sv\u011b\u017e\u00ed v\u016fn\u011b<\/strong><br \/>Pomoc\u00ed technologie Balance System je myc\u00ed o\u0159ech o\u0161et\u0159en p\u0159\u00edrodn\u00ed kulturou prosp\u011b\u0161n\u00fdch mikroorganism\u016f (B.S Regen). V d\u016fsledku toho se odstran\u00ed jeho p\u0159edchoz\u00ed kysel\u00fd z\u00e1pach a oble\u010den\u00ed z\u016fstane dlouho vo\u0148av\u00e9.<\/p>\n\n\t\t<\/div>\n\t\t\t\t\n<style>\n#col-943103418 > .col-inner {\n  padding: 15% 10% 5% 10%;\n  margin: 0 0px 0px 0px;\n}\n@media (min-width:550px) {\n  #col-943103418 > .col-inner {\n    padding: 10% 10% 8% 10%;\n  }\n}\n@media (min-width:850px) {\n  #col-943103418 > .col-inner {\n    padding: 15% 15% 10% 15%;\n    margin: -172px 0px 0px 0px;\n  }\n}\n<\/style>\n\t<\/div>\n\n\t\n\n<\/div>\n<div class=\"row\"  id=\"row-352043430\">\n\n\n\t<div id=\"col-1650321263\" class=\"col medium-6 small-12 large-6\"  >\n\t\t\t\t<div class=\"col-inner\"  >\n\t\t\t\n\t\t\t\n\n<p><strong>O vla\u0161sk\u00fdch o\u0159e\u0161\u00edch<\/strong><br \/>Mosodium indick\u00e9 (Sapindus Mukorossi) je plod stromu z \u010deledi m\u00fddeln\u00edkovit\u00fdch. Tento konkr\u00e9tn\u00ed strom poch\u00e1z\u00ed z podh\u016f\u0159\u00ed Him\u00e1laje a roste v Indii a Nep\u00e1lu. Plody m\u00fddeln\u00edku maj\u00ed tvar pecky, plod je obklopen pevnou vn\u011bj\u0161\u00ed slupkou, kter\u00e1 je bohat\u00e1 na saponiny. Saponin je p\u0159\u00edrodn\u00ed povrchov\u011b aktivn\u00ed l\u00e1tka, kter\u00e1 v interakci s vodou v\u00e1\u017ee mastnotu a \u0161p\u00ednu, a je tak vynikaj\u00edc\u00edm prac\u00edm prost\u0159edkem. M\u00e1 tak\u00e9 mnoho prosp\u011b\u0161n\u00fdch vlastnost\u00ed.<\/p>\n\n\t\t<\/div>\n\t\t\t\t\n<style>\n#col-1650321263 > .col-inner {\n  margin: -50px 0px 0px 0px;\n}\n<\/style>\n\t<\/div>\n\n\t\n\n\t<div id=\"col-730903238\" class=\"col medium-6 small-12 large-6\"  >\n\t\t\t\t<div class=\"col-inner\"  >\n\t\t\t\n\t\t\t\n\n\t<div class=\"img has-hover x md-x lg-x y md-y lg-y\" id=\"image_978830593\">\n\t\t\t\t\t\t<div data-animate=\"bounceInRight\">\t\t<div class=\"img-inner dark\" >\n\t\t\t<img loading=\"lazy\" decoding=\"async\" width=\"1020\" height=\"586\" src=\"https:\/\/herbow.eu\/wp-content\/uploads\/2025\/07\/soap-nut-on-white-background-2024-10-31-21-18-04-utc-1392x800.jpg\" class=\"attachment-large size-large\" alt=\"\" srcset=\"https:\/\/herbow.eu\/wp-content\/uploads\/2025\/07\/soap-nut-on-white-background-2024-10-31-21-18-04-utc-1392x800.jpg 1392w, https:\/\/herbow.eu\/wp-content\/uploads\/2025\/07\/soap-nut-on-white-background-2024-10-31-21-18-04-utc-696x400.jpg 696w, https:\/\/herbow.eu\/wp-content\/uploads\/2025\/07\/soap-nut-on-white-background-2024-10-31-21-18-04-utc-768x441.jpg 768w, https:\/\/herbow.eu\/wp-content\/uploads\/2025\/07\/soap-nut-on-white-background-2024-10-31-21-18-04-utc-1536x883.jpg 1536w, https:\/\/herbow.eu\/wp-content\/uploads\/2025\/07\/soap-nut-on-white-background-2024-10-31-21-18-04-utc-2048x1177.jpg 2048w, https:\/\/herbow.eu\/wp-content\/uploads\/2025\/07\/soap-nut-on-white-background-2024-10-31-21-18-04-utc-500x287.jpg 500w\" sizes=\"auto, (max-width: 1020px) 100vw, 1020px\" data-attachment-id=\"752\" data-permalink=\"https:\/\/herbow.eu\/cs\/a-herbow-rol\/soap-nut-on-white-background\/#main\" data-orig-file=\"https:\/\/herbow.eu\/wp-content\/uploads\/2025\/07\/soap-nut-on-white-background-2024-10-31-21-18-04-utc.jpg\" data-orig-size=\"2500,1437\" data-comments-opened=\"1\" data-image-meta=\"{&quot;aperture&quot;:&quot;16&quot;,&quot;credit&quot;:&quot;&quot;,&quot;camera&quot;:&quot;NIKON D800E&quot;,&quot;caption&quot;:&quot;Soap nut on white background&quot;,&quot;created_timestamp&quot;:&quot;1478123934&quot;,&quot;copyright&quot;:&quot;&quot;,&quot;focal_length&quot;:&quot;70&quot;,&quot;iso&quot;:&quot;100&quot;,&quot;shutter_speed&quot;:&quot;0.00625&quot;,&quot;title&quot;:&quot;Soap nut on white background&quot;,&quot;orientation&quot;:&quot;1&quot;}\" data-image-title=\"Soap nut on white background\" data-image-description=\"\" data-image-caption=\"&lt;p&gt;Soap nut on white background&lt;\/p&gt;\" data-large-file=\"https:\/\/herbow.eu\/wp-content\/uploads\/2025\/07\/soap-nut-on-white-background-2024-10-31-21-18-04-utc-1392x800.jpg\" \/>\t\t\t\t\t\t\n\t\t\t\t\t<\/div>\n\t\t<\/div>\t\t\t\t\t\t\n<style>\n#image_978830593 {\n  width: 100%;\n}\n<\/style>\n\t<\/div>\n\t\n\n\n\t\t<\/div>\n\t\t\t\t\n<style>\n#col-730903238 > .col-inner {\n  margin: -250px 0px 0px 0px;\n}\n<\/style>\n\t<\/div>\n\n\t\n\n<\/div>\n\n\t\t<\/div>\n\n\t\t\n<style>\n#section_582166216 {\n  padding-top: 30px;\n  padding-bottom: 30px;\n}\n<\/style>\n\t<\/section>\n\t\n\n\t<section class=\"section\" id=\"section_1673732291\">\n\t\t<div class=\"section-bg fill\" >\n\t\t\t\t\t\t\t\t\t\n\t\t\t\n\t<div class=\"is-border\"\n\t\tstyle=\"border-color:rgb(73, 193, 147);border-width:10px 0px 0px 0px;\">\n\t<\/div>\n\n\t\t<\/div>\n\n\t\t\n\n\t\t<div class=\"section-content relative\">\n\t\t\t\n\n<p><strong>P\u0159\u00edrodn\u00ed<\/strong> - 100% je zcela p\u0159\u00edrodn\u00ed a neobsahuje \u017e\u00e1dn\u00e9 um\u011bl\u00e9 chemick\u00e9 l\u00e1tky, kter\u00e9 by mohly po\u0161kodit t\u011blo nebo \u017eivotn\u00ed prost\u0159ed\u00ed.<\/p>\n<p><strong>\u0160etrn\u00e9 k \u017eivotn\u00edmu prost\u0159ed\u00ed<\/strong> - snadno biologicky rozlo\u017eiteln\u00fd, nezne\u010di\u0161\u0165uje \u017eivotn\u00ed prost\u0159ed\u00ed. Zaj\u00edmav\u00e9 je, \u017ee roste na stromech, kter\u00e9 se nikdy nest\u0159\u00edkaj\u00ed, proto\u017ee jeho p\u0159irozen\u00fd obsah saponin\u016f br\u00e1n\u00ed \u0161k\u016fdc\u016fm v p\u0159\u00edstupu. M\u00e1 p\u016fdoochrann\u00e9 vlastnosti a produkuje velk\u00e9 mno\u017estv\u00ed kysl\u00edku, \u010d\u00edm\u017e p\u0159isp\u00edv\u00e1 k optim\u00e1ln\u00edmu ekosyst\u00e9mu na zemi<\/p>\n<p><strong>Antibakteri\u00e1ln\u00ed<\/strong> - antiseptikum<\/p>\n<p><strong>Hypoalergenn\u00ed<\/strong> - nedr\u00e1\u017ed\u00ed poko\u017eku. Ide\u00e1ln\u00ed pro citlivou a ekzematickou poko\u017eku a pro osoby s jin\u00fdmi ko\u017en\u00edmi onemocn\u011bn\u00edmi (nap\u0159. lup\u00e9nka, neurodermatitida). Bezpe\u010dn\u00e9 pou\u017eit\u00ed pro pran\u00ed d\u011btsk\u00e9ho oble\u010den\u00ed.<\/p>\n<p><strong>\u0160etrn\u00e9 k textili\u00edm<\/strong> - je \u0161etrn\u00fd a m\u00e1 vynikaj\u00edc\u00ed prac\u00ed vlastnosti, ani\u017e by po\u0161kodil strukturu textili\u00ed. Oble\u010den\u00ed si d\u00e9le zachov\u00e1v\u00e1 svou barvu a odolnost.<\/p>\n<p><strong>\u00dasporn\u00e9<\/strong> - Sko\u0159\u00e1pky prac\u00edch o\u0159ech\u016f lze pou\u017e\u00edt opakovan\u011b, nap\u0159\u00edklad 1 kuli\u010dka prac\u00edho o\u0159echu vysta\u010d\u00ed na 5 umyt\u00ed.<\/p>\n<p><strong>Recyklovateln\u00e9<\/strong> - Pou\u017eit\u00e9 sko\u0159\u00e1pky o\u0159ech\u016f jsou kompostovateln\u00e9 a pou\u017eit\u00e1 s\u00ed\u0165ovina na b\u00e1zi celul\u00f3zy je biologicky rozlo\u017eiteln\u00e1.<\/p>\n\n\t\t<\/div>\n\n\t\t\n<style>\n#section_1673732291 {\n  padding-top: 30px;\n  padding-bottom: 30px;\n  background-color: rgba(156, 128, 89, 0.215);\n}\n<\/style>\n\t<\/section>","protected":false},"excerpt":{"rendered":"","protected":false},"author":268520272,"featured_media":0,"parent":0,"menu_order":0,"comment_status":"closed","ping_status":"closed","template":"","meta":{"footnotes":""},"class_list":["post-762","page","type-page","status-publish","hentry"],"yoast_head":"<!-- This site is optimized with the Yoast SEO plugin v27.5 - https:\/\/yoast.com\/product\/yoast-seo-wordpress\/ -->\n<title>Mos\u00f3di\u00f3s labda - Herbow | International<\/title>\n<meta name=\"description\" content=\"Innovat\u00edv mos\u00f3di\u00f3s labda term\u00e9szetes tisztas\u00e1ggal, vegyszerek n\u00e9lk\u00fcl. K\u00edm\u00e9letes, k\u00f6rnyezetbar\u00e1t megold\u00e1s az eg\u00e9sz csal\u00e1dnak.\" \/>\n<meta name=\"robots\" content=\"index, follow, max-snippet:-1, max-image-preview:large, max-video-preview:-1\" \/>\n<link rel=\"canonical\" href=\"https:\/\/herbow.eu\/cs\/mosodiosis-ball\/\" \/>\n<meta property=\"og:locale\" content=\"cs_CZ\" \/>\n<meta property=\"og:type\" content=\"article\" \/>\n<meta property=\"og:title\" content=\"Mos\u00f3di\u00f3s labda - Herbow | International\" \/>\n<meta property=\"og:description\" content=\"Innovat\u00edv mos\u00f3di\u00f3s labda term\u00e9szetes tisztas\u00e1ggal, vegyszerek n\u00e9lk\u00fcl. K\u00edm\u00e9letes, k\u00f6rnyezetbar\u00e1t megold\u00e1s az eg\u00e9sz csal\u00e1dnak.\" \/>\n<meta property=\"og:url\" content=\"https:\/\/herbow.eu\/cs\/mosodiosis-ball\/\" \/>\n<meta property=\"og:site_name\" content=\"Herbow | International\" \/>\n<meta property=\"article:publisher\" content=\"https:\/\/www.facebook.com\/herbowmosodioslabda\/\" \/>\n<meta property=\"article:modified_time\" content=\"2025-07-20T10:16:59+00:00\" \/>\n<meta name=\"twitter:card\" content=\"summary_large_image\" \/>\n<script type=\"application\/ld+json\" class=\"yoast-schema-graph\">{\"@context\":\"https:\\\/\\\/schema.org\",\"@graph\":[{\"@type\":\"WebPage\",\"@id\":\"https:\\\/\\\/herbow.eu\\\/mosodios-labda\\\/\",\"url\":\"https:\\\/\\\/herbow.eu\\\/mosodios-labda\\\/\",\"name\":\"Mos\u00f3di\u00f3s labda - Herbow | International\",\"isPartOf\":{\"@id\":\"https:\\\/\\\/herbow.eu\\\/#website\"},\"datePublished\":\"2025-07-20T09:47:54+00:00\",\"dateModified\":\"2025-07-20T10:16:59+00:00\",\"description\":\"Innovat\u00edv mos\u00f3di\u00f3s labda term\u00e9szetes tisztas\u00e1ggal, vegyszerek n\u00e9lk\u00fcl. K\u00edm\u00e9letes, k\u00f6rnyezetbar\u00e1t megold\u00e1s az eg\u00e9sz csal\u00e1dnak.\",\"breadcrumb\":{\"@id\":\"https:\\\/\\\/herbow.eu\\\/mosodios-labda\\\/#breadcrumb\"},\"inLanguage\":\"cs\",\"potentialAction\":[{\"@type\":\"ReadAction\",\"target\":[\"https:\\\/\\\/herbow.eu\\\/mosodios-labda\\\/\"]}]},{\"@type\":\"BreadcrumbList\",\"@id\":\"https:\\\/\\\/herbow.eu\\\/mosodios-labda\\\/#breadcrumb\",\"itemListElement\":[{\"@type\":\"ListItem\",\"position\":1,\"name\":\"Kezd\u0151lap\",\"item\":\"https:\\\/\\\/herbow.eu\\\/\"},{\"@type\":\"ListItem\",\"position\":2,\"name\":\"Mos\u00f3di\u00f3s labda\"}]},{\"@type\":\"WebSite\",\"@id\":\"https:\\\/\\\/herbow.eu\\\/#website\",\"url\":\"https:\\\/\\\/herbow.eu\\\/\",\"name\":\"Herbow | Herbal Organic World\",\"description\":\"Herbal Organic World\",\"publisher\":{\"@id\":\"https:\\\/\\\/herbow.eu\\\/#organization\"},\"potentialAction\":[{\"@type\":\"SearchAction\",\"target\":{\"@type\":\"EntryPoint\",\"urlTemplate\":\"https:\\\/\\\/herbow.eu\\\/?s={search_term_string}\"},\"query-input\":{\"@type\":\"PropertyValueSpecification\",\"valueRequired\":true,\"valueName\":\"search_term_string\"}}],\"inLanguage\":\"cs\"},{\"@type\":\"Organization\",\"@id\":\"https:\\\/\\\/herbow.eu\\\/#organization\",\"name\":\"Herbow International Zrt.\",\"url\":\"https:\\\/\\\/herbow.eu\\\/\",\"logo\":{\"@type\":\"ImageObject\",\"inLanguage\":\"cs\",\"@id\":\"https:\\\/\\\/herbow.eu\\\/#\\\/schema\\\/logo\\\/image\\\/\",\"url\":\"https:\\\/\\\/herbow.eu\\\/wp-content\\\/uploads\\\/2025\\\/07\\\/herbow_logo_hun_2021-01_w-slogan_no-background.png\",\"contentUrl\":\"https:\\\/\\\/herbow.eu\\\/wp-content\\\/uploads\\\/2025\\\/07\\\/herbow_logo_hun_2021-01_w-slogan_no-background.png\",\"width\":2366,\"height\":1732,\"caption\":\"Herbow International Zrt.\"},\"image\":{\"@id\":\"https:\\\/\\\/herbow.eu\\\/#\\\/schema\\\/logo\\\/image\\\/\"},\"sameAs\":[\"https:\\\/\\\/www.facebook.com\\\/herbowmosodioslabda\\\/\",\"https:\\\/\\\/www.instagram.com\\\/herbowmosodioslabda\\\/\"]}]}<\/script>\n<!-- \/ Yoast SEO plugin. -->","yoast_head_json":{"title":"Prac\u00ed koule - Herbow | International","description":"Inovativn\u00ed myc\u00ed koule s p\u0159\u00edrodn\u00ed \u010distotou, bez chemik\u00e1li\u00ed. \u0160etrn\u00e9 a ekologick\u00e9 \u0159e\u0161en\u00ed pro celou rodinu.","robots":{"index":"index","follow":"follow","max-snippet":"max-snippet:-1","max-image-preview":"max-image-preview:large","max-video-preview":"max-video-preview:-1"},"canonical":"https:\/\/herbow.eu\/cs\/mosodiosis-ball\/","og_locale":"cs_CZ","og_type":"article","og_title":"Mos\u00f3di\u00f3s labda - Herbow | International","og_description":"Innovat\u00edv mos\u00f3di\u00f3s labda term\u00e9szetes tisztas\u00e1ggal, vegyszerek n\u00e9lk\u00fcl. K\u00edm\u00e9letes, k\u00f6rnyezetbar\u00e1t megold\u00e1s az eg\u00e9sz csal\u00e1dnak.","og_url":"https:\/\/herbow.eu\/cs\/mosodiosis-ball\/","og_site_name":"Herbow | International","article_publisher":"https:\/\/www.facebook.com\/herbowmosodioslabda\/","article_modified_time":"2025-07-20T10:16:59+00:00","twitter_card":"summary_large_image","schema":{"@context":"https:\/\/schema.org","@graph":[{"@type":"WebPage","@id":"https:\/\/herbow.eu\/mosodios-labda\/","url":"https:\/\/herbow.eu\/mosodios-labda\/","name":"Prac\u00ed koule - Herbow | International","isPartOf":{"@id":"https:\/\/herbow.eu\/#website"},"datePublished":"2025-07-20T09:47:54+00:00","dateModified":"2025-07-20T10:16:59+00:00","description":"Inovativn\u00ed myc\u00ed koule s p\u0159\u00edrodn\u00ed \u010distotou, bez chemik\u00e1li\u00ed. \u0160etrn\u00e9 a ekologick\u00e9 \u0159e\u0161en\u00ed pro celou rodinu.","breadcrumb":{"@id":"https:\/\/herbow.eu\/mosodios-labda\/#breadcrumb"},"inLanguage":"cs","potentialAction":[{"@type":"ReadAction","target":["https:\/\/herbow.eu\/mosodios-labda\/"]}]},{"@type":"BreadcrumbList","@id":"https:\/\/herbow.eu\/mosodios-labda\/#breadcrumb","itemListElement":[{"@type":"ListItem","position":1,"name":"Kezd\u0151lap","item":"https:\/\/herbow.eu\/"},{"@type":"ListItem","position":2,"name":"Mos\u00f3di\u00f3s labda"}]},{"@type":"WebSite","@id":"https:\/\/herbow.eu\/#website","url":"https:\/\/herbow.eu\/","name":"Herbow | Herbal Organic World","description":"Bylinn\u00fd organick\u00fd sv\u011bt","publisher":{"@id":"https:\/\/herbow.eu\/#organization"},"potentialAction":[{"@type":"SearchAction","target":{"@type":"EntryPoint","urlTemplate":"https:\/\/herbow.eu\/?s={search_term_string}"},"query-input":{"@type":"PropertyValueSpecification","valueRequired":true,"valueName":"search_term_string"}}],"inLanguage":"cs"},{"@type":"Organization","@id":"https:\/\/herbow.eu\/#organization","name":"Herbow International Zrt.","url":"https:\/\/herbow.eu\/","logo":{"@type":"ImageObject","inLanguage":"cs","@id":"https:\/\/herbow.eu\/#\/schema\/logo\/image\/","url":"https:\/\/herbow.eu\/wp-content\/uploads\/2025\/07\/herbow_logo_hun_2021-01_w-slogan_no-background.png","contentUrl":"https:\/\/herbow.eu\/wp-content\/uploads\/2025\/07\/herbow_logo_hun_2021-01_w-slogan_no-background.png","width":2366,"height":1732,"caption":"Herbow International Zrt."},"image":{"@id":"https:\/\/herbow.eu\/#\/schema\/logo\/image\/"},"sameAs":["https:\/\/www.facebook.com\/herbowmosodioslabda\/","https:\/\/www.instagram.com\/herbowmosodioslabda\/"]}]}},"jetpack_likes_enabled":true,"jetpack_sharing_enabled":true,"jetpack_shortlink":"https:\/\/wp.me\/Ph13on-ci","_links":{"self":[{"href":"https:\/\/herbow.eu\/cs\/wp-json\/wp\/v2\/pages\/762","targetHints":{"allow":["GET"]}}],"collection":[{"href":"https:\/\/herbow.eu\/cs\/wp-json\/wp\/v2\/pages"}],"about":[{"href":"https:\/\/herbow.eu\/cs\/wp-json\/wp\/v2\/types\/page"}],"author":[{"embeddable":true,"href":"https:\/\/herbow.eu\/cs\/wp-json\/wp\/v2\/users\/268520272"}],"replies":[{"embeddable":true,"href":"https:\/\/herbow.eu\/cs\/wp-json\/wp\/v2\/comments?post=762"}],"version-history":[{"count":14,"href":"https:\/\/herbow.eu\/cs\/wp-json\/wp\/v2\/pages\/762\/revisions"}],"predecessor-version":[{"id":780,"href":"https:\/\/herbow.eu\/cs\/wp-json\/wp\/v2\/pages\/762\/revisions\/780"}],"wp:attachment":[{"href":"https:\/\/herbow.eu\/cs\/wp-json\/wp\/v2\/media?parent=762"}],"curies":[{"name":"wp","href":"https:\/\/api.w.org\/{rel}","templated":true}]}}